{"id":4310,"date":"2020-07-08T19:19:40","date_gmt":"2020-07-09T00:19:40","guid":{"rendered":"http:\/\/arsnovamx.com\/explotumarca.com\/?post_type=product&#038;p=4310"},"modified":"2022-04-02T11:43:54","modified_gmt":"2022-04-02T17:43:54","slug":"zoom-videoconferencia","status":"publish","type":"product","link":"https:\/\/explotumarca.com\/?product=zoom-videoconferencia","title":{"rendered":"RALLY PLUS"},"content":{"rendered":"<h2>RALLY PLUS, UNO DE LOS MEJORES SISTEMAS DE VIDEOCONFERENCIA<\/h2>\n<p>Este equipo es uno de los mejores Sistemas de Videoconferencia profesional, para empresas que tienen salas medianas y grandes. El poder de su c\u00e1mara con un zoom \u00f3ptico es inigualable.<\/p>\n<ul class=\"pangea-cmp tech-specs js-pangea-tech-specs\">\n<li class=\"specs-column\">\n<div class=\"specs-group\">\n<header class=\"specs-header\">\n<h3 class=\"specs-heading\">DIMENSIONES<\/h3>\n<\/header>\n<div class=\"specs-block\">\n<h4 class=\"specs-title\">C\u00e1mara Rally<\/h4>\n<ul class=\"specs-description-list\">\n<li>Altura: 182,5 mm<\/li>\n<li>Ancho: 152 mm<\/li>\n<li>Profundidad: 152 mm<\/li>\n<\/ul>\n<\/div>\n<div class=\"specs-block\">\n<h4 class=\"specs-title\">Bocina Rally<\/h4>\n<ul class=\"specs-description-list\">\n<li>Altura: 103 mm<\/li>\n<li>Ancho: 449 mm<\/li>\n<li>Profundidad: 80 mm<\/li>\n<\/ul>\n<\/div>\n<div class=\"specs-block\">\n<h4 class=\"specs-title\">Rally Mic Pod<\/h4>\n<ul class=\"specs-description-list\">\n<li>Altura: 21 mm<\/li>\n<li>Ancho: 102 mm<\/li>\n<li>Profundidad: 102 mm<\/li>\n<\/ul>\n<\/div>\n<div class=\"specs-block\">\n<h4 class=\"specs-title\">Hub de pantalla Rally<\/h4>\n<ul class=\"specs-description-list\">\n<li>Altura: 40 mm<\/li>\n<li>Ancho: 206 mm<\/li>\n<li>Profundidad: 179 mm<\/li>\n<\/ul>\n<\/div>\n<div class=\"specs-block\">\n<h4 class=\"specs-title\">Hub de sobremesa Rally<\/h4>\n<ul class=\"specs-description-list\">\n<li>Altura: 40 mm<\/li>\n<li>Ancho: 176 mm<\/li>\n<li>Profundidad: Luz roja con bater\u00eda&lt;10%<\/li>\n<\/ul>\n<\/div>\n<\/div>\n<\/li>\n<li class=\"specs-column\">\n<div class=\"specs-group\">\n<header class=\"specs-header\">\n<h3 class=\"specs-heading\">REQUISITOS DEL SISTEMA DE VIDEOCONFERENCIA<\/h3>\n<\/header>\n<div class=\"specs-block\">\n<h4 class=\"specs-title\">Sistemas operativos<\/h4>\n<ul class=\"specs-description-list\">\n<li>Windows\u00ae 7, 8.1 or Windows 10<\/li>\n<li>macOS: 10.10 o posteriores<\/li>\n<li>Chrome OS&#x2122;<\/li>\n<\/ul>\n<\/div>\n<div class=\"specs-block\">\n<h4 class=\"specs-title\">Resoluciones superiores a 1080p<\/h4>\n<ul class=\"specs-description-list\">\n<li>Windows 8.1 o posteriores o macOS 10.10 o posteriores<\/li>\n<li>Puerto USB 3.0<\/li>\n<li>Software compatible<\/li>\n<\/ul>\n<\/div>\n<\/div>\n<p>&nbsp;<\/li>\n<\/ul>\n<ul class=\"pangea-cmp tech-specs js-pangea-tech-specs\">\n<li class=\"specs-column\">\n<div class=\"specs-group\">\n<header class=\"specs-header\">\n<h3 class=\"specs-heading\">ESPECIFICACIONES T\u00c9CNICAS DEL SISTEMA DE VIDEOCONFERENCIA<\/h3>\n<\/header>\n<div class=\"specs-block\">\n<h4 class=\"specs-title\">TECNOLOG\u00cdAS RIGHTSENSE<\/h4>\n<ul class=\"specs-description-list\">\n<li>RightLight con WDR\n<ul class=\"specs-description-list\">\n<li>Compensaci\u00f3n de poca luz<\/li>\n<li>Reducci\u00f3n de ruido de video<\/li>\n<li>Optimizaci\u00f3n de saturaci\u00f3n con poca luz<\/li>\n<li>Reproduce tonos de piel naturales para cada participante enfocado<\/li>\n<li>Reduce la retroiluminaci\u00f3n y los destellos sin oscurecer toda la imagen.<\/li>\n<\/ul>\n<\/li>\n<li>RightSight <a class=\"note note-tooltip js-note-tooltip pangea-inited\"><sup aria-label=\"footnote 3\">3<\/sup><span class=\"visually-hidden js-tooltip-descriptor\" aria-hidden=\"true\">Consulta la secci\u00f3n Disponibilidad de RightSight para m\u00e1s informaci\u00f3n.<\/span><\/a>\n<ul class=\"specs-description-list\">\n<li>Detecci\u00f3n de la figura humana<\/li>\n<li>Encuadre autom\u00e1tico de participantes al comienzo de la reuni\u00f3n, a petici\u00f3n y durante toda la reunion<\/li>\n<\/ul>\n<\/li>\n<li>RightSound\n<ul class=\"specs-description-list\">\n<li>Sistema de inteligencia artificial capaz de distinguir la voz humana de otros sonidos<\/li>\n<li>AEC (Acoustic Echo Cancellation)<\/li>\n<li>VAD (Voice Activity Detector)<\/li>\n<li>Supresi\u00f3n de ruido de fondo<\/li>\n<li>Graduaci\u00f3n autom\u00e1tica de volumen para voces altas y bajas<\/li>\n<\/ul>\n<\/li>\n<li>Matriz de micr\u00f3fonos RightSound\n<ul class=\"specs-description-list\">\n<li>El algoritmo de formaci\u00f3n de haces de radiaci\u00f3n transversal de muy baja distorsi\u00f3n dirige los micr\u00f3fonos a la persona que habla para ofrecer la mejor captaci\u00f3n de voz y reducci\u00f3n de ruido<\/li>\n<li>Admite hasta 56 haces ac\u00fasticos (8 por base de micr\u00f3fono Rally) para centrarse en el hablante activo<\/li>\n<li>Frecuencia de actualizaci\u00f3n del foco del haz: 8 ms (125 veces\/segundo)<\/li>\n<\/ul>\n<\/li>\n<li>Suspensi\u00f3n antivibraci\u00f3n\n<ul class=\"specs-description-list\">\n<li>Un sistema de suspensi\u00f3n pendiente de patente desacopla el m\u00f3dulo de bocina dentro de la caja externa, eliminando casi por completo posibles vibraciones a trav\u00e9s de paredes, soportes y mesas. Esto mejora la cancelaci\u00f3n de eco de las bases de micr\u00f3fono Rally, a la vez que garantiza la claridad y estabilidad de las im\u00e1genes de video, incluso con acercamiento y niveles altos de volumen.<\/li>\n<li>Un algoritmo de limitaci\u00f3n de pico impide incluso el clipping de bocina moment\u00e1neo para evitar distorsiones<\/li>\n<\/ul>\n<\/li>\n<\/ul>\n<\/div>\n<div class=\"specs-block\">\n<h4 class=\"specs-title\">C\u00e1mara Rally<\/h4>\n<ul class=\"specs-description-list\">\n<li>Zoom: &#8211; Zoom 15x HD (\u00f3ptico 5x + digital 3x)<\/li>\n<li>Panor\u00e1mica: 180\u00b0 (\u00b190\u00b0)<\/li>\n<li>Inclinaci\u00f3n: 140\u00b0 (+50\u00b0 \/ -90\u00b0)<\/li>\n<li>Campo visual\n<ul class=\"specs-description-list\">\n<li>Diagonal: 90\u00b0<\/li>\n<li>Horizontal: 82\u00b0<\/li>\n<li>Vertical: 52\u00b0<\/li>\n<\/ul>\n<\/li>\n<li>Cobertura total de sala: 262\u00b0 ancho x 192\u00b0 alto (campo visual + panor\u00e1mica e inclinaci\u00f3n)<\/li>\n<li>Resoluciones @ 30fps: 4K Ultra HD, 1440p, 1080p, 900p, 720p, y SD<\/li>\n<li>Resoluciones @ 60fps: 1080p, 720p<\/li>\n<li>Tecnolog\u00edas RightLight: Rango din\u00e1mico amplio (WDR), compensaci\u00f3n de poca luz, reducci\u00f3n de ruido de video, optimizaci\u00f3n de saturaci\u00f3n con poca luz, es uno de los sistemas de videoconferencia mas innovadores del mercado<\/li>\n<li>Privacidad: En modo de suspensi\u00f3n, la lente permanece en \u00e1ngulo de -90\u00b0 para garantizar la privacidad<\/li>\n<\/ul>\n<\/div>\n<div class=\"specs-block\">\n<h4 class=\"specs-title\">Rally Mic Pod<\/h4>\n<ul class=\"specs-description-list\">\n<li>Radio de captaci\u00f3n: Di\u00e1metro de 4,5 m<\/li>\n<li>Cuatro micr\u00f3fonos omnidireccionales forman ocho haces ac\u00fasticos<\/li>\n<li>AEC: Cancelaci\u00f3n de eco ac\u00fastico<\/li>\n<li>VAD: Voice Activity Detector (VAD)<\/li>\n<li>Supresi\u00f3n de ruido de fondo<\/li>\n<li>Bot\u00f3n de silencio con LED indicador de estado<\/li>\n<li>Cable cautivo de 12 patillas y 2,95\u00a0m<\/li>\n<li>Conexi\u00f3n en serie de hasta 7 bases de micr\u00f3fono Rally<\/li>\n<li>Respuesta de frecuencia: 90 Hz \u2013 16 kHz<\/li>\n<li>Sensibilidad: &gt;-27 dB +\/-1 dB a 1 Pa<\/li>\n<li>Velocidad de datos de micr\u00f3fono: 48 kHz<\/li>\n<li>N.\u00ba de participantes recomendado:\n<ul class=\"specs-description-list\">\n<li>Rally (una base de micr\u00f3fono):: 16<\/li>\n<li>Rally Plus (dos bases de micr\u00f3fono):: 16<\/li>\n<li>Participantes adicionales por base de micr\u00f3fono:: 6<\/li>\n<li>N\u00famero de participantes recomendado para Rally con 7 bases de micr\u00f3fono:: 46<\/li>\n<\/ul>\n<\/li>\n<\/ul>\n<\/div>\n<div class=\"specs-block\">\n<h4 class=\"specs-title\">Bocina Rally<\/h4>\n<ul class=\"specs-description-list\">\n<li>Transductor de 76\u00a0mm de alto desempe\u00f1o con im\u00e1n de tierras raras<\/li>\n<li>El sistema de suspensi\u00f3n pendiente de patente elimina el temblor de la c\u00e1mara por vibraci\u00f3n y las interferencias de audio<\/li>\n<li>El cable Mini XLR se conecta al hub de pantalla Rally para proporcionar se\u00f1al y alimentaci\u00f3n<\/li>\n<li>Volumen de bocina: 95\u00a0dB SPL a 1\u00a0W, 100\u00a0dB SPL a 7,5\u00a0W, ambos +\/-2\u00a0dB a \u00bd metro<\/li>\n<li>Sensibilidad: 95+\/-2 dB SPL a \u00bd metro<\/li>\n<li>Distorsi\u00f3n: 200 Hz\u2013300 Hz &lt;2,5%, 300 Hz\u2013 10 kHz &lt;1% a 7,5 W<\/li>\n<li>Frecuencia de muestreo: 48 kHz<\/li>\n<\/ul>\n<\/div>\n<div class=\"specs-block\">\n<h4 class=\"specs-title\">Hub de sobremesa Rally<\/h4>\n<ul class=\"specs-description-list\">\n<li>Conexi\u00f3n de cable CAT6A individual al hub de pantalla Rally (se incluye cable de 5\u00a0m y se admiten otros cables de hasta 50\u00a0m<\/li>\n<li>Cable de hub (5 m) incluido, compatible con cables del usuario de hasta 50 m<\/li>\n<li>Detecci\u00f3n de hablante activo: analiza cada 8 ms el audio de hasta 7 bases de micr\u00f3fono y 56 haces<\/li>\n<li>Conector de 12 patillas para base de micr\u00f3fono Rally<\/li>\n<li>Paso de HDMI Tipo A a hub de pantalla (x2)<\/li>\n<li>USB Tipo A (reservado para futuras prestaciones)<\/li>\n<li>USB Tipo B (conexi\u00f3n a computadora de sala de reuniones)<\/li>\n<li>RJ45 (reservado para futuras prestaciones)<\/li>\n<li>Entrada de alimentaci\u00f3n:<\/li>\n<\/ul>\n<\/div>\n<div class=\"specs-block\">\n<h4 class=\"specs-title\">Hub de pantalla Rally<\/h4>\n<ul class=\"specs-description-list\">\n<li>HDMI Tipo A: (x2) (conexi\u00f3n a pantallas)<\/li>\n<li>USB C (conexi\u00f3n a c\u00e1mara Rally)<\/li>\n<li>USB Tipo B (conexi\u00f3n a computadora de sala de reuniones)<\/li>\n<li>RJ45: conexi\u00f3n a hub de sobremesa<\/li>\n<li>Mini XLR: x2<\/li>\n<li>Alimenta una o dos bocinas Rally<\/li>\n<li>Entrada de alimentaci\u00f3n:<\/li>\n<\/ul>\n<\/div>\n<div class=\"specs-block\">\n<h4 class=\"specs-title\">Control remoto<\/h4>\n<ul class=\"specs-description-list\">\n<li>Remoto RF (no requiere l\u00ednea de visi\u00f3n)<\/li>\n<li>Bater\u00edas CR2032 (incluidas)<\/li>\n<\/ul>\n<\/div>\n<div class=\"specs-block\">\n<h4 class=\"specs-title\">Cables\/Alimentaci\u00f3n<\/h4>\n<ul class=\"specs-description-list\">\n<li>C\u00e1mara a hub de pantalla\n<ul class=\"specs-description-list\">\n<li>USB 3.1 Tipo C a USB 3.1 Tipo C (2 m)<\/li>\n<\/ul>\n<\/li>\n<li>Computadora de sala de conferencias a hub de pantalla o de sobremesa\n<ul class=\"specs-description-list\">\n<li>USB 3.1 Tipo A a USB Tipo B (2 m)<\/li>\n<\/ul>\n<\/li>\n<li>Hub de pantalla a hub de sobremesa:\n<ul class=\"specs-description-list\">\n<li>Cable Ethernet de 5 m CAT6A (compatible con cables del usuario de hasta 50 m)<\/li>\n<\/ul>\n<\/li>\n<li>Hub de pantalla a bocina (x2):\n<ul class=\"specs-description-list\">\n<li>Mini XLR de 2,95 m (se admiten otros cables de extensi\u00f3n de hasta 3 m)<\/li>\n<\/ul>\n<\/li>\n<li>Computadora de sala de conferencias a pantallas (x2)\n<ul class=\"specs-description-list\">\n<li>HDMI A (2 m)<\/li>\n<\/ul>\n<\/li>\n<li>Base de micr\u00f3fono\n<ul class=\"specs-description-list\">\n<li>2,95 m Cable fijo con conector de 12 patillas<\/li>\n<\/ul>\n<\/li>\n<li>Tomas de alimentaci\u00f3n a fuentes de alimentaci\u00f3n (x2): 1\u00a0m\n<ul class=\"specs-description-list\">\n<li>1 m<\/li>\n<\/ul>\n<\/li>\n<li>Fuentes de alimentaci\u00f3n a hub de sobremesa\/hub de pantalla (x2)\n<ul class=\"specs-description-list\">\n<li>1,5\u00a0m<\/li>\n<\/ul>\n<\/li>\n<\/ul>\n<\/div>\n<div class=\"specs-block\">\n<h4 class=\"specs-title\">ACCESORIOS DISPONIBLES<\/h4>\n<ul class=\"specs-description-list\">\n<li>KIT DE MONTAJE RALLY<\/li>\n<li>Kit de montaje de Rally con abrazaderas de cables: (x2) y soportes de montaje para c\u00e1mara, bocinas (x2) y hubs (x2)<\/li>\n<li>Rally Mic Pod<\/li>\n<li>Instala hasta 7 bases de micr\u00f3fono Rally para cobertura de audio superior en salas de gran tama\u00f1o<\/li>\n<li>SOPORTE DE BASE DE MICR\u00d3FONO<\/li>\n<li>Fija micr\u00f3fonos y oculta cables para ofrecer un acabado perfecto<\/li>\n<li>HUB DE BASE DE MICR\u00d3FONO RALLY<\/li>\n<li>Conecta 1-3 bases de micr\u00f3fono Rally (o hubs adicionales) para flexibilidad de ubicaci\u00f3n y cableado bajo la mesa<\/li>\n<li>Bocina Rally<\/li>\n<li>Agrega una segunda bocina Rally para salas grandes<\/li>\n<\/ul>\n<\/div>\n<div class=\"specs-block\">\n<h4 class=\"specs-title\">Certificaciones<\/h4>\n<ul class=\"specs-description-list\">\n<li>Con certificaci\u00f3n para Skype for Business y compatible con Teams, Zomm, Gmeet, etc.<\/li>\n<li>Certificaci\u00f3n para Microsoft Cortana\u00ae<\/li>\n<li>Compatible con Cisco Jabber\u00ae y WebEX<\/li>\n<li>Compatible con BlueJeans, BroadSoft, GoToMeeting, Vidyo y otras aplicaciones de videoconferencia, grabaci\u00f3n y difusi\u00f3n utilizables con c\u00e1maras USB<\/li>\n<\/ul>\n<\/div>\n<div class=\"specs-block\">\n<h4 class=\"specs-title\">Compatibilidad<\/h4>\n<ul class=\"specs-description-list\">\n<li>Conexi\u00f3n USB Plug and Play<\/li>\n<\/ul>\n<\/div>\n<div class=\"specs-block\">\n<h4 class=\"specs-title\">Modo aut\u00f3nomo<\/h4>\n<ul class=\"specs-description-list\">\n<li>Compatible con software de videoconferencia en modo electrodom\u00e9stico en implementaciones con Logitech RoomMate, tambi\u00e9n con Zoom Rooms Appliances. Certificaci\u00f3n pendiente para salas de Microsoft Teams en Android y en otras plataformas de videoconferencia adicionales.<\/li>\n<\/ul>\n<\/div>\n<\/div>\n<p>&nbsp;<\/li>\n<\/ul>\n<ul class=\"pangea-cmp tech-specs js-pangea-tech-specs\">\n<li class=\"specs-column\">\n<div class=\"specs-group\">\n<header class=\"specs-header\">\n<h3 class=\"specs-heading\">CONTENIDO DE LA CAJA<\/h3>\n<\/header>\n<div class=\"specs-block\">\n<ul class=\"specs-description-list\">\n<li>Logitech Rally<\/li>\n<li>C\u00e1mara Rally<\/li>\n<li>Hub de pantalla Rally<\/li>\n<li>Hub de sobremesa Rally<\/li>\n<li>Altavoz de Rally (x1)<\/li>\n<li>Micr\u00f3fono Rally (x1)<\/li>\n<li>Remoto<\/li>\n<li>USB Tipo C a USB Tipo C<\/li>\n<li>USB Tipo A a USB Tipo B<\/li>\n<li>Cable Ethernet CAT6A<\/li>\n<li>HDMI Tipo A (x2)<\/li>\n<li>Cables de CA (x2)<\/li>\n<li>Fuentes de alimentaci\u00f3n (x2)<\/li>\n<li>Documentaci\u00f3n<\/li>\n<li><a href=\"https:\/\/www.logitech.com\/es-mx\/products\/video-conferencing\/room-solutions\/rally-ultra-hd-conferencecam.html\">Logitech Rally Plus<\/a><\/li>\n<li>C\u00e1mara Rally<\/li>\n<li>Hub de pantalla Rally<\/li>\n<li>Hub de sobremesa Rally<\/li>\n<li>Bocina Rally (x2)<\/li>\n<li>Base de micr\u00f3fono Rally (x2)<\/li>\n<li>Remoto<\/li>\n<li>USB Tipo C a USB Tipo C<\/li>\n<li>USB Tipo A a USB Tipo B<\/li>\n<li>Cable Ethernet CAT6A<\/li>\n<li>HDMI Tipo A (x2)<\/li>\n<li>Cables de CA (x2)<\/li>\n<li>Fuentes de alimentaci\u00f3n (x2)<\/li>\n<li>Documentaci\u00f3n<\/li>\n<\/ul>\n<\/div>\n<\/div>\n<\/li>\n<li class=\"specs-column\">\n<div class=\"specs-group\">\n<header class=\"specs-header\">\n<h3 class=\"specs-heading\">INFORMACI\u00d3N DE GARANT\u00cdA<\/h3>\n<\/header>\n<div class=\"specs-block\">\n<div class=\"specs-description\">Dos a\u00f1os de garant\u00eda de hardware limitada<\/div>\n<\/div>\n<\/div>\n<\/li>\n<li class=\"specs-column\">\n<div class=\"specs-group\">\n<header class=\"specs-header\">\n<h3 class=\"specs-heading\">N\u00daMERO DE REFERENCIA<\/h3>\n<\/header>\n<div class=\"specs-block\">\n<ul class=\"specs-description-list\">\n<li><strong>RALLY:<\/strong> <span class=\"serial-num\">960-001217<\/span><\/li>\n<li><strong>RALLY PLUS:<\/strong> <span class=\"serial-num\">960-001225<\/span><\/li>\n<\/ul>\n<\/div>\n<\/div>\n<\/li>\n<\/ul>\n","protected":false},"excerpt":{"rendered":"<p>RALLY PLUS, UNO DE LOS MEJORES SISTEMAS DE VIDEOCONFERENCIA Este equipo es uno de los mejores Sistemas de Videoconferencia profesional, para empresas que tienen salas medianas y grandes. El poder de su c\u00e1mara con un [&hellip;]<\/p>\n","protected":false},"featured_media":5609,"template":"","meta":{"content-type":""},"product_cat":[96],"product_tag":[],"class_list":{"0":"post-4310","1":"product","2":"type-product","3":"status-publish","4":"has-post-thumbnail","6":"product_cat-soluciones-para-salas","8":"first","9":"instock","10":"taxable","11":"shipping-taxable","12":"purchasable","13":"product-type-simple"},"yoast_head":"<!-- This site is optimized with the Yoast SEO Premium plugin v18.8 (Yoast SEO v26.8) - https:\/\/yoast.com\/product\/yoast-seo-premium-wordpress\/ -->\n<title>Los mejores Sistemas de Videoconferencia Profesional: Rally Plus<\/title>\n<meta name=\"description\" content=\"Dise\u00f1o e instalaci\u00f3n de los mejores Sistemas de Videoconferencia para Empresas Compatibles con GMeet, Zoom, MTeams, Bluejeans, Webex, etc.\" \/>\n<meta name=\"robots\" content=\"index, follow, max-snippet:-1, max-image-preview:large, max-video-preview:-1\" \/>\n<link rel=\"canonical\" href=\"https:\/\/explotumarca.com\/?product=zoom-videoconferencia\" \/>\n<meta property=\"og:locale\" content=\"es_MX\" \/>\n<meta property=\"og:type\" content=\"article\" \/>\n<meta property=\"og:title\" content=\"RALLY PLUS\" \/>\n<meta property=\"og:description\" content=\"RALLY PLUS, UNO DE LOS MEJORES SISTEMAS DE VIDEOCONFERENCIA Este equipo es uno de los mejores Sistemas de Videoconferencia profesional, para empresas que\" \/>\n<meta property=\"og:url\" content=\"https:\/\/explotumarca.com\/?product=zoom-videoconferencia\" \/>\n<meta property=\"og:site_name\" content=\"Explo\" \/>\n<meta property=\"article:publisher\" content=\"https:\/\/www.facebook.com\/MexicoExplo\/\" \/>\n<meta property=\"article:modified_time\" content=\"2022-04-02T17:43:54+00:00\" \/>\n<meta property=\"og:image\" content=\"https:\/\/explotumarca.com\/wp-content\/uploads\/2020\/07\/Rally-Plus-Logitech-camara-videoconferencia-Explo-Explotumarca-3-1.jpg\" \/>\n\t<meta property=\"og:image:width\" content=\"450\" \/>\n\t<meta property=\"og:image:height\" content=\"450\" \/>\n\t<meta property=\"og:image:type\" content=\"image\/jpeg\" \/>\n<meta name=\"twitter:card\" content=\"summary_large_image\" \/>\n<meta name=\"twitter:label1\" content=\"Tiempo de lectura\" \/>\n\t<meta name=\"twitter:data1\" content=\"7 minutos\" \/>\n<script type=\"application\/ld+json\" class=\"yoast-schema-graph\">{\"@context\":\"https:\/\/schema.org\",\"@graph\":[{\"@type\":\"WebPage\",\"@id\":\"https:\/\/explotumarca.com\/?product=zoom-videoconferencia\",\"url\":\"https:\/\/explotumarca.com\/?product=zoom-videoconferencia\",\"name\":\"Los mejores Sistemas de Videoconferencia Profesional: Rally Plus\",\"isPartOf\":{\"@id\":\"https:\/\/explotumarca.com\/#website\"},\"primaryImageOfPage\":{\"@id\":\"https:\/\/explotumarca.com\/?product=zoom-videoconferencia#primaryimage\"},\"image\":{\"@id\":\"https:\/\/explotumarca.com\/?product=zoom-videoconferencia#primaryimage\"},\"thumbnailUrl\":\"https:\/\/explotumarca.com\/wp-content\/uploads\/2020\/07\/Rally-Plus-Logitech-camara-videoconferencia-Explo-Explotumarca-3-1.jpg\",\"datePublished\":\"2020-07-09T00:19:40+00:00\",\"dateModified\":\"2022-04-02T17:43:54+00:00\",\"description\":\"Dise\u00f1o e instalaci\u00f3n de los mejores Sistemas de Videoconferencia para Empresas Compatibles con GMeet, Zoom, MTeams, Bluejeans, Webex, etc.\",\"breadcrumb\":{\"@id\":\"https:\/\/explotumarca.com\/?product=zoom-videoconferencia#breadcrumb\"},\"inLanguage\":\"es\",\"potentialAction\":[{\"@type\":\"ReadAction\",\"target\":[\"https:\/\/explotumarca.com\/?product=zoom-videoconferencia\"]}]},{\"@type\":\"ImageObject\",\"inLanguage\":\"es\",\"@id\":\"https:\/\/explotumarca.com\/?product=zoom-videoconferencia#primaryimage\",\"url\":\"https:\/\/explotumarca.com\/wp-content\/uploads\/2020\/07\/Rally-Plus-Logitech-camara-videoconferencia-Explo-Explotumarca-3-1.jpg\",\"contentUrl\":\"https:\/\/explotumarca.com\/wp-content\/uploads\/2020\/07\/Rally-Plus-Logitech-camara-videoconferencia-Explo-Explotumarca-3-1.jpg\",\"width\":450,\"height\":450,\"caption\":\"Rally Plus Logitech camara videoconferencia Explo Explotumarca\"},{\"@type\":\"BreadcrumbList\",\"@id\":\"https:\/\/explotumarca.com\/?product=zoom-videoconferencia#breadcrumb\",\"itemListElement\":[{\"@type\":\"ListItem\",\"position\":1,\"name\":\"Inicio\",\"item\":\"https:\/\/explotumarca.com\/\"},{\"@type\":\"ListItem\",\"position\":2,\"name\":\"Productos\",\"item\":\"https:\/\/explotumarca.com\/?post_type=product\"},{\"@type\":\"ListItem\",\"position\":3,\"name\":\"RALLY PLUS\"}]},{\"@type\":\"WebSite\",\"@id\":\"https:\/\/explotumarca.com\/#website\",\"url\":\"https:\/\/explotumarca.com\/\",\"name\":\"Explo\",\"description\":\"Productos y servicios corporativos\",\"publisher\":{\"@id\":\"https:\/\/explotumarca.com\/#organization\"},\"potentialAction\":[{\"@type\":\"SearchAction\",\"target\":{\"@type\":\"EntryPoint\",\"urlTemplate\":\"https:\/\/explotumarca.com\/?s={search_term_string}\"},\"query-input\":{\"@type\":\"PropertyValueSpecification\",\"valueRequired\":true,\"valueName\":\"search_term_string\"}}],\"inLanguage\":\"es\"},{\"@type\":\"Organization\",\"@id\":\"https:\/\/explotumarca.com\/#organization\",\"name\":\"Explo\",\"url\":\"https:\/\/explotumarca.com\/\",\"logo\":{\"@type\":\"ImageObject\",\"inLanguage\":\"es\",\"@id\":\"https:\/\/explotumarca.com\/#\/schema\/logo\/image\/\",\"url\":\"http:\/\/arsnovamx.com\/explotumarca.com\/wp-content\/uploads\/2020\/10\/Nuevo-Logo-Explo-2020.jpg\",\"contentUrl\":\"http:\/\/arsnovamx.com\/explotumarca.com\/wp-content\/uploads\/2020\/10\/Nuevo-Logo-Explo-2020.jpg\",\"width\":800,\"height\":334,\"caption\":\"Explo\"},\"image\":{\"@id\":\"https:\/\/explotumarca.com\/#\/schema\/logo\/image\/\"},\"sameAs\":[\"https:\/\/www.facebook.com\/MexicoExplo\/\"]}]}<\/script>\n<!-- \/ Yoast SEO Premium plugin. -->","yoast_head_json":{"title":"Los mejores Sistemas de Videoconferencia Profesional: Rally Plus","description":"Dise\u00f1o e instalaci\u00f3n de los mejores Sistemas de Videoconferencia para Empresas Compatibles con GMeet, Zoom, MTeams, Bluejeans, Webex, etc.","robots":{"index":"index","follow":"follow","max-snippet":"max-snippet:-1","max-image-preview":"max-image-preview:large","max-video-preview":"max-video-preview:-1"},"canonical":"https:\/\/explotumarca.com\/?product=zoom-videoconferencia","og_locale":"es_MX","og_type":"article","og_title":"RALLY PLUS","og_description":"RALLY PLUS, UNO DE LOS MEJORES SISTEMAS DE VIDEOCONFERENCIA Este equipo es uno de los mejores Sistemas de Videoconferencia profesional, para empresas que","og_url":"https:\/\/explotumarca.com\/?product=zoom-videoconferencia","og_site_name":"Explo","article_publisher":"https:\/\/www.facebook.com\/MexicoExplo\/","article_modified_time":"2022-04-02T17:43:54+00:00","og_image":[{"width":450,"height":450,"url":"https:\/\/explotumarca.com\/wp-content\/uploads\/2020\/07\/Rally-Plus-Logitech-camara-videoconferencia-Explo-Explotumarca-3-1.jpg","type":"image\/jpeg"}],"twitter_card":"summary_large_image","twitter_misc":{"Tiempo de lectura":"7 minutos"},"schema":{"@context":"https:\/\/schema.org","@graph":[{"@type":"WebPage","@id":"https:\/\/explotumarca.com\/?product=zoom-videoconferencia","url":"https:\/\/explotumarca.com\/?product=zoom-videoconferencia","name":"Los mejores Sistemas de Videoconferencia Profesional: Rally Plus","isPartOf":{"@id":"https:\/\/explotumarca.com\/#website"},"primaryImageOfPage":{"@id":"https:\/\/explotumarca.com\/?product=zoom-videoconferencia#primaryimage"},"image":{"@id":"https:\/\/explotumarca.com\/?product=zoom-videoconferencia#primaryimage"},"thumbnailUrl":"https:\/\/explotumarca.com\/wp-content\/uploads\/2020\/07\/Rally-Plus-Logitech-camara-videoconferencia-Explo-Explotumarca-3-1.jpg","datePublished":"2020-07-09T00:19:40+00:00","dateModified":"2022-04-02T17:43:54+00:00","description":"Dise\u00f1o e instalaci\u00f3n de los mejores Sistemas de Videoconferencia para Empresas Compatibles con GMeet, Zoom, MTeams, Bluejeans, Webex, etc.","breadcrumb":{"@id":"https:\/\/explotumarca.com\/?product=zoom-videoconferencia#breadcrumb"},"inLanguage":"es","potentialAction":[{"@type":"ReadAction","target":["https:\/\/explotumarca.com\/?product=zoom-videoconferencia"]}]},{"@type":"ImageObject","inLanguage":"es","@id":"https:\/\/explotumarca.com\/?product=zoom-videoconferencia#primaryimage","url":"https:\/\/explotumarca.com\/wp-content\/uploads\/2020\/07\/Rally-Plus-Logitech-camara-videoconferencia-Explo-Explotumarca-3-1.jpg","contentUrl":"https:\/\/explotumarca.com\/wp-content\/uploads\/2020\/07\/Rally-Plus-Logitech-camara-videoconferencia-Explo-Explotumarca-3-1.jpg","width":450,"height":450,"caption":"Rally Plus Logitech camara videoconferencia Explo Explotumarca"},{"@type":"BreadcrumbList","@id":"https:\/\/explotumarca.com\/?product=zoom-videoconferencia#breadcrumb","itemListElement":[{"@type":"ListItem","position":1,"name":"Inicio","item":"https:\/\/explotumarca.com\/"},{"@type":"ListItem","position":2,"name":"Productos","item":"https:\/\/explotumarca.com\/?post_type=product"},{"@type":"ListItem","position":3,"name":"RALLY PLUS"}]},{"@type":"WebSite","@id":"https:\/\/explotumarca.com\/#website","url":"https:\/\/explotumarca.com\/","name":"Explo","description":"Productos y servicios corporativos","publisher":{"@id":"https:\/\/explotumarca.com\/#organization"},"potentialAction":[{"@type":"SearchAction","target":{"@type":"EntryPoint","urlTemplate":"https:\/\/explotumarca.com\/?s={search_term_string}"},"query-input":{"@type":"PropertyValueSpecification","valueRequired":true,"valueName":"search_term_string"}}],"inLanguage":"es"},{"@type":"Organization","@id":"https:\/\/explotumarca.com\/#organization","name":"Explo","url":"https:\/\/explotumarca.com\/","logo":{"@type":"ImageObject","inLanguage":"es","@id":"https:\/\/explotumarca.com\/#\/schema\/logo\/image\/","url":"http:\/\/arsnovamx.com\/explotumarca.com\/wp-content\/uploads\/2020\/10\/Nuevo-Logo-Explo-2020.jpg","contentUrl":"http:\/\/arsnovamx.com\/explotumarca.com\/wp-content\/uploads\/2020\/10\/Nuevo-Logo-Explo-2020.jpg","width":800,"height":334,"caption":"Explo"},"image":{"@id":"https:\/\/explotumarca.com\/#\/schema\/logo\/image\/"},"sameAs":["https:\/\/www.facebook.com\/MexicoExplo\/"]}]}},"_links":{"self":[{"href":"https:\/\/explotumarca.com\/index.php?rest_route=\/wp\/v2\/product\/4310","targetHints":{"allow":["GET"]}}],"collection":[{"href":"https:\/\/explotumarca.com\/index.php?rest_route=\/wp\/v2\/product"}],"about":[{"href":"https:\/\/explotumarca.com\/index.php?rest_route=\/wp\/v2\/types\/product"}],"wp:featuredmedia":[{"embeddable":true,"href":"https:\/\/explotumarca.com\/index.php?rest_route=\/wp\/v2\/media\/5609"}],"wp:attachment":[{"href":"https:\/\/explotumarca.com\/index.php?rest_route=%2Fwp%2Fv2%2Fmedia&parent=4310"}],"wp:term":[{"taxonomy":"product_cat","embeddable":true,"href":"https:\/\/explotumarca.com\/index.php?rest_route=%2Fwp%2Fv2%2Fproduct_cat&post=4310"},{"taxonomy":"product_tag","embeddable":true,"href":"https:\/\/explotumarca.com\/index.php?rest_route=%2Fwp%2Fv2%2Fproduct_tag&post=4310"}],"curies":[{"name":"wp","href":"https:\/\/api.w.org\/{rel}","templated":true}]}}