{"id":4313,"date":"2022-03-25T18:15:34","date_gmt":"2022-03-26T00:15:34","guid":{"rendered":"http:\/\/arsnovamx.com\/explotumarca.com\/?post_type=product&#038;p=4313"},"modified":"2022-04-11T13:50:55","modified_gmt":"2022-04-11T18:50:55","slug":"zoom-videollamadas","status":"publish","type":"product","link":"https:\/\/explotumarca.com\/?product=zoom-videollamadas","title":{"rendered":"LOGITECH ZONE WIRELESS"},"content":{"rendered":"<h1 class=\"title js-title\">LOGITECH ZONE WIRELESS<\/h1>\n<div class=\"large body js-subtitle\">Auriculares Bluetooth dise\u00f1ados para ayudarte a trabajar en cualquier sitio con sonido excepcional, micr\u00f3fono volteable para silenciar y carga inal\u00e1mbrica Qi.<\/div>\n<div><\/div>\n<div><\/div>\n<div>\n<h2 class=\"body-copy-title font-title-l font-brown-bold \">CONC\u00c9NTRATE. MANT\u00c9N LA CONCENTRACI\u00d3N.<\/h2>\n<p>Hoy en d\u00eda puede ser dif\u00edcil concentrarse mientras se trabaja desde casa. Con supresi\u00f3n activa de ruido que reduce el sonido ambiental no deseado, los aud\u00edfonos Zone Wireless pueden ayudarte a concentrarte en la tarea que tienes entre manos y a hacer m\u00e1s cosas. Consid\u00e9ralos como un portal personal a la serenidad ac\u00fastica en medio de un mar de ruido que de otra manera distraer\u00eda. El mismo espacio de trabajo, pero con una experiencia de sonido que t\u00fa controlas.<\/p>\n<\/div>\n<div>\n<p>Controla el entorno ac\u00fastico con <strong>Zone Wireless<\/strong>, los auriculares con micr\u00f3fono <em>Bluetooth<\/em> dise\u00f1ados para ayudarte a comunicarte, colaborar y concentrarte en espacios de trabajo ajetreados.\u00a0Los aud\u00edfonos <strong>Zone Wireless Plus<\/strong> ofrecen la posibilidad de conectar hasta seis perif\u00e9ricos inal\u00e1mbricos Logitech Unifying&#x2122; a trav\u00e9s de un \u00fanico receptor.<\/p>\n<\/div>\n<p>Usa los aud\u00edfonos Zone Wireless Plus con hasta otros seis productos inal\u00e1mbricos Logitech Unifying mediante el mismo receptor USB. Este \u00fanico receptor se conecta a un puerto USB-A de la computadora y proporciona una conexi\u00f3n confiable hasta a 10 metros de distancia de mouse y teclados, y hasta a 30 metros de los aud\u00edfonos. Al no tener necesidad de desconectar el receptor, nunca se pierde. Se acab\u00f3 tener que elegir entre los aud\u00edfonos, el mouse u otros perif\u00e9ricos: ahora puedes usarlos todos simult\u00e1neamente.<\/p>\n<p>&nbsp;<\/p>\n<p>Ll\u00e1manos al (55) 3342 8218 o d\u00e9janos tus datos <a href=\"https:\/\/explotumarca.com\/?page_id=14\">aqu\u00ed<\/a><\/p>\n<div><\/div>\n","protected":false},"excerpt":{"rendered":"<p>LOGITECH ZONE WIRELESS Auriculares Bluetooth dise\u00f1ados para ayudarte a trabajar en cualquier sitio con sonido excepcional, micr\u00f3fono volteable para silenciar y carga inal\u00e1mbrica Qi. CONC\u00c9NTRATE. MANT\u00c9N LA CONCENTRACI\u00d3N. Hoy en d\u00eda puede ser dif\u00edcil concentrarse [&hellip;]<\/p>\n","protected":false},"featured_media":5731,"template":"","meta":{"content-type":""},"product_cat":[99],"product_tag":[],"class_list":{"0":"post-4313","1":"product","2":"type-product","3":"status-publish","4":"has-post-thumbnail","6":"product_cat-auriculares","8":"first","9":"instock","10":"taxable","11":"shipping-taxable","12":"product-type-simple"},"yoast_head":"<!-- This site is optimized with the Yoast SEO Premium plugin v18.8 (Yoast SEO v26.8) - https:\/\/yoast.com\/product\/yoast-seo-premium-wordpress\/ -->\n<title>Zoom videollamadas; venta de equipos especiales para zoom<\/title>\n<meta name=\"description\" content=\"Venta de equipos, salas, mantenimiento y capacitaci\u00f3n de zoom videollamadas para Empresas en M\u00e9xico. Cotiza los mejores equipos 2020.\" \/>\n<meta name=\"robots\" content=\"index, follow, max-snippet:-1, max-image-preview:large, max-video-preview:-1\" \/>\n<link rel=\"canonical\" href=\"https:\/\/explotumarca.com\/?product=zoom-videollamadas\" \/>\n<meta property=\"og:locale\" content=\"es_MX\" \/>\n<meta property=\"og:type\" content=\"article\" \/>\n<meta property=\"og:title\" content=\"LOGITECH ZONE WIRELESS\" \/>\n<meta property=\"og:description\" content=\"LOGITECH ZONE WIRELESS Auriculares Bluetooth dise\u00f1ados para ayudarte a trabajar en cualquier sitio con sonido excepcional, micr\u00f3fono volteable para\" \/>\n<meta property=\"og:url\" content=\"https:\/\/explotumarca.com\/?product=zoom-videollamadas\" \/>\n<meta property=\"og:site_name\" content=\"Explo\" \/>\n<meta property=\"article:publisher\" content=\"https:\/\/www.facebook.com\/MexicoExplo\/\" \/>\n<meta property=\"article:modified_time\" content=\"2022-04-11T18:50:55+00:00\" \/>\n<meta property=\"og:image\" content=\"https:\/\/explotumarca.com\/wp-content\/uploads\/2022\/03\/LOGITECH-ZONE-WIRELESS-VIDEOCONFERENCIA-EXPLO-EXPLOTUMARCA-6.jpg\" \/>\n\t<meta property=\"og:image:width\" content=\"450\" \/>\n\t<meta property=\"og:image:height\" content=\"450\" \/>\n\t<meta property=\"og:image:type\" content=\"image\/jpeg\" \/>\n<meta name=\"twitter:card\" content=\"summary_large_image\" \/>\n<meta name=\"twitter:label1\" content=\"Tiempo de lectura\" \/>\n\t<meta name=\"twitter:data1\" content=\"2 minutos\" \/>\n<script type=\"application\/ld+json\" class=\"yoast-schema-graph\">{\"@context\":\"https:\/\/schema.org\",\"@graph\":[{\"@type\":\"WebPage\",\"@id\":\"https:\/\/explotumarca.com\/?product=zoom-videollamadas\",\"url\":\"https:\/\/explotumarca.com\/?product=zoom-videollamadas\",\"name\":\"Zoom videollamadas; venta de equipos especiales para zoom\",\"isPartOf\":{\"@id\":\"https:\/\/explotumarca.com\/#website\"},\"primaryImageOfPage\":{\"@id\":\"https:\/\/explotumarca.com\/?product=zoom-videollamadas#primaryimage\"},\"image\":{\"@id\":\"https:\/\/explotumarca.com\/?product=zoom-videollamadas#primaryimage\"},\"thumbnailUrl\":\"https:\/\/explotumarca.com\/wp-content\/uploads\/2022\/03\/LOGITECH-ZONE-WIRELESS-VIDEOCONFERENCIA-EXPLO-EXPLOTUMARCA-6.jpg\",\"datePublished\":\"2022-03-26T00:15:34+00:00\",\"dateModified\":\"2022-04-11T18:50:55+00:00\",\"description\":\"Venta de equipos, salas, mantenimiento y capacitaci\u00f3n de zoom videollamadas para Empresas en M\u00e9xico. Cotiza los mejores equipos 2020.\",\"breadcrumb\":{\"@id\":\"https:\/\/explotumarca.com\/?product=zoom-videollamadas#breadcrumb\"},\"inLanguage\":\"es\",\"potentialAction\":[{\"@type\":\"ReadAction\",\"target\":[\"https:\/\/explotumarca.com\/?product=zoom-videollamadas\"]}]},{\"@type\":\"ImageObject\",\"inLanguage\":\"es\",\"@id\":\"https:\/\/explotumarca.com\/?product=zoom-videollamadas#primaryimage\",\"url\":\"https:\/\/explotumarca.com\/wp-content\/uploads\/2022\/03\/LOGITECH-ZONE-WIRELESS-VIDEOCONFERENCIA-EXPLO-EXPLOTUMARCA-6.jpg\",\"contentUrl\":\"https:\/\/explotumarca.com\/wp-content\/uploads\/2022\/03\/LOGITECH-ZONE-WIRELESS-VIDEOCONFERENCIA-EXPLO-EXPLOTUMARCA-6.jpg\",\"width\":450,\"height\":450,\"caption\":\"LOGITECH ZONE WIRELESS VIDEOCONFERENCIA EXPLO EXPLOTUMARCA\"},{\"@type\":\"BreadcrumbList\",\"@id\":\"https:\/\/explotumarca.com\/?product=zoom-videollamadas#breadcrumb\",\"itemListElement\":[{\"@type\":\"ListItem\",\"position\":1,\"name\":\"Inicio\",\"item\":\"https:\/\/explotumarca.com\/\"},{\"@type\":\"ListItem\",\"position\":2,\"name\":\"Productos\",\"item\":\"https:\/\/explotumarca.com\/?post_type=product\"},{\"@type\":\"ListItem\",\"position\":3,\"name\":\"LOGITECH ZONE WIRELESS\"}]},{\"@type\":\"WebSite\",\"@id\":\"https:\/\/explotumarca.com\/#website\",\"url\":\"https:\/\/explotumarca.com\/\",\"name\":\"Explo\",\"description\":\"Productos y servicios corporativos\",\"publisher\":{\"@id\":\"https:\/\/explotumarca.com\/#organization\"},\"potentialAction\":[{\"@type\":\"SearchAction\",\"target\":{\"@type\":\"EntryPoint\",\"urlTemplate\":\"https:\/\/explotumarca.com\/?s={search_term_string}\"},\"query-input\":{\"@type\":\"PropertyValueSpecification\",\"valueRequired\":true,\"valueName\":\"search_term_string\"}}],\"inLanguage\":\"es\"},{\"@type\":\"Organization\",\"@id\":\"https:\/\/explotumarca.com\/#organization\",\"name\":\"Explo\",\"url\":\"https:\/\/explotumarca.com\/\",\"logo\":{\"@type\":\"ImageObject\",\"inLanguage\":\"es\",\"@id\":\"https:\/\/explotumarca.com\/#\/schema\/logo\/image\/\",\"url\":\"http:\/\/arsnovamx.com\/explotumarca.com\/wp-content\/uploads\/2020\/10\/Nuevo-Logo-Explo-2020.jpg\",\"contentUrl\":\"http:\/\/arsnovamx.com\/explotumarca.com\/wp-content\/uploads\/2020\/10\/Nuevo-Logo-Explo-2020.jpg\",\"width\":800,\"height\":334,\"caption\":\"Explo\"},\"image\":{\"@id\":\"https:\/\/explotumarca.com\/#\/schema\/logo\/image\/\"},\"sameAs\":[\"https:\/\/www.facebook.com\/MexicoExplo\/\"]}]}<\/script>\n<!-- \/ Yoast SEO Premium plugin. -->","yoast_head_json":{"title":"Zoom videollamadas; venta de equipos especiales para zoom","description":"Venta de equipos, salas, mantenimiento y capacitaci\u00f3n de zoom videollamadas para Empresas en M\u00e9xico. Cotiza los mejores equipos 2020.","robots":{"index":"index","follow":"follow","max-snippet":"max-snippet:-1","max-image-preview":"max-image-preview:large","max-video-preview":"max-video-preview:-1"},"canonical":"https:\/\/explotumarca.com\/?product=zoom-videollamadas","og_locale":"es_MX","og_type":"article","og_title":"LOGITECH ZONE WIRELESS","og_description":"LOGITECH ZONE WIRELESS Auriculares Bluetooth dise\u00f1ados para ayudarte a trabajar en cualquier sitio con sonido excepcional, micr\u00f3fono volteable para","og_url":"https:\/\/explotumarca.com\/?product=zoom-videollamadas","og_site_name":"Explo","article_publisher":"https:\/\/www.facebook.com\/MexicoExplo\/","article_modified_time":"2022-04-11T18:50:55+00:00","og_image":[{"width":450,"height":450,"url":"https:\/\/explotumarca.com\/wp-content\/uploads\/2022\/03\/LOGITECH-ZONE-WIRELESS-VIDEOCONFERENCIA-EXPLO-EXPLOTUMARCA-6.jpg","type":"image\/jpeg"}],"twitter_card":"summary_large_image","twitter_misc":{"Tiempo de lectura":"2 minutos"},"schema":{"@context":"https:\/\/schema.org","@graph":[{"@type":"WebPage","@id":"https:\/\/explotumarca.com\/?product=zoom-videollamadas","url":"https:\/\/explotumarca.com\/?product=zoom-videollamadas","name":"Zoom videollamadas; venta de equipos especiales para zoom","isPartOf":{"@id":"https:\/\/explotumarca.com\/#website"},"primaryImageOfPage":{"@id":"https:\/\/explotumarca.com\/?product=zoom-videollamadas#primaryimage"},"image":{"@id":"https:\/\/explotumarca.com\/?product=zoom-videollamadas#primaryimage"},"thumbnailUrl":"https:\/\/explotumarca.com\/wp-content\/uploads\/2022\/03\/LOGITECH-ZONE-WIRELESS-VIDEOCONFERENCIA-EXPLO-EXPLOTUMARCA-6.jpg","datePublished":"2022-03-26T00:15:34+00:00","dateModified":"2022-04-11T18:50:55+00:00","description":"Venta de equipos, salas, mantenimiento y capacitaci\u00f3n de zoom videollamadas para Empresas en M\u00e9xico. Cotiza los mejores equipos 2020.","breadcrumb":{"@id":"https:\/\/explotumarca.com\/?product=zoom-videollamadas#breadcrumb"},"inLanguage":"es","potentialAction":[{"@type":"ReadAction","target":["https:\/\/explotumarca.com\/?product=zoom-videollamadas"]}]},{"@type":"ImageObject","inLanguage":"es","@id":"https:\/\/explotumarca.com\/?product=zoom-videollamadas#primaryimage","url":"https:\/\/explotumarca.com\/wp-content\/uploads\/2022\/03\/LOGITECH-ZONE-WIRELESS-VIDEOCONFERENCIA-EXPLO-EXPLOTUMARCA-6.jpg","contentUrl":"https:\/\/explotumarca.com\/wp-content\/uploads\/2022\/03\/LOGITECH-ZONE-WIRELESS-VIDEOCONFERENCIA-EXPLO-EXPLOTUMARCA-6.jpg","width":450,"height":450,"caption":"LOGITECH ZONE WIRELESS VIDEOCONFERENCIA EXPLO EXPLOTUMARCA"},{"@type":"BreadcrumbList","@id":"https:\/\/explotumarca.com\/?product=zoom-videollamadas#breadcrumb","itemListElement":[{"@type":"ListItem","position":1,"name":"Inicio","item":"https:\/\/explotumarca.com\/"},{"@type":"ListItem","position":2,"name":"Productos","item":"https:\/\/explotumarca.com\/?post_type=product"},{"@type":"ListItem","position":3,"name":"LOGITECH ZONE WIRELESS"}]},{"@type":"WebSite","@id":"https:\/\/explotumarca.com\/#website","url":"https:\/\/explotumarca.com\/","name":"Explo","description":"Productos y servicios corporativos","publisher":{"@id":"https:\/\/explotumarca.com\/#organization"},"potentialAction":[{"@type":"SearchAction","target":{"@type":"EntryPoint","urlTemplate":"https:\/\/explotumarca.com\/?s={search_term_string}"},"query-input":{"@type":"PropertyValueSpecification","valueRequired":true,"valueName":"search_term_string"}}],"inLanguage":"es"},{"@type":"Organization","@id":"https:\/\/explotumarca.com\/#organization","name":"Explo","url":"https:\/\/explotumarca.com\/","logo":{"@type":"ImageObject","inLanguage":"es","@id":"https:\/\/explotumarca.com\/#\/schema\/logo\/image\/","url":"http:\/\/arsnovamx.com\/explotumarca.com\/wp-content\/uploads\/2020\/10\/Nuevo-Logo-Explo-2020.jpg","contentUrl":"http:\/\/arsnovamx.com\/explotumarca.com\/wp-content\/uploads\/2020\/10\/Nuevo-Logo-Explo-2020.jpg","width":800,"height":334,"caption":"Explo"},"image":{"@id":"https:\/\/explotumarca.com\/#\/schema\/logo\/image\/"},"sameAs":["https:\/\/www.facebook.com\/MexicoExplo\/"]}]}},"_links":{"self":[{"href":"https:\/\/explotumarca.com\/index.php?rest_route=\/wp\/v2\/product\/4313","targetHints":{"allow":["GET"]}}],"collection":[{"href":"https:\/\/explotumarca.com\/index.php?rest_route=\/wp\/v2\/product"}],"about":[{"href":"https:\/\/explotumarca.com\/index.php?rest_route=\/wp\/v2\/types\/product"}],"wp:featuredmedia":[{"embeddable":true,"href":"https:\/\/explotumarca.com\/index.php?rest_route=\/wp\/v2\/media\/5731"}],"wp:attachment":[{"href":"https:\/\/explotumarca.com\/index.php?rest_route=%2Fwp%2Fv2%2Fmedia&parent=4313"}],"wp:term":[{"taxonomy":"product_cat","embeddable":true,"href":"https:\/\/explotumarca.com\/index.php?rest_route=%2Fwp%2Fv2%2Fproduct_cat&post=4313"},{"taxonomy":"product_tag","embeddable":true,"href":"https:\/\/explotumarca.com\/index.php?rest_route=%2Fwp%2Fv2%2Fproduct_tag&post=4313"}],"curies":[{"name":"wp","href":"https:\/\/api.w.org\/{rel}","templated":true}]}}