{"id":4315,"date":"2020-07-08T19:33:47","date_gmt":"2020-07-09T00:33:47","guid":{"rendered":"http:\/\/arsnovamx.com\/explotumarca.com\/?post_type=product&#038;p=4315"},"modified":"2022-04-02T12:22:14","modified_gmt":"2022-04-02T18:22:14","slug":"zoom-conferencias","status":"publish","type":"product","link":"https:\/\/explotumarca.com\/?product=zoom-conferencias","title":{"rendered":"PTZ PRO 2"},"content":{"rendered":"<h2 class=\"font-hero-s js-title \">PTZ PRO 2 CAMARA PARA VIDEOCONFERENCIA<\/h2>\n<div class=\"subtitle js-subtitle \">C\u00e1mara HD 1080p con funciones de panor\u00e1mica\/inclinaci\u00f3n y zoom mejoradas<\/div>\n<div><\/div>\n<div>\n<h3 class=\"body-copy-title font-title-l font-brown-bold dc-black tc-black mc-black \">AVANCE EN COMPONENTES \u00d3PTICOS Y RENDIMIENTO<\/h3>\n<p>Logitech PTZ Pro 2 ofrece componentes \u00f3pticos de alta gama, c\u00e1mara de videoconferencia de gran realismo para crear la experiencia de sentarse juntos en la misma sala, incluso estando a miles de kil\u00f3metros de distancia. Las mejoras t\u00e9cnicas implementadas optimizan una resoluci\u00f3n extremadamente n\u00edtida, una reproducci\u00f3n excepcional de los colores y una precisi\u00f3n \u00f3ptica incre\u00edble. A la mitad del precio de modelos comparables, no cabe duda de que PTZ Pro 2 es la elecci\u00f3n acertada.<\/p>\n<\/div>\n<ul class=\"pangea-cmp tech-specs js-pangea-tech-specs\">\n<li class=\"specs-column\">\n<div class=\"specs-group\">\n<header class=\"specs-header\">\n<h3 class=\"specs-heading\">DIMENSIONES DE LA CAMARA DE VIDEOCONFERENCIA<\/h3>\n<\/header>\n<div class=\"specs-block\">\n<h4 class=\"specs-title\">C\u00e1mara<\/h4>\n<ul class=\"specs-description-list\">\n<li>Altura: 146 mm<\/li>\n<li>Ancho: 131 mm<\/li>\n<li>Profundidad: 130 mm<\/li>\n<li>Peso: 580 g<\/li>\n<\/ul>\n<\/div>\n<div class=\"specs-block\">\n<h4 class=\"specs-title\">Remoto<\/h4>\n<ul class=\"specs-description-list\">\n<li>Altura: 10 mm<\/li>\n<li>Ancho: 50 mm<\/li>\n<li>Profundidad: 120 mm<\/li>\n<li>Peso: 48 g<\/li>\n<\/ul>\n<\/div>\n<\/div>\n<\/li>\n<li class=\"specs-column\">\n<div class=\"specs-group\">\n<header class=\"specs-header\">\n<h3 class=\"specs-heading\">REQUISITOS DEL SISTEMA<\/h3>\n<\/header>\n<div class=\"specs-block\">\n<div class=\"specs-description\">Windows\u00ae 7,8.1 or 10<\/div>\n<\/div>\n<div class=\"specs-block\">\n<div class=\"specs-description\">macOS 10.10 o posterior<\/div>\n<\/div>\n<\/div>\n<\/li>\n<li class=\"specs-column\">\n<div class=\"specs-group\">\n<header class=\"specs-header\">\n<h3 class=\"specs-heading\">ESPECIFICACIONES T\u00c9CNICAS DE LA CAMARA DE VIDEOCONFERENCIA<\/h3>\n<\/header>\n<div class=\"specs-block\">\n<h4 class=\"specs-title\">C\u00e1mara<\/h4>\n<ul class=\"specs-description-list\">\n<li>Panor\u00e1mica, inclinaci\u00f3n y zoom robotizados y fluidos<\/li>\n<li>Panor\u00e1mica de \u00b190\u00b0<\/li>\n<li>Inclinaci\u00f3n de \u00b135\u00b0\/45\u00b0<\/li>\n<li>Zoom Full HD 10x<\/li>\n<li>Campo visual\n<ul class=\"specs-description-list\">\n<li>Diagonal: 90\u00b0<\/li>\n<li>Horizontal: 82,1\u00b0<\/li>\n<li>Vertical: 52,2<\/li>\n<\/ul>\n<\/li>\n<li>Full HD 1080p 30\u00a0fps<\/li>\n<li>H.264 UVC 1.5 con codificaci\u00f3n de video escalable (SVC)<\/li>\n<li>Enfoque autom\u00e1tico<\/li>\n<li>Tres preajustes de c\u00e1mara + bot\u00f3n de posici\u00f3n original<\/li>\n<li>Indicador LED de activaci\u00f3n\/desactivaci\u00f3n del video<\/li>\n<li>Adaptador para tr\u00edpode est\u00e1ndar<\/li>\n<\/ul>\n<\/div>\n<div class=\"specs-block\">\n<h4 class=\"specs-title\">Control remoto<\/h4>\n<ul class=\"specs-description-list\">\n<li>Radio de acci\u00f3n IR de 8,5 metros<\/li>\n<li>Bater\u00eda CR2032 (incluida)<\/li>\n<\/ul>\n<\/div>\n<div class=\"specs-block\">\n<h4 class=\"specs-title\">Cables\/Alimentaci\u00f3n<\/h4>\n<ul class=\"specs-description-list\">\n<li>Adaptador de alimentaci\u00f3n con conectores regionales<\/li>\n<li>Cable de alimentaci\u00f3n: 3 m<\/li>\n<\/ul>\n<\/div>\n<div class=\"specs-block\">\n<h4 class=\"specs-title\">PIEZA DE MONTAJE<\/h4>\n<ul class=\"specs-description-list\">\n<li>Soporte de doble funci\u00f3n tanto para montaje en pared como en escritorio<\/li>\n<\/ul>\n<\/div>\n<div class=\"specs-block\">\n<h4 class=\"specs-title\">COMPATIBILIDAD Y CERTIFICACIONES<\/h4>\n<ul class=\"specs-description-list\">\n<li>Conexi\u00f3n USB Plug and Play<\/li>\n<li>Con certificaci\u00f3n para Skype for Business y compatible con Teams, Zomm, Fuze,<\/li>\n<li>Compatible con Google Meet\u00ae, Cisco, Webex, Bluejeans, Broadsoft y otras aplicaciones de videoconferencia, grabaci\u00f3n y difusi\u00f3n utilizables con c\u00e1maras USB<\/li>\n<\/ul>\n<\/div>\n<\/div>\n<\/li>\n<\/ul>\n<ul class=\"pangea-cmp tech-specs js-pangea-tech-specs\">\n<li class=\"specs-column\">\n<div class=\"specs-group\">\n<header class=\"specs-header\">\n<h3 class=\"specs-heading\">CONTENIDO DE LA CAJA DE LA CAMARA DE VIDEOCONFERENCIA<\/h3>\n<\/header>\n<div class=\"specs-block\">\n<ul class=\"specs-description-list\">\n<li><a href=\"https:\/\/www.logitech.com\/es-mx\/products\/video-conferencing\/conference-cameras\/ptz-pro2-conferencecam.960-001184.html\">C\u00e1mara PTZ PRO 2<\/a><\/li>\n<li>Remoto<\/li>\n<li>Cable USB de 3 metros (10 ft) con conexi\u00f3n de adaptador de alimentaci\u00f3n<\/li>\n<li>Adaptador de alimentaci\u00f3n con conectores regionales<\/li>\n<li>Soporte<\/li>\n<li>Documentaci\u00f3n<\/li>\n<li>Tarjeta de garant\u00eda<\/li>\n<\/ul>\n<\/div>\n<\/div>\n<\/li>\n<li class=\"specs-column\">\n<div class=\"specs-group\">\n<header class=\"specs-header\">\n<h3 class=\"specs-heading\">INFORMACI\u00d3N DE GARANT\u00cdA<\/h3>\n<\/header>\n<div class=\"specs-block\">\n<div class=\"specs-description\">Dos a\u00f1os de garant\u00eda de hardware limitada<\/div>\n<\/div>\n<\/div>\n<\/li>\n<li class=\"specs-column\">\n<div class=\"specs-group\">\n<header class=\"specs-header\">\n<h3 class=\"specs-heading\">N\u00daMERO DE REFERENCIA<\/h3>\n<\/header>\n<div class=\"specs-block\">\n<ul class=\"specs-description-list\">\n<li>960-001184<\/li>\n<\/ul>\n<p>&nbsp;<\/p>\n<\/div>\n<\/div>\n<\/li>\n<\/ul>\n","protected":false},"excerpt":{"rendered":"<p>PTZ PRO 2 CAMARA PARA VIDEOCONFERENCIA C\u00e1mara HD 1080p con funciones de panor\u00e1mica\/inclinaci\u00f3n y zoom mejoradas AVANCE EN COMPONENTES \u00d3PTICOS Y RENDIMIENTO Logitech PTZ Pro 2 ofrece componentes \u00f3pticos de alta gama, c\u00e1mara de videoconferencia [&hellip;]<\/p>\n","protected":false},"featured_media":5583,"template":"","meta":{"content-type":""},"product_cat":[95],"product_tag":[],"class_list":{"0":"post-4315","1":"product","2":"type-product","3":"status-publish","4":"has-post-thumbnail","6":"product_cat-camaras-para-conferencias","8":"first","9":"instock","10":"taxable","11":"shipping-taxable","12":"purchasable","13":"product-type-simple"},"yoast_head":"<!-- This site is optimized with the Yoast SEO Premium plugin v18.8 (Yoast SEO v26.8) - https:\/\/yoast.com\/product\/yoast-seo-premium-wordpress\/ -->\n<title>Zoom conferencias; tenemos los mejores equipos para zoom<\/title>\n<meta name=\"description\" content=\"Dise\u00f1o e instalaci\u00f3n de los mejores Sistemas de Videoconferencia para Empresas Compatibles con GMeet, Zoom, MTeams, Bluejeans, Webex, etc.\" \/>\n<meta name=\"robots\" content=\"index, follow, max-snippet:-1, max-image-preview:large, max-video-preview:-1\" \/>\n<link rel=\"canonical\" href=\"https:\/\/explotumarca.com\/?product=zoom-conferencias\" \/>\n<meta property=\"og:locale\" content=\"es_MX\" \/>\n<meta property=\"og:type\" content=\"article\" \/>\n<meta property=\"og:title\" content=\"PTZ PRO 2\" \/>\n<meta property=\"og:description\" content=\"PTZ PRO 2 CAMARA PARA VIDEOCONFERENCIA C\u00e1mara HD 1080p con funciones de panor\u00e1mica\/inclinaci\u00f3n y zoom mejoradas AVANCE EN COMPONENTES \u00d3PTICOS Y\" \/>\n<meta property=\"og:url\" content=\"https:\/\/explotumarca.com\/?product=zoom-conferencias\" \/>\n<meta property=\"og:site_name\" content=\"Explo\" \/>\n<meta property=\"article:publisher\" content=\"https:\/\/www.facebook.com\/MexicoExplo\/\" \/>\n<meta property=\"article:modified_time\" content=\"2022-04-02T18:22:14+00:00\" \/>\n<meta property=\"og:image\" content=\"https:\/\/explotumarca.com\/wp-content\/uploads\/2020\/07\/PTZ-Pro-2-Logitech-camara-videoconferencia-Explo-Explotumarca-5.jpg\" \/>\n\t<meta property=\"og:image:width\" content=\"450\" \/>\n\t<meta property=\"og:image:height\" content=\"450\" \/>\n\t<meta property=\"og:image:type\" content=\"image\/jpeg\" \/>\n<meta name=\"twitter:card\" content=\"summary_large_image\" \/>\n<meta name=\"twitter:label1\" content=\"Tiempo de lectura\" \/>\n\t<meta name=\"twitter:data1\" content=\"2 minutos\" \/>\n<script type=\"application\/ld+json\" class=\"yoast-schema-graph\">{\"@context\":\"https:\/\/schema.org\",\"@graph\":[{\"@type\":\"WebPage\",\"@id\":\"https:\/\/explotumarca.com\/?product=zoom-conferencias\",\"url\":\"https:\/\/explotumarca.com\/?product=zoom-conferencias\",\"name\":\"Zoom conferencias; tenemos los mejores equipos para zoom\",\"isPartOf\":{\"@id\":\"https:\/\/explotumarca.com\/#website\"},\"primaryImageOfPage\":{\"@id\":\"https:\/\/explotumarca.com\/?product=zoom-conferencias#primaryimage\"},\"image\":{\"@id\":\"https:\/\/explotumarca.com\/?product=zoom-conferencias#primaryimage\"},\"thumbnailUrl\":\"https:\/\/explotumarca.com\/wp-content\/uploads\/2020\/07\/PTZ-Pro-2-Logitech-camara-videoconferencia-Explo-Explotumarca-5.jpg\",\"datePublished\":\"2020-07-09T00:33:47+00:00\",\"dateModified\":\"2022-04-02T18:22:14+00:00\",\"description\":\"Dise\u00f1o e instalaci\u00f3n de los mejores Sistemas de Videoconferencia para Empresas Compatibles con GMeet, Zoom, MTeams, Bluejeans, Webex, etc.\",\"breadcrumb\":{\"@id\":\"https:\/\/explotumarca.com\/?product=zoom-conferencias#breadcrumb\"},\"inLanguage\":\"es\",\"potentialAction\":[{\"@type\":\"ReadAction\",\"target\":[\"https:\/\/explotumarca.com\/?product=zoom-conferencias\"]}]},{\"@type\":\"ImageObject\",\"inLanguage\":\"es\",\"@id\":\"https:\/\/explotumarca.com\/?product=zoom-conferencias#primaryimage\",\"url\":\"https:\/\/explotumarca.com\/wp-content\/uploads\/2020\/07\/PTZ-Pro-2-Logitech-camara-videoconferencia-Explo-Explotumarca-5.jpg\",\"contentUrl\":\"https:\/\/explotumarca.com\/wp-content\/uploads\/2020\/07\/PTZ-Pro-2-Logitech-camara-videoconferencia-Explo-Explotumarca-5.jpg\",\"width\":450,\"height\":450,\"caption\":\"PTZ Pro 2 Logitech camara videoconferencia Explo Explotumarca\"},{\"@type\":\"BreadcrumbList\",\"@id\":\"https:\/\/explotumarca.com\/?product=zoom-conferencias#breadcrumb\",\"itemListElement\":[{\"@type\":\"ListItem\",\"position\":1,\"name\":\"Inicio\",\"item\":\"https:\/\/explotumarca.com\/\"},{\"@type\":\"ListItem\",\"position\":2,\"name\":\"Productos\",\"item\":\"https:\/\/explotumarca.com\/?post_type=product\"},{\"@type\":\"ListItem\",\"position\":3,\"name\":\"PTZ PRO 2\"}]},{\"@type\":\"WebSite\",\"@id\":\"https:\/\/explotumarca.com\/#website\",\"url\":\"https:\/\/explotumarca.com\/\",\"name\":\"Explo\",\"description\":\"Productos y servicios corporativos\",\"publisher\":{\"@id\":\"https:\/\/explotumarca.com\/#organization\"},\"potentialAction\":[{\"@type\":\"SearchAction\",\"target\":{\"@type\":\"EntryPoint\",\"urlTemplate\":\"https:\/\/explotumarca.com\/?s={search_term_string}\"},\"query-input\":{\"@type\":\"PropertyValueSpecification\",\"valueRequired\":true,\"valueName\":\"search_term_string\"}}],\"inLanguage\":\"es\"},{\"@type\":\"Organization\",\"@id\":\"https:\/\/explotumarca.com\/#organization\",\"name\":\"Explo\",\"url\":\"https:\/\/explotumarca.com\/\",\"logo\":{\"@type\":\"ImageObject\",\"inLanguage\":\"es\",\"@id\":\"https:\/\/explotumarca.com\/#\/schema\/logo\/image\/\",\"url\":\"http:\/\/arsnovamx.com\/explotumarca.com\/wp-content\/uploads\/2020\/10\/Nuevo-Logo-Explo-2020.jpg\",\"contentUrl\":\"http:\/\/arsnovamx.com\/explotumarca.com\/wp-content\/uploads\/2020\/10\/Nuevo-Logo-Explo-2020.jpg\",\"width\":800,\"height\":334,\"caption\":\"Explo\"},\"image\":{\"@id\":\"https:\/\/explotumarca.com\/#\/schema\/logo\/image\/\"},\"sameAs\":[\"https:\/\/www.facebook.com\/MexicoExplo\/\"]}]}<\/script>\n<!-- \/ Yoast SEO Premium plugin. -->","yoast_head_json":{"title":"Zoom conferencias; tenemos los mejores equipos para zoom","description":"Dise\u00f1o e instalaci\u00f3n de los mejores Sistemas de Videoconferencia para Empresas Compatibles con GMeet, Zoom, MTeams, Bluejeans, Webex, etc.","robots":{"index":"index","follow":"follow","max-snippet":"max-snippet:-1","max-image-preview":"max-image-preview:large","max-video-preview":"max-video-preview:-1"},"canonical":"https:\/\/explotumarca.com\/?product=zoom-conferencias","og_locale":"es_MX","og_type":"article","og_title":"PTZ PRO 2","og_description":"PTZ PRO 2 CAMARA PARA VIDEOCONFERENCIA C\u00e1mara HD 1080p con funciones de panor\u00e1mica\/inclinaci\u00f3n y zoom mejoradas AVANCE EN COMPONENTES \u00d3PTICOS Y","og_url":"https:\/\/explotumarca.com\/?product=zoom-conferencias","og_site_name":"Explo","article_publisher":"https:\/\/www.facebook.com\/MexicoExplo\/","article_modified_time":"2022-04-02T18:22:14+00:00","og_image":[{"width":450,"height":450,"url":"https:\/\/explotumarca.com\/wp-content\/uploads\/2020\/07\/PTZ-Pro-2-Logitech-camara-videoconferencia-Explo-Explotumarca-5.jpg","type":"image\/jpeg"}],"twitter_card":"summary_large_image","twitter_misc":{"Tiempo de lectura":"2 minutos"},"schema":{"@context":"https:\/\/schema.org","@graph":[{"@type":"WebPage","@id":"https:\/\/explotumarca.com\/?product=zoom-conferencias","url":"https:\/\/explotumarca.com\/?product=zoom-conferencias","name":"Zoom conferencias; tenemos los mejores equipos para zoom","isPartOf":{"@id":"https:\/\/explotumarca.com\/#website"},"primaryImageOfPage":{"@id":"https:\/\/explotumarca.com\/?product=zoom-conferencias#primaryimage"},"image":{"@id":"https:\/\/explotumarca.com\/?product=zoom-conferencias#primaryimage"},"thumbnailUrl":"https:\/\/explotumarca.com\/wp-content\/uploads\/2020\/07\/PTZ-Pro-2-Logitech-camara-videoconferencia-Explo-Explotumarca-5.jpg","datePublished":"2020-07-09T00:33:47+00:00","dateModified":"2022-04-02T18:22:14+00:00","description":"Dise\u00f1o e instalaci\u00f3n de los mejores Sistemas de Videoconferencia para Empresas Compatibles con GMeet, Zoom, MTeams, Bluejeans, Webex, etc.","breadcrumb":{"@id":"https:\/\/explotumarca.com\/?product=zoom-conferencias#breadcrumb"},"inLanguage":"es","potentialAction":[{"@type":"ReadAction","target":["https:\/\/explotumarca.com\/?product=zoom-conferencias"]}]},{"@type":"ImageObject","inLanguage":"es","@id":"https:\/\/explotumarca.com\/?product=zoom-conferencias#primaryimage","url":"https:\/\/explotumarca.com\/wp-content\/uploads\/2020\/07\/PTZ-Pro-2-Logitech-camara-videoconferencia-Explo-Explotumarca-5.jpg","contentUrl":"https:\/\/explotumarca.com\/wp-content\/uploads\/2020\/07\/PTZ-Pro-2-Logitech-camara-videoconferencia-Explo-Explotumarca-5.jpg","width":450,"height":450,"caption":"PTZ Pro 2 Logitech camara videoconferencia Explo Explotumarca"},{"@type":"BreadcrumbList","@id":"https:\/\/explotumarca.com\/?product=zoom-conferencias#breadcrumb","itemListElement":[{"@type":"ListItem","position":1,"name":"Inicio","item":"https:\/\/explotumarca.com\/"},{"@type":"ListItem","position":2,"name":"Productos","item":"https:\/\/explotumarca.com\/?post_type=product"},{"@type":"ListItem","position":3,"name":"PTZ PRO 2"}]},{"@type":"WebSite","@id":"https:\/\/explotumarca.com\/#website","url":"https:\/\/explotumarca.com\/","name":"Explo","description":"Productos y servicios corporativos","publisher":{"@id":"https:\/\/explotumarca.com\/#organization"},"potentialAction":[{"@type":"SearchAction","target":{"@type":"EntryPoint","urlTemplate":"https:\/\/explotumarca.com\/?s={search_term_string}"},"query-input":{"@type":"PropertyValueSpecification","valueRequired":true,"valueName":"search_term_string"}}],"inLanguage":"es"},{"@type":"Organization","@id":"https:\/\/explotumarca.com\/#organization","name":"Explo","url":"https:\/\/explotumarca.com\/","logo":{"@type":"ImageObject","inLanguage":"es","@id":"https:\/\/explotumarca.com\/#\/schema\/logo\/image\/","url":"http:\/\/arsnovamx.com\/explotumarca.com\/wp-content\/uploads\/2020\/10\/Nuevo-Logo-Explo-2020.jpg","contentUrl":"http:\/\/arsnovamx.com\/explotumarca.com\/wp-content\/uploads\/2020\/10\/Nuevo-Logo-Explo-2020.jpg","width":800,"height":334,"caption":"Explo"},"image":{"@id":"https:\/\/explotumarca.com\/#\/schema\/logo\/image\/"},"sameAs":["https:\/\/www.facebook.com\/MexicoExplo\/"]}]}},"_links":{"self":[{"href":"https:\/\/explotumarca.com\/index.php?rest_route=\/wp\/v2\/product\/4315","targetHints":{"allow":["GET"]}}],"collection":[{"href":"https:\/\/explotumarca.com\/index.php?rest_route=\/wp\/v2\/product"}],"about":[{"href":"https:\/\/explotumarca.com\/index.php?rest_route=\/wp\/v2\/types\/product"}],"wp:featuredmedia":[{"embeddable":true,"href":"https:\/\/explotumarca.com\/index.php?rest_route=\/wp\/v2\/media\/5583"}],"wp:attachment":[{"href":"https:\/\/explotumarca.com\/index.php?rest_route=%2Fwp%2Fv2%2Fmedia&parent=4315"}],"wp:term":[{"taxonomy":"product_cat","embeddable":true,"href":"https:\/\/explotumarca.com\/index.php?rest_route=%2Fwp%2Fv2%2Fproduct_cat&post=4315"},{"taxonomy":"product_tag","embeddable":true,"href":"https:\/\/explotumarca.com\/index.php?rest_route=%2Fwp%2Fv2%2Fproduct_tag&post=4315"}],"curies":[{"name":"wp","href":"https:\/\/api.w.org\/{rel}","templated":true}]}}