{"id":4317,"date":"2020-07-08T19:49:27","date_gmt":"2020-07-09T00:49:27","guid":{"rendered":"http:\/\/arsnovamx.com\/explotumarca.com\/?post_type=product&#038;p=4317"},"modified":"2022-04-04T13:49:38","modified_gmt":"2022-04-04T18:49:38","slug":"zoom-reuniones","status":"publish","type":"product","link":"https:\/\/explotumarca.com\/?product=zoom-reuniones","title":{"rendered":"CONNECT"},"content":{"rendered":"<h2>CONNECT LA C\u00c1MARA PARA REUNIONES MAS PORTATIL DEL MERCADO<\/h2>\n<p>C\u00e1mara para reuniones port\u00e1til con sistema manos libre Bluetooth, para espacios peque\u00f1os, oficinas en casa y mientras te desplazas.<\/p>\n<p>&nbsp;<\/p>\n<h3 class=\"body-copy-title font-title-l font-brown-bold dc-black tc-black mc-black \">VIDEO FLEXIBLE PARA TRABAJAR EN CUALQUIER PARTE<\/h3>\n<p>Simplifica las videoconferencias, para que cualquiera pueda configurar y ejecutar una reuni\u00f3n en cualquier parte. Precio asequible para poder equipar con video cada sala de conferencias y para una c\u00e1mara de reuniones port\u00e1til. Dise\u00f1ada para espacios de reuniones peque\u00f1os y oficinas en casa, Logitech <a href=\"https:\/\/www.logitech.com\/es-mx\/products\/video-conferencing\/conference-cameras\/connect-conferencecam.960-001013.html\">Connect<\/a> tambi\u00e9n es compacta y port\u00e1til para que puedas llevarla a todos los lugares de trabajo y por todo el mundo. <a href=\"https:\/\/www.logitech.com\/es-mx\/products\/video-conferencing\/conference-cameras\/connect-conferencecam.960-001013.html\">Connect<\/a> est\u00e1 siempre lista para la pr\u00f3xima videoconferencia,<\/p>\n<p>&nbsp;<\/p>\n<ul class=\"pangea-cmp tech-specs js-pangea-tech-specs\">\n<li class=\"specs-column\">\n<div class=\"specs-group\">\n<header class=\"specs-header\">\n<h3 class=\"specs-heading\">DIMENSIONES<\/h3>\n<\/header>\n<div class=\"specs-block\">\n<h4 class=\"specs-title\">Unidad principal<\/h4>\n<ul class=\"specs-description-list\">\n<li>Altura: 304,2 mm<\/li>\n<li>Ancho: 75 mm<\/li>\n<li>Profundidad: 75 mm<\/li>\n<li>Peso: 766 g<\/li>\n<\/ul>\n<\/div>\n<div class=\"specs-block\">\n<h4 class=\"specs-title\">Control remoto<\/h4>\n<ul class=\"specs-description-list\">\n<li>Altura: 128 mm<\/li>\n<li>Ancho: 41 mm<\/li>\n<li>Profundidad: 9 mm<\/li>\n<li>Peso: 32 g<\/li>\n<\/ul>\n<\/div>\n<\/div>\n<\/li>\n<li class=\"specs-column\">\n<div class=\"specs-group\">\n<header class=\"specs-header\">\n<h3 class=\"specs-heading\">REQUISITOS DEL SISTEMA DE C\u00c1MARA PARA REUNIONES<\/h3>\n<\/header>\n<div class=\"specs-block\">\n<div class=\"specs-description\">Windows 7,8.1 or 10<\/div>\n<\/div>\n<div class=\"specs-block\">\n<div class=\"specs-description\">macOS X 10.10 o posterior<\/div>\n<\/div>\n<\/div>\n<\/li>\n<li class=\"specs-column\">\n<div class=\"specs-group\">\n<header class=\"specs-header\">\n<h3 class=\"specs-heading\">ESPECIFICACIONES T\u00c9CNICAS DE C\u00c1MARA PARA REUNIONES<\/h3>\n<\/header>\n<div class=\"specs-block\">\n<h4 class=\"specs-title\">C\u00e1mara para reuniones<\/h4>\n<ul class=\"specs-description-list\">\n<li>Videoconferencia Full HD 1080p (hasta 1920 x 1080 p\u00edxeles); videoconferencia 720p HD (hasta 1280 x 720 p\u00edxeles) con clientes compatibles<\/li>\n<li>H.264 UVC 1.5 con codificaci\u00f3n de video escalable (SVC)<\/li>\n<li>Compatible con H.264 SVC 1080p, con optimizaciones para el mejor rendimiento de llamadas con v\u00eddeo HD entre dos o varios participantes<\/li>\n<\/ul>\n<\/div>\n<div class=\"specs-block\">\n<h4 class=\"specs-title\">Campo visual<\/h4>\n<ul class=\"specs-description-list\">\n<li>Diagonal: 90\u00b0<\/li>\n<li>Horizontal: 82,1\u00b0<\/li>\n<li>Vertical: 52,2\u00b0<\/li>\n<li>Zoom digital 4x<\/li>\n<li>Tecnolog\u00eda Rightlight&#x2122; 2 para nitidez de imagen en distintas condiciones de iluminaci\u00f3n, incluso con luz escasa<\/li>\n<li>Panor\u00e1mica, inclinaci\u00f3n y zoom digitales con mando a distancia o aplicaci\u00f3n descargable opcional<\/li>\n<li>Rueda de inclinaci\u00f3n mec\u00e1nica<\/li>\n<li>LED de c\u00e1mara para indicaci\u00f3n de streaming<\/li>\n<\/ul>\n<\/div>\n<div class=\"specs-block\">\n<h4 class=\"specs-title\">ALTAVOZ<\/h4>\n<ul class=\"specs-description-list\">\n<li>Sistema manos libres integrado con d\u00faplex completo y cancelaci\u00f3n de eco y ruido<\/li>\n<li>Audio de banda ancha de 360\u00b0<\/li>\n<li>Bluetooth y NFC<\/li>\n<li>Indicadores LED para streaming de sistema manos libres, silencio, puesta en espera y emparejamiento Bluetooth<\/li>\n<li>Controles para respuesta\/finalizaci\u00f3n de llamadas, volumen y silencio<\/li>\n<\/ul>\n<\/div>\n<div class=\"specs-block\">\n<h4 class=\"specs-title\">Micr\u00f3fonos (TX)<\/h4>\n<ul class=\"specs-description-list\">\n<li>Dos micr\u00f3fonos omnidireccionales con un radio de acci\u00f3n de 3,6\u00a0metros<\/li>\n<li>Respuesta de frecuencia: 100 Hz \u2013 16 kHz<\/li>\n<li>Sensibilidad: 34 dB +\/-3 dB<\/li>\n<li>Distorsi\u00f3n: &lt;1% a 1 kHz a 65 dB<\/li>\n<\/ul>\n<\/div>\n<div class=\"specs-block\">\n<h4 class=\"specs-title\">Altavoces (Rx)<\/h4>\n<ul class=\"specs-description-list\">\n<li>Respuesta de frecuencia: 140 Hz \u2013 16 kHz<\/li>\n<li>Sensibilidad: 89 dBSPL +\/-3 dB a 1 W\/0,5M<\/li>\n<li>Salida m\u00e1x.: 91,5 dBSPL a 0,5 M<\/li>\n<li>Distorsi\u00f3n: &lt;5% de 200\u00a0Hz<\/li>\n<\/ul>\n<\/div>\n<div class=\"specs-block\">\n<h4 class=\"specs-title\">Control remoto<\/h4>\n<ul class=\"specs-description-list\">\n<li>Se acopla al dispositivo y funciona como tapa de lente<\/li>\n<li>Radio de acci\u00f3n IR de 3 metros<\/li>\n<li>Bater\u00eda CR2032 (incluida)<\/li>\n<\/ul>\n<\/div>\n<div class=\"specs-block\">\n<h4 class=\"specs-title\">Cables\/Alimentaci\u00f3n<\/h4>\n<ul class=\"specs-description-list\">\n<li>Adaptador de alimentaci\u00f3n con conectores regionales<\/li>\n<li>Cable USB de 1,8\u00a0m<\/li>\n<li>Bater\u00eda recargable integrada<\/li>\n<\/ul>\n<\/div>\n<div class=\"specs-block\">\n<h4 class=\"specs-title\">PIEZA DE MONTAJE<\/h4>\n<ul class=\"specs-description-list\">\n<li>Dise\u00f1o para uso sobre el escritorio<\/li>\n<li>Kensington Security Slot<\/li>\n<\/ul>\n<\/div>\n<div class=\"specs-block\">\n<h4 class=\"specs-title\">COMPATIBILIDAD Y CERTIFICACIONES<\/h4>\n<ul class=\"specs-description-list\">\n<li>Conexi\u00f3n USB Plug and Play<\/li>\n<li>Con certificaci\u00f3n para Skype for Business y compatible con Teams, Zoom, Fuze<\/li>\n<li>Compatible con Google Meet\u00ae, Cisco Jabber y Webex, Blujeans, broadsoft, y otras aplicaciones de videoconferencia, grabaci\u00f3n y difusi\u00f3n utilizables con camaras USB<\/li>\n<\/ul>\n<\/div>\n<\/div>\n<\/li>\n<li class=\"specs-column\">\n<div class=\"specs-group\">\n<header class=\"specs-header\">\n<h3 class=\"specs-heading\">CONTENIDO DE LA CAJA<\/h3>\n<\/header>\n<div class=\"specs-block\">\n<ul class=\"specs-description-list\">\n<li>Dispositivo Logitech <a href=\"https:\/\/www.logitech.com\/es-mx\/products\/video-conferencing\/conference-cameras\/connect-conferencecam.960-001013.html\">Connect<\/a><\/li>\n<li>Mando a distancia<\/li>\n<li>Cable USB de 1,8 metros<\/li>\n<li>Adaptador de alimentaci\u00f3n con conectores regionales<\/li>\n<li>Documentaci\u00f3n<\/li>\n<\/ul>\n<\/div>\n<\/div>\n<\/li>\n<li class=\"specs-column\">\n<div class=\"specs-group\">\n<header class=\"specs-header\">\n<h3 class=\"specs-heading\">INFORMACI\u00d3N DE GARANT\u00cdA<\/h3>\n<\/header>\n<div class=\"specs-block\">\n<div class=\"specs-description\">Dos a\u00f1os de garant\u00eda de hardware limitada<\/div>\n<\/div>\n<\/div>\n<\/li>\n<li class=\"specs-column\">\n<div class=\"specs-group\">\n<header class=\"specs-header\">\n<h3 class=\"specs-heading\">N\u00daMERO DE REFERENCIA<\/h3>\n<\/header>\n<div class=\"specs-block\">\n<ul class=\"specs-description-list\">\n<li>960-001013<\/li>\n<\/ul>\n<\/div>\n<\/div>\n<\/li>\n<\/ul>\n","protected":false},"excerpt":{"rendered":"<p>CONNECT LA C\u00c1MARA PARA REUNIONES MAS PORTATIL DEL MERCADO C\u00e1mara para reuniones port\u00e1til con sistema manos libre Bluetooth, para espacios peque\u00f1os, oficinas en casa y mientras te desplazas. &nbsp; VIDEO FLEXIBLE PARA TRABAJAR EN CUALQUIER [&hellip;]<\/p>\n","protected":false},"featured_media":5568,"template":"","meta":{"content-type":""},"product_cat":[95],"product_tag":[],"class_list":{"0":"post-4317","1":"product","2":"type-product","3":"status-publish","4":"has-post-thumbnail","6":"product_cat-camaras-para-conferencias","8":"first","9":"instock","10":"taxable","11":"shipping-taxable","12":"purchasable","13":"product-type-simple"},"yoast_head":"<!-- This site is optimized with the Yoast SEO Premium plugin v18.8 (Yoast SEO v26.8) - https:\/\/yoast.com\/product\/yoast-seo-premium-wordpress\/ -->\n<title>c\u00e1mara para reuniones los mejores equipos especiales para Zoom, Teams<\/title>\n<meta name=\"description\" content=\"Dise\u00f1o e instalaci\u00f3n de los mejores Sistemas de Videoconferencia para Empresas Compatibles con GMeet, Zoom, MTeams, Bluejeans, Webex, etc.\" \/>\n<meta name=\"robots\" content=\"index, follow, max-snippet:-1, max-image-preview:large, max-video-preview:-1\" \/>\n<link rel=\"canonical\" href=\"https:\/\/explotumarca.com\/?product=zoom-reuniones\" \/>\n<meta property=\"og:locale\" content=\"es_MX\" \/>\n<meta property=\"og:type\" content=\"article\" \/>\n<meta property=\"og:title\" content=\"CONNECT\" \/>\n<meta property=\"og:description\" content=\"CONNECT LA C\u00c1MARA PARA REUNIONES MAS PORTATIL DEL MERCADO C\u00e1mara para reuniones port\u00e1til con sistema manos libre Bluetooth, para espacios peque\u00f1os,\" \/>\n<meta property=\"og:url\" content=\"https:\/\/explotumarca.com\/?product=zoom-reuniones\" \/>\n<meta property=\"og:site_name\" content=\"Explo\" \/>\n<meta property=\"article:publisher\" content=\"https:\/\/www.facebook.com\/MexicoExplo\/\" \/>\n<meta property=\"article:modified_time\" content=\"2022-04-04T18:49:38+00:00\" \/>\n<meta property=\"og:image\" content=\"https:\/\/explotumarca.com\/wp-content\/uploads\/2020\/07\/Connect-Logitech-camara-videoconferencia-Explo-Explotumarca-2.jpg\" \/>\n\t<meta property=\"og:image:width\" content=\"450\" \/>\n\t<meta property=\"og:image:height\" content=\"450\" \/>\n\t<meta property=\"og:image:type\" content=\"image\/jpeg\" \/>\n<meta name=\"twitter:card\" content=\"summary_large_image\" \/>\n<meta name=\"twitter:label1\" content=\"Tiempo de lectura\" \/>\n\t<meta name=\"twitter:data1\" content=\"3 minutos\" \/>\n<script type=\"application\/ld+json\" class=\"yoast-schema-graph\">{\"@context\":\"https:\/\/schema.org\",\"@graph\":[{\"@type\":\"WebPage\",\"@id\":\"https:\/\/explotumarca.com\/?product=zoom-reuniones\",\"url\":\"https:\/\/explotumarca.com\/?product=zoom-reuniones\",\"name\":\"c\u00e1mara para reuniones los mejores equipos especiales para Zoom, Teams\",\"isPartOf\":{\"@id\":\"https:\/\/explotumarca.com\/#website\"},\"primaryImageOfPage\":{\"@id\":\"https:\/\/explotumarca.com\/?product=zoom-reuniones#primaryimage\"},\"image\":{\"@id\":\"https:\/\/explotumarca.com\/?product=zoom-reuniones#primaryimage\"},\"thumbnailUrl\":\"https:\/\/explotumarca.com\/wp-content\/uploads\/2020\/07\/Connect-Logitech-camara-videoconferencia-Explo-Explotumarca-2.jpg\",\"datePublished\":\"2020-07-09T00:49:27+00:00\",\"dateModified\":\"2022-04-04T18:49:38+00:00\",\"description\":\"Dise\u00f1o e instalaci\u00f3n de los mejores Sistemas de Videoconferencia para Empresas Compatibles con GMeet, Zoom, MTeams, Bluejeans, Webex, etc.\",\"breadcrumb\":{\"@id\":\"https:\/\/explotumarca.com\/?product=zoom-reuniones#breadcrumb\"},\"inLanguage\":\"es\",\"potentialAction\":[{\"@type\":\"ReadAction\",\"target\":[\"https:\/\/explotumarca.com\/?product=zoom-reuniones\"]}]},{\"@type\":\"ImageObject\",\"inLanguage\":\"es\",\"@id\":\"https:\/\/explotumarca.com\/?product=zoom-reuniones#primaryimage\",\"url\":\"https:\/\/explotumarca.com\/wp-content\/uploads\/2020\/07\/Connect-Logitech-camara-videoconferencia-Explo-Explotumarca-2.jpg\",\"contentUrl\":\"https:\/\/explotumarca.com\/wp-content\/uploads\/2020\/07\/Connect-Logitech-camara-videoconferencia-Explo-Explotumarca-2.jpg\",\"width\":450,\"height\":450,\"caption\":\"Connect Logitech camara videoconferencia Explo Explotumarca\"},{\"@type\":\"BreadcrumbList\",\"@id\":\"https:\/\/explotumarca.com\/?product=zoom-reuniones#breadcrumb\",\"itemListElement\":[{\"@type\":\"ListItem\",\"position\":1,\"name\":\"Inicio\",\"item\":\"https:\/\/explotumarca.com\/\"},{\"@type\":\"ListItem\",\"position\":2,\"name\":\"Productos\",\"item\":\"https:\/\/explotumarca.com\/?post_type=product\"},{\"@type\":\"ListItem\",\"position\":3,\"name\":\"CONNECT\"}]},{\"@type\":\"WebSite\",\"@id\":\"https:\/\/explotumarca.com\/#website\",\"url\":\"https:\/\/explotumarca.com\/\",\"name\":\"Explo\",\"description\":\"Productos y servicios corporativos\",\"publisher\":{\"@id\":\"https:\/\/explotumarca.com\/#organization\"},\"potentialAction\":[{\"@type\":\"SearchAction\",\"target\":{\"@type\":\"EntryPoint\",\"urlTemplate\":\"https:\/\/explotumarca.com\/?s={search_term_string}\"},\"query-input\":{\"@type\":\"PropertyValueSpecification\",\"valueRequired\":true,\"valueName\":\"search_term_string\"}}],\"inLanguage\":\"es\"},{\"@type\":\"Organization\",\"@id\":\"https:\/\/explotumarca.com\/#organization\",\"name\":\"Explo\",\"url\":\"https:\/\/explotumarca.com\/\",\"logo\":{\"@type\":\"ImageObject\",\"inLanguage\":\"es\",\"@id\":\"https:\/\/explotumarca.com\/#\/schema\/logo\/image\/\",\"url\":\"http:\/\/arsnovamx.com\/explotumarca.com\/wp-content\/uploads\/2020\/10\/Nuevo-Logo-Explo-2020.jpg\",\"contentUrl\":\"http:\/\/arsnovamx.com\/explotumarca.com\/wp-content\/uploads\/2020\/10\/Nuevo-Logo-Explo-2020.jpg\",\"width\":800,\"height\":334,\"caption\":\"Explo\"},\"image\":{\"@id\":\"https:\/\/explotumarca.com\/#\/schema\/logo\/image\/\"},\"sameAs\":[\"https:\/\/www.facebook.com\/MexicoExplo\/\"]}]}<\/script>\n<!-- \/ Yoast SEO Premium plugin. -->","yoast_head_json":{"title":"c\u00e1mara para reuniones los mejores equipos especiales para Zoom, Teams","description":"Dise\u00f1o e instalaci\u00f3n de los mejores Sistemas de Videoconferencia para Empresas Compatibles con GMeet, Zoom, MTeams, Bluejeans, Webex, etc.","robots":{"index":"index","follow":"follow","max-snippet":"max-snippet:-1","max-image-preview":"max-image-preview:large","max-video-preview":"max-video-preview:-1"},"canonical":"https:\/\/explotumarca.com\/?product=zoom-reuniones","og_locale":"es_MX","og_type":"article","og_title":"CONNECT","og_description":"CONNECT LA C\u00c1MARA PARA REUNIONES MAS PORTATIL DEL MERCADO C\u00e1mara para reuniones port\u00e1til con sistema manos libre Bluetooth, para espacios peque\u00f1os,","og_url":"https:\/\/explotumarca.com\/?product=zoom-reuniones","og_site_name":"Explo","article_publisher":"https:\/\/www.facebook.com\/MexicoExplo\/","article_modified_time":"2022-04-04T18:49:38+00:00","og_image":[{"width":450,"height":450,"url":"https:\/\/explotumarca.com\/wp-content\/uploads\/2020\/07\/Connect-Logitech-camara-videoconferencia-Explo-Explotumarca-2.jpg","type":"image\/jpeg"}],"twitter_card":"summary_large_image","twitter_misc":{"Tiempo de lectura":"3 minutos"},"schema":{"@context":"https:\/\/schema.org","@graph":[{"@type":"WebPage","@id":"https:\/\/explotumarca.com\/?product=zoom-reuniones","url":"https:\/\/explotumarca.com\/?product=zoom-reuniones","name":"c\u00e1mara para reuniones los mejores equipos especiales para Zoom, Teams","isPartOf":{"@id":"https:\/\/explotumarca.com\/#website"},"primaryImageOfPage":{"@id":"https:\/\/explotumarca.com\/?product=zoom-reuniones#primaryimage"},"image":{"@id":"https:\/\/explotumarca.com\/?product=zoom-reuniones#primaryimage"},"thumbnailUrl":"https:\/\/explotumarca.com\/wp-content\/uploads\/2020\/07\/Connect-Logitech-camara-videoconferencia-Explo-Explotumarca-2.jpg","datePublished":"2020-07-09T00:49:27+00:00","dateModified":"2022-04-04T18:49:38+00:00","description":"Dise\u00f1o e instalaci\u00f3n de los mejores Sistemas de Videoconferencia para Empresas Compatibles con GMeet, Zoom, MTeams, Bluejeans, Webex, etc.","breadcrumb":{"@id":"https:\/\/explotumarca.com\/?product=zoom-reuniones#breadcrumb"},"inLanguage":"es","potentialAction":[{"@type":"ReadAction","target":["https:\/\/explotumarca.com\/?product=zoom-reuniones"]}]},{"@type":"ImageObject","inLanguage":"es","@id":"https:\/\/explotumarca.com\/?product=zoom-reuniones#primaryimage","url":"https:\/\/explotumarca.com\/wp-content\/uploads\/2020\/07\/Connect-Logitech-camara-videoconferencia-Explo-Explotumarca-2.jpg","contentUrl":"https:\/\/explotumarca.com\/wp-content\/uploads\/2020\/07\/Connect-Logitech-camara-videoconferencia-Explo-Explotumarca-2.jpg","width":450,"height":450,"caption":"Connect Logitech camara videoconferencia Explo Explotumarca"},{"@type":"BreadcrumbList","@id":"https:\/\/explotumarca.com\/?product=zoom-reuniones#breadcrumb","itemListElement":[{"@type":"ListItem","position":1,"name":"Inicio","item":"https:\/\/explotumarca.com\/"},{"@type":"ListItem","position":2,"name":"Productos","item":"https:\/\/explotumarca.com\/?post_type=product"},{"@type":"ListItem","position":3,"name":"CONNECT"}]},{"@type":"WebSite","@id":"https:\/\/explotumarca.com\/#website","url":"https:\/\/explotumarca.com\/","name":"Explo","description":"Productos y servicios corporativos","publisher":{"@id":"https:\/\/explotumarca.com\/#organization"},"potentialAction":[{"@type":"SearchAction","target":{"@type":"EntryPoint","urlTemplate":"https:\/\/explotumarca.com\/?s={search_term_string}"},"query-input":{"@type":"PropertyValueSpecification","valueRequired":true,"valueName":"search_term_string"}}],"inLanguage":"es"},{"@type":"Organization","@id":"https:\/\/explotumarca.com\/#organization","name":"Explo","url":"https:\/\/explotumarca.com\/","logo":{"@type":"ImageObject","inLanguage":"es","@id":"https:\/\/explotumarca.com\/#\/schema\/logo\/image\/","url":"http:\/\/arsnovamx.com\/explotumarca.com\/wp-content\/uploads\/2020\/10\/Nuevo-Logo-Explo-2020.jpg","contentUrl":"http:\/\/arsnovamx.com\/explotumarca.com\/wp-content\/uploads\/2020\/10\/Nuevo-Logo-Explo-2020.jpg","width":800,"height":334,"caption":"Explo"},"image":{"@id":"https:\/\/explotumarca.com\/#\/schema\/logo\/image\/"},"sameAs":["https:\/\/www.facebook.com\/MexicoExplo\/"]}]}},"_links":{"self":[{"href":"https:\/\/explotumarca.com\/index.php?rest_route=\/wp\/v2\/product\/4317","targetHints":{"allow":["GET"]}}],"collection":[{"href":"https:\/\/explotumarca.com\/index.php?rest_route=\/wp\/v2\/product"}],"about":[{"href":"https:\/\/explotumarca.com\/index.php?rest_route=\/wp\/v2\/types\/product"}],"wp:featuredmedia":[{"embeddable":true,"href":"https:\/\/explotumarca.com\/index.php?rest_route=\/wp\/v2\/media\/5568"}],"wp:attachment":[{"href":"https:\/\/explotumarca.com\/index.php?rest_route=%2Fwp%2Fv2%2Fmedia&parent=4317"}],"wp:term":[{"taxonomy":"product_cat","embeddable":true,"href":"https:\/\/explotumarca.com\/index.php?rest_route=%2Fwp%2Fv2%2Fproduct_cat&post=4317"},{"taxonomy":"product_tag","embeddable":true,"href":"https:\/\/explotumarca.com\/index.php?rest_route=%2Fwp%2Fv2%2Fproduct_tag&post=4317"}],"curies":[{"name":"wp","href":"https:\/\/api.w.org\/{rel}","templated":true}]}}