{"id":4883,"date":"2020-12-27T19:49:35","date_gmt":"2020-12-28T01:49:35","guid":{"rendered":"http:\/\/arsnovamx.com\/explotumarca.com\/?post_type=product&#038;p=4883"},"modified":"2021-05-09T21:03:31","modified_gmt":"2021-05-10T02:03:31","slug":"despachador-jabon-liquido-gel-kimberly-clark","status":"publish","type":"product","link":"https:\/\/explotumarca.com\/?product=despachador-jabon-liquido-gel-kimberly-clark","title":{"rendered":"Despachador Jab\u00f3n L\u00edquido Gel Kimberly Clark 94335 Blanco"},"content":{"rendered":"<div id=\"description-includes\" class=\"item-description__content \">\n<div class=\"item-description__text\">\n<h3>DISPENSADOR MANUAL KIMBERLY CLARK<\/h3>\n<p>DISPENSADOR DE JAB\u00d3N LIQUIDO, GEL O SANITIZANTE MANUAL MARCA KIMBERY CLARK<\/p>\n<p>COLORES: HUMO O BLANCO<\/p>\n<p>C\u00d3DIGPO 94236<\/p>\n<p>MEDIDAS: 17 cm X 13 Cm 9.7 cm<\/p>\n<p>MATERIAL: ABS<\/p>\n<p>CAPACIDAD: 800ML<\/p>\n<p>INCLUYE: TAQUETES Y TORNILLOS DE INSTALACI\u00d3N<\/p>\n<p>APLICACI\u00d3N: EMPOTRABLE A PARED<\/p>\n<p>DOSIS POR APLICACI\u00d3N: DE 1 A 2ML<\/p>\n<p>NOTA: COMPRAS MAYORES A 6 PIEZAS EL COSTO UNITARIO IR\u00c1 DISMINUYENDO<\/p>\n<p>&nbsp;<\/p>\n<\/div>\n<p><strong>Precios Mayoreo por volumen: a mayor volumen el precio unitario ir\u00e1 disminuyendo.<\/strong><\/p>\n<p>&nbsp;<\/p>\n<h1 class=\"ui-pdp-title\">Despachador Jab\u00f3n L\u00edquido Gel Kimberly Clark 94335 Blanco<\/h1>\n<p>Despachador de jab\u00f3n l\u00edquido o alcohol en gel Kimberly Clark color blanco<br \/>\nPor su dise\u00f1o y tama\u00f1o permite ser muy econ\u00f3mico.<br \/>\nSe puede utilizar con jab\u00f3n l\u00edquido o alcohol en gel antibacterial.<\/p>\n<p>CARACTER\u00cdSTICAS PRINCIPALES:<\/p>\n<p>-Color: Blanco<br \/>\n-Sistema: Manual<br \/>\n-Capacidad: 800 ml<br \/>\n-Con llave para mayor seguridad<\/p>\n<\/div>\n","protected":false},"excerpt":{"rendered":"<p>DISPENSADOR MANUAL KIMBERLY CLARK DISPENSADOR DE JAB\u00d3N LIQUIDO, GEL O SANITIZANTE MANUAL MARCA KIMBERY CLARK COLORES: HUMO O BLANCO C\u00d3DIGPO 94236 MEDIDAS: 17 cm X 13 Cm 9.7 cm MATERIAL: ABS CAPACIDAD: 800ML INCLUYE: TAQUETES [&hellip;]<\/p>\n","protected":false},"featured_media":4885,"template":"","meta":{"content-type":""},"product_cat":[89,45,92],"product_tag":[],"class_list":{"0":"post-4883","1":"product","2":"type-product","3":"status-publish","4":"has-post-thumbnail","6":"product_cat-dispensadores-de-gel-y-jabon","7":"product_cat-dispensadores-y-termometros","8":"product_cat-productos-kc","10":"first","11":"instock","12":"featured","13":"taxable","14":"shipping-taxable","15":"purchasable","16":"product-type-simple"},"yoast_head":"<!-- This site is optimized with the Yoast SEO Premium plugin v18.8 (Yoast SEO v26.8) - https:\/\/yoast.com\/product\/yoast-seo-premium-wordpress\/ -->\n<title>Despachador Jab\u00f3n L\u00edquido Gel Kimberly Clark 94335 Blanco<\/title>\n<meta name=\"description\" content=\"Despachador Jab\u00f3n L\u00edquido Gel Kimberly Clark 94335 Blanco, env\u00edos a todo el pa\u00eds, precios menudeo y mayoreo, cotiza en segundos.\" \/>\n<meta name=\"robots\" content=\"index, follow, max-snippet:-1, max-image-preview:large, max-video-preview:-1\" \/>\n<link rel=\"canonical\" href=\"https:\/\/explotumarca.com\/?product=despachador-jabon-liquido-gel-kimberly-clark\" \/>\n<meta property=\"og:locale\" content=\"es_MX\" \/>\n<meta property=\"og:type\" content=\"article\" \/>\n<meta property=\"og:title\" content=\"Despachador Jab\u00f3n L\u00edquido Gel Kimberly Clark 94335 Blanco\" \/>\n<meta property=\"og:description\" content=\"DISPENSADOR MANUAL KIMBERLY CLARK DISPENSADOR DE JAB\u00d3N LIQUIDO, GEL O SANITIZANTE MANUAL MARCA KIMBERY CLARK COLORES: HUMO O BLANCO C\u00d3DIGPO 94236 MEDIDAS:\" \/>\n<meta property=\"og:url\" content=\"https:\/\/explotumarca.com\/?product=despachador-jabon-liquido-gel-kimberly-clark\" \/>\n<meta property=\"og:site_name\" content=\"Explo\" \/>\n<meta property=\"article:publisher\" content=\"https:\/\/www.facebook.com\/MexicoExplo\/\" \/>\n<meta property=\"article:modified_time\" content=\"2021-05-10T02:03:31+00:00\" \/>\n<meta property=\"og:image\" content=\"https:\/\/explotumarca.com\/wp-content\/uploads\/2020\/12\/Dispensador-Manual-Jabon-Gel-Kimberly-Clark-3.png\" \/>\n\t<meta property=\"og:image:width\" content=\"542\" \/>\n\t<meta property=\"og:image:height\" content=\"542\" \/>\n\t<meta property=\"og:image:type\" content=\"image\/jpeg\" \/>\n<meta name=\"twitter:card\" content=\"summary_large_image\" \/>\n<meta name=\"twitter:label1\" content=\"Tiempo de lectura\" \/>\n\t<meta name=\"twitter:data1\" content=\"1 minuto\" \/>\n<script type=\"application\/ld+json\" class=\"yoast-schema-graph\">{\"@context\":\"https:\/\/schema.org\",\"@graph\":[{\"@type\":\"WebPage\",\"@id\":\"https:\/\/explotumarca.com\/?product=despachador-jabon-liquido-gel-kimberly-clark\",\"url\":\"https:\/\/explotumarca.com\/?product=despachador-jabon-liquido-gel-kimberly-clark\",\"name\":\"Despachador Jab\u00f3n L\u00edquido Gel Kimberly Clark 94335 Blanco\",\"isPartOf\":{\"@id\":\"https:\/\/explotumarca.com\/#website\"},\"primaryImageOfPage\":{\"@id\":\"https:\/\/explotumarca.com\/?product=despachador-jabon-liquido-gel-kimberly-clark#primaryimage\"},\"image\":{\"@id\":\"https:\/\/explotumarca.com\/?product=despachador-jabon-liquido-gel-kimberly-clark#primaryimage\"},\"thumbnailUrl\":\"https:\/\/explotumarca.com\/wp-content\/uploads\/2020\/12\/Dispensador-Manual-Jabon-Gel-Kimberly-Clark-3.png\",\"datePublished\":\"2020-12-28T01:49:35+00:00\",\"dateModified\":\"2021-05-10T02:03:31+00:00\",\"description\":\"Despachador Jab\u00f3n L\u00edquido Gel Kimberly Clark 94335 Blanco, env\u00edos a todo el pa\u00eds, precios menudeo y mayoreo, cotiza en segundos.\",\"breadcrumb\":{\"@id\":\"https:\/\/explotumarca.com\/?product=despachador-jabon-liquido-gel-kimberly-clark#breadcrumb\"},\"inLanguage\":\"es\",\"potentialAction\":[{\"@type\":\"ReadAction\",\"target\":[\"https:\/\/explotumarca.com\/?product=despachador-jabon-liquido-gel-kimberly-clark\"]}]},{\"@type\":\"ImageObject\",\"inLanguage\":\"es\",\"@id\":\"https:\/\/explotumarca.com\/?product=despachador-jabon-liquido-gel-kimberly-clark#primaryimage\",\"url\":\"https:\/\/explotumarca.com\/wp-content\/uploads\/2020\/12\/Dispensador-Manual-Jabon-Gel-Kimberly-Clark-3.png\",\"contentUrl\":\"https:\/\/explotumarca.com\/wp-content\/uploads\/2020\/12\/Dispensador-Manual-Jabon-Gel-Kimberly-Clark-3.png\",\"width\":542,\"height\":542,\"caption\":\"Dispensador Despachador Manual\"},{\"@type\":\"BreadcrumbList\",\"@id\":\"https:\/\/explotumarca.com\/?product=despachador-jabon-liquido-gel-kimberly-clark#breadcrumb\",\"itemListElement\":[{\"@type\":\"ListItem\",\"position\":1,\"name\":\"Inicio\",\"item\":\"https:\/\/explotumarca.com\/\"},{\"@type\":\"ListItem\",\"position\":2,\"name\":\"Productos\",\"item\":\"https:\/\/explotumarca.com\/?post_type=product\"},{\"@type\":\"ListItem\",\"position\":3,\"name\":\"Despachador Jab\u00f3n L\u00edquido Gel Kimberly Clark 94335 Blanco\"}]},{\"@type\":\"WebSite\",\"@id\":\"https:\/\/explotumarca.com\/#website\",\"url\":\"https:\/\/explotumarca.com\/\",\"name\":\"Explo\",\"description\":\"Productos y servicios corporativos\",\"publisher\":{\"@id\":\"https:\/\/explotumarca.com\/#organization\"},\"potentialAction\":[{\"@type\":\"SearchAction\",\"target\":{\"@type\":\"EntryPoint\",\"urlTemplate\":\"https:\/\/explotumarca.com\/?s={search_term_string}\"},\"query-input\":{\"@type\":\"PropertyValueSpecification\",\"valueRequired\":true,\"valueName\":\"search_term_string\"}}],\"inLanguage\":\"es\"},{\"@type\":\"Organization\",\"@id\":\"https:\/\/explotumarca.com\/#organization\",\"name\":\"Explo\",\"url\":\"https:\/\/explotumarca.com\/\",\"logo\":{\"@type\":\"ImageObject\",\"inLanguage\":\"es\",\"@id\":\"https:\/\/explotumarca.com\/#\/schema\/logo\/image\/\",\"url\":\"http:\/\/arsnovamx.com\/explotumarca.com\/wp-content\/uploads\/2020\/10\/Nuevo-Logo-Explo-2020.jpg\",\"contentUrl\":\"http:\/\/arsnovamx.com\/explotumarca.com\/wp-content\/uploads\/2020\/10\/Nuevo-Logo-Explo-2020.jpg\",\"width\":800,\"height\":334,\"caption\":\"Explo\"},\"image\":{\"@id\":\"https:\/\/explotumarca.com\/#\/schema\/logo\/image\/\"},\"sameAs\":[\"https:\/\/www.facebook.com\/MexicoExplo\/\"]}]}<\/script>\n<!-- \/ Yoast SEO Premium plugin. -->","yoast_head_json":{"title":"Despachador Jab\u00f3n L\u00edquido Gel Kimberly Clark 94335 Blanco","description":"Despachador Jab\u00f3n L\u00edquido Gel Kimberly Clark 94335 Blanco, env\u00edos a todo el pa\u00eds, precios menudeo y mayoreo, cotiza en segundos.","robots":{"index":"index","follow":"follow","max-snippet":"max-snippet:-1","max-image-preview":"max-image-preview:large","max-video-preview":"max-video-preview:-1"},"canonical":"https:\/\/explotumarca.com\/?product=despachador-jabon-liquido-gel-kimberly-clark","og_locale":"es_MX","og_type":"article","og_title":"Despachador Jab\u00f3n L\u00edquido Gel Kimberly Clark 94335 Blanco","og_description":"DISPENSADOR MANUAL KIMBERLY CLARK DISPENSADOR DE JAB\u00d3N LIQUIDO, GEL O SANITIZANTE MANUAL MARCA KIMBERY CLARK COLORES: HUMO O BLANCO C\u00d3DIGPO 94236 MEDIDAS:","og_url":"https:\/\/explotumarca.com\/?product=despachador-jabon-liquido-gel-kimberly-clark","og_site_name":"Explo","article_publisher":"https:\/\/www.facebook.com\/MexicoExplo\/","article_modified_time":"2021-05-10T02:03:31+00:00","og_image":[{"width":542,"height":542,"url":"https:\/\/explotumarca.com\/wp-content\/uploads\/2020\/12\/Dispensador-Manual-Jabon-Gel-Kimberly-Clark-3.png","type":"image\/jpeg"}],"twitter_card":"summary_large_image","twitter_misc":{"Tiempo de lectura":"1 minuto"},"schema":{"@context":"https:\/\/schema.org","@graph":[{"@type":"WebPage","@id":"https:\/\/explotumarca.com\/?product=despachador-jabon-liquido-gel-kimberly-clark","url":"https:\/\/explotumarca.com\/?product=despachador-jabon-liquido-gel-kimberly-clark","name":"Despachador Jab\u00f3n L\u00edquido Gel Kimberly Clark 94335 Blanco","isPartOf":{"@id":"https:\/\/explotumarca.com\/#website"},"primaryImageOfPage":{"@id":"https:\/\/explotumarca.com\/?product=despachador-jabon-liquido-gel-kimberly-clark#primaryimage"},"image":{"@id":"https:\/\/explotumarca.com\/?product=despachador-jabon-liquido-gel-kimberly-clark#primaryimage"},"thumbnailUrl":"https:\/\/explotumarca.com\/wp-content\/uploads\/2020\/12\/Dispensador-Manual-Jabon-Gel-Kimberly-Clark-3.png","datePublished":"2020-12-28T01:49:35+00:00","dateModified":"2021-05-10T02:03:31+00:00","description":"Despachador Jab\u00f3n L\u00edquido Gel Kimberly Clark 94335 Blanco, env\u00edos a todo el pa\u00eds, precios menudeo y mayoreo, cotiza en segundos.","breadcrumb":{"@id":"https:\/\/explotumarca.com\/?product=despachador-jabon-liquido-gel-kimberly-clark#breadcrumb"},"inLanguage":"es","potentialAction":[{"@type":"ReadAction","target":["https:\/\/explotumarca.com\/?product=despachador-jabon-liquido-gel-kimberly-clark"]}]},{"@type":"ImageObject","inLanguage":"es","@id":"https:\/\/explotumarca.com\/?product=despachador-jabon-liquido-gel-kimberly-clark#primaryimage","url":"https:\/\/explotumarca.com\/wp-content\/uploads\/2020\/12\/Dispensador-Manual-Jabon-Gel-Kimberly-Clark-3.png","contentUrl":"https:\/\/explotumarca.com\/wp-content\/uploads\/2020\/12\/Dispensador-Manual-Jabon-Gel-Kimberly-Clark-3.png","width":542,"height":542,"caption":"Dispensador Despachador Manual"},{"@type":"BreadcrumbList","@id":"https:\/\/explotumarca.com\/?product=despachador-jabon-liquido-gel-kimberly-clark#breadcrumb","itemListElement":[{"@type":"ListItem","position":1,"name":"Inicio","item":"https:\/\/explotumarca.com\/"},{"@type":"ListItem","position":2,"name":"Productos","item":"https:\/\/explotumarca.com\/?post_type=product"},{"@type":"ListItem","position":3,"name":"Despachador Jab\u00f3n L\u00edquido Gel Kimberly Clark 94335 Blanco"}]},{"@type":"WebSite","@id":"https:\/\/explotumarca.com\/#website","url":"https:\/\/explotumarca.com\/","name":"Explo","description":"Productos y servicios corporativos","publisher":{"@id":"https:\/\/explotumarca.com\/#organization"},"potentialAction":[{"@type":"SearchAction","target":{"@type":"EntryPoint","urlTemplate":"https:\/\/explotumarca.com\/?s={search_term_string}"},"query-input":{"@type":"PropertyValueSpecification","valueRequired":true,"valueName":"search_term_string"}}],"inLanguage":"es"},{"@type":"Organization","@id":"https:\/\/explotumarca.com\/#organization","name":"Explo","url":"https:\/\/explotumarca.com\/","logo":{"@type":"ImageObject","inLanguage":"es","@id":"https:\/\/explotumarca.com\/#\/schema\/logo\/image\/","url":"http:\/\/arsnovamx.com\/explotumarca.com\/wp-content\/uploads\/2020\/10\/Nuevo-Logo-Explo-2020.jpg","contentUrl":"http:\/\/arsnovamx.com\/explotumarca.com\/wp-content\/uploads\/2020\/10\/Nuevo-Logo-Explo-2020.jpg","width":800,"height":334,"caption":"Explo"},"image":{"@id":"https:\/\/explotumarca.com\/#\/schema\/logo\/image\/"},"sameAs":["https:\/\/www.facebook.com\/MexicoExplo\/"]}]}},"_links":{"self":[{"href":"https:\/\/explotumarca.com\/index.php?rest_route=\/wp\/v2\/product\/4883","targetHints":{"allow":["GET"]}}],"collection":[{"href":"https:\/\/explotumarca.com\/index.php?rest_route=\/wp\/v2\/product"}],"about":[{"href":"https:\/\/explotumarca.com\/index.php?rest_route=\/wp\/v2\/types\/product"}],"wp:featuredmedia":[{"embeddable":true,"href":"https:\/\/explotumarca.com\/index.php?rest_route=\/wp\/v2\/media\/4885"}],"wp:attachment":[{"href":"https:\/\/explotumarca.com\/index.php?rest_route=%2Fwp%2Fv2%2Fmedia&parent=4883"}],"wp:term":[{"taxonomy":"product_cat","embeddable":true,"href":"https:\/\/explotumarca.com\/index.php?rest_route=%2Fwp%2Fv2%2Fproduct_cat&post=4883"},{"taxonomy":"product_tag","embeddable":true,"href":"https:\/\/explotumarca.com\/index.php?rest_route=%2Fwp%2Fv2%2Fproduct_tag&post=4883"}],"curies":[{"name":"wp","href":"https:\/\/api.w.org\/{rel}","templated":true}]}}