{"id":4888,"date":"2020-12-27T20:13:04","date_gmt":"2020-12-28T02:13:04","guid":{"rendered":"http:\/\/arsnovamx.com\/explotumarca.com\/?post_type=product&#038;p=4888"},"modified":"2021-05-09T20:52:23","modified_gmt":"2021-05-10T01:52:23","slug":"despachador-de-rollo-jumbo-jr-kimberly-clark","status":"publish","type":"product","link":"https:\/\/explotumarca.com\/?product=despachador-de-rollo-jumbo-jr-kimberly-clark","title":{"rendered":"Despachador De Rollo Jumbo Jr. Kimberly Clark Humo 94208"},"content":{"rendered":"<h3>Despachador De Rollo Jumbo Jr. Kimberly Clark Humo 94208<\/h3>\n<p>MARCA: KIMBERLY CLARK<\/p>\n<p>MODELO: 942084<\/p>\n<p>APLICACI\u00d3N: EMPOTRABLE EN PARED O MURO\u00c7<\/p>\n<p>COLOR: HUMO<\/p>\n<p>INCLUYE: LLAVE ANTI ROBO, TAQUETES Y TORNILLOS PARA INSTALACI\u00d3N<\/p>\n<p>MEDIDAS: 30.5 x 26.0 x 14.3 CM<\/p>\n<p>PRECIO MAYOREO UNITARIO EN COMPRA M\u00cdNIMA DE 6 PIEZAS<\/p>\n<p>COMPATIBILIDAD DE PAPEL: CUALQUIER ROLLO QUE SU BOBINA SEA DE 200MTS DE LARGO X 9CM DE ANCHO, CUALQUIER MARCA<\/p>\n<p>NOTA: COMPRAS MAYORES A 6 PIEZAS EL COSTO UNITARIO IR\u00c1 DISMINUYENDO<\/p>\n<p>&nbsp;<\/p>\n<p><strong>Precios Mayoreo por volumen: a mayor volumen el precio unitario ir\u00e1 disminuyendo.<\/strong><\/p>\n<p>&nbsp;<\/p>\n<p>Despachador de Papel Higi\u00e9nico Jumbo Jr.<br \/>\nColor: Humo Marca Kimberly Clark<br \/>\nCLAVE: 94208<\/p>\n<p>El despachador de Kimberly Clark, brinda la mejor higi\u00e9ne e imagen del ba\u00f1o, ofrece un alto desempe\u00f1o en ba\u00f1os de lujo en spa&#8217;s, clubes, oficinas, hoteles, restaurantes. Este despachador es para su uso con papel higi\u00e9nico Mini Jumbo (modelo 90602), cuenta con una apariencia compacta y una cubierta traslucida para observar los niveles de los rollos de papel. Para instalaci\u00f3n en pared y cerrado con llave.<\/p>\n<p>Es de f\u00e1cil instalaci\u00f3n y los materiales con los que esta construido lo hacen uno de los despachadores mas resistentes.<\/p>\n<p>Su dise\u00f1o permite mantener el rollo colocado de forma segura, gracias a su llave de seguridad.<\/p>\n","protected":false},"excerpt":{"rendered":"<p>Despachador De Rollo Jumbo Jr. Kimberly Clark Humo 94208 MARCA: KIMBERLY CLARK MODELO: 942084 APLICACI\u00d3N: EMPOTRABLE EN PARED O MURO\u00c7 COLOR: HUMO INCLUYE: LLAVE ANTI ROBO, TAQUETES Y TORNILLOS PARA INSTALACI\u00d3N MEDIDAS: 30.5 x 26.0 [&hellip;]<\/p>\n","protected":false},"featured_media":4890,"template":"","meta":{"content-type":""},"product_cat":[86,92],"product_tag":[],"class_list":{"0":"post-4888","1":"product","2":"type-product","3":"status-publish","4":"has-post-thumbnail","6":"product_cat-dispensadores-de-papel","7":"product_cat-productos-kc","9":"first","10":"instock","11":"taxable","12":"shipping-taxable","13":"purchasable","14":"product-type-simple"},"yoast_head":"<!-- This site is optimized with the Yoast SEO Premium plugin v18.8 (Yoast SEO v26.8) - https:\/\/yoast.com\/product\/yoast-seo-premium-wordpress\/ -->\n<title>Despachador De Rollo Jumbo Jr. Kimberly Clark Humo 94208<\/title>\n<meta name=\"description\" content=\"Despachador De Rollo Jumbo Jr. Kimberly Clark Humo 94208, env\u00edos a toda la Rep\u00fablica, precios mayoreo y menudeo, cotiza en segundo.\" \/>\n<meta name=\"robots\" content=\"index, follow, max-snippet:-1, max-image-preview:large, max-video-preview:-1\" \/>\n<link rel=\"canonical\" href=\"https:\/\/explotumarca.com\/?product=despachador-de-rollo-jumbo-jr-kimberly-clark\" \/>\n<meta property=\"og:locale\" content=\"es_MX\" \/>\n<meta property=\"og:type\" content=\"article\" \/>\n<meta property=\"og:title\" content=\"Despachador De Rollo Jumbo Jr. Kimberly Clark Humo 94208\" \/>\n<meta property=\"og:description\" content=\"Despachador De Rollo Jumbo Jr. Kimberly Clark Humo 94208 MARCA: KIMBERLY CLARK MODELO: 942084 APLICACI\u00d3N: EMPOTRABLE EN PARED O MURO\u00c7 COLOR: HUMO INCLUYE:\" \/>\n<meta property=\"og:url\" content=\"https:\/\/explotumarca.com\/?product=despachador-de-rollo-jumbo-jr-kimberly-clark\" \/>\n<meta property=\"og:site_name\" content=\"Explo\" \/>\n<meta property=\"article:publisher\" content=\"https:\/\/www.facebook.com\/MexicoExplo\/\" \/>\n<meta property=\"article:modified_time\" content=\"2021-05-10T01:52:23+00:00\" \/>\n<meta property=\"og:image\" content=\"https:\/\/explotumarca.com\/wp-content\/uploads\/2020\/12\/Dispensador-de-papel-higienico-Kimberly-Clark-3.png\" \/>\n\t<meta property=\"og:image:width\" content=\"542\" \/>\n\t<meta property=\"og:image:height\" content=\"542\" \/>\n\t<meta property=\"og:image:type\" content=\"image\/jpeg\" \/>\n<meta name=\"twitter:card\" content=\"summary_large_image\" \/>\n<meta name=\"twitter:label1\" content=\"Tiempo de lectura\" \/>\n\t<meta name=\"twitter:data1\" content=\"1 minuto\" \/>\n<script type=\"application\/ld+json\" class=\"yoast-schema-graph\">{\"@context\":\"https:\/\/schema.org\",\"@graph\":[{\"@type\":\"WebPage\",\"@id\":\"https:\/\/explotumarca.com\/?product=despachador-de-rollo-jumbo-jr-kimberly-clark\",\"url\":\"https:\/\/explotumarca.com\/?product=despachador-de-rollo-jumbo-jr-kimberly-clark\",\"name\":\"Despachador De Rollo Jumbo Jr. Kimberly Clark Humo 94208\",\"isPartOf\":{\"@id\":\"https:\/\/explotumarca.com\/#website\"},\"primaryImageOfPage\":{\"@id\":\"https:\/\/explotumarca.com\/?product=despachador-de-rollo-jumbo-jr-kimberly-clark#primaryimage\"},\"image\":{\"@id\":\"https:\/\/explotumarca.com\/?product=despachador-de-rollo-jumbo-jr-kimberly-clark#primaryimage\"},\"thumbnailUrl\":\"https:\/\/explotumarca.com\/wp-content\/uploads\/2020\/12\/Dispensador-de-papel-higienico-Kimberly-Clark-3.png\",\"datePublished\":\"2020-12-28T02:13:04+00:00\",\"dateModified\":\"2021-05-10T01:52:23+00:00\",\"description\":\"Despachador De Rollo Jumbo Jr. Kimberly Clark Humo 94208, env\u00edos a toda la Rep\u00fablica, precios mayoreo y menudeo, cotiza en segundo.\",\"breadcrumb\":{\"@id\":\"https:\/\/explotumarca.com\/?product=despachador-de-rollo-jumbo-jr-kimberly-clark#breadcrumb\"},\"inLanguage\":\"es\",\"potentialAction\":[{\"@type\":\"ReadAction\",\"target\":[\"https:\/\/explotumarca.com\/?product=despachador-de-rollo-jumbo-jr-kimberly-clark\"]}]},{\"@type\":\"ImageObject\",\"inLanguage\":\"es\",\"@id\":\"https:\/\/explotumarca.com\/?product=despachador-de-rollo-jumbo-jr-kimberly-clark#primaryimage\",\"url\":\"https:\/\/explotumarca.com\/wp-content\/uploads\/2020\/12\/Dispensador-de-papel-higienico-Kimberly-Clark-3.png\",\"contentUrl\":\"https:\/\/explotumarca.com\/wp-content\/uploads\/2020\/12\/Dispensador-de-papel-higienico-Kimberly-Clark-3.png\",\"width\":542,\"height\":542,\"caption\":\"Dispensador de Papel Kimberly Clark modelo clave 94208\"},{\"@type\":\"BreadcrumbList\",\"@id\":\"https:\/\/explotumarca.com\/?product=despachador-de-rollo-jumbo-jr-kimberly-clark#breadcrumb\",\"itemListElement\":[{\"@type\":\"ListItem\",\"position\":1,\"name\":\"Inicio\",\"item\":\"https:\/\/explotumarca.com\/\"},{\"@type\":\"ListItem\",\"position\":2,\"name\":\"Productos\",\"item\":\"https:\/\/explotumarca.com\/?post_type=product\"},{\"@type\":\"ListItem\",\"position\":3,\"name\":\"Despachador De Rollo Jumbo Jr. Kimberly Clark Humo 94208\"}]},{\"@type\":\"WebSite\",\"@id\":\"https:\/\/explotumarca.com\/#website\",\"url\":\"https:\/\/explotumarca.com\/\",\"name\":\"Explo\",\"description\":\"Productos y servicios corporativos\",\"publisher\":{\"@id\":\"https:\/\/explotumarca.com\/#organization\"},\"potentialAction\":[{\"@type\":\"SearchAction\",\"target\":{\"@type\":\"EntryPoint\",\"urlTemplate\":\"https:\/\/explotumarca.com\/?s={search_term_string}\"},\"query-input\":{\"@type\":\"PropertyValueSpecification\",\"valueRequired\":true,\"valueName\":\"search_term_string\"}}],\"inLanguage\":\"es\"},{\"@type\":\"Organization\",\"@id\":\"https:\/\/explotumarca.com\/#organization\",\"name\":\"Explo\",\"url\":\"https:\/\/explotumarca.com\/\",\"logo\":{\"@type\":\"ImageObject\",\"inLanguage\":\"es\",\"@id\":\"https:\/\/explotumarca.com\/#\/schema\/logo\/image\/\",\"url\":\"http:\/\/arsnovamx.com\/explotumarca.com\/wp-content\/uploads\/2020\/10\/Nuevo-Logo-Explo-2020.jpg\",\"contentUrl\":\"http:\/\/arsnovamx.com\/explotumarca.com\/wp-content\/uploads\/2020\/10\/Nuevo-Logo-Explo-2020.jpg\",\"width\":800,\"height\":334,\"caption\":\"Explo\"},\"image\":{\"@id\":\"https:\/\/explotumarca.com\/#\/schema\/logo\/image\/\"},\"sameAs\":[\"https:\/\/www.facebook.com\/MexicoExplo\/\"]}]}<\/script>\n<!-- \/ Yoast SEO Premium plugin. -->","yoast_head_json":{"title":"Despachador De Rollo Jumbo Jr. Kimberly Clark Humo 94208","description":"Despachador De Rollo Jumbo Jr. Kimberly Clark Humo 94208, env\u00edos a toda la Rep\u00fablica, precios mayoreo y menudeo, cotiza en segundo.","robots":{"index":"index","follow":"follow","max-snippet":"max-snippet:-1","max-image-preview":"max-image-preview:large","max-video-preview":"max-video-preview:-1"},"canonical":"https:\/\/explotumarca.com\/?product=despachador-de-rollo-jumbo-jr-kimberly-clark","og_locale":"es_MX","og_type":"article","og_title":"Despachador De Rollo Jumbo Jr. Kimberly Clark Humo 94208","og_description":"Despachador De Rollo Jumbo Jr. Kimberly Clark Humo 94208 MARCA: KIMBERLY CLARK MODELO: 942084 APLICACI\u00d3N: EMPOTRABLE EN PARED O MURO\u00c7 COLOR: HUMO INCLUYE:","og_url":"https:\/\/explotumarca.com\/?product=despachador-de-rollo-jumbo-jr-kimberly-clark","og_site_name":"Explo","article_publisher":"https:\/\/www.facebook.com\/MexicoExplo\/","article_modified_time":"2021-05-10T01:52:23+00:00","og_image":[{"width":542,"height":542,"url":"https:\/\/explotumarca.com\/wp-content\/uploads\/2020\/12\/Dispensador-de-papel-higienico-Kimberly-Clark-3.png","type":"image\/jpeg"}],"twitter_card":"summary_large_image","twitter_misc":{"Tiempo de lectura":"1 minuto"},"schema":{"@context":"https:\/\/schema.org","@graph":[{"@type":"WebPage","@id":"https:\/\/explotumarca.com\/?product=despachador-de-rollo-jumbo-jr-kimberly-clark","url":"https:\/\/explotumarca.com\/?product=despachador-de-rollo-jumbo-jr-kimberly-clark","name":"Despachador De Rollo Jumbo Jr. Kimberly Clark Humo 94208","isPartOf":{"@id":"https:\/\/explotumarca.com\/#website"},"primaryImageOfPage":{"@id":"https:\/\/explotumarca.com\/?product=despachador-de-rollo-jumbo-jr-kimberly-clark#primaryimage"},"image":{"@id":"https:\/\/explotumarca.com\/?product=despachador-de-rollo-jumbo-jr-kimberly-clark#primaryimage"},"thumbnailUrl":"https:\/\/explotumarca.com\/wp-content\/uploads\/2020\/12\/Dispensador-de-papel-higienico-Kimberly-Clark-3.png","datePublished":"2020-12-28T02:13:04+00:00","dateModified":"2021-05-10T01:52:23+00:00","description":"Despachador De Rollo Jumbo Jr. Kimberly Clark Humo 94208, env\u00edos a toda la Rep\u00fablica, precios mayoreo y menudeo, cotiza en segundo.","breadcrumb":{"@id":"https:\/\/explotumarca.com\/?product=despachador-de-rollo-jumbo-jr-kimberly-clark#breadcrumb"},"inLanguage":"es","potentialAction":[{"@type":"ReadAction","target":["https:\/\/explotumarca.com\/?product=despachador-de-rollo-jumbo-jr-kimberly-clark"]}]},{"@type":"ImageObject","inLanguage":"es","@id":"https:\/\/explotumarca.com\/?product=despachador-de-rollo-jumbo-jr-kimberly-clark#primaryimage","url":"https:\/\/explotumarca.com\/wp-content\/uploads\/2020\/12\/Dispensador-de-papel-higienico-Kimberly-Clark-3.png","contentUrl":"https:\/\/explotumarca.com\/wp-content\/uploads\/2020\/12\/Dispensador-de-papel-higienico-Kimberly-Clark-3.png","width":542,"height":542,"caption":"Dispensador de Papel Kimberly Clark modelo clave 94208"},{"@type":"BreadcrumbList","@id":"https:\/\/explotumarca.com\/?product=despachador-de-rollo-jumbo-jr-kimberly-clark#breadcrumb","itemListElement":[{"@type":"ListItem","position":1,"name":"Inicio","item":"https:\/\/explotumarca.com\/"},{"@type":"ListItem","position":2,"name":"Productos","item":"https:\/\/explotumarca.com\/?post_type=product"},{"@type":"ListItem","position":3,"name":"Despachador De Rollo Jumbo Jr. Kimberly Clark Humo 94208"}]},{"@type":"WebSite","@id":"https:\/\/explotumarca.com\/#website","url":"https:\/\/explotumarca.com\/","name":"Explo","description":"Productos y servicios corporativos","publisher":{"@id":"https:\/\/explotumarca.com\/#organization"},"potentialAction":[{"@type":"SearchAction","target":{"@type":"EntryPoint","urlTemplate":"https:\/\/explotumarca.com\/?s={search_term_string}"},"query-input":{"@type":"PropertyValueSpecification","valueRequired":true,"valueName":"search_term_string"}}],"inLanguage":"es"},{"@type":"Organization","@id":"https:\/\/explotumarca.com\/#organization","name":"Explo","url":"https:\/\/explotumarca.com\/","logo":{"@type":"ImageObject","inLanguage":"es","@id":"https:\/\/explotumarca.com\/#\/schema\/logo\/image\/","url":"http:\/\/arsnovamx.com\/explotumarca.com\/wp-content\/uploads\/2020\/10\/Nuevo-Logo-Explo-2020.jpg","contentUrl":"http:\/\/arsnovamx.com\/explotumarca.com\/wp-content\/uploads\/2020\/10\/Nuevo-Logo-Explo-2020.jpg","width":800,"height":334,"caption":"Explo"},"image":{"@id":"https:\/\/explotumarca.com\/#\/schema\/logo\/image\/"},"sameAs":["https:\/\/www.facebook.com\/MexicoExplo\/"]}]}},"_links":{"self":[{"href":"https:\/\/explotumarca.com\/index.php?rest_route=\/wp\/v2\/product\/4888","targetHints":{"allow":["GET"]}}],"collection":[{"href":"https:\/\/explotumarca.com\/index.php?rest_route=\/wp\/v2\/product"}],"about":[{"href":"https:\/\/explotumarca.com\/index.php?rest_route=\/wp\/v2\/types\/product"}],"wp:featuredmedia":[{"embeddable":true,"href":"https:\/\/explotumarca.com\/index.php?rest_route=\/wp\/v2\/media\/4890"}],"wp:attachment":[{"href":"https:\/\/explotumarca.com\/index.php?rest_route=%2Fwp%2Fv2%2Fmedia&parent=4888"}],"wp:term":[{"taxonomy":"product_cat","embeddable":true,"href":"https:\/\/explotumarca.com\/index.php?rest_route=%2Fwp%2Fv2%2Fproduct_cat&post=4888"},{"taxonomy":"product_tag","embeddable":true,"href":"https:\/\/explotumarca.com\/index.php?rest_route=%2Fwp%2Fv2%2Fproduct_tag&post=4888"}],"curies":[{"name":"wp","href":"https:\/\/api.w.org\/{rel}","templated":true}]}}