{"id":5102,"date":"2021-02-17T19:35:44","date_gmt":"2021-02-18T01:35:44","guid":{"rendered":"http:\/\/arsnovamx.com\/explotumarca.com\/?post_type=product&#038;p=5102"},"modified":"2021-08-23T13:18:40","modified_gmt":"2021-08-23T18:18:40","slug":"dispensador-de-gel-y-termometro-k9-sobre-pedestal-uso","status":"publish","type":"product","link":"https:\/\/explotumarca.com\/?product=dispensador-de-gel-y-termometro-k9-sobre-pedestal-uso","title":{"rendered":"Dispensador  sobre Pedestal"},"content":{"rendered":"<div id=\"description-includes\" class=\"item-description__content \">\n<div class=\"item-description__text\">\n<h3>DISPENSADOR DE GEL + PEDESTAL DE USO RUDO, TODO INCLU\u00cdDO.<\/h3>\n<ul>\n<li>AUTOM\u00c1TICO Y SENSOR \u00d3PTICO<\/li>\n<li>GAMA ALTA<\/li>\n<li>SIN CONTACTO<\/li>\n<li>1000 ML DE CAPACIDAD<\/li>\n<li>F\u00c1CIL DE INSTALAR (EMPOTRABLE A LA PARED)<\/li>\n<li>F\u00c1CIL DE RELLENAR<\/li>\n<li>HECHO DE PL\u00c1STICO ABS<\/li>\n<li>PESO: 1,700 GRAMOS<\/li>\n<li>FUNCIONA CON SENSOR INTELIGENTE INFRAROJO<\/li>\n<li>MEDIDAS 17X15,5X32<\/li>\n<li>FUNCIONA CON USB<\/li>\n<li>LAS MANOS DEBES PONER APROXIMADAMENTE A 10 CM DE DISTANCIA DEL SENSOR<\/li>\n<\/ul>\n<p>PEDESTAL<\/p>\n<ul>\n<li>HECHO 100% MET\u00c1LICO<\/li>\n<li>BASE EN PLACA MET\u00c1LICA ROBUSTA, TUBO Y LAMINA CALIBRE 16<\/li>\n<li>PINTADO EN COLOR BLANCO EN HORNO PARA USO RUDO<\/li>\n<li>DETALLES CON ESQUINAS REDONDEADAS<\/li>\n<li>PESO 9KGS<\/li>\n<li>MEDIDAS 40X115X20<\/li>\n<li>BASE PARA EVITAR DERRAMES DEL DISPESADOR<\/li>\n<\/ul>\n<p>INFORMACI\u00d3N (55) 3342 8218<\/p>\n<p>EXPLOTUMARCA.COM<\/p>\n<div class=\"video-shortcode\"><iframe title=\"Dispensador de Gel K9 montado sobre pedestal\" width=\"1170\" height=\"658\" src=\"https:\/\/www.youtube.com\/embed\/tS5-njVF2ms?feature=oembed\" frameborder=\"0\" allow=\"accelerometer; autoplay; clipboard-write; encrypted-media; gyroscope; picture-in-picture\" allowfullscreen><\/iframe><\/div>\n<\/div>\n<\/div>\n","protected":false},"excerpt":{"rendered":"<p>DISPENSADOR DE GEL + PEDESTAL DE USO RUDO, TODO INCLU\u00cdDO. AUTOM\u00c1TICO Y SENSOR \u00d3PTICO GAMA ALTA SIN CONTACTO 1000 ML DE CAPACIDAD F\u00c1CIL DE INSTALAR (EMPOTRABLE A LA PARED) F\u00c1CIL DE RELLENAR HECHO DE PL\u00c1STICO [&hellip;]<\/p>\n","protected":false},"featured_media":5115,"template":"","meta":{"content-type":""},"product_cat":[88,45,87],"product_tag":[],"class_list":{"0":"post-5102","1":"product","2":"type-product","3":"status-publish","4":"has-post-thumbnail","6":"product_cat-dispensador-de-gel-con-termometro","7":"product_cat-dispensadores-y-termometros","8":"product_cat-termometros-sin-contacto","10":"first","11":"instock","12":"taxable","13":"shipping-taxable","14":"purchasable","15":"product-type-simple"},"yoast_head":"<!-- This site is optimized with the Yoast SEO Premium plugin v18.8 (Yoast SEO v26.8) - https:\/\/yoast.com\/product\/yoast-seo-premium-wordpress\/ -->\n<title>Dispensador sobre Pedestal - Explo<\/title>\n<meta name=\"robots\" content=\"index, follow, max-snippet:-1, max-image-preview:large, max-video-preview:-1\" \/>\n<link rel=\"canonical\" href=\"https:\/\/explotumarca.com\/?product=dispensador-de-gel-y-termometro-k9-sobre-pedestal-uso\" \/>\n<meta property=\"og:locale\" content=\"es_MX\" \/>\n<meta property=\"og:type\" content=\"article\" \/>\n<meta property=\"og:title\" content=\"Dispensador sobre Pedestal\" \/>\n<meta property=\"og:description\" content=\"DISPENSADOR DE GEL + PEDESTAL DE USO RUDO, TODO INCLU\u00cdDO. AUTOM\u00c1TICO Y SENSOR \u00d3PTICO GAMA ALTA SIN CONTACTO 1000 ML DE CAPACIDAD F\u00c1CIL DE INSTALAR\" \/>\n<meta property=\"og:url\" content=\"https:\/\/explotumarca.com\/?product=dispensador-de-gel-y-termometro-k9-sobre-pedestal-uso\" \/>\n<meta property=\"og:site_name\" content=\"Explo\" \/>\n<meta property=\"article:publisher\" content=\"https:\/\/www.facebook.com\/MexicoExplo\/\" \/>\n<meta property=\"article:modified_time\" content=\"2021-08-23T18:18:40+00:00\" \/>\n<meta property=\"og:image\" content=\"https:\/\/explotumarca.com\/wp-content\/uploads\/2021\/02\/Dispensador-despachador-de-gel-K9-Pedestal-6.jpg\" \/>\n\t<meta property=\"og:image:width\" content=\"450\" \/>\n\t<meta property=\"og:image:height\" content=\"450\" \/>\n\t<meta property=\"og:image:type\" content=\"image\/jpeg\" \/>\n<meta name=\"twitter:card\" content=\"summary_large_image\" \/>\n<meta name=\"twitter:label1\" content=\"Tiempo de lectura\" \/>\n\t<meta name=\"twitter:data1\" content=\"1 minuto\" \/>\n<script type=\"application\/ld+json\" class=\"yoast-schema-graph\">{\"@context\":\"https:\/\/schema.org\",\"@graph\":[{\"@type\":\"WebPage\",\"@id\":\"https:\/\/explotumarca.com\/?product=dispensador-de-gel-y-termometro-k9-sobre-pedestal-uso\",\"url\":\"https:\/\/explotumarca.com\/?product=dispensador-de-gel-y-termometro-k9-sobre-pedestal-uso\",\"name\":\"Dispensador sobre Pedestal - Explo\",\"isPartOf\":{\"@id\":\"https:\/\/explotumarca.com\/#website\"},\"primaryImageOfPage\":{\"@id\":\"https:\/\/explotumarca.com\/?product=dispensador-de-gel-y-termometro-k9-sobre-pedestal-uso#primaryimage\"},\"image\":{\"@id\":\"https:\/\/explotumarca.com\/?product=dispensador-de-gel-y-termometro-k9-sobre-pedestal-uso#primaryimage\"},\"thumbnailUrl\":\"https:\/\/explotumarca.com\/wp-content\/uploads\/2021\/02\/Dispensador-despachador-de-gel-K9-Pedestal-6.jpg\",\"datePublished\":\"2021-02-18T01:35:44+00:00\",\"dateModified\":\"2021-08-23T18:18:40+00:00\",\"breadcrumb\":{\"@id\":\"https:\/\/explotumarca.com\/?product=dispensador-de-gel-y-termometro-k9-sobre-pedestal-uso#breadcrumb\"},\"inLanguage\":\"es\",\"potentialAction\":[{\"@type\":\"ReadAction\",\"target\":[\"https:\/\/explotumarca.com\/?product=dispensador-de-gel-y-termometro-k9-sobre-pedestal-uso\"]}]},{\"@type\":\"ImageObject\",\"inLanguage\":\"es\",\"@id\":\"https:\/\/explotumarca.com\/?product=dispensador-de-gel-y-termometro-k9-sobre-pedestal-uso#primaryimage\",\"url\":\"https:\/\/explotumarca.com\/wp-content\/uploads\/2021\/02\/Dispensador-despachador-de-gel-K9-Pedestal-6.jpg\",\"contentUrl\":\"https:\/\/explotumarca.com\/wp-content\/uploads\/2021\/02\/Dispensador-despachador-de-gel-K9-Pedestal-6.jpg\",\"width\":450,\"height\":450,\"caption\":\"Dispensador Despachador de gel con termometro k9 pro X Explotumarca\"},{\"@type\":\"BreadcrumbList\",\"@id\":\"https:\/\/explotumarca.com\/?product=dispensador-de-gel-y-termometro-k9-sobre-pedestal-uso#breadcrumb\",\"itemListElement\":[{\"@type\":\"ListItem\",\"position\":1,\"name\":\"Inicio\",\"item\":\"https:\/\/explotumarca.com\/\"},{\"@type\":\"ListItem\",\"position\":2,\"name\":\"Productos\",\"item\":\"https:\/\/explotumarca.com\/?post_type=product\"},{\"@type\":\"ListItem\",\"position\":3,\"name\":\"Dispensador sobre Pedestal\"}]},{\"@type\":\"WebSite\",\"@id\":\"https:\/\/explotumarca.com\/#website\",\"url\":\"https:\/\/explotumarca.com\/\",\"name\":\"Explo\",\"description\":\"Productos y servicios corporativos\",\"publisher\":{\"@id\":\"https:\/\/explotumarca.com\/#organization\"},\"potentialAction\":[{\"@type\":\"SearchAction\",\"target\":{\"@type\":\"EntryPoint\",\"urlTemplate\":\"https:\/\/explotumarca.com\/?s={search_term_string}\"},\"query-input\":{\"@type\":\"PropertyValueSpecification\",\"valueRequired\":true,\"valueName\":\"search_term_string\"}}],\"inLanguage\":\"es\"},{\"@type\":\"Organization\",\"@id\":\"https:\/\/explotumarca.com\/#organization\",\"name\":\"Explo\",\"url\":\"https:\/\/explotumarca.com\/\",\"logo\":{\"@type\":\"ImageObject\",\"inLanguage\":\"es\",\"@id\":\"https:\/\/explotumarca.com\/#\/schema\/logo\/image\/\",\"url\":\"http:\/\/arsnovamx.com\/explotumarca.com\/wp-content\/uploads\/2020\/10\/Nuevo-Logo-Explo-2020.jpg\",\"contentUrl\":\"http:\/\/arsnovamx.com\/explotumarca.com\/wp-content\/uploads\/2020\/10\/Nuevo-Logo-Explo-2020.jpg\",\"width\":800,\"height\":334,\"caption\":\"Explo\"},\"image\":{\"@id\":\"https:\/\/explotumarca.com\/#\/schema\/logo\/image\/\"},\"sameAs\":[\"https:\/\/www.facebook.com\/MexicoExplo\/\"]}]}<\/script>\n<!-- \/ Yoast SEO Premium plugin. -->","yoast_head_json":{"title":"Dispensador sobre Pedestal - Explo","robots":{"index":"index","follow":"follow","max-snippet":"max-snippet:-1","max-image-preview":"max-image-preview:large","max-video-preview":"max-video-preview:-1"},"canonical":"https:\/\/explotumarca.com\/?product=dispensador-de-gel-y-termometro-k9-sobre-pedestal-uso","og_locale":"es_MX","og_type":"article","og_title":"Dispensador sobre Pedestal","og_description":"DISPENSADOR DE GEL + PEDESTAL DE USO RUDO, TODO INCLU\u00cdDO. AUTOM\u00c1TICO Y SENSOR \u00d3PTICO GAMA ALTA SIN CONTACTO 1000 ML DE CAPACIDAD F\u00c1CIL DE INSTALAR","og_url":"https:\/\/explotumarca.com\/?product=dispensador-de-gel-y-termometro-k9-sobre-pedestal-uso","og_site_name":"Explo","article_publisher":"https:\/\/www.facebook.com\/MexicoExplo\/","article_modified_time":"2021-08-23T18:18:40+00:00","og_image":[{"width":450,"height":450,"url":"https:\/\/explotumarca.com\/wp-content\/uploads\/2021\/02\/Dispensador-despachador-de-gel-K9-Pedestal-6.jpg","type":"image\/jpeg"}],"twitter_card":"summary_large_image","twitter_misc":{"Tiempo de lectura":"1 minuto"},"schema":{"@context":"https:\/\/schema.org","@graph":[{"@type":"WebPage","@id":"https:\/\/explotumarca.com\/?product=dispensador-de-gel-y-termometro-k9-sobre-pedestal-uso","url":"https:\/\/explotumarca.com\/?product=dispensador-de-gel-y-termometro-k9-sobre-pedestal-uso","name":"Dispensador sobre Pedestal - Explo","isPartOf":{"@id":"https:\/\/explotumarca.com\/#website"},"primaryImageOfPage":{"@id":"https:\/\/explotumarca.com\/?product=dispensador-de-gel-y-termometro-k9-sobre-pedestal-uso#primaryimage"},"image":{"@id":"https:\/\/explotumarca.com\/?product=dispensador-de-gel-y-termometro-k9-sobre-pedestal-uso#primaryimage"},"thumbnailUrl":"https:\/\/explotumarca.com\/wp-content\/uploads\/2021\/02\/Dispensador-despachador-de-gel-K9-Pedestal-6.jpg","datePublished":"2021-02-18T01:35:44+00:00","dateModified":"2021-08-23T18:18:40+00:00","breadcrumb":{"@id":"https:\/\/explotumarca.com\/?product=dispensador-de-gel-y-termometro-k9-sobre-pedestal-uso#breadcrumb"},"inLanguage":"es","potentialAction":[{"@type":"ReadAction","target":["https:\/\/explotumarca.com\/?product=dispensador-de-gel-y-termometro-k9-sobre-pedestal-uso"]}]},{"@type":"ImageObject","inLanguage":"es","@id":"https:\/\/explotumarca.com\/?product=dispensador-de-gel-y-termometro-k9-sobre-pedestal-uso#primaryimage","url":"https:\/\/explotumarca.com\/wp-content\/uploads\/2021\/02\/Dispensador-despachador-de-gel-K9-Pedestal-6.jpg","contentUrl":"https:\/\/explotumarca.com\/wp-content\/uploads\/2021\/02\/Dispensador-despachador-de-gel-K9-Pedestal-6.jpg","width":450,"height":450,"caption":"Dispensador Despachador de gel con termometro k9 pro X Explotumarca"},{"@type":"BreadcrumbList","@id":"https:\/\/explotumarca.com\/?product=dispensador-de-gel-y-termometro-k9-sobre-pedestal-uso#breadcrumb","itemListElement":[{"@type":"ListItem","position":1,"name":"Inicio","item":"https:\/\/explotumarca.com\/"},{"@type":"ListItem","position":2,"name":"Productos","item":"https:\/\/explotumarca.com\/?post_type=product"},{"@type":"ListItem","position":3,"name":"Dispensador sobre Pedestal"}]},{"@type":"WebSite","@id":"https:\/\/explotumarca.com\/#website","url":"https:\/\/explotumarca.com\/","name":"Explo","description":"Productos y servicios corporativos","publisher":{"@id":"https:\/\/explotumarca.com\/#organization"},"potentialAction":[{"@type":"SearchAction","target":{"@type":"EntryPoint","urlTemplate":"https:\/\/explotumarca.com\/?s={search_term_string}"},"query-input":{"@type":"PropertyValueSpecification","valueRequired":true,"valueName":"search_term_string"}}],"inLanguage":"es"},{"@type":"Organization","@id":"https:\/\/explotumarca.com\/#organization","name":"Explo","url":"https:\/\/explotumarca.com\/","logo":{"@type":"ImageObject","inLanguage":"es","@id":"https:\/\/explotumarca.com\/#\/schema\/logo\/image\/","url":"http:\/\/arsnovamx.com\/explotumarca.com\/wp-content\/uploads\/2020\/10\/Nuevo-Logo-Explo-2020.jpg","contentUrl":"http:\/\/arsnovamx.com\/explotumarca.com\/wp-content\/uploads\/2020\/10\/Nuevo-Logo-Explo-2020.jpg","width":800,"height":334,"caption":"Explo"},"image":{"@id":"https:\/\/explotumarca.com\/#\/schema\/logo\/image\/"},"sameAs":["https:\/\/www.facebook.com\/MexicoExplo\/"]}]}},"_links":{"self":[{"href":"https:\/\/explotumarca.com\/index.php?rest_route=\/wp\/v2\/product\/5102","targetHints":{"allow":["GET"]}}],"collection":[{"href":"https:\/\/explotumarca.com\/index.php?rest_route=\/wp\/v2\/product"}],"about":[{"href":"https:\/\/explotumarca.com\/index.php?rest_route=\/wp\/v2\/types\/product"}],"wp:featuredmedia":[{"embeddable":true,"href":"https:\/\/explotumarca.com\/index.php?rest_route=\/wp\/v2\/media\/5115"}],"wp:attachment":[{"href":"https:\/\/explotumarca.com\/index.php?rest_route=%2Fwp%2Fv2%2Fmedia&parent=5102"}],"wp:term":[{"taxonomy":"product_cat","embeddable":true,"href":"https:\/\/explotumarca.com\/index.php?rest_route=%2Fwp%2Fv2%2Fproduct_cat&post=5102"},{"taxonomy":"product_tag","embeddable":true,"href":"https:\/\/explotumarca.com\/index.php?rest_route=%2Fwp%2Fv2%2Fproduct_tag&post=5102"}],"curies":[{"name":"wp","href":"https:\/\/api.w.org\/{rel}","templated":true}]}}