{"id":5135,"date":"2021-03-05T18:38:46","date_gmt":"2021-03-06T00:38:46","guid":{"rendered":"http:\/\/arsnovamx.com\/explotumarca.com\/?post_type=product&#038;p=5135"},"modified":"2022-04-04T14:36:51","modified_gmt":"2022-04-04T19:36:51","slug":"group-hasta-para-8-personas-copia","status":"publish","type":"product","link":"https:\/\/explotumarca.com\/?product=group-hasta-para-8-personas-copia","title":{"rendered":"MEETUP"},"content":{"rendered":"<h1>MEETUP C\u00c1MARA TODO EN UNO<\/h1>\n<p>C\u00e1mara todo en uno con lente ultra gran angular perfecta para salas peque\u00f1as. Dise\u00f1ada para espacios de reuni\u00f3n reducidos y otros espacios m\u00e1s peque\u00f1os, <a href=\"https:\/\/www.logitech.com\/es-mx\/products\/video-conferencing\/conference-cameras\/meetup-conferencecam.960-001101.html\">MeetUp<\/a> re\u00fane grandes prestaciones en un formato compacto, para Zoom, Teams, GMeet, etc.<\/p>\n<ul class=\"pangea-cmp tech-specs js-pangea-tech-specs\">\n<li class=\"specs-column\">\n<div class=\"specs-group\">\n<header class=\"specs-header\">\n<h3 class=\"specs-heading\">DIMENSIONES DE C\u00c1MARA TODO EN UNO<\/h3>\n<\/header>\n<div class=\"specs-block\">\n<h4 class=\"specs-title\">Unidad principal<\/h4>\n<ul class=\"specs-description-list\">\n<li>Altura: 104 mm<\/li>\n<li>Ancho: Chrome OS&#x2122;<\/li>\n<li>Profundidad: 85 mm<\/li>\n<li>Peso: 1,04 kg<\/li>\n<\/ul>\n<\/div>\n<div class=\"specs-block\">\n<h4 class=\"specs-title\">Control remoto<\/h4>\n<ul class=\"specs-description-list\">\n<li>Altura: 83 mm<\/li>\n<li>Ancho: 83 mm<\/li>\n<li>Profundidad: 10 mm<\/li>\n<\/ul>\n<\/div>\n<\/div>\n<\/li>\n<li class=\"specs-column\">\n<div class=\"specs-group\">\n<header class=\"specs-header\">\n<h3 class=\"specs-heading\">REQUISITOS DEL SISTEMA (C\u00c1MARA TODO EN UNO)<\/h3>\n<\/header>\n<div class=\"specs-block\">\n<div class=\"specs-description\">Windows\u00ae 7, Windows 8.1 o Windows 10<\/div>\n<\/div>\n<div class=\"specs-block\">\n<div class=\"specs-description\">macOS 10.10 o posteriores<\/div>\n<\/div>\n<div class=\"specs-block\">\n<div class=\"specs-description\">Puerto USB 2.0 (se requiere puerto y cable USB 3.0 para video 4K)<\/div>\n<\/div>\n<div class=\"specs-block\">\n<h4 class=\"specs-title\">TECNOLOG\u00cdAS RIGHTSENSE<\/h4>\n<ul class=\"specs-description-list\">\n<li>Tecnolog\u00edas avanzadas e innovaciones de dise\u00f1o que automatizan y facilitan la colaboraci\u00f3n de video<\/li>\n<\/ul>\n<\/div>\n<div class=\"specs-block\">\n<h4 class=\"specs-title\">RightLight<\/h4>\n<ul class=\"specs-description-list\">\n<li>Compensaci\u00f3n de poca luz<\/li>\n<li>Reducci\u00f3n de ruido de video<\/li>\n<li>Optimizaci\u00f3n de saturaci\u00f3n con poca luz<\/li>\n<\/ul>\n<\/div>\n<div class=\"specs-block\">\n<h4 class=\"specs-title\">RightSight<\/h4>\n<ul class=\"specs-description-list\">\n<li>Detecci\u00f3n de la figura humana<\/li>\n<li>Encuadre autom\u00e1tico de participantes al comienzo de la reuni\u00f3n, a petici\u00f3n y cuando los participantes se incorporan, se van o cambian de posici\u00f3n.<\/li>\n<\/ul>\n<\/div>\n<div class=\"specs-block\">\n<h4 class=\"specs-title\">RightSound<\/h4>\n<ul class=\"specs-description-list\">\n<li>Sistema de inteligencia artificial capaz de distinguir la voz humana de otros sonidos<\/li>\n<li>AEC (Acoustic Echo Cancellation)<\/li>\n<li>VAD (Voice Activity Detector)<\/li>\n<li>Supresi\u00f3n de ruido de fondo<\/li>\n<li>Graduaci\u00f3n autom\u00e1tica de volumen para voces altas y bajas<\/li>\n<li>Un algoritmo de limitaci\u00f3n de pico impide incluso el clipping de bocina moment\u00e1neo para evitar distorsiones<\/li>\n<li>Caja antivibraci\u00f3n<\/li>\n<\/ul>\n<\/div>\n<div class=\"specs-block\">\n<h4 class=\"specs-title\">COMPATIBILIDAD E INTEGRACIONES<\/h4>\n<ul class=\"specs-description-list\">\n<li>Conexi\u00f3n USB Plug and Play<\/li>\n<li>Certificaci\u00f3n para Skype&#x2122; for Business y Microsoft Teams<\/li>\n<li>Tencent Meeting Certified<\/li>\n<li>Certificaci\u00f3n para Zoom&#x2122;<\/li>\n<li>Certificaci\u00f3n para Fuze&#x2122;<\/li>\n<li>Con certificaci\u00f3n para hardware Google Hangouts Meet<\/li>\n<li>Microsoft Cortana\u00ae<\/li>\n<li>Cisco Jabber\u00ae<\/li>\n<li>Compatibilidad con BlueJeans, BroadSoft&#x2122;, GoToMeeting&#x2122;, Vidyo&#x2122; y otras aplicaciones de videoconferencia, grabaci\u00f3n y difusi\u00f3n utilizables con c\u00e1maras USB<\/li>\n<\/ul>\n<\/div>\n<\/div>\n<p>&nbsp;<\/li>\n<\/ul>\n<ul class=\"pangea-cmp tech-specs js-pangea-tech-specs\">\n<li class=\"specs-column\">\n<div class=\"specs-group\">\n<header class=\"specs-header\">\n<h3 class=\"specs-heading\">ESPECIFICACIONES T\u00c9CNICAS C\u00c1MARA TODO EN UNO<\/h3>\n<\/header>\n<div class=\"specs-block\">\n<h4 class=\"specs-title\">C\u00e1mara<\/h4>\n<ul class=\"specs-description-list\">\n<li>Lente Logitech especial con zoom HD 5x y panor\u00e1mica (+\/- 25\u00b0) e inclinaci\u00f3n (+\/- 15\u00b0) robotizadas<\/li>\n<li>Campo visual: Diagonal: 120\u00b0, Horizontal: 113\u00b0, Vertical: 80,7\u00b0<\/li>\n<li>Cobertura total de sala (campo visual + panor\u00e1mica e inclinaci\u00f3n): 163\u00b0 (an) x 110\u00b0 (al)<\/li>\n<li>3 preajustes de posici\u00f3n de c\u00e1mara<\/li>\n<li>Encuadre autom\u00e1tico Rightsight: Requiere Windows 10 de 64 bits o macOS 10.14 o posteriores<\/li>\n<\/ul>\n<\/div>\n<div class=\"specs-block\">\n<h4 class=\"specs-title\">Desempe\u00f1o de video:<\/h4>\n<ul class=\"specs-description-list\">\n<li>Videoconferencias Ultra HD 4K (hasta 3840 x 2160 p\u00edxeles a 30 fps con cable USB 3.0 proporcionado por el cliente)<\/li>\n<li>Full HD 1080p (hasta 1920 x 1080 p\u00edxeles a 30 fps)<\/li>\n<li>HD 720p (hasta 1280 x 720 p\u00edxeles a 30 fps)<\/li>\n<\/ul>\n<\/div>\n<div class=\"specs-block\">\n<h4 class=\"specs-title\">Micr\u00f3fono<\/h4>\n<ul class=\"specs-description-list\">\n<li>Micr\u00f3fono integrado con 3 elementos de formaci\u00f3n de haces<\/li>\n<li>Radio de captaci\u00f3n\n<ul class=\"specs-description-list\">\n<li>MeetUp: 4\u00a0m<\/li>\n<li>Con micr\u00f3fono de expansi\u00f3n opcional: 5 m<\/li>\n<\/ul>\n<\/li>\n<li>Sensibilidad: -27 dB<\/li>\n<li>Respuesta de frecuencia de micr\u00f3fono: 90\u00a0Hz &#8211; 16\u00a0kHz para reproducci\u00f3n de voz completa y alta inteligibilidad sin ruido<\/li>\n<li>Desempe\u00f1o de la formaci\u00f3n de haces: Con emparejamiento de f\u00e1brica, el algoritmo de formaci\u00f3n de haces de radiaci\u00f3n transversal de muy baja distorsi\u00f3n dirige los micr\u00f3fonos a la persona que habla para ofrecer la mejor captaci\u00f3n de voz y reducci\u00f3n de ruido<\/li>\n<li>AEC (Acoustic Echo Cancellation)<\/li>\n<li>VAD (Voice Activity Detector)<\/li>\n<li>Supresi\u00f3n de ruido de fondo de micr\u00f3fono<\/li>\n<li>Velocidad de datos de micr\u00f3fono: Frecuencia de muestreo de 32 kHz<\/li>\n<li>N.\u00ba de participantes recomendado:: 6<\/li>\n<li>N.\u00ba de participantes con micr\u00f3fono de expansi\u00f3n: 8<\/li>\n<\/ul>\n<\/div>\n<div class=\"specs-block\">\n<h4 class=\"specs-title\">Bocina<\/h4>\n<ul class=\"specs-description-list\">\n<li>Volumen ajustable a 95 dB SPL a 0,5 metros de pico<\/li>\n<li>Sensibilidad de altavoz de 86,5+\/-3dB SPL a 0,5 metros<\/li>\n<li>Distorsi\u00f3n: 200-300\u00a0Hz &lt; 3%, 3000 Hz -10\u00a0KHz &lt; 1%<\/li>\n<li>La caja antivibraci\u00f3n pendiente de patente mejora la claridad de la voz y limita la transmisi\u00f3n de sonido a espacios adyacentes<\/li>\n<\/ul>\n<\/div>\n<div class=\"specs-block\">\n<h4 class=\"specs-title\">General<\/h4>\n<ul class=\"specs-description-list\">\n<li>Tecnolog\u00eda inal\u00e1mbrica Bluetooth<\/li>\n<li>Control remoto a distancia por RF<\/li>\n<li>Soporte integrado para mesa\/pared; disponible pieza de montaje en TV opcional<\/li>\n<li>Kensington Security Slot<\/li>\n<\/ul>\n<\/div>\n<\/div>\n<p>&nbsp;<\/li>\n<\/ul>\n<ul class=\"pangea-cmp tech-specs js-pangea-tech-specs\">\n<li class=\"specs-column\">\n<div class=\"specs-group\">\n<header class=\"specs-header\">\n<h3 class=\"specs-heading\">CONTENIDO DE LA CAJA<\/h3>\n<\/header>\n<div class=\"specs-block\">\n<ul class=\"specs-description-list\">\n<li>ConferenceCam <a href=\"https:\/\/www.logitech.com\/es-mx\/products\/video-conferencing\/conference-cameras\/meetup-conferencecam.960-001101.html\">MeetUp<\/a><\/li>\n<li>Remoto<\/li>\n<li>Cable USB: 5 m<\/li>\n<li>Fuente de alimentaci\u00f3n<\/li>\n<li>Pieza de montaje en pared y material de instalaci\u00f3n<\/li>\n<li>Documentaci\u00f3n del usuario<\/li>\n<\/ul>\n<\/div>\n<\/div>\n<\/li>\n<li class=\"specs-column\">\n<div class=\"specs-group\">\n<header class=\"specs-header\">\n<h3 class=\"specs-heading\">N\u00daMERO DE REFERENCIA<\/h3>\n<\/header>\n<div class=\"specs-block\">\n<ul class=\"specs-description-list\">\n<li>960-001101<\/li>\n<\/ul>\n<\/div>\n<\/div>\n<\/li>\n<\/ul>\n","protected":false},"excerpt":{"rendered":"<p>MEETUP C\u00c1MARA TODO EN UNO C\u00e1mara todo en uno con lente ultra gran angular perfecta para salas peque\u00f1as. Dise\u00f1ada para espacios de reuni\u00f3n reducidos y otros espacios m\u00e1s peque\u00f1os, MeetUp re\u00fane grandes prestaciones en un [&hellip;]<\/p>\n","protected":false},"featured_media":5543,"template":"","meta":{"content-type":""},"product_cat":[95],"product_tag":[],"class_list":{"0":"post-5135","1":"product","2":"type-product","3":"status-publish","4":"has-post-thumbnail","6":"product_cat-camaras-para-conferencias","8":"first","9":"instock","10":"taxable","11":"shipping-taxable","12":"purchasable","13":"product-type-simple"},"yoast_head":"<!-- This site is optimized with the Yoast SEO Premium plugin v18.8 (Yoast SEO v26.8) - https:\/\/yoast.com\/product\/yoast-seo-premium-wordpress\/ -->\n<title>Zoom videollamadas; venta de equipos especiales para zoom<\/title>\n<meta name=\"description\" content=\"c\u00e1mara para videoconferencia todo en uno, para salas de reuniones compatibles con Zomm, Teams, GMeet y varios programas para videoconferencias\" \/>\n<meta name=\"robots\" content=\"index, follow, max-snippet:-1, max-image-preview:large, max-video-preview:-1\" \/>\n<link rel=\"canonical\" href=\"https:\/\/explotumarca.com\/?product=group-hasta-para-8-personas-copia\" \/>\n<meta property=\"og:locale\" content=\"es_MX\" \/>\n<meta property=\"og:type\" content=\"article\" \/>\n<meta property=\"og:title\" content=\"MEETUP\" \/>\n<meta property=\"og:description\" content=\"MEETUP C\u00c1MARA TODO EN UNO C\u00e1mara todo en uno con lente ultra gran angular perfecta para salas peque\u00f1as. Dise\u00f1ada para espacios de reuni\u00f3n reducidos y\" \/>\n<meta property=\"og:url\" content=\"https:\/\/explotumarca.com\/?product=group-hasta-para-8-personas-copia\" \/>\n<meta property=\"og:site_name\" content=\"Explo\" \/>\n<meta property=\"article:publisher\" content=\"https:\/\/www.facebook.com\/MexicoExplo\/\" \/>\n<meta property=\"article:modified_time\" content=\"2022-04-04T19:36:51+00:00\" \/>\n<meta property=\"og:image\" content=\"https:\/\/explotumarca.com\/wp-content\/uploads\/2021\/03\/Meetup-camara-para-video-conferencias-salas-Explo-Explotumarca-Logitech.jpg\" \/>\n\t<meta property=\"og:image:width\" content=\"450\" \/>\n\t<meta property=\"og:image:height\" content=\"450\" \/>\n\t<meta property=\"og:image:type\" content=\"image\/jpeg\" \/>\n<meta name=\"twitter:card\" content=\"summary_large_image\" \/>\n<meta name=\"twitter:label1\" content=\"Tiempo de lectura\" \/>\n\t<meta name=\"twitter:data1\" content=\"3 minutos\" \/>\n<script type=\"application\/ld+json\" class=\"yoast-schema-graph\">{\"@context\":\"https:\/\/schema.org\",\"@graph\":[{\"@type\":\"WebPage\",\"@id\":\"https:\/\/explotumarca.com\/?product=group-hasta-para-8-personas-copia\",\"url\":\"https:\/\/explotumarca.com\/?product=group-hasta-para-8-personas-copia\",\"name\":\"Zoom videollamadas; venta de equipos especiales para zoom\",\"isPartOf\":{\"@id\":\"https:\/\/explotumarca.com\/#website\"},\"primaryImageOfPage\":{\"@id\":\"https:\/\/explotumarca.com\/?product=group-hasta-para-8-personas-copia#primaryimage\"},\"image\":{\"@id\":\"https:\/\/explotumarca.com\/?product=group-hasta-para-8-personas-copia#primaryimage\"},\"thumbnailUrl\":\"https:\/\/explotumarca.com\/wp-content\/uploads\/2021\/03\/Meetup-camara-para-video-conferencias-salas-Explo-Explotumarca-Logitech.jpg\",\"datePublished\":\"2021-03-06T00:38:46+00:00\",\"dateModified\":\"2022-04-04T19:36:51+00:00\",\"description\":\"c\u00e1mara para videoconferencia todo en uno, para salas de reuniones compatibles con Zomm, Teams, GMeet y varios programas para videoconferencias\",\"breadcrumb\":{\"@id\":\"https:\/\/explotumarca.com\/?product=group-hasta-para-8-personas-copia#breadcrumb\"},\"inLanguage\":\"es\",\"potentialAction\":[{\"@type\":\"ReadAction\",\"target\":[\"https:\/\/explotumarca.com\/?product=group-hasta-para-8-personas-copia\"]}]},{\"@type\":\"ImageObject\",\"inLanguage\":\"es\",\"@id\":\"https:\/\/explotumarca.com\/?product=group-hasta-para-8-personas-copia#primaryimage\",\"url\":\"https:\/\/explotumarca.com\/wp-content\/uploads\/2021\/03\/Meetup-camara-para-video-conferencias-salas-Explo-Explotumarca-Logitech.jpg\",\"contentUrl\":\"https:\/\/explotumarca.com\/wp-content\/uploads\/2021\/03\/Meetup-camara-para-video-conferencias-salas-Explo-Explotumarca-Logitech.jpg\",\"width\":450,\"height\":450,\"caption\":\"Meetup camara para video conferencias salas Explo Explotumarca Logitech\"},{\"@type\":\"BreadcrumbList\",\"@id\":\"https:\/\/explotumarca.com\/?product=group-hasta-para-8-personas-copia#breadcrumb\",\"itemListElement\":[{\"@type\":\"ListItem\",\"position\":1,\"name\":\"Inicio\",\"item\":\"https:\/\/explotumarca.com\/\"},{\"@type\":\"ListItem\",\"position\":2,\"name\":\"Productos\",\"item\":\"https:\/\/explotumarca.com\/?post_type=product\"},{\"@type\":\"ListItem\",\"position\":3,\"name\":\"MEETUP\"}]},{\"@type\":\"WebSite\",\"@id\":\"https:\/\/explotumarca.com\/#website\",\"url\":\"https:\/\/explotumarca.com\/\",\"name\":\"Explo\",\"description\":\"Productos y servicios corporativos\",\"publisher\":{\"@id\":\"https:\/\/explotumarca.com\/#organization\"},\"potentialAction\":[{\"@type\":\"SearchAction\",\"target\":{\"@type\":\"EntryPoint\",\"urlTemplate\":\"https:\/\/explotumarca.com\/?s={search_term_string}\"},\"query-input\":{\"@type\":\"PropertyValueSpecification\",\"valueRequired\":true,\"valueName\":\"search_term_string\"}}],\"inLanguage\":\"es\"},{\"@type\":\"Organization\",\"@id\":\"https:\/\/explotumarca.com\/#organization\",\"name\":\"Explo\",\"url\":\"https:\/\/explotumarca.com\/\",\"logo\":{\"@type\":\"ImageObject\",\"inLanguage\":\"es\",\"@id\":\"https:\/\/explotumarca.com\/#\/schema\/logo\/image\/\",\"url\":\"http:\/\/arsnovamx.com\/explotumarca.com\/wp-content\/uploads\/2020\/10\/Nuevo-Logo-Explo-2020.jpg\",\"contentUrl\":\"http:\/\/arsnovamx.com\/explotumarca.com\/wp-content\/uploads\/2020\/10\/Nuevo-Logo-Explo-2020.jpg\",\"width\":800,\"height\":334,\"caption\":\"Explo\"},\"image\":{\"@id\":\"https:\/\/explotumarca.com\/#\/schema\/logo\/image\/\"},\"sameAs\":[\"https:\/\/www.facebook.com\/MexicoExplo\/\"]}]}<\/script>\n<!-- \/ Yoast SEO Premium plugin. -->","yoast_head_json":{"title":"Zoom videollamadas; venta de equipos especiales para zoom","description":"c\u00e1mara para videoconferencia todo en uno, para salas de reuniones compatibles con Zomm, Teams, GMeet y varios programas para videoconferencias","robots":{"index":"index","follow":"follow","max-snippet":"max-snippet:-1","max-image-preview":"max-image-preview:large","max-video-preview":"max-video-preview:-1"},"canonical":"https:\/\/explotumarca.com\/?product=group-hasta-para-8-personas-copia","og_locale":"es_MX","og_type":"article","og_title":"MEETUP","og_description":"MEETUP C\u00c1MARA TODO EN UNO C\u00e1mara todo en uno con lente ultra gran angular perfecta para salas peque\u00f1as. Dise\u00f1ada para espacios de reuni\u00f3n reducidos y","og_url":"https:\/\/explotumarca.com\/?product=group-hasta-para-8-personas-copia","og_site_name":"Explo","article_publisher":"https:\/\/www.facebook.com\/MexicoExplo\/","article_modified_time":"2022-04-04T19:36:51+00:00","og_image":[{"width":450,"height":450,"url":"https:\/\/explotumarca.com\/wp-content\/uploads\/2021\/03\/Meetup-camara-para-video-conferencias-salas-Explo-Explotumarca-Logitech.jpg","type":"image\/jpeg"}],"twitter_card":"summary_large_image","twitter_misc":{"Tiempo de lectura":"3 minutos"},"schema":{"@context":"https:\/\/schema.org","@graph":[{"@type":"WebPage","@id":"https:\/\/explotumarca.com\/?product=group-hasta-para-8-personas-copia","url":"https:\/\/explotumarca.com\/?product=group-hasta-para-8-personas-copia","name":"Zoom videollamadas; venta de equipos especiales para zoom","isPartOf":{"@id":"https:\/\/explotumarca.com\/#website"},"primaryImageOfPage":{"@id":"https:\/\/explotumarca.com\/?product=group-hasta-para-8-personas-copia#primaryimage"},"image":{"@id":"https:\/\/explotumarca.com\/?product=group-hasta-para-8-personas-copia#primaryimage"},"thumbnailUrl":"https:\/\/explotumarca.com\/wp-content\/uploads\/2021\/03\/Meetup-camara-para-video-conferencias-salas-Explo-Explotumarca-Logitech.jpg","datePublished":"2021-03-06T00:38:46+00:00","dateModified":"2022-04-04T19:36:51+00:00","description":"c\u00e1mara para videoconferencia todo en uno, para salas de reuniones compatibles con Zomm, Teams, GMeet y varios programas para videoconferencias","breadcrumb":{"@id":"https:\/\/explotumarca.com\/?product=group-hasta-para-8-personas-copia#breadcrumb"},"inLanguage":"es","potentialAction":[{"@type":"ReadAction","target":["https:\/\/explotumarca.com\/?product=group-hasta-para-8-personas-copia"]}]},{"@type":"ImageObject","inLanguage":"es","@id":"https:\/\/explotumarca.com\/?product=group-hasta-para-8-personas-copia#primaryimage","url":"https:\/\/explotumarca.com\/wp-content\/uploads\/2021\/03\/Meetup-camara-para-video-conferencias-salas-Explo-Explotumarca-Logitech.jpg","contentUrl":"https:\/\/explotumarca.com\/wp-content\/uploads\/2021\/03\/Meetup-camara-para-video-conferencias-salas-Explo-Explotumarca-Logitech.jpg","width":450,"height":450,"caption":"Meetup camara para video conferencias salas Explo Explotumarca Logitech"},{"@type":"BreadcrumbList","@id":"https:\/\/explotumarca.com\/?product=group-hasta-para-8-personas-copia#breadcrumb","itemListElement":[{"@type":"ListItem","position":1,"name":"Inicio","item":"https:\/\/explotumarca.com\/"},{"@type":"ListItem","position":2,"name":"Productos","item":"https:\/\/explotumarca.com\/?post_type=product"},{"@type":"ListItem","position":3,"name":"MEETUP"}]},{"@type":"WebSite","@id":"https:\/\/explotumarca.com\/#website","url":"https:\/\/explotumarca.com\/","name":"Explo","description":"Productos y servicios corporativos","publisher":{"@id":"https:\/\/explotumarca.com\/#organization"},"potentialAction":[{"@type":"SearchAction","target":{"@type":"EntryPoint","urlTemplate":"https:\/\/explotumarca.com\/?s={search_term_string}"},"query-input":{"@type":"PropertyValueSpecification","valueRequired":true,"valueName":"search_term_string"}}],"inLanguage":"es"},{"@type":"Organization","@id":"https:\/\/explotumarca.com\/#organization","name":"Explo","url":"https:\/\/explotumarca.com\/","logo":{"@type":"ImageObject","inLanguage":"es","@id":"https:\/\/explotumarca.com\/#\/schema\/logo\/image\/","url":"http:\/\/arsnovamx.com\/explotumarca.com\/wp-content\/uploads\/2020\/10\/Nuevo-Logo-Explo-2020.jpg","contentUrl":"http:\/\/arsnovamx.com\/explotumarca.com\/wp-content\/uploads\/2020\/10\/Nuevo-Logo-Explo-2020.jpg","width":800,"height":334,"caption":"Explo"},"image":{"@id":"https:\/\/explotumarca.com\/#\/schema\/logo\/image\/"},"sameAs":["https:\/\/www.facebook.com\/MexicoExplo\/"]}]}},"_links":{"self":[{"href":"https:\/\/explotumarca.com\/index.php?rest_route=\/wp\/v2\/product\/5135","targetHints":{"allow":["GET"]}}],"collection":[{"href":"https:\/\/explotumarca.com\/index.php?rest_route=\/wp\/v2\/product"}],"about":[{"href":"https:\/\/explotumarca.com\/index.php?rest_route=\/wp\/v2\/types\/product"}],"wp:featuredmedia":[{"embeddable":true,"href":"https:\/\/explotumarca.com\/index.php?rest_route=\/wp\/v2\/media\/5543"}],"wp:attachment":[{"href":"https:\/\/explotumarca.com\/index.php?rest_route=%2Fwp%2Fv2%2Fmedia&parent=5135"}],"wp:term":[{"taxonomy":"product_cat","embeddable":true,"href":"https:\/\/explotumarca.com\/index.php?rest_route=%2Fwp%2Fv2%2Fproduct_cat&post=5135"},{"taxonomy":"product_tag","embeddable":true,"href":"https:\/\/explotumarca.com\/index.php?rest_route=%2Fwp%2Fv2%2Fproduct_tag&post=5135"}],"curies":[{"name":"wp","href":"https:\/\/api.w.org\/{rel}","templated":true}]}}