{"id":5172,"date":"2021-04-16T15:25:25","date_gmt":"2021-04-16T20:25:25","guid":{"rendered":"http:\/\/arsnovamx.com\/explotumarca.com\/?post_type=product&#038;p=5172"},"modified":"2021-08-21T23:40:19","modified_gmt":"2021-08-22T04:40:19","slug":"termometro-sin-contacto-k3-sobre-tripie-metalico","status":"publish","type":"product","link":"https:\/\/explotumarca.com\/?product=termometro-sin-contacto-k3-sobre-tripie-metalico","title":{"rendered":"Detector de temperatura sin contacto K3 sobre tripi\u00e9 met\u00e1lico"},"content":{"rendered":"<h3>DETECTOR DE TEMPERATURA K3 SOBRE PEDESTAL<\/h3>\n<div class=\"video-shortcode\"><iframe title=\"Termometro K3 sobre tripie, pared o pedestal sin contacto infrarrojo\" width=\"1170\" height=\"658\" src=\"https:\/\/www.youtube.com\/embed\/5jf-o1KizgY?feature=oembed\" frameborder=\"0\" allow=\"accelerometer; autoplay; clipboard-write; encrypted-media; gyroscope; picture-in-picture\" allowfullscreen><\/iframe><\/div>\n<p>&nbsp;<\/p>\n<p>INCLUYE:<br \/>\n1 Term\u00f3metro infrarrojo modelo K3<br \/>\n1 Cable usb para conectar<br \/>\n1 Pedestal<\/p>\n<p>DESCRIPCION<br \/>\nEs el term\u00f3metro m\u00e1s r\u00e1pido y preciso, en tan solo 0.5 segundos<br \/>\nTrabaja conectado o bien lo puedes usar con bater\u00edas<\/p>\n<p>&#8211; Alarma de temperatura alta (mayor a 37.5\u00b0C)<br \/>\n&#8211; F\u00e1cil instalaci\u00f3n o montaje<\/p>\n<p>Ideal para lugares de alto flujo de personas, evita tener personal tomando la temperatura.<\/p>\n<p>Agiliza la entrada a tu empresa, oficinas o negocio utilizando este term\u00f3metro K3 , que te ayuda a evitar aglomeraciones en entradas y facilitando el ingreso de tus empleados o clientes respetando la distancia social.<\/p>\n<p>VENTAJAS<br \/>\n&#8211; Sin Contacto, sin necesidad de sostenerlo con la mano<br \/>\n&#8211; Usa un nuevo chip, el tiempo de inducci\u00f3n es m\u00e1s r\u00e1pido (500 ms); La tasa de paso por minuto se mejora en gran medida (50 personas\/min).<br \/>\n&#8211; Medici\u00f3n precisa de temperatura, tolerancia de precisi\u00f3n: +\/-0,2 (34 ~ 45 grados C)<br \/>\n&#8211; Alarma en detecci\u00f3n de bater\u00eda baja y advertencia de luz de temperatura an\u00f3mala. ARRIBA DE 37.5 grados<br \/>\n&#8211; Se puede conectar a una fuente de alimentaci\u00f3n USB y de banco de energ\u00eda, bater\u00eda de litio 18650<br \/>\n&#8211; Pantalla de alta definici\u00f3n con distancia de visi\u00f3n de 5m.<br \/>\n&#8211; Se puede usar en diferentes lugares como oficina, metro, hogar, supermercado, centros comerciales, iglesias, entre otros m\u00e1s.<\/p>\n<p>ESPECIFICACIONES<br \/>\n&#8211; M\u00e9todo de medici\u00f3n: sin contacto.<br \/>\n&#8211; Grados cent\u00edgrados \u00f3 Fahrenheit<br \/>\n&#8211; Tolerancia de precisi\u00f3n: +\/-0,2 (34 ~ 45 grados C)<br \/>\n&#8211; Alarma autom\u00e1tica para una temperatura anormal: parpadea con luz, sonido de alarma continua en temperaturas mayores a 37.5 \u00b0C<br \/>\n&#8211; distancia: 5 ~ 10 cm<br \/>\n&#8211; Modo de espera: 5s<br \/>\n&#8211; Colocaci\u00f3n: colgante\/cinta adhesiva de doble cara\/soporte fijo<br \/>\n&#8211; Pantalla Digital<br \/>\n&#8211; Temperatura ambiente: 5 ~ 45 grados C<br \/>\n&#8211; Tiempo de respuesta: 500 ms<br \/>\n&#8211; Onda de trabajo: 5 micras<\/p>\n<p>&nbsp;<\/p>\n<p>PEDESTAL:<\/p>\n<p>&#8211; HECHO 100% MET\u00c1LICO<\/p>\n<p>&#8211; BASE EN PLACA MET\u00c1LICA ROBUSTA, TUBO Y LAMINA CALIBRE 1<\/p>\n<p>&#8211; PINTADO EN COLOR BLANCO EN HORNO PARA USO RUDO<\/p>\n<p>&#8211; DETALLES CON ESQUINAS REDONDEADAS<\/p>\n<p>&#8211; PESO 9KGS &#8211; MEDIDAS 40X115X20<\/p>\n<p>&#8211; BASE PARA EVITAR DERRAMES DEL DISPESADOR<\/p>\n<p>INFORMACI\u00d3N (55) 3342 8218<\/p>\n<p>EXPLOTUMARCA.COM<\/p>\n","protected":false},"excerpt":{"rendered":"<p>DETECTOR DE TEMPERATURA K3 SOBRE PEDESTAL &nbsp; INCLUYE: 1 Term\u00f3metro infrarrojo modelo K3 1 Cable usb para conectar 1 Pedestal DESCRIPCION Es el term\u00f3metro m\u00e1s r\u00e1pido y preciso, en tan solo 0.5 segundos Trabaja conectado [&hellip;]<\/p>\n","protected":false},"featured_media":5178,"template":"","meta":{"content-type":""},"product_cat":[45,87],"product_tag":[],"class_list":{"0":"post-5172","1":"product","2":"type-product","3":"status-publish","4":"has-post-thumbnail","6":"product_cat-dispensadores-y-termometros","7":"product_cat-termometros-sin-contacto","9":"first","10":"instock","11":"featured","12":"taxable","13":"shipping-taxable","14":"purchasable","15":"product-type-simple"},"yoast_head":"<!-- This site is optimized with the Yoast SEO Premium plugin v18.8 (Yoast SEO v26.8) - https:\/\/yoast.com\/product\/yoast-seo-premium-wordpress\/ -->\n<title>Term\u00f3metro de Pared para sin contacto para alto flujo de personas k3<\/title>\n<meta name=\"description\" content=\"Termometro K3 con pedestal o para pared, tenemos diversos modelos. Precios de para mayoristas y comercializadoras.\" \/>\n<meta name=\"robots\" content=\"index, follow, max-snippet:-1, max-image-preview:large, max-video-preview:-1\" \/>\n<link rel=\"canonical\" href=\"https:\/\/explotumarca.com\/?product=termometro-sin-contacto-k3-sobre-tripie-metalico\" \/>\n<meta property=\"og:locale\" content=\"es_MX\" \/>\n<meta property=\"og:type\" content=\"article\" \/>\n<meta property=\"og:title\" content=\"Detector de temperatura sin contacto K3 sobre tripi\u00e9 met\u00e1lico\" \/>\n<meta property=\"og:description\" content=\"DETECTOR DE TEMPERATURA K3 SOBRE PEDESTAL https:\/\/youtu.be\/5jf-o1KizgY &nbsp; INCLUYE: 1 Term\u00f3metro infrarrojo modelo K3 1 Cable usb para conectar 1\" \/>\n<meta property=\"og:url\" content=\"https:\/\/explotumarca.com\/?product=termometro-sin-contacto-k3-sobre-tripie-metalico\" \/>\n<meta property=\"og:site_name\" content=\"Explo\" \/>\n<meta property=\"article:publisher\" content=\"https:\/\/www.facebook.com\/MexicoExplo\/\" \/>\n<meta property=\"article:modified_time\" content=\"2021-08-22T04:40:19+00:00\" \/>\n<meta property=\"og:image\" content=\"https:\/\/explotumarca.com\/wp-content\/uploads\/2021\/04\/Termometro-de-pared-sin-contacto-infrarrojo-2.jpg\" \/>\n\t<meta property=\"og:image:width\" content=\"1876\" \/>\n\t<meta property=\"og:image:height\" content=\"1876\" \/>\n\t<meta property=\"og:image:type\" content=\"image\/jpeg\" \/>\n<meta name=\"twitter:card\" content=\"summary_large_image\" \/>\n<meta name=\"twitter:label1\" content=\"Tiempo de lectura\" \/>\n\t<meta name=\"twitter:data1\" content=\"2 minutos\" \/>\n<script type=\"application\/ld+json\" class=\"yoast-schema-graph\">{\"@context\":\"https:\/\/schema.org\",\"@graph\":[{\"@type\":\"WebPage\",\"@id\":\"https:\/\/explotumarca.com\/?product=termometro-sin-contacto-k3-sobre-tripie-metalico\",\"url\":\"https:\/\/explotumarca.com\/?product=termometro-sin-contacto-k3-sobre-tripie-metalico\",\"name\":\"Term\u00f3metro de Pared para sin contacto para alto flujo de personas k3\",\"isPartOf\":{\"@id\":\"https:\/\/explotumarca.com\/#website\"},\"primaryImageOfPage\":{\"@id\":\"https:\/\/explotumarca.com\/?product=termometro-sin-contacto-k3-sobre-tripie-metalico#primaryimage\"},\"image\":{\"@id\":\"https:\/\/explotumarca.com\/?product=termometro-sin-contacto-k3-sobre-tripie-metalico#primaryimage\"},\"thumbnailUrl\":\"https:\/\/explotumarca.com\/wp-content\/uploads\/2021\/04\/Termometro-de-pared-sin-contacto-infrarrojo-2.jpg\",\"datePublished\":\"2021-04-16T20:25:25+00:00\",\"dateModified\":\"2021-08-22T04:40:19+00:00\",\"description\":\"Termometro K3 con pedestal o para pared, tenemos diversos modelos. Precios de para mayoristas y comercializadoras.\",\"breadcrumb\":{\"@id\":\"https:\/\/explotumarca.com\/?product=termometro-sin-contacto-k3-sobre-tripie-metalico#breadcrumb\"},\"inLanguage\":\"es\",\"potentialAction\":[{\"@type\":\"ReadAction\",\"target\":[\"https:\/\/explotumarca.com\/?product=termometro-sin-contacto-k3-sobre-tripie-metalico\"]}]},{\"@type\":\"ImageObject\",\"inLanguage\":\"es\",\"@id\":\"https:\/\/explotumarca.com\/?product=termometro-sin-contacto-k3-sobre-tripie-metalico#primaryimage\",\"url\":\"https:\/\/explotumarca.com\/wp-content\/uploads\/2021\/04\/Termometro-de-pared-sin-contacto-infrarrojo-2.jpg\",\"contentUrl\":\"https:\/\/explotumarca.com\/wp-content\/uploads\/2021\/04\/Termometro-de-pared-sin-contacto-infrarrojo-2.jpg\",\"width\":1876,\"height\":1876,\"caption\":\"Termometro K3 sobre tripie, pared o pedestal sin contacto infrarrojo\"},{\"@type\":\"BreadcrumbList\",\"@id\":\"https:\/\/explotumarca.com\/?product=termometro-sin-contacto-k3-sobre-tripie-metalico#breadcrumb\",\"itemListElement\":[{\"@type\":\"ListItem\",\"position\":1,\"name\":\"Inicio\",\"item\":\"https:\/\/explotumarca.com\/\"},{\"@type\":\"ListItem\",\"position\":2,\"name\":\"Productos\",\"item\":\"https:\/\/explotumarca.com\/?post_type=product\"},{\"@type\":\"ListItem\",\"position\":3,\"name\":\"Detector de temperatura sin contacto K3 sobre tripi\u00e9 met\u00e1lico\"}]},{\"@type\":\"WebSite\",\"@id\":\"https:\/\/explotumarca.com\/#website\",\"url\":\"https:\/\/explotumarca.com\/\",\"name\":\"Explo\",\"description\":\"Productos y servicios corporativos\",\"publisher\":{\"@id\":\"https:\/\/explotumarca.com\/#organization\"},\"potentialAction\":[{\"@type\":\"SearchAction\",\"target\":{\"@type\":\"EntryPoint\",\"urlTemplate\":\"https:\/\/explotumarca.com\/?s={search_term_string}\"},\"query-input\":{\"@type\":\"PropertyValueSpecification\",\"valueRequired\":true,\"valueName\":\"search_term_string\"}}],\"inLanguage\":\"es\"},{\"@type\":\"Organization\",\"@id\":\"https:\/\/explotumarca.com\/#organization\",\"name\":\"Explo\",\"url\":\"https:\/\/explotumarca.com\/\",\"logo\":{\"@type\":\"ImageObject\",\"inLanguage\":\"es\",\"@id\":\"https:\/\/explotumarca.com\/#\/schema\/logo\/image\/\",\"url\":\"http:\/\/arsnovamx.com\/explotumarca.com\/wp-content\/uploads\/2020\/10\/Nuevo-Logo-Explo-2020.jpg\",\"contentUrl\":\"http:\/\/arsnovamx.com\/explotumarca.com\/wp-content\/uploads\/2020\/10\/Nuevo-Logo-Explo-2020.jpg\",\"width\":800,\"height\":334,\"caption\":\"Explo\"},\"image\":{\"@id\":\"https:\/\/explotumarca.com\/#\/schema\/logo\/image\/\"},\"sameAs\":[\"https:\/\/www.facebook.com\/MexicoExplo\/\"]}]}<\/script>\n<!-- \/ Yoast SEO Premium plugin. -->","yoast_head_json":{"title":"Term\u00f3metro de Pared para sin contacto para alto flujo de personas k3","description":"Termometro K3 con pedestal o para pared, tenemos diversos modelos. Precios de para mayoristas y comercializadoras.","robots":{"index":"index","follow":"follow","max-snippet":"max-snippet:-1","max-image-preview":"max-image-preview:large","max-video-preview":"max-video-preview:-1"},"canonical":"https:\/\/explotumarca.com\/?product=termometro-sin-contacto-k3-sobre-tripie-metalico","og_locale":"es_MX","og_type":"article","og_title":"Detector de temperatura sin contacto K3 sobre tripi\u00e9 met\u00e1lico","og_description":"DETECTOR DE TEMPERATURA K3 SOBRE PEDESTAL https:\/\/youtu.be\/5jf-o1KizgY &nbsp; INCLUYE: 1 Term\u00f3metro infrarrojo modelo K3 1 Cable usb para conectar 1","og_url":"https:\/\/explotumarca.com\/?product=termometro-sin-contacto-k3-sobre-tripie-metalico","og_site_name":"Explo","article_publisher":"https:\/\/www.facebook.com\/MexicoExplo\/","article_modified_time":"2021-08-22T04:40:19+00:00","og_image":[{"width":1876,"height":1876,"url":"https:\/\/explotumarca.com\/wp-content\/uploads\/2021\/04\/Termometro-de-pared-sin-contacto-infrarrojo-2.jpg","type":"image\/jpeg"}],"twitter_card":"summary_large_image","twitter_misc":{"Tiempo de lectura":"2 minutos"},"schema":{"@context":"https:\/\/schema.org","@graph":[{"@type":"WebPage","@id":"https:\/\/explotumarca.com\/?product=termometro-sin-contacto-k3-sobre-tripie-metalico","url":"https:\/\/explotumarca.com\/?product=termometro-sin-contacto-k3-sobre-tripie-metalico","name":"Term\u00f3metro de Pared para sin contacto para alto flujo de personas k3","isPartOf":{"@id":"https:\/\/explotumarca.com\/#website"},"primaryImageOfPage":{"@id":"https:\/\/explotumarca.com\/?product=termometro-sin-contacto-k3-sobre-tripie-metalico#primaryimage"},"image":{"@id":"https:\/\/explotumarca.com\/?product=termometro-sin-contacto-k3-sobre-tripie-metalico#primaryimage"},"thumbnailUrl":"https:\/\/explotumarca.com\/wp-content\/uploads\/2021\/04\/Termometro-de-pared-sin-contacto-infrarrojo-2.jpg","datePublished":"2021-04-16T20:25:25+00:00","dateModified":"2021-08-22T04:40:19+00:00","description":"Termometro K3 con pedestal o para pared, tenemos diversos modelos. Precios de para mayoristas y comercializadoras.","breadcrumb":{"@id":"https:\/\/explotumarca.com\/?product=termometro-sin-contacto-k3-sobre-tripie-metalico#breadcrumb"},"inLanguage":"es","potentialAction":[{"@type":"ReadAction","target":["https:\/\/explotumarca.com\/?product=termometro-sin-contacto-k3-sobre-tripie-metalico"]}]},{"@type":"ImageObject","inLanguage":"es","@id":"https:\/\/explotumarca.com\/?product=termometro-sin-contacto-k3-sobre-tripie-metalico#primaryimage","url":"https:\/\/explotumarca.com\/wp-content\/uploads\/2021\/04\/Termometro-de-pared-sin-contacto-infrarrojo-2.jpg","contentUrl":"https:\/\/explotumarca.com\/wp-content\/uploads\/2021\/04\/Termometro-de-pared-sin-contacto-infrarrojo-2.jpg","width":1876,"height":1876,"caption":"Termometro K3 sobre tripie, pared o pedestal sin contacto infrarrojo"},{"@type":"BreadcrumbList","@id":"https:\/\/explotumarca.com\/?product=termometro-sin-contacto-k3-sobre-tripie-metalico#breadcrumb","itemListElement":[{"@type":"ListItem","position":1,"name":"Inicio","item":"https:\/\/explotumarca.com\/"},{"@type":"ListItem","position":2,"name":"Productos","item":"https:\/\/explotumarca.com\/?post_type=product"},{"@type":"ListItem","position":3,"name":"Detector de temperatura sin contacto K3 sobre tripi\u00e9 met\u00e1lico"}]},{"@type":"WebSite","@id":"https:\/\/explotumarca.com\/#website","url":"https:\/\/explotumarca.com\/","name":"Explo","description":"Productos y servicios corporativos","publisher":{"@id":"https:\/\/explotumarca.com\/#organization"},"potentialAction":[{"@type":"SearchAction","target":{"@type":"EntryPoint","urlTemplate":"https:\/\/explotumarca.com\/?s={search_term_string}"},"query-input":{"@type":"PropertyValueSpecification","valueRequired":true,"valueName":"search_term_string"}}],"inLanguage":"es"},{"@type":"Organization","@id":"https:\/\/explotumarca.com\/#organization","name":"Explo","url":"https:\/\/explotumarca.com\/","logo":{"@type":"ImageObject","inLanguage":"es","@id":"https:\/\/explotumarca.com\/#\/schema\/logo\/image\/","url":"http:\/\/arsnovamx.com\/explotumarca.com\/wp-content\/uploads\/2020\/10\/Nuevo-Logo-Explo-2020.jpg","contentUrl":"http:\/\/arsnovamx.com\/explotumarca.com\/wp-content\/uploads\/2020\/10\/Nuevo-Logo-Explo-2020.jpg","width":800,"height":334,"caption":"Explo"},"image":{"@id":"https:\/\/explotumarca.com\/#\/schema\/logo\/image\/"},"sameAs":["https:\/\/www.facebook.com\/MexicoExplo\/"]}]}},"_links":{"self":[{"href":"https:\/\/explotumarca.com\/index.php?rest_route=\/wp\/v2\/product\/5172","targetHints":{"allow":["GET"]}}],"collection":[{"href":"https:\/\/explotumarca.com\/index.php?rest_route=\/wp\/v2\/product"}],"about":[{"href":"https:\/\/explotumarca.com\/index.php?rest_route=\/wp\/v2\/types\/product"}],"wp:featuredmedia":[{"embeddable":true,"href":"https:\/\/explotumarca.com\/index.php?rest_route=\/wp\/v2\/media\/5178"}],"wp:attachment":[{"href":"https:\/\/explotumarca.com\/index.php?rest_route=%2Fwp%2Fv2%2Fmedia&parent=5172"}],"wp:term":[{"taxonomy":"product_cat","embeddable":true,"href":"https:\/\/explotumarca.com\/index.php?rest_route=%2Fwp%2Fv2%2Fproduct_cat&post=5172"},{"taxonomy":"product_tag","embeddable":true,"href":"https:\/\/explotumarca.com\/index.php?rest_route=%2Fwp%2Fv2%2Fproduct_tag&post=5172"}],"curies":[{"name":"wp","href":"https:\/\/api.w.org\/{rel}","templated":true}]}}