{"id":5255,"date":"2021-05-08T16:48:31","date_gmt":"2021-05-08T21:48:31","guid":{"rendered":"http:\/\/arsnovamx.com\/explotumarca.com\/?post_type=product&#038;p=5255"},"modified":"2022-04-19T16:45:46","modified_gmt":"2022-04-19T21:45:46","slug":"dispensador-de-pedal-con-termometro-k3-plus-economico","status":"publish","type":"product","link":"https:\/\/explotumarca.com\/?product=dispensador-de-pedal-con-termometro-k3-plus-economico","title":{"rendered":"Dispensador de Gel de Pedal con Term\u00f3metro 1lt flujo moderado de personas"},"content":{"rendered":"<div id=\"description-includes\" class=\"item-description__content \">\n<div class=\"item-description__text\">\n<h1>DISPENSADOR DE GEL ANTIBACTERIAL PARA 1 LITRO DE GEL, ACCION DE PEDAL CON TERM\u00d3METRO INCLU\u00cdDO, LISTO PARA USARSE.<\/h1>\n<p>&nbsp;<\/p>\n<div class=\"video-shortcode\"><iframe title=\"Dispensador de pedal con Term\u00f3metro K3 Plus Econ\u00f3mico\" width=\"1170\" height=\"878\" src=\"https:\/\/www.youtube.com\/embed\/bBaMZvF5Oc8?feature=oembed\" frameborder=\"0\" allow=\"accelerometer; autoplay; clipboard-write; encrypted-media; gyroscope; picture-in-picture\" allowfullscreen><\/iframe><\/div>\n<p>Ideal para negocios peque\u00f1os como cafeterias, taquer\u00edas, fondas, tiendas y lugares de poca afluencia.<\/p>\n<p>TERM\u00d3METRO:<\/p>\n<ul>\n<li>MODELO K3 PLUS O M\u00c1S ACTUAL<\/li>\n<li>SIN CONTACTO, S\u00d3LO COLOCANDO ALGUNA PARTE DEL CUERPO A 10CM DE DISTANCIA<\/li>\n<li>FLUJO ALTO DE PERSONAS<\/li>\n<li>SE CONECTA A CORRIENTE USB O CON 3 BATER\u00cdAS AA (NO INLCU\u00cdDAS)<\/li>\n<li>PESO 150GRS<\/li>\n<li>VELOCIDAD DE LECTURA DE .5 SEGUNDOS<\/li>\n<\/ul>\n<p>PEDESTAL:<\/p>\n<ul>\n<li>MET\u00c1LICO<\/li>\n<li>ACCI\u00d3N DE PEDAL<\/li>\n<li>MEDIDAS 30X155<\/li>\n<li>CAPACIDAD 1000ML<\/li>\n<li>COLOR BLANCO<\/li>\n<\/ul>\n<p>&nbsp;<\/p>\n<p>INFORMACI\u00d3N (55) 3342 8218<\/p>\n<\/div>\n<\/div>\n<p>EXPLOTUMARCA.COM<\/p>\n","protected":false},"excerpt":{"rendered":"<p>DISPENSADOR DE GEL ANTIBACTERIAL PARA 1 LITRO DE GEL, ACCION DE PEDAL CON TERM\u00d3METRO INCLU\u00cdDO, LISTO PARA USARSE. &nbsp; Ideal para negocios peque\u00f1os como cafeterias, taquer\u00edas, fondas, tiendas y lugares de poca afluencia. TERM\u00d3METRO: MODELO [&hellip;]<\/p>\n","protected":false},"featured_media":5244,"template":"","meta":{"content-type":""},"product_cat":[88,91,45],"product_tag":[],"class_list":{"0":"post-5255","1":"product","2":"type-product","3":"status-publish","4":"has-post-thumbnail","6":"product_cat-dispensador-de-gel-con-termometro","7":"product_cat-dispensadores-de-pedal","8":"product_cat-dispensadores-y-termometros","10":"first","11":"instock","12":"taxable","13":"shipping-taxable","14":"purchasable","15":"product-type-simple"},"yoast_head":"<!-- This site is optimized with the Yoast SEO Premium plugin v18.8 (Yoast SEO v26.8) - https:\/\/yoast.com\/product\/yoast-seo-premium-wordpress\/ -->\n<title>DISPENSADOR DE GEL CON TERM\u00d3METRO Y PEDESTAL<\/title>\n<meta name=\"description\" content=\"Diversos modelos dependiendo el flujo de personas de Dispensadores de Gel con Term\u00f3metro y pedestal todo en uno solo.\" \/>\n<meta name=\"robots\" content=\"index, follow, max-snippet:-1, max-image-preview:large, max-video-preview:-1\" \/>\n<link rel=\"canonical\" href=\"https:\/\/explotumarca.com\/?product=dispensador-de-pedal-con-termometro-k3-plus-economico\" \/>\n<meta property=\"og:locale\" content=\"es_MX\" \/>\n<meta property=\"og:type\" content=\"article\" \/>\n<meta property=\"og:title\" content=\"Dispensador de Gel de Pedal con Term\u00f3metro 1lt flujo moderado de personas\" \/>\n<meta property=\"og:description\" content=\"DISPENSADOR DE GEL ANTIBACTERIAL PARA 1 LITRO DE GEL, ACCION DE PEDAL CON TERM\u00d3METRO INCLU\u00cdDO, LISTO PARA USARSE. &nbsp; https:\/\/youtu.be\/bBaMZvF5Oc8\" \/>\n<meta property=\"og:url\" content=\"https:\/\/explotumarca.com\/?product=dispensador-de-pedal-con-termometro-k3-plus-economico\" \/>\n<meta property=\"og:site_name\" content=\"Explo\" \/>\n<meta property=\"article:publisher\" content=\"https:\/\/www.facebook.com\/MexicoExplo\/\" \/>\n<meta property=\"article:modified_time\" content=\"2022-04-19T21:45:46+00:00\" \/>\n<meta property=\"og:image\" content=\"https:\/\/explotumarca.com\/wp-content\/uploads\/2021\/05\/Dispensador-de-pedal-con-termometro-economico-5.jpg\" \/>\n\t<meta property=\"og:image:width\" content=\"938\" \/>\n\t<meta property=\"og:image:height\" content=\"938\" \/>\n\t<meta property=\"og:image:type\" content=\"image\/jpeg\" \/>\n<meta name=\"twitter:card\" content=\"summary_large_image\" \/>\n<meta name=\"twitter:label1\" content=\"Tiempo de lectura\" \/>\n\t<meta name=\"twitter:data1\" content=\"1 minuto\" \/>\n<script type=\"application\/ld+json\" class=\"yoast-schema-graph\">{\"@context\":\"https:\/\/schema.org\",\"@graph\":[{\"@type\":\"WebPage\",\"@id\":\"https:\/\/explotumarca.com\/?product=dispensador-de-pedal-con-termometro-k3-plus-economico\",\"url\":\"https:\/\/explotumarca.com\/?product=dispensador-de-pedal-con-termometro-k3-plus-economico\",\"name\":\"DISPENSADOR DE GEL CON TERM\u00d3METRO Y PEDESTAL\",\"isPartOf\":{\"@id\":\"https:\/\/explotumarca.com\/#website\"},\"primaryImageOfPage\":{\"@id\":\"https:\/\/explotumarca.com\/?product=dispensador-de-pedal-con-termometro-k3-plus-economico#primaryimage\"},\"image\":{\"@id\":\"https:\/\/explotumarca.com\/?product=dispensador-de-pedal-con-termometro-k3-plus-economico#primaryimage\"},\"thumbnailUrl\":\"https:\/\/explotumarca.com\/wp-content\/uploads\/2021\/05\/Dispensador-de-pedal-con-termometro-economico-5.jpg\",\"datePublished\":\"2021-05-08T21:48:31+00:00\",\"dateModified\":\"2022-04-19T21:45:46+00:00\",\"description\":\"Diversos modelos dependiendo el flujo de personas de Dispensadores de Gel con Term\u00f3metro y pedestal todo en uno solo.\",\"breadcrumb\":{\"@id\":\"https:\/\/explotumarca.com\/?product=dispensador-de-pedal-con-termometro-k3-plus-economico#breadcrumb\"},\"inLanguage\":\"es\",\"potentialAction\":[{\"@type\":\"ReadAction\",\"target\":[\"https:\/\/explotumarca.com\/?product=dispensador-de-pedal-con-termometro-k3-plus-economico\"]}]},{\"@type\":\"ImageObject\",\"inLanguage\":\"es\",\"@id\":\"https:\/\/explotumarca.com\/?product=dispensador-de-pedal-con-termometro-k3-plus-economico#primaryimage\",\"url\":\"https:\/\/explotumarca.com\/wp-content\/uploads\/2021\/05\/Dispensador-de-pedal-con-termometro-economico-5.jpg\",\"contentUrl\":\"https:\/\/explotumarca.com\/wp-content\/uploads\/2021\/05\/Dispensador-de-pedal-con-termometro-economico-5.jpg\",\"width\":938,\"height\":938,\"caption\":\"Despachador de pedal con term\u00f3metro Explo\"},{\"@type\":\"BreadcrumbList\",\"@id\":\"https:\/\/explotumarca.com\/?product=dispensador-de-pedal-con-termometro-k3-plus-economico#breadcrumb\",\"itemListElement\":[{\"@type\":\"ListItem\",\"position\":1,\"name\":\"Inicio\",\"item\":\"https:\/\/explotumarca.com\/\"},{\"@type\":\"ListItem\",\"position\":2,\"name\":\"Productos\",\"item\":\"https:\/\/explotumarca.com\/?post_type=product\"},{\"@type\":\"ListItem\",\"position\":3,\"name\":\"Dispensador de Gel de Pedal con Term\u00f3metro 1lt flujo moderado de personas\"}]},{\"@type\":\"WebSite\",\"@id\":\"https:\/\/explotumarca.com\/#website\",\"url\":\"https:\/\/explotumarca.com\/\",\"name\":\"Explo\",\"description\":\"Productos y servicios corporativos\",\"publisher\":{\"@id\":\"https:\/\/explotumarca.com\/#organization\"},\"potentialAction\":[{\"@type\":\"SearchAction\",\"target\":{\"@type\":\"EntryPoint\",\"urlTemplate\":\"https:\/\/explotumarca.com\/?s={search_term_string}\"},\"query-input\":{\"@type\":\"PropertyValueSpecification\",\"valueRequired\":true,\"valueName\":\"search_term_string\"}}],\"inLanguage\":\"es\"},{\"@type\":\"Organization\",\"@id\":\"https:\/\/explotumarca.com\/#organization\",\"name\":\"Explo\",\"url\":\"https:\/\/explotumarca.com\/\",\"logo\":{\"@type\":\"ImageObject\",\"inLanguage\":\"es\",\"@id\":\"https:\/\/explotumarca.com\/#\/schema\/logo\/image\/\",\"url\":\"http:\/\/arsnovamx.com\/explotumarca.com\/wp-content\/uploads\/2020\/10\/Nuevo-Logo-Explo-2020.jpg\",\"contentUrl\":\"http:\/\/arsnovamx.com\/explotumarca.com\/wp-content\/uploads\/2020\/10\/Nuevo-Logo-Explo-2020.jpg\",\"width\":800,\"height\":334,\"caption\":\"Explo\"},\"image\":{\"@id\":\"https:\/\/explotumarca.com\/#\/schema\/logo\/image\/\"},\"sameAs\":[\"https:\/\/www.facebook.com\/MexicoExplo\/\"]}]}<\/script>\n<!-- \/ Yoast SEO Premium plugin. -->","yoast_head_json":{"title":"DISPENSADOR DE GEL CON TERM\u00d3METRO Y PEDESTAL","description":"Diversos modelos dependiendo el flujo de personas de Dispensadores de Gel con Term\u00f3metro y pedestal todo en uno solo.","robots":{"index":"index","follow":"follow","max-snippet":"max-snippet:-1","max-image-preview":"max-image-preview:large","max-video-preview":"max-video-preview:-1"},"canonical":"https:\/\/explotumarca.com\/?product=dispensador-de-pedal-con-termometro-k3-plus-economico","og_locale":"es_MX","og_type":"article","og_title":"Dispensador de Gel de Pedal con Term\u00f3metro 1lt flujo moderado de personas","og_description":"DISPENSADOR DE GEL ANTIBACTERIAL PARA 1 LITRO DE GEL, ACCION DE PEDAL CON TERM\u00d3METRO INCLU\u00cdDO, LISTO PARA USARSE. &nbsp; https:\/\/youtu.be\/bBaMZvF5Oc8","og_url":"https:\/\/explotumarca.com\/?product=dispensador-de-pedal-con-termometro-k3-plus-economico","og_site_name":"Explo","article_publisher":"https:\/\/www.facebook.com\/MexicoExplo\/","article_modified_time":"2022-04-19T21:45:46+00:00","og_image":[{"width":938,"height":938,"url":"https:\/\/explotumarca.com\/wp-content\/uploads\/2021\/05\/Dispensador-de-pedal-con-termometro-economico-5.jpg","type":"image\/jpeg"}],"twitter_card":"summary_large_image","twitter_misc":{"Tiempo de lectura":"1 minuto"},"schema":{"@context":"https:\/\/schema.org","@graph":[{"@type":"WebPage","@id":"https:\/\/explotumarca.com\/?product=dispensador-de-pedal-con-termometro-k3-plus-economico","url":"https:\/\/explotumarca.com\/?product=dispensador-de-pedal-con-termometro-k3-plus-economico","name":"DISPENSADOR DE GEL CON TERM\u00d3METRO Y PEDESTAL","isPartOf":{"@id":"https:\/\/explotumarca.com\/#website"},"primaryImageOfPage":{"@id":"https:\/\/explotumarca.com\/?product=dispensador-de-pedal-con-termometro-k3-plus-economico#primaryimage"},"image":{"@id":"https:\/\/explotumarca.com\/?product=dispensador-de-pedal-con-termometro-k3-plus-economico#primaryimage"},"thumbnailUrl":"https:\/\/explotumarca.com\/wp-content\/uploads\/2021\/05\/Dispensador-de-pedal-con-termometro-economico-5.jpg","datePublished":"2021-05-08T21:48:31+00:00","dateModified":"2022-04-19T21:45:46+00:00","description":"Diversos modelos dependiendo el flujo de personas de Dispensadores de Gel con Term\u00f3metro y pedestal todo en uno solo.","breadcrumb":{"@id":"https:\/\/explotumarca.com\/?product=dispensador-de-pedal-con-termometro-k3-plus-economico#breadcrumb"},"inLanguage":"es","potentialAction":[{"@type":"ReadAction","target":["https:\/\/explotumarca.com\/?product=dispensador-de-pedal-con-termometro-k3-plus-economico"]}]},{"@type":"ImageObject","inLanguage":"es","@id":"https:\/\/explotumarca.com\/?product=dispensador-de-pedal-con-termometro-k3-plus-economico#primaryimage","url":"https:\/\/explotumarca.com\/wp-content\/uploads\/2021\/05\/Dispensador-de-pedal-con-termometro-economico-5.jpg","contentUrl":"https:\/\/explotumarca.com\/wp-content\/uploads\/2021\/05\/Dispensador-de-pedal-con-termometro-economico-5.jpg","width":938,"height":938,"caption":"Despachador de pedal con term\u00f3metro Explo"},{"@type":"BreadcrumbList","@id":"https:\/\/explotumarca.com\/?product=dispensador-de-pedal-con-termometro-k3-plus-economico#breadcrumb","itemListElement":[{"@type":"ListItem","position":1,"name":"Inicio","item":"https:\/\/explotumarca.com\/"},{"@type":"ListItem","position":2,"name":"Productos","item":"https:\/\/explotumarca.com\/?post_type=product"},{"@type":"ListItem","position":3,"name":"Dispensador de Gel de Pedal con Term\u00f3metro 1lt flujo moderado de personas"}]},{"@type":"WebSite","@id":"https:\/\/explotumarca.com\/#website","url":"https:\/\/explotumarca.com\/","name":"Explo","description":"Productos y servicios corporativos","publisher":{"@id":"https:\/\/explotumarca.com\/#organization"},"potentialAction":[{"@type":"SearchAction","target":{"@type":"EntryPoint","urlTemplate":"https:\/\/explotumarca.com\/?s={search_term_string}"},"query-input":{"@type":"PropertyValueSpecification","valueRequired":true,"valueName":"search_term_string"}}],"inLanguage":"es"},{"@type":"Organization","@id":"https:\/\/explotumarca.com\/#organization","name":"Explo","url":"https:\/\/explotumarca.com\/","logo":{"@type":"ImageObject","inLanguage":"es","@id":"https:\/\/explotumarca.com\/#\/schema\/logo\/image\/","url":"http:\/\/arsnovamx.com\/explotumarca.com\/wp-content\/uploads\/2020\/10\/Nuevo-Logo-Explo-2020.jpg","contentUrl":"http:\/\/arsnovamx.com\/explotumarca.com\/wp-content\/uploads\/2020\/10\/Nuevo-Logo-Explo-2020.jpg","width":800,"height":334,"caption":"Explo"},"image":{"@id":"https:\/\/explotumarca.com\/#\/schema\/logo\/image\/"},"sameAs":["https:\/\/www.facebook.com\/MexicoExplo\/"]}]}},"_links":{"self":[{"href":"https:\/\/explotumarca.com\/index.php?rest_route=\/wp\/v2\/product\/5255","targetHints":{"allow":["GET"]}}],"collection":[{"href":"https:\/\/explotumarca.com\/index.php?rest_route=\/wp\/v2\/product"}],"about":[{"href":"https:\/\/explotumarca.com\/index.php?rest_route=\/wp\/v2\/types\/product"}],"wp:featuredmedia":[{"embeddable":true,"href":"https:\/\/explotumarca.com\/index.php?rest_route=\/wp\/v2\/media\/5244"}],"wp:attachment":[{"href":"https:\/\/explotumarca.com\/index.php?rest_route=%2Fwp%2Fv2%2Fmedia&parent=5255"}],"wp:term":[{"taxonomy":"product_cat","embeddable":true,"href":"https:\/\/explotumarca.com\/index.php?rest_route=%2Fwp%2Fv2%2Fproduct_cat&post=5255"},{"taxonomy":"product_tag","embeddable":true,"href":"https:\/\/explotumarca.com\/index.php?rest_route=%2Fwp%2Fv2%2Fproduct_tag&post=5255"}],"curies":[{"name":"wp","href":"https:\/\/api.w.org\/{rel}","templated":true}]}}