{"id":5323,"date":"2021-06-27T21:30:17","date_gmt":"2021-06-28T02:30:17","guid":{"rendered":"http:\/\/arsnovamx.com\/explotumarca.com\/?post_type=product&#038;p=5323"},"modified":"2021-06-27T21:34:26","modified_gmt":"2021-06-28T02:34:26","slug":"rollo-papel-higienico-jumbo-jr-marli","status":"publish","type":"product","link":"https:\/\/explotumarca.com\/?product=rollo-papel-higienico-jumbo-jr-marli","title":{"rendered":"Rollo Papel Higi\u00e9nico Jumbo JR Marli"},"content":{"rendered":"<h2>Rollo papel higi\u00e9nico Jumbo JR Marli Kimberly Clark<\/h2>\n<p>Higi\u00e9nico Econ\u00f3mico para ba\u00f1os de bajo a mediano tr\u00e1nsito de usuarios, caja con 12 rollos.<\/p>\n<p>&#8211; Blanco<br \/>\n&#8211; Resistente<br \/>\n&#8211; Suave<br \/>\n&#8211; Biodegradable<br \/>\n&#8211; Hoja Doble<br \/>\n&#8211; Caja con 12 bobinas (rollos)<br \/>\n&#8211; Cada rollo contiene 200 metros de largo x 9 cm de ancho x Di\u00e1metro total de 20 cm<br \/>\n&#8211; Metros por caja: 2400 Metros<\/p>\n<p><strong>Precios Mayoreo por volumen: a mayor volumen el precio unitario ir\u00e1 disminuyendo.<\/strong><\/p>\n","protected":false},"excerpt":{"rendered":"<p>Rollo papel higi\u00e9nico Jumbo JR Marli Kimberly Clark Higi\u00e9nico Econ\u00f3mico para ba\u00f1os de bajo a mediano tr\u00e1nsito de usuarios, caja con 12 rollos. &#8211; Blanco &#8211; Resistente &#8211; Suave &#8211; Biodegradable &#8211; Hoja Doble &#8211; [&hellip;]<\/p>\n","protected":false},"featured_media":5316,"template":"","meta":{"content-type":""},"product_cat":[86,92],"product_tag":[],"class_list":{"0":"post-5323","1":"product","2":"type-product","3":"status-publish","4":"has-post-thumbnail","6":"product_cat-dispensadores-de-papel","7":"product_cat-productos-kc","9":"first","10":"instock","11":"taxable","12":"shipping-taxable","13":"purchasable","14":"product-type-simple"},"yoast_head":"<!-- This site is optimized with the Yoast SEO Premium plugin v18.8 (Yoast SEO v26.8) - https:\/\/yoast.com\/product\/yoast-seo-premium-wordpress\/ -->\n<title>Despachador De Toalla Interdoblada Color Humo 92260 Kimberly Clark<\/title>\n<meta name=\"description\" content=\"Despachador De Toalla Interdoblada Color Humo 92260 Kimberly Clark, env\u00edos a toda la Rep\u00fablica, precios mayoreo y menudeo, cotiza en segundo.\" \/>\n<meta name=\"robots\" content=\"index, follow, max-snippet:-1, max-image-preview:large, max-video-preview:-1\" \/>\n<link rel=\"canonical\" href=\"https:\/\/explotumarca.com\/?product=rollo-papel-higienico-jumbo-jr-marli\" \/>\n<meta property=\"og:locale\" content=\"es_MX\" \/>\n<meta property=\"og:type\" content=\"article\" \/>\n<meta property=\"og:title\" content=\"Rollo Papel Higi\u00e9nico Jumbo JR Marli\" \/>\n<meta property=\"og:description\" content=\"Rollo papel higi\u00e9nico Jumbo JR Marli Kimberly Clark Higi\u00e9nico Econ\u00f3mico para ba\u00f1os de bajo a mediano tr\u00e1nsito de usuarios, caja con 12 rollos. - Blanco -\" \/>\n<meta property=\"og:url\" content=\"https:\/\/explotumarca.com\/?product=rollo-papel-higienico-jumbo-jr-marli\" \/>\n<meta property=\"og:site_name\" content=\"Explo\" \/>\n<meta property=\"article:publisher\" content=\"https:\/\/www.facebook.com\/MexicoExplo\/\" \/>\n<meta property=\"article:modified_time\" content=\"2021-06-28T02:34:26+00:00\" \/>\n<meta property=\"og:image\" content=\"https:\/\/explotumarca.com\/wp-content\/uploads\/2021\/06\/Rollo-papel-higienico-Jumbo-JR-Marli-Kimberly-Clark.jpg\" \/>\n\t<meta property=\"og:image:width\" content=\"450\" \/>\n\t<meta property=\"og:image:height\" content=\"450\" \/>\n\t<meta property=\"og:image:type\" content=\"image\/jpeg\" \/>\n<meta name=\"twitter:card\" content=\"summary_large_image\" \/>\n<meta name=\"twitter:label1\" content=\"Tiempo de lectura\" \/>\n\t<meta name=\"twitter:data1\" content=\"1 minuto\" \/>\n<script type=\"application\/ld+json\" class=\"yoast-schema-graph\">{\"@context\":\"https:\/\/schema.org\",\"@graph\":[{\"@type\":\"WebPage\",\"@id\":\"https:\/\/explotumarca.com\/?product=rollo-papel-higienico-jumbo-jr-marli\",\"url\":\"https:\/\/explotumarca.com\/?product=rollo-papel-higienico-jumbo-jr-marli\",\"name\":\"Despachador De Toalla Interdoblada Color Humo 92260 Kimberly Clark\",\"isPartOf\":{\"@id\":\"https:\/\/explotumarca.com\/#website\"},\"primaryImageOfPage\":{\"@id\":\"https:\/\/explotumarca.com\/?product=rollo-papel-higienico-jumbo-jr-marli#primaryimage\"},\"image\":{\"@id\":\"https:\/\/explotumarca.com\/?product=rollo-papel-higienico-jumbo-jr-marli#primaryimage\"},\"thumbnailUrl\":\"https:\/\/explotumarca.com\/wp-content\/uploads\/2021\/06\/Rollo-papel-higienico-Jumbo-JR-Marli-Kimberly-Clark.jpg\",\"datePublished\":\"2021-06-28T02:30:17+00:00\",\"dateModified\":\"2021-06-28T02:34:26+00:00\",\"description\":\"Despachador De Toalla Interdoblada Color Humo 92260 Kimberly Clark, env\u00edos a toda la Rep\u00fablica, precios mayoreo y menudeo, cotiza en segundo.\",\"breadcrumb\":{\"@id\":\"https:\/\/explotumarca.com\/?product=rollo-papel-higienico-jumbo-jr-marli#breadcrumb\"},\"inLanguage\":\"es\",\"potentialAction\":[{\"@type\":\"ReadAction\",\"target\":[\"https:\/\/explotumarca.com\/?product=rollo-papel-higienico-jumbo-jr-marli\"]}]},{\"@type\":\"ImageObject\",\"inLanguage\":\"es\",\"@id\":\"https:\/\/explotumarca.com\/?product=rollo-papel-higienico-jumbo-jr-marli#primaryimage\",\"url\":\"https:\/\/explotumarca.com\/wp-content\/uploads\/2021\/06\/Rollo-papel-higienico-Jumbo-JR-Marli-Kimberly-Clark.jpg\",\"contentUrl\":\"https:\/\/explotumarca.com\/wp-content\/uploads\/2021\/06\/Rollo-papel-higienico-Jumbo-JR-Marli-Kimberly-Clark.jpg\",\"width\":450,\"height\":450,\"caption\":\"Rollo papel higi\u00e9nico Jumbo JR Marli Kimberly Clark Distribuidores\"},{\"@type\":\"BreadcrumbList\",\"@id\":\"https:\/\/explotumarca.com\/?product=rollo-papel-higienico-jumbo-jr-marli#breadcrumb\",\"itemListElement\":[{\"@type\":\"ListItem\",\"position\":1,\"name\":\"Inicio\",\"item\":\"https:\/\/explotumarca.com\/\"},{\"@type\":\"ListItem\",\"position\":2,\"name\":\"Productos\",\"item\":\"https:\/\/explotumarca.com\/?post_type=product\"},{\"@type\":\"ListItem\",\"position\":3,\"name\":\"Rollo Papel Higi\u00e9nico Jumbo JR Marli\"}]},{\"@type\":\"WebSite\",\"@id\":\"https:\/\/explotumarca.com\/#website\",\"url\":\"https:\/\/explotumarca.com\/\",\"name\":\"Explo\",\"description\":\"Productos y servicios corporativos\",\"publisher\":{\"@id\":\"https:\/\/explotumarca.com\/#organization\"},\"potentialAction\":[{\"@type\":\"SearchAction\",\"target\":{\"@type\":\"EntryPoint\",\"urlTemplate\":\"https:\/\/explotumarca.com\/?s={search_term_string}\"},\"query-input\":{\"@type\":\"PropertyValueSpecification\",\"valueRequired\":true,\"valueName\":\"search_term_string\"}}],\"inLanguage\":\"es\"},{\"@type\":\"Organization\",\"@id\":\"https:\/\/explotumarca.com\/#organization\",\"name\":\"Explo\",\"url\":\"https:\/\/explotumarca.com\/\",\"logo\":{\"@type\":\"ImageObject\",\"inLanguage\":\"es\",\"@id\":\"https:\/\/explotumarca.com\/#\/schema\/logo\/image\/\",\"url\":\"http:\/\/arsnovamx.com\/explotumarca.com\/wp-content\/uploads\/2020\/10\/Nuevo-Logo-Explo-2020.jpg\",\"contentUrl\":\"http:\/\/arsnovamx.com\/explotumarca.com\/wp-content\/uploads\/2020\/10\/Nuevo-Logo-Explo-2020.jpg\",\"width\":800,\"height\":334,\"caption\":\"Explo\"},\"image\":{\"@id\":\"https:\/\/explotumarca.com\/#\/schema\/logo\/image\/\"},\"sameAs\":[\"https:\/\/www.facebook.com\/MexicoExplo\/\"]}]}<\/script>\n<!-- \/ Yoast SEO Premium plugin. -->","yoast_head_json":{"title":"Despachador De Toalla Interdoblada Color Humo 92260 Kimberly Clark","description":"Despachador De Toalla Interdoblada Color Humo 92260 Kimberly Clark, env\u00edos a toda la Rep\u00fablica, precios mayoreo y menudeo, cotiza en segundo.","robots":{"index":"index","follow":"follow","max-snippet":"max-snippet:-1","max-image-preview":"max-image-preview:large","max-video-preview":"max-video-preview:-1"},"canonical":"https:\/\/explotumarca.com\/?product=rollo-papel-higienico-jumbo-jr-marli","og_locale":"es_MX","og_type":"article","og_title":"Rollo Papel Higi\u00e9nico Jumbo JR Marli","og_description":"Rollo papel higi\u00e9nico Jumbo JR Marli Kimberly Clark Higi\u00e9nico Econ\u00f3mico para ba\u00f1os de bajo a mediano tr\u00e1nsito de usuarios, caja con 12 rollos. - Blanco -","og_url":"https:\/\/explotumarca.com\/?product=rollo-papel-higienico-jumbo-jr-marli","og_site_name":"Explo","article_publisher":"https:\/\/www.facebook.com\/MexicoExplo\/","article_modified_time":"2021-06-28T02:34:26+00:00","og_image":[{"width":450,"height":450,"url":"https:\/\/explotumarca.com\/wp-content\/uploads\/2021\/06\/Rollo-papel-higienico-Jumbo-JR-Marli-Kimberly-Clark.jpg","type":"image\/jpeg"}],"twitter_card":"summary_large_image","twitter_misc":{"Tiempo de lectura":"1 minuto"},"schema":{"@context":"https:\/\/schema.org","@graph":[{"@type":"WebPage","@id":"https:\/\/explotumarca.com\/?product=rollo-papel-higienico-jumbo-jr-marli","url":"https:\/\/explotumarca.com\/?product=rollo-papel-higienico-jumbo-jr-marli","name":"Despachador De Toalla Interdoblada Color Humo 92260 Kimberly Clark","isPartOf":{"@id":"https:\/\/explotumarca.com\/#website"},"primaryImageOfPage":{"@id":"https:\/\/explotumarca.com\/?product=rollo-papel-higienico-jumbo-jr-marli#primaryimage"},"image":{"@id":"https:\/\/explotumarca.com\/?product=rollo-papel-higienico-jumbo-jr-marli#primaryimage"},"thumbnailUrl":"https:\/\/explotumarca.com\/wp-content\/uploads\/2021\/06\/Rollo-papel-higienico-Jumbo-JR-Marli-Kimberly-Clark.jpg","datePublished":"2021-06-28T02:30:17+00:00","dateModified":"2021-06-28T02:34:26+00:00","description":"Despachador De Toalla Interdoblada Color Humo 92260 Kimberly Clark, env\u00edos a toda la Rep\u00fablica, precios mayoreo y menudeo, cotiza en segundo.","breadcrumb":{"@id":"https:\/\/explotumarca.com\/?product=rollo-papel-higienico-jumbo-jr-marli#breadcrumb"},"inLanguage":"es","potentialAction":[{"@type":"ReadAction","target":["https:\/\/explotumarca.com\/?product=rollo-papel-higienico-jumbo-jr-marli"]}]},{"@type":"ImageObject","inLanguage":"es","@id":"https:\/\/explotumarca.com\/?product=rollo-papel-higienico-jumbo-jr-marli#primaryimage","url":"https:\/\/explotumarca.com\/wp-content\/uploads\/2021\/06\/Rollo-papel-higienico-Jumbo-JR-Marli-Kimberly-Clark.jpg","contentUrl":"https:\/\/explotumarca.com\/wp-content\/uploads\/2021\/06\/Rollo-papel-higienico-Jumbo-JR-Marli-Kimberly-Clark.jpg","width":450,"height":450,"caption":"Rollo papel higi\u00e9nico Jumbo JR Marli Kimberly Clark Distribuidores"},{"@type":"BreadcrumbList","@id":"https:\/\/explotumarca.com\/?product=rollo-papel-higienico-jumbo-jr-marli#breadcrumb","itemListElement":[{"@type":"ListItem","position":1,"name":"Inicio","item":"https:\/\/explotumarca.com\/"},{"@type":"ListItem","position":2,"name":"Productos","item":"https:\/\/explotumarca.com\/?post_type=product"},{"@type":"ListItem","position":3,"name":"Rollo Papel Higi\u00e9nico Jumbo JR Marli"}]},{"@type":"WebSite","@id":"https:\/\/explotumarca.com\/#website","url":"https:\/\/explotumarca.com\/","name":"Explo","description":"Productos y servicios corporativos","publisher":{"@id":"https:\/\/explotumarca.com\/#organization"},"potentialAction":[{"@type":"SearchAction","target":{"@type":"EntryPoint","urlTemplate":"https:\/\/explotumarca.com\/?s={search_term_string}"},"query-input":{"@type":"PropertyValueSpecification","valueRequired":true,"valueName":"search_term_string"}}],"inLanguage":"es"},{"@type":"Organization","@id":"https:\/\/explotumarca.com\/#organization","name":"Explo","url":"https:\/\/explotumarca.com\/","logo":{"@type":"ImageObject","inLanguage":"es","@id":"https:\/\/explotumarca.com\/#\/schema\/logo\/image\/","url":"http:\/\/arsnovamx.com\/explotumarca.com\/wp-content\/uploads\/2020\/10\/Nuevo-Logo-Explo-2020.jpg","contentUrl":"http:\/\/arsnovamx.com\/explotumarca.com\/wp-content\/uploads\/2020\/10\/Nuevo-Logo-Explo-2020.jpg","width":800,"height":334,"caption":"Explo"},"image":{"@id":"https:\/\/explotumarca.com\/#\/schema\/logo\/image\/"},"sameAs":["https:\/\/www.facebook.com\/MexicoExplo\/"]}]}},"_links":{"self":[{"href":"https:\/\/explotumarca.com\/index.php?rest_route=\/wp\/v2\/product\/5323","targetHints":{"allow":["GET"]}}],"collection":[{"href":"https:\/\/explotumarca.com\/index.php?rest_route=\/wp\/v2\/product"}],"about":[{"href":"https:\/\/explotumarca.com\/index.php?rest_route=\/wp\/v2\/types\/product"}],"wp:featuredmedia":[{"embeddable":true,"href":"https:\/\/explotumarca.com\/index.php?rest_route=\/wp\/v2\/media\/5316"}],"wp:attachment":[{"href":"https:\/\/explotumarca.com\/index.php?rest_route=%2Fwp%2Fv2%2Fmedia&parent=5323"}],"wp:term":[{"taxonomy":"product_cat","embeddable":true,"href":"https:\/\/explotumarca.com\/index.php?rest_route=%2Fwp%2Fv2%2Fproduct_cat&post=5323"},{"taxonomy":"product_tag","embeddable":true,"href":"https:\/\/explotumarca.com\/index.php?rest_route=%2Fwp%2Fv2%2Fproduct_tag&post=5323"}],"curies":[{"name":"wp","href":"https:\/\/api.w.org\/{rel}","templated":true}]}}