{"id":5330,"date":"2021-07-11T20:56:46","date_gmt":"2021-07-12T01:56:46","guid":{"rendered":"http:\/\/arsnovamx.com\/explotumarca.com\/?post_type=product&#038;p=5330"},"modified":"2021-07-11T21:00:57","modified_gmt":"2021-07-12T02:00:57","slug":"dispensador-automatico-de-gel-y-jabon-abs-blanco","status":"publish","type":"product","link":"https:\/\/explotumarca.com\/?product=dispensador-automatico-de-gel-y-jabon-abs-blanco","title":{"rendered":"Dispensador autom\u00e1tico de gel y jab\u00f3n &#8211; ABS blanco"},"content":{"rendered":"<div id=\"description-includes\" class=\"item-description__content \">\n<div class=\"item-description__text\">\n<h3>DISPENSADOR DE GEL ANTIBACTERIAL O JAB\u00d3N L\u00cdQUIDO EN ABS COLOR BLANCO<\/h3>\n<ul>\n<li>AUTOM\u00c1TICO, SENSOR \u00d3PTICO<\/li>\n<li>GAMA ALTA<\/li>\n<li>SIN CONTACTO<\/li>\n<li>700 ML DE CAPACIDAD<\/li>\n<li>F\u00c1CIL DE INSTALAR (EMPOTRABLE A LA PARED)<\/li>\n<li>F\u00c1CIL DE RELLENAR<\/li>\n<li>HECHO DE PL\u00c1STICO ABS EN COLOR BLANCO<\/li>\n<li>PESO: 700 GRAMOS<\/li>\n<li>FUNCIONA CON SENSOR INTELIGENTE INFRAROJO<\/li>\n<li>MEDIDAS 10X9X20<\/li>\n<li>FUNCIONA DE DOS MANERAS CON CARGADOR DE CORRIENTE EL\u00c9CTRICA Y PILAS (4 AA)<\/li>\n<li>LAS MANOS DEBES PONER APROXIMADAMENTE A 10 CM DE DISTANCIA DEL SENSOR<\/li>\n<li>VOTAJE: DC9V O 4 BATTERIAS AA<\/li>\n<li>VOLUMEN DE L\u00cdQUIDO DISPENSADO: 1.0\/1.5\/2.0ML<\/li>\n<li>COMPATIBILIDAD: GEL ANTIBACTERIAL O JAB\u00d3N (L\u00cdQUIDO).<\/li>\n<\/ul>\n<p>INFORMACI\u00d3N (55) 3342 8218<\/p>\n<p>EXPLOTUMARCA.COM<\/p>\n<\/div>\n<\/div>\n","protected":false},"excerpt":{"rendered":"<p>DISPENSADOR DE GEL ANTIBACTERIAL O JAB\u00d3N L\u00cdQUIDO EN ABS COLOR BLANCO AUTOM\u00c1TICO, SENSOR \u00d3PTICO GAMA ALTA SIN CONTACTO 700 ML DE CAPACIDAD F\u00c1CIL DE INSTALAR (EMPOTRABLE A LA PARED) F\u00c1CIL DE RELLENAR HECHO DE PL\u00c1STICO [&hellip;]<\/p>\n","protected":false},"featured_media":5331,"template":"","meta":{"content-type":""},"product_cat":[89,45],"product_tag":[],"class_list":{"0":"post-5330","1":"product","2":"type-product","3":"status-publish","4":"has-post-thumbnail","6":"product_cat-dispensadores-de-gel-y-jabon","7":"product_cat-dispensadores-y-termometros","9":"first","10":"instock","11":"taxable","12":"shipping-taxable","13":"purchasable","14":"product-type-simple"},"yoast_head":"<!-- This site is optimized with the Yoast SEO Premium plugin v18.8 (Yoast SEO v26.8) - https:\/\/yoast.com\/product\/yoast-seo-premium-wordpress\/ -->\n<title>Dispensador de Gel Acero Inoxidable elegante para pared autom\u00e1tico<\/title>\n<meta name=\"description\" content=\"Elegante Dispensador de Gel Acero Inoxidable para pared autom\u00e1tico de colocaci\u00f3n f\u00e1cil de alta gama para lugares de alto flujo.\" \/>\n<meta name=\"robots\" content=\"index, follow, max-snippet:-1, max-image-preview:large, max-video-preview:-1\" \/>\n<link rel=\"canonical\" href=\"https:\/\/explotumarca.com\/?product=dispensador-automatico-de-gel-y-jabon-abs-blanco\" \/>\n<meta property=\"og:locale\" content=\"es_MX\" \/>\n<meta property=\"og:type\" content=\"article\" \/>\n<meta property=\"og:title\" content=\"Dispensador autom\u00e1tico de gel y jab\u00f3n - ABS blanco\" \/>\n<meta property=\"og:description\" content=\"DISPENSADOR DE GEL ANTIBACTERIAL O JAB\u00d3N L\u00cdQUIDO EN ABS COLOR BLANCO AUTOM\u00c1TICO, SENSOR \u00d3PTICO GAMA ALTA SIN CONTACTO 700 ML DE CAPACIDAD F\u00c1CIL DE\" \/>\n<meta property=\"og:url\" content=\"https:\/\/explotumarca.com\/?product=dispensador-automatico-de-gel-y-jabon-abs-blanco\" \/>\n<meta property=\"og:site_name\" content=\"Explo\" \/>\n<meta property=\"article:publisher\" content=\"https:\/\/www.facebook.com\/MexicoExplo\/\" \/>\n<meta property=\"article:modified_time\" content=\"2021-07-12T02:00:57+00:00\" \/>\n<meta property=\"og:image\" content=\"https:\/\/explotumarca.com\/wp-content\/uploads\/2021\/07\/Dispensador-de-pared-gel-antibacterial-jabon-color-blanco-2.jpg\" \/>\n\t<meta property=\"og:image:width\" content=\"450\" \/>\n\t<meta property=\"og:image:height\" content=\"450\" \/>\n\t<meta property=\"og:image:type\" content=\"image\/jpeg\" \/>\n<meta name=\"twitter:card\" content=\"summary_large_image\" \/>\n<meta name=\"twitter:label1\" content=\"Tiempo de lectura\" \/>\n\t<meta name=\"twitter:data1\" content=\"1 minuto\" \/>\n<script type=\"application\/ld+json\" class=\"yoast-schema-graph\">{\"@context\":\"https:\/\/schema.org\",\"@graph\":[{\"@type\":\"WebPage\",\"@id\":\"https:\/\/explotumarca.com\/?product=dispensador-automatico-de-gel-y-jabon-abs-blanco\",\"url\":\"https:\/\/explotumarca.com\/?product=dispensador-automatico-de-gel-y-jabon-abs-blanco\",\"name\":\"Dispensador de Gel Acero Inoxidable elegante para pared autom\u00e1tico\",\"isPartOf\":{\"@id\":\"https:\/\/explotumarca.com\/#website\"},\"primaryImageOfPage\":{\"@id\":\"https:\/\/explotumarca.com\/?product=dispensador-automatico-de-gel-y-jabon-abs-blanco#primaryimage\"},\"image\":{\"@id\":\"https:\/\/explotumarca.com\/?product=dispensador-automatico-de-gel-y-jabon-abs-blanco#primaryimage\"},\"thumbnailUrl\":\"https:\/\/explotumarca.com\/wp-content\/uploads\/2021\/07\/Dispensador-de-pared-gel-antibacterial-jabon-color-blanco-2.jpg\",\"datePublished\":\"2021-07-12T01:56:46+00:00\",\"dateModified\":\"2021-07-12T02:00:57+00:00\",\"description\":\"Elegante Dispensador de Gel Acero Inoxidable para pared autom\u00e1tico de colocaci\u00f3n f\u00e1cil de alta gama para lugares de alto flujo.\",\"breadcrumb\":{\"@id\":\"https:\/\/explotumarca.com\/?product=dispensador-automatico-de-gel-y-jabon-abs-blanco#breadcrumb\"},\"inLanguage\":\"es\",\"potentialAction\":[{\"@type\":\"ReadAction\",\"target\":[\"https:\/\/explotumarca.com\/?product=dispensador-automatico-de-gel-y-jabon-abs-blanco\"]}]},{\"@type\":\"ImageObject\",\"inLanguage\":\"es\",\"@id\":\"https:\/\/explotumarca.com\/?product=dispensador-automatico-de-gel-y-jabon-abs-blanco#primaryimage\",\"url\":\"https:\/\/explotumarca.com\/wp-content\/uploads\/2021\/07\/Dispensador-de-pared-gel-antibacterial-jabon-color-blanco-2.jpg\",\"contentUrl\":\"https:\/\/explotumarca.com\/wp-content\/uploads\/2021\/07\/Dispensador-de-pared-gel-antibacterial-jabon-color-blanco-2.jpg\",\"width\":450,\"height\":450,\"caption\":\"Dispensador de Gel Jab\u00f3n Explo para pared autom\u00e1tico\"},{\"@type\":\"BreadcrumbList\",\"@id\":\"https:\/\/explotumarca.com\/?product=dispensador-automatico-de-gel-y-jabon-abs-blanco#breadcrumb\",\"itemListElement\":[{\"@type\":\"ListItem\",\"position\":1,\"name\":\"Inicio\",\"item\":\"https:\/\/explotumarca.com\/\"},{\"@type\":\"ListItem\",\"position\":2,\"name\":\"Productos\",\"item\":\"https:\/\/explotumarca.com\/?post_type=product\"},{\"@type\":\"ListItem\",\"position\":3,\"name\":\"Dispensador autom\u00e1tico de gel y jab\u00f3n &#8211; ABS blanco\"}]},{\"@type\":\"WebSite\",\"@id\":\"https:\/\/explotumarca.com\/#website\",\"url\":\"https:\/\/explotumarca.com\/\",\"name\":\"Explo\",\"description\":\"Productos y servicios corporativos\",\"publisher\":{\"@id\":\"https:\/\/explotumarca.com\/#organization\"},\"potentialAction\":[{\"@type\":\"SearchAction\",\"target\":{\"@type\":\"EntryPoint\",\"urlTemplate\":\"https:\/\/explotumarca.com\/?s={search_term_string}\"},\"query-input\":{\"@type\":\"PropertyValueSpecification\",\"valueRequired\":true,\"valueName\":\"search_term_string\"}}],\"inLanguage\":\"es\"},{\"@type\":\"Organization\",\"@id\":\"https:\/\/explotumarca.com\/#organization\",\"name\":\"Explo\",\"url\":\"https:\/\/explotumarca.com\/\",\"logo\":{\"@type\":\"ImageObject\",\"inLanguage\":\"es\",\"@id\":\"https:\/\/explotumarca.com\/#\/schema\/logo\/image\/\",\"url\":\"http:\/\/arsnovamx.com\/explotumarca.com\/wp-content\/uploads\/2020\/10\/Nuevo-Logo-Explo-2020.jpg\",\"contentUrl\":\"http:\/\/arsnovamx.com\/explotumarca.com\/wp-content\/uploads\/2020\/10\/Nuevo-Logo-Explo-2020.jpg\",\"width\":800,\"height\":334,\"caption\":\"Explo\"},\"image\":{\"@id\":\"https:\/\/explotumarca.com\/#\/schema\/logo\/image\/\"},\"sameAs\":[\"https:\/\/www.facebook.com\/MexicoExplo\/\"]}]}<\/script>\n<!-- \/ Yoast SEO Premium plugin. -->","yoast_head_json":{"title":"Dispensador de Gel Acero Inoxidable elegante para pared autom\u00e1tico","description":"Elegante Dispensador de Gel Acero Inoxidable para pared autom\u00e1tico de colocaci\u00f3n f\u00e1cil de alta gama para lugares de alto flujo.","robots":{"index":"index","follow":"follow","max-snippet":"max-snippet:-1","max-image-preview":"max-image-preview:large","max-video-preview":"max-video-preview:-1"},"canonical":"https:\/\/explotumarca.com\/?product=dispensador-automatico-de-gel-y-jabon-abs-blanco","og_locale":"es_MX","og_type":"article","og_title":"Dispensador autom\u00e1tico de gel y jab\u00f3n - ABS blanco","og_description":"DISPENSADOR DE GEL ANTIBACTERIAL O JAB\u00d3N L\u00cdQUIDO EN ABS COLOR BLANCO AUTOM\u00c1TICO, SENSOR \u00d3PTICO GAMA ALTA SIN CONTACTO 700 ML DE CAPACIDAD F\u00c1CIL DE","og_url":"https:\/\/explotumarca.com\/?product=dispensador-automatico-de-gel-y-jabon-abs-blanco","og_site_name":"Explo","article_publisher":"https:\/\/www.facebook.com\/MexicoExplo\/","article_modified_time":"2021-07-12T02:00:57+00:00","og_image":[{"width":450,"height":450,"url":"https:\/\/explotumarca.com\/wp-content\/uploads\/2021\/07\/Dispensador-de-pared-gel-antibacterial-jabon-color-blanco-2.jpg","type":"image\/jpeg"}],"twitter_card":"summary_large_image","twitter_misc":{"Tiempo de lectura":"1 minuto"},"schema":{"@context":"https:\/\/schema.org","@graph":[{"@type":"WebPage","@id":"https:\/\/explotumarca.com\/?product=dispensador-automatico-de-gel-y-jabon-abs-blanco","url":"https:\/\/explotumarca.com\/?product=dispensador-automatico-de-gel-y-jabon-abs-blanco","name":"Dispensador de Gel Acero Inoxidable elegante para pared autom\u00e1tico","isPartOf":{"@id":"https:\/\/explotumarca.com\/#website"},"primaryImageOfPage":{"@id":"https:\/\/explotumarca.com\/?product=dispensador-automatico-de-gel-y-jabon-abs-blanco#primaryimage"},"image":{"@id":"https:\/\/explotumarca.com\/?product=dispensador-automatico-de-gel-y-jabon-abs-blanco#primaryimage"},"thumbnailUrl":"https:\/\/explotumarca.com\/wp-content\/uploads\/2021\/07\/Dispensador-de-pared-gel-antibacterial-jabon-color-blanco-2.jpg","datePublished":"2021-07-12T01:56:46+00:00","dateModified":"2021-07-12T02:00:57+00:00","description":"Elegante Dispensador de Gel Acero Inoxidable para pared autom\u00e1tico de colocaci\u00f3n f\u00e1cil de alta gama para lugares de alto flujo.","breadcrumb":{"@id":"https:\/\/explotumarca.com\/?product=dispensador-automatico-de-gel-y-jabon-abs-blanco#breadcrumb"},"inLanguage":"es","potentialAction":[{"@type":"ReadAction","target":["https:\/\/explotumarca.com\/?product=dispensador-automatico-de-gel-y-jabon-abs-blanco"]}]},{"@type":"ImageObject","inLanguage":"es","@id":"https:\/\/explotumarca.com\/?product=dispensador-automatico-de-gel-y-jabon-abs-blanco#primaryimage","url":"https:\/\/explotumarca.com\/wp-content\/uploads\/2021\/07\/Dispensador-de-pared-gel-antibacterial-jabon-color-blanco-2.jpg","contentUrl":"https:\/\/explotumarca.com\/wp-content\/uploads\/2021\/07\/Dispensador-de-pared-gel-antibacterial-jabon-color-blanco-2.jpg","width":450,"height":450,"caption":"Dispensador de Gel Jab\u00f3n Explo para pared autom\u00e1tico"},{"@type":"BreadcrumbList","@id":"https:\/\/explotumarca.com\/?product=dispensador-automatico-de-gel-y-jabon-abs-blanco#breadcrumb","itemListElement":[{"@type":"ListItem","position":1,"name":"Inicio","item":"https:\/\/explotumarca.com\/"},{"@type":"ListItem","position":2,"name":"Productos","item":"https:\/\/explotumarca.com\/?post_type=product"},{"@type":"ListItem","position":3,"name":"Dispensador autom\u00e1tico de gel y jab\u00f3n &#8211; ABS blanco"}]},{"@type":"WebSite","@id":"https:\/\/explotumarca.com\/#website","url":"https:\/\/explotumarca.com\/","name":"Explo","description":"Productos y servicios corporativos","publisher":{"@id":"https:\/\/explotumarca.com\/#organization"},"potentialAction":[{"@type":"SearchAction","target":{"@type":"EntryPoint","urlTemplate":"https:\/\/explotumarca.com\/?s={search_term_string}"},"query-input":{"@type":"PropertyValueSpecification","valueRequired":true,"valueName":"search_term_string"}}],"inLanguage":"es"},{"@type":"Organization","@id":"https:\/\/explotumarca.com\/#organization","name":"Explo","url":"https:\/\/explotumarca.com\/","logo":{"@type":"ImageObject","inLanguage":"es","@id":"https:\/\/explotumarca.com\/#\/schema\/logo\/image\/","url":"http:\/\/arsnovamx.com\/explotumarca.com\/wp-content\/uploads\/2020\/10\/Nuevo-Logo-Explo-2020.jpg","contentUrl":"http:\/\/arsnovamx.com\/explotumarca.com\/wp-content\/uploads\/2020\/10\/Nuevo-Logo-Explo-2020.jpg","width":800,"height":334,"caption":"Explo"},"image":{"@id":"https:\/\/explotumarca.com\/#\/schema\/logo\/image\/"},"sameAs":["https:\/\/www.facebook.com\/MexicoExplo\/"]}]}},"_links":{"self":[{"href":"https:\/\/explotumarca.com\/index.php?rest_route=\/wp\/v2\/product\/5330","targetHints":{"allow":["GET"]}}],"collection":[{"href":"https:\/\/explotumarca.com\/index.php?rest_route=\/wp\/v2\/product"}],"about":[{"href":"https:\/\/explotumarca.com\/index.php?rest_route=\/wp\/v2\/types\/product"}],"wp:featuredmedia":[{"embeddable":true,"href":"https:\/\/explotumarca.com\/index.php?rest_route=\/wp\/v2\/media\/5331"}],"wp:attachment":[{"href":"https:\/\/explotumarca.com\/index.php?rest_route=%2Fwp%2Fv2%2Fmedia&parent=5330"}],"wp:term":[{"taxonomy":"product_cat","embeddable":true,"href":"https:\/\/explotumarca.com\/index.php?rest_route=%2Fwp%2Fv2%2Fproduct_cat&post=5330"},{"taxonomy":"product_tag","embeddable":true,"href":"https:\/\/explotumarca.com\/index.php?rest_route=%2Fwp%2Fv2%2Fproduct_tag&post=5330"}],"curies":[{"name":"wp","href":"https:\/\/api.w.org\/{rel}","templated":true}]}}