{"id":5334,"date":"2021-07-11T21:03:19","date_gmt":"2021-07-12T02:03:19","guid":{"rendered":"http:\/\/arsnovamx.com\/explotumarca.com\/?post_type=product&#038;p=5334"},"modified":"2021-08-21T22:24:41","modified_gmt":"2021-08-22T03:24:41","slug":"despachador-de-gel-y-termemetro-totem-en-acero-inoxidable","status":"publish","type":"product","link":"https:\/\/explotumarca.com\/?product=despachador-de-gel-y-termemetro-totem-en-acero-inoxidable","title":{"rendered":"Totem en Acero Inoxidable con Dispensador"},"content":{"rendered":"<h3>Totem en Acero Inoxidable con Dispensador<\/h3>\n<ul>\n<li>Altura: 180cm<\/li>\n<li>Ancho: 35cm de ancho<\/li>\n<li>3lts de capacidad<\/li>\n<li>Acero Inoxidable<\/li>\n<li>Conexi\u00f3n a corriente<\/li>\n<li>Compatible con cualquier gel<\/li>\n<li>Para alto flujo de personas<\/li>\n<li>Con iluminaci\u00f3n interna<\/li>\n<li>Display para colocar tu marca, se\u00f1alizaci\u00f3n, mensajes, etc.<\/li>\n<li>Charola para derrames<\/li>\n<li>Term\u00f3metro sin contacto<\/li>\n<\/ul>\n<p>Este modelo es totalmente adaptable con cualquier tipo de dispensador o term\u00f3metro que requieras, ya que nosotros los fabricamos.<\/p>\n<div id=\"description-includes\" class=\"item-description__content \">\n<div class=\"item-description__text\">\n<p>INFORMACI\u00d3N (55) 3342 8218<\/p>\n<\/div>\n<\/div>\n<p>EXPLOTUMARCA.COM<\/p>\n<div class=\"video-shortcode\"><iframe title=\"Despachador de Gel y Term\u00f3metro Totem en Acero Inoxidable\" width=\"1170\" height=\"658\" src=\"https:\/\/www.youtube.com\/embed\/Z9mSJQioelk?feature=oembed\" frameborder=\"0\" allow=\"accelerometer; autoplay; clipboard-write; encrypted-media; gyroscope; picture-in-picture\" allowfullscreen><\/iframe><\/div>\n","protected":false},"excerpt":{"rendered":"<p>Totem en Acero Inoxidable con Dispensador Altura: 180cm Ancho: 35cm de ancho 3lts de capacidad Acero Inoxidable Conexi\u00f3n a corriente Compatible con cualquier gel Para alto flujo de personas Con iluminaci\u00f3n interna Display para colocar [&hellip;]<\/p>\n","protected":false},"featured_media":5336,"template":"","meta":{"content-type":""},"product_cat":[88,45],"product_tag":[],"class_list":{"0":"post-5334","1":"product","2":"type-product","3":"status-publish","4":"has-post-thumbnail","6":"product_cat-dispensador-de-gel-con-termometro","7":"product_cat-dispensadores-y-termometros","9":"first","10":"instock","11":"taxable","12":"shipping-taxable","13":"purchasable","14":"product-type-simple"},"yoast_head":"<!-- This site is optimized with the Yoast SEO Premium plugin v18.8 (Yoast SEO v26.8) - https:\/\/yoast.com\/product\/yoast-seo-premium-wordpress\/ -->\n<title>Despachador de Gel Antibacterial Autom\u00e1tico: desde $970<\/title>\n<meta name=\"description\" content=\"Tenemos diversos modelos de Despachador de Gel Antibacterial Autom\u00e1tico para Empresas e Industrias: Autom\u00e1ticos, Mec\u00e1nicos, con toma de temperatura, etc.\" \/>\n<meta name=\"robots\" content=\"index, follow, max-snippet:-1, max-image-preview:large, max-video-preview:-1\" \/>\n<link rel=\"canonical\" href=\"https:\/\/explotumarca.com\/?product=despachador-de-gel-y-termemetro-totem-en-acero-inoxidable\" \/>\n<meta property=\"og:locale\" content=\"es_MX\" \/>\n<meta property=\"og:type\" content=\"article\" \/>\n<meta property=\"og:title\" content=\"Totem en Acero Inoxidable con Dispensador\" \/>\n<meta property=\"og:description\" content=\"Totem en Acero Inoxidable con Dispensador Altura: 180cm Ancho: 35cm de ancho 3lts de capacidad Acero Inoxidable Conexi\u00f3n a corriente Compatible con\" \/>\n<meta property=\"og:url\" content=\"https:\/\/explotumarca.com\/?product=despachador-de-gel-y-termemetro-totem-en-acero-inoxidable\" \/>\n<meta property=\"og:site_name\" content=\"Explo\" \/>\n<meta property=\"article:publisher\" content=\"https:\/\/www.facebook.com\/MexicoExplo\/\" \/>\n<meta property=\"article:modified_time\" content=\"2021-08-22T03:24:41+00:00\" \/>\n<meta property=\"og:image\" content=\"https:\/\/explotumarca.com\/wp-content\/uploads\/2021\/07\/Dispensador-termometro-totem-despachador-acero-inoxidable-3.jpg\" \/>\n\t<meta property=\"og:image:width\" content=\"450\" \/>\n\t<meta property=\"og:image:height\" content=\"450\" \/>\n\t<meta property=\"og:image:type\" content=\"image\/jpeg\" \/>\n<meta name=\"twitter:card\" content=\"summary_large_image\" \/>\n<meta name=\"twitter:label1\" content=\"Tiempo de lectura\" \/>\n\t<meta name=\"twitter:data1\" content=\"1 minuto\" \/>\n<script type=\"application\/ld+json\" class=\"yoast-schema-graph\">{\"@context\":\"https:\/\/schema.org\",\"@graph\":[{\"@type\":\"WebPage\",\"@id\":\"https:\/\/explotumarca.com\/?product=despachador-de-gel-y-termemetro-totem-en-acero-inoxidable\",\"url\":\"https:\/\/explotumarca.com\/?product=despachador-de-gel-y-termemetro-totem-en-acero-inoxidable\",\"name\":\"Despachador de Gel Antibacterial Autom\u00e1tico: desde $970\",\"isPartOf\":{\"@id\":\"https:\/\/explotumarca.com\/#website\"},\"primaryImageOfPage\":{\"@id\":\"https:\/\/explotumarca.com\/?product=despachador-de-gel-y-termemetro-totem-en-acero-inoxidable#primaryimage\"},\"image\":{\"@id\":\"https:\/\/explotumarca.com\/?product=despachador-de-gel-y-termemetro-totem-en-acero-inoxidable#primaryimage\"},\"thumbnailUrl\":\"https:\/\/explotumarca.com\/wp-content\/uploads\/2021\/07\/Dispensador-termometro-totem-despachador-acero-inoxidable-3.jpg\",\"datePublished\":\"2021-07-12T02:03:19+00:00\",\"dateModified\":\"2021-08-22T03:24:41+00:00\",\"description\":\"Tenemos diversos modelos de Despachador de Gel Antibacterial Autom\u00e1tico para Empresas e Industrias: Autom\u00e1ticos, Mec\u00e1nicos, con toma de temperatura, etc.\",\"breadcrumb\":{\"@id\":\"https:\/\/explotumarca.com\/?product=despachador-de-gel-y-termemetro-totem-en-acero-inoxidable#breadcrumb\"},\"inLanguage\":\"es\",\"potentialAction\":[{\"@type\":\"ReadAction\",\"target\":[\"https:\/\/explotumarca.com\/?product=despachador-de-gel-y-termemetro-totem-en-acero-inoxidable\"]}]},{\"@type\":\"ImageObject\",\"inLanguage\":\"es\",\"@id\":\"https:\/\/explotumarca.com\/?product=despachador-de-gel-y-termemetro-totem-en-acero-inoxidable#primaryimage\",\"url\":\"https:\/\/explotumarca.com\/wp-content\/uploads\/2021\/07\/Dispensador-termometro-totem-despachador-acero-inoxidable-3.jpg\",\"contentUrl\":\"https:\/\/explotumarca.com\/wp-content\/uploads\/2021\/07\/Dispensador-termometro-totem-despachador-acero-inoxidable-3.jpg\",\"width\":450,\"height\":450,\"caption\":\"Dispensador con termometro totem en acero inoxidable Explo k3 despachador\"},{\"@type\":\"BreadcrumbList\",\"@id\":\"https:\/\/explotumarca.com\/?product=despachador-de-gel-y-termemetro-totem-en-acero-inoxidable#breadcrumb\",\"itemListElement\":[{\"@type\":\"ListItem\",\"position\":1,\"name\":\"Inicio\",\"item\":\"https:\/\/explotumarca.com\/\"},{\"@type\":\"ListItem\",\"position\":2,\"name\":\"Productos\",\"item\":\"https:\/\/explotumarca.com\/?post_type=product\"},{\"@type\":\"ListItem\",\"position\":3,\"name\":\"Totem en Acero Inoxidable con Dispensador\"}]},{\"@type\":\"WebSite\",\"@id\":\"https:\/\/explotumarca.com\/#website\",\"url\":\"https:\/\/explotumarca.com\/\",\"name\":\"Explo\",\"description\":\"Productos y servicios corporativos\",\"publisher\":{\"@id\":\"https:\/\/explotumarca.com\/#organization\"},\"potentialAction\":[{\"@type\":\"SearchAction\",\"target\":{\"@type\":\"EntryPoint\",\"urlTemplate\":\"https:\/\/explotumarca.com\/?s={search_term_string}\"},\"query-input\":{\"@type\":\"PropertyValueSpecification\",\"valueRequired\":true,\"valueName\":\"search_term_string\"}}],\"inLanguage\":\"es\"},{\"@type\":\"Organization\",\"@id\":\"https:\/\/explotumarca.com\/#organization\",\"name\":\"Explo\",\"url\":\"https:\/\/explotumarca.com\/\",\"logo\":{\"@type\":\"ImageObject\",\"inLanguage\":\"es\",\"@id\":\"https:\/\/explotumarca.com\/#\/schema\/logo\/image\/\",\"url\":\"http:\/\/arsnovamx.com\/explotumarca.com\/wp-content\/uploads\/2020\/10\/Nuevo-Logo-Explo-2020.jpg\",\"contentUrl\":\"http:\/\/arsnovamx.com\/explotumarca.com\/wp-content\/uploads\/2020\/10\/Nuevo-Logo-Explo-2020.jpg\",\"width\":800,\"height\":334,\"caption\":\"Explo\"},\"image\":{\"@id\":\"https:\/\/explotumarca.com\/#\/schema\/logo\/image\/\"},\"sameAs\":[\"https:\/\/www.facebook.com\/MexicoExplo\/\"]}]}<\/script>\n<!-- \/ Yoast SEO Premium plugin. -->","yoast_head_json":{"title":"Despachador de Gel Antibacterial Autom\u00e1tico: desde $970","description":"Tenemos diversos modelos de Despachador de Gel Antibacterial Autom\u00e1tico para Empresas e Industrias: Autom\u00e1ticos, Mec\u00e1nicos, con toma de temperatura, etc.","robots":{"index":"index","follow":"follow","max-snippet":"max-snippet:-1","max-image-preview":"max-image-preview:large","max-video-preview":"max-video-preview:-1"},"canonical":"https:\/\/explotumarca.com\/?product=despachador-de-gel-y-termemetro-totem-en-acero-inoxidable","og_locale":"es_MX","og_type":"article","og_title":"Totem en Acero Inoxidable con Dispensador","og_description":"Totem en Acero Inoxidable con Dispensador Altura: 180cm Ancho: 35cm de ancho 3lts de capacidad Acero Inoxidable Conexi\u00f3n a corriente Compatible con","og_url":"https:\/\/explotumarca.com\/?product=despachador-de-gel-y-termemetro-totem-en-acero-inoxidable","og_site_name":"Explo","article_publisher":"https:\/\/www.facebook.com\/MexicoExplo\/","article_modified_time":"2021-08-22T03:24:41+00:00","og_image":[{"width":450,"height":450,"url":"https:\/\/explotumarca.com\/wp-content\/uploads\/2021\/07\/Dispensador-termometro-totem-despachador-acero-inoxidable-3.jpg","type":"image\/jpeg"}],"twitter_card":"summary_large_image","twitter_misc":{"Tiempo de lectura":"1 minuto"},"schema":{"@context":"https:\/\/schema.org","@graph":[{"@type":"WebPage","@id":"https:\/\/explotumarca.com\/?product=despachador-de-gel-y-termemetro-totem-en-acero-inoxidable","url":"https:\/\/explotumarca.com\/?product=despachador-de-gel-y-termemetro-totem-en-acero-inoxidable","name":"Despachador de Gel Antibacterial Autom\u00e1tico: desde $970","isPartOf":{"@id":"https:\/\/explotumarca.com\/#website"},"primaryImageOfPage":{"@id":"https:\/\/explotumarca.com\/?product=despachador-de-gel-y-termemetro-totem-en-acero-inoxidable#primaryimage"},"image":{"@id":"https:\/\/explotumarca.com\/?product=despachador-de-gel-y-termemetro-totem-en-acero-inoxidable#primaryimage"},"thumbnailUrl":"https:\/\/explotumarca.com\/wp-content\/uploads\/2021\/07\/Dispensador-termometro-totem-despachador-acero-inoxidable-3.jpg","datePublished":"2021-07-12T02:03:19+00:00","dateModified":"2021-08-22T03:24:41+00:00","description":"Tenemos diversos modelos de Despachador de Gel Antibacterial Autom\u00e1tico para Empresas e Industrias: Autom\u00e1ticos, Mec\u00e1nicos, con toma de temperatura, etc.","breadcrumb":{"@id":"https:\/\/explotumarca.com\/?product=despachador-de-gel-y-termemetro-totem-en-acero-inoxidable#breadcrumb"},"inLanguage":"es","potentialAction":[{"@type":"ReadAction","target":["https:\/\/explotumarca.com\/?product=despachador-de-gel-y-termemetro-totem-en-acero-inoxidable"]}]},{"@type":"ImageObject","inLanguage":"es","@id":"https:\/\/explotumarca.com\/?product=despachador-de-gel-y-termemetro-totem-en-acero-inoxidable#primaryimage","url":"https:\/\/explotumarca.com\/wp-content\/uploads\/2021\/07\/Dispensador-termometro-totem-despachador-acero-inoxidable-3.jpg","contentUrl":"https:\/\/explotumarca.com\/wp-content\/uploads\/2021\/07\/Dispensador-termometro-totem-despachador-acero-inoxidable-3.jpg","width":450,"height":450,"caption":"Dispensador con termometro totem en acero inoxidable Explo k3 despachador"},{"@type":"BreadcrumbList","@id":"https:\/\/explotumarca.com\/?product=despachador-de-gel-y-termemetro-totem-en-acero-inoxidable#breadcrumb","itemListElement":[{"@type":"ListItem","position":1,"name":"Inicio","item":"https:\/\/explotumarca.com\/"},{"@type":"ListItem","position":2,"name":"Productos","item":"https:\/\/explotumarca.com\/?post_type=product"},{"@type":"ListItem","position":3,"name":"Totem en Acero Inoxidable con Dispensador"}]},{"@type":"WebSite","@id":"https:\/\/explotumarca.com\/#website","url":"https:\/\/explotumarca.com\/","name":"Explo","description":"Productos y servicios corporativos","publisher":{"@id":"https:\/\/explotumarca.com\/#organization"},"potentialAction":[{"@type":"SearchAction","target":{"@type":"EntryPoint","urlTemplate":"https:\/\/explotumarca.com\/?s={search_term_string}"},"query-input":{"@type":"PropertyValueSpecification","valueRequired":true,"valueName":"search_term_string"}}],"inLanguage":"es"},{"@type":"Organization","@id":"https:\/\/explotumarca.com\/#organization","name":"Explo","url":"https:\/\/explotumarca.com\/","logo":{"@type":"ImageObject","inLanguage":"es","@id":"https:\/\/explotumarca.com\/#\/schema\/logo\/image\/","url":"http:\/\/arsnovamx.com\/explotumarca.com\/wp-content\/uploads\/2020\/10\/Nuevo-Logo-Explo-2020.jpg","contentUrl":"http:\/\/arsnovamx.com\/explotumarca.com\/wp-content\/uploads\/2020\/10\/Nuevo-Logo-Explo-2020.jpg","width":800,"height":334,"caption":"Explo"},"image":{"@id":"https:\/\/explotumarca.com\/#\/schema\/logo\/image\/"},"sameAs":["https:\/\/www.facebook.com\/MexicoExplo\/"]}]}},"_links":{"self":[{"href":"https:\/\/explotumarca.com\/index.php?rest_route=\/wp\/v2\/product\/5334","targetHints":{"allow":["GET"]}}],"collection":[{"href":"https:\/\/explotumarca.com\/index.php?rest_route=\/wp\/v2\/product"}],"about":[{"href":"https:\/\/explotumarca.com\/index.php?rest_route=\/wp\/v2\/types\/product"}],"wp:featuredmedia":[{"embeddable":true,"href":"https:\/\/explotumarca.com\/index.php?rest_route=\/wp\/v2\/media\/5336"}],"wp:attachment":[{"href":"https:\/\/explotumarca.com\/index.php?rest_route=%2Fwp%2Fv2%2Fmedia&parent=5334"}],"wp:term":[{"taxonomy":"product_cat","embeddable":true,"href":"https:\/\/explotumarca.com\/index.php?rest_route=%2Fwp%2Fv2%2Fproduct_cat&post=5334"},{"taxonomy":"product_tag","embeddable":true,"href":"https:\/\/explotumarca.com\/index.php?rest_route=%2Fwp%2Fv2%2Fproduct_tag&post=5334"}],"curies":[{"name":"wp","href":"https:\/\/api.w.org\/{rel}","templated":true}]}}