{"id":5354,"date":"2021-08-15T15:38:56","date_gmt":"2021-08-15T20:38:56","guid":{"rendered":"http:\/\/arsnovamx.com\/explotumarca.com\/?post_type=product&#038;p=5354"},"modified":"2021-08-21T11:11:31","modified_gmt":"2021-08-21T16:11:31","slug":"dispensador-totem-en-acero-automatico-con-termometro","status":"publish","type":"product","link":"https:\/\/explotumarca.com\/?product=dispensador-totem-en-acero-automatico-con-termometro","title":{"rendered":"Mueble tipo Totem con Dispensador Autom\u00e1tico en Acero Inoxidable"},"content":{"rendered":"<div id=\"description-includes\" class=\"item-description__content \">\n<div class=\"item-description__text\">\n<h3>DISPENSADOR AUTOM\u00c1TICO SOBRE TOTEM DE ACERO INOXIDABLE<\/h3>\n<p>DISPENSADOR:<\/p>\n<ul>\n<li>AUTOM\u00c1TICO<\/li>\n<li>GAMA ALTA<\/li>\n<li>FLUJO ALTO DE PERSONAS<\/li>\n<li>1000 ML DE CAPACIDAD<\/li>\n<li>F\u00c1CIL DE RELLENAR CON CUALQUIER GEL<\/li>\n<li>LAS MANOS DEBES PONER APROXIMADAMENTE A 10 CM<\/li>\n<\/ul>\n<p>&nbsp;<\/p>\n<p>TOTEM:<\/p>\n<\/div>\n<\/div>\n<ul>\n<li>HECHO 100% ACERO INOXIDABLE<\/li>\n<li>LAMINA DE ACERO INOXIDABLE CALIBRE 16<\/li>\n<li>SATINADO NATURAL<\/li>\n<li>DETALLES CON ESQUINAS REDONDEADAS<\/li>\n<li>PESO 12KGS<\/li>\n<li>MEDIDAS 30X115X20<\/li>\n<li>BASE PARA EVITAR DERRAMES DEL DISPESADOR<\/li>\n<\/ul>\n<p>&nbsp;<\/p>\n<p>INFORMACI\u00d3N (55) 3342 8218<\/p>\n<p>EXPLOTUMARCA.COM<\/p>\n<div class=\"video-shortcode\"><iframe title=\"Dispensador Totem en Acero Autom\u00e1tico con Term\u00f3metro\" width=\"1170\" height=\"878\" src=\"https:\/\/www.youtube.com\/embed\/UNS3tzCryso?feature=oembed\" frameborder=\"0\" allow=\"accelerometer; autoplay; clipboard-write; encrypted-media; gyroscope; picture-in-picture\" allowfullscreen><\/iframe><\/div>\n","protected":false},"excerpt":{"rendered":"<p>DISPENSADOR AUTOM\u00c1TICO SOBRE TOTEM DE ACERO INOXIDABLE DISPENSADOR: AUTOM\u00c1TICO GAMA ALTA FLUJO ALTO DE PERSONAS 1000 ML DE CAPACIDAD F\u00c1CIL DE RELLENAR CON CUALQUIER GEL LAS MANOS DEBES PONER APROXIMADAMENTE A 10 CM &nbsp; TOTEM: [&hellip;]<\/p>\n","protected":false},"featured_media":5357,"template":"","meta":{"content-type":""},"product_cat":[88,45],"product_tag":[],"class_list":{"0":"post-5354","1":"product","2":"type-product","3":"status-publish","4":"has-post-thumbnail","6":"product_cat-dispensador-de-gel-con-termometro","7":"product_cat-dispensadores-y-termometros","9":"first","10":"instock","11":"taxable","12":"shipping-taxable","13":"purchasable","14":"product-type-simple"},"yoast_head":"<!-- This site is optimized with the Yoast SEO Premium plugin v18.8 (Yoast SEO v26.8) - https:\/\/yoast.com\/product\/yoast-seo-premium-wordpress\/ -->\n<title>Despachador de Gel Antibacterial Autom\u00e1tico: desde $970<\/title>\n<meta name=\"description\" content=\"Tenemos diversos modelos de Despachador de Gel Antibacterial Autom\u00e1tico para Empresas e Industrias: Autom\u00e1ticos, Mec\u00e1nicos, con toma de temperatura, etc.\" \/>\n<meta name=\"robots\" content=\"index, follow, max-snippet:-1, max-image-preview:large, max-video-preview:-1\" \/>\n<link rel=\"canonical\" href=\"https:\/\/explotumarca.com\/?product=dispensador-totem-en-acero-automatico-con-termometro\" \/>\n<meta property=\"og:locale\" content=\"es_MX\" \/>\n<meta property=\"og:type\" content=\"article\" \/>\n<meta property=\"og:title\" content=\"Mueble tipo Totem con Dispensador Autom\u00e1tico en Acero Inoxidable\" \/>\n<meta property=\"og:description\" content=\"DISPENSADOR AUTOM\u00c1TICO SOBRE TOTEM DE ACERO INOXIDABLE DISPENSADOR: AUTOM\u00c1TICO GAMA ALTA FLUJO ALTO DE PERSONAS 1000 ML DE CAPACIDAD F\u00c1CIL DE RELLENAR CON\" \/>\n<meta property=\"og:url\" content=\"https:\/\/explotumarca.com\/?product=dispensador-totem-en-acero-automatico-con-termometro\" \/>\n<meta property=\"og:site_name\" content=\"Explo\" \/>\n<meta property=\"article:publisher\" content=\"https:\/\/www.facebook.com\/MexicoExplo\/\" \/>\n<meta property=\"article:modified_time\" content=\"2021-08-21T16:11:31+00:00\" \/>\n<meta property=\"og:image\" content=\"https:\/\/explotumarca.com\/wp-content\/uploads\/2021\/08\/Dispensador-Termometro-Automatico-Acero-4.jpg\" \/>\n\t<meta property=\"og:image:width\" content=\"450\" \/>\n\t<meta property=\"og:image:height\" content=\"450\" \/>\n\t<meta property=\"og:image:type\" content=\"image\/jpeg\" \/>\n<meta name=\"twitter:card\" content=\"summary_large_image\" \/>\n<meta name=\"twitter:label1\" content=\"Tiempo de lectura\" \/>\n\t<meta name=\"twitter:data1\" content=\"1 minuto\" \/>\n<script type=\"application\/ld+json\" class=\"yoast-schema-graph\">{\"@context\":\"https:\/\/schema.org\",\"@graph\":[{\"@type\":\"WebPage\",\"@id\":\"https:\/\/explotumarca.com\/?product=dispensador-totem-en-acero-automatico-con-termometro\",\"url\":\"https:\/\/explotumarca.com\/?product=dispensador-totem-en-acero-automatico-con-termometro\",\"name\":\"Despachador de Gel Antibacterial Autom\u00e1tico: desde $970\",\"isPartOf\":{\"@id\":\"https:\/\/explotumarca.com\/#website\"},\"primaryImageOfPage\":{\"@id\":\"https:\/\/explotumarca.com\/?product=dispensador-totem-en-acero-automatico-con-termometro#primaryimage\"},\"image\":{\"@id\":\"https:\/\/explotumarca.com\/?product=dispensador-totem-en-acero-automatico-con-termometro#primaryimage\"},\"thumbnailUrl\":\"https:\/\/explotumarca.com\/wp-content\/uploads\/2021\/08\/Dispensador-Termometro-Automatico-Acero-4.jpg\",\"datePublished\":\"2021-08-15T20:38:56+00:00\",\"dateModified\":\"2021-08-21T16:11:31+00:00\",\"description\":\"Tenemos diversos modelos de Despachador de Gel Antibacterial Autom\u00e1tico para Empresas e Industrias: Autom\u00e1ticos, Mec\u00e1nicos, con toma de temperatura, etc.\",\"breadcrumb\":{\"@id\":\"https:\/\/explotumarca.com\/?product=dispensador-totem-en-acero-automatico-con-termometro#breadcrumb\"},\"inLanguage\":\"es\",\"potentialAction\":[{\"@type\":\"ReadAction\",\"target\":[\"https:\/\/explotumarca.com\/?product=dispensador-totem-en-acero-automatico-con-termometro\"]}]},{\"@type\":\"ImageObject\",\"inLanguage\":\"es\",\"@id\":\"https:\/\/explotumarca.com\/?product=dispensador-totem-en-acero-automatico-con-termometro#primaryimage\",\"url\":\"https:\/\/explotumarca.com\/wp-content\/uploads\/2021\/08\/Dispensador-Termometro-Automatico-Acero-4.jpg\",\"contentUrl\":\"https:\/\/explotumarca.com\/wp-content\/uploads\/2021\/08\/Dispensador-Termometro-Automatico-Acero-4.jpg\",\"width\":450,\"height\":450,\"caption\":\"Dispensador con term\u00f3metro Explotumarca\"},{\"@type\":\"BreadcrumbList\",\"@id\":\"https:\/\/explotumarca.com\/?product=dispensador-totem-en-acero-automatico-con-termometro#breadcrumb\",\"itemListElement\":[{\"@type\":\"ListItem\",\"position\":1,\"name\":\"Inicio\",\"item\":\"https:\/\/explotumarca.com\/\"},{\"@type\":\"ListItem\",\"position\":2,\"name\":\"Productos\",\"item\":\"https:\/\/explotumarca.com\/?post_type=product\"},{\"@type\":\"ListItem\",\"position\":3,\"name\":\"Mueble tipo Totem con Dispensador Autom\u00e1tico en Acero Inoxidable\"}]},{\"@type\":\"WebSite\",\"@id\":\"https:\/\/explotumarca.com\/#website\",\"url\":\"https:\/\/explotumarca.com\/\",\"name\":\"Explo\",\"description\":\"Productos y servicios corporativos\",\"publisher\":{\"@id\":\"https:\/\/explotumarca.com\/#organization\"},\"potentialAction\":[{\"@type\":\"SearchAction\",\"target\":{\"@type\":\"EntryPoint\",\"urlTemplate\":\"https:\/\/explotumarca.com\/?s={search_term_string}\"},\"query-input\":{\"@type\":\"PropertyValueSpecification\",\"valueRequired\":true,\"valueName\":\"search_term_string\"}}],\"inLanguage\":\"es\"},{\"@type\":\"Organization\",\"@id\":\"https:\/\/explotumarca.com\/#organization\",\"name\":\"Explo\",\"url\":\"https:\/\/explotumarca.com\/\",\"logo\":{\"@type\":\"ImageObject\",\"inLanguage\":\"es\",\"@id\":\"https:\/\/explotumarca.com\/#\/schema\/logo\/image\/\",\"url\":\"http:\/\/arsnovamx.com\/explotumarca.com\/wp-content\/uploads\/2020\/10\/Nuevo-Logo-Explo-2020.jpg\",\"contentUrl\":\"http:\/\/arsnovamx.com\/explotumarca.com\/wp-content\/uploads\/2020\/10\/Nuevo-Logo-Explo-2020.jpg\",\"width\":800,\"height\":334,\"caption\":\"Explo\"},\"image\":{\"@id\":\"https:\/\/explotumarca.com\/#\/schema\/logo\/image\/\"},\"sameAs\":[\"https:\/\/www.facebook.com\/MexicoExplo\/\"]}]}<\/script>\n<!-- \/ Yoast SEO Premium plugin. -->","yoast_head_json":{"title":"Despachador de Gel Antibacterial Autom\u00e1tico: desde $970","description":"Tenemos diversos modelos de Despachador de Gel Antibacterial Autom\u00e1tico para Empresas e Industrias: Autom\u00e1ticos, Mec\u00e1nicos, con toma de temperatura, etc.","robots":{"index":"index","follow":"follow","max-snippet":"max-snippet:-1","max-image-preview":"max-image-preview:large","max-video-preview":"max-video-preview:-1"},"canonical":"https:\/\/explotumarca.com\/?product=dispensador-totem-en-acero-automatico-con-termometro","og_locale":"es_MX","og_type":"article","og_title":"Mueble tipo Totem con Dispensador Autom\u00e1tico en Acero Inoxidable","og_description":"DISPENSADOR AUTOM\u00c1TICO SOBRE TOTEM DE ACERO INOXIDABLE DISPENSADOR: AUTOM\u00c1TICO GAMA ALTA FLUJO ALTO DE PERSONAS 1000 ML DE CAPACIDAD F\u00c1CIL DE RELLENAR CON","og_url":"https:\/\/explotumarca.com\/?product=dispensador-totem-en-acero-automatico-con-termometro","og_site_name":"Explo","article_publisher":"https:\/\/www.facebook.com\/MexicoExplo\/","article_modified_time":"2021-08-21T16:11:31+00:00","og_image":[{"width":450,"height":450,"url":"https:\/\/explotumarca.com\/wp-content\/uploads\/2021\/08\/Dispensador-Termometro-Automatico-Acero-4.jpg","type":"image\/jpeg"}],"twitter_card":"summary_large_image","twitter_misc":{"Tiempo de lectura":"1 minuto"},"schema":{"@context":"https:\/\/schema.org","@graph":[{"@type":"WebPage","@id":"https:\/\/explotumarca.com\/?product=dispensador-totem-en-acero-automatico-con-termometro","url":"https:\/\/explotumarca.com\/?product=dispensador-totem-en-acero-automatico-con-termometro","name":"Despachador de Gel Antibacterial Autom\u00e1tico: desde $970","isPartOf":{"@id":"https:\/\/explotumarca.com\/#website"},"primaryImageOfPage":{"@id":"https:\/\/explotumarca.com\/?product=dispensador-totem-en-acero-automatico-con-termometro#primaryimage"},"image":{"@id":"https:\/\/explotumarca.com\/?product=dispensador-totem-en-acero-automatico-con-termometro#primaryimage"},"thumbnailUrl":"https:\/\/explotumarca.com\/wp-content\/uploads\/2021\/08\/Dispensador-Termometro-Automatico-Acero-4.jpg","datePublished":"2021-08-15T20:38:56+00:00","dateModified":"2021-08-21T16:11:31+00:00","description":"Tenemos diversos modelos de Despachador de Gel Antibacterial Autom\u00e1tico para Empresas e Industrias: Autom\u00e1ticos, Mec\u00e1nicos, con toma de temperatura, etc.","breadcrumb":{"@id":"https:\/\/explotumarca.com\/?product=dispensador-totem-en-acero-automatico-con-termometro#breadcrumb"},"inLanguage":"es","potentialAction":[{"@type":"ReadAction","target":["https:\/\/explotumarca.com\/?product=dispensador-totem-en-acero-automatico-con-termometro"]}]},{"@type":"ImageObject","inLanguage":"es","@id":"https:\/\/explotumarca.com\/?product=dispensador-totem-en-acero-automatico-con-termometro#primaryimage","url":"https:\/\/explotumarca.com\/wp-content\/uploads\/2021\/08\/Dispensador-Termometro-Automatico-Acero-4.jpg","contentUrl":"https:\/\/explotumarca.com\/wp-content\/uploads\/2021\/08\/Dispensador-Termometro-Automatico-Acero-4.jpg","width":450,"height":450,"caption":"Dispensador con term\u00f3metro Explotumarca"},{"@type":"BreadcrumbList","@id":"https:\/\/explotumarca.com\/?product=dispensador-totem-en-acero-automatico-con-termometro#breadcrumb","itemListElement":[{"@type":"ListItem","position":1,"name":"Inicio","item":"https:\/\/explotumarca.com\/"},{"@type":"ListItem","position":2,"name":"Productos","item":"https:\/\/explotumarca.com\/?post_type=product"},{"@type":"ListItem","position":3,"name":"Mueble tipo Totem con Dispensador Autom\u00e1tico en Acero Inoxidable"}]},{"@type":"WebSite","@id":"https:\/\/explotumarca.com\/#website","url":"https:\/\/explotumarca.com\/","name":"Explo","description":"Productos y servicios corporativos","publisher":{"@id":"https:\/\/explotumarca.com\/#organization"},"potentialAction":[{"@type":"SearchAction","target":{"@type":"EntryPoint","urlTemplate":"https:\/\/explotumarca.com\/?s={search_term_string}"},"query-input":{"@type":"PropertyValueSpecification","valueRequired":true,"valueName":"search_term_string"}}],"inLanguage":"es"},{"@type":"Organization","@id":"https:\/\/explotumarca.com\/#organization","name":"Explo","url":"https:\/\/explotumarca.com\/","logo":{"@type":"ImageObject","inLanguage":"es","@id":"https:\/\/explotumarca.com\/#\/schema\/logo\/image\/","url":"http:\/\/arsnovamx.com\/explotumarca.com\/wp-content\/uploads\/2020\/10\/Nuevo-Logo-Explo-2020.jpg","contentUrl":"http:\/\/arsnovamx.com\/explotumarca.com\/wp-content\/uploads\/2020\/10\/Nuevo-Logo-Explo-2020.jpg","width":800,"height":334,"caption":"Explo"},"image":{"@id":"https:\/\/explotumarca.com\/#\/schema\/logo\/image\/"},"sameAs":["https:\/\/www.facebook.com\/MexicoExplo\/"]}]}},"_links":{"self":[{"href":"https:\/\/explotumarca.com\/index.php?rest_route=\/wp\/v2\/product\/5354","targetHints":{"allow":["GET"]}}],"collection":[{"href":"https:\/\/explotumarca.com\/index.php?rest_route=\/wp\/v2\/product"}],"about":[{"href":"https:\/\/explotumarca.com\/index.php?rest_route=\/wp\/v2\/types\/product"}],"wp:featuredmedia":[{"embeddable":true,"href":"https:\/\/explotumarca.com\/index.php?rest_route=\/wp\/v2\/media\/5357"}],"wp:attachment":[{"href":"https:\/\/explotumarca.com\/index.php?rest_route=%2Fwp%2Fv2%2Fmedia&parent=5354"}],"wp:term":[{"taxonomy":"product_cat","embeddable":true,"href":"https:\/\/explotumarca.com\/index.php?rest_route=%2Fwp%2Fv2%2Fproduct_cat&post=5354"},{"taxonomy":"product_tag","embeddable":true,"href":"https:\/\/explotumarca.com\/index.php?rest_route=%2Fwp%2Fv2%2Fproduct_tag&post=5354"}],"curies":[{"name":"wp","href":"https:\/\/api.w.org\/{rel}","templated":true}]}}