{"id":5431,"date":"2021-10-19T15:37:12","date_gmt":"2021-10-19T20:37:12","guid":{"rendered":"http:\/\/arsnovamx.com\/explotumarca.com\/?post_type=product&#038;p=5431"},"modified":"2021-10-19T18:03:12","modified_gmt":"2021-10-19T23:03:12","slug":"dispensador-para-gel-y-jabon","status":"publish","type":"product","link":"https:\/\/explotumarca.com\/?product=dispensador-para-gel-y-jabon","title":{"rendered":"Dispensador para Gel y Jab\u00f3n Manual Push Jofel Blanco"},"content":{"rendered":"<div id=\"description-includes\" class=\"item-description__content \">\n<div class=\"item-description__text\"><\/div>\n<h1 class=\"ui-pdp-title\">Dispensador para Gel y Jab\u00f3n Manual Push Jofel Blanco Clave AC2750<\/h1>\n<p>Dispensador para gel y jab\u00f3n<\/p>\n<p>Fabricado en ABS de alta calidad y resistencia.<br \/>\n*Base y tapa en ABS blanco.<br \/>\n*V\u00e1lvula anticorrosiva y anti goteo.<br \/>\n*Dep\u00f3sito en polietileno transparente y extra\u00edble de 1 Litro.<br \/>\n*Pulsador integrado en tapa frontal.<br \/>\n*Posibilidad de reconvertirlo para Dosificador de Jab\u00f3n de Cartuchos <a href=\"https:\/\/jofel.com\/es\/productos\/dosificadores-de-jabon-gel-espuma-y-spray\/dosificador-de-jabon-smart-1449.html\">Jofel<\/a>.<br \/>\n*Cerradura con llave y visor de carga.<br \/>\n*Moderno dise\u00f1o.<br \/>\n*F\u00e1cil mantenimiento, carga y limpieza .<br \/>\n*M\u00e1ximo rendimiento y larga duraci\u00f3n.<br \/>\n*Especialmente indicado para Colectividades y W.C. p\u00fablicos de alta rotaci\u00f3n.<br \/>\n*Integrado en la l\u00ednea econ\u00f3mica de Jofel.<br \/>\n*Forma parte de la gama completa Low Cost Smart.<br \/>\n*Por su especial dise\u00f1o, se integra f\u00e1cilmente en cualquier decoraci\u00f3n o instalaci\u00f3n.<\/p>\n<p>&nbsp;<\/p>\n<\/div>\n<p><strong>Precios Mayoreo por volumen: a mayor volumen el precio unitario ir\u00e1 disminuyendo.<\/strong><\/p>\n<p>INFORMACI\u00d3N (55) 3342 8218<\/p>\n<p><a href=\"http:\/\/arsnovamx.com\/explotumarca.com\/dispensadores-diversos-modelos\/\">EXPLOTUMARCA.COM<\/a><\/p>\n<p>Jofel es una empresa multinacional dedicada a la producci\u00f3n, comercializaci\u00f3n y distribuci\u00f3n de Sistemas y Equipos de Higiene y Limpieza Profesional, con m\u00e1s de 30 a\u00f1os de presencia en los mercados internacionales y con implantaci\u00f3n en m\u00e1s de 80 pa\u00edses de los cinco continentes.<\/p>\n<p>Jofel es un oferente integral y un referente en cuanto a productos de \u00faltima generaci\u00f3n por la calidad, gama, servicio e I+D+i en el sector Profesional de Higiene y Limpieza.<\/p>\n<p>Explo es Distribuidor oficial de todos los productos Jofel en toda la Rep\u00fablica Mexicana y contamos con los mejores precios, tiempos de entrega y soluciones para tu negocio.<\/p>\n","protected":false},"excerpt":{"rendered":"<p>Dispensador para Gel y Jab\u00f3n Manual Push Jofel Blanco Clave AC2750 Dispensador para gel y jab\u00f3n Fabricado en ABS de alta calidad y resistencia. *Base y tapa en ABS blanco. *V\u00e1lvula anticorrosiva y anti goteo. [&hellip;]<\/p>\n","protected":false},"featured_media":5433,"template":"","meta":{"content-type":""},"product_cat":[89,45,93,92],"product_tag":[],"class_list":{"0":"post-5431","1":"product","2":"type-product","3":"status-publish","4":"has-post-thumbnail","6":"product_cat-dispensadores-de-gel-y-jabon","7":"product_cat-dispensadores-y-termometros","8":"product_cat-productos-jofel","9":"product_cat-productos-kc","11":"first","12":"instock","13":"featured","14":"taxable","15":"shipping-taxable","16":"purchasable","17":"product-type-simple"},"yoast_head":"<!-- This site is optimized with the Yoast SEO Premium plugin v18.8 (Yoast SEO v26.8) - https:\/\/yoast.com\/product\/yoast-seo-premium-wordpress\/ -->\n<title>Dispensador para gel y jab\u00f3n de pared push, despachador jabonera<\/title>\n<meta name=\"description\" content=\"Dispensador para gel y jab\u00f3n liquido de push en color blanco. Cotiza en segundos, somos mayoristas, env\u00edos a toda la Rep\u00fablica\" \/>\n<meta name=\"robots\" content=\"index, follow, max-snippet:-1, max-image-preview:large, max-video-preview:-1\" \/>\n<link rel=\"canonical\" href=\"https:\/\/explotumarca.com\/?product=dispensador-para-gel-y-jabon\" \/>\n<meta property=\"og:locale\" content=\"es_MX\" \/>\n<meta property=\"og:type\" content=\"article\" \/>\n<meta property=\"og:title\" content=\"Dispensador para Gel y Jab\u00f3n Manual Push Jofel Blanco\" \/>\n<meta property=\"og:description\" content=\"Dispensador para Gel y Jab\u00f3n Manual Push Jofel Blanco Clave AC2750 Dispensador para gel y jab\u00f3n Fabricado en ABS de alta calidad y resistencia. *Base y\" \/>\n<meta property=\"og:url\" content=\"https:\/\/explotumarca.com\/?product=dispensador-para-gel-y-jabon\" \/>\n<meta property=\"og:site_name\" content=\"Explo\" \/>\n<meta property=\"article:publisher\" content=\"https:\/\/www.facebook.com\/MexicoExplo\/\" \/>\n<meta property=\"article:modified_time\" content=\"2021-10-19T23:03:12+00:00\" \/>\n<meta property=\"og:image\" content=\"https:\/\/explotumarca.com\/wp-content\/uploads\/2021\/10\/Dispensador-para-gel-jabon-despachador-jabonera-Kimberly-Clark-94236-jofel-AC27050-2.jpg\" \/>\n\t<meta property=\"og:image:width\" content=\"450\" \/>\n\t<meta property=\"og:image:height\" content=\"450\" \/>\n\t<meta property=\"og:image:type\" content=\"image\/jpeg\" \/>\n<meta name=\"twitter:card\" content=\"summary_large_image\" \/>\n<meta name=\"twitter:label1\" content=\"Tiempo de lectura\" \/>\n\t<meta name=\"twitter:data1\" content=\"2 minutos\" \/>\n<script type=\"application\/ld+json\" class=\"yoast-schema-graph\">{\"@context\":\"https:\/\/schema.org\",\"@graph\":[{\"@type\":\"WebPage\",\"@id\":\"https:\/\/explotumarca.com\/?product=dispensador-para-gel-y-jabon\",\"url\":\"https:\/\/explotumarca.com\/?product=dispensador-para-gel-y-jabon\",\"name\":\"Dispensador para gel y jab\u00f3n de pared push, despachador jabonera\",\"isPartOf\":{\"@id\":\"https:\/\/explotumarca.com\/#website\"},\"primaryImageOfPage\":{\"@id\":\"https:\/\/explotumarca.com\/?product=dispensador-para-gel-y-jabon#primaryimage\"},\"image\":{\"@id\":\"https:\/\/explotumarca.com\/?product=dispensador-para-gel-y-jabon#primaryimage\"},\"thumbnailUrl\":\"https:\/\/explotumarca.com\/wp-content\/uploads\/2021\/10\/Dispensador-para-gel-jabon-despachador-jabonera-Kimberly-Clark-94236-jofel-AC27050-2.jpg\",\"datePublished\":\"2021-10-19T20:37:12+00:00\",\"dateModified\":\"2021-10-19T23:03:12+00:00\",\"description\":\"Dispensador para gel y jab\u00f3n liquido de push en color blanco. Cotiza en segundos, somos mayoristas, env\u00edos a toda la Rep\u00fablica\",\"breadcrumb\":{\"@id\":\"https:\/\/explotumarca.com\/?product=dispensador-para-gel-y-jabon#breadcrumb\"},\"inLanguage\":\"es\",\"potentialAction\":[{\"@type\":\"ReadAction\",\"target\":[\"https:\/\/explotumarca.com\/?product=dispensador-para-gel-y-jabon\"]}]},{\"@type\":\"ImageObject\",\"inLanguage\":\"es\",\"@id\":\"https:\/\/explotumarca.com\/?product=dispensador-para-gel-y-jabon#primaryimage\",\"url\":\"https:\/\/explotumarca.com\/wp-content\/uploads\/2021\/10\/Dispensador-para-gel-jabon-despachador-jabonera-Kimberly-Clark-94236-jofel-AC27050-2.jpg\",\"contentUrl\":\"https:\/\/explotumarca.com\/wp-content\/uploads\/2021\/10\/Dispensador-para-gel-jabon-despachador-jabonera-Kimberly-Clark-94236-jofel-AC27050-2.jpg\",\"width\":450,\"height\":450,\"caption\":\"Dispensador para gel y jab\u00f3n explotumarca\"},{\"@type\":\"BreadcrumbList\",\"@id\":\"https:\/\/explotumarca.com\/?product=dispensador-para-gel-y-jabon#breadcrumb\",\"itemListElement\":[{\"@type\":\"ListItem\",\"position\":1,\"name\":\"Inicio\",\"item\":\"https:\/\/explotumarca.com\/\"},{\"@type\":\"ListItem\",\"position\":2,\"name\":\"Productos\",\"item\":\"https:\/\/explotumarca.com\/?post_type=product\"},{\"@type\":\"ListItem\",\"position\":3,\"name\":\"Dispensador para Gel y Jab\u00f3n Manual Push Jofel Blanco\"}]},{\"@type\":\"WebSite\",\"@id\":\"https:\/\/explotumarca.com\/#website\",\"url\":\"https:\/\/explotumarca.com\/\",\"name\":\"Explo\",\"description\":\"Productos y servicios corporativos\",\"publisher\":{\"@id\":\"https:\/\/explotumarca.com\/#organization\"},\"potentialAction\":[{\"@type\":\"SearchAction\",\"target\":{\"@type\":\"EntryPoint\",\"urlTemplate\":\"https:\/\/explotumarca.com\/?s={search_term_string}\"},\"query-input\":{\"@type\":\"PropertyValueSpecification\",\"valueRequired\":true,\"valueName\":\"search_term_string\"}}],\"inLanguage\":\"es\"},{\"@type\":\"Organization\",\"@id\":\"https:\/\/explotumarca.com\/#organization\",\"name\":\"Explo\",\"url\":\"https:\/\/explotumarca.com\/\",\"logo\":{\"@type\":\"ImageObject\",\"inLanguage\":\"es\",\"@id\":\"https:\/\/explotumarca.com\/#\/schema\/logo\/image\/\",\"url\":\"http:\/\/arsnovamx.com\/explotumarca.com\/wp-content\/uploads\/2020\/10\/Nuevo-Logo-Explo-2020.jpg\",\"contentUrl\":\"http:\/\/arsnovamx.com\/explotumarca.com\/wp-content\/uploads\/2020\/10\/Nuevo-Logo-Explo-2020.jpg\",\"width\":800,\"height\":334,\"caption\":\"Explo\"},\"image\":{\"@id\":\"https:\/\/explotumarca.com\/#\/schema\/logo\/image\/\"},\"sameAs\":[\"https:\/\/www.facebook.com\/MexicoExplo\/\"]}]}<\/script>\n<!-- \/ Yoast SEO Premium plugin. -->","yoast_head_json":{"title":"Dispensador para gel y jab\u00f3n de pared push, despachador jabonera","description":"Dispensador para gel y jab\u00f3n liquido de push en color blanco. Cotiza en segundos, somos mayoristas, env\u00edos a toda la Rep\u00fablica","robots":{"index":"index","follow":"follow","max-snippet":"max-snippet:-1","max-image-preview":"max-image-preview:large","max-video-preview":"max-video-preview:-1"},"canonical":"https:\/\/explotumarca.com\/?product=dispensador-para-gel-y-jabon","og_locale":"es_MX","og_type":"article","og_title":"Dispensador para Gel y Jab\u00f3n Manual Push Jofel Blanco","og_description":"Dispensador para Gel y Jab\u00f3n Manual Push Jofel Blanco Clave AC2750 Dispensador para gel y jab\u00f3n Fabricado en ABS de alta calidad y resistencia. *Base y","og_url":"https:\/\/explotumarca.com\/?product=dispensador-para-gel-y-jabon","og_site_name":"Explo","article_publisher":"https:\/\/www.facebook.com\/MexicoExplo\/","article_modified_time":"2021-10-19T23:03:12+00:00","og_image":[{"width":450,"height":450,"url":"https:\/\/explotumarca.com\/wp-content\/uploads\/2021\/10\/Dispensador-para-gel-jabon-despachador-jabonera-Kimberly-Clark-94236-jofel-AC27050-2.jpg","type":"image\/jpeg"}],"twitter_card":"summary_large_image","twitter_misc":{"Tiempo de lectura":"2 minutos"},"schema":{"@context":"https:\/\/schema.org","@graph":[{"@type":"WebPage","@id":"https:\/\/explotumarca.com\/?product=dispensador-para-gel-y-jabon","url":"https:\/\/explotumarca.com\/?product=dispensador-para-gel-y-jabon","name":"Dispensador para gel y jab\u00f3n de pared push, despachador jabonera","isPartOf":{"@id":"https:\/\/explotumarca.com\/#website"},"primaryImageOfPage":{"@id":"https:\/\/explotumarca.com\/?product=dispensador-para-gel-y-jabon#primaryimage"},"image":{"@id":"https:\/\/explotumarca.com\/?product=dispensador-para-gel-y-jabon#primaryimage"},"thumbnailUrl":"https:\/\/explotumarca.com\/wp-content\/uploads\/2021\/10\/Dispensador-para-gel-jabon-despachador-jabonera-Kimberly-Clark-94236-jofel-AC27050-2.jpg","datePublished":"2021-10-19T20:37:12+00:00","dateModified":"2021-10-19T23:03:12+00:00","description":"Dispensador para gel y jab\u00f3n liquido de push en color blanco. Cotiza en segundos, somos mayoristas, env\u00edos a toda la Rep\u00fablica","breadcrumb":{"@id":"https:\/\/explotumarca.com\/?product=dispensador-para-gel-y-jabon#breadcrumb"},"inLanguage":"es","potentialAction":[{"@type":"ReadAction","target":["https:\/\/explotumarca.com\/?product=dispensador-para-gel-y-jabon"]}]},{"@type":"ImageObject","inLanguage":"es","@id":"https:\/\/explotumarca.com\/?product=dispensador-para-gel-y-jabon#primaryimage","url":"https:\/\/explotumarca.com\/wp-content\/uploads\/2021\/10\/Dispensador-para-gel-jabon-despachador-jabonera-Kimberly-Clark-94236-jofel-AC27050-2.jpg","contentUrl":"https:\/\/explotumarca.com\/wp-content\/uploads\/2021\/10\/Dispensador-para-gel-jabon-despachador-jabonera-Kimberly-Clark-94236-jofel-AC27050-2.jpg","width":450,"height":450,"caption":"Dispensador para gel y jab\u00f3n explotumarca"},{"@type":"BreadcrumbList","@id":"https:\/\/explotumarca.com\/?product=dispensador-para-gel-y-jabon#breadcrumb","itemListElement":[{"@type":"ListItem","position":1,"name":"Inicio","item":"https:\/\/explotumarca.com\/"},{"@type":"ListItem","position":2,"name":"Productos","item":"https:\/\/explotumarca.com\/?post_type=product"},{"@type":"ListItem","position":3,"name":"Dispensador para Gel y Jab\u00f3n Manual Push Jofel Blanco"}]},{"@type":"WebSite","@id":"https:\/\/explotumarca.com\/#website","url":"https:\/\/explotumarca.com\/","name":"Explo","description":"Productos y servicios corporativos","publisher":{"@id":"https:\/\/explotumarca.com\/#organization"},"potentialAction":[{"@type":"SearchAction","target":{"@type":"EntryPoint","urlTemplate":"https:\/\/explotumarca.com\/?s={search_term_string}"},"query-input":{"@type":"PropertyValueSpecification","valueRequired":true,"valueName":"search_term_string"}}],"inLanguage":"es"},{"@type":"Organization","@id":"https:\/\/explotumarca.com\/#organization","name":"Explo","url":"https:\/\/explotumarca.com\/","logo":{"@type":"ImageObject","inLanguage":"es","@id":"https:\/\/explotumarca.com\/#\/schema\/logo\/image\/","url":"http:\/\/arsnovamx.com\/explotumarca.com\/wp-content\/uploads\/2020\/10\/Nuevo-Logo-Explo-2020.jpg","contentUrl":"http:\/\/arsnovamx.com\/explotumarca.com\/wp-content\/uploads\/2020\/10\/Nuevo-Logo-Explo-2020.jpg","width":800,"height":334,"caption":"Explo"},"image":{"@id":"https:\/\/explotumarca.com\/#\/schema\/logo\/image\/"},"sameAs":["https:\/\/www.facebook.com\/MexicoExplo\/"]}]}},"_links":{"self":[{"href":"https:\/\/explotumarca.com\/index.php?rest_route=\/wp\/v2\/product\/5431","targetHints":{"allow":["GET"]}}],"collection":[{"href":"https:\/\/explotumarca.com\/index.php?rest_route=\/wp\/v2\/product"}],"about":[{"href":"https:\/\/explotumarca.com\/index.php?rest_route=\/wp\/v2\/types\/product"}],"wp:featuredmedia":[{"embeddable":true,"href":"https:\/\/explotumarca.com\/index.php?rest_route=\/wp\/v2\/media\/5433"}],"wp:attachment":[{"href":"https:\/\/explotumarca.com\/index.php?rest_route=%2Fwp%2Fv2%2Fmedia&parent=5431"}],"wp:term":[{"taxonomy":"product_cat","embeddable":true,"href":"https:\/\/explotumarca.com\/index.php?rest_route=%2Fwp%2Fv2%2Fproduct_cat&post=5431"},{"taxonomy":"product_tag","embeddable":true,"href":"https:\/\/explotumarca.com\/index.php?rest_route=%2Fwp%2Fv2%2Fproduct_tag&post=5431"}],"curies":[{"name":"wp","href":"https:\/\/api.w.org\/{rel}","templated":true}]}}