{"id":5432,"date":"2021-10-19T15:37:19","date_gmt":"2021-10-19T20:37:19","guid":{"rendered":"http:\/\/arsnovamx.com\/explotumarca.com\/?post_type=product&#038;p=5432"},"modified":"2021-10-19T18:02:55","modified_gmt":"2021-10-19T23:02:55","slug":"portarollos-de-bano-dispensador","status":"publish","type":"product","link":"https:\/\/explotumarca.com\/?product=portarollos-de-bano-dispensador","title":{"rendered":"Portarrollos de Ba\u00f1o Dispensador de Papel Higi\u00e9nico Jofel"},"content":{"rendered":"<h2>Portarrollos de Ba\u00f1o Dispensador JOFEL Color Blanco AE59000<\/h2>\n<p>Portarollos de Ba\u00f1o Dispensador Despachador de Papel Higi\u00e9nico para Jumbo Jr.<\/p>\n<p>Color: BLANCO Marca: <a href=\"https:\/\/jofel.com\/es\/portarrollo-maxi-azur.html\">Jofel<\/a><\/p>\n<p>Portarrollo jofel linea smart.<\/p>\n<p>Fabricaci\u00f3n en ABS en alta calidad<\/p>\n<p>Cerradura con llave y visor de carga<\/p>\n<p>Frontal abatible para cambio de rollo con facilidad<\/p>\n<p><strong>Precios Mayoreo por volumen: a mayor volumen el precio unitario ir\u00e1 disminuyendo.<\/strong><\/p>\n<p>MAYOR INFORMACI\u00d3N (55) 3342 8218<\/p>\n<p><a href=\"http:\/\/arsnovamx.com\/explotumarca.com\/dispensadores-diversos-modelos\/\">EXPLOTUMARCA.COM<\/a><\/p>\n","protected":false},"excerpt":{"rendered":"<p>Portarrollos de Ba\u00f1o Dispensador JOFEL Color Blanco AE59000 Portarollos de Ba\u00f1o Dispensador Despachador de Papel Higi\u00e9nico para Jumbo Jr. Color: BLANCO Marca: Jofel Portarrollo jofel linea smart. Fabricaci\u00f3n en ABS en alta calidad Cerradura con [&hellip;]<\/p>\n","protected":false},"featured_media":5436,"template":"","meta":{"content-type":""},"product_cat":[86,93],"product_tag":[],"class_list":{"0":"post-5432","1":"product","2":"type-product","3":"status-publish","4":"has-post-thumbnail","6":"product_cat-dispensadores-de-papel","7":"product_cat-productos-jofel","9":"first","10":"instock","11":"taxable","12":"shipping-taxable","13":"purchasable","14":"product-type-simple"},"yoast_head":"<!-- This site is optimized with the Yoast SEO Premium plugin v18.8 (Yoast SEO v26.8) - https:\/\/yoast.com\/product\/yoast-seo-premium-wordpress\/ -->\n<title>Portarollos de Ba\u00f1o Dispensador de Papel Higi\u00e9nico Para Jumbo Jr.<\/title>\n<meta name=\"description\" content=\"Portarollos de Ba\u00f1o Dispensador de Papel Higi\u00e9nico Para Jumbo Jr. Cotiza precios mayoreos, cotiza en segundos , env\u00edos a toda la Republica.\" \/>\n<meta name=\"robots\" content=\"index, follow, max-snippet:-1, max-image-preview:large, max-video-preview:-1\" \/>\n<link rel=\"canonical\" href=\"https:\/\/explotumarca.com\/?product=portarollos-de-bano-dispensador\" \/>\n<meta property=\"og:locale\" content=\"es_MX\" \/>\n<meta property=\"og:type\" content=\"article\" \/>\n<meta property=\"og:title\" content=\"Portarrollos de Ba\u00f1o Dispensador de Papel Higi\u00e9nico Jofel\" \/>\n<meta property=\"og:description\" content=\"Portarrollos de Ba\u00f1o Dispensador JOFEL Color Blanco AE59000 Portarollos de Ba\u00f1o Dispensador Despachador de Papel Higi\u00e9nico para Jumbo Jr. Color: BLANCO\" \/>\n<meta property=\"og:url\" content=\"https:\/\/explotumarca.com\/?product=portarollos-de-bano-dispensador\" \/>\n<meta property=\"og:site_name\" content=\"Explo\" \/>\n<meta property=\"article:publisher\" content=\"https:\/\/www.facebook.com\/MexicoExplo\/\" \/>\n<meta property=\"article:modified_time\" content=\"2021-10-19T23:02:55+00:00\" \/>\n<meta property=\"og:image\" content=\"https:\/\/explotumarca.com\/wp-content\/uploads\/2021\/10\/portarrollos-de-bano-despachador-dispensador-de-papel-rollo-higienico-kimberly-clark-94209-90602-jofel-portarrollos-smart-mini-blanco-logo-jofel-AE59000-3.jpg\" \/>\n\t<meta property=\"og:image:width\" content=\"450\" \/>\n\t<meta property=\"og:image:height\" content=\"450\" \/>\n\t<meta property=\"og:image:type\" content=\"image\/jpeg\" \/>\n<meta name=\"twitter:card\" content=\"summary_large_image\" \/>\n<meta name=\"twitter:label1\" content=\"Tiempo de lectura\" \/>\n\t<meta name=\"twitter:data1\" content=\"1 minuto\" \/>\n<script type=\"application\/ld+json\" class=\"yoast-schema-graph\">{\"@context\":\"https:\/\/schema.org\",\"@graph\":[{\"@type\":\"WebPage\",\"@id\":\"https:\/\/explotumarca.com\/?product=portarollos-de-bano-dispensador\",\"url\":\"https:\/\/explotumarca.com\/?product=portarollos-de-bano-dispensador\",\"name\":\"Portarollos de Ba\u00f1o Dispensador de Papel Higi\u00e9nico Para Jumbo Jr.\",\"isPartOf\":{\"@id\":\"https:\/\/explotumarca.com\/#website\"},\"primaryImageOfPage\":{\"@id\":\"https:\/\/explotumarca.com\/?product=portarollos-de-bano-dispensador#primaryimage\"},\"image\":{\"@id\":\"https:\/\/explotumarca.com\/?product=portarollos-de-bano-dispensador#primaryimage\"},\"thumbnailUrl\":\"https:\/\/explotumarca.com\/wp-content\/uploads\/2021\/10\/portarrollos-de-bano-despachador-dispensador-de-papel-rollo-higienico-kimberly-clark-94209-90602-jofel-portarrollos-smart-mini-blanco-logo-jofel-AE59000-3.jpg\",\"datePublished\":\"2021-10-19T20:37:19+00:00\",\"dateModified\":\"2021-10-19T23:02:55+00:00\",\"description\":\"Portarollos de Ba\u00f1o Dispensador de Papel Higi\u00e9nico Para Jumbo Jr. Cotiza precios mayoreos, cotiza en segundos , env\u00edos a toda la Republica.\",\"breadcrumb\":{\"@id\":\"https:\/\/explotumarca.com\/?product=portarollos-de-bano-dispensador#breadcrumb\"},\"inLanguage\":\"es\",\"potentialAction\":[{\"@type\":\"ReadAction\",\"target\":[\"https:\/\/explotumarca.com\/?product=portarollos-de-bano-dispensador\"]}]},{\"@type\":\"ImageObject\",\"inLanguage\":\"es\",\"@id\":\"https:\/\/explotumarca.com\/?product=portarollos-de-bano-dispensador#primaryimage\",\"url\":\"https:\/\/explotumarca.com\/wp-content\/uploads\/2021\/10\/portarrollos-de-bano-despachador-dispensador-de-papel-rollo-higienico-kimberly-clark-94209-90602-jofel-portarrollos-smart-mini-blanco-logo-jofel-AE59000-3.jpg\",\"contentUrl\":\"https:\/\/explotumarca.com\/wp-content\/uploads\/2021\/10\/portarrollos-de-bano-despachador-dispensador-de-papel-rollo-higienico-kimberly-clark-94209-90602-jofel-portarrollos-smart-mini-blanco-logo-jofel-AE59000-3.jpg\",\"width\":450,\"height\":450,\"caption\":\"Portarrollos de Ba\u00f1o Dispensador EXPLOTUMARCA\"},{\"@type\":\"BreadcrumbList\",\"@id\":\"https:\/\/explotumarca.com\/?product=portarollos-de-bano-dispensador#breadcrumb\",\"itemListElement\":[{\"@type\":\"ListItem\",\"position\":1,\"name\":\"Inicio\",\"item\":\"https:\/\/explotumarca.com\/\"},{\"@type\":\"ListItem\",\"position\":2,\"name\":\"Productos\",\"item\":\"https:\/\/explotumarca.com\/?post_type=product\"},{\"@type\":\"ListItem\",\"position\":3,\"name\":\"Portarrollos de Ba\u00f1o Dispensador de Papel Higi\u00e9nico Jofel\"}]},{\"@type\":\"WebSite\",\"@id\":\"https:\/\/explotumarca.com\/#website\",\"url\":\"https:\/\/explotumarca.com\/\",\"name\":\"Explo\",\"description\":\"Productos y servicios corporativos\",\"publisher\":{\"@id\":\"https:\/\/explotumarca.com\/#organization\"},\"potentialAction\":[{\"@type\":\"SearchAction\",\"target\":{\"@type\":\"EntryPoint\",\"urlTemplate\":\"https:\/\/explotumarca.com\/?s={search_term_string}\"},\"query-input\":{\"@type\":\"PropertyValueSpecification\",\"valueRequired\":true,\"valueName\":\"search_term_string\"}}],\"inLanguage\":\"es\"},{\"@type\":\"Organization\",\"@id\":\"https:\/\/explotumarca.com\/#organization\",\"name\":\"Explo\",\"url\":\"https:\/\/explotumarca.com\/\",\"logo\":{\"@type\":\"ImageObject\",\"inLanguage\":\"es\",\"@id\":\"https:\/\/explotumarca.com\/#\/schema\/logo\/image\/\",\"url\":\"http:\/\/arsnovamx.com\/explotumarca.com\/wp-content\/uploads\/2020\/10\/Nuevo-Logo-Explo-2020.jpg\",\"contentUrl\":\"http:\/\/arsnovamx.com\/explotumarca.com\/wp-content\/uploads\/2020\/10\/Nuevo-Logo-Explo-2020.jpg\",\"width\":800,\"height\":334,\"caption\":\"Explo\"},\"image\":{\"@id\":\"https:\/\/explotumarca.com\/#\/schema\/logo\/image\/\"},\"sameAs\":[\"https:\/\/www.facebook.com\/MexicoExplo\/\"]}]}<\/script>\n<!-- \/ Yoast SEO Premium plugin. -->","yoast_head_json":{"title":"Portarollos de Ba\u00f1o Dispensador de Papel Higi\u00e9nico Para Jumbo Jr.","description":"Portarollos de Ba\u00f1o Dispensador de Papel Higi\u00e9nico Para Jumbo Jr. Cotiza precios mayoreos, cotiza en segundos , env\u00edos a toda la Republica.","robots":{"index":"index","follow":"follow","max-snippet":"max-snippet:-1","max-image-preview":"max-image-preview:large","max-video-preview":"max-video-preview:-1"},"canonical":"https:\/\/explotumarca.com\/?product=portarollos-de-bano-dispensador","og_locale":"es_MX","og_type":"article","og_title":"Portarrollos de Ba\u00f1o Dispensador de Papel Higi\u00e9nico Jofel","og_description":"Portarrollos de Ba\u00f1o Dispensador JOFEL Color Blanco AE59000 Portarollos de Ba\u00f1o Dispensador Despachador de Papel Higi\u00e9nico para Jumbo Jr. Color: BLANCO","og_url":"https:\/\/explotumarca.com\/?product=portarollos-de-bano-dispensador","og_site_name":"Explo","article_publisher":"https:\/\/www.facebook.com\/MexicoExplo\/","article_modified_time":"2021-10-19T23:02:55+00:00","og_image":[{"width":450,"height":450,"url":"https:\/\/explotumarca.com\/wp-content\/uploads\/2021\/10\/portarrollos-de-bano-despachador-dispensador-de-papel-rollo-higienico-kimberly-clark-94209-90602-jofel-portarrollos-smart-mini-blanco-logo-jofel-AE59000-3.jpg","type":"image\/jpeg"}],"twitter_card":"summary_large_image","twitter_misc":{"Tiempo de lectura":"1 minuto"},"schema":{"@context":"https:\/\/schema.org","@graph":[{"@type":"WebPage","@id":"https:\/\/explotumarca.com\/?product=portarollos-de-bano-dispensador","url":"https:\/\/explotumarca.com\/?product=portarollos-de-bano-dispensador","name":"Portarollos de Ba\u00f1o Dispensador de Papel Higi\u00e9nico Para Jumbo Jr.","isPartOf":{"@id":"https:\/\/explotumarca.com\/#website"},"primaryImageOfPage":{"@id":"https:\/\/explotumarca.com\/?product=portarollos-de-bano-dispensador#primaryimage"},"image":{"@id":"https:\/\/explotumarca.com\/?product=portarollos-de-bano-dispensador#primaryimage"},"thumbnailUrl":"https:\/\/explotumarca.com\/wp-content\/uploads\/2021\/10\/portarrollos-de-bano-despachador-dispensador-de-papel-rollo-higienico-kimberly-clark-94209-90602-jofel-portarrollos-smart-mini-blanco-logo-jofel-AE59000-3.jpg","datePublished":"2021-10-19T20:37:19+00:00","dateModified":"2021-10-19T23:02:55+00:00","description":"Portarollos de Ba\u00f1o Dispensador de Papel Higi\u00e9nico Para Jumbo Jr. Cotiza precios mayoreos, cotiza en segundos , env\u00edos a toda la Republica.","breadcrumb":{"@id":"https:\/\/explotumarca.com\/?product=portarollos-de-bano-dispensador#breadcrumb"},"inLanguage":"es","potentialAction":[{"@type":"ReadAction","target":["https:\/\/explotumarca.com\/?product=portarollos-de-bano-dispensador"]}]},{"@type":"ImageObject","inLanguage":"es","@id":"https:\/\/explotumarca.com\/?product=portarollos-de-bano-dispensador#primaryimage","url":"https:\/\/explotumarca.com\/wp-content\/uploads\/2021\/10\/portarrollos-de-bano-despachador-dispensador-de-papel-rollo-higienico-kimberly-clark-94209-90602-jofel-portarrollos-smart-mini-blanco-logo-jofel-AE59000-3.jpg","contentUrl":"https:\/\/explotumarca.com\/wp-content\/uploads\/2021\/10\/portarrollos-de-bano-despachador-dispensador-de-papel-rollo-higienico-kimberly-clark-94209-90602-jofel-portarrollos-smart-mini-blanco-logo-jofel-AE59000-3.jpg","width":450,"height":450,"caption":"Portarrollos de Ba\u00f1o Dispensador EXPLOTUMARCA"},{"@type":"BreadcrumbList","@id":"https:\/\/explotumarca.com\/?product=portarollos-de-bano-dispensador#breadcrumb","itemListElement":[{"@type":"ListItem","position":1,"name":"Inicio","item":"https:\/\/explotumarca.com\/"},{"@type":"ListItem","position":2,"name":"Productos","item":"https:\/\/explotumarca.com\/?post_type=product"},{"@type":"ListItem","position":3,"name":"Portarrollos de Ba\u00f1o Dispensador de Papel Higi\u00e9nico Jofel"}]},{"@type":"WebSite","@id":"https:\/\/explotumarca.com\/#website","url":"https:\/\/explotumarca.com\/","name":"Explo","description":"Productos y servicios corporativos","publisher":{"@id":"https:\/\/explotumarca.com\/#organization"},"potentialAction":[{"@type":"SearchAction","target":{"@type":"EntryPoint","urlTemplate":"https:\/\/explotumarca.com\/?s={search_term_string}"},"query-input":{"@type":"PropertyValueSpecification","valueRequired":true,"valueName":"search_term_string"}}],"inLanguage":"es"},{"@type":"Organization","@id":"https:\/\/explotumarca.com\/#organization","name":"Explo","url":"https:\/\/explotumarca.com\/","logo":{"@type":"ImageObject","inLanguage":"es","@id":"https:\/\/explotumarca.com\/#\/schema\/logo\/image\/","url":"http:\/\/arsnovamx.com\/explotumarca.com\/wp-content\/uploads\/2020\/10\/Nuevo-Logo-Explo-2020.jpg","contentUrl":"http:\/\/arsnovamx.com\/explotumarca.com\/wp-content\/uploads\/2020\/10\/Nuevo-Logo-Explo-2020.jpg","width":800,"height":334,"caption":"Explo"},"image":{"@id":"https:\/\/explotumarca.com\/#\/schema\/logo\/image\/"},"sameAs":["https:\/\/www.facebook.com\/MexicoExplo\/"]}]}},"_links":{"self":[{"href":"https:\/\/explotumarca.com\/index.php?rest_route=\/wp\/v2\/product\/5432","targetHints":{"allow":["GET"]}}],"collection":[{"href":"https:\/\/explotumarca.com\/index.php?rest_route=\/wp\/v2\/product"}],"about":[{"href":"https:\/\/explotumarca.com\/index.php?rest_route=\/wp\/v2\/types\/product"}],"wp:featuredmedia":[{"embeddable":true,"href":"https:\/\/explotumarca.com\/index.php?rest_route=\/wp\/v2\/media\/5436"}],"wp:attachment":[{"href":"https:\/\/explotumarca.com\/index.php?rest_route=%2Fwp%2Fv2%2Fmedia&parent=5432"}],"wp:term":[{"taxonomy":"product_cat","embeddable":true,"href":"https:\/\/explotumarca.com\/index.php?rest_route=%2Fwp%2Fv2%2Fproduct_cat&post=5432"},{"taxonomy":"product_tag","embeddable":true,"href":"https:\/\/explotumarca.com\/index.php?rest_route=%2Fwp%2Fv2%2Fproduct_tag&post=5432"}],"curies":[{"name":"wp","href":"https:\/\/api.w.org\/{rel}","templated":true}]}}