{"id":5445,"date":"2021-10-20T16:00:52","date_gmt":"2021-10-20T21:00:52","guid":{"rendered":"http:\/\/arsnovamx.com\/explotumarca.com\/?post_type=product&#038;p=5445"},"modified":"2021-10-20T18:03:28","modified_gmt":"2021-10-20T23:03:28","slug":"dispensador-automatico-de-gel-jabon-o-sanitizante","status":"publish","type":"product","link":"https:\/\/explotumarca.com\/?product=dispensador-automatico-de-gel-jabon-o-sanitizante","title":{"rendered":"DISPENSADOR AUTOM\u00c1TICO SIN CONTACTO DE GEL ANTIBACTERIAL, JAB\u00d3N L\u00cdQUIDO O SANITIZANTE"},"content":{"rendered":"<div id=\"description-includes\" class=\"item-description__content \">\n<div class=\"item-description__text\">\n<h3>DISPENSADOR AUTOM\u00c1TICO SIN CONTACTO DE GEL ANTIBACTERIAL, JAB\u00d3N L\u00cdQUIDO O SANITIZANTE<\/h3>\n<p>Dispensador Autom\u00e1tico sin contacto de Gel Antibacterial, Jab\u00f3n L\u00edquido o Sanitizante.<\/p>\n<p>&#8211; Capacidad: 1 Litro.<br \/>\n&#8211; Activaci\u00f3n autom\u00e1tica sin contacto gracias al sensor infrarrojo de 3 a 10 cm.<br \/>\n&#8211; 2 modos de suministros: 1. Boquilla para jab\u00f3n liquido y gel desinfectante, 2. boquilla para soluciones desinfectantes<br \/>\n&#8211; Volumen de la cantidad dispensada ajustable (0.8 ml o 1.6 ml.)<br \/>\n&#8211; Funciona con una fuente de alimentaci\u00f3n (Si incluida) o 8 pilas AA (No incluida)<br \/>\n&#8211; Instalaci\u00f3n en pared (tornillos y tacos fijaci\u00f3n incluidos)<br \/>\n&#8211; Incluye llave de apertura.<br \/>\n&#8211; Articulo conocido como dispensador hidrogel, dispensador gel, dispensador spray, dispensador nebulizador, dispensador touchless.<\/p>\n<p><strong>Precios Mayoreo por volumen: a mayor volumen el precio unitario ir\u00e1 disminuyendo.<\/strong><\/p>\n<p>INFORMACI\u00d3N (55) 3342 8218<\/p>\n<p><a href=\"http:\/\/arsnovamx.com\/explotumarca.com\/producto\/dispensador-automatico-de-gel-jabon-o-sanitizante\/#iLightbox[product-gallery]\/2\">EXPLOTUMARCA.COM<\/a><\/p>\n<p>&nbsp;<\/p>\n<\/div>\n<\/div>\n","protected":false},"excerpt":{"rendered":"<p>DISPENSADOR AUTOM\u00c1TICO SIN CONTACTO DE GEL ANTIBACTERIAL, JAB\u00d3N L\u00cdQUIDO O SANITIZANTE Dispensador Autom\u00e1tico sin contacto de Gel Antibacterial, Jab\u00f3n L\u00edquido o Sanitizante. &#8211; Capacidad: 1 Litro. &#8211; Activaci\u00f3n autom\u00e1tica sin contacto gracias al sensor infrarrojo [&hellip;]<\/p>\n","protected":false},"featured_media":5442,"template":"","meta":{"content-type":""},"product_cat":[89,45],"product_tag":[],"class_list":{"0":"post-5445","1":"product","2":"type-product","3":"status-publish","4":"has-post-thumbnail","6":"product_cat-dispensadores-de-gel-y-jabon","7":"product_cat-dispensadores-y-termometros","9":"first","10":"instock","11":"taxable","12":"shipping-taxable","13":"purchasable","14":"product-type-simple"},"yoast_head":"<!-- This site is optimized with the Yoast SEO Premium plugin v18.8 (Yoast SEO v26.8) - https:\/\/yoast.com\/product\/yoast-seo-premium-wordpress\/ -->\n<title>Dispensador de Gel Sensor Ingrarrojo elegante para pared autom\u00e1tico<\/title>\n<meta name=\"description\" content=\"Dispensador de Gel de Sensor infrarrojo para pared autom\u00e1tico de colocaci\u00f3n f\u00e1cil de alta gama para lugares de alto flujo.\" \/>\n<meta name=\"robots\" content=\"index, follow, max-snippet:-1, max-image-preview:large, max-video-preview:-1\" \/>\n<link rel=\"canonical\" href=\"https:\/\/explotumarca.com\/?product=dispensador-automatico-de-gel-jabon-o-sanitizante\" \/>\n<meta property=\"og:locale\" content=\"es_MX\" \/>\n<meta property=\"og:type\" content=\"article\" \/>\n<meta property=\"og:title\" content=\"DISPENSADOR AUTOM\u00c1TICO SIN CONTACTO DE GEL ANTIBACTERIAL, JAB\u00d3N L\u00cdQUIDO O SANITIZANTE\" \/>\n<meta property=\"og:description\" content=\"DISPENSADOR AUTOM\u00c1TICO SIN CONTACTO DE GEL ANTIBACTERIAL, JAB\u00d3N L\u00cdQUIDO O SANITIZANTE Dispensador Autom\u00e1tico sin contacto de Gel Antibacterial, Jab\u00f3n\" \/>\n<meta property=\"og:url\" content=\"https:\/\/explotumarca.com\/?product=dispensador-automatico-de-gel-jabon-o-sanitizante\" \/>\n<meta property=\"og:site_name\" content=\"Explo\" \/>\n<meta property=\"article:publisher\" content=\"https:\/\/www.facebook.com\/MexicoExplo\/\" \/>\n<meta property=\"article:modified_time\" content=\"2021-10-20T23:03:28+00:00\" \/>\n<meta property=\"og:image\" content=\"https:\/\/explotumarca.com\/wp-content\/uploads\/2021\/10\/dispensador-de-gel-antibacterial-infrarrojo-dispensador-de-sanitizante-o-jabon-kimberly-clark-3.jpg\" \/>\n\t<meta property=\"og:image:width\" content=\"450\" \/>\n\t<meta property=\"og:image:height\" content=\"450\" \/>\n\t<meta property=\"og:image:type\" content=\"image\/jpeg\" \/>\n<meta name=\"twitter:card\" content=\"summary_large_image\" \/>\n<meta name=\"twitter:label1\" content=\"Tiempo de lectura\" \/>\n\t<meta name=\"twitter:data1\" content=\"1 minuto\" \/>\n<script type=\"application\/ld+json\" class=\"yoast-schema-graph\">{\"@context\":\"https:\/\/schema.org\",\"@graph\":[{\"@type\":\"WebPage\",\"@id\":\"https:\/\/explotumarca.com\/?product=dispensador-automatico-de-gel-jabon-o-sanitizante\",\"url\":\"https:\/\/explotumarca.com\/?product=dispensador-automatico-de-gel-jabon-o-sanitizante\",\"name\":\"Dispensador de Gel Sensor Ingrarrojo elegante para pared autom\u00e1tico\",\"isPartOf\":{\"@id\":\"https:\/\/explotumarca.com\/#website\"},\"primaryImageOfPage\":{\"@id\":\"https:\/\/explotumarca.com\/?product=dispensador-automatico-de-gel-jabon-o-sanitizante#primaryimage\"},\"image\":{\"@id\":\"https:\/\/explotumarca.com\/?product=dispensador-automatico-de-gel-jabon-o-sanitizante#primaryimage\"},\"thumbnailUrl\":\"https:\/\/explotumarca.com\/wp-content\/uploads\/2021\/10\/dispensador-de-gel-antibacterial-infrarrojo-dispensador-de-sanitizante-o-jabon-kimberly-clark-3.jpg\",\"datePublished\":\"2021-10-20T21:00:52+00:00\",\"dateModified\":\"2021-10-20T23:03:28+00:00\",\"description\":\"Dispensador de Gel de Sensor infrarrojo para pared autom\u00e1tico de colocaci\u00f3n f\u00e1cil de alta gama para lugares de alto flujo.\",\"breadcrumb\":{\"@id\":\"https:\/\/explotumarca.com\/?product=dispensador-automatico-de-gel-jabon-o-sanitizante#breadcrumb\"},\"inLanguage\":\"es\",\"potentialAction\":[{\"@type\":\"ReadAction\",\"target\":[\"https:\/\/explotumarca.com\/?product=dispensador-automatico-de-gel-jabon-o-sanitizante\"]}]},{\"@type\":\"ImageObject\",\"inLanguage\":\"es\",\"@id\":\"https:\/\/explotumarca.com\/?product=dispensador-automatico-de-gel-jabon-o-sanitizante#primaryimage\",\"url\":\"https:\/\/explotumarca.com\/wp-content\/uploads\/2021\/10\/dispensador-de-gel-antibacterial-infrarrojo-dispensador-de-sanitizante-o-jabon-kimberly-clark-3.jpg\",\"contentUrl\":\"https:\/\/explotumarca.com\/wp-content\/uploads\/2021\/10\/dispensador-de-gel-antibacterial-infrarrojo-dispensador-de-sanitizante-o-jabon-kimberly-clark-3.jpg\",\"width\":450,\"height\":450,\"caption\":\"Dispensador de gel Antibacterial, sanitizante o jab\u00f3n con sensor infrarrojo\"},{\"@type\":\"BreadcrumbList\",\"@id\":\"https:\/\/explotumarca.com\/?product=dispensador-automatico-de-gel-jabon-o-sanitizante#breadcrumb\",\"itemListElement\":[{\"@type\":\"ListItem\",\"position\":1,\"name\":\"Inicio\",\"item\":\"https:\/\/explotumarca.com\/\"},{\"@type\":\"ListItem\",\"position\":2,\"name\":\"Productos\",\"item\":\"https:\/\/explotumarca.com\/?post_type=product\"},{\"@type\":\"ListItem\",\"position\":3,\"name\":\"DISPENSADOR AUTOM\u00c1TICO SIN CONTACTO DE GEL ANTIBACTERIAL, JAB\u00d3N L\u00cdQUIDO O SANITIZANTE\"}]},{\"@type\":\"WebSite\",\"@id\":\"https:\/\/explotumarca.com\/#website\",\"url\":\"https:\/\/explotumarca.com\/\",\"name\":\"Explo\",\"description\":\"Productos y servicios corporativos\",\"publisher\":{\"@id\":\"https:\/\/explotumarca.com\/#organization\"},\"potentialAction\":[{\"@type\":\"SearchAction\",\"target\":{\"@type\":\"EntryPoint\",\"urlTemplate\":\"https:\/\/explotumarca.com\/?s={search_term_string}\"},\"query-input\":{\"@type\":\"PropertyValueSpecification\",\"valueRequired\":true,\"valueName\":\"search_term_string\"}}],\"inLanguage\":\"es\"},{\"@type\":\"Organization\",\"@id\":\"https:\/\/explotumarca.com\/#organization\",\"name\":\"Explo\",\"url\":\"https:\/\/explotumarca.com\/\",\"logo\":{\"@type\":\"ImageObject\",\"inLanguage\":\"es\",\"@id\":\"https:\/\/explotumarca.com\/#\/schema\/logo\/image\/\",\"url\":\"http:\/\/arsnovamx.com\/explotumarca.com\/wp-content\/uploads\/2020\/10\/Nuevo-Logo-Explo-2020.jpg\",\"contentUrl\":\"http:\/\/arsnovamx.com\/explotumarca.com\/wp-content\/uploads\/2020\/10\/Nuevo-Logo-Explo-2020.jpg\",\"width\":800,\"height\":334,\"caption\":\"Explo\"},\"image\":{\"@id\":\"https:\/\/explotumarca.com\/#\/schema\/logo\/image\/\"},\"sameAs\":[\"https:\/\/www.facebook.com\/MexicoExplo\/\"]}]}<\/script>\n<!-- \/ Yoast SEO Premium plugin. -->","yoast_head_json":{"title":"Dispensador de Gel Sensor Ingrarrojo elegante para pared autom\u00e1tico","description":"Dispensador de Gel de Sensor infrarrojo para pared autom\u00e1tico de colocaci\u00f3n f\u00e1cil de alta gama para lugares de alto flujo.","robots":{"index":"index","follow":"follow","max-snippet":"max-snippet:-1","max-image-preview":"max-image-preview:large","max-video-preview":"max-video-preview:-1"},"canonical":"https:\/\/explotumarca.com\/?product=dispensador-automatico-de-gel-jabon-o-sanitizante","og_locale":"es_MX","og_type":"article","og_title":"DISPENSADOR AUTOM\u00c1TICO SIN CONTACTO DE GEL ANTIBACTERIAL, JAB\u00d3N L\u00cdQUIDO O SANITIZANTE","og_description":"DISPENSADOR AUTOM\u00c1TICO SIN CONTACTO DE GEL ANTIBACTERIAL, JAB\u00d3N L\u00cdQUIDO O SANITIZANTE Dispensador Autom\u00e1tico sin contacto de Gel Antibacterial, Jab\u00f3n","og_url":"https:\/\/explotumarca.com\/?product=dispensador-automatico-de-gel-jabon-o-sanitizante","og_site_name":"Explo","article_publisher":"https:\/\/www.facebook.com\/MexicoExplo\/","article_modified_time":"2021-10-20T23:03:28+00:00","og_image":[{"width":450,"height":450,"url":"https:\/\/explotumarca.com\/wp-content\/uploads\/2021\/10\/dispensador-de-gel-antibacterial-infrarrojo-dispensador-de-sanitizante-o-jabon-kimberly-clark-3.jpg","type":"image\/jpeg"}],"twitter_card":"summary_large_image","twitter_misc":{"Tiempo de lectura":"1 minuto"},"schema":{"@context":"https:\/\/schema.org","@graph":[{"@type":"WebPage","@id":"https:\/\/explotumarca.com\/?product=dispensador-automatico-de-gel-jabon-o-sanitizante","url":"https:\/\/explotumarca.com\/?product=dispensador-automatico-de-gel-jabon-o-sanitizante","name":"Dispensador de Gel Sensor Ingrarrojo elegante para pared autom\u00e1tico","isPartOf":{"@id":"https:\/\/explotumarca.com\/#website"},"primaryImageOfPage":{"@id":"https:\/\/explotumarca.com\/?product=dispensador-automatico-de-gel-jabon-o-sanitizante#primaryimage"},"image":{"@id":"https:\/\/explotumarca.com\/?product=dispensador-automatico-de-gel-jabon-o-sanitizante#primaryimage"},"thumbnailUrl":"https:\/\/explotumarca.com\/wp-content\/uploads\/2021\/10\/dispensador-de-gel-antibacterial-infrarrojo-dispensador-de-sanitizante-o-jabon-kimberly-clark-3.jpg","datePublished":"2021-10-20T21:00:52+00:00","dateModified":"2021-10-20T23:03:28+00:00","description":"Dispensador de Gel de Sensor infrarrojo para pared autom\u00e1tico de colocaci\u00f3n f\u00e1cil de alta gama para lugares de alto flujo.","breadcrumb":{"@id":"https:\/\/explotumarca.com\/?product=dispensador-automatico-de-gel-jabon-o-sanitizante#breadcrumb"},"inLanguage":"es","potentialAction":[{"@type":"ReadAction","target":["https:\/\/explotumarca.com\/?product=dispensador-automatico-de-gel-jabon-o-sanitizante"]}]},{"@type":"ImageObject","inLanguage":"es","@id":"https:\/\/explotumarca.com\/?product=dispensador-automatico-de-gel-jabon-o-sanitizante#primaryimage","url":"https:\/\/explotumarca.com\/wp-content\/uploads\/2021\/10\/dispensador-de-gel-antibacterial-infrarrojo-dispensador-de-sanitizante-o-jabon-kimberly-clark-3.jpg","contentUrl":"https:\/\/explotumarca.com\/wp-content\/uploads\/2021\/10\/dispensador-de-gel-antibacterial-infrarrojo-dispensador-de-sanitizante-o-jabon-kimberly-clark-3.jpg","width":450,"height":450,"caption":"Dispensador de gel Antibacterial, sanitizante o jab\u00f3n con sensor infrarrojo"},{"@type":"BreadcrumbList","@id":"https:\/\/explotumarca.com\/?product=dispensador-automatico-de-gel-jabon-o-sanitizante#breadcrumb","itemListElement":[{"@type":"ListItem","position":1,"name":"Inicio","item":"https:\/\/explotumarca.com\/"},{"@type":"ListItem","position":2,"name":"Productos","item":"https:\/\/explotumarca.com\/?post_type=product"},{"@type":"ListItem","position":3,"name":"DISPENSADOR AUTOM\u00c1TICO SIN CONTACTO DE GEL ANTIBACTERIAL, JAB\u00d3N L\u00cdQUIDO O SANITIZANTE"}]},{"@type":"WebSite","@id":"https:\/\/explotumarca.com\/#website","url":"https:\/\/explotumarca.com\/","name":"Explo","description":"Productos y servicios corporativos","publisher":{"@id":"https:\/\/explotumarca.com\/#organization"},"potentialAction":[{"@type":"SearchAction","target":{"@type":"EntryPoint","urlTemplate":"https:\/\/explotumarca.com\/?s={search_term_string}"},"query-input":{"@type":"PropertyValueSpecification","valueRequired":true,"valueName":"search_term_string"}}],"inLanguage":"es"},{"@type":"Organization","@id":"https:\/\/explotumarca.com\/#organization","name":"Explo","url":"https:\/\/explotumarca.com\/","logo":{"@type":"ImageObject","inLanguage":"es","@id":"https:\/\/explotumarca.com\/#\/schema\/logo\/image\/","url":"http:\/\/arsnovamx.com\/explotumarca.com\/wp-content\/uploads\/2020\/10\/Nuevo-Logo-Explo-2020.jpg","contentUrl":"http:\/\/arsnovamx.com\/explotumarca.com\/wp-content\/uploads\/2020\/10\/Nuevo-Logo-Explo-2020.jpg","width":800,"height":334,"caption":"Explo"},"image":{"@id":"https:\/\/explotumarca.com\/#\/schema\/logo\/image\/"},"sameAs":["https:\/\/www.facebook.com\/MexicoExplo\/"]}]}},"_links":{"self":[{"href":"https:\/\/explotumarca.com\/index.php?rest_route=\/wp\/v2\/product\/5445","targetHints":{"allow":["GET"]}}],"collection":[{"href":"https:\/\/explotumarca.com\/index.php?rest_route=\/wp\/v2\/product"}],"about":[{"href":"https:\/\/explotumarca.com\/index.php?rest_route=\/wp\/v2\/types\/product"}],"wp:featuredmedia":[{"embeddable":true,"href":"https:\/\/explotumarca.com\/index.php?rest_route=\/wp\/v2\/media\/5442"}],"wp:attachment":[{"href":"https:\/\/explotumarca.com\/index.php?rest_route=%2Fwp%2Fv2%2Fmedia&parent=5445"}],"wp:term":[{"taxonomy":"product_cat","embeddable":true,"href":"https:\/\/explotumarca.com\/index.php?rest_route=%2Fwp%2Fv2%2Fproduct_cat&post=5445"},{"taxonomy":"product_tag","embeddable":true,"href":"https:\/\/explotumarca.com\/index.php?rest_route=%2Fwp%2Fv2%2Fproduct_tag&post=5445"}],"curies":[{"name":"wp","href":"https:\/\/api.w.org\/{rel}","templated":true}]}}