{"id":5492,"date":"2022-02-18T19:23:04","date_gmt":"2022-02-19T01:23:04","guid":{"rendered":"https:\/\/explotumarca.com\/?post_type=product&#038;p=5492"},"modified":"2022-02-18T19:49:08","modified_gmt":"2022-02-19T01:49:08","slug":"despachador-de-toalla-interdoblada-color-humo-92740-kimberly-clark","status":"publish","type":"product","link":"https:\/\/explotumarca.com\/?product=despachador-de-toalla-interdoblada-color-humo-92740-kimberly-clark","title":{"rendered":"Despachador De Toalla Interdoblada Color Humo 92740 Kimberly Clark"},"content":{"rendered":"<h2>Despachador De Toalla Interdoblada Color Humo 92740 Kimberly Clark<\/h2>\n<p>Clave: 92740<br \/>\nTama\u00f1o: 29.05 x 28.73 x 6.51 cm<br \/>\nPresentacion: Despachador<br \/>\nCantidad por Caja: 1<br \/>\nCantidad por Unidad: 1<\/p>\n<p>Productos despachados:<br \/>\nTOALLA INTERDOBLADA SANITAS\u00ae 100 HJS X 20 PAQ<\/p>\n<p>Este Despachador de Toalla Interdoblada es la opci\u00f3n m\u00e1s inteligente para \u00e1reas peque\u00f1as. Este sistema de dispensaci\u00f3n minimiza el riesgo de contaminaci\u00f3n cruzada, brindando instalaciones m\u00e1s higi\u00e9nicas. Es compacto y se adapta a espacios peque\u00f1os, f\u00e1cil de cargar y mantener debido a su material resistente y durable. No se tiene que tocar ninguna palanca o superficie potencialmente contaminada. Optimizaci\u00f3n de espacio ya que es m\u00e1s compacto y est\u00e9tico y la imagen esta renovada por lo que dar\u00e1 un aspecto m\u00e1s moderno a las instalaciones. Este tipo de despachadores son ideales para usarse en restaurantes, gimnasios, oficinas, escuelas, hoteles, cafeter\u00edas y en general en cualquier negocio que requiera de un despachador compacto e higiene y seguridad para los usuarios.<\/p>\n<p>***Te facturamos***<br \/>\n***Env\u00edo inmediato despu\u00e9s de tu compra***<\/p>\n<p><strong>Precios Mayoreo por volumen: a mayor volumen el precio unitario ir\u00e1 disminuyendo.<\/strong><\/p>\n","protected":false},"excerpt":{"rendered":"<p>Despachador De Toalla Interdoblada Color Humo 92740 Kimberly Clark Clave: 92740 Tama\u00f1o: 29.05 x 28.73 x 6.51 cm Presentacion: Despachador Cantidad por Caja: 1 Cantidad por Unidad: 1 Productos despachados: TOALLA INTERDOBLADA SANITAS\u00ae 100 HJS [&hellip;]<\/p>\n","protected":false},"featured_media":5493,"template":"","meta":{"content-type":""},"product_cat":[86,92],"product_tag":[],"class_list":{"0":"post-5492","1":"product","2":"type-product","3":"status-publish","4":"has-post-thumbnail","6":"product_cat-dispensadores-de-papel","7":"product_cat-productos-kc","9":"first","10":"instock","11":"taxable","12":"shipping-taxable","13":"purchasable","14":"product-type-simple"},"yoast_head":"<!-- This site is optimized with the Yoast SEO Premium plugin v18.8 (Yoast SEO v26.8) - https:\/\/yoast.com\/product\/yoast-seo-premium-wordpress\/ -->\n<title>Despachador De Toalla Interdoblada Color Humo 92260 Kimberly Clark<\/title>\n<meta name=\"description\" content=\"Despachador De Toalla Interdoblada Color Humo 92260 Kimberly Clark, env\u00edos a toda la Rep\u00fablica, precios mayoreo y menudeo, cotiza en segundo.\" \/>\n<meta name=\"robots\" content=\"index, follow, max-snippet:-1, max-image-preview:large, max-video-preview:-1\" \/>\n<link rel=\"canonical\" href=\"https:\/\/explotumarca.com\/?product=despachador-de-toalla-interdoblada-color-humo-92740-kimberly-clark\" \/>\n<meta property=\"og:locale\" content=\"es_MX\" \/>\n<meta property=\"og:type\" content=\"article\" \/>\n<meta property=\"og:title\" content=\"Despachador De Toalla Interdoblada Color Humo 92740 Kimberly Clark\" \/>\n<meta property=\"og:description\" content=\"Despachador De Toalla Interdoblada Color Humo 92740 Kimberly Clark Clave: 92740 Tama\u00f1o: 29.05 x 28.73 x 6.51 cm Presentacion: Despachador Cantidad por\" \/>\n<meta property=\"og:url\" content=\"https:\/\/explotumarca.com\/?product=despachador-de-toalla-interdoblada-color-humo-92740-kimberly-clark\" \/>\n<meta property=\"og:site_name\" content=\"Explo\" \/>\n<meta property=\"article:publisher\" content=\"https:\/\/www.facebook.com\/MexicoExplo\/\" \/>\n<meta property=\"article:modified_time\" content=\"2022-02-19T01:49:08+00:00\" \/>\n<meta property=\"og:image\" content=\"https:\/\/explotumarca.com\/wp-content\/uploads\/2022\/02\/Despachador-De-Toalla-Interdoblada-Kimberly-Clark-Color-Humo-Dispensador-92740-Explo-Explotumarca.jpg\" \/>\n\t<meta property=\"og:image:width\" content=\"450\" \/>\n\t<meta property=\"og:image:height\" content=\"450\" \/>\n\t<meta property=\"og:image:type\" content=\"image\/jpeg\" \/>\n<meta name=\"twitter:card\" content=\"summary_large_image\" \/>\n<meta name=\"twitter:label1\" content=\"Tiempo de lectura\" \/>\n\t<meta name=\"twitter:data1\" content=\"1 minuto\" \/>\n<script type=\"application\/ld+json\" class=\"yoast-schema-graph\">{\"@context\":\"https:\/\/schema.org\",\"@graph\":[{\"@type\":\"WebPage\",\"@id\":\"https:\/\/explotumarca.com\/?product=despachador-de-toalla-interdoblada-color-humo-92740-kimberly-clark\",\"url\":\"https:\/\/explotumarca.com\/?product=despachador-de-toalla-interdoblada-color-humo-92740-kimberly-clark\",\"name\":\"Despachador De Toalla Interdoblada Color Humo 92260 Kimberly Clark\",\"isPartOf\":{\"@id\":\"https:\/\/explotumarca.com\/#website\"},\"primaryImageOfPage\":{\"@id\":\"https:\/\/explotumarca.com\/?product=despachador-de-toalla-interdoblada-color-humo-92740-kimberly-clark#primaryimage\"},\"image\":{\"@id\":\"https:\/\/explotumarca.com\/?product=despachador-de-toalla-interdoblada-color-humo-92740-kimberly-clark#primaryimage\"},\"thumbnailUrl\":\"https:\/\/explotumarca.com\/wp-content\/uploads\/2022\/02\/Despachador-De-Toalla-Interdoblada-Kimberly-Clark-Color-Humo-Dispensador-92740-Explo-Explotumarca.jpg\",\"datePublished\":\"2022-02-19T01:23:04+00:00\",\"dateModified\":\"2022-02-19T01:49:08+00:00\",\"description\":\"Despachador De Toalla Interdoblada Color Humo 92260 Kimberly Clark, env\u00edos a toda la Rep\u00fablica, precios mayoreo y menudeo, cotiza en segundo.\",\"breadcrumb\":{\"@id\":\"https:\/\/explotumarca.com\/?product=despachador-de-toalla-interdoblada-color-humo-92740-kimberly-clark#breadcrumb\"},\"inLanguage\":\"es\",\"potentialAction\":[{\"@type\":\"ReadAction\",\"target\":[\"https:\/\/explotumarca.com\/?product=despachador-de-toalla-interdoblada-color-humo-92740-kimberly-clark\"]}]},{\"@type\":\"ImageObject\",\"inLanguage\":\"es\",\"@id\":\"https:\/\/explotumarca.com\/?product=despachador-de-toalla-interdoblada-color-humo-92740-kimberly-clark#primaryimage\",\"url\":\"https:\/\/explotumarca.com\/wp-content\/uploads\/2022\/02\/Despachador-De-Toalla-Interdoblada-Kimberly-Clark-Color-Humo-Dispensador-92740-Explo-Explotumarca.jpg\",\"contentUrl\":\"https:\/\/explotumarca.com\/wp-content\/uploads\/2022\/02\/Despachador-De-Toalla-Interdoblada-Kimberly-Clark-Color-Humo-Dispensador-92740-Explo-Explotumarca.jpg\",\"width\":450,\"height\":450,\"caption\":\"Despachador De Toalla Interdoblada Kimberly Clark Color Humo Dispensador 92740 Explo Explotumarca\"},{\"@type\":\"BreadcrumbList\",\"@id\":\"https:\/\/explotumarca.com\/?product=despachador-de-toalla-interdoblada-color-humo-92740-kimberly-clark#breadcrumb\",\"itemListElement\":[{\"@type\":\"ListItem\",\"position\":1,\"name\":\"Inicio\",\"item\":\"https:\/\/explotumarca.com\/\"},{\"@type\":\"ListItem\",\"position\":2,\"name\":\"Productos\",\"item\":\"https:\/\/explotumarca.com\/?post_type=product\"},{\"@type\":\"ListItem\",\"position\":3,\"name\":\"Despachador De Toalla Interdoblada Color Humo 92740 Kimberly Clark\"}]},{\"@type\":\"WebSite\",\"@id\":\"https:\/\/explotumarca.com\/#website\",\"url\":\"https:\/\/explotumarca.com\/\",\"name\":\"Explo\",\"description\":\"Productos y servicios corporativos\",\"publisher\":{\"@id\":\"https:\/\/explotumarca.com\/#organization\"},\"potentialAction\":[{\"@type\":\"SearchAction\",\"target\":{\"@type\":\"EntryPoint\",\"urlTemplate\":\"https:\/\/explotumarca.com\/?s={search_term_string}\"},\"query-input\":{\"@type\":\"PropertyValueSpecification\",\"valueRequired\":true,\"valueName\":\"search_term_string\"}}],\"inLanguage\":\"es\"},{\"@type\":\"Organization\",\"@id\":\"https:\/\/explotumarca.com\/#organization\",\"name\":\"Explo\",\"url\":\"https:\/\/explotumarca.com\/\",\"logo\":{\"@type\":\"ImageObject\",\"inLanguage\":\"es\",\"@id\":\"https:\/\/explotumarca.com\/#\/schema\/logo\/image\/\",\"url\":\"http:\/\/arsnovamx.com\/explotumarca.com\/wp-content\/uploads\/2020\/10\/Nuevo-Logo-Explo-2020.jpg\",\"contentUrl\":\"http:\/\/arsnovamx.com\/explotumarca.com\/wp-content\/uploads\/2020\/10\/Nuevo-Logo-Explo-2020.jpg\",\"width\":800,\"height\":334,\"caption\":\"Explo\"},\"image\":{\"@id\":\"https:\/\/explotumarca.com\/#\/schema\/logo\/image\/\"},\"sameAs\":[\"https:\/\/www.facebook.com\/MexicoExplo\/\"]}]}<\/script>\n<!-- \/ Yoast SEO Premium plugin. -->","yoast_head_json":{"title":"Despachador De Toalla Interdoblada Color Humo 92260 Kimberly Clark","description":"Despachador De Toalla Interdoblada Color Humo 92260 Kimberly Clark, env\u00edos a toda la Rep\u00fablica, precios mayoreo y menudeo, cotiza en segundo.","robots":{"index":"index","follow":"follow","max-snippet":"max-snippet:-1","max-image-preview":"max-image-preview:large","max-video-preview":"max-video-preview:-1"},"canonical":"https:\/\/explotumarca.com\/?product=despachador-de-toalla-interdoblada-color-humo-92740-kimberly-clark","og_locale":"es_MX","og_type":"article","og_title":"Despachador De Toalla Interdoblada Color Humo 92740 Kimberly Clark","og_description":"Despachador De Toalla Interdoblada Color Humo 92740 Kimberly Clark Clave: 92740 Tama\u00f1o: 29.05 x 28.73 x 6.51 cm Presentacion: Despachador Cantidad por","og_url":"https:\/\/explotumarca.com\/?product=despachador-de-toalla-interdoblada-color-humo-92740-kimberly-clark","og_site_name":"Explo","article_publisher":"https:\/\/www.facebook.com\/MexicoExplo\/","article_modified_time":"2022-02-19T01:49:08+00:00","og_image":[{"width":450,"height":450,"url":"https:\/\/explotumarca.com\/wp-content\/uploads\/2022\/02\/Despachador-De-Toalla-Interdoblada-Kimberly-Clark-Color-Humo-Dispensador-92740-Explo-Explotumarca.jpg","type":"image\/jpeg"}],"twitter_card":"summary_large_image","twitter_misc":{"Tiempo de lectura":"1 minuto"},"schema":{"@context":"https:\/\/schema.org","@graph":[{"@type":"WebPage","@id":"https:\/\/explotumarca.com\/?product=despachador-de-toalla-interdoblada-color-humo-92740-kimberly-clark","url":"https:\/\/explotumarca.com\/?product=despachador-de-toalla-interdoblada-color-humo-92740-kimberly-clark","name":"Despachador De Toalla Interdoblada Color Humo 92260 Kimberly Clark","isPartOf":{"@id":"https:\/\/explotumarca.com\/#website"},"primaryImageOfPage":{"@id":"https:\/\/explotumarca.com\/?product=despachador-de-toalla-interdoblada-color-humo-92740-kimberly-clark#primaryimage"},"image":{"@id":"https:\/\/explotumarca.com\/?product=despachador-de-toalla-interdoblada-color-humo-92740-kimberly-clark#primaryimage"},"thumbnailUrl":"https:\/\/explotumarca.com\/wp-content\/uploads\/2022\/02\/Despachador-De-Toalla-Interdoblada-Kimberly-Clark-Color-Humo-Dispensador-92740-Explo-Explotumarca.jpg","datePublished":"2022-02-19T01:23:04+00:00","dateModified":"2022-02-19T01:49:08+00:00","description":"Despachador De Toalla Interdoblada Color Humo 92260 Kimberly Clark, env\u00edos a toda la Rep\u00fablica, precios mayoreo y menudeo, cotiza en segundo.","breadcrumb":{"@id":"https:\/\/explotumarca.com\/?product=despachador-de-toalla-interdoblada-color-humo-92740-kimberly-clark#breadcrumb"},"inLanguage":"es","potentialAction":[{"@type":"ReadAction","target":["https:\/\/explotumarca.com\/?product=despachador-de-toalla-interdoblada-color-humo-92740-kimberly-clark"]}]},{"@type":"ImageObject","inLanguage":"es","@id":"https:\/\/explotumarca.com\/?product=despachador-de-toalla-interdoblada-color-humo-92740-kimberly-clark#primaryimage","url":"https:\/\/explotumarca.com\/wp-content\/uploads\/2022\/02\/Despachador-De-Toalla-Interdoblada-Kimberly-Clark-Color-Humo-Dispensador-92740-Explo-Explotumarca.jpg","contentUrl":"https:\/\/explotumarca.com\/wp-content\/uploads\/2022\/02\/Despachador-De-Toalla-Interdoblada-Kimberly-Clark-Color-Humo-Dispensador-92740-Explo-Explotumarca.jpg","width":450,"height":450,"caption":"Despachador De Toalla Interdoblada Kimberly Clark Color Humo Dispensador 92740 Explo Explotumarca"},{"@type":"BreadcrumbList","@id":"https:\/\/explotumarca.com\/?product=despachador-de-toalla-interdoblada-color-humo-92740-kimberly-clark#breadcrumb","itemListElement":[{"@type":"ListItem","position":1,"name":"Inicio","item":"https:\/\/explotumarca.com\/"},{"@type":"ListItem","position":2,"name":"Productos","item":"https:\/\/explotumarca.com\/?post_type=product"},{"@type":"ListItem","position":3,"name":"Despachador De Toalla Interdoblada Color Humo 92740 Kimberly Clark"}]},{"@type":"WebSite","@id":"https:\/\/explotumarca.com\/#website","url":"https:\/\/explotumarca.com\/","name":"Explo","description":"Productos y servicios corporativos","publisher":{"@id":"https:\/\/explotumarca.com\/#organization"},"potentialAction":[{"@type":"SearchAction","target":{"@type":"EntryPoint","urlTemplate":"https:\/\/explotumarca.com\/?s={search_term_string}"},"query-input":{"@type":"PropertyValueSpecification","valueRequired":true,"valueName":"search_term_string"}}],"inLanguage":"es"},{"@type":"Organization","@id":"https:\/\/explotumarca.com\/#organization","name":"Explo","url":"https:\/\/explotumarca.com\/","logo":{"@type":"ImageObject","inLanguage":"es","@id":"https:\/\/explotumarca.com\/#\/schema\/logo\/image\/","url":"http:\/\/arsnovamx.com\/explotumarca.com\/wp-content\/uploads\/2020\/10\/Nuevo-Logo-Explo-2020.jpg","contentUrl":"http:\/\/arsnovamx.com\/explotumarca.com\/wp-content\/uploads\/2020\/10\/Nuevo-Logo-Explo-2020.jpg","width":800,"height":334,"caption":"Explo"},"image":{"@id":"https:\/\/explotumarca.com\/#\/schema\/logo\/image\/"},"sameAs":["https:\/\/www.facebook.com\/MexicoExplo\/"]}]}},"_links":{"self":[{"href":"https:\/\/explotumarca.com\/index.php?rest_route=\/wp\/v2\/product\/5492","targetHints":{"allow":["GET"]}}],"collection":[{"href":"https:\/\/explotumarca.com\/index.php?rest_route=\/wp\/v2\/product"}],"about":[{"href":"https:\/\/explotumarca.com\/index.php?rest_route=\/wp\/v2\/types\/product"}],"wp:featuredmedia":[{"embeddable":true,"href":"https:\/\/explotumarca.com\/index.php?rest_route=\/wp\/v2\/media\/5493"}],"wp:attachment":[{"href":"https:\/\/explotumarca.com\/index.php?rest_route=%2Fwp%2Fv2%2Fmedia&parent=5492"}],"wp:term":[{"taxonomy":"product_cat","embeddable":true,"href":"https:\/\/explotumarca.com\/index.php?rest_route=%2Fwp%2Fv2%2Fproduct_cat&post=5492"},{"taxonomy":"product_tag","embeddable":true,"href":"https:\/\/explotumarca.com\/index.php?rest_route=%2Fwp%2Fv2%2Fproduct_tag&post=5492"}],"curies":[{"name":"wp","href":"https:\/\/api.w.org\/{rel}","templated":true}]}}