{"id":5551,"date":"2022-03-17T14:48:06","date_gmt":"2022-03-17T20:48:06","guid":{"rendered":"https:\/\/explotumarca.com\/?post_type=product&#038;p=5551"},"modified":"2022-04-11T16:38:08","modified_gmt":"2022-04-11T21:38:08","slug":"rally-camera","status":"publish","type":"product","link":"https:\/\/explotumarca.com\/?product=rally-camera","title":{"rendered":"RALLY CAMERA"},"content":{"rendered":"<h1>RALLY CAMERA C\u00c1MARA PARA VIDEOCONFERENCIAS<\/h1>\n<p>C\u00e1mara PTZ premium con sistema de im\u00e1genes Ultra-HD y control autom\u00e1tico, con un dise\u00f1o industrial premium y un sistema de im\u00e1genes Ultra-HD, Rally se destaca entre las c\u00e1maras de video aut\u00f3nomas de Logitech<sup>\u00ae<\/sup>.\u00a0Equipada con componentes \u00f3pticos avanzados y tecnolog\u00edas revolucionarias, la c\u00e1mara <a href=\"https:\/\/www.logitech.com\/es-mx\/products\/video-conferencing\/conference-cameras\/rally-ultra-hd-ptz-camera.960-001226.html\">Rally<\/a> ofrece un desempe\u00f1o superior en espacios de reuniones empresariales sin importar su forma o tama\u00f1o. Con silenciosas funciones mec\u00e1nicas de panor\u00e1mica\/inclinaci\u00f3n\/zoom, un nitid\u00edsimo zoom HD 15x, un campo visual diagonal expansivo de 90\u00b0 y un potente sensor 4K, la c\u00e1mara Rally captura a todos los asistentes con una calidad de video realmente impresionante, lo que la hace una de las mejores c\u00e1maras para videoconferencias<\/p>\n<ul class=\"pangea-cmp tech-specs js-pangea-tech-specs\">\n<li class=\"specs-column\">\n<div class=\"specs-group\">\n<header class=\"specs-header\">\n<h3 class=\"specs-heading\">DIMENSIONES<\/h3>\n<\/header>\n<div class=\"specs-block\">\n<h4 class=\"specs-title\">C\u00e1mara Rally<\/h4>\n<ul class=\"specs-description-list\">\n<li>Altura: 182,5 mm<\/li>\n<li>Anchura: 152 mm<\/li>\n<li>Profundidad: 152 mm<\/li>\n<\/ul>\n<\/div>\n<div class=\"specs-block\">\n<h4 class=\"specs-title\">Divisor de alimentaci\u00f3n de Rally<\/h4>\n<ul class=\"specs-description-list\">\n<li>Altura: 21,4 mm<\/li>\n<li>Anchura: 81 mm<\/li>\n<li>Profundidad: 60,5 mm<\/li>\n<\/ul>\n<\/div>\n<div class=\"specs-block\">\n<h4 class=\"specs-title\">Soporte de montaje de Rally<\/h4>\n<ul class=\"specs-description-list\">\n<li>Altura: 88 mm<\/li>\n<li>Anchura: 110 mm<\/li>\n<li>Profundidad: 170 mm<\/li>\n<\/ul>\n<\/div>\n<div class=\"specs-block\">\n<h4 class=\"specs-title\">Cable USB 3.0<\/h4>\n<ul class=\"specs-description-list\">\n<li>2,2 m<\/li>\n<\/ul>\n<\/div>\n<div class=\"specs-block\">\n<h4 class=\"specs-title\">Cable de adaptador de alimentaci\u00f3n<\/h4>\n<ul class=\"specs-description-list\">\n<li>3\u00a0m<\/li>\n<\/ul>\n<\/div>\n<\/div>\n<\/li>\n<li class=\"specs-column\">\n<div class=\"specs-block\">\n<h4 class=\"specs-title\">Software adicional<\/h4>\n<ul class=\"specs-description-list\">\n<li>Control autom\u00e1tico de c\u00e1mara RightSight<\/li>\n<\/ul>\n<\/div>\n<p>&nbsp;<\/li>\n<\/ul>\n<ul class=\"pangea-cmp tech-specs js-pangea-tech-specs\">\n<li class=\"specs-column\">\n<div class=\"specs-group\">\n<header class=\"specs-header\">\n<h3 class=\"specs-heading\">ESPECIFICACIONES T\u00c9CNICAS DE LA C\u00c1MARA PARA VIDEOCONFERENCIA<\/h3>\n<\/header>\n<div class=\"specs-block\">\n<h4 class=\"specs-title\">C\u00e1mara<\/h4>\n<ul class=\"specs-description-list\">\n<li>Sistema de im\u00e1genes Ultra HD para\n<ul class=\"specs-description-list\">\n<li>4K, 1440p, 1080p, 900p, 720p y SD a 30 fps<\/li>\n<li>1080p, 720p a 30 fps y 60 fps<\/li>\n<\/ul>\n<\/li>\n<li>Panor\u00e1mica, inclinaci\u00f3n y zoom robotizados y fluidos<\/li>\n<li>Panor\u00e1mica: \u00b190\u00b0<\/li>\n<li>Inclinaci\u00f3n: +50\u00b0 \/ -90\u00b0<\/li>\n<li>Zoom Full HD 15x<\/li>\n<li>Campo visual\n<ul class=\"specs-description-list\">\n<li>Diagonal: 90\u00b0<\/li>\n<li>Horizontal: 82,1\u00b0<\/li>\n<li>Vertical: 52,2\u00b0<\/li>\n<\/ul>\n<\/li>\n<li>Enfoque autom\u00e1tico<\/li>\n<li>Tres preajustes de c\u00e1mara<\/li>\n<li>Kensington Security Slot<\/li>\n<li>Indicador LED de activaci\u00f3n\/desactivaci\u00f3n del video<\/li>\n<li>Adaptador para tr\u00edpode est\u00e1ndar<\/li>\n<\/ul>\n<\/div>\n<div class=\"specs-block\">\n<h4 class=\"specs-title\">TECNOLOG\u00cdAS RIGHTSENSE<\/h4>\n<ul class=\"specs-description-list\">\n<li>RightLight con rango din\u00e1mico amplio (WDR)<\/li>\n<li>Control autom\u00e1tico de c\u00e1mara RightSight <a class=\"note note-tooltip js-note-tooltip pangea-inited\"><sup aria-label=\"footnote 3\">3<\/sup><span class=\"visually-hidden js-tooltip-descriptor\" aria-hidden=\"true\">Consulta la secci\u00f3n Disponibilidad de RightSight para m\u00e1s informaci\u00f3n.<\/span><\/a><\/li>\n<\/ul>\n<\/div>\n<div class=\"specs-block\">\n<h4 class=\"specs-title\">Control remoto<\/h4>\n<ul class=\"specs-description-list\">\n<li>Remoto RF (no requiere l\u00ednea de visi\u00f3n)<\/li>\n<li>Bater\u00eda CR2032 (incluida)<\/li>\n<\/ul>\n<\/div>\n<div class=\"specs-block\">\n<h4 class=\"specs-title\">Cables\/Alimentaci\u00f3n<\/h4>\n<ul class=\"specs-description-list\">\n<li>Adaptador de alimentaci\u00f3n con conectores regionales<\/li>\n<li>Cable de alimentaci\u00f3n (3 m)<\/li>\n<\/ul>\n<\/div>\n<div class=\"specs-block\">\n<h4 class=\"specs-title\">PIEZA DE MONTAJE<\/h4>\n<ul class=\"specs-description-list\">\n<li>Pieza de montaje en pared invertible con divisor de alimentaci\u00f3n y gesti\u00f3n de cables<\/li>\n<\/ul>\n<\/div>\n<div class=\"specs-block\">\n<h4 class=\"specs-title\">COMPATIBILIDAD Y CERTIFICACIONES<\/h4>\n<ul class=\"specs-description-list\">\n<li>Conexi\u00f3n USB Plug and Play<\/li>\n<li>Certificaci\u00f3n para Skype\u00ae for Business y Microsoft\u00ae Teams, Zoom\u00ae, Fuze\u00ae<\/li>\n<li>Compatibilidad con Cisco\u00ae, Google Hangouts Meet&#x2122;, BlueJeans\u00ae, BroadSoft\u00ae, GoToMeeting\u00ae, Vidyo\u00ae y otras aplicaciones de videoconferencia, grabaci\u00f3n y difusi\u00f3n utilizables con c\u00e1maras USB.<\/li>\n<\/ul>\n<\/div>\n<\/div>\n<\/li>\n<\/ul>\n<ul class=\"pangea-cmp tech-specs js-pangea-tech-specs\">\n<li class=\"specs-column\">\n<div class=\"specs-group\">\n<header class=\"specs-header\">\n<h3 class=\"specs-heading\">CONTENIDO DE LA CAJA DE CAMARA PARA VIDEOCONFERENCIA<\/h3>\n<\/header>\n<div class=\"specs-block\">\n<ul class=\"specs-description-list\">\n<li>C\u00e1mara Rally<\/li>\n<li>Control remoto<\/li>\n<li>Cable de carga USB 3.0, tipo C<\/li>\n<li>Adaptador de alimentaci\u00f3n con conectores regionales<\/li>\n<li>Divisor de alimentaci\u00f3n y estuche Pieza de montaje de c\u00e1mara con accesorios para montaje<\/li>\n<li>Documentaci\u00f3n<\/li>\n<\/ul>\n<\/div>\n<\/div>\n<\/li>\n<li class=\"specs-column\">\n<div class=\"specs-group\">\n<header class=\"specs-header\">\n<h3 class=\"specs-heading\">INFORMACI\u00d3N DE GARANT\u00cdA<\/h3>\n<\/header>\n<div class=\"specs-block\">\n<div class=\"specs-description\">Dos a\u00f1os de garant\u00eda de hardware limitada<\/div>\n<\/div>\n<\/div>\n<\/li>\n<li class=\"specs-column\">\n<div class=\"specs-group\">\n<header class=\"specs-header\">\n<h3 class=\"specs-heading\">N\u00daMERO DE REFERENCIA<\/h3>\n<\/header>\n<div class=\"specs-block\">\n<ul class=\"specs-description-list\">\n<li>960-001226<\/li>\n<\/ul>\n<p>&nbsp;<\/p>\n<p>Ll\u00e1manos al (55) 3342 8218 o d\u00e9janos tus datos <a href=\"https:\/\/explotumarca.com\/?page_id=14\">aqu\u00ed<\/a><\/p>\n<\/div>\n<\/div>\n<\/li>\n<\/ul>\n","protected":false},"excerpt":{"rendered":"<p>RALLY CAMERA C\u00c1MARA PARA VIDEOCONFERENCIAS C\u00e1mara PTZ premium con sistema de im\u00e1genes Ultra-HD y control autom\u00e1tico, con un dise\u00f1o industrial premium y un sistema de im\u00e1genes Ultra-HD, Rally se destaca entre las c\u00e1maras de video [&hellip;]<\/p>\n","protected":false},"featured_media":5556,"template":"","meta":{"content-type":""},"product_cat":[95],"product_tag":[],"class_list":{"0":"post-5551","1":"product","2":"type-product","3":"status-publish","4":"has-post-thumbnail","6":"product_cat-camaras-para-conferencias","8":"first","9":"instock","10":"taxable","11":"shipping-taxable","12":"product-type-simple"},"yoast_head":"<!-- This site is optimized with the Yoast SEO Premium plugin v18.8 (Yoast SEO v26.8) - https:\/\/yoast.com\/product\/yoast-seo-premium-wordpress\/ -->\n<title>Zoom videollamadas; venta de equipos especiales para zoom<\/title>\n<meta name=\"description\" content=\"Venta de equipos, mantenimiento y capacitaci\u00f3n de zoom videollamadas para Empresas en M\u00e9xico. como las mejores c\u00e1maras para videoconferencias\" \/>\n<meta name=\"robots\" content=\"index, follow, max-snippet:-1, max-image-preview:large, max-video-preview:-1\" \/>\n<link rel=\"canonical\" href=\"https:\/\/explotumarca.com\/?product=rally-camera\" \/>\n<meta property=\"og:locale\" content=\"es_MX\" \/>\n<meta property=\"og:type\" content=\"article\" \/>\n<meta property=\"og:title\" content=\"RALLY CAMERA\" \/>\n<meta property=\"og:description\" content=\"RALLY CAMERA C\u00c1MARA PARA VIDEOCONFERENCIAS C\u00e1mara PTZ premium con sistema de im\u00e1genes Ultra-HD y control autom\u00e1tico, con un dise\u00f1o industrial premium y un\" \/>\n<meta property=\"og:url\" content=\"https:\/\/explotumarca.com\/?product=rally-camera\" \/>\n<meta property=\"og:site_name\" content=\"Explo\" \/>\n<meta property=\"article:publisher\" content=\"https:\/\/www.facebook.com\/MexicoExplo\/\" \/>\n<meta property=\"article:modified_time\" content=\"2022-04-11T21:38:08+00:00\" \/>\n<meta property=\"og:image\" content=\"https:\/\/explotumarca.com\/wp-content\/uploads\/2022\/03\/Camara-Rally-Logitech-Videoconferencia-Explo-Explotumarca-6.jpg\" \/>\n\t<meta property=\"og:image:width\" content=\"450\" \/>\n\t<meta property=\"og:image:height\" content=\"450\" \/>\n\t<meta property=\"og:image:type\" content=\"image\/jpeg\" \/>\n<meta name=\"twitter:card\" content=\"summary_large_image\" \/>\n<meta name=\"twitter:label1\" content=\"Tiempo de lectura\" \/>\n\t<meta name=\"twitter:data1\" content=\"2 minutos\" \/>\n<script type=\"application\/ld+json\" class=\"yoast-schema-graph\">{\"@context\":\"https:\/\/schema.org\",\"@graph\":[{\"@type\":\"WebPage\",\"@id\":\"https:\/\/explotumarca.com\/?product=rally-camera\",\"url\":\"https:\/\/explotumarca.com\/?product=rally-camera\",\"name\":\"Zoom videollamadas; venta de equipos especiales para zoom\",\"isPartOf\":{\"@id\":\"https:\/\/explotumarca.com\/#website\"},\"primaryImageOfPage\":{\"@id\":\"https:\/\/explotumarca.com\/?product=rally-camera#primaryimage\"},\"image\":{\"@id\":\"https:\/\/explotumarca.com\/?product=rally-camera#primaryimage\"},\"thumbnailUrl\":\"https:\/\/explotumarca.com\/wp-content\/uploads\/2022\/03\/Camara-Rally-Logitech-Videoconferencia-Explo-Explotumarca-6.jpg\",\"datePublished\":\"2022-03-17T20:48:06+00:00\",\"dateModified\":\"2022-04-11T21:38:08+00:00\",\"description\":\"Venta de equipos, mantenimiento y capacitaci\u00f3n de zoom videollamadas para Empresas en M\u00e9xico. como las mejores c\u00e1maras para videoconferencias\",\"breadcrumb\":{\"@id\":\"https:\/\/explotumarca.com\/?product=rally-camera#breadcrumb\"},\"inLanguage\":\"es\",\"potentialAction\":[{\"@type\":\"ReadAction\",\"target\":[\"https:\/\/explotumarca.com\/?product=rally-camera\"]}]},{\"@type\":\"ImageObject\",\"inLanguage\":\"es\",\"@id\":\"https:\/\/explotumarca.com\/?product=rally-camera#primaryimage\",\"url\":\"https:\/\/explotumarca.com\/wp-content\/uploads\/2022\/03\/Camara-Rally-Logitech-Videoconferencia-Explo-Explotumarca-6.jpg\",\"contentUrl\":\"https:\/\/explotumarca.com\/wp-content\/uploads\/2022\/03\/Camara-Rally-Logitech-Videoconferencia-Explo-Explotumarca-6.jpg\",\"width\":450,\"height\":450,\"caption\":\"Camara Rally Logitech Videoconferencia Explo Explotumarca\"},{\"@type\":\"BreadcrumbList\",\"@id\":\"https:\/\/explotumarca.com\/?product=rally-camera#breadcrumb\",\"itemListElement\":[{\"@type\":\"ListItem\",\"position\":1,\"name\":\"Inicio\",\"item\":\"https:\/\/explotumarca.com\/\"},{\"@type\":\"ListItem\",\"position\":2,\"name\":\"Productos\",\"item\":\"https:\/\/explotumarca.com\/?post_type=product\"},{\"@type\":\"ListItem\",\"position\":3,\"name\":\"RALLY CAMERA\"}]},{\"@type\":\"WebSite\",\"@id\":\"https:\/\/explotumarca.com\/#website\",\"url\":\"https:\/\/explotumarca.com\/\",\"name\":\"Explo\",\"description\":\"Productos y servicios corporativos\",\"publisher\":{\"@id\":\"https:\/\/explotumarca.com\/#organization\"},\"potentialAction\":[{\"@type\":\"SearchAction\",\"target\":{\"@type\":\"EntryPoint\",\"urlTemplate\":\"https:\/\/explotumarca.com\/?s={search_term_string}\"},\"query-input\":{\"@type\":\"PropertyValueSpecification\",\"valueRequired\":true,\"valueName\":\"search_term_string\"}}],\"inLanguage\":\"es\"},{\"@type\":\"Organization\",\"@id\":\"https:\/\/explotumarca.com\/#organization\",\"name\":\"Explo\",\"url\":\"https:\/\/explotumarca.com\/\",\"logo\":{\"@type\":\"ImageObject\",\"inLanguage\":\"es\",\"@id\":\"https:\/\/explotumarca.com\/#\/schema\/logo\/image\/\",\"url\":\"http:\/\/arsnovamx.com\/explotumarca.com\/wp-content\/uploads\/2020\/10\/Nuevo-Logo-Explo-2020.jpg\",\"contentUrl\":\"http:\/\/arsnovamx.com\/explotumarca.com\/wp-content\/uploads\/2020\/10\/Nuevo-Logo-Explo-2020.jpg\",\"width\":800,\"height\":334,\"caption\":\"Explo\"},\"image\":{\"@id\":\"https:\/\/explotumarca.com\/#\/schema\/logo\/image\/\"},\"sameAs\":[\"https:\/\/www.facebook.com\/MexicoExplo\/\"]}]}<\/script>\n<!-- \/ Yoast SEO Premium plugin. -->","yoast_head_json":{"title":"Zoom videollamadas; venta de equipos especiales para zoom","description":"Venta de equipos, mantenimiento y capacitaci\u00f3n de zoom videollamadas para Empresas en M\u00e9xico. como las mejores c\u00e1maras para videoconferencias","robots":{"index":"index","follow":"follow","max-snippet":"max-snippet:-1","max-image-preview":"max-image-preview:large","max-video-preview":"max-video-preview:-1"},"canonical":"https:\/\/explotumarca.com\/?product=rally-camera","og_locale":"es_MX","og_type":"article","og_title":"RALLY CAMERA","og_description":"RALLY CAMERA C\u00c1MARA PARA VIDEOCONFERENCIAS C\u00e1mara PTZ premium con sistema de im\u00e1genes Ultra-HD y control autom\u00e1tico, con un dise\u00f1o industrial premium y un","og_url":"https:\/\/explotumarca.com\/?product=rally-camera","og_site_name":"Explo","article_publisher":"https:\/\/www.facebook.com\/MexicoExplo\/","article_modified_time":"2022-04-11T21:38:08+00:00","og_image":[{"width":450,"height":450,"url":"https:\/\/explotumarca.com\/wp-content\/uploads\/2022\/03\/Camara-Rally-Logitech-Videoconferencia-Explo-Explotumarca-6.jpg","type":"image\/jpeg"}],"twitter_card":"summary_large_image","twitter_misc":{"Tiempo de lectura":"2 minutos"},"schema":{"@context":"https:\/\/schema.org","@graph":[{"@type":"WebPage","@id":"https:\/\/explotumarca.com\/?product=rally-camera","url":"https:\/\/explotumarca.com\/?product=rally-camera","name":"Zoom videollamadas; venta de equipos especiales para zoom","isPartOf":{"@id":"https:\/\/explotumarca.com\/#website"},"primaryImageOfPage":{"@id":"https:\/\/explotumarca.com\/?product=rally-camera#primaryimage"},"image":{"@id":"https:\/\/explotumarca.com\/?product=rally-camera#primaryimage"},"thumbnailUrl":"https:\/\/explotumarca.com\/wp-content\/uploads\/2022\/03\/Camara-Rally-Logitech-Videoconferencia-Explo-Explotumarca-6.jpg","datePublished":"2022-03-17T20:48:06+00:00","dateModified":"2022-04-11T21:38:08+00:00","description":"Venta de equipos, mantenimiento y capacitaci\u00f3n de zoom videollamadas para Empresas en M\u00e9xico. como las mejores c\u00e1maras para videoconferencias","breadcrumb":{"@id":"https:\/\/explotumarca.com\/?product=rally-camera#breadcrumb"},"inLanguage":"es","potentialAction":[{"@type":"ReadAction","target":["https:\/\/explotumarca.com\/?product=rally-camera"]}]},{"@type":"ImageObject","inLanguage":"es","@id":"https:\/\/explotumarca.com\/?product=rally-camera#primaryimage","url":"https:\/\/explotumarca.com\/wp-content\/uploads\/2022\/03\/Camara-Rally-Logitech-Videoconferencia-Explo-Explotumarca-6.jpg","contentUrl":"https:\/\/explotumarca.com\/wp-content\/uploads\/2022\/03\/Camara-Rally-Logitech-Videoconferencia-Explo-Explotumarca-6.jpg","width":450,"height":450,"caption":"Camara Rally Logitech Videoconferencia Explo Explotumarca"},{"@type":"BreadcrumbList","@id":"https:\/\/explotumarca.com\/?product=rally-camera#breadcrumb","itemListElement":[{"@type":"ListItem","position":1,"name":"Inicio","item":"https:\/\/explotumarca.com\/"},{"@type":"ListItem","position":2,"name":"Productos","item":"https:\/\/explotumarca.com\/?post_type=product"},{"@type":"ListItem","position":3,"name":"RALLY CAMERA"}]},{"@type":"WebSite","@id":"https:\/\/explotumarca.com\/#website","url":"https:\/\/explotumarca.com\/","name":"Explo","description":"Productos y servicios corporativos","publisher":{"@id":"https:\/\/explotumarca.com\/#organization"},"potentialAction":[{"@type":"SearchAction","target":{"@type":"EntryPoint","urlTemplate":"https:\/\/explotumarca.com\/?s={search_term_string}"},"query-input":{"@type":"PropertyValueSpecification","valueRequired":true,"valueName":"search_term_string"}}],"inLanguage":"es"},{"@type":"Organization","@id":"https:\/\/explotumarca.com\/#organization","name":"Explo","url":"https:\/\/explotumarca.com\/","logo":{"@type":"ImageObject","inLanguage":"es","@id":"https:\/\/explotumarca.com\/#\/schema\/logo\/image\/","url":"http:\/\/arsnovamx.com\/explotumarca.com\/wp-content\/uploads\/2020\/10\/Nuevo-Logo-Explo-2020.jpg","contentUrl":"http:\/\/arsnovamx.com\/explotumarca.com\/wp-content\/uploads\/2020\/10\/Nuevo-Logo-Explo-2020.jpg","width":800,"height":334,"caption":"Explo"},"image":{"@id":"https:\/\/explotumarca.com\/#\/schema\/logo\/image\/"},"sameAs":["https:\/\/www.facebook.com\/MexicoExplo\/"]}]}},"_links":{"self":[{"href":"https:\/\/explotumarca.com\/index.php?rest_route=\/wp\/v2\/product\/5551","targetHints":{"allow":["GET"]}}],"collection":[{"href":"https:\/\/explotumarca.com\/index.php?rest_route=\/wp\/v2\/product"}],"about":[{"href":"https:\/\/explotumarca.com\/index.php?rest_route=\/wp\/v2\/types\/product"}],"wp:featuredmedia":[{"embeddable":true,"href":"https:\/\/explotumarca.com\/index.php?rest_route=\/wp\/v2\/media\/5556"}],"wp:attachment":[{"href":"https:\/\/explotumarca.com\/index.php?rest_route=%2Fwp%2Fv2%2Fmedia&parent=5551"}],"wp:term":[{"taxonomy":"product_cat","embeddable":true,"href":"https:\/\/explotumarca.com\/index.php?rest_route=%2Fwp%2Fv2%2Fproduct_cat&post=5551"},{"taxonomy":"product_tag","embeddable":true,"href":"https:\/\/explotumarca.com\/index.php?rest_route=%2Fwp%2Fv2%2Fproduct_tag&post=5551"}],"curies":[{"name":"wp","href":"https:\/\/api.w.org\/{rel}","templated":true}]}}