{"id":5562,"date":"2022-03-17T18:13:08","date_gmt":"2022-03-18T00:13:08","guid":{"rendered":"https:\/\/explotumarca.com\/?post_type=product&#038;p=5562"},"modified":"2022-04-11T16:36:17","modified_gmt":"2022-04-11T21:36:17","slug":"group","status":"publish","type":"product","link":"https:\/\/explotumarca.com\/?product=group","title":{"rendered":"GROUP"},"content":{"rendered":"<h2>GROUP<\/h2>\n<p>Videoconferencias asequibles en salas de reuniones medianas y grandes<\/p>\n<h3 class=\"h3 \">SOLUCI\u00d3N PERFECTA PARA SALAS PEQUE\u00d1AS<\/h3>\n<p>GROUP, nuestra soluci\u00f3n de videoconferencia para salas de hasta 14\u201320 personas, ofrece video HD de alta calidad y audio n\u00edtido que hacen de cualquier espacio de reuni\u00f3n un espacio para videoconferencias. Con funciones avanzadas, como la cancelaci\u00f3n de eco ac\u00fastico, la tecnolog\u00eda de reducci\u00f3n de ruido y los controles intuitivos, ahora es m\u00e1s f\u00e1cil que nunca incluir a todo el mundo en la conversaci\u00f3n.<\/p>\n<p>&nbsp;<\/p>\n<ul class=\"pangea-cmp tech-specs js-pangea-tech-specs\">\n<li class=\"specs-column\">\n<div class=\"specs-group\">\n<header class=\"specs-header\">\n<h3 class=\"specs-heading\">DIMENSIONES<\/h3>\n<\/header>\n<div class=\"specs-block\">\n<h4 class=\"specs-title\">C\u00e1mara<\/h4>\n<ul class=\"specs-description-list\">\n<li>Altura: 130 mm<\/li>\n<li>Ancho: 170 mm<\/li>\n<li>Profundidad: Luz roja con bater\u00eda&lt;10%<\/li>\n<li>Peso: 585 g<\/li>\n<\/ul>\n<\/div>\n<div class=\"specs-block\">\n<h4 class=\"specs-title\">ALTAVOZ<\/h4>\n<ul class=\"specs-description-list\">\n<li>Altura: 240 mm<\/li>\n<li>Ancho: 65 mm<\/li>\n<li>Profundidad: 240 mm<\/li>\n<li>Peso: : 1.223 g<\/li>\n<\/ul>\n<\/div>\n<div class=\"specs-block\">\n<h4 class=\"specs-title\">Hub<\/h4>\n<ul class=\"specs-description-list\">\n<li>Altura: 94 mm<\/li>\n<li>Ancho: 34 mm<\/li>\n<li>Profundidad: 74 mm<\/li>\n<li>Peso: 83 g<\/li>\n<\/ul>\n<\/div>\n<div class=\"specs-block\">\n<h4 class=\"specs-title\">Remoto<\/h4>\n<ul class=\"specs-description-list\">\n<li>Altura: 50 mm<\/li>\n<li>Ancho: 120 mm<\/li>\n<li>Profundidad: 12 mm<\/li>\n<li>Peso: 51 g<\/li>\n<\/ul>\n<\/div>\n<div class=\"specs-block\">\n<h4 class=\"specs-title\">Pieza de montaje en pared\/mesa<\/h4>\n<ul class=\"specs-description-list\">\n<li>Altura: 210 mm<\/li>\n<li>Ancho: 120 mm<\/li>\n<li>Profundidad: 99 mm<\/li>\n<li>Peso: 255 g<\/li>\n<\/ul>\n<\/div>\n<div class=\"specs-block\">\n<h4 class=\"specs-title\">Micr\u00f3fonos de expansi\u00f3n (opcionales)<\/h4>\n<ul class=\"specs-description-list\">\n<li>Altura: 83 mm<\/li>\n<li>Ancho: 83 mm<\/li>\n<li>Profundidad: 21 mm<\/li>\n<li>Peso: 230 g<\/li>\n<\/ul>\n<\/div>\n<\/div>\n<\/li>\n<li class=\"specs-column\">\n<div class=\"specs-group\">\n<header class=\"specs-header\">\n<h3 class=\"specs-heading\">REQUISITOS DEL SISTEMA<\/h3>\n<\/header>\n<div class=\"specs-block\">\n<div class=\"specs-description\">Windows\u00ae 7, 8.1 or 10<\/div>\n<\/div>\n<div class=\"specs-block\">\n<div class=\"specs-description\">macOS 10.10 o posterior<\/div>\n<\/div>\n<\/div>\n<div><\/div>\n<\/li>\n<\/ul>\n<ul class=\"pangea-cmp tech-specs js-pangea-tech-specs\">\n<li class=\"specs-column\">\n<div class=\"specs-group\">\n<header class=\"specs-header\">\n<h3 class=\"specs-heading\">ESPECIFICACIONES T\u00c9CNICAS<\/h3>\n<\/header>\n<div class=\"specs-block\">\n<h4 class=\"specs-title\">C\u00e1mara<\/h4>\n<ul class=\"specs-description-list\">\n<li>Panor\u00e1mica, inclinaci\u00f3n y zoom robotizados controlados con remoto o consola<\/li>\n<li>Panor\u00e1mica de +\/-90\u00b0<\/li>\n<li>Inclinaci\u00f3n de +35\u00b0\/-45\u00b0<\/li>\n<li>Zoom 10x HD sin p\u00e9rdida<\/li>\n<li>Campo visual\n<ul class=\"specs-description-list\">\n<li>Diagonal: 90\u00b0<\/li>\n<li>Horizontal: 82,1\u00b0<\/li>\n<li>Vertical: 52,2\u00b0<\/li>\n<\/ul>\n<\/li>\n<li>Full HD 1080p 30\u00a0fps<\/li>\n<li>H.264 UVC 1.5 con codificaci\u00f3n de video escalable (SVC)<\/li>\n<li>Enfoque autom\u00e1tico<\/li>\n<li>Cinco preajustes de c\u00e1mara<\/li>\n<li>Control remoto (PTZ) de otros productos ConferenceCam (con servicios compatibles)<\/li>\n<li>Kensington Security Slot<\/li>\n<li>Indicador LED de activaci\u00f3n\/desactivaci\u00f3n del video<\/li>\n<li>Adaptador para tr\u00edpode est\u00e1ndar<\/li>\n<\/ul>\n<\/div>\n<div class=\"specs-block\">\n<h4 class=\"specs-title\">Control remoto<\/h4>\n<ul class=\"specs-description-list\">\n<li>C\u00e1mara, altavoz y control de llamadas<\/li>\n<li>Cinco preajustes de c\u00e1mara<\/li>\n<li>Base para el control remoto en el altavoz<\/li>\n<li>Radio de acci\u00f3n IR de 8,5 metros<\/li>\n<li>Bater\u00eda CR2032 (incluida)<\/li>\n<\/ul>\n<\/div>\n<div class=\"specs-block\">\n<h4 class=\"specs-title\">ALTAVOZ<\/h4>\n<ul class=\"specs-description-list\">\n<li>D\u00faplex completo<\/li>\n<li>Cancelaci\u00f3n de eco ac\u00fastico<\/li>\n<li>Tecnolog\u00eda de reducci\u00f3n de ruido<\/li>\n<li>Audio de banda superancha<\/li>\n<li>Se empareja con dispositivos m\u00f3viles mediante Bluetooth y NFC<\/li>\n<li>LCD para identificaci\u00f3n y duraci\u00f3n de llamadas, y otras funciones de respuesta<\/li>\n<li>Indicadores LED para streaming del altavoz, silenciamiento, puesta en espera y Bluetooth<\/li>\n<li>Botones t\u00e1ctiles para responder\/finalizar llamadas, volumen y silencio, Bluetooth y controles de c\u00e1mara<\/li>\n<li>Cinco preajustes de c\u00e1mara para panor\u00e1mica, inclinaci\u00f3n y zoom<\/li>\n<li>Kensington Security Slot<\/li>\n<\/ul>\n<\/div>\n<div class=\"specs-block\">\n<h4 class=\"specs-title\">Micr\u00f3fonos<\/h4>\n<ul class=\"specs-description-list\">\n<li>Radio de captaci\u00f3n: 6 m<\/li>\n<li>Alcance de captaci\u00f3n con micr\u00f3fono de expansi\u00f3n: 8,5\u00a0m<\/li>\n<li>Cuatro micr\u00f3fonos omnidireccionales, con formaci\u00f3n de haces<\/li>\n<li>Respuesta de frecuencia: 100\u00a0Hz \u2013 11\u00a0kHz<\/li>\n<li>Sensibilidad: -28 dB +\/-3 dB<\/li>\n<li>Distorsi\u00f3n: &lt;5% de 200\u00a0Hz<\/li>\n<\/ul>\n<\/div>\n<div class=\"specs-block\">\n<h4 class=\"specs-title\">HUB \/ CABLES \/ ALIMENTACI\u00d3N<\/h4>\n<ul class=\"specs-description-list\">\n<li>El hub central conecta y alimenta todos los componentes<\/li>\n<li>Adhesivo para montaje bajo la mesa incluido<\/li>\n<li>Un cable para c\u00e1mara: 5 m<\/li>\n<li>Un cable para sistema manos libres: 5 m<\/li>\n<li>Cables de extensi\u00f3n disponibles: 10 y 15 m<\/li>\n<li>Un cable USB para conexi\u00f3n a PC\/Mac: 2 m<\/li>\n<li>Adaptador de alimentaci\u00f3n con conectores regionales<\/li>\n<li>Cable de alimentaci\u00f3n: 3 m<\/li>\n<\/ul>\n<\/div>\n<div class=\"specs-block\">\n<h4 class=\"specs-title\">PIEZA DE MONTAJE<\/h4>\n<ul class=\"specs-description-list\">\n<li>Soporte de doble funci\u00f3n tanto para montaje en pared como en escritorio<\/li>\n<\/ul>\n<\/div>\n<div class=\"specs-block\">\n<h4 class=\"specs-title\">COMPATIBILIDAD Y CERTIFICACIONES<\/h4>\n<ul class=\"specs-description-list\">\n<li>Conexi\u00f3n USB Plug and Play<\/li>\n<li>Con certificaci\u00f3n para Skype for Business y compatible con Teams<\/li>\n<li>Con certificaci\u00f3n para Zoom<\/li>\n<li>Con certificaci\u00f3n para Fuze<\/li>\n<li>Microsoft Cortana\u00ae<\/li>\n<li>Cisco Jabber\u00ae<\/li>\n<li>Compatible con BlueJeans, BroadSoft, GoToMeeting, Vidyo y otras aplicaciones de videoconferencia, grabaci\u00f3n y difusi\u00f3n utilizables con c\u00e1maras USB<\/li>\n<\/ul>\n<\/div>\n<\/div>\n<p>&nbsp;<\/li>\n<\/ul>\n<ul class=\"pangea-cmp tech-specs js-pangea-tech-specs\">\n<li class=\"specs-column\">\n<div class=\"specs-group\">\n<header class=\"specs-header\">\n<h3 class=\"specs-heading\">CONTENIDO DE LA CAJA<\/h3>\n<\/header>\n<div class=\"specs-block\">\n<ul class=\"specs-description-list\">\n<li>C\u00e1mara<\/li>\n<li>Sistema manos libres<\/li>\n<li>Control remoto<\/li>\n<li>Dos cables de 5 m para conectar al hub el sistema manos libres y la c\u00e1mara<\/li>\n<li>Cable de 2 m entre hub y PC<\/li>\n<li>Velcro para sujeci\u00f3n de cables<\/li>\n<li>Velcro para fijar el hub a la mesa<\/li>\n<li>Hub con alimentaci\u00f3n propia<\/li>\n<li>Adaptador de alimentaci\u00f3n con conectores regionales y cable de 3 m<\/li>\n<li>Soporte<\/li>\n<li>Documentaci\u00f3n<\/li>\n<li>Tarjeta de garant\u00eda<\/li>\n<\/ul>\n<\/div>\n<\/div>\n<\/li>\n<li class=\"specs-column\">\n<div class=\"specs-group\">\n<header class=\"specs-header\">\n<h3 class=\"specs-heading\">INFORMACI\u00d3N DE GARANT\u00cdA<\/h3>\n<\/header>\n<div class=\"specs-block\">\n<div class=\"specs-description\">Dos a\u00f1os de garant\u00eda de hardware limitada<\/div>\n<\/div>\n<\/div>\n<\/li>\n<li class=\"specs-column\">\n<div class=\"specs-group\">\n<header class=\"specs-header\">\n<h3 class=\"specs-heading\">N\u00daMERO DE REFERENCIA<\/h3>\n<\/header>\n<div class=\"specs-block\">\n<ul class=\"specs-description-list\">\n<li>960-001054<\/li>\n<\/ul>\n<p>Ll\u00e1manos al (55) 3342 8218 o d\u00e9janos tus datos <a href=\"https:\/\/explotumarca.com\/?page_id=14\">aqu\u00ed<\/a><\/p>\n<p>&nbsp;<\/p>\n<\/div>\n<\/div>\n<\/li>\n<\/ul>\n","protected":false},"excerpt":{"rendered":"<p>GROUP Videoconferencias asequibles en salas de reuniones medianas y grandes SOLUCI\u00d3N PERFECTA PARA SALAS PEQUE\u00d1AS GROUP, nuestra soluci\u00f3n de videoconferencia para salas de hasta 14\u201320 personas, ofrece video HD de alta calidad y audio n\u00edtido [&hellip;]<\/p>\n","protected":false},"featured_media":5566,"template":"","meta":{"content-type":""},"product_cat":[95],"product_tag":[],"class_list":{"0":"post-5562","1":"product","2":"type-product","3":"status-publish","4":"has-post-thumbnail","6":"product_cat-camaras-para-conferencias","8":"first","9":"instock","10":"taxable","11":"shipping-taxable","12":"product-type-simple"},"yoast_head":"<!-- This site is optimized with the Yoast SEO Premium plugin v18.8 (Yoast SEO v26.8) - https:\/\/yoast.com\/product\/yoast-seo-premium-wordpress\/ -->\n<title>Zoom videollamadas; venta de equipos especiales para zoom<\/title>\n<meta name=\"description\" content=\"Venta de equipos, salas, mantenimiento y capacitaci\u00f3n de zoom videollamadas para Empresas en M\u00e9xico. Cotiza los mejores equipos 2020.\" \/>\n<meta name=\"robots\" content=\"index, follow, max-snippet:-1, max-image-preview:large, max-video-preview:-1\" \/>\n<link rel=\"canonical\" href=\"https:\/\/explotumarca.com\/?product=group\" \/>\n<meta property=\"og:locale\" content=\"es_MX\" \/>\n<meta property=\"og:type\" content=\"article\" \/>\n<meta property=\"og:title\" content=\"GROUP\" \/>\n<meta property=\"og:description\" content=\"GROUP Videoconferencias asequibles en salas de reuniones medianas y grandes SOLUCI\u00d3N PERFECTA PARA SALAS PEQUE\u00d1AS GROUP, nuestra soluci\u00f3n de\" \/>\n<meta property=\"og:url\" content=\"https:\/\/explotumarca.com\/?product=group\" \/>\n<meta property=\"og:site_name\" content=\"Explo\" \/>\n<meta property=\"article:publisher\" content=\"https:\/\/www.facebook.com\/MexicoExplo\/\" \/>\n<meta property=\"article:modified_time\" content=\"2022-04-11T21:36:17+00:00\" \/>\n<meta property=\"og:image\" content=\"https:\/\/explotumarca.com\/wp-content\/uploads\/2022\/03\/Group-Logitech-Camara-videoconferencia-equipo-Explo-Explotumarca.jpg\" \/>\n\t<meta property=\"og:image:width\" content=\"450\" \/>\n\t<meta property=\"og:image:height\" content=\"450\" \/>\n\t<meta property=\"og:image:type\" content=\"image\/jpeg\" \/>\n<meta name=\"twitter:card\" content=\"summary_large_image\" \/>\n<meta name=\"twitter:label1\" content=\"Tiempo de lectura\" \/>\n\t<meta name=\"twitter:data1\" content=\"3 minutos\" \/>\n<script type=\"application\/ld+json\" class=\"yoast-schema-graph\">{\"@context\":\"https:\/\/schema.org\",\"@graph\":[{\"@type\":\"WebPage\",\"@id\":\"https:\/\/explotumarca.com\/?product=group\",\"url\":\"https:\/\/explotumarca.com\/?product=group\",\"name\":\"Zoom videollamadas; venta de equipos especiales para zoom\",\"isPartOf\":{\"@id\":\"https:\/\/explotumarca.com\/#website\"},\"primaryImageOfPage\":{\"@id\":\"https:\/\/explotumarca.com\/?product=group#primaryimage\"},\"image\":{\"@id\":\"https:\/\/explotumarca.com\/?product=group#primaryimage\"},\"thumbnailUrl\":\"https:\/\/explotumarca.com\/wp-content\/uploads\/2022\/03\/Group-Logitech-Camara-videoconferencia-equipo-Explo-Explotumarca.jpg\",\"datePublished\":\"2022-03-18T00:13:08+00:00\",\"dateModified\":\"2022-04-11T21:36:17+00:00\",\"description\":\"Venta de equipos, salas, mantenimiento y capacitaci\u00f3n de zoom videollamadas para Empresas en M\u00e9xico. Cotiza los mejores equipos 2020.\",\"breadcrumb\":{\"@id\":\"https:\/\/explotumarca.com\/?product=group#breadcrumb\"},\"inLanguage\":\"es\",\"potentialAction\":[{\"@type\":\"ReadAction\",\"target\":[\"https:\/\/explotumarca.com\/?product=group\"]}]},{\"@type\":\"ImageObject\",\"inLanguage\":\"es\",\"@id\":\"https:\/\/explotumarca.com\/?product=group#primaryimage\",\"url\":\"https:\/\/explotumarca.com\/wp-content\/uploads\/2022\/03\/Group-Logitech-Camara-videoconferencia-equipo-Explo-Explotumarca.jpg\",\"contentUrl\":\"https:\/\/explotumarca.com\/wp-content\/uploads\/2022\/03\/Group-Logitech-Camara-videoconferencia-equipo-Explo-Explotumarca.jpg\",\"width\":450,\"height\":450,\"caption\":\"Group Logitech Camara videoconferencia equipo Explo Explotumarca\"},{\"@type\":\"BreadcrumbList\",\"@id\":\"https:\/\/explotumarca.com\/?product=group#breadcrumb\",\"itemListElement\":[{\"@type\":\"ListItem\",\"position\":1,\"name\":\"Inicio\",\"item\":\"https:\/\/explotumarca.com\/\"},{\"@type\":\"ListItem\",\"position\":2,\"name\":\"Productos\",\"item\":\"https:\/\/explotumarca.com\/?post_type=product\"},{\"@type\":\"ListItem\",\"position\":3,\"name\":\"GROUP\"}]},{\"@type\":\"WebSite\",\"@id\":\"https:\/\/explotumarca.com\/#website\",\"url\":\"https:\/\/explotumarca.com\/\",\"name\":\"Explo\",\"description\":\"Productos y servicios corporativos\",\"publisher\":{\"@id\":\"https:\/\/explotumarca.com\/#organization\"},\"potentialAction\":[{\"@type\":\"SearchAction\",\"target\":{\"@type\":\"EntryPoint\",\"urlTemplate\":\"https:\/\/explotumarca.com\/?s={search_term_string}\"},\"query-input\":{\"@type\":\"PropertyValueSpecification\",\"valueRequired\":true,\"valueName\":\"search_term_string\"}}],\"inLanguage\":\"es\"},{\"@type\":\"Organization\",\"@id\":\"https:\/\/explotumarca.com\/#organization\",\"name\":\"Explo\",\"url\":\"https:\/\/explotumarca.com\/\",\"logo\":{\"@type\":\"ImageObject\",\"inLanguage\":\"es\",\"@id\":\"https:\/\/explotumarca.com\/#\/schema\/logo\/image\/\",\"url\":\"http:\/\/arsnovamx.com\/explotumarca.com\/wp-content\/uploads\/2020\/10\/Nuevo-Logo-Explo-2020.jpg\",\"contentUrl\":\"http:\/\/arsnovamx.com\/explotumarca.com\/wp-content\/uploads\/2020\/10\/Nuevo-Logo-Explo-2020.jpg\",\"width\":800,\"height\":334,\"caption\":\"Explo\"},\"image\":{\"@id\":\"https:\/\/explotumarca.com\/#\/schema\/logo\/image\/\"},\"sameAs\":[\"https:\/\/www.facebook.com\/MexicoExplo\/\"]}]}<\/script>\n<!-- \/ Yoast SEO Premium plugin. -->","yoast_head_json":{"title":"Zoom videollamadas; venta de equipos especiales para zoom","description":"Venta de equipos, salas, mantenimiento y capacitaci\u00f3n de zoom videollamadas para Empresas en M\u00e9xico. Cotiza los mejores equipos 2020.","robots":{"index":"index","follow":"follow","max-snippet":"max-snippet:-1","max-image-preview":"max-image-preview:large","max-video-preview":"max-video-preview:-1"},"canonical":"https:\/\/explotumarca.com\/?product=group","og_locale":"es_MX","og_type":"article","og_title":"GROUP","og_description":"GROUP Videoconferencias asequibles en salas de reuniones medianas y grandes SOLUCI\u00d3N PERFECTA PARA SALAS PEQUE\u00d1AS GROUP, nuestra soluci\u00f3n de","og_url":"https:\/\/explotumarca.com\/?product=group","og_site_name":"Explo","article_publisher":"https:\/\/www.facebook.com\/MexicoExplo\/","article_modified_time":"2022-04-11T21:36:17+00:00","og_image":[{"width":450,"height":450,"url":"https:\/\/explotumarca.com\/wp-content\/uploads\/2022\/03\/Group-Logitech-Camara-videoconferencia-equipo-Explo-Explotumarca.jpg","type":"image\/jpeg"}],"twitter_card":"summary_large_image","twitter_misc":{"Tiempo de lectura":"3 minutos"},"schema":{"@context":"https:\/\/schema.org","@graph":[{"@type":"WebPage","@id":"https:\/\/explotumarca.com\/?product=group","url":"https:\/\/explotumarca.com\/?product=group","name":"Zoom videollamadas; venta de equipos especiales para zoom","isPartOf":{"@id":"https:\/\/explotumarca.com\/#website"},"primaryImageOfPage":{"@id":"https:\/\/explotumarca.com\/?product=group#primaryimage"},"image":{"@id":"https:\/\/explotumarca.com\/?product=group#primaryimage"},"thumbnailUrl":"https:\/\/explotumarca.com\/wp-content\/uploads\/2022\/03\/Group-Logitech-Camara-videoconferencia-equipo-Explo-Explotumarca.jpg","datePublished":"2022-03-18T00:13:08+00:00","dateModified":"2022-04-11T21:36:17+00:00","description":"Venta de equipos, salas, mantenimiento y capacitaci\u00f3n de zoom videollamadas para Empresas en M\u00e9xico. Cotiza los mejores equipos 2020.","breadcrumb":{"@id":"https:\/\/explotumarca.com\/?product=group#breadcrumb"},"inLanguage":"es","potentialAction":[{"@type":"ReadAction","target":["https:\/\/explotumarca.com\/?product=group"]}]},{"@type":"ImageObject","inLanguage":"es","@id":"https:\/\/explotumarca.com\/?product=group#primaryimage","url":"https:\/\/explotumarca.com\/wp-content\/uploads\/2022\/03\/Group-Logitech-Camara-videoconferencia-equipo-Explo-Explotumarca.jpg","contentUrl":"https:\/\/explotumarca.com\/wp-content\/uploads\/2022\/03\/Group-Logitech-Camara-videoconferencia-equipo-Explo-Explotumarca.jpg","width":450,"height":450,"caption":"Group Logitech Camara videoconferencia equipo Explo Explotumarca"},{"@type":"BreadcrumbList","@id":"https:\/\/explotumarca.com\/?product=group#breadcrumb","itemListElement":[{"@type":"ListItem","position":1,"name":"Inicio","item":"https:\/\/explotumarca.com\/"},{"@type":"ListItem","position":2,"name":"Productos","item":"https:\/\/explotumarca.com\/?post_type=product"},{"@type":"ListItem","position":3,"name":"GROUP"}]},{"@type":"WebSite","@id":"https:\/\/explotumarca.com\/#website","url":"https:\/\/explotumarca.com\/","name":"Explo","description":"Productos y servicios corporativos","publisher":{"@id":"https:\/\/explotumarca.com\/#organization"},"potentialAction":[{"@type":"SearchAction","target":{"@type":"EntryPoint","urlTemplate":"https:\/\/explotumarca.com\/?s={search_term_string}"},"query-input":{"@type":"PropertyValueSpecification","valueRequired":true,"valueName":"search_term_string"}}],"inLanguage":"es"},{"@type":"Organization","@id":"https:\/\/explotumarca.com\/#organization","name":"Explo","url":"https:\/\/explotumarca.com\/","logo":{"@type":"ImageObject","inLanguage":"es","@id":"https:\/\/explotumarca.com\/#\/schema\/logo\/image\/","url":"http:\/\/arsnovamx.com\/explotumarca.com\/wp-content\/uploads\/2020\/10\/Nuevo-Logo-Explo-2020.jpg","contentUrl":"http:\/\/arsnovamx.com\/explotumarca.com\/wp-content\/uploads\/2020\/10\/Nuevo-Logo-Explo-2020.jpg","width":800,"height":334,"caption":"Explo"},"image":{"@id":"https:\/\/explotumarca.com\/#\/schema\/logo\/image\/"},"sameAs":["https:\/\/www.facebook.com\/MexicoExplo\/"]}]}},"_links":{"self":[{"href":"https:\/\/explotumarca.com\/index.php?rest_route=\/wp\/v2\/product\/5562","targetHints":{"allow":["GET"]}}],"collection":[{"href":"https:\/\/explotumarca.com\/index.php?rest_route=\/wp\/v2\/product"}],"about":[{"href":"https:\/\/explotumarca.com\/index.php?rest_route=\/wp\/v2\/types\/product"}],"wp:featuredmedia":[{"embeddable":true,"href":"https:\/\/explotumarca.com\/index.php?rest_route=\/wp\/v2\/media\/5566"}],"wp:attachment":[{"href":"https:\/\/explotumarca.com\/index.php?rest_route=%2Fwp%2Fv2%2Fmedia&parent=5562"}],"wp:term":[{"taxonomy":"product_cat","embeddable":true,"href":"https:\/\/explotumarca.com\/index.php?rest_route=%2Fwp%2Fv2%2Fproduct_cat&post=5562"},{"taxonomy":"product_tag","embeddable":true,"href":"https:\/\/explotumarca.com\/index.php?rest_route=%2Fwp%2Fv2%2Fproduct_tag&post=5562"}],"curies":[{"name":"wp","href":"https:\/\/api.w.org\/{rel}","templated":true}]}}