{"id":5585,"date":"2022-03-17T21:29:40","date_gmt":"2022-03-18T03:29:40","guid":{"rendered":"https:\/\/explotumarca.com\/?post_type=product&#038;p=5585"},"modified":"2022-04-11T16:34:25","modified_gmt":"2022-04-11T21:34:25","slug":"bcc950","status":"publish","type":"product","link":"https:\/\/explotumarca.com\/?product=bcc950","title":{"rendered":"BCC950"},"content":{"rendered":"<div class=\"product-title\">\n<h2 class=\"headline js-text-auto js-product-title pangea-inited\" data-max-lines=\"3\" data-title-size=\"auto\">BCC950<\/h2>\n<\/div>\n<div class=\"product-description\">\n<div class=\"js-product-description\">Soluci\u00f3n de videoconferencia para oficinas privadas, oficinas en casa y cualquier espacio de trabajo privado y peque\u00f1o.<\/div>\n<\/div>\n<p>&nbsp;<\/p>\n<h3 class=\"body-copy-title font-title-l font-brown-bold dc-black tc-black mc-black \">GRAN VALOR PARA PEQUE\u00d1OS EQUIPOS<\/h3>\n<p>Los equipos peque\u00f1os pueden realizar sus propias videoconferencias en cualquier momento y lugar. El sistema de videoconferencia todo-en-uno BCC950, con su c\u00e1mara web de alta definici\u00f3n y sistema manos libres Plug and Play, es ideal para salas peque\u00f1as o equipos de 1 a 4 personas. Se configura r\u00e1pida y f\u00e1cilmente en un escritorio de oficina o en una mesa de conferencias. El video HD y el audio n\u00edtido combinan alta calidad y alto valor.<\/p>\n<p>&nbsp;<\/p>\n<ul class=\"pangea-cmp tech-specs js-pangea-tech-specs\">\n<li class=\"specs-column\">\n<div class=\"specs-group\">\n<header class=\"specs-header\">\n<h3 class=\"specs-heading\">DIMENSIONES<\/h3>\n<\/header>\n<div class=\"specs-block\">\n<h4 class=\"specs-title\">Unidad principal<\/h4>\n<ul class=\"specs-description-list\">\n<li>Altura: 154 mm<\/li>\n<li>Ancho: 150 mm<\/li>\n<li>Profundidad: 104 mm<\/li>\n<li>Altura con extensor: 345 mm<\/li>\n<li>Peso: 568 g<\/li>\n<\/ul>\n<\/div>\n<\/div>\n<\/li>\n<li class=\"specs-column\">\n<div class=\"specs-group\">\n<header class=\"specs-header\">\n<h3 class=\"specs-heading\">REQUISITOS DEL SISTEMA<\/h3>\n<\/header>\n<div class=\"specs-block\">\n<div class=\"specs-description\">Windows 7,8.1,10<\/div>\n<\/div>\n<div class=\"specs-block\">\n<div class=\"specs-description\">macOS X 10.7 o posterior<\/div>\n<\/div>\n<\/div>\n<div><\/div>\n<\/li>\n<\/ul>\n<ul class=\"pangea-cmp tech-specs js-pangea-tech-specs\">\n<li class=\"specs-column\">\n<div class=\"specs-group\">\n<header class=\"specs-header\">\n<h3 class=\"specs-heading\">ESPECIFICACIONES T\u00c9CNICAS<\/h3>\n<\/header>\n<div class=\"specs-block\">\n<h4 class=\"specs-title\">C\u00e1mara<\/h4>\n<ul class=\"specs-description-list\">\n<li>Videoconferencia Full HD 1080p (hasta 1920 x 1080 p\u00edxeles); videoconferencia 720p HD (hasta 1280 x 720 p\u00edxeles) con clientes compatibles<\/li>\n<li>Campo visual\n<ul class=\"specs-description-list\">\n<li>Diagonal: 78\u00b0<\/li>\n<li>Horizontal: 70,42\u00b0<\/li>\n<li>Vertical: 43,3\u00b0<\/li>\n<\/ul>\n<\/li>\n<li>Zoom HD 1.2x<\/li>\n<li>Soporte extensor de 228\u00a0mm para elevar la c\u00e1mara\/colocarla a la altura de los ojos<\/li>\n<li>Tecnolog\u00eda Rightlight&#x2122; 2 para nitidez de imagen en distintas condiciones de iluminaci\u00f3n, incluso con luz escasa<\/li>\n<li>LED de c\u00e1mara para indicaci\u00f3n de streaming<\/li>\n<\/ul>\n<\/div>\n<div class=\"specs-block\">\n<h4 class=\"specs-title\">ALTAVOZ<\/h4>\n<ul class=\"specs-description-list\">\n<li>Sistema manos libres integrado con d\u00faplex completo y cancelaci\u00f3n de eco y ruido<\/li>\n<li>Controles para responder\/finalizar llamadas, volumen, silencio y movimiento de c\u00e1mara<\/li>\n<\/ul>\n<\/div>\n<div class=\"specs-block\">\n<h4 class=\"specs-title\">Micr\u00f3fonos (TX)<\/h4>\n<ul class=\"specs-description-list\">\n<li>Micr\u00f3fono omnidireccional con un radio de acci\u00f3n de 2,4 m de di\u00e1metro<\/li>\n<li>Respuesta de frecuencia: 200 Hz \u2013 8 kHz<\/li>\n<\/ul>\n<\/div>\n<div class=\"specs-block\">\n<h4 class=\"specs-title\">Altavoces (Rx)<\/h4>\n<ul class=\"specs-description-list\">\n<li>Respuesta de frecuencia: 220 Hz \u2013 20 kHz<\/li>\n<li>Salida m\u00e1x.: 80 dB SPL a 0,3 m<\/li>\n<\/ul>\n<\/div>\n<div class=\"specs-block\">\n<h4 class=\"specs-title\">Control remoto<\/h4>\n<ul class=\"specs-description-list\">\n<li>Radio de acci\u00f3n IR de 3 metros<\/li>\n<li>Bater\u00eda CR2032 (incluida)<\/li>\n<\/ul>\n<\/div>\n<div class=\"specs-block\">\n<h4 class=\"specs-title\">Cables\/Alimentaci\u00f3n<\/h4>\n<ul class=\"specs-description-list\">\n<li>Adaptador de alimentaci\u00f3n de CA<\/li>\n<li>Cable de alimentaci\u00f3n (2,4\u00a0m)<\/li>\n<li>Cable USB (2,4\u00a0m)<\/li>\n<\/ul>\n<\/div>\n<div class=\"specs-block\">\n<h4 class=\"specs-title\">PIEZA DE MONTAJE<\/h4>\n<ul class=\"specs-description-list\">\n<li>Dise\u00f1o para uso sobre el escritorio<\/li>\n<\/ul>\n<\/div>\n<div class=\"specs-block\">\n<h4 class=\"specs-title\">COMPATIBILIDAD Y CERTIFICACIONES<\/h4>\n<ul class=\"specs-description-list\">\n<li>Conexi\u00f3n USB Plug and Play<\/li>\n<li>Con certificaci\u00f3n para Skype for Business y compatible con Teams<\/li>\n<li>Con certificaci\u00f3n para Zoom<\/li>\n<li>Con certificaci\u00f3n para Fuze<\/li>\n<li>Compatible con Google Meet&#x2122;<\/li>\n<li>Compatible con Cisco Jabber\u00ae y WebEX<\/li>\n<li>Compatible con BlueJeans, BroadSoft, GoToMeeting, Vidyo y otras aplicaciones de videoconferencia, grabaci\u00f3n y difusi\u00f3n utilizables con c\u00e1maras USB<\/li>\n<\/ul>\n<\/div>\n<\/div>\n<p>&nbsp;<\/li>\n<\/ul>\n<ul class=\"pangea-cmp tech-specs js-pangea-tech-specs\">\n<li class=\"specs-column\">\n<div class=\"specs-group\">\n<header class=\"specs-header\">\n<h3 class=\"specs-heading\">CONTENIDO DE LA CAJA<\/h3>\n<\/header>\n<div class=\"specs-block\">\n<ul class=\"specs-description-list\">\n<li>Base de BCC950 ConferenceCam y cable USB conectado<\/li>\n<li>Soporte extensor de c\u00e1mara<\/li>\n<li>Cuerpo de c\u00e1mara Web<\/li>\n<li>Cable de alimentaci\u00f3n<\/li>\n<li>Gu\u00eda de inicio r\u00e1pido<\/li>\n<li>Remoto<\/li>\n<\/ul>\n<\/div>\n<\/div>\n<\/li>\n<li class=\"specs-column\">\n<div class=\"specs-group\">\n<header class=\"specs-header\">\n<h3 class=\"specs-heading\">INFORMACI\u00d3N DE GARANT\u00cdA<\/h3>\n<\/header>\n<div class=\"specs-block\">\n<div class=\"specs-description\">Dos a\u00f1os de garant\u00eda de hardware limitada<\/div>\n<\/div>\n<\/div>\n<\/li>\n<li class=\"specs-column\">\n<div class=\"specs-group\">\n<header class=\"specs-header\">\n<h3 class=\"specs-heading\">N\u00daMERO DE REFERENCIA<\/h3>\n<\/header>\n<div class=\"specs-block\">\n<ul class=\"specs-description-list\">\n<li>960-000866<\/li>\n<\/ul>\n<p>&nbsp;<\/p>\n<p>Ll\u00e1manos al (55) 3342 8218 o d\u00e9janos tus datos <a href=\"https:\/\/explotumarca.com\/?page_id=14\">aqu\u00ed<\/a><\/p>\n<\/div>\n<\/div>\n<\/li>\n<\/ul>\n","protected":false},"excerpt":{"rendered":"<p>BCC950 Soluci\u00f3n de videoconferencia para oficinas privadas, oficinas en casa y cualquier espacio de trabajo privado y peque\u00f1o. &nbsp; GRAN VALOR PARA PEQUE\u00d1OS EQUIPOS Los equipos peque\u00f1os pueden realizar sus propias videoconferencias en cualquier momento [&hellip;]<\/p>\n","protected":false},"featured_media":5577,"template":"","meta":{"content-type":""},"product_cat":[95],"product_tag":[],"class_list":{"0":"post-5585","1":"product","2":"type-product","3":"status-publish","4":"has-post-thumbnail","6":"product_cat-camaras-para-conferencias","8":"first","9":"instock","10":"taxable","11":"shipping-taxable","12":"product-type-simple"},"yoast_head":"<!-- This site is optimized with the Yoast SEO Premium plugin v18.8 (Yoast SEO v26.8) - https:\/\/yoast.com\/product\/yoast-seo-premium-wordpress\/ -->\n<title>Zoom videollamadas; venta de equipos especiales para zoom<\/title>\n<meta name=\"description\" content=\"Venta de equipos, salas, mantenimiento y capacitaci\u00f3n de zoom videollamadas para Empresas en M\u00e9xico. Cotiza los mejores equipos 2020.\" \/>\n<meta name=\"robots\" content=\"index, follow, max-snippet:-1, max-image-preview:large, max-video-preview:-1\" \/>\n<link rel=\"canonical\" href=\"https:\/\/explotumarca.com\/?product=bcc950\" \/>\n<meta property=\"og:locale\" content=\"es_MX\" \/>\n<meta property=\"og:type\" content=\"article\" \/>\n<meta property=\"og:title\" content=\"BCC950\" \/>\n<meta property=\"og:description\" content=\"BCC950 Soluci\u00f3n de videoconferencia para oficinas privadas, oficinas en casa y cualquier espacio de trabajo privado y peque\u00f1o. &nbsp; GRAN VALOR PARA\" \/>\n<meta property=\"og:url\" content=\"https:\/\/explotumarca.com\/?product=bcc950\" \/>\n<meta property=\"og:site_name\" content=\"Explo\" \/>\n<meta property=\"article:publisher\" content=\"https:\/\/www.facebook.com\/MexicoExplo\/\" \/>\n<meta property=\"article:modified_time\" content=\"2022-04-11T21:34:25+00:00\" \/>\n<meta property=\"og:image\" content=\"https:\/\/explotumarca.com\/wp-content\/uploads\/2020\/07\/BBC950-Logitech-camara-videoconferencia-Explo-Explotumarca-5.jpg\" \/>\n\t<meta property=\"og:image:width\" content=\"450\" \/>\n\t<meta property=\"og:image:height\" content=\"450\" \/>\n\t<meta property=\"og:image:type\" content=\"image\/jpeg\" \/>\n<meta name=\"twitter:card\" content=\"summary_large_image\" \/>\n<meta name=\"twitter:label1\" content=\"Tiempo de lectura\" \/>\n\t<meta name=\"twitter:data1\" content=\"2 minutos\" \/>\n<script type=\"application\/ld+json\" class=\"yoast-schema-graph\">{\"@context\":\"https:\/\/schema.org\",\"@graph\":[{\"@type\":\"WebPage\",\"@id\":\"https:\/\/explotumarca.com\/?product=bcc950\",\"url\":\"https:\/\/explotumarca.com\/?product=bcc950\",\"name\":\"Zoom videollamadas; venta de equipos especiales para zoom\",\"isPartOf\":{\"@id\":\"https:\/\/explotumarca.com\/#website\"},\"primaryImageOfPage\":{\"@id\":\"https:\/\/explotumarca.com\/?product=bcc950#primaryimage\"},\"image\":{\"@id\":\"https:\/\/explotumarca.com\/?product=bcc950#primaryimage\"},\"thumbnailUrl\":\"https:\/\/explotumarca.com\/wp-content\/uploads\/2020\/07\/BBC950-Logitech-camara-videoconferencia-Explo-Explotumarca-5.jpg\",\"datePublished\":\"2022-03-18T03:29:40+00:00\",\"dateModified\":\"2022-04-11T21:34:25+00:00\",\"description\":\"Venta de equipos, salas, mantenimiento y capacitaci\u00f3n de zoom videollamadas para Empresas en M\u00e9xico. Cotiza los mejores equipos 2020.\",\"breadcrumb\":{\"@id\":\"https:\/\/explotumarca.com\/?product=bcc950#breadcrumb\"},\"inLanguage\":\"es\",\"potentialAction\":[{\"@type\":\"ReadAction\",\"target\":[\"https:\/\/explotumarca.com\/?product=bcc950\"]}]},{\"@type\":\"ImageObject\",\"inLanguage\":\"es\",\"@id\":\"https:\/\/explotumarca.com\/?product=bcc950#primaryimage\",\"url\":\"https:\/\/explotumarca.com\/wp-content\/uploads\/2020\/07\/BBC950-Logitech-camara-videoconferencia-Explo-Explotumarca-5.jpg\",\"contentUrl\":\"https:\/\/explotumarca.com\/wp-content\/uploads\/2020\/07\/BBC950-Logitech-camara-videoconferencia-Explo-Explotumarca-5.jpg\",\"width\":450,\"height\":450,\"caption\":\"BBC950 Logitech camara videoconferencia Explo Explotumarca\"},{\"@type\":\"BreadcrumbList\",\"@id\":\"https:\/\/explotumarca.com\/?product=bcc950#breadcrumb\",\"itemListElement\":[{\"@type\":\"ListItem\",\"position\":1,\"name\":\"Inicio\",\"item\":\"https:\/\/explotumarca.com\/\"},{\"@type\":\"ListItem\",\"position\":2,\"name\":\"Productos\",\"item\":\"https:\/\/explotumarca.com\/?post_type=product\"},{\"@type\":\"ListItem\",\"position\":3,\"name\":\"BCC950\"}]},{\"@type\":\"WebSite\",\"@id\":\"https:\/\/explotumarca.com\/#website\",\"url\":\"https:\/\/explotumarca.com\/\",\"name\":\"Explo\",\"description\":\"Productos y servicios corporativos\",\"publisher\":{\"@id\":\"https:\/\/explotumarca.com\/#organization\"},\"potentialAction\":[{\"@type\":\"SearchAction\",\"target\":{\"@type\":\"EntryPoint\",\"urlTemplate\":\"https:\/\/explotumarca.com\/?s={search_term_string}\"},\"query-input\":{\"@type\":\"PropertyValueSpecification\",\"valueRequired\":true,\"valueName\":\"search_term_string\"}}],\"inLanguage\":\"es\"},{\"@type\":\"Organization\",\"@id\":\"https:\/\/explotumarca.com\/#organization\",\"name\":\"Explo\",\"url\":\"https:\/\/explotumarca.com\/\",\"logo\":{\"@type\":\"ImageObject\",\"inLanguage\":\"es\",\"@id\":\"https:\/\/explotumarca.com\/#\/schema\/logo\/image\/\",\"url\":\"http:\/\/arsnovamx.com\/explotumarca.com\/wp-content\/uploads\/2020\/10\/Nuevo-Logo-Explo-2020.jpg\",\"contentUrl\":\"http:\/\/arsnovamx.com\/explotumarca.com\/wp-content\/uploads\/2020\/10\/Nuevo-Logo-Explo-2020.jpg\",\"width\":800,\"height\":334,\"caption\":\"Explo\"},\"image\":{\"@id\":\"https:\/\/explotumarca.com\/#\/schema\/logo\/image\/\"},\"sameAs\":[\"https:\/\/www.facebook.com\/MexicoExplo\/\"]}]}<\/script>\n<!-- \/ Yoast SEO Premium plugin. -->","yoast_head_json":{"title":"Zoom videollamadas; venta de equipos especiales para zoom","description":"Venta de equipos, salas, mantenimiento y capacitaci\u00f3n de zoom videollamadas para Empresas en M\u00e9xico. Cotiza los mejores equipos 2020.","robots":{"index":"index","follow":"follow","max-snippet":"max-snippet:-1","max-image-preview":"max-image-preview:large","max-video-preview":"max-video-preview:-1"},"canonical":"https:\/\/explotumarca.com\/?product=bcc950","og_locale":"es_MX","og_type":"article","og_title":"BCC950","og_description":"BCC950 Soluci\u00f3n de videoconferencia para oficinas privadas, oficinas en casa y cualquier espacio de trabajo privado y peque\u00f1o. &nbsp; GRAN VALOR PARA","og_url":"https:\/\/explotumarca.com\/?product=bcc950","og_site_name":"Explo","article_publisher":"https:\/\/www.facebook.com\/MexicoExplo\/","article_modified_time":"2022-04-11T21:34:25+00:00","og_image":[{"width":450,"height":450,"url":"https:\/\/explotumarca.com\/wp-content\/uploads\/2020\/07\/BBC950-Logitech-camara-videoconferencia-Explo-Explotumarca-5.jpg","type":"image\/jpeg"}],"twitter_card":"summary_large_image","twitter_misc":{"Tiempo de lectura":"2 minutos"},"schema":{"@context":"https:\/\/schema.org","@graph":[{"@type":"WebPage","@id":"https:\/\/explotumarca.com\/?product=bcc950","url":"https:\/\/explotumarca.com\/?product=bcc950","name":"Zoom videollamadas; venta de equipos especiales para zoom","isPartOf":{"@id":"https:\/\/explotumarca.com\/#website"},"primaryImageOfPage":{"@id":"https:\/\/explotumarca.com\/?product=bcc950#primaryimage"},"image":{"@id":"https:\/\/explotumarca.com\/?product=bcc950#primaryimage"},"thumbnailUrl":"https:\/\/explotumarca.com\/wp-content\/uploads\/2020\/07\/BBC950-Logitech-camara-videoconferencia-Explo-Explotumarca-5.jpg","datePublished":"2022-03-18T03:29:40+00:00","dateModified":"2022-04-11T21:34:25+00:00","description":"Venta de equipos, salas, mantenimiento y capacitaci\u00f3n de zoom videollamadas para Empresas en M\u00e9xico. Cotiza los mejores equipos 2020.","breadcrumb":{"@id":"https:\/\/explotumarca.com\/?product=bcc950#breadcrumb"},"inLanguage":"es","potentialAction":[{"@type":"ReadAction","target":["https:\/\/explotumarca.com\/?product=bcc950"]}]},{"@type":"ImageObject","inLanguage":"es","@id":"https:\/\/explotumarca.com\/?product=bcc950#primaryimage","url":"https:\/\/explotumarca.com\/wp-content\/uploads\/2020\/07\/BBC950-Logitech-camara-videoconferencia-Explo-Explotumarca-5.jpg","contentUrl":"https:\/\/explotumarca.com\/wp-content\/uploads\/2020\/07\/BBC950-Logitech-camara-videoconferencia-Explo-Explotumarca-5.jpg","width":450,"height":450,"caption":"BBC950 Logitech camara videoconferencia Explo Explotumarca"},{"@type":"BreadcrumbList","@id":"https:\/\/explotumarca.com\/?product=bcc950#breadcrumb","itemListElement":[{"@type":"ListItem","position":1,"name":"Inicio","item":"https:\/\/explotumarca.com\/"},{"@type":"ListItem","position":2,"name":"Productos","item":"https:\/\/explotumarca.com\/?post_type=product"},{"@type":"ListItem","position":3,"name":"BCC950"}]},{"@type":"WebSite","@id":"https:\/\/explotumarca.com\/#website","url":"https:\/\/explotumarca.com\/","name":"Explo","description":"Productos y servicios corporativos","publisher":{"@id":"https:\/\/explotumarca.com\/#organization"},"potentialAction":[{"@type":"SearchAction","target":{"@type":"EntryPoint","urlTemplate":"https:\/\/explotumarca.com\/?s={search_term_string}"},"query-input":{"@type":"PropertyValueSpecification","valueRequired":true,"valueName":"search_term_string"}}],"inLanguage":"es"},{"@type":"Organization","@id":"https:\/\/explotumarca.com\/#organization","name":"Explo","url":"https:\/\/explotumarca.com\/","logo":{"@type":"ImageObject","inLanguage":"es","@id":"https:\/\/explotumarca.com\/#\/schema\/logo\/image\/","url":"http:\/\/arsnovamx.com\/explotumarca.com\/wp-content\/uploads\/2020\/10\/Nuevo-Logo-Explo-2020.jpg","contentUrl":"http:\/\/arsnovamx.com\/explotumarca.com\/wp-content\/uploads\/2020\/10\/Nuevo-Logo-Explo-2020.jpg","width":800,"height":334,"caption":"Explo"},"image":{"@id":"https:\/\/explotumarca.com\/#\/schema\/logo\/image\/"},"sameAs":["https:\/\/www.facebook.com\/MexicoExplo\/"]}]}},"_links":{"self":[{"href":"https:\/\/explotumarca.com\/index.php?rest_route=\/wp\/v2\/product\/5585","targetHints":{"allow":["GET"]}}],"collection":[{"href":"https:\/\/explotumarca.com\/index.php?rest_route=\/wp\/v2\/product"}],"about":[{"href":"https:\/\/explotumarca.com\/index.php?rest_route=\/wp\/v2\/types\/product"}],"wp:featuredmedia":[{"embeddable":true,"href":"https:\/\/explotumarca.com\/index.php?rest_route=\/wp\/v2\/media\/5577"}],"wp:attachment":[{"href":"https:\/\/explotumarca.com\/index.php?rest_route=%2Fwp%2Fv2%2Fmedia&parent=5585"}],"wp:term":[{"taxonomy":"product_cat","embeddable":true,"href":"https:\/\/explotumarca.com\/index.php?rest_route=%2Fwp%2Fv2%2Fproduct_cat&post=5585"},{"taxonomy":"product_tag","embeddable":true,"href":"https:\/\/explotumarca.com\/index.php?rest_route=%2Fwp%2Fv2%2Fproduct_tag&post=5585"}],"curies":[{"name":"wp","href":"https:\/\/api.w.org\/{rel}","templated":true}]}}