{"id":5598,"date":"2022-03-22T20:28:10","date_gmt":"2022-03-23T02:28:10","guid":{"rendered":"https:\/\/explotumarca.com\/?post_type=product&#038;p=5598"},"modified":"2022-04-11T11:02:27","modified_gmt":"2022-04-11T16:02:27","slug":"rally-bar-copia","status":"publish","type":"product","link":"https:\/\/explotumarca.com\/?product=rally-bar-copia","title":{"rendered":"SOLUCIONES PARA SALAS DE REUNIONES PARA MICROSOFT TEAMS"},"content":{"rendered":"<div id=\"text_editable-i53cf2ad8d9b82d2a6b797d3530063088\" class=\"pangea-cmp body-copy js-pangea-body-copy aem-margin-options font-size-normal font-brown-light dc-black tc-black mc-black\" data-align-desktop=\"center\" data-align-tablet=\"center\" data-align-mobile=\"center\">\n<div class=\"aem-content-ctn no-container\">\n<div id=\"text_editable-i53cf2ad8d9b82d2a6b797d3530063088-padding-options\" class=\"aem-padding-options dpls dprs\">\n<div class=\"content-ctn rte-field text-width-normal\">\n<h2 class=\"body-copy-title font-title-l font-brown-bold \">SOLUCIONES PARA SALAS DE REUNIONES PARA MICROSOFT TEAMS<\/h2>\n<\/div>\n<\/div>\n<\/div>\n<\/div>\n<div id=\"text_editable_copy-i6be16f8d16cf62591eaeaf65586e6dcf\" class=\"pangea-cmp body-copy js-pangea-body-copy aem-margin-options font-size-normal font-brown-light dc-kohle tc-kohle mc-kohle\" data-align-desktop=\"center\" data-align-tablet=\"center\" data-align-mobile=\"center\">\n<div class=\"aem-content-ctn no-container\">\n<div id=\"text_editable_copy-i6be16f8d16cf62591eaeaf65586e6dcf-padding-options\" class=\"aem-padding-options dpls dprs tpls tprs\">\n<div class=\"content-ctn rte-field text-width-normal\">\n<p>Sistemas de videoconferencia para salas peque\u00f1as, medianas y grandes preconfigurados para salas de Microsoft Teams<sup>\u00ae<\/sup> Rooms en Windows<sup>\u00ae<\/sup>.<\/p>\n<\/div>\n<\/div>\n<\/div>\n<\/div>\n<p>&nbsp;<\/p>\n<h2 class=\"body-copy-title font-title-l font-brown-bold \">DISE\u00d1A TUS TEAMS ROOMS<\/h2>\n<p>Implementa reuniones de video f\u00e1cilmente con las soluciones para salas de Logitech para Teams Rooms en configuraciones de salas peque\u00f1as, medianas y grandes. Estos sistemas preconfigurados incluyen piezas de montaje para mini PC y PC con retenci\u00f3n de cables para garantizar una configuraci\u00f3n r\u00e1pida y sencilla.<\/p>\n<p>&nbsp;<\/p>\n<h2 class=\"body-copy-title font-title-l font-brown-bold \">SOLUCIONES PARA CADA SALA<\/h2>\n<p>Es f\u00e1cil implementar Salas de Teams en toda la empresa. Elige una configuraci\u00f3n peque\u00f1a, mediana o grande para cada una de tus salas, agrega luego accesorios para adaptarlo todo a tu espacio.<\/p>\n<p>&nbsp;<\/p>\n<div class=\"grid\">\n<div class=\"banner-copy-ctn-inner js-banner-copy-ctn-inner\">\n<h2 class=\"font-title-l js-title\">OPCIONES DE MONTAJE FLEXIBLES<\/h2>\n<\/div>\n<\/div>\n<div class=\"banner-extra-content below\">\n<div class=\"parsys-ctn\">\n<div id=\"text_editable-icaef6f4da45bf2b632e65194f406ab18\" class=\"pangea-cmp body-copy js-pangea-body-copy aem-margin-options font-size-normal font-brown-light dc-kohle tc-kohle mc-kohle\" data-align-desktop=\"center\" data-align-tablet=\"center\" data-align-mobile=\"center\">\n<div class=\"aem-content-ctn no-container\">\n<div id=\"text_editable-icaef6f4da45bf2b632e65194f406ab18-padding-options\" class=\"aem-padding-options dplm dprm\">\n<div class=\"content-ctn rte-field text-width-normal\">\n<p>Aprovecha las numerosas opciones de montaje para implementar a escala tus soluciones de videoconferencias.<\/p>\n<p>&nbsp;<\/p>\n<\/div>\n<div id=\"text_editable_copy_259467978-i2235951d832332e5637274a0c0b5dcaf\" class=\"pangea-cmp body-copy js-pangea-body-copy aem-margin-options font-size-normal font-brown-light dc-kohle tc-kohle mc-kohle\" data-align-desktop=\"center\" data-align-tablet=\"center\" data-align-mobile=\"center\">\n<div class=\"aem-content-ctn container\">\n<div id=\"text_editable_copy_259467978-i2235951d832332e5637274a0c0b5dcaf-padding-options\" class=\"aem-padding-options \">\n<div class=\"content-ctn rte-field text-width-normal\">\n<h2 class=\"body-copy-title font-title-l font-brown-bold \">EXTIENDE TU GARANT\u00cdA <span class=\"color-lila\">HASTA 5 A\u00d1OS<\/span><\/h2>\n<\/div>\n<\/div>\n<\/div>\n<\/div>\n<div id=\"text_editable_copy-i9121506250f143802c871f73d4103d08\" class=\"pangea-cmp body-copy js-pangea-body-copy aem-margin-options font-size-normal font-brown-light dc-kohle tc-kohle mc-kohle\" data-align-desktop=\"center\" data-align-tablet=\"center\" data-align-mobile=\"center\">\n<div class=\"aem-content-ctn container\">\n<div id=\"text_editable_copy-i9121506250f143802c871f73d4103d08-padding-options\" class=\"aem-padding-options dpll dprl tplm tprm\">\n<div class=\"content-ctn rte-field text-width-normal\">\n<p>Con la compra de una garant\u00eda extendida<a class=\"note note-tooltip js-note-tooltip pangea-inited\"><sup aria-label=\"footnote 1\">1<\/sup><span class=\"visually-hidden js-tooltip-descriptor\" aria-hidden=\"true\">Se aplican t\u00e9rminos y condiciones. No est\u00e1 disponible en todos los pa\u00edses. Ponte en contacto con tu canal.<\/span><\/a> tendr\u00e1s la seguridad y tranquilidad que necesitas al saber que tus sistemas y dispositivos para salas de video colaboraci\u00f3n de Logitech estar\u00e1n protegidos contra todo tipo de defectos por hasta cinco a\u00f1os desde la fecha de compra. Hay disponibilidad de garant\u00edas extendidas por un a\u00f1o o tres a\u00f1os posteriores a la garant\u00eda original de f\u00e1brica de Logitech de dos a\u00f1os.<\/p>\n<\/div>\n<\/div>\n<\/div>\n<\/div>\n<\/div>\n<\/div>\n<\/div>\n<\/div>\n<\/div>\n","protected":false},"excerpt":{"rendered":"<p>SOLUCIONES PARA SALAS DE REUNIONES PARA MICROSOFT TEAMS Sistemas de videoconferencia para salas peque\u00f1as, medianas y grandes preconfigurados para salas de Microsoft Teams\u00ae Rooms en Windows\u00ae. &nbsp; DISE\u00d1A TUS TEAMS ROOMS Implementa reuniones de video [&hellip;]<\/p>\n","protected":false},"featured_media":5602,"template":"","meta":{"content-type":""},"product_cat":[96],"product_tag":[],"class_list":{"0":"post-5598","1":"product","2":"type-product","3":"status-publish","4":"has-post-thumbnail","6":"product_cat-soluciones-para-salas","8":"first","9":"instock","10":"taxable","11":"shipping-taxable","12":"product-type-simple"},"yoast_head":"<!-- This site is optimized with the Yoast SEO Premium plugin v18.8 (Yoast SEO v26.8) - https:\/\/yoast.com\/product\/yoast-seo-premium-wordpress\/ -->\n<title>Zoom videollamadas; venta de equipos especiales para zoom<\/title>\n<meta name=\"description\" content=\"Venta de equipos, salas, mantenimiento y capacitaci\u00f3n de zoom videollamadas para Empresas en M\u00e9xico. Cotiza los mejores equipos 2020.\" \/>\n<meta name=\"robots\" content=\"index, follow, max-snippet:-1, max-image-preview:large, max-video-preview:-1\" \/>\n<link rel=\"canonical\" href=\"https:\/\/explotumarca.com\/?product=rally-bar-copia\" \/>\n<meta property=\"og:locale\" content=\"es_MX\" \/>\n<meta property=\"og:type\" content=\"article\" \/>\n<meta property=\"og:title\" content=\"SOLUCIONES PARA SALAS DE REUNIONES PARA MICROSOFT TEAMS\" \/>\n<meta property=\"og:description\" content=\"SOLUCIONES PARA SALAS DE REUNIONES PARA MICROSOFT TEAMS Sistemas de videoconferencia para salas peque\u00f1as, medianas y grandes preconfigurados para salas de\" \/>\n<meta property=\"og:url\" content=\"https:\/\/explotumarca.com\/?product=rally-bar-copia\" \/>\n<meta property=\"og:site_name\" content=\"Explo\" \/>\n<meta property=\"article:publisher\" content=\"https:\/\/www.facebook.com\/MexicoExplo\/\" \/>\n<meta property=\"article:modified_time\" content=\"2022-04-11T16:02:27+00:00\" \/>\n<meta property=\"og:image\" content=\"https:\/\/explotumarca.com\/wp-content\/uploads\/2022\/03\/SOLUCIONES-PARA-SALAS-DE-REUNIONES-PARA-MICROSOFT-TEAMS-LOGITECH-VIDEO-CONFERENCIA-CAMARA-EXPLO-EXPLOTUMARCA-5.jpg\" \/>\n\t<meta property=\"og:image:width\" content=\"450\" \/>\n\t<meta property=\"og:image:height\" content=\"450\" \/>\n\t<meta property=\"og:image:type\" content=\"image\/jpeg\" \/>\n<meta name=\"twitter:card\" content=\"summary_large_image\" \/>\n<meta name=\"twitter:label1\" content=\"Tiempo de lectura\" \/>\n\t<meta name=\"twitter:data1\" content=\"2 minutos\" \/>\n<script type=\"application\/ld+json\" class=\"yoast-schema-graph\">{\"@context\":\"https:\/\/schema.org\",\"@graph\":[{\"@type\":\"WebPage\",\"@id\":\"https:\/\/explotumarca.com\/?product=rally-bar-copia\",\"url\":\"https:\/\/explotumarca.com\/?product=rally-bar-copia\",\"name\":\"Zoom videollamadas; venta de equipos especiales para zoom\",\"isPartOf\":{\"@id\":\"https:\/\/explotumarca.com\/#website\"},\"primaryImageOfPage\":{\"@id\":\"https:\/\/explotumarca.com\/?product=rally-bar-copia#primaryimage\"},\"image\":{\"@id\":\"https:\/\/explotumarca.com\/?product=rally-bar-copia#primaryimage\"},\"thumbnailUrl\":\"https:\/\/explotumarca.com\/wp-content\/uploads\/2022\/03\/SOLUCIONES-PARA-SALAS-DE-REUNIONES-PARA-MICROSOFT-TEAMS-LOGITECH-VIDEO-CONFERENCIA-CAMARA-EXPLO-EXPLOTUMARCA-5.jpg\",\"datePublished\":\"2022-03-23T02:28:10+00:00\",\"dateModified\":\"2022-04-11T16:02:27+00:00\",\"description\":\"Venta de equipos, salas, mantenimiento y capacitaci\u00f3n de zoom videollamadas para Empresas en M\u00e9xico. Cotiza los mejores equipos 2020.\",\"breadcrumb\":{\"@id\":\"https:\/\/explotumarca.com\/?product=rally-bar-copia#breadcrumb\"},\"inLanguage\":\"es\",\"potentialAction\":[{\"@type\":\"ReadAction\",\"target\":[\"https:\/\/explotumarca.com\/?product=rally-bar-copia\"]}]},{\"@type\":\"ImageObject\",\"inLanguage\":\"es\",\"@id\":\"https:\/\/explotumarca.com\/?product=rally-bar-copia#primaryimage\",\"url\":\"https:\/\/explotumarca.com\/wp-content\/uploads\/2022\/03\/SOLUCIONES-PARA-SALAS-DE-REUNIONES-PARA-MICROSOFT-TEAMS-LOGITECH-VIDEO-CONFERENCIA-CAMARA-EXPLO-EXPLOTUMARCA-5.jpg\",\"contentUrl\":\"https:\/\/explotumarca.com\/wp-content\/uploads\/2022\/03\/SOLUCIONES-PARA-SALAS-DE-REUNIONES-PARA-MICROSOFT-TEAMS-LOGITECH-VIDEO-CONFERENCIA-CAMARA-EXPLO-EXPLOTUMARCA-5.jpg\",\"width\":450,\"height\":450,\"caption\":\"SOLUCIONES PARA SALAS DE REUNIONES PARA MICROSOFT TEAMS LOGITECH VIDEO CONFERENCIA CAMARA EXPLO EXPLOTUMARCA\"},{\"@type\":\"BreadcrumbList\",\"@id\":\"https:\/\/explotumarca.com\/?product=rally-bar-copia#breadcrumb\",\"itemListElement\":[{\"@type\":\"ListItem\",\"position\":1,\"name\":\"Inicio\",\"item\":\"https:\/\/explotumarca.com\/\"},{\"@type\":\"ListItem\",\"position\":2,\"name\":\"Productos\",\"item\":\"https:\/\/explotumarca.com\/?post_type=product\"},{\"@type\":\"ListItem\",\"position\":3,\"name\":\"SOLUCIONES PARA SALAS DE REUNIONES PARA MICROSOFT TEAMS\"}]},{\"@type\":\"WebSite\",\"@id\":\"https:\/\/explotumarca.com\/#website\",\"url\":\"https:\/\/explotumarca.com\/\",\"name\":\"Explo\",\"description\":\"Productos y servicios corporativos\",\"publisher\":{\"@id\":\"https:\/\/explotumarca.com\/#organization\"},\"potentialAction\":[{\"@type\":\"SearchAction\",\"target\":{\"@type\":\"EntryPoint\",\"urlTemplate\":\"https:\/\/explotumarca.com\/?s={search_term_string}\"},\"query-input\":{\"@type\":\"PropertyValueSpecification\",\"valueRequired\":true,\"valueName\":\"search_term_string\"}}],\"inLanguage\":\"es\"},{\"@type\":\"Organization\",\"@id\":\"https:\/\/explotumarca.com\/#organization\",\"name\":\"Explo\",\"url\":\"https:\/\/explotumarca.com\/\",\"logo\":{\"@type\":\"ImageObject\",\"inLanguage\":\"es\",\"@id\":\"https:\/\/explotumarca.com\/#\/schema\/logo\/image\/\",\"url\":\"http:\/\/arsnovamx.com\/explotumarca.com\/wp-content\/uploads\/2020\/10\/Nuevo-Logo-Explo-2020.jpg\",\"contentUrl\":\"http:\/\/arsnovamx.com\/explotumarca.com\/wp-content\/uploads\/2020\/10\/Nuevo-Logo-Explo-2020.jpg\",\"width\":800,\"height\":334,\"caption\":\"Explo\"},\"image\":{\"@id\":\"https:\/\/explotumarca.com\/#\/schema\/logo\/image\/\"},\"sameAs\":[\"https:\/\/www.facebook.com\/MexicoExplo\/\"]}]}<\/script>\n<!-- \/ Yoast SEO Premium plugin. -->","yoast_head_json":{"title":"Zoom videollamadas; venta de equipos especiales para zoom","description":"Venta de equipos, salas, mantenimiento y capacitaci\u00f3n de zoom videollamadas para Empresas en M\u00e9xico. Cotiza los mejores equipos 2020.","robots":{"index":"index","follow":"follow","max-snippet":"max-snippet:-1","max-image-preview":"max-image-preview:large","max-video-preview":"max-video-preview:-1"},"canonical":"https:\/\/explotumarca.com\/?product=rally-bar-copia","og_locale":"es_MX","og_type":"article","og_title":"SOLUCIONES PARA SALAS DE REUNIONES PARA MICROSOFT TEAMS","og_description":"SOLUCIONES PARA SALAS DE REUNIONES PARA MICROSOFT TEAMS Sistemas de videoconferencia para salas peque\u00f1as, medianas y grandes preconfigurados para salas de","og_url":"https:\/\/explotumarca.com\/?product=rally-bar-copia","og_site_name":"Explo","article_publisher":"https:\/\/www.facebook.com\/MexicoExplo\/","article_modified_time":"2022-04-11T16:02:27+00:00","og_image":[{"width":450,"height":450,"url":"https:\/\/explotumarca.com\/wp-content\/uploads\/2022\/03\/SOLUCIONES-PARA-SALAS-DE-REUNIONES-PARA-MICROSOFT-TEAMS-LOGITECH-VIDEO-CONFERENCIA-CAMARA-EXPLO-EXPLOTUMARCA-5.jpg","type":"image\/jpeg"}],"twitter_card":"summary_large_image","twitter_misc":{"Tiempo de lectura":"2 minutos"},"schema":{"@context":"https:\/\/schema.org","@graph":[{"@type":"WebPage","@id":"https:\/\/explotumarca.com\/?product=rally-bar-copia","url":"https:\/\/explotumarca.com\/?product=rally-bar-copia","name":"Zoom videollamadas; venta de equipos especiales para zoom","isPartOf":{"@id":"https:\/\/explotumarca.com\/#website"},"primaryImageOfPage":{"@id":"https:\/\/explotumarca.com\/?product=rally-bar-copia#primaryimage"},"image":{"@id":"https:\/\/explotumarca.com\/?product=rally-bar-copia#primaryimage"},"thumbnailUrl":"https:\/\/explotumarca.com\/wp-content\/uploads\/2022\/03\/SOLUCIONES-PARA-SALAS-DE-REUNIONES-PARA-MICROSOFT-TEAMS-LOGITECH-VIDEO-CONFERENCIA-CAMARA-EXPLO-EXPLOTUMARCA-5.jpg","datePublished":"2022-03-23T02:28:10+00:00","dateModified":"2022-04-11T16:02:27+00:00","description":"Venta de equipos, salas, mantenimiento y capacitaci\u00f3n de zoom videollamadas para Empresas en M\u00e9xico. Cotiza los mejores equipos 2020.","breadcrumb":{"@id":"https:\/\/explotumarca.com\/?product=rally-bar-copia#breadcrumb"},"inLanguage":"es","potentialAction":[{"@type":"ReadAction","target":["https:\/\/explotumarca.com\/?product=rally-bar-copia"]}]},{"@type":"ImageObject","inLanguage":"es","@id":"https:\/\/explotumarca.com\/?product=rally-bar-copia#primaryimage","url":"https:\/\/explotumarca.com\/wp-content\/uploads\/2022\/03\/SOLUCIONES-PARA-SALAS-DE-REUNIONES-PARA-MICROSOFT-TEAMS-LOGITECH-VIDEO-CONFERENCIA-CAMARA-EXPLO-EXPLOTUMARCA-5.jpg","contentUrl":"https:\/\/explotumarca.com\/wp-content\/uploads\/2022\/03\/SOLUCIONES-PARA-SALAS-DE-REUNIONES-PARA-MICROSOFT-TEAMS-LOGITECH-VIDEO-CONFERENCIA-CAMARA-EXPLO-EXPLOTUMARCA-5.jpg","width":450,"height":450,"caption":"SOLUCIONES PARA SALAS DE REUNIONES PARA MICROSOFT TEAMS LOGITECH VIDEO CONFERENCIA CAMARA EXPLO EXPLOTUMARCA"},{"@type":"BreadcrumbList","@id":"https:\/\/explotumarca.com\/?product=rally-bar-copia#breadcrumb","itemListElement":[{"@type":"ListItem","position":1,"name":"Inicio","item":"https:\/\/explotumarca.com\/"},{"@type":"ListItem","position":2,"name":"Productos","item":"https:\/\/explotumarca.com\/?post_type=product"},{"@type":"ListItem","position":3,"name":"SOLUCIONES PARA SALAS DE REUNIONES PARA MICROSOFT TEAMS"}]},{"@type":"WebSite","@id":"https:\/\/explotumarca.com\/#website","url":"https:\/\/explotumarca.com\/","name":"Explo","description":"Productos y servicios corporativos","publisher":{"@id":"https:\/\/explotumarca.com\/#organization"},"potentialAction":[{"@type":"SearchAction","target":{"@type":"EntryPoint","urlTemplate":"https:\/\/explotumarca.com\/?s={search_term_string}"},"query-input":{"@type":"PropertyValueSpecification","valueRequired":true,"valueName":"search_term_string"}}],"inLanguage":"es"},{"@type":"Organization","@id":"https:\/\/explotumarca.com\/#organization","name":"Explo","url":"https:\/\/explotumarca.com\/","logo":{"@type":"ImageObject","inLanguage":"es","@id":"https:\/\/explotumarca.com\/#\/schema\/logo\/image\/","url":"http:\/\/arsnovamx.com\/explotumarca.com\/wp-content\/uploads\/2020\/10\/Nuevo-Logo-Explo-2020.jpg","contentUrl":"http:\/\/arsnovamx.com\/explotumarca.com\/wp-content\/uploads\/2020\/10\/Nuevo-Logo-Explo-2020.jpg","width":800,"height":334,"caption":"Explo"},"image":{"@id":"https:\/\/explotumarca.com\/#\/schema\/logo\/image\/"},"sameAs":["https:\/\/www.facebook.com\/MexicoExplo\/"]}]}},"_links":{"self":[{"href":"https:\/\/explotumarca.com\/index.php?rest_route=\/wp\/v2\/product\/5598","targetHints":{"allow":["GET"]}}],"collection":[{"href":"https:\/\/explotumarca.com\/index.php?rest_route=\/wp\/v2\/product"}],"about":[{"href":"https:\/\/explotumarca.com\/index.php?rest_route=\/wp\/v2\/types\/product"}],"wp:featuredmedia":[{"embeddable":true,"href":"https:\/\/explotumarca.com\/index.php?rest_route=\/wp\/v2\/media\/5602"}],"wp:attachment":[{"href":"https:\/\/explotumarca.com\/index.php?rest_route=%2Fwp%2Fv2%2Fmedia&parent=5598"}],"wp:term":[{"taxonomy":"product_cat","embeddable":true,"href":"https:\/\/explotumarca.com\/index.php?rest_route=%2Fwp%2Fv2%2Fproduct_cat&post=5598"},{"taxonomy":"product_tag","embeddable":true,"href":"https:\/\/explotumarca.com\/index.php?rest_route=%2Fwp%2Fv2%2Fproduct_tag&post=5598"}],"curies":[{"name":"wp","href":"https:\/\/api.w.org\/{rel}","templated":true}]}}