{"id":5610,"date":"2022-03-23T17:16:01","date_gmt":"2022-03-23T23:16:01","guid":{"rendered":"https:\/\/explotumarca.com\/?post_type=product&#038;p=5610"},"modified":"2022-04-11T16:25:43","modified_gmt":"2022-04-11T21:25:43","slug":"logitech-swytch","status":"publish","type":"product","link":"https:\/\/explotumarca.com\/?product=logitech-swytch","title":{"rendered":"LOGITECH SWYTCH"},"content":{"rendered":"<div class=\"product-title\">\n<h2 class=\"headline js-text-auto js-product-title pangea-inited\" data-max-lines=\"3\" data-title-size=\"auto\">LOGITECH SWYTCH<\/h2>\n<\/div>\n<div class=\"product-description\">\n<div class=\"js-product-description\">Conexi\u00f3n para laptops para videoconferencias en salas de reuniones.<\/div>\n<\/div>\n<div><\/div>\n<div><\/div>\n<div>\n<ul class=\"pangea-cmp tech-specs js-pangea-tech-specs\">\n<li class=\"specs-column\">\n<div class=\"specs-group\">\n<header class=\"specs-header\">\n<h3 class=\"specs-heading\">DIMENSIONES<\/h3>\n<\/header>\n<div class=\"specs-block\">\n<h4 class=\"specs-title\">Hub Swytch<\/h4>\n<ul class=\"specs-description-list\">\n<li>Altura: 27,4 mm<\/li>\n<li>Anchura: 164 mm<\/li>\n<li>Profundidad: 90 mm<\/li>\n<\/ul>\n<\/div>\n<div class=\"specs-block\">\n<h4 class=\"specs-title\">Alargador Swytch<\/h4>\n<ul class=\"specs-description-list\">\n<li>Altura: 27,4 mm<\/li>\n<li>Anchura: 120 mm<\/li>\n<li>Profundidad: 120 mm<\/li>\n<\/ul>\n<\/div>\n<\/div>\n<\/li>\n<li class=\"specs-column\">\n<div class=\"specs-group\">\n<header class=\"specs-header\">\n<h3 class=\"specs-heading\">REQUISITOS DEL SISTEMA<\/h3>\n<\/header>\n<div class=\"specs-block\">\n<h4 class=\"specs-title\">Equipo para sala de reuniones<\/h4>\n<ul class=\"specs-description-list\">\n<li>Pantalla con entrada HDMI<\/li>\n<li>C\u00e1maras USB para conferencias con sistema manos libres<\/li>\n<\/ul>\n<\/div>\n<div class=\"specs-block\">\n<h4 class=\"specs-title\">Laptops<\/h4>\n<ul class=\"specs-description-list\">\n<li>Puerto USB 3.0 (tipo A o tipo C)<\/li>\n<li>Suministro de alimentaci\u00f3n USB (hasta 60 vatios) para laptops compatibles que se carguen a trav\u00e9s de USB tipo C<\/li>\n<li>Sistemas operativos con controladores DisplayLink Plug and Display&#x2122;, incluidos Windows 10, macOS 10.15 y posteriores, y Chrome OS&#x2122; 75 o posteriores.<\/li>\n<\/ul>\n<\/div>\n<\/div>\n<p>&nbsp;<\/li>\n<\/ul>\n<ul class=\"pangea-cmp tech-specs js-pangea-tech-specs\">\n<li class=\"specs-column\">\n<div class=\"specs-group\">\n<header class=\"specs-header\">\n<h3 class=\"specs-heading\">ESPECIFICACIONES T\u00c9CNICAS<\/h3>\n<\/header>\n<div class=\"specs-block\">\n<div class=\"specs-description\">PUERTOS E INTERFACES<\/div>\n<\/div>\n<div class=\"specs-block\">\n<h4 class=\"specs-title\">Hub Swytch<\/h4>\n<ul class=\"specs-description-list\">\n<li>Alimentaci\u00f3n<\/li>\n<li>HDMI 2.0 a pantalla<\/li>\n<li>HDMI 2.0 a computadora de sala de reuniones<\/li>\n<li>USB 3.0 tipo A a c\u00e1mara para conferencias<\/li>\n<li>USB 3.0 tipo C a computadora de sala de reuniones<\/li>\n<li>USB 3.0 tipo C a alargador Swytch<\/li>\n<\/ul>\n<\/div>\n<div class=\"specs-block\">\n<h4 class=\"specs-title\">Alargador Swytch<\/h4>\n<ul class=\"specs-description-list\">\n<li>Alimentaci\u00f3n<\/li>\n<li>USB 3.0 tipo A a hub Swytch<\/li>\n<li>USB 3.0 tipo C a conector Swytch<\/li>\n<li>USB 3.0 micro B a conector Swytch<\/li>\n<\/ul>\n<\/div>\n<div class=\"specs-block\">\n<h4 class=\"specs-title\">Conector Swytch<\/h4>\n<ul class=\"specs-description-list\">\n<li>USB 3.0 tipo A a laptops con puertos tipo A<\/li>\n<li>USB 3.0 tipo C a laptops con puertos tipo C<\/li>\n<\/ul>\n<\/div>\n<div class=\"specs-block\">\n<h4 class=\"specs-title\">PIEZAS DE MONTAJE<\/h4>\n<ul class=\"specs-description-list\">\n<li>Hub Swytch: Compatible con pieza de montaje de PC Logitech (no incluida)<\/li>\n<li>Alargador Swytch: Se monta a trav\u00e9s de un pasacables de 25 mm o se acopla bajo la mesa con el material de instalaci\u00f3n incluido<\/li>\n<li>Conector Swytch: Acoplamiento magn\u00e9tico incluido<\/li>\n<\/ul>\n<\/div>\n<div class=\"specs-block\">\n<h4 class=\"specs-title\">ESPECIFICACIONES GENERALES<\/h4>\n<ul class=\"specs-description-list\">\n<li>N\u00famero de pantallas de sala de reuniones: 1<\/li>\n<li>Resoluci\u00f3n y frecuencia de cuadro m\u00e1ximas, pantalla: 4K\/60 fps<\/li>\n<li>Resoluci\u00f3n y frecuencia de cuadro m\u00e1ximas, c\u00e1mara: 4K\/30 fps<\/li>\n<li>Audio de laptop para uso compartido local: S\u00ed<\/li>\n<li>Audio de laptop para reuniones online: S\u00ed (con servicios compatibles con uso compartido de contenidos con audio del sistema)<\/li>\n<li>Gesti\u00f3n de dispositivos: Monitoreo y gesti\u00f3n remotas a trav\u00e9s de Logitech Sync<\/li>\n<\/ul>\n<\/div>\n<div class=\"specs-block\">\n<h4 class=\"specs-title\">Compatibilidad<\/h4>\n<ul class=\"specs-description-list\">\n<li>C\u00e1maras para conferencias\n<ul class=\"specs-description-list\">\n<li>Funciona con c\u00e1maras para conferencias que se conectan por USB, incluidas Logitech Rally, MeetUp y GROUP<\/li>\n<\/ul>\n<\/li>\n<li>Soluciones para sala\n<ul class=\"specs-description-list\">\n<li>Microsoft Teams Rooms<\/li>\n<li>Zoom Rooms<\/li>\n<li>Tambi\u00e9n compatible con otras soluciones para salas que usen c\u00e1maras para conferencias conectadas por USB y una pantalla conectada por HDMI.<\/li>\n<\/ul>\n<\/li>\n<li>Cableado\n<ul class=\"specs-description-list\">\n<li>USB Logitech Strong de 10 m<\/li>\n<li>USB Logitech Strong de 25 m<\/li>\n<\/ul>\n<\/li>\n<\/ul>\n<\/div>\n<\/div>\n<\/li>\n<\/ul>\n<\/div>\n<p>&nbsp;<\/p>\n<ul class=\"pangea-cmp tech-specs js-pangea-tech-specs\">\n<li class=\"specs-column\">\n<div class=\"specs-group\">\n<header class=\"specs-header\">\n<h3 class=\"specs-heading\">CONTENIDO DE LA CAJA<\/h3>\n<\/header>\n<div class=\"specs-block\">\n<ul class=\"specs-description-list\">\n<li>Hub Swytch<\/li>\n<li>Alargador Swytch<\/li>\n<li>Conector Swytch con cable USB de 1,5 m<\/li>\n<li>Fuente de alimentaci\u00f3n de hub Swytch de 100-240\u00a0V<\/li>\n<li>Fuente de alimentaci\u00f3n de alargador Swytch de 100-240\u00a0V<\/li>\n<li>Cable USB 3.0 de 5 m<\/li>\n<li>Cable USB 3.0 de 2.2\u00a0m<\/li>\n<li>Cable HDMI 2.0 de 2,0\u00a0m<\/li>\n<li>Accesorios para montaje<\/li>\n<li>Documentaci\u00f3n<\/li>\n<\/ul>\n<\/div>\n<\/div>\n<\/li>\n<li class=\"specs-column\">\n<div class=\"specs-group\">\n<header class=\"specs-header\">\n<h3 class=\"specs-heading\">INFORMACI\u00d3N DE GARANT\u00cdA<\/h3>\n<\/header>\n<div class=\"specs-block\">\n<div class=\"specs-description\">Dos a\u00f1os de garant\u00eda de hardware limitada<\/div>\n<\/div>\n<\/div>\n<\/li>\n<li class=\"specs-column\">\n<div class=\"specs-group\">\n<header class=\"specs-header\">\n<h3 class=\"specs-heading\">N\u00daMERO DE REFERENCIA<\/h3>\n<\/header>\n<div class=\"specs-block\">\n<ul class=\"specs-description-list\">\n<li>952-000009<\/li>\n<\/ul>\n<p>&nbsp;<\/p>\n<p>Ll\u00e1manos al (55) 3342 8218 o d\u00e9janos tus datos <a href=\"https:\/\/explotumarca.com\/?page_id=14\">aqu\u00ed<\/a><\/p>\n<\/div>\n<\/div>\n<\/li>\n<\/ul>\n","protected":false},"excerpt":{"rendered":"<p>LOGITECH SWYTCH Conexi\u00f3n para laptops para videoconferencias en salas de reuniones. DIMENSIONES Hub Swytch Altura: 27,4 mm Anchura: 164 mm Profundidad: 90 mm Alargador Swytch Altura: 27,4 mm Anchura: 120 mm Profundidad: 120 mm REQUISITOS [&hellip;]<\/p>\n","protected":false},"featured_media":5614,"template":"","meta":{"content-type":""},"product_cat":[96],"product_tag":[],"class_list":{"0":"post-5610","1":"product","2":"type-product","3":"status-publish","4":"has-post-thumbnail","6":"product_cat-soluciones-para-salas","8":"first","9":"instock","10":"taxable","11":"shipping-taxable","12":"product-type-simple"},"yoast_head":"<!-- This site is optimized with the Yoast SEO Premium plugin v18.8 (Yoast SEO v26.8) - https:\/\/yoast.com\/product\/yoast-seo-premium-wordpress\/ -->\n<title>Zoom videollamadas; venta de equipos especiales para zoom<\/title>\n<meta name=\"description\" content=\"Venta de equipos, salas, mantenimiento y capacitaci\u00f3n de zoom videollamadas para Empresas en M\u00e9xico. Cotiza los mejores equipos 2020.\" \/>\n<meta name=\"robots\" content=\"index, follow, max-snippet:-1, max-image-preview:large, max-video-preview:-1\" \/>\n<link rel=\"canonical\" href=\"https:\/\/explotumarca.com\/?product=logitech-swytch\" \/>\n<meta property=\"og:locale\" content=\"es_MX\" \/>\n<meta property=\"og:type\" content=\"article\" \/>\n<meta property=\"og:title\" content=\"LOGITECH SWYTCH\" \/>\n<meta property=\"og:description\" content=\"LOGITECH SWYTCH Conexi\u00f3n para laptops para videoconferencias en salas de reuniones. DIMENSIONES Hub Swytch Altura: 27,4 mm Anchura: 164 mm Profundidad: 90\" \/>\n<meta property=\"og:url\" content=\"https:\/\/explotumarca.com\/?product=logitech-swytch\" \/>\n<meta property=\"og:site_name\" content=\"Explo\" \/>\n<meta property=\"article:publisher\" content=\"https:\/\/www.facebook.com\/MexicoExplo\/\" \/>\n<meta property=\"article:modified_time\" content=\"2022-04-11T21:25:43+00:00\" \/>\n<meta property=\"og:image\" content=\"https:\/\/explotumarca.com\/wp-content\/uploads\/2022\/03\/Logitech-Swytch-videoconferencia-Explo-Explotumarca.jpg\" \/>\n\t<meta property=\"og:image:width\" content=\"450\" \/>\n\t<meta property=\"og:image:height\" content=\"450\" \/>\n\t<meta property=\"og:image:type\" content=\"image\/jpeg\" \/>\n<meta name=\"twitter:card\" content=\"summary_large_image\" \/>\n<meta name=\"twitter:label1\" content=\"Tiempo de lectura\" \/>\n\t<meta name=\"twitter:data1\" content=\"3 minutos\" \/>\n<script type=\"application\/ld+json\" class=\"yoast-schema-graph\">{\"@context\":\"https:\/\/schema.org\",\"@graph\":[{\"@type\":\"WebPage\",\"@id\":\"https:\/\/explotumarca.com\/?product=logitech-swytch\",\"url\":\"https:\/\/explotumarca.com\/?product=logitech-swytch\",\"name\":\"Zoom videollamadas; venta de equipos especiales para zoom\",\"isPartOf\":{\"@id\":\"https:\/\/explotumarca.com\/#website\"},\"primaryImageOfPage\":{\"@id\":\"https:\/\/explotumarca.com\/?product=logitech-swytch#primaryimage\"},\"image\":{\"@id\":\"https:\/\/explotumarca.com\/?product=logitech-swytch#primaryimage\"},\"thumbnailUrl\":\"https:\/\/explotumarca.com\/wp-content\/uploads\/2022\/03\/Logitech-Swytch-videoconferencia-Explo-Explotumarca.jpg\",\"datePublished\":\"2022-03-23T23:16:01+00:00\",\"dateModified\":\"2022-04-11T21:25:43+00:00\",\"description\":\"Venta de equipos, salas, mantenimiento y capacitaci\u00f3n de zoom videollamadas para Empresas en M\u00e9xico. Cotiza los mejores equipos 2020.\",\"breadcrumb\":{\"@id\":\"https:\/\/explotumarca.com\/?product=logitech-swytch#breadcrumb\"},\"inLanguage\":\"es\",\"potentialAction\":[{\"@type\":\"ReadAction\",\"target\":[\"https:\/\/explotumarca.com\/?product=logitech-swytch\"]}]},{\"@type\":\"ImageObject\",\"inLanguage\":\"es\",\"@id\":\"https:\/\/explotumarca.com\/?product=logitech-swytch#primaryimage\",\"url\":\"https:\/\/explotumarca.com\/wp-content\/uploads\/2022\/03\/Logitech-Swytch-videoconferencia-Explo-Explotumarca.jpg\",\"contentUrl\":\"https:\/\/explotumarca.com\/wp-content\/uploads\/2022\/03\/Logitech-Swytch-videoconferencia-Explo-Explotumarca.jpg\",\"width\":450,\"height\":450,\"caption\":\"Logitech Swytch videoconferencia Explo Explotumarca\"},{\"@type\":\"BreadcrumbList\",\"@id\":\"https:\/\/explotumarca.com\/?product=logitech-swytch#breadcrumb\",\"itemListElement\":[{\"@type\":\"ListItem\",\"position\":1,\"name\":\"Inicio\",\"item\":\"https:\/\/explotumarca.com\/\"},{\"@type\":\"ListItem\",\"position\":2,\"name\":\"Productos\",\"item\":\"https:\/\/explotumarca.com\/?post_type=product\"},{\"@type\":\"ListItem\",\"position\":3,\"name\":\"LOGITECH SWYTCH\"}]},{\"@type\":\"WebSite\",\"@id\":\"https:\/\/explotumarca.com\/#website\",\"url\":\"https:\/\/explotumarca.com\/\",\"name\":\"Explo\",\"description\":\"Productos y servicios corporativos\",\"publisher\":{\"@id\":\"https:\/\/explotumarca.com\/#organization\"},\"potentialAction\":[{\"@type\":\"SearchAction\",\"target\":{\"@type\":\"EntryPoint\",\"urlTemplate\":\"https:\/\/explotumarca.com\/?s={search_term_string}\"},\"query-input\":{\"@type\":\"PropertyValueSpecification\",\"valueRequired\":true,\"valueName\":\"search_term_string\"}}],\"inLanguage\":\"es\"},{\"@type\":\"Organization\",\"@id\":\"https:\/\/explotumarca.com\/#organization\",\"name\":\"Explo\",\"url\":\"https:\/\/explotumarca.com\/\",\"logo\":{\"@type\":\"ImageObject\",\"inLanguage\":\"es\",\"@id\":\"https:\/\/explotumarca.com\/#\/schema\/logo\/image\/\",\"url\":\"http:\/\/arsnovamx.com\/explotumarca.com\/wp-content\/uploads\/2020\/10\/Nuevo-Logo-Explo-2020.jpg\",\"contentUrl\":\"http:\/\/arsnovamx.com\/explotumarca.com\/wp-content\/uploads\/2020\/10\/Nuevo-Logo-Explo-2020.jpg\",\"width\":800,\"height\":334,\"caption\":\"Explo\"},\"image\":{\"@id\":\"https:\/\/explotumarca.com\/#\/schema\/logo\/image\/\"},\"sameAs\":[\"https:\/\/www.facebook.com\/MexicoExplo\/\"]}]}<\/script>\n<!-- \/ Yoast SEO Premium plugin. -->","yoast_head_json":{"title":"Zoom videollamadas; venta de equipos especiales para zoom","description":"Venta de equipos, salas, mantenimiento y capacitaci\u00f3n de zoom videollamadas para Empresas en M\u00e9xico. Cotiza los mejores equipos 2020.","robots":{"index":"index","follow":"follow","max-snippet":"max-snippet:-1","max-image-preview":"max-image-preview:large","max-video-preview":"max-video-preview:-1"},"canonical":"https:\/\/explotumarca.com\/?product=logitech-swytch","og_locale":"es_MX","og_type":"article","og_title":"LOGITECH SWYTCH","og_description":"LOGITECH SWYTCH Conexi\u00f3n para laptops para videoconferencias en salas de reuniones. DIMENSIONES Hub Swytch Altura: 27,4 mm Anchura: 164 mm Profundidad: 90","og_url":"https:\/\/explotumarca.com\/?product=logitech-swytch","og_site_name":"Explo","article_publisher":"https:\/\/www.facebook.com\/MexicoExplo\/","article_modified_time":"2022-04-11T21:25:43+00:00","og_image":[{"width":450,"height":450,"url":"https:\/\/explotumarca.com\/wp-content\/uploads\/2022\/03\/Logitech-Swytch-videoconferencia-Explo-Explotumarca.jpg","type":"image\/jpeg"}],"twitter_card":"summary_large_image","twitter_misc":{"Tiempo de lectura":"3 minutos"},"schema":{"@context":"https:\/\/schema.org","@graph":[{"@type":"WebPage","@id":"https:\/\/explotumarca.com\/?product=logitech-swytch","url":"https:\/\/explotumarca.com\/?product=logitech-swytch","name":"Zoom videollamadas; venta de equipos especiales para zoom","isPartOf":{"@id":"https:\/\/explotumarca.com\/#website"},"primaryImageOfPage":{"@id":"https:\/\/explotumarca.com\/?product=logitech-swytch#primaryimage"},"image":{"@id":"https:\/\/explotumarca.com\/?product=logitech-swytch#primaryimage"},"thumbnailUrl":"https:\/\/explotumarca.com\/wp-content\/uploads\/2022\/03\/Logitech-Swytch-videoconferencia-Explo-Explotumarca.jpg","datePublished":"2022-03-23T23:16:01+00:00","dateModified":"2022-04-11T21:25:43+00:00","description":"Venta de equipos, salas, mantenimiento y capacitaci\u00f3n de zoom videollamadas para Empresas en M\u00e9xico. Cotiza los mejores equipos 2020.","breadcrumb":{"@id":"https:\/\/explotumarca.com\/?product=logitech-swytch#breadcrumb"},"inLanguage":"es","potentialAction":[{"@type":"ReadAction","target":["https:\/\/explotumarca.com\/?product=logitech-swytch"]}]},{"@type":"ImageObject","inLanguage":"es","@id":"https:\/\/explotumarca.com\/?product=logitech-swytch#primaryimage","url":"https:\/\/explotumarca.com\/wp-content\/uploads\/2022\/03\/Logitech-Swytch-videoconferencia-Explo-Explotumarca.jpg","contentUrl":"https:\/\/explotumarca.com\/wp-content\/uploads\/2022\/03\/Logitech-Swytch-videoconferencia-Explo-Explotumarca.jpg","width":450,"height":450,"caption":"Logitech Swytch videoconferencia Explo Explotumarca"},{"@type":"BreadcrumbList","@id":"https:\/\/explotumarca.com\/?product=logitech-swytch#breadcrumb","itemListElement":[{"@type":"ListItem","position":1,"name":"Inicio","item":"https:\/\/explotumarca.com\/"},{"@type":"ListItem","position":2,"name":"Productos","item":"https:\/\/explotumarca.com\/?post_type=product"},{"@type":"ListItem","position":3,"name":"LOGITECH SWYTCH"}]},{"@type":"WebSite","@id":"https:\/\/explotumarca.com\/#website","url":"https:\/\/explotumarca.com\/","name":"Explo","description":"Productos y servicios corporativos","publisher":{"@id":"https:\/\/explotumarca.com\/#organization"},"potentialAction":[{"@type":"SearchAction","target":{"@type":"EntryPoint","urlTemplate":"https:\/\/explotumarca.com\/?s={search_term_string}"},"query-input":{"@type":"PropertyValueSpecification","valueRequired":true,"valueName":"search_term_string"}}],"inLanguage":"es"},{"@type":"Organization","@id":"https:\/\/explotumarca.com\/#organization","name":"Explo","url":"https:\/\/explotumarca.com\/","logo":{"@type":"ImageObject","inLanguage":"es","@id":"https:\/\/explotumarca.com\/#\/schema\/logo\/image\/","url":"http:\/\/arsnovamx.com\/explotumarca.com\/wp-content\/uploads\/2020\/10\/Nuevo-Logo-Explo-2020.jpg","contentUrl":"http:\/\/arsnovamx.com\/explotumarca.com\/wp-content\/uploads\/2020\/10\/Nuevo-Logo-Explo-2020.jpg","width":800,"height":334,"caption":"Explo"},"image":{"@id":"https:\/\/explotumarca.com\/#\/schema\/logo\/image\/"},"sameAs":["https:\/\/www.facebook.com\/MexicoExplo\/"]}]}},"_links":{"self":[{"href":"https:\/\/explotumarca.com\/index.php?rest_route=\/wp\/v2\/product\/5610","targetHints":{"allow":["GET"]}}],"collection":[{"href":"https:\/\/explotumarca.com\/index.php?rest_route=\/wp\/v2\/product"}],"about":[{"href":"https:\/\/explotumarca.com\/index.php?rest_route=\/wp\/v2\/types\/product"}],"wp:featuredmedia":[{"embeddable":true,"href":"https:\/\/explotumarca.com\/index.php?rest_route=\/wp\/v2\/media\/5614"}],"wp:attachment":[{"href":"https:\/\/explotumarca.com\/index.php?rest_route=%2Fwp%2Fv2%2Fmedia&parent=5610"}],"wp:term":[{"taxonomy":"product_cat","embeddable":true,"href":"https:\/\/explotumarca.com\/index.php?rest_route=%2Fwp%2Fv2%2Fproduct_cat&post=5610"},{"taxonomy":"product_tag","embeddable":true,"href":"https:\/\/explotumarca.com\/index.php?rest_route=%2Fwp%2Fv2%2Fproduct_tag&post=5610"}],"curies":[{"name":"wp","href":"https:\/\/api.w.org\/{rel}","templated":true}]}}