{"id":5615,"date":"2022-03-23T17:40:28","date_gmt":"2022-03-23T23:40:28","guid":{"rendered":"https:\/\/explotumarca.com\/?post_type=product&#038;p=5615"},"modified":"2022-04-11T10:59:39","modified_gmt":"2022-04-11T15:59:39","slug":"logitech-tap-ip","status":"publish","type":"product","link":"https:\/\/explotumarca.com\/?product=logitech-tap-ip","title":{"rendered":"LOGITECH TAP IP"},"content":{"rendered":"<div class=\"grid\">\n<div class=\"banner-copy-ctn-inner js-banner-copy-ctn-inner\">\n<h1 class=\"font-hero-s js-title \">LOGITECH TAP IP<\/h1>\n<p>Controlador t\u00e1ctil para sala de reuni\u00f3n con conectividad PoE, con <a href=\"https:\/\/www.logitech.com\/es-mx\/products\/video-conferencing\/room-solutions\/tap-ip.952-000088.html\">TAP IP<\/a><\/p>\n<\/div>\n<\/div>\n<div class=\"banner-extra-content below\">\n<div class=\"parsys-ctn\">\n<div id=\"text_editable-i01b9f961c17b83436b68ec49855ce935\" class=\"pangea-cmp body-copy js-pangea-body-copy aem-margin-options font-size-large font-brown-light dc-black tc-black mc-black\" data-align-desktop=\"center\" data-align-tablet=\"center\" data-align-mobile=\"center\">\n<div class=\"aem-content-ctn no-container\">\n<div id=\"text_editable-i01b9f961c17b83436b68ec49855ce935-padding-options\" class=\"aem-padding-options \">\n<div class=\"content-ctn rte-field \">\n<p>Haz que sea sencillo unirse a las reuniones de video con un controlador t\u00e1ctil conectado a la red, con esta TAP para videollamadas, con un solo toque y sin tantas complicaciones<\/p>\n<p>&nbsp;<\/p>\n<\/div>\n<div class=\"grid js-grid grid-align-top\">\n<div class=\"js-col\">\n<div id=\"text_editable_copy-i9b1e2584e469a76413f5b711243a0537\" class=\"pangea-cmp body-copy js-pangea-body-copy aem-margin-options font-size-normal font-brown-light dc-kohle tc-kohle mc-kohle\" data-align-desktop=\"center\" data-align-tablet=\"center\" data-align-mobile=\"center\">\n<div class=\"aem-content-ctn no-container\">\n<div id=\"text_editable_copy-i9b1e2584e469a76413f5b711243a0537-padding-options\" class=\"aem-padding-options \">\n<div class=\"content-ctn rte-field text-width-normal\">\n<h2 class=\"body-copy-title font-title-l font-brown-bold \">IMPLEMENTA SOLUCIONES PARA SALAS CON FACILIDAD CON TAP IP<\/h2>\n<\/div>\n<\/div>\n<\/div>\n<\/div>\n<\/div>\n<\/div>\n<div class=\"grid js-grid grid-align-top\">\n<div class=\"js-col\">\n<div id=\"text_editable-i537578a06bd1742828a624dca348e0ae\" class=\"pangea-cmp body-copy js-pangea-body-copy aem-margin-options font-size-normal font-brown-light dc-kohle tc-kohle mc-kohle\" data-align-desktop=\"center\" data-align-tablet=\"center\" data-align-mobile=\"center\">\n<div class=\"aem-content-ctn no-container\">\n<div id=\"text_editable-i537578a06bd1742828a624dca348e0ae-padding-options\" class=\"aem-padding-options tpbs mpbs\">\n<div class=\"content-ctn rte-field text-width-normal\">\n<p>Transforma los espacios de colaboraci\u00f3n con Logitech Tap IP (TAP para videollamadas) y las principales soluciones para salas de videoconferencia. Ofrece incorporaci\u00f3n con una sola pulsaci\u00f3n, intercambio de contenido sencillo y una experiencia de reuni\u00f3n sin inconvenientes en todas tus salas, para que todas se lleven a cabo de manera f\u00e1cil r\u00e1pida y sin tantas complicaciones, con un solo toque.<\/p>\n<\/div>\n<\/div>\n<\/div>\n<\/div>\n<\/div>\n<\/div>\n<\/div>\n<\/div>\n<\/div>\n<\/div>\n<\/div>\n<p>&nbsp;<\/p>\n<ul class=\"pangea-cmp tech-specs js-pangea-tech-specs\">\n<li class=\"specs-column\">\n<div class=\"specs-group\">\n<header class=\"specs-header\">\n<h3 class=\"specs-heading\">DIMENSIONES DE TAP PARA VIDEOLLAMADAS<\/h3>\n<\/header>\n<div class=\"specs-block\">\n<div class=\"specs-description\">Altura: 56,1 mm<\/div>\n<\/div>\n<div class=\"specs-block\">\n<div class=\"specs-description\">Ancho: 246,2 mm<\/div>\n<\/div>\n<div class=\"specs-block\">\n<div class=\"specs-description\">Profundidad: 171,3 mm<\/div>\n<\/div>\n<div class=\"specs-block\">\n<div class=\"specs-description\">Peso: 1 kg<\/div>\n<\/div>\n<\/div>\n<div><\/div>\n<\/li>\n<li class=\"specs-column\">\n<div class=\"specs-group\">\n<header class=\"specs-header\">\n<h3 class=\"specs-heading\">ESPECIFICACIONES T\u00c9CNICAS de TAP IP<\/h3>\n<\/header>\n<div class=\"specs-block\">\n<h4 class=\"specs-title\">Pantalla<\/h4>\n<ul class=\"specs-description-list\">\n<li>Tama\u00f1o: 10,1\u201d en diagonal<\/li>\n<li>Panel LCD con retroiluminaci\u00f3n LED<\/li>\n<li>Resoluci\u00f3n: Resoluci\u00f3n de 1280 x 800<\/li>\n<li>T\u00e1ctil: Capacitiva, multit\u00e1ctil de 10 puntos<\/li>\n<li>Brillo: 400 nits<\/li>\n<li>Contraste: 1000:1<\/li>\n<li>Antihuellas: Cubierta oleof\u00f3bica<\/li>\n<li>\u00c1ngulo de visi\u00f3n: 85 grados (Ar\/Ab\/I\/D)<\/li>\n<li>\u00c1ngulo de posici\u00f3n: 14 grados<\/li>\n<\/ul>\n<\/div>\n<div class=\"specs-block\">\n<h4 class=\"specs-title\">ESPECIFICACIONES GENERALES<\/h4>\n<ul class=\"specs-description-list\">\n<li>Altavoz ultras\u00f3nico integrado<\/li>\n<li>Sensor de movimiento PIR integrado<\/li>\n<li>Aceler\u00f3metro integrado<\/li>\n<li>Sensor de luz ambiental integrado<\/li>\n<li>Sistema interno de retenci\u00f3n y holgura de cables<\/li>\n<\/ul>\n<\/div>\n<div class=\"specs-block\">\n<h4 class=\"specs-title\">COMPATIBILIDAD Y CERTIFICACIONES<\/h4>\n<ul class=\"specs-description-list\">\n<li>Logitech Tap IP est\u00e1 certificado o es compatible como controlador t\u00e1ctil para soluciones para salas de videoconferencia\n<ul class=\"specs-description-list\">\n<li>Microsoft Teams Rooms en Android en Rally Bar, Rally Bar Mini o Roommate de Logitech (pr\u00f3ximamente)<\/li>\n<li>Zoom Rooms (cualquiera)<\/li>\n<li>RingCentral Rooms&#x2122;<\/li>\n<\/ul>\n<\/li>\n<li>Plataforma Logitech CollabOS<\/li>\n<li>Administraci\u00f3n remota con Logitech Sync<\/li>\n<\/ul>\n<\/div>\n<div class=\"specs-block\"><\/div>\n<div class=\"specs-block\">\n<h4 class=\"specs-title\">PUERTOS E INTERFACES<\/h4>\n<ul class=\"specs-description-list\">\n<li>Ethernet: 10\/100 Mbps<\/li>\n<li>WiFi: 802.11a\/b\/g\/n\/ac<\/li>\n<li>Bluetooth 5.0<\/li>\n<\/ul>\n<\/div>\n<div class=\"specs-block\"><\/div>\n<\/div>\n<\/li>\n<li class=\"specs-column\">\n<div class=\"specs-group\">\n<header class=\"specs-header\">\n<h3 class=\"specs-heading\">CONTENIDO DE LA CAJA<\/h3>\n<\/header>\n<div class=\"specs-block\">\n<ul class=\"specs-description-list\">\n<li>Controlador t\u00e1ctil Tap IP<\/li>\n<li>Documentaci\u00f3n<\/li>\n<\/ul>\n<\/div>\n<\/div>\n<\/li>\n<li class=\"specs-column\">\n<div class=\"specs-group\">\n<header class=\"specs-header\">\n<h3 class=\"specs-heading\">INFORMACI\u00d3N DE GARANT\u00cdA<\/h3>\n<\/header>\n<div class=\"specs-block\">\n<div class=\"specs-description\">Asegura tu tranquilidad con una garant\u00eda ampliada para Tap IP, que agrega un a\u00f1o adicional a la garant\u00eda limitada est\u00e1ndar del hardware de dos a\u00f1os. Contacta a tu distribuidor para consultar la disponibilidad, de la Tap para videollamada<\/div>\n<\/div>\n<\/div>\n<\/li>\n<li class=\"specs-column\">\n<div class=\"specs-group\">\n<header class=\"specs-header\">\n<h3 class=\"specs-heading\">N\u00daMERO DE REFERENCIA<\/h3>\n<\/header>\n<div class=\"specs-block\">\n<ul class=\"specs-description-list\">\n<li><strong>Blanco:<\/strong> <span class=\"serial-num\">952-000088<\/span><\/li>\n<li><strong>Grafito:<\/strong> <span class=\"serial-num\">952-000085<\/span><\/li>\n<\/ul>\n<\/div>\n<\/div>\n<p>&nbsp;<\/li>\n<\/ul>\n<p>&nbsp;<\/p>\n<p>&nbsp;<\/p>\n","protected":false},"excerpt":{"rendered":"<p>LOGITECH TAP IP Controlador t\u00e1ctil para sala de reuni\u00f3n con conectividad PoE, con TAP IP Haz que sea sencillo unirse a las reuniones de video con un controlador t\u00e1ctil conectado a la red, con esta [&hellip;]<\/p>\n","protected":false},"featured_media":5620,"template":"","meta":{"content-type":""},"product_cat":[96],"product_tag":[],"class_list":{"0":"post-5615","1":"product","2":"type-product","3":"status-publish","4":"has-post-thumbnail","6":"product_cat-soluciones-para-salas","8":"first","9":"instock","10":"taxable","11":"shipping-taxable","12":"product-type-simple"},"yoast_head":"<!-- This site is optimized with the Yoast SEO Premium plugin v18.8 (Yoast SEO v26.8) - https:\/\/yoast.com\/product\/yoast-seo-premium-wordpress\/ -->\n<title>Zoom videollamadas; venta de equipos especiales para zoom<\/title>\n<meta name=\"description\" content=\"Venta de equipos, salas, mantenimiento y capacitaci\u00f3n de zoom videollamadas para Empresas en M\u00e9xico. Cotiza los mejores equipos 2020.\" \/>\n<meta name=\"robots\" content=\"index, follow, max-snippet:-1, max-image-preview:large, max-video-preview:-1\" \/>\n<link rel=\"canonical\" href=\"https:\/\/explotumarca.com\/?product=logitech-tap-ip\" \/>\n<meta property=\"og:locale\" content=\"es_MX\" \/>\n<meta property=\"og:type\" content=\"article\" \/>\n<meta property=\"og:title\" content=\"LOGITECH TAP IP\" \/>\n<meta property=\"og:description\" content=\"LOGITECH TAP IP Controlador t\u00e1ctil para sala de reuni\u00f3n con conectividad PoE, con TAP IP Haz que sea sencillo unirse a las reuniones de video con un\" \/>\n<meta property=\"og:url\" content=\"https:\/\/explotumarca.com\/?product=logitech-tap-ip\" \/>\n<meta property=\"og:site_name\" content=\"Explo\" \/>\n<meta property=\"article:publisher\" content=\"https:\/\/www.facebook.com\/MexicoExplo\/\" \/>\n<meta property=\"article:modified_time\" content=\"2022-04-11T15:59:39+00:00\" \/>\n<meta property=\"og:image\" content=\"https:\/\/explotumarca.com\/wp-content\/uploads\/2022\/03\/Logitech-Tap-IP-Videoconferencia-Explo-Explotumarca-6.jpg\" \/>\n\t<meta property=\"og:image:width\" content=\"450\" \/>\n\t<meta property=\"og:image:height\" content=\"450\" \/>\n\t<meta property=\"og:image:type\" content=\"image\/jpeg\" \/>\n<meta name=\"twitter:card\" content=\"summary_large_image\" \/>\n<meta name=\"twitter:label1\" content=\"Tiempo de lectura\" \/>\n\t<meta name=\"twitter:data1\" content=\"2 minutos\" \/>\n<script type=\"application\/ld+json\" class=\"yoast-schema-graph\">{\"@context\":\"https:\/\/schema.org\",\"@graph\":[{\"@type\":\"WebPage\",\"@id\":\"https:\/\/explotumarca.com\/?product=logitech-tap-ip\",\"url\":\"https:\/\/explotumarca.com\/?product=logitech-tap-ip\",\"name\":\"Zoom videollamadas; venta de equipos especiales para zoom\",\"isPartOf\":{\"@id\":\"https:\/\/explotumarca.com\/#website\"},\"primaryImageOfPage\":{\"@id\":\"https:\/\/explotumarca.com\/?product=logitech-tap-ip#primaryimage\"},\"image\":{\"@id\":\"https:\/\/explotumarca.com\/?product=logitech-tap-ip#primaryimage\"},\"thumbnailUrl\":\"https:\/\/explotumarca.com\/wp-content\/uploads\/2022\/03\/Logitech-Tap-IP-Videoconferencia-Explo-Explotumarca-6.jpg\",\"datePublished\":\"2022-03-23T23:40:28+00:00\",\"dateModified\":\"2022-04-11T15:59:39+00:00\",\"description\":\"Venta de equipos, salas, mantenimiento y capacitaci\u00f3n de zoom videollamadas para Empresas en M\u00e9xico. Cotiza los mejores equipos 2020.\",\"breadcrumb\":{\"@id\":\"https:\/\/explotumarca.com\/?product=logitech-tap-ip#breadcrumb\"},\"inLanguage\":\"es\",\"potentialAction\":[{\"@type\":\"ReadAction\",\"target\":[\"https:\/\/explotumarca.com\/?product=logitech-tap-ip\"]}]},{\"@type\":\"ImageObject\",\"inLanguage\":\"es\",\"@id\":\"https:\/\/explotumarca.com\/?product=logitech-tap-ip#primaryimage\",\"url\":\"https:\/\/explotumarca.com\/wp-content\/uploads\/2022\/03\/Logitech-Tap-IP-Videoconferencia-Explo-Explotumarca-6.jpg\",\"contentUrl\":\"https:\/\/explotumarca.com\/wp-content\/uploads\/2022\/03\/Logitech-Tap-IP-Videoconferencia-Explo-Explotumarca-6.jpg\",\"width\":450,\"height\":450,\"caption\":\"Logitech Tap IP Videoconferencia Explo Explotumarca\"},{\"@type\":\"BreadcrumbList\",\"@id\":\"https:\/\/explotumarca.com\/?product=logitech-tap-ip#breadcrumb\",\"itemListElement\":[{\"@type\":\"ListItem\",\"position\":1,\"name\":\"Inicio\",\"item\":\"https:\/\/explotumarca.com\/\"},{\"@type\":\"ListItem\",\"position\":2,\"name\":\"Productos\",\"item\":\"https:\/\/explotumarca.com\/?post_type=product\"},{\"@type\":\"ListItem\",\"position\":3,\"name\":\"LOGITECH TAP IP\"}]},{\"@type\":\"WebSite\",\"@id\":\"https:\/\/explotumarca.com\/#website\",\"url\":\"https:\/\/explotumarca.com\/\",\"name\":\"Explo\",\"description\":\"Productos y servicios corporativos\",\"publisher\":{\"@id\":\"https:\/\/explotumarca.com\/#organization\"},\"potentialAction\":[{\"@type\":\"SearchAction\",\"target\":{\"@type\":\"EntryPoint\",\"urlTemplate\":\"https:\/\/explotumarca.com\/?s={search_term_string}\"},\"query-input\":{\"@type\":\"PropertyValueSpecification\",\"valueRequired\":true,\"valueName\":\"search_term_string\"}}],\"inLanguage\":\"es\"},{\"@type\":\"Organization\",\"@id\":\"https:\/\/explotumarca.com\/#organization\",\"name\":\"Explo\",\"url\":\"https:\/\/explotumarca.com\/\",\"logo\":{\"@type\":\"ImageObject\",\"inLanguage\":\"es\",\"@id\":\"https:\/\/explotumarca.com\/#\/schema\/logo\/image\/\",\"url\":\"http:\/\/arsnovamx.com\/explotumarca.com\/wp-content\/uploads\/2020\/10\/Nuevo-Logo-Explo-2020.jpg\",\"contentUrl\":\"http:\/\/arsnovamx.com\/explotumarca.com\/wp-content\/uploads\/2020\/10\/Nuevo-Logo-Explo-2020.jpg\",\"width\":800,\"height\":334,\"caption\":\"Explo\"},\"image\":{\"@id\":\"https:\/\/explotumarca.com\/#\/schema\/logo\/image\/\"},\"sameAs\":[\"https:\/\/www.facebook.com\/MexicoExplo\/\"]}]}<\/script>\n<!-- \/ Yoast SEO Premium plugin. -->","yoast_head_json":{"title":"Zoom videollamadas; venta de equipos especiales para zoom","description":"Venta de equipos, salas, mantenimiento y capacitaci\u00f3n de zoom videollamadas para Empresas en M\u00e9xico. Cotiza los mejores equipos 2020.","robots":{"index":"index","follow":"follow","max-snippet":"max-snippet:-1","max-image-preview":"max-image-preview:large","max-video-preview":"max-video-preview:-1"},"canonical":"https:\/\/explotumarca.com\/?product=logitech-tap-ip","og_locale":"es_MX","og_type":"article","og_title":"LOGITECH TAP IP","og_description":"LOGITECH TAP IP Controlador t\u00e1ctil para sala de reuni\u00f3n con conectividad PoE, con TAP IP Haz que sea sencillo unirse a las reuniones de video con un","og_url":"https:\/\/explotumarca.com\/?product=logitech-tap-ip","og_site_name":"Explo","article_publisher":"https:\/\/www.facebook.com\/MexicoExplo\/","article_modified_time":"2022-04-11T15:59:39+00:00","og_image":[{"width":450,"height":450,"url":"https:\/\/explotumarca.com\/wp-content\/uploads\/2022\/03\/Logitech-Tap-IP-Videoconferencia-Explo-Explotumarca-6.jpg","type":"image\/jpeg"}],"twitter_card":"summary_large_image","twitter_misc":{"Tiempo de lectura":"2 minutos"},"schema":{"@context":"https:\/\/schema.org","@graph":[{"@type":"WebPage","@id":"https:\/\/explotumarca.com\/?product=logitech-tap-ip","url":"https:\/\/explotumarca.com\/?product=logitech-tap-ip","name":"Zoom videollamadas; venta de equipos especiales para zoom","isPartOf":{"@id":"https:\/\/explotumarca.com\/#website"},"primaryImageOfPage":{"@id":"https:\/\/explotumarca.com\/?product=logitech-tap-ip#primaryimage"},"image":{"@id":"https:\/\/explotumarca.com\/?product=logitech-tap-ip#primaryimage"},"thumbnailUrl":"https:\/\/explotumarca.com\/wp-content\/uploads\/2022\/03\/Logitech-Tap-IP-Videoconferencia-Explo-Explotumarca-6.jpg","datePublished":"2022-03-23T23:40:28+00:00","dateModified":"2022-04-11T15:59:39+00:00","description":"Venta de equipos, salas, mantenimiento y capacitaci\u00f3n de zoom videollamadas para Empresas en M\u00e9xico. Cotiza los mejores equipos 2020.","breadcrumb":{"@id":"https:\/\/explotumarca.com\/?product=logitech-tap-ip#breadcrumb"},"inLanguage":"es","potentialAction":[{"@type":"ReadAction","target":["https:\/\/explotumarca.com\/?product=logitech-tap-ip"]}]},{"@type":"ImageObject","inLanguage":"es","@id":"https:\/\/explotumarca.com\/?product=logitech-tap-ip#primaryimage","url":"https:\/\/explotumarca.com\/wp-content\/uploads\/2022\/03\/Logitech-Tap-IP-Videoconferencia-Explo-Explotumarca-6.jpg","contentUrl":"https:\/\/explotumarca.com\/wp-content\/uploads\/2022\/03\/Logitech-Tap-IP-Videoconferencia-Explo-Explotumarca-6.jpg","width":450,"height":450,"caption":"Logitech Tap IP Videoconferencia Explo Explotumarca"},{"@type":"BreadcrumbList","@id":"https:\/\/explotumarca.com\/?product=logitech-tap-ip#breadcrumb","itemListElement":[{"@type":"ListItem","position":1,"name":"Inicio","item":"https:\/\/explotumarca.com\/"},{"@type":"ListItem","position":2,"name":"Productos","item":"https:\/\/explotumarca.com\/?post_type=product"},{"@type":"ListItem","position":3,"name":"LOGITECH TAP IP"}]},{"@type":"WebSite","@id":"https:\/\/explotumarca.com\/#website","url":"https:\/\/explotumarca.com\/","name":"Explo","description":"Productos y servicios corporativos","publisher":{"@id":"https:\/\/explotumarca.com\/#organization"},"potentialAction":[{"@type":"SearchAction","target":{"@type":"EntryPoint","urlTemplate":"https:\/\/explotumarca.com\/?s={search_term_string}"},"query-input":{"@type":"PropertyValueSpecification","valueRequired":true,"valueName":"search_term_string"}}],"inLanguage":"es"},{"@type":"Organization","@id":"https:\/\/explotumarca.com\/#organization","name":"Explo","url":"https:\/\/explotumarca.com\/","logo":{"@type":"ImageObject","inLanguage":"es","@id":"https:\/\/explotumarca.com\/#\/schema\/logo\/image\/","url":"http:\/\/arsnovamx.com\/explotumarca.com\/wp-content\/uploads\/2020\/10\/Nuevo-Logo-Explo-2020.jpg","contentUrl":"http:\/\/arsnovamx.com\/explotumarca.com\/wp-content\/uploads\/2020\/10\/Nuevo-Logo-Explo-2020.jpg","width":800,"height":334,"caption":"Explo"},"image":{"@id":"https:\/\/explotumarca.com\/#\/schema\/logo\/image\/"},"sameAs":["https:\/\/www.facebook.com\/MexicoExplo\/"]}]}},"_links":{"self":[{"href":"https:\/\/explotumarca.com\/index.php?rest_route=\/wp\/v2\/product\/5615","targetHints":{"allow":["GET"]}}],"collection":[{"href":"https:\/\/explotumarca.com\/index.php?rest_route=\/wp\/v2\/product"}],"about":[{"href":"https:\/\/explotumarca.com\/index.php?rest_route=\/wp\/v2\/types\/product"}],"wp:featuredmedia":[{"embeddable":true,"href":"https:\/\/explotumarca.com\/index.php?rest_route=\/wp\/v2\/media\/5620"}],"wp:attachment":[{"href":"https:\/\/explotumarca.com\/index.php?rest_route=%2Fwp%2Fv2%2Fmedia&parent=5615"}],"wp:term":[{"taxonomy":"product_cat","embeddable":true,"href":"https:\/\/explotumarca.com\/index.php?rest_route=%2Fwp%2Fv2%2Fproduct_cat&post=5615"},{"taxonomy":"product_tag","embeddable":true,"href":"https:\/\/explotumarca.com\/index.php?rest_route=%2Fwp%2Fv2%2Fproduct_tag&post=5615"}],"curies":[{"name":"wp","href":"https:\/\/api.w.org\/{rel}","templated":true}]}}