{"id":5622,"date":"2022-03-23T18:03:25","date_gmt":"2022-03-24T00:03:25","guid":{"rendered":"https:\/\/explotumarca.com\/?post_type=product&#038;p=5622"},"modified":"2022-04-11T10:58:26","modified_gmt":"2022-04-11T15:58:26","slug":"logitech-scribe","status":"publish","type":"product","link":"https:\/\/explotumarca.com\/?product=logitech-scribe","title":{"rendered":"LOGITECH SCRIBE"},"content":{"rendered":"<h1 class=\"font-hero-m js-title \">LOGITECH SCRIBE<\/h1>\n<div class=\"subtitle js-subtitle \">C\u00e1mara para pizarra de salas de videoconferencia<\/div>\n<div><\/div>\n<div>\n<h2 class=\"body-copy-title font-title-l font-brown-bold dc-black tc-black mc-black \">LOGRAR QUE TODOS PARTICIPEN CON SCRIBE<\/h2>\n<p>Comparte las pizarras en reuniones de video, sin esfuerzo con <a href=\"https:\/\/www.logitech.com\/es-mx\/products\/video-conferencing\/room-solutions\/scribe.960-001332.html\">Logitech Scribe<\/a>, una c\u00e1mara para pizarras con tecnolog\u00eda de IA para Microsoft Teams<sup>\u00ae<\/sup> Rooms, Zoom Rooms&#x2122; y otros servicios de videoconferencia l\u00edderes.<\/p>\n<\/div>\n<ul class=\"pangea-cmp tech-specs js-pangea-tech-specs\">\n<li class=\"specs-column\">\n<div class=\"specs-group\">\n<header class=\"specs-header\">\n<h3 class=\"specs-heading\">DIMENSIONES<\/h3>\n<\/header>\n<div class=\"specs-block\">\n<h4 class=\"specs-title\">C\u00e1mara<\/h4>\n<ul class=\"specs-description-list\">\n<li>Altura: 149 mm<\/li>\n<li>Ancho: 119 mm<\/li>\n<li>Profundidad: 573 mm<\/li>\n<li>Peso: 1,1 kg<\/li>\n<\/ul>\n<\/div>\n<div class=\"specs-block\">\n<h4 class=\"specs-title\">Bot\u00f3n para compartir<\/h4>\n<ul class=\"specs-description-list\">\n<li>Altura: 12,7 mm<\/li>\n<li>Di\u00e1metro: 71,8 mm<\/li>\n<li>Peso: 108 g<\/li>\n<\/ul>\n<\/div>\n<div class=\"specs-block\">\n<h4 class=\"specs-title\">Inyector de alimentaci\u00f3n<\/h4>\n<ul class=\"specs-description-list\">\n<li>Altura: 91 mm<\/li>\n<li>Ancho: 60,2 mm<\/li>\n<li>Profundidad: 36,3 mm<\/li>\n<\/ul>\n<\/div>\n<div class=\"specs-block\">\n<h4 class=\"specs-title\">Transceptor adaptador<\/h4>\n<ul class=\"specs-description-list\">\n<li>Altura: 22,5 mm<\/li>\n<li>Ancho: 31 mm<\/li>\n<li>Profundidad: 83,7 mm<\/li>\n<li>Longitud del cable: 500 mm<\/li>\n<\/ul>\n<\/div>\n<div class=\"specs-block\">\n<h4 class=\"specs-title\">Cables incluidos (x2)<\/h4>\n<ul class=\"specs-description-list\">\n<li>Longitud: 5 m<\/li>\n<\/ul>\n<\/div>\n<\/div>\n<\/li>\n<li class=\"specs-column\">\n<div class=\"specs-group\">\n<header class=\"specs-header\">\n<h3 class=\"specs-heading\">REQUISITOS DEL SISTEMA<\/h3>\n<\/header>\n<div class=\"specs-block\">\n<h4 class=\"specs-title\">Pizarra<\/h4>\n<ul class=\"specs-description-list\">\n<li>Dimensiones m\u00e1ximas de pizarra\n<ul class=\"specs-description-list\">\n<li>Alto: 1,2 m<\/li>\n<li>Ancho: 1,8 m<\/li>\n<\/ul>\n<\/li>\n<\/ul>\n<\/div>\n<div class=\"specs-block\">\n<h4 class=\"specs-title\">Cableado del usuario<\/h4>\n<ul class=\"specs-description-list\">\n<li>Tipo de cable: Cat5e o superior [con una longitud total de 35 metros<\/li>\n<\/ul>\n<\/div>\n<\/div>\n<p>&nbsp;<\/li>\n<\/ul>\n<ul class=\"pangea-cmp tech-specs js-pangea-tech-specs\">\n<li class=\"specs-column\">\n<div class=\"specs-group\">\n<header class=\"specs-header\">\n<h3 class=\"specs-heading\">ESPECIFICACIONES T\u00c9CNICAS DE SCRIBE<\/h3>\n<\/header>\n<div class=\"specs-block\">\n<h4 class=\"specs-title\">Certificaciones y compatibilidad<\/h4>\n<ul class=\"specs-description-list\">\n<li>Se integra con Microsoft Teams Rooms en Windows\u00ae y con Zoom Rooms como c\u00e1mara para contenido de pizarra.<\/li>\n<li>Consulta www.logitech.com\/support\/scribe-compatibility para conocer las certificaciones pendientes y otorgadas y las actualizaciones de compatibilidad.<\/li>\n<li>Es compatible con pr\u00e1cticamente cualquier aplicaci\u00f3n de videoconferencia como una c\u00e1mara conectada por USB.<\/li>\n<\/ul>\n<\/div>\n<div class=\"specs-block\">\n<h4 class=\"specs-title\">C\u00e1mara<\/h4>\n<ul class=\"specs-description-list\">\n<li>Resoluci\u00f3n de salida: 1080p a 15\u00a0fps<\/li>\n<li>IA integrada: Transmite un flujo de im\u00e1genes mejorado por IA en las videoconferencias<\/li>\n<\/ul>\n<\/div>\n<div class=\"specs-block\">\n<h4 class=\"specs-title\">Bot\u00f3n para compartir<\/h4>\n<ul class=\"specs-description-list\">\n<li>Alimentaci\u00f3n: 2 bater\u00edas CR2032<\/li>\n<li>Instalaci\u00f3n con soporte adhesivo<\/li>\n<li>La compatibilidad del bot\u00f3n para compartir puede variar seg\u00fan el proveedor de servicios de videoconferencias.<\/li>\n<li>Consulta www.logitech.com\/support\/scribe-compatibility para obtener la informaci\u00f3n m\u00e1s reciente.<\/li>\n<\/ul>\n<\/div>\n<div class=\"specs-block\">\n<h4 class=\"specs-title\">Interfaces<\/h4>\n<ul class=\"specs-description-list\">\n<li>C\u00e1mara: Puerto de cableado de categor\u00eda<\/li>\n<li>Bot\u00f3n para compartir: Bluetooth\u00ae de bajo consumo<\/li>\n<\/ul>\n<\/div>\n<div class=\"specs-block\">\n<h4 class=\"specs-title\">Alimentaci\u00f3n y cables<\/h4>\n<ul class=\"specs-description-list\">\n<li>Fuente de alimentaci\u00f3n: Fuente de alimentaci\u00f3n de 100-240 V de encendido autom\u00e1tico con juego internacional de adaptadores<\/li>\n<li>Tipo de cable: Cat5e SF\/UTP AWG26 o superior<\/li>\n<\/ul>\n<\/div>\n<div class=\"specs-block\">\n<h4 class=\"specs-title\">Medioambiente<\/h4>\n<ul class=\"specs-description-list\">\n<li>Temperatura de funcionamiento: 0 to 40\u00b0C<\/li>\n<li>Temperatura de almacenamiento: -40-70\u00b0C<\/li>\n<li>Humedad: 10-95%<\/li>\n<\/ul>\n<\/div>\n<div class=\"specs-block\">\n<h4 class=\"specs-title\">Seguridad<\/h4>\n<ul class=\"specs-description-list\">\n<li>Cifrado de disco completo: Puerto USB disponible<\/li>\n<\/ul>\n<\/div>\n<div class=\"specs-block\">\n<h4 class=\"specs-title\">Administraci\u00f3n de dispositivos<\/h4>\n<ul class=\"specs-description-list\">\n<li>Logitech Sync<\/li>\n<\/ul>\n<\/div>\n<\/div>\n<p>&nbsp;<\/li>\n<\/ul>\n<ul class=\"pangea-cmp tech-specs js-pangea-tech-specs\">\n<li class=\"specs-column\">\n<div class=\"specs-group\">\n<header class=\"specs-header\">\n<h3 class=\"specs-heading\">CONTENIDO DE LA CAJA SCRIBE<\/h3>\n<\/header>\n<div class=\"specs-block\">\n<ul class=\"specs-description-list\">\n<li>C\u00e1mara<\/li>\n<li>Bot\u00f3n para compartir<\/li>\n<li>Transceptor adaptador<\/li>\n<li>Fuente de alimentaci\u00f3n de 100-240 V con juego internacional de adaptadores<\/li>\n<li>2 cables Cat5e de 5,0 m<\/li>\n<li>Kit de instalaci\u00f3n de c\u00e1mara<\/li>\n<li>Documentaci\u00f3n<\/li>\n<\/ul>\n<\/div>\n<\/div>\n<\/li>\n<li class=\"specs-column\">\n<div class=\"specs-group\">\n<header class=\"specs-header\">\n<h3 class=\"specs-heading\">INFORMACI\u00d3N DE GARANT\u00cdA<\/h3>\n<\/header>\n<div class=\"specs-block\">\n<div class=\"specs-description\">Est\u00e1ndar: Incluye dos a\u00f1os de garant\u00eda de hardware limitada.<br \/>\nExtendida: Garant\u00edas adicionales extendidas de un a\u00f1o y de tres a\u00f1os disponibles en el momento de la compra del hardware.<br \/>\nContacta a tu gerente de cuentas de Logitech o tu canal para m\u00e1s informaci\u00f3n.<\/div>\n<\/div>\n<\/div>\n<\/li>\n<li class=\"specs-column\">\n<div class=\"specs-group\">\n<header class=\"specs-header\">\n<h3 class=\"specs-heading\">N\u00daMERO DE REFERENCIA<\/h3>\n<\/header>\n<div class=\"specs-block\">\n<ul class=\"specs-description-list\">\n<li>960-001332<\/li>\n<\/ul>\n<\/div>\n<\/div>\n<\/li>\n<\/ul>\n","protected":false},"excerpt":{"rendered":"<p>LOGITECH SCRIBE C\u00e1mara para pizarra de salas de videoconferencia LOGRAR QUE TODOS PARTICIPEN CON SCRIBE Comparte las pizarras en reuniones de video, sin esfuerzo con Logitech Scribe, una c\u00e1mara para pizarras con tecnolog\u00eda de IA [&hellip;]<\/p>\n","protected":false},"featured_media":5625,"template":"","meta":{"content-type":""},"product_cat":[96],"product_tag":[],"class_list":{"0":"post-5622","1":"product","2":"type-product","3":"status-publish","4":"has-post-thumbnail","6":"product_cat-soluciones-para-salas","8":"first","9":"instock","10":"taxable","11":"shipping-taxable","12":"product-type-simple"},"yoast_head":"<!-- This site is optimized with the Yoast SEO Premium plugin v18.8 (Yoast SEO v26.8) - https:\/\/yoast.com\/product\/yoast-seo-premium-wordpress\/ -->\n<title>Zoom videollamadas; venta de equipos especiales para zoom<\/title>\n<meta name=\"description\" content=\"C\u00e1mara para pizarras, mantenimiento y capacitaci\u00f3n de zoom videollamadas para Empresas en M\u00e9xico. Cotiza los mejores equipos 2022\" \/>\n<meta name=\"robots\" content=\"index, follow, max-snippet:-1, max-image-preview:large, max-video-preview:-1\" \/>\n<link rel=\"canonical\" href=\"https:\/\/explotumarca.com\/?product=logitech-scribe\" \/>\n<meta property=\"og:locale\" content=\"es_MX\" \/>\n<meta property=\"og:type\" content=\"article\" \/>\n<meta property=\"og:title\" content=\"LOGITECH SCRIBE\" \/>\n<meta property=\"og:description\" content=\"LOGITECH SCRIBE C\u00e1mara para pizarra de salas de videoconferencia LOGRAR QUE TODOS PARTICIPEN CON SCRIBE Comparte las pizarras en reuniones de video, sin\" \/>\n<meta property=\"og:url\" content=\"https:\/\/explotumarca.com\/?product=logitech-scribe\" \/>\n<meta property=\"og:site_name\" content=\"Explo\" \/>\n<meta property=\"article:publisher\" content=\"https:\/\/www.facebook.com\/MexicoExplo\/\" \/>\n<meta property=\"article:modified_time\" content=\"2022-04-11T15:58:26+00:00\" \/>\n<meta property=\"og:image\" content=\"https:\/\/explotumarca.com\/wp-content\/uploads\/2022\/03\/Logitech-Scribe-Videoconferencia-Explo-Explotumarca-4.jpg\" \/>\n\t<meta property=\"og:image:width\" content=\"450\" \/>\n\t<meta property=\"og:image:height\" content=\"450\" \/>\n\t<meta property=\"og:image:type\" content=\"image\/jpeg\" \/>\n<meta name=\"twitter:card\" content=\"summary_large_image\" \/>\n<meta name=\"twitter:label1\" content=\"Tiempo de lectura\" \/>\n\t<meta name=\"twitter:data1\" content=\"2 minutos\" \/>\n<script type=\"application\/ld+json\" class=\"yoast-schema-graph\">{\"@context\":\"https:\/\/schema.org\",\"@graph\":[{\"@type\":\"WebPage\",\"@id\":\"https:\/\/explotumarca.com\/?product=logitech-scribe\",\"url\":\"https:\/\/explotumarca.com\/?product=logitech-scribe\",\"name\":\"Zoom videollamadas; venta de equipos especiales para zoom\",\"isPartOf\":{\"@id\":\"https:\/\/explotumarca.com\/#website\"},\"primaryImageOfPage\":{\"@id\":\"https:\/\/explotumarca.com\/?product=logitech-scribe#primaryimage\"},\"image\":{\"@id\":\"https:\/\/explotumarca.com\/?product=logitech-scribe#primaryimage\"},\"thumbnailUrl\":\"https:\/\/explotumarca.com\/wp-content\/uploads\/2022\/03\/Logitech-Scribe-Videoconferencia-Explo-Explotumarca-4.jpg\",\"datePublished\":\"2022-03-24T00:03:25+00:00\",\"dateModified\":\"2022-04-11T15:58:26+00:00\",\"description\":\"C\u00e1mara para pizarras, mantenimiento y capacitaci\u00f3n de zoom videollamadas para Empresas en M\u00e9xico. Cotiza los mejores equipos 2022\",\"breadcrumb\":{\"@id\":\"https:\/\/explotumarca.com\/?product=logitech-scribe#breadcrumb\"},\"inLanguage\":\"es\",\"potentialAction\":[{\"@type\":\"ReadAction\",\"target\":[\"https:\/\/explotumarca.com\/?product=logitech-scribe\"]}]},{\"@type\":\"ImageObject\",\"inLanguage\":\"es\",\"@id\":\"https:\/\/explotumarca.com\/?product=logitech-scribe#primaryimage\",\"url\":\"https:\/\/explotumarca.com\/wp-content\/uploads\/2022\/03\/Logitech-Scribe-Videoconferencia-Explo-Explotumarca-4.jpg\",\"contentUrl\":\"https:\/\/explotumarca.com\/wp-content\/uploads\/2022\/03\/Logitech-Scribe-Videoconferencia-Explo-Explotumarca-4.jpg\",\"width\":450,\"height\":450,\"caption\":\"Logitech Scribe Videoconferencia Explo Explotumarca\"},{\"@type\":\"BreadcrumbList\",\"@id\":\"https:\/\/explotumarca.com\/?product=logitech-scribe#breadcrumb\",\"itemListElement\":[{\"@type\":\"ListItem\",\"position\":1,\"name\":\"Inicio\",\"item\":\"https:\/\/explotumarca.com\/\"},{\"@type\":\"ListItem\",\"position\":2,\"name\":\"Productos\",\"item\":\"https:\/\/explotumarca.com\/?post_type=product\"},{\"@type\":\"ListItem\",\"position\":3,\"name\":\"LOGITECH SCRIBE\"}]},{\"@type\":\"WebSite\",\"@id\":\"https:\/\/explotumarca.com\/#website\",\"url\":\"https:\/\/explotumarca.com\/\",\"name\":\"Explo\",\"description\":\"Productos y servicios corporativos\",\"publisher\":{\"@id\":\"https:\/\/explotumarca.com\/#organization\"},\"potentialAction\":[{\"@type\":\"SearchAction\",\"target\":{\"@type\":\"EntryPoint\",\"urlTemplate\":\"https:\/\/explotumarca.com\/?s={search_term_string}\"},\"query-input\":{\"@type\":\"PropertyValueSpecification\",\"valueRequired\":true,\"valueName\":\"search_term_string\"}}],\"inLanguage\":\"es\"},{\"@type\":\"Organization\",\"@id\":\"https:\/\/explotumarca.com\/#organization\",\"name\":\"Explo\",\"url\":\"https:\/\/explotumarca.com\/\",\"logo\":{\"@type\":\"ImageObject\",\"inLanguage\":\"es\",\"@id\":\"https:\/\/explotumarca.com\/#\/schema\/logo\/image\/\",\"url\":\"http:\/\/arsnovamx.com\/explotumarca.com\/wp-content\/uploads\/2020\/10\/Nuevo-Logo-Explo-2020.jpg\",\"contentUrl\":\"http:\/\/arsnovamx.com\/explotumarca.com\/wp-content\/uploads\/2020\/10\/Nuevo-Logo-Explo-2020.jpg\",\"width\":800,\"height\":334,\"caption\":\"Explo\"},\"image\":{\"@id\":\"https:\/\/explotumarca.com\/#\/schema\/logo\/image\/\"},\"sameAs\":[\"https:\/\/www.facebook.com\/MexicoExplo\/\"]}]}<\/script>\n<!-- \/ Yoast SEO Premium plugin. -->","yoast_head_json":{"title":"Zoom videollamadas; venta de equipos especiales para zoom","description":"C\u00e1mara para pizarras, mantenimiento y capacitaci\u00f3n de zoom videollamadas para Empresas en M\u00e9xico. Cotiza los mejores equipos 2022","robots":{"index":"index","follow":"follow","max-snippet":"max-snippet:-1","max-image-preview":"max-image-preview:large","max-video-preview":"max-video-preview:-1"},"canonical":"https:\/\/explotumarca.com\/?product=logitech-scribe","og_locale":"es_MX","og_type":"article","og_title":"LOGITECH SCRIBE","og_description":"LOGITECH SCRIBE C\u00e1mara para pizarra de salas de videoconferencia LOGRAR QUE TODOS PARTICIPEN CON SCRIBE Comparte las pizarras en reuniones de video, sin","og_url":"https:\/\/explotumarca.com\/?product=logitech-scribe","og_site_name":"Explo","article_publisher":"https:\/\/www.facebook.com\/MexicoExplo\/","article_modified_time":"2022-04-11T15:58:26+00:00","og_image":[{"width":450,"height":450,"url":"https:\/\/explotumarca.com\/wp-content\/uploads\/2022\/03\/Logitech-Scribe-Videoconferencia-Explo-Explotumarca-4.jpg","type":"image\/jpeg"}],"twitter_card":"summary_large_image","twitter_misc":{"Tiempo de lectura":"2 minutos"},"schema":{"@context":"https:\/\/schema.org","@graph":[{"@type":"WebPage","@id":"https:\/\/explotumarca.com\/?product=logitech-scribe","url":"https:\/\/explotumarca.com\/?product=logitech-scribe","name":"Zoom videollamadas; venta de equipos especiales para zoom","isPartOf":{"@id":"https:\/\/explotumarca.com\/#website"},"primaryImageOfPage":{"@id":"https:\/\/explotumarca.com\/?product=logitech-scribe#primaryimage"},"image":{"@id":"https:\/\/explotumarca.com\/?product=logitech-scribe#primaryimage"},"thumbnailUrl":"https:\/\/explotumarca.com\/wp-content\/uploads\/2022\/03\/Logitech-Scribe-Videoconferencia-Explo-Explotumarca-4.jpg","datePublished":"2022-03-24T00:03:25+00:00","dateModified":"2022-04-11T15:58:26+00:00","description":"C\u00e1mara para pizarras, mantenimiento y capacitaci\u00f3n de zoom videollamadas para Empresas en M\u00e9xico. Cotiza los mejores equipos 2022","breadcrumb":{"@id":"https:\/\/explotumarca.com\/?product=logitech-scribe#breadcrumb"},"inLanguage":"es","potentialAction":[{"@type":"ReadAction","target":["https:\/\/explotumarca.com\/?product=logitech-scribe"]}]},{"@type":"ImageObject","inLanguage":"es","@id":"https:\/\/explotumarca.com\/?product=logitech-scribe#primaryimage","url":"https:\/\/explotumarca.com\/wp-content\/uploads\/2022\/03\/Logitech-Scribe-Videoconferencia-Explo-Explotumarca-4.jpg","contentUrl":"https:\/\/explotumarca.com\/wp-content\/uploads\/2022\/03\/Logitech-Scribe-Videoconferencia-Explo-Explotumarca-4.jpg","width":450,"height":450,"caption":"Logitech Scribe Videoconferencia Explo Explotumarca"},{"@type":"BreadcrumbList","@id":"https:\/\/explotumarca.com\/?product=logitech-scribe#breadcrumb","itemListElement":[{"@type":"ListItem","position":1,"name":"Inicio","item":"https:\/\/explotumarca.com\/"},{"@type":"ListItem","position":2,"name":"Productos","item":"https:\/\/explotumarca.com\/?post_type=product"},{"@type":"ListItem","position":3,"name":"LOGITECH SCRIBE"}]},{"@type":"WebSite","@id":"https:\/\/explotumarca.com\/#website","url":"https:\/\/explotumarca.com\/","name":"Explo","description":"Productos y servicios corporativos","publisher":{"@id":"https:\/\/explotumarca.com\/#organization"},"potentialAction":[{"@type":"SearchAction","target":{"@type":"EntryPoint","urlTemplate":"https:\/\/explotumarca.com\/?s={search_term_string}"},"query-input":{"@type":"PropertyValueSpecification","valueRequired":true,"valueName":"search_term_string"}}],"inLanguage":"es"},{"@type":"Organization","@id":"https:\/\/explotumarca.com\/#organization","name":"Explo","url":"https:\/\/explotumarca.com\/","logo":{"@type":"ImageObject","inLanguage":"es","@id":"https:\/\/explotumarca.com\/#\/schema\/logo\/image\/","url":"http:\/\/arsnovamx.com\/explotumarca.com\/wp-content\/uploads\/2020\/10\/Nuevo-Logo-Explo-2020.jpg","contentUrl":"http:\/\/arsnovamx.com\/explotumarca.com\/wp-content\/uploads\/2020\/10\/Nuevo-Logo-Explo-2020.jpg","width":800,"height":334,"caption":"Explo"},"image":{"@id":"https:\/\/explotumarca.com\/#\/schema\/logo\/image\/"},"sameAs":["https:\/\/www.facebook.com\/MexicoExplo\/"]}]}},"_links":{"self":[{"href":"https:\/\/explotumarca.com\/index.php?rest_route=\/wp\/v2\/product\/5622","targetHints":{"allow":["GET"]}}],"collection":[{"href":"https:\/\/explotumarca.com\/index.php?rest_route=\/wp\/v2\/product"}],"about":[{"href":"https:\/\/explotumarca.com\/index.php?rest_route=\/wp\/v2\/types\/product"}],"wp:featuredmedia":[{"embeddable":true,"href":"https:\/\/explotumarca.com\/index.php?rest_route=\/wp\/v2\/media\/5625"}],"wp:attachment":[{"href":"https:\/\/explotumarca.com\/index.php?rest_route=%2Fwp%2Fv2%2Fmedia&parent=5622"}],"wp:term":[{"taxonomy":"product_cat","embeddable":true,"href":"https:\/\/explotumarca.com\/index.php?rest_route=%2Fwp%2Fv2%2Fproduct_cat&post=5622"},{"taxonomy":"product_tag","embeddable":true,"href":"https:\/\/explotumarca.com\/index.php?rest_route=%2Fwp%2Fv2%2Fproduct_tag&post=5622"}],"curies":[{"name":"wp","href":"https:\/\/api.w.org\/{rel}","templated":true}]}}