{"id":5632,"date":"2022-03-24T12:42:52","date_gmt":"2022-03-24T18:42:52","guid":{"rendered":"https:\/\/explotumarca.com\/?post_type=product&#038;p=5632"},"modified":"2022-04-11T15:49:22","modified_gmt":"2022-04-11T20:49:22","slug":"logitech-tap","status":"publish","type":"product","link":"https:\/\/explotumarca.com\/?product=logitech-tap","title":{"rendered":"LOGITECH TAP"},"content":{"rendered":"<div class=\"grid\">\n<div class=\"banner-copy-ctn-inner js-banner-copy-ctn-inner\">\n<h1 class=\"font-hero-s js-title\">LOGITECH TAP PARA VIDEOLLAMADA<\/h1>\n<p>Control t\u00e1ctil de sala de reuni\u00f3n para servicios de video conferencia con Google Meet y Microsoft Teams Rooms en Windows, facilita el proceso de uni\u00f3n a las reuniones de video con un controlador t\u00e1ctil que permite el intercambio de contenido inal\u00e1mbrico y a trav\u00e9s de HDMI. con el <a href=\"https:\/\/www.logitech.com\/es-mx\/products\/video-conferencing\/room-solutions\/tap.939-001950.html\">TAP<\/a> para videollamada<\/p>\n<\/div>\n<\/div>\n<p>&nbsp;<\/p>\n<div class=\"grid js-grid grid-align-top\">\n<div class=\"js-col\">\n<div id=\"text_editable_copy-i5b8da789883e26484163f09fa1cbfd81\" class=\"pangea-cmp body-copy js-pangea-body-copy aem-margin-options font-size-normal font-brown-light dc-kohle tc-kohle mc-kohle\" data-align-desktop=\"center\" data-align-tablet=\"center\" data-align-mobile=\"center\">\n<div class=\"aem-content-ctn no-container\">\n<div id=\"text_editable_copy-i5b8da789883e26484163f09fa1cbfd81-padding-options\" class=\"aem-padding-options \">\n<div class=\"content-ctn rte-field text-width-normal\">\n<h2 class=\"body-copy-title font-title-l font-brown-bold \">IMPLEMENTA SOLUCIONES PARA SALAS CON FACILIDAD CON TAP PARA VIDEOLLAMADAS<\/h2>\n<\/div>\n<\/div>\n<\/div>\n<\/div>\n<\/div>\n<\/div>\n<div class=\"grid js-grid grid-align-top\">\n<div class=\"js-col\">\n<div id=\"text_editable-i174eb923b69fadc44764d61cd89be32d\" class=\"pangea-cmp body-copy js-pangea-body-copy aem-margin-options font-size-normal font-brown-light dc-kohle tc-kohle mc-kohle\" data-align-desktop=\"center\" data-align-tablet=\"center\" data-align-mobile=\"center\">\n<div class=\"aem-content-ctn no-container\">\n<div id=\"text_editable-i174eb923b69fadc44764d61cd89be32d-padding-options\" class=\"aem-padding-options \">\n<div class=\"content-ctn rte-field text-width-normal\">\n<p>Transforma tu espacio en un lugar de reuni\u00f3n de Google Meet<sup>&#x2122;<\/sup> o una sala de Microsoft Teams<sup>\u00ae<\/sup> Rooms en Windows<sup>\u00ae<\/sup> con Logitech Tap para videollamada Ofrece a los usuarios la opci\u00f3n de unirse a la reuni\u00f3n con solo toque, la integraci\u00f3n de calendarios, el intercambio de contenido sencillo y una experiencia uniforme en todas tus salas.<\/p>\n<\/div>\n<ul class=\"pangea-cmp tech-specs js-pangea-tech-specs\">\n<li class=\"specs-column\">\n<div class=\"specs-group\">\n<header class=\"specs-header\">\n<h3 class=\"specs-heading\">DIMENSIONES<\/h3>\n<\/header>\n<div class=\"specs-block\">\n<div class=\"specs-description\">Altura: 58 mm<\/div>\n<\/div>\n<div class=\"specs-block\">\n<div class=\"specs-description\">Ancho: 244 mm<\/div>\n<\/div>\n<div class=\"specs-block\">\n<div class=\"specs-description\">Profundidad: 179 mm<\/div>\n<\/div>\n<div class=\"specs-block\">\n<div class=\"specs-description\">Peso: 1,25 kg<\/div>\n<\/div>\n<div class=\"specs-block\">\n<h4 class=\"specs-title\">Pantalla t\u00e1ctil<\/h4>\n<ul class=\"specs-description-list\">\n<li>Pantalla de 10,1&#8243; de diagonal con \u00e1ngulo de visualizaci\u00f3n de 14\u00b0<\/li>\n<li>Recubrimiento oleof\u00f3bico y antirreflejos<\/li>\n<li>Resoluci\u00f3n de 1280 x 800<\/li>\n<\/ul>\n<\/div>\n<\/div>\n<\/li>\n<li class=\"specs-column\">\n<div class=\"specs-group\">\n<header class=\"specs-header\">\n<h3 class=\"specs-heading\">REQUISITOS DEL SISTEMA TAP PARA VIDEOLLAMADA<\/h3>\n<\/header>\n<div class=\"specs-block\">\n<div class=\"specs-description\">Windows\u00ae 10<\/div>\n<\/div>\n<div class=\"specs-block\">\n<div class=\"specs-description\">Chrome OS&#x2122; 80 y posteriores<\/div>\n<\/div>\n<div class=\"specs-block\">\n<div class=\"specs-description\">Logi CollabOS<\/div>\n<\/div>\n<div class=\"specs-block\">\n<div class=\"specs-description\">Puerto USB 2.0, 3.0 o 3.1 Tipo A<\/div>\n<\/div>\n<div class=\"specs-block\">\n<h4 class=\"specs-title\">PUERTOS E INTERFACES<\/h4>\n<ul class=\"specs-description-list\">\n<li>USB 2.0\/3.0\/3.1 Tipo C (a sistema host de sala de reuniones), USB 2.0 Tipo A (para conexi\u00f3n de accesorios)<\/li>\n<li>Entrada HDMI (para compartir contenido de audio y video 1080p)<\/li>\n<li>Toma de auriculares de 3,5\u00a0mm y 4 polos<\/li>\n<\/ul>\n<\/div>\n<\/div>\n<p>&nbsp;<\/li>\n<\/ul>\n<\/div>\n<\/div>\n<\/div>\n<\/div>\n<\/div>\n<header class=\"specs-header\">\n<h3 class=\"specs-heading\">ESPECIFICACIONES T\u00c9CNICAS DE TAP PARA VIDEOLLAMADA<\/h3>\n<\/header>\n<div class=\"specs-block\">\n<h4 class=\"specs-title\">ESPECIFICACIONES GENERALES<\/h4>\n<ul class=\"specs-description-list\">\n<li>Sistema interno de retenci\u00f3n y holgura de cables<\/li>\n<li>Altavoz ultras\u00f3nico integrado<\/li>\n<li>Sensor de movimiento PIR integrado<\/li>\n<li>FDMI (Flat Display Mounting Interface) VESA 100\u00a0mm x 100\u00a0mm<\/li>\n<li>Ranuras de bloqueo Kensington (2)<\/li>\n<\/ul>\n<\/div>\n<div class=\"specs-block\">\n<h4 class=\"specs-title\">COMPATIBILIDAD Y CERTIFICACIONES<\/h4>\n<ul class=\"specs-description-list\">\n<li>Logitech Tap est\u00e1 certificado o es compatible como controlador t\u00e1ctil para soluciones para salas de videoconferencia\n<ul class=\"specs-description-list\">\n<li>Google Meet&#x2122;<\/li>\n<li>GoToRoom\u00ae<\/li>\n<li>Microsoft Teams Rooms en Windows\u00ae<\/li>\n<li>Pexip&#x2122; Room<\/li>\n<li>RingCentral Rooms&#x2122;<\/li>\n<li>Zoom Rooms&#x2122;<\/li>\n<\/ul>\n<\/li>\n<\/ul>\n<\/div>\n<div class=\"specs-block\">\n<div class=\"specs-description\">DisplayLink Plug and Display&#x2122;: Tap se conecta a trav\u00e9s de USB como pantalla adicional para los sistemas operativos compatibles, incluidos Windows 10 y Chrome OS<\/div>\n<\/div>\n<div class=\"specs-block\">\n<h4 class=\"specs-title\">Accesorios opcionales<\/h4>\n<ul class=\"specs-description-list\">\n<li>Pieza de montaje en mesa, de montaje elevadora y de montaje en pared<\/li>\n<li>Kit Cat5e<\/li>\n<\/ul>\n<\/div>\n<p>&nbsp;<\/p>\n<ul class=\"pangea-cmp tech-specs js-pangea-tech-specs\">\n<li class=\"specs-column\">\n<div class=\"specs-group\">\n<header class=\"specs-header\">\n<h3 class=\"specs-heading\">CONTENIDO DE LA CAJA<\/h3>\n<\/header>\n<div class=\"specs-block\">\n<h4 class=\"specs-title\">Logitech Tap con kit Cat5e<\/h4>\n<ul class=\"specs-description-list\">\n<li>Control t\u00e1ctil Tap<\/li>\n<li>Kit Cat5e<\/li>\n<li>&#8211; Receptor Logitech Tap<\/li>\n<li>&#8211; Transceptor adaptador<\/li>\n<li>&#8211; Fuente de alimentaci\u00f3n de 100-240 V con juego internacional de adaptadores<\/li>\n<li>&#8211; Cable Cat5e de 2,97 m<\/li>\n<li>Cable Cat5e de 7,0 m<\/li>\n<li>HDMI 1.4a de 2,0 m<\/li>\n<li>Tornillos de montaje VESA (4)<\/li>\n<li>Pa\u00f1o de microfibra<\/li>\n<li>Documentaci\u00f3n<\/li>\n<\/ul>\n<\/div>\n<\/div>\n<\/li>\n<li class=\"specs-column\">\n<div class=\"specs-group\">\n<header class=\"specs-header\">\n<h3 class=\"specs-heading\">INFORMACI\u00d3N DE GARANT\u00cdA<\/h3>\n<\/header>\n<div class=\"specs-block\">\n<div class=\"specs-description\">Asegura tu tranquilidad con una garant\u00eda extendida para Tap, que agrega un a\u00f1o adicional a la garant\u00eda limitada est\u00e1ndar del hardware de dos a\u00f1os.<br \/>\nContacta a tu canal para consultar disponibilidad.<\/div>\n<\/div>\n<\/div>\n<\/li>\n<li class=\"specs-column\">\n<div class=\"specs-group\">\n<header class=\"specs-header\">\n<h3 class=\"specs-heading\">N\u00daMERO DE REFERENCIA<\/h3>\n<\/header>\n<div class=\"specs-block\">\n<ul class=\"specs-description-list\">\n<li>939-001950<\/li>\n<\/ul>\n<p>&nbsp;<\/p>\n<p>Ll\u00e1manos al (55) 3342 8218 o d\u00e9janos tus datos <a href=\"https:\/\/explotumarca.com\/?page_id=14\">aqu\u00ed<\/a><\/p>\n<p>&nbsp;<\/p>\n<\/div>\n<\/div>\n<\/li>\n<\/ul>\n","protected":false},"excerpt":{"rendered":"<p>LOGITECH TAP PARA VIDEOLLAMADA Control t\u00e1ctil de sala de reuni\u00f3n para servicios de video conferencia con Google Meet y Microsoft Teams Rooms en Windows, facilita el proceso de uni\u00f3n a las reuniones de video con [&hellip;]<\/p>\n","protected":false},"featured_media":5636,"template":"","meta":{"content-type":""},"product_cat":[96],"product_tag":[],"class_list":{"0":"post-5632","1":"product","2":"type-product","3":"status-publish","4":"has-post-thumbnail","6":"product_cat-soluciones-para-salas","8":"first","9":"instock","10":"taxable","11":"shipping-taxable","12":"product-type-simple"},"yoast_head":"<!-- This site is optimized with the Yoast SEO Premium plugin v18.8 (Yoast SEO v26.8) - https:\/\/yoast.com\/product\/yoast-seo-premium-wordpress\/ -->\n<title>Zoom venta de equipos especiales para zoom, TAP para videollamadas<\/title>\n<meta name=\"description\" content=\"Venta de equipos y accesorios, mantenimiento y capacitaci\u00f3n de zoom videollamadas para Empresas en M\u00e9xico. Cotiza los mejores equipos 2022.\" \/>\n<meta name=\"robots\" content=\"index, follow, max-snippet:-1, max-image-preview:large, max-video-preview:-1\" \/>\n<link rel=\"canonical\" href=\"https:\/\/explotumarca.com\/?product=logitech-tap\" \/>\n<meta property=\"og:locale\" content=\"es_MX\" \/>\n<meta property=\"og:type\" content=\"article\" \/>\n<meta property=\"og:title\" content=\"LOGITECH TAP\" \/>\n<meta property=\"og:description\" content=\"LOGITECH TAP PARA VIDEOLLAMADA Control t\u00e1ctil de sala de reuni\u00f3n para servicios de video conferencia con Google Meet y Microsoft Teams Rooms en Windows,\" \/>\n<meta property=\"og:url\" content=\"https:\/\/explotumarca.com\/?product=logitech-tap\" \/>\n<meta property=\"og:site_name\" content=\"Explo\" \/>\n<meta property=\"article:publisher\" content=\"https:\/\/www.facebook.com\/MexicoExplo\/\" \/>\n<meta property=\"article:modified_time\" content=\"2022-04-11T20:49:22+00:00\" \/>\n<meta property=\"og:image\" content=\"https:\/\/explotumarca.com\/wp-content\/uploads\/2022\/03\/Logitech-Tap-Videoconferencia-Explo-Explotumarca-5.jpg\" \/>\n\t<meta property=\"og:image:width\" content=\"450\" \/>\n\t<meta property=\"og:image:height\" content=\"450\" \/>\n\t<meta property=\"og:image:type\" content=\"image\/jpeg\" \/>\n<meta name=\"twitter:card\" content=\"summary_large_image\" \/>\n<meta name=\"twitter:label1\" content=\"Tiempo de lectura\" \/>\n\t<meta name=\"twitter:data1\" content=\"3 minutos\" \/>\n<script type=\"application\/ld+json\" class=\"yoast-schema-graph\">{\"@context\":\"https:\/\/schema.org\",\"@graph\":[{\"@type\":\"WebPage\",\"@id\":\"https:\/\/explotumarca.com\/?product=logitech-tap\",\"url\":\"https:\/\/explotumarca.com\/?product=logitech-tap\",\"name\":\"Zoom venta de equipos especiales para zoom, TAP para videollamadas\",\"isPartOf\":{\"@id\":\"https:\/\/explotumarca.com\/#website\"},\"primaryImageOfPage\":{\"@id\":\"https:\/\/explotumarca.com\/?product=logitech-tap#primaryimage\"},\"image\":{\"@id\":\"https:\/\/explotumarca.com\/?product=logitech-tap#primaryimage\"},\"thumbnailUrl\":\"https:\/\/explotumarca.com\/wp-content\/uploads\/2022\/03\/Logitech-Tap-Videoconferencia-Explo-Explotumarca-5.jpg\",\"datePublished\":\"2022-03-24T18:42:52+00:00\",\"dateModified\":\"2022-04-11T20:49:22+00:00\",\"description\":\"Venta de equipos y accesorios, mantenimiento y capacitaci\u00f3n de zoom videollamadas para Empresas en M\u00e9xico. Cotiza los mejores equipos 2022.\",\"breadcrumb\":{\"@id\":\"https:\/\/explotumarca.com\/?product=logitech-tap#breadcrumb\"},\"inLanguage\":\"es\",\"potentialAction\":[{\"@type\":\"ReadAction\",\"target\":[\"https:\/\/explotumarca.com\/?product=logitech-tap\"]}]},{\"@type\":\"ImageObject\",\"inLanguage\":\"es\",\"@id\":\"https:\/\/explotumarca.com\/?product=logitech-tap#primaryimage\",\"url\":\"https:\/\/explotumarca.com\/wp-content\/uploads\/2022\/03\/Logitech-Tap-Videoconferencia-Explo-Explotumarca-5.jpg\",\"contentUrl\":\"https:\/\/explotumarca.com\/wp-content\/uploads\/2022\/03\/Logitech-Tap-Videoconferencia-Explo-Explotumarca-5.jpg\",\"width\":450,\"height\":450,\"caption\":\"Logitech Tap Videoconferencia Explo Explotumarca\"},{\"@type\":\"BreadcrumbList\",\"@id\":\"https:\/\/explotumarca.com\/?product=logitech-tap#breadcrumb\",\"itemListElement\":[{\"@type\":\"ListItem\",\"position\":1,\"name\":\"Inicio\",\"item\":\"https:\/\/explotumarca.com\/\"},{\"@type\":\"ListItem\",\"position\":2,\"name\":\"Productos\",\"item\":\"https:\/\/explotumarca.com\/?post_type=product\"},{\"@type\":\"ListItem\",\"position\":3,\"name\":\"LOGITECH TAP\"}]},{\"@type\":\"WebSite\",\"@id\":\"https:\/\/explotumarca.com\/#website\",\"url\":\"https:\/\/explotumarca.com\/\",\"name\":\"Explo\",\"description\":\"Productos y servicios corporativos\",\"publisher\":{\"@id\":\"https:\/\/explotumarca.com\/#organization\"},\"potentialAction\":[{\"@type\":\"SearchAction\",\"target\":{\"@type\":\"EntryPoint\",\"urlTemplate\":\"https:\/\/explotumarca.com\/?s={search_term_string}\"},\"query-input\":{\"@type\":\"PropertyValueSpecification\",\"valueRequired\":true,\"valueName\":\"search_term_string\"}}],\"inLanguage\":\"es\"},{\"@type\":\"Organization\",\"@id\":\"https:\/\/explotumarca.com\/#organization\",\"name\":\"Explo\",\"url\":\"https:\/\/explotumarca.com\/\",\"logo\":{\"@type\":\"ImageObject\",\"inLanguage\":\"es\",\"@id\":\"https:\/\/explotumarca.com\/#\/schema\/logo\/image\/\",\"url\":\"http:\/\/arsnovamx.com\/explotumarca.com\/wp-content\/uploads\/2020\/10\/Nuevo-Logo-Explo-2020.jpg\",\"contentUrl\":\"http:\/\/arsnovamx.com\/explotumarca.com\/wp-content\/uploads\/2020\/10\/Nuevo-Logo-Explo-2020.jpg\",\"width\":800,\"height\":334,\"caption\":\"Explo\"},\"image\":{\"@id\":\"https:\/\/explotumarca.com\/#\/schema\/logo\/image\/\"},\"sameAs\":[\"https:\/\/www.facebook.com\/MexicoExplo\/\"]}]}<\/script>\n<!-- \/ Yoast SEO Premium plugin. -->","yoast_head_json":{"title":"Zoom venta de equipos especiales para zoom, TAP para videollamadas","description":"Venta de equipos y accesorios, mantenimiento y capacitaci\u00f3n de zoom videollamadas para Empresas en M\u00e9xico. Cotiza los mejores equipos 2022.","robots":{"index":"index","follow":"follow","max-snippet":"max-snippet:-1","max-image-preview":"max-image-preview:large","max-video-preview":"max-video-preview:-1"},"canonical":"https:\/\/explotumarca.com\/?product=logitech-tap","og_locale":"es_MX","og_type":"article","og_title":"LOGITECH TAP","og_description":"LOGITECH TAP PARA VIDEOLLAMADA Control t\u00e1ctil de sala de reuni\u00f3n para servicios de video conferencia con Google Meet y Microsoft Teams Rooms en Windows,","og_url":"https:\/\/explotumarca.com\/?product=logitech-tap","og_site_name":"Explo","article_publisher":"https:\/\/www.facebook.com\/MexicoExplo\/","article_modified_time":"2022-04-11T20:49:22+00:00","og_image":[{"width":450,"height":450,"url":"https:\/\/explotumarca.com\/wp-content\/uploads\/2022\/03\/Logitech-Tap-Videoconferencia-Explo-Explotumarca-5.jpg","type":"image\/jpeg"}],"twitter_card":"summary_large_image","twitter_misc":{"Tiempo de lectura":"3 minutos"},"schema":{"@context":"https:\/\/schema.org","@graph":[{"@type":"WebPage","@id":"https:\/\/explotumarca.com\/?product=logitech-tap","url":"https:\/\/explotumarca.com\/?product=logitech-tap","name":"Zoom venta de equipos especiales para zoom, TAP para videollamadas","isPartOf":{"@id":"https:\/\/explotumarca.com\/#website"},"primaryImageOfPage":{"@id":"https:\/\/explotumarca.com\/?product=logitech-tap#primaryimage"},"image":{"@id":"https:\/\/explotumarca.com\/?product=logitech-tap#primaryimage"},"thumbnailUrl":"https:\/\/explotumarca.com\/wp-content\/uploads\/2022\/03\/Logitech-Tap-Videoconferencia-Explo-Explotumarca-5.jpg","datePublished":"2022-03-24T18:42:52+00:00","dateModified":"2022-04-11T20:49:22+00:00","description":"Venta de equipos y accesorios, mantenimiento y capacitaci\u00f3n de zoom videollamadas para Empresas en M\u00e9xico. Cotiza los mejores equipos 2022.","breadcrumb":{"@id":"https:\/\/explotumarca.com\/?product=logitech-tap#breadcrumb"},"inLanguage":"es","potentialAction":[{"@type":"ReadAction","target":["https:\/\/explotumarca.com\/?product=logitech-tap"]}]},{"@type":"ImageObject","inLanguage":"es","@id":"https:\/\/explotumarca.com\/?product=logitech-tap#primaryimage","url":"https:\/\/explotumarca.com\/wp-content\/uploads\/2022\/03\/Logitech-Tap-Videoconferencia-Explo-Explotumarca-5.jpg","contentUrl":"https:\/\/explotumarca.com\/wp-content\/uploads\/2022\/03\/Logitech-Tap-Videoconferencia-Explo-Explotumarca-5.jpg","width":450,"height":450,"caption":"Logitech Tap Videoconferencia Explo Explotumarca"},{"@type":"BreadcrumbList","@id":"https:\/\/explotumarca.com\/?product=logitech-tap#breadcrumb","itemListElement":[{"@type":"ListItem","position":1,"name":"Inicio","item":"https:\/\/explotumarca.com\/"},{"@type":"ListItem","position":2,"name":"Productos","item":"https:\/\/explotumarca.com\/?post_type=product"},{"@type":"ListItem","position":3,"name":"LOGITECH TAP"}]},{"@type":"WebSite","@id":"https:\/\/explotumarca.com\/#website","url":"https:\/\/explotumarca.com\/","name":"Explo","description":"Productos y servicios corporativos","publisher":{"@id":"https:\/\/explotumarca.com\/#organization"},"potentialAction":[{"@type":"SearchAction","target":{"@type":"EntryPoint","urlTemplate":"https:\/\/explotumarca.com\/?s={search_term_string}"},"query-input":{"@type":"PropertyValueSpecification","valueRequired":true,"valueName":"search_term_string"}}],"inLanguage":"es"},{"@type":"Organization","@id":"https:\/\/explotumarca.com\/#organization","name":"Explo","url":"https:\/\/explotumarca.com\/","logo":{"@type":"ImageObject","inLanguage":"es","@id":"https:\/\/explotumarca.com\/#\/schema\/logo\/image\/","url":"http:\/\/arsnovamx.com\/explotumarca.com\/wp-content\/uploads\/2020\/10\/Nuevo-Logo-Explo-2020.jpg","contentUrl":"http:\/\/arsnovamx.com\/explotumarca.com\/wp-content\/uploads\/2020\/10\/Nuevo-Logo-Explo-2020.jpg","width":800,"height":334,"caption":"Explo"},"image":{"@id":"https:\/\/explotumarca.com\/#\/schema\/logo\/image\/"},"sameAs":["https:\/\/www.facebook.com\/MexicoExplo\/"]}]}},"_links":{"self":[{"href":"https:\/\/explotumarca.com\/index.php?rest_route=\/wp\/v2\/product\/5632","targetHints":{"allow":["GET"]}}],"collection":[{"href":"https:\/\/explotumarca.com\/index.php?rest_route=\/wp\/v2\/product"}],"about":[{"href":"https:\/\/explotumarca.com\/index.php?rest_route=\/wp\/v2\/types\/product"}],"wp:featuredmedia":[{"embeddable":true,"href":"https:\/\/explotumarca.com\/index.php?rest_route=\/wp\/v2\/media\/5636"}],"wp:attachment":[{"href":"https:\/\/explotumarca.com\/index.php?rest_route=%2Fwp%2Fv2%2Fmedia&parent=5632"}],"wp:term":[{"taxonomy":"product_cat","embeddable":true,"href":"https:\/\/explotumarca.com\/index.php?rest_route=%2Fwp%2Fv2%2Fproduct_cat&post=5632"},{"taxonomy":"product_tag","embeddable":true,"href":"https:\/\/explotumarca.com\/index.php?rest_route=%2Fwp%2Fv2%2Fproduct_tag&post=5632"}],"curies":[{"name":"wp","href":"https:\/\/api.w.org\/{rel}","templated":true}]}}