{"id":5638,"date":"2022-03-24T17:05:58","date_gmt":"2022-03-24T23:05:58","guid":{"rendered":"https:\/\/explotumarca.com\/?post_type=product&#038;p=5638"},"modified":"2022-04-11T15:47:24","modified_gmt":"2022-04-11T20:47:24","slug":"logitech-roommate","status":"publish","type":"product","link":"https:\/\/explotumarca.com\/?product=logitech-roommate","title":{"rendered":"LOGITECH ROOMMATE"},"content":{"rendered":"<div class=\"specs-group\">\n<header class=\"specs-header\">\n<div id=\"text_editable_copy-ifd95c7be896cfd1b526fdf9666d959a2\" class=\"pangea-cmp body-copy js-pangea-body-copy aem-margin-options font-size-normal font-brown-light dc-white tc-white mc-white\" data-align-desktop=\"center\" data-align-tablet=\"center\" data-align-mobile=\"center\">\n<div class=\"aem-content-ctn no-container\">\n<div id=\"text_editable_copy-ifd95c7be896cfd1b526fdf9666d959a2-padding-options\" class=\"aem-padding-options \">\n<div class=\"content-ctn rte-field text-width-normal\">\n<h1 class=\"body-copy-title font-title-l font-brown-bold \"><span class=\"lower\">LOGITECH ROOMMATE<\/span><\/h1>\n<\/div>\n<\/div>\n<\/div>\n<\/div>\n<div id=\"text_editable-iae17e410861223689a1dda844ad69ec0\" class=\"pangea-cmp body-copy js-pangea-body-copy aem-margin-options font-size-large font-brown-light dc-black tc-black mc-black\" data-align-desktop=\"center\" data-align-tablet=\"center\" data-align-mobile=\"center\">\n<div class=\"aem-content-ctn no-container\">\n<div id=\"text_editable-iae17e410861223689a1dda844ad69ec0-padding-options\" class=\"aem-padding-options \">\n<div class=\"content-ctn rte-field \">\n<p>Dispositivo aut\u00f3nomo CollabOS para c\u00e1maras de conferencia y perif\u00e9ricos de soluciones para salas de reuni\u00f3n compatibles<\/p>\n<\/div>\n<\/div>\n<\/div>\n<\/div>\n<\/header>\n<\/div>\n<p>&nbsp;<\/p>\n<h2 class=\"body-copy-title font-title-l font-brown-bold \">DISE\u00d1ADO ESPECIALMENTE PARA LA VIDEO COLABORACI\u00d3N<\/h2>\n<p>RoomMate funciona con CollabOS, lo cual te permite implementar f\u00e1cilmente Microsoft Teams<sup>\u00ae<\/sup>Rooms en Android&#x2122;<a class=\"note note-tooltip js-note-tooltip pangea-inited\"><sup aria-label=\"footnote 4\">4<\/sup><span class=\"visually-hidden js-tooltip-descriptor\" aria-hidden=\"true\">pr\u00f3ximamente<\/span><\/a>, dispositivos Zoom Rooms&#x2122; y otros servicios l\u00edderes de videoconferencia.<\/p>\n<p>&nbsp;<\/p>\n<div class=\"specs-group\">\n<div class=\"specs-description\">\n<div id=\"text_editable-iae17e410861223689a1dda844ad69ec0\" class=\"pangea-cmp body-copy js-pangea-body-copy aem-margin-options font-size-large font-brown-light dc-black tc-black mc-black\" data-align-desktop=\"center\" data-align-tablet=\"center\" data-align-mobile=\"center\">\n<div class=\"aem-content-ctn no-container\">\n<div id=\"text_editable-iae17e410861223689a1dda844ad69ec0-padding-options\" class=\"aem-padding-options \">\n<div class=\"content-ctn rte-field \">\n<ul class=\"pangea-cmp tech-specs js-pangea-tech-specs\">\n<li class=\"specs-column\">\n<div class=\"specs-group\">\n<header class=\"specs-header\">\n<h3 class=\"specs-heading\">DIMENSIONES<\/h3>\n<\/header>\n<div class=\"specs-block\">\n<div class=\"specs-description\">Altura: 34,5 mm<\/div>\n<\/div>\n<div class=\"specs-block\">\n<div class=\"specs-description\">Ancho: 161\u00a0mm<\/div>\n<\/div>\n<div class=\"specs-block\">\n<div class=\"specs-description\">Profundidad: 211\u00a0mm<\/div>\n<\/div>\n<\/div>\n<div><\/div>\n<\/li>\n<li class=\"specs-column\">\n<div class=\"specs-group\">\n<header class=\"specs-header\">\n<h3 class=\"specs-heading\">ESPECIFICACIONES T\u00c9CNICAS<\/h3>\n<\/header>\n<div class=\"specs-block\">\n<h4 class=\"specs-title\">Requisitos del sistema<\/h4>\n<ul class=\"specs-description-list\">\n<li>Conexi\u00f3n a Internet con cable o inal\u00e1mbrica<\/li>\n<li>Licencia de software de la soluci\u00f3n para salas (no incluida)<\/li>\n<\/ul>\n<\/div>\n<div class=\"specs-block\">\n<h4 class=\"specs-title\">General<\/h4>\n<ul class=\"specs-description-list\">\n<li>Sistemas operativos: Logitech CollabOS 1.4 o superior<\/li>\n<li>Administraci\u00f3n de dispositivos: Logitech Sync y plataformas de administraci\u00f3n de dispositivos compatibles<\/li>\n<li>Compatibilidad con protocolo de red: IPv4, IPv6<\/li>\n<li>Compatibilidad de proxy: Proxy basado en IP, Proxy basado en FQDN, Proxy con uso de archivo PAC<\/li>\n<\/ul>\n<\/div>\n<div class=\"specs-block\">\n<h4 class=\"specs-title\">COMPATIBILIDAD Y CERTIFICACIONES<\/h4>\n<ul class=\"specs-description-list\">\n<li>Certificaciones\n<ul class=\"specs-description-list\">\n<li>Microsoft Teams Rooms en Android (Lanzamiento a principios de 2022)<\/li>\n<li>Zoom Rooms<\/li>\n<\/ul>\n<\/li>\n<li>Compatibilidad con modo aut\u00f3nomo\n<ul class=\"specs-description-list\">\n<li>Microsoft Teams Rooms en Android (Lanzamiento a principios de 2022)<\/li>\n<li>Zoom Rooms<\/li>\n<li>GoToRoom\u00ae<\/li>\n<li>Pexip Room<\/li>\n<li>RingCentral Rooms&#x2122;<\/li>\n<\/ul>\n<\/li>\n<li>Hardware de audio verificado\n<ul class=\"specs-description-list\">\n<li>Biamp TesiraFORT\u00c9 X 400<\/li>\n<li>QSC Q-SYS Core 8 Flex<\/li>\n<li>Shure IntelliMix P300.<\/li>\n<\/ul>\n<\/li>\n<li>Hardware certificado\n<ul class=\"specs-description-list\">\n<li>Logitech MeetUp<\/li>\n<li>C\u00e1mara Rally<\/li>\n<li>Sistema Rally<\/li>\n<li>Sistema Rally Plus<\/li>\n<li>Tap<\/li>\n<li>Tap IP<\/li>\n<\/ul>\n<\/li>\n<li>Para obtener la informaci\u00f3n m\u00e1s reciente sobre certificaciones y compatibilidad, consulta www.logitech.com\/support\/vc-certifications.<\/li>\n<\/ul>\n<\/div>\n<div class=\"specs-block\">\n<h4 class=\"specs-title\">Interfaces<\/h4>\n<ul class=\"specs-description-list\">\n<li>Salida HDMI: 2<\/li>\n<li>Entrada HDMI: 1<\/li>\n<li>USB: 3 de Tipo A<\/li>\n<li>Red: Ethernet 10\/100\/1G<\/li>\n<li>WiFi: 802.11a\/b\/g\/n\/ac<\/li>\n<\/ul>\n<\/div>\n<div class=\"specs-block\">\n<h4 class=\"specs-title\">Alimentaci\u00f3n y cables<\/h4>\n<ul class=\"specs-description-list\">\n<li>Fuente de alimentaci\u00f3n: Detecci\u00f3n autom\u00e1tica<\/li>\n<li>Alimentaci\u00f3n\/Voltaje de servicio: 100-240 V, 19 V, 4,74 A<\/li>\n<li>Dimensiones de fuente de alimentaci\u00f3n: 127 mm x 51 mm x 30 mm<\/li>\n<li>Cable de CC: 1,5 m<\/li>\n<li>Cable de CA: 1\u00a0m<\/li>\n<\/ul>\n<\/div>\n<div class=\"specs-block\">\n<h4 class=\"specs-title\">Medioambiente<\/h4>\n<ul class=\"specs-description-list\">\n<li>Temperatura de funcionamiento: 0 to 40\u00b0C<\/li>\n<li>Temperatura de almacenamiento: -40 a 70\u00b0C<\/li>\n<li>Humedad: 10 to 95%<\/li>\n<\/ul>\n<\/div>\n<div class=\"specs-block\">\n<h4 class=\"specs-title\">Seguridad<\/h4>\n<ul class=\"specs-description-list\">\n<li>Cifrado de disco completo: Puerto USB disponible<\/li>\n<li>Cifrado de datos: Claves sim\u00e9tricas, infraestructura de clave p\u00fablica (PKI)<\/li>\n<li>Identidad de dispositivos: Protecci\u00f3n mediante atestaci\u00f3n de estado de dispositivos<\/li>\n<li>Acceso a dispositivos: Autenticaci\u00f3n mediante API<\/li>\n<li>Protecci\u00f3n mediante clave: Arm TrustZone, RPMP<\/li>\n<li>Seguridad del dispositivo: Bloqueo Kensington<\/li>\n<\/ul>\n<\/div>\n<\/div>\n<p>&nbsp;<\/li>\n<\/ul>\n<\/div>\n<\/div>\n<\/div>\n<\/div>\n<\/div>\n<\/div>\n<ul class=\"pangea-cmp tech-specs js-pangea-tech-specs\">\n<li class=\"specs-column\">\n<div class=\"specs-group\">\n<header class=\"specs-header\">\n<h3 class=\"specs-heading\">CONTENIDO DE LA CAJA<\/h3>\n<\/header>\n<div class=\"specs-block\">\n<ul class=\"specs-description-list\">\n<li>Logitech RoomMate<\/li>\n<li>Fuente de alimentaci\u00f3n<\/li>\n<li>Cable de CA<\/li>\n<li>Placa de montaje<\/li>\n<li>Control remoto<\/li>\n<li>Documentaci\u00f3n del usuario<\/li>\n<\/ul>\n<\/div>\n<\/div>\n<\/li>\n<li class=\"specs-column\">\n<div class=\"specs-group\">\n<header class=\"specs-header\">\n<h3 class=\"specs-heading\">INFORMACI\u00d3N DE GARANT\u00cdA<\/h3>\n<\/header>\n<div class=\"specs-block\">\n<div class=\"specs-description\">Est\u00e1ndar: incluye dos a\u00f1os de garant\u00eda de hardware limitada<br \/>\nExtendida: garant\u00eda adicional de un a\u00f1o disponible en el momento de la compra del hardware. Contacta a tu distribuidor para obtener informaci\u00f3n sobre disponibilidad.<\/div>\n<\/div>\n<\/div>\n<\/li>\n<li class=\"specs-column\">\n<div class=\"specs-group\">\n<header class=\"specs-header\">\n<h3 class=\"specs-heading\">N\u00daMERO DE REFERENCIA<\/h3>\n<\/header>\n<div class=\"specs-block\">\n<ul class=\"specs-description-list\">\n<li>950-000081<\/li>\n<\/ul>\n<p>&nbsp;<\/p>\n<p>Ll\u00e1manos al (55) 3342 8218 o d\u00e9janos tus datos <a href=\"https:\/\/explotumarca.com\/?page_id=14\">aqu\u00ed<\/a><\/p>\n<p>&nbsp;<\/p>\n<\/div>\n<\/div>\n<\/li>\n<\/ul>\n","protected":false},"excerpt":{"rendered":"<p>LOGITECH ROOMMATE Dispositivo aut\u00f3nomo CollabOS para c\u00e1maras de conferencia y perif\u00e9ricos de soluciones para salas de reuni\u00f3n compatibles &nbsp; DISE\u00d1ADO ESPECIALMENTE PARA LA VIDEO COLABORACI\u00d3N RoomMate funciona con CollabOS, lo cual te permite implementar f\u00e1cilmente [&hellip;]<\/p>\n","protected":false},"featured_media":5641,"template":"","meta":{"content-type":""},"product_cat":[96],"product_tag":[],"class_list":{"0":"post-5638","1":"product","2":"type-product","3":"status-publish","4":"has-post-thumbnail","6":"product_cat-soluciones-para-salas","8":"first","9":"instock","10":"taxable","11":"shipping-taxable","12":"product-type-simple"},"yoast_head":"<!-- This site is optimized with the Yoast SEO Premium plugin v18.8 (Yoast SEO v26.8) - https:\/\/yoast.com\/product\/yoast-seo-premium-wordpress\/ -->\n<title>Zoom videollamadas; venta de equipos especiales para zoom<\/title>\n<meta name=\"description\" content=\"Venta de equipos, salas, mantenimiento y capacitaci\u00f3n de zoom videollamadas para Empresas en M\u00e9xico. Cotiza los mejores equipos 2020.\" \/>\n<meta name=\"robots\" content=\"index, follow, max-snippet:-1, max-image-preview:large, max-video-preview:-1\" \/>\n<link rel=\"canonical\" href=\"https:\/\/explotumarca.com\/?product=logitech-roommate\" \/>\n<meta property=\"og:locale\" content=\"es_MX\" \/>\n<meta property=\"og:type\" content=\"article\" \/>\n<meta property=\"og:title\" content=\"LOGITECH ROOMMATE\" \/>\n<meta property=\"og:description\" content=\"LOGITECH ROOMMATE Dispositivo aut\u00f3nomo CollabOS para c\u00e1maras de conferencia y perif\u00e9ricos de soluciones para salas de reuni\u00f3n compatibles &nbsp; DISE\u00d1ADO\" \/>\n<meta property=\"og:url\" content=\"https:\/\/explotumarca.com\/?product=logitech-roommate\" \/>\n<meta property=\"og:site_name\" content=\"Explo\" \/>\n<meta property=\"article:publisher\" content=\"https:\/\/www.facebook.com\/MexicoExplo\/\" \/>\n<meta property=\"article:modified_time\" content=\"2022-04-11T20:47:24+00:00\" \/>\n<meta property=\"og:image\" content=\"https:\/\/explotumarca.com\/wp-content\/uploads\/2022\/03\/Logitech-Roommate-Videoconferencia-Explo-Explotumarca-4.jpg\" \/>\n\t<meta property=\"og:image:width\" content=\"450\" \/>\n\t<meta property=\"og:image:height\" content=\"450\" \/>\n\t<meta property=\"og:image:type\" content=\"image\/jpeg\" \/>\n<meta name=\"twitter:card\" content=\"summary_large_image\" \/>\n<meta name=\"twitter:label1\" content=\"Tiempo de lectura\" \/>\n\t<meta name=\"twitter:data1\" content=\"2 minutos\" \/>\n<script type=\"application\/ld+json\" class=\"yoast-schema-graph\">{\"@context\":\"https:\/\/schema.org\",\"@graph\":[{\"@type\":\"WebPage\",\"@id\":\"https:\/\/explotumarca.com\/?product=logitech-roommate\",\"url\":\"https:\/\/explotumarca.com\/?product=logitech-roommate\",\"name\":\"Zoom videollamadas; venta de equipos especiales para zoom\",\"isPartOf\":{\"@id\":\"https:\/\/explotumarca.com\/#website\"},\"primaryImageOfPage\":{\"@id\":\"https:\/\/explotumarca.com\/?product=logitech-roommate#primaryimage\"},\"image\":{\"@id\":\"https:\/\/explotumarca.com\/?product=logitech-roommate#primaryimage\"},\"thumbnailUrl\":\"https:\/\/explotumarca.com\/wp-content\/uploads\/2022\/03\/Logitech-Roommate-Videoconferencia-Explo-Explotumarca-4.jpg\",\"datePublished\":\"2022-03-24T23:05:58+00:00\",\"dateModified\":\"2022-04-11T20:47:24+00:00\",\"description\":\"Venta de equipos, salas, mantenimiento y capacitaci\u00f3n de zoom videollamadas para Empresas en M\u00e9xico. Cotiza los mejores equipos 2020.\",\"breadcrumb\":{\"@id\":\"https:\/\/explotumarca.com\/?product=logitech-roommate#breadcrumb\"},\"inLanguage\":\"es\",\"potentialAction\":[{\"@type\":\"ReadAction\",\"target\":[\"https:\/\/explotumarca.com\/?product=logitech-roommate\"]}]},{\"@type\":\"ImageObject\",\"inLanguage\":\"es\",\"@id\":\"https:\/\/explotumarca.com\/?product=logitech-roommate#primaryimage\",\"url\":\"https:\/\/explotumarca.com\/wp-content\/uploads\/2022\/03\/Logitech-Roommate-Videoconferencia-Explo-Explotumarca-4.jpg\",\"contentUrl\":\"https:\/\/explotumarca.com\/wp-content\/uploads\/2022\/03\/Logitech-Roommate-Videoconferencia-Explo-Explotumarca-4.jpg\",\"width\":450,\"height\":450,\"caption\":\"Logitech Roommate Videoconferencia Explo Explotumarca\"},{\"@type\":\"BreadcrumbList\",\"@id\":\"https:\/\/explotumarca.com\/?product=logitech-roommate#breadcrumb\",\"itemListElement\":[{\"@type\":\"ListItem\",\"position\":1,\"name\":\"Inicio\",\"item\":\"https:\/\/explotumarca.com\/\"},{\"@type\":\"ListItem\",\"position\":2,\"name\":\"Productos\",\"item\":\"https:\/\/explotumarca.com\/?post_type=product\"},{\"@type\":\"ListItem\",\"position\":3,\"name\":\"LOGITECH ROOMMATE\"}]},{\"@type\":\"WebSite\",\"@id\":\"https:\/\/explotumarca.com\/#website\",\"url\":\"https:\/\/explotumarca.com\/\",\"name\":\"Explo\",\"description\":\"Productos y servicios corporativos\",\"publisher\":{\"@id\":\"https:\/\/explotumarca.com\/#organization\"},\"potentialAction\":[{\"@type\":\"SearchAction\",\"target\":{\"@type\":\"EntryPoint\",\"urlTemplate\":\"https:\/\/explotumarca.com\/?s={search_term_string}\"},\"query-input\":{\"@type\":\"PropertyValueSpecification\",\"valueRequired\":true,\"valueName\":\"search_term_string\"}}],\"inLanguage\":\"es\"},{\"@type\":\"Organization\",\"@id\":\"https:\/\/explotumarca.com\/#organization\",\"name\":\"Explo\",\"url\":\"https:\/\/explotumarca.com\/\",\"logo\":{\"@type\":\"ImageObject\",\"inLanguage\":\"es\",\"@id\":\"https:\/\/explotumarca.com\/#\/schema\/logo\/image\/\",\"url\":\"http:\/\/arsnovamx.com\/explotumarca.com\/wp-content\/uploads\/2020\/10\/Nuevo-Logo-Explo-2020.jpg\",\"contentUrl\":\"http:\/\/arsnovamx.com\/explotumarca.com\/wp-content\/uploads\/2020\/10\/Nuevo-Logo-Explo-2020.jpg\",\"width\":800,\"height\":334,\"caption\":\"Explo\"},\"image\":{\"@id\":\"https:\/\/explotumarca.com\/#\/schema\/logo\/image\/\"},\"sameAs\":[\"https:\/\/www.facebook.com\/MexicoExplo\/\"]}]}<\/script>\n<!-- \/ Yoast SEO Premium plugin. -->","yoast_head_json":{"title":"Zoom videollamadas; venta de equipos especiales para zoom","description":"Venta de equipos, salas, mantenimiento y capacitaci\u00f3n de zoom videollamadas para Empresas en M\u00e9xico. Cotiza los mejores equipos 2020.","robots":{"index":"index","follow":"follow","max-snippet":"max-snippet:-1","max-image-preview":"max-image-preview:large","max-video-preview":"max-video-preview:-1"},"canonical":"https:\/\/explotumarca.com\/?product=logitech-roommate","og_locale":"es_MX","og_type":"article","og_title":"LOGITECH ROOMMATE","og_description":"LOGITECH ROOMMATE Dispositivo aut\u00f3nomo CollabOS para c\u00e1maras de conferencia y perif\u00e9ricos de soluciones para salas de reuni\u00f3n compatibles &nbsp; DISE\u00d1ADO","og_url":"https:\/\/explotumarca.com\/?product=logitech-roommate","og_site_name":"Explo","article_publisher":"https:\/\/www.facebook.com\/MexicoExplo\/","article_modified_time":"2022-04-11T20:47:24+00:00","og_image":[{"width":450,"height":450,"url":"https:\/\/explotumarca.com\/wp-content\/uploads\/2022\/03\/Logitech-Roommate-Videoconferencia-Explo-Explotumarca-4.jpg","type":"image\/jpeg"}],"twitter_card":"summary_large_image","twitter_misc":{"Tiempo de lectura":"2 minutos"},"schema":{"@context":"https:\/\/schema.org","@graph":[{"@type":"WebPage","@id":"https:\/\/explotumarca.com\/?product=logitech-roommate","url":"https:\/\/explotumarca.com\/?product=logitech-roommate","name":"Zoom videollamadas; venta de equipos especiales para zoom","isPartOf":{"@id":"https:\/\/explotumarca.com\/#website"},"primaryImageOfPage":{"@id":"https:\/\/explotumarca.com\/?product=logitech-roommate#primaryimage"},"image":{"@id":"https:\/\/explotumarca.com\/?product=logitech-roommate#primaryimage"},"thumbnailUrl":"https:\/\/explotumarca.com\/wp-content\/uploads\/2022\/03\/Logitech-Roommate-Videoconferencia-Explo-Explotumarca-4.jpg","datePublished":"2022-03-24T23:05:58+00:00","dateModified":"2022-04-11T20:47:24+00:00","description":"Venta de equipos, salas, mantenimiento y capacitaci\u00f3n de zoom videollamadas para Empresas en M\u00e9xico. Cotiza los mejores equipos 2020.","breadcrumb":{"@id":"https:\/\/explotumarca.com\/?product=logitech-roommate#breadcrumb"},"inLanguage":"es","potentialAction":[{"@type":"ReadAction","target":["https:\/\/explotumarca.com\/?product=logitech-roommate"]}]},{"@type":"ImageObject","inLanguage":"es","@id":"https:\/\/explotumarca.com\/?product=logitech-roommate#primaryimage","url":"https:\/\/explotumarca.com\/wp-content\/uploads\/2022\/03\/Logitech-Roommate-Videoconferencia-Explo-Explotumarca-4.jpg","contentUrl":"https:\/\/explotumarca.com\/wp-content\/uploads\/2022\/03\/Logitech-Roommate-Videoconferencia-Explo-Explotumarca-4.jpg","width":450,"height":450,"caption":"Logitech Roommate Videoconferencia Explo Explotumarca"},{"@type":"BreadcrumbList","@id":"https:\/\/explotumarca.com\/?product=logitech-roommate#breadcrumb","itemListElement":[{"@type":"ListItem","position":1,"name":"Inicio","item":"https:\/\/explotumarca.com\/"},{"@type":"ListItem","position":2,"name":"Productos","item":"https:\/\/explotumarca.com\/?post_type=product"},{"@type":"ListItem","position":3,"name":"LOGITECH ROOMMATE"}]},{"@type":"WebSite","@id":"https:\/\/explotumarca.com\/#website","url":"https:\/\/explotumarca.com\/","name":"Explo","description":"Productos y servicios corporativos","publisher":{"@id":"https:\/\/explotumarca.com\/#organization"},"potentialAction":[{"@type":"SearchAction","target":{"@type":"EntryPoint","urlTemplate":"https:\/\/explotumarca.com\/?s={search_term_string}"},"query-input":{"@type":"PropertyValueSpecification","valueRequired":true,"valueName":"search_term_string"}}],"inLanguage":"es"},{"@type":"Organization","@id":"https:\/\/explotumarca.com\/#organization","name":"Explo","url":"https:\/\/explotumarca.com\/","logo":{"@type":"ImageObject","inLanguage":"es","@id":"https:\/\/explotumarca.com\/#\/schema\/logo\/image\/","url":"http:\/\/arsnovamx.com\/explotumarca.com\/wp-content\/uploads\/2020\/10\/Nuevo-Logo-Explo-2020.jpg","contentUrl":"http:\/\/arsnovamx.com\/explotumarca.com\/wp-content\/uploads\/2020\/10\/Nuevo-Logo-Explo-2020.jpg","width":800,"height":334,"caption":"Explo"},"image":{"@id":"https:\/\/explotumarca.com\/#\/schema\/logo\/image\/"},"sameAs":["https:\/\/www.facebook.com\/MexicoExplo\/"]}]}},"_links":{"self":[{"href":"https:\/\/explotumarca.com\/index.php?rest_route=\/wp\/v2\/product\/5638","targetHints":{"allow":["GET"]}}],"collection":[{"href":"https:\/\/explotumarca.com\/index.php?rest_route=\/wp\/v2\/product"}],"about":[{"href":"https:\/\/explotumarca.com\/index.php?rest_route=\/wp\/v2\/types\/product"}],"wp:featuredmedia":[{"embeddable":true,"href":"https:\/\/explotumarca.com\/index.php?rest_route=\/wp\/v2\/media\/5641"}],"wp:attachment":[{"href":"https:\/\/explotumarca.com\/index.php?rest_route=%2Fwp%2Fv2%2Fmedia&parent=5638"}],"wp:term":[{"taxonomy":"product_cat","embeddable":true,"href":"https:\/\/explotumarca.com\/index.php?rest_route=%2Fwp%2Fv2%2Fproduct_cat&post=5638"},{"taxonomy":"product_tag","embeddable":true,"href":"https:\/\/explotumarca.com\/index.php?rest_route=%2Fwp%2Fv2%2Fproduct_tag&post=5638"}],"curies":[{"name":"wp","href":"https:\/\/api.w.org\/{rel}","templated":true}]}}