{"id":5644,"date":"2022-03-24T17:27:34","date_gmt":"2022-03-24T23:27:34","guid":{"rendered":"https:\/\/explotumarca.com\/?post_type=product&#038;p=5644"},"modified":"2022-04-11T15:46:05","modified_gmt":"2022-04-11T20:46:05","slug":"soluciones-de-salas-logitech-para-zoom-rooms","status":"publish","type":"product","link":"https:\/\/explotumarca.com\/?product=soluciones-de-salas-logitech-para-zoom-rooms","title":{"rendered":"SOLUCIONES DE SALAS LOGITECH PARA ZOOM ROOMS"},"content":{"rendered":"<h1>SOLUCIONES DE SALAS LOGITECH PARA ZOOM ROOMS<\/h1>\n<p>Sistemas preconfigurados para salas peque\u00f1as, medianas y grandes, para Zoom videollamas<\/p>\n<p>&nbsp;<\/p>\n<h2 class=\"body-copy-title font-title-l font-brown-bold \">LOGITECH + ZOOM:<br \/>\nJUNTOS, EN TODOS LADOS ZOOM VIDEOLLAMADAS<\/h2>\n<p>Las soluciones de video colaboraci\u00f3n de Logitech para<a href=\"https:\/\/www.logitech.com\/es-mx\/video-collaboration\/partners\/zoom.html\"> Zoom<\/a>\u00a0videollamadas permiten a las personas y los equipos trabajar juntos desde cualquier lugar. Nuestro ecosistema completo de hardware, software y servicios certificados por Zoom es f\u00e1cil de usar e implementar a escala, y hace que el lugar de trabajo h\u00edbrido funcione para todos.<\/p>\n<p>&nbsp;<\/p>\n<h2 class=\"body-copy-title font-title-l font-brown-bold \">SOLUCIONES PARA CADA ESPACIO ZOO VIDEOLLAMADAS<\/h2>\n<p>Logitech y Zoom te permiten ofrecer soluciones de reuniones equitativas para el lugar de trabajo din\u00e1mico de la actualidad. Desde la oficina en casa hasta la sala de reuniones, puedes configurar cada espacio para una colaboraci\u00f3n significativa.<\/p>\n<p>&nbsp;<\/p>\n<h2 class=\"h3 \">TU ESPACIO DE TRABAJO PERSONAL, ACTUALIZADO<\/h2>\n<p>De la oficina en casa a la oficina central, el portafolio de c\u00e1maras web, auriculares y estaciones base todo-en-uno de Logitech garantizan que todos puedan ver y ser vistos, escuchar y ser escuchados, y unirse a reuniones con un solo toque.<\/p>\n<p>&nbsp;<\/p>\n<h2 class=\"h3 \">CONVERSACIONES CON CONTEXTO<\/h2>\n<p>RightSight 2, Rally Bar y Rally Bar Mini integrados con Zoom Rooms Smart Gallery permiten ofrecer a los participantes remotos una vista completa del participante activo y la sala. Ahora, todos pueden disfrutar de una participaci\u00f3n igualitaria en la reuni\u00f3n.<\/p>\n<p>&nbsp;<\/p>\n<h2 class=\"h3 \">TODO EL PAQUETE PARA ZOOM VIDEOLLAMADAS<\/h2>\n<p>Las soluciones llave-en-mano con una c\u00e1mara para conferencias y el controlador t\u00e1ctil Logitech Tap simplifican la implementaci\u00f3n de Zoom Rooms en una amplia gama de espacios y distribuciones. Ampl\u00eda tu soluci\u00f3n con Tap Scheduler, Scribe y una l\u00ednea completa de piezas de montaje y opciones de cableado para una experiencia integral a\u00fan mejor.<\/p>\n<p>&nbsp;<\/p>\n<p>Ll\u00e1manos al (55) 3342 8218 o d\u00e9janos tus datos <a href=\"https:\/\/explotumarca.com\/?page_id=14\">aqu\u00ed<\/a><\/p>\n<p>&nbsp;<\/p>\n","protected":false},"excerpt":{"rendered":"<p>SOLUCIONES DE SALAS LOGITECH PARA ZOOM ROOMS Sistemas preconfigurados para salas peque\u00f1as, medianas y grandes, para Zoom videollamas &nbsp; LOGITECH + ZOOM: JUNTOS, EN TODOS LADOS ZOOM VIDEOLLAMADAS Las soluciones de video colaboraci\u00f3n de Logitech [&hellip;]<\/p>\n","protected":false},"featured_media":5649,"template":"","meta":{"content-type":""},"product_cat":[96],"product_tag":[],"class_list":{"0":"post-5644","1":"product","2":"type-product","3":"status-publish","4":"has-post-thumbnail","6":"product_cat-soluciones-para-salas","8":"first","9":"instock","10":"taxable","11":"shipping-taxable","12":"product-type-simple"},"yoast_head":"<!-- This site is optimized with the Yoast SEO Premium plugin v18.8 (Yoast SEO v26.8) - https:\/\/yoast.com\/product\/yoast-seo-premium-wordpress\/ -->\n<title>Zoom videollamadas; venta de equipos especiales para zoom<\/title>\n<meta name=\"description\" content=\"Venta de equipos, salas, mantenimiento y capacitaci\u00f3n de zoom videollamadas para Empresas en M\u00e9xico. Cotiza los mejores equipos 2022.\" \/>\n<meta name=\"robots\" content=\"index, follow, max-snippet:-1, max-image-preview:large, max-video-preview:-1\" \/>\n<link rel=\"canonical\" href=\"https:\/\/explotumarca.com\/?product=soluciones-de-salas-logitech-para-zoom-rooms\" \/>\n<meta property=\"og:locale\" content=\"es_MX\" \/>\n<meta property=\"og:type\" content=\"article\" \/>\n<meta property=\"og:title\" content=\"SOLUCIONES DE SALAS LOGITECH PARA ZOOM ROOMS\" \/>\n<meta property=\"og:description\" content=\"SOLUCIONES DE SALAS LOGITECH PARA ZOOM ROOMS Sistemas preconfigurados para salas peque\u00f1as, medianas y grandes, para Zoom videollamas &nbsp; LOGITECH +\" \/>\n<meta property=\"og:url\" content=\"https:\/\/explotumarca.com\/?product=soluciones-de-salas-logitech-para-zoom-rooms\" \/>\n<meta property=\"og:site_name\" content=\"Explo\" \/>\n<meta property=\"article:publisher\" content=\"https:\/\/www.facebook.com\/MexicoExplo\/\" \/>\n<meta property=\"article:modified_time\" content=\"2022-04-11T20:46:05+00:00\" \/>\n<meta property=\"og:image\" content=\"https:\/\/explotumarca.com\/wp-content\/uploads\/2022\/03\/SOLUCIONES-DE-SALAS-LOGITECH-PARA-ZOOM-ROOMS-VIDEOCONFERENCIA-EXPLO-EXPLOTUMARCA-3.jpg\" \/>\n\t<meta property=\"og:image:width\" content=\"450\" \/>\n\t<meta property=\"og:image:height\" content=\"450\" \/>\n\t<meta property=\"og:image:type\" content=\"image\/jpeg\" \/>\n<meta name=\"twitter:card\" content=\"summary_large_image\" \/>\n<meta name=\"twitter:label1\" content=\"Tiempo de lectura\" \/>\n\t<meta name=\"twitter:data1\" content=\"2 minutos\" \/>\n<script type=\"application\/ld+json\" class=\"yoast-schema-graph\">{\"@context\":\"https:\/\/schema.org\",\"@graph\":[{\"@type\":\"WebPage\",\"@id\":\"https:\/\/explotumarca.com\/?product=soluciones-de-salas-logitech-para-zoom-rooms\",\"url\":\"https:\/\/explotumarca.com\/?product=soluciones-de-salas-logitech-para-zoom-rooms\",\"name\":\"Zoom videollamadas; venta de equipos especiales para zoom\",\"isPartOf\":{\"@id\":\"https:\/\/explotumarca.com\/#website\"},\"primaryImageOfPage\":{\"@id\":\"https:\/\/explotumarca.com\/?product=soluciones-de-salas-logitech-para-zoom-rooms#primaryimage\"},\"image\":{\"@id\":\"https:\/\/explotumarca.com\/?product=soluciones-de-salas-logitech-para-zoom-rooms#primaryimage\"},\"thumbnailUrl\":\"https:\/\/explotumarca.com\/wp-content\/uploads\/2022\/03\/SOLUCIONES-DE-SALAS-LOGITECH-PARA-ZOOM-ROOMS-VIDEOCONFERENCIA-EXPLO-EXPLOTUMARCA-3.jpg\",\"datePublished\":\"2022-03-24T23:27:34+00:00\",\"dateModified\":\"2022-04-11T20:46:05+00:00\",\"description\":\"Venta de equipos, salas, mantenimiento y capacitaci\u00f3n de zoom videollamadas para Empresas en M\u00e9xico. Cotiza los mejores equipos 2022.\",\"breadcrumb\":{\"@id\":\"https:\/\/explotumarca.com\/?product=soluciones-de-salas-logitech-para-zoom-rooms#breadcrumb\"},\"inLanguage\":\"es\",\"potentialAction\":[{\"@type\":\"ReadAction\",\"target\":[\"https:\/\/explotumarca.com\/?product=soluciones-de-salas-logitech-para-zoom-rooms\"]}]},{\"@type\":\"ImageObject\",\"inLanguage\":\"es\",\"@id\":\"https:\/\/explotumarca.com\/?product=soluciones-de-salas-logitech-para-zoom-rooms#primaryimage\",\"url\":\"https:\/\/explotumarca.com\/wp-content\/uploads\/2022\/03\/SOLUCIONES-DE-SALAS-LOGITECH-PARA-ZOOM-ROOMS-VIDEOCONFERENCIA-EXPLO-EXPLOTUMARCA-3.jpg\",\"contentUrl\":\"https:\/\/explotumarca.com\/wp-content\/uploads\/2022\/03\/SOLUCIONES-DE-SALAS-LOGITECH-PARA-ZOOM-ROOMS-VIDEOCONFERENCIA-EXPLO-EXPLOTUMARCA-3.jpg\",\"width\":450,\"height\":450,\"caption\":\"SOLUCIONES DE SALAS LOGITECH PARA ZOOM ROOMS VIDEOCONFERENCIA EXPLO EXPLOTUMARCA\"},{\"@type\":\"BreadcrumbList\",\"@id\":\"https:\/\/explotumarca.com\/?product=soluciones-de-salas-logitech-para-zoom-rooms#breadcrumb\",\"itemListElement\":[{\"@type\":\"ListItem\",\"position\":1,\"name\":\"Inicio\",\"item\":\"https:\/\/explotumarca.com\/\"},{\"@type\":\"ListItem\",\"position\":2,\"name\":\"Productos\",\"item\":\"https:\/\/explotumarca.com\/?post_type=product\"},{\"@type\":\"ListItem\",\"position\":3,\"name\":\"SOLUCIONES DE SALAS LOGITECH PARA ZOOM ROOMS\"}]},{\"@type\":\"WebSite\",\"@id\":\"https:\/\/explotumarca.com\/#website\",\"url\":\"https:\/\/explotumarca.com\/\",\"name\":\"Explo\",\"description\":\"Productos y servicios corporativos\",\"publisher\":{\"@id\":\"https:\/\/explotumarca.com\/#organization\"},\"potentialAction\":[{\"@type\":\"SearchAction\",\"target\":{\"@type\":\"EntryPoint\",\"urlTemplate\":\"https:\/\/explotumarca.com\/?s={search_term_string}\"},\"query-input\":{\"@type\":\"PropertyValueSpecification\",\"valueRequired\":true,\"valueName\":\"search_term_string\"}}],\"inLanguage\":\"es\"},{\"@type\":\"Organization\",\"@id\":\"https:\/\/explotumarca.com\/#organization\",\"name\":\"Explo\",\"url\":\"https:\/\/explotumarca.com\/\",\"logo\":{\"@type\":\"ImageObject\",\"inLanguage\":\"es\",\"@id\":\"https:\/\/explotumarca.com\/#\/schema\/logo\/image\/\",\"url\":\"http:\/\/arsnovamx.com\/explotumarca.com\/wp-content\/uploads\/2020\/10\/Nuevo-Logo-Explo-2020.jpg\",\"contentUrl\":\"http:\/\/arsnovamx.com\/explotumarca.com\/wp-content\/uploads\/2020\/10\/Nuevo-Logo-Explo-2020.jpg\",\"width\":800,\"height\":334,\"caption\":\"Explo\"},\"image\":{\"@id\":\"https:\/\/explotumarca.com\/#\/schema\/logo\/image\/\"},\"sameAs\":[\"https:\/\/www.facebook.com\/MexicoExplo\/\"]}]}<\/script>\n<!-- \/ Yoast SEO Premium plugin. -->","yoast_head_json":{"title":"Zoom videollamadas; venta de equipos especiales para zoom","description":"Venta de equipos, salas, mantenimiento y capacitaci\u00f3n de zoom videollamadas para Empresas en M\u00e9xico. Cotiza los mejores equipos 2022.","robots":{"index":"index","follow":"follow","max-snippet":"max-snippet:-1","max-image-preview":"max-image-preview:large","max-video-preview":"max-video-preview:-1"},"canonical":"https:\/\/explotumarca.com\/?product=soluciones-de-salas-logitech-para-zoom-rooms","og_locale":"es_MX","og_type":"article","og_title":"SOLUCIONES DE SALAS LOGITECH PARA ZOOM ROOMS","og_description":"SOLUCIONES DE SALAS LOGITECH PARA ZOOM ROOMS Sistemas preconfigurados para salas peque\u00f1as, medianas y grandes, para Zoom videollamas &nbsp; LOGITECH +","og_url":"https:\/\/explotumarca.com\/?product=soluciones-de-salas-logitech-para-zoom-rooms","og_site_name":"Explo","article_publisher":"https:\/\/www.facebook.com\/MexicoExplo\/","article_modified_time":"2022-04-11T20:46:05+00:00","og_image":[{"width":450,"height":450,"url":"https:\/\/explotumarca.com\/wp-content\/uploads\/2022\/03\/SOLUCIONES-DE-SALAS-LOGITECH-PARA-ZOOM-ROOMS-VIDEOCONFERENCIA-EXPLO-EXPLOTUMARCA-3.jpg","type":"image\/jpeg"}],"twitter_card":"summary_large_image","twitter_misc":{"Tiempo de lectura":"2 minutos"},"schema":{"@context":"https:\/\/schema.org","@graph":[{"@type":"WebPage","@id":"https:\/\/explotumarca.com\/?product=soluciones-de-salas-logitech-para-zoom-rooms","url":"https:\/\/explotumarca.com\/?product=soluciones-de-salas-logitech-para-zoom-rooms","name":"Zoom videollamadas; venta de equipos especiales para zoom","isPartOf":{"@id":"https:\/\/explotumarca.com\/#website"},"primaryImageOfPage":{"@id":"https:\/\/explotumarca.com\/?product=soluciones-de-salas-logitech-para-zoom-rooms#primaryimage"},"image":{"@id":"https:\/\/explotumarca.com\/?product=soluciones-de-salas-logitech-para-zoom-rooms#primaryimage"},"thumbnailUrl":"https:\/\/explotumarca.com\/wp-content\/uploads\/2022\/03\/SOLUCIONES-DE-SALAS-LOGITECH-PARA-ZOOM-ROOMS-VIDEOCONFERENCIA-EXPLO-EXPLOTUMARCA-3.jpg","datePublished":"2022-03-24T23:27:34+00:00","dateModified":"2022-04-11T20:46:05+00:00","description":"Venta de equipos, salas, mantenimiento y capacitaci\u00f3n de zoom videollamadas para Empresas en M\u00e9xico. Cotiza los mejores equipos 2022.","breadcrumb":{"@id":"https:\/\/explotumarca.com\/?product=soluciones-de-salas-logitech-para-zoom-rooms#breadcrumb"},"inLanguage":"es","potentialAction":[{"@type":"ReadAction","target":["https:\/\/explotumarca.com\/?product=soluciones-de-salas-logitech-para-zoom-rooms"]}]},{"@type":"ImageObject","inLanguage":"es","@id":"https:\/\/explotumarca.com\/?product=soluciones-de-salas-logitech-para-zoom-rooms#primaryimage","url":"https:\/\/explotumarca.com\/wp-content\/uploads\/2022\/03\/SOLUCIONES-DE-SALAS-LOGITECH-PARA-ZOOM-ROOMS-VIDEOCONFERENCIA-EXPLO-EXPLOTUMARCA-3.jpg","contentUrl":"https:\/\/explotumarca.com\/wp-content\/uploads\/2022\/03\/SOLUCIONES-DE-SALAS-LOGITECH-PARA-ZOOM-ROOMS-VIDEOCONFERENCIA-EXPLO-EXPLOTUMARCA-3.jpg","width":450,"height":450,"caption":"SOLUCIONES DE SALAS LOGITECH PARA ZOOM ROOMS VIDEOCONFERENCIA EXPLO EXPLOTUMARCA"},{"@type":"BreadcrumbList","@id":"https:\/\/explotumarca.com\/?product=soluciones-de-salas-logitech-para-zoom-rooms#breadcrumb","itemListElement":[{"@type":"ListItem","position":1,"name":"Inicio","item":"https:\/\/explotumarca.com\/"},{"@type":"ListItem","position":2,"name":"Productos","item":"https:\/\/explotumarca.com\/?post_type=product"},{"@type":"ListItem","position":3,"name":"SOLUCIONES DE SALAS LOGITECH PARA ZOOM ROOMS"}]},{"@type":"WebSite","@id":"https:\/\/explotumarca.com\/#website","url":"https:\/\/explotumarca.com\/","name":"Explo","description":"Productos y servicios corporativos","publisher":{"@id":"https:\/\/explotumarca.com\/#organization"},"potentialAction":[{"@type":"SearchAction","target":{"@type":"EntryPoint","urlTemplate":"https:\/\/explotumarca.com\/?s={search_term_string}"},"query-input":{"@type":"PropertyValueSpecification","valueRequired":true,"valueName":"search_term_string"}}],"inLanguage":"es"},{"@type":"Organization","@id":"https:\/\/explotumarca.com\/#organization","name":"Explo","url":"https:\/\/explotumarca.com\/","logo":{"@type":"ImageObject","inLanguage":"es","@id":"https:\/\/explotumarca.com\/#\/schema\/logo\/image\/","url":"http:\/\/arsnovamx.com\/explotumarca.com\/wp-content\/uploads\/2020\/10\/Nuevo-Logo-Explo-2020.jpg","contentUrl":"http:\/\/arsnovamx.com\/explotumarca.com\/wp-content\/uploads\/2020\/10\/Nuevo-Logo-Explo-2020.jpg","width":800,"height":334,"caption":"Explo"},"image":{"@id":"https:\/\/explotumarca.com\/#\/schema\/logo\/image\/"},"sameAs":["https:\/\/www.facebook.com\/MexicoExplo\/"]}]}},"_links":{"self":[{"href":"https:\/\/explotumarca.com\/index.php?rest_route=\/wp\/v2\/product\/5644","targetHints":{"allow":["GET"]}}],"collection":[{"href":"https:\/\/explotumarca.com\/index.php?rest_route=\/wp\/v2\/product"}],"about":[{"href":"https:\/\/explotumarca.com\/index.php?rest_route=\/wp\/v2\/types\/product"}],"wp:featuredmedia":[{"embeddable":true,"href":"https:\/\/explotumarca.com\/index.php?rest_route=\/wp\/v2\/media\/5649"}],"wp:attachment":[{"href":"https:\/\/explotumarca.com\/index.php?rest_route=%2Fwp%2Fv2%2Fmedia&parent=5644"}],"wp:term":[{"taxonomy":"product_cat","embeddable":true,"href":"https:\/\/explotumarca.com\/index.php?rest_route=%2Fwp%2Fv2%2Fproduct_cat&post=5644"},{"taxonomy":"product_tag","embeddable":true,"href":"https:\/\/explotumarca.com\/index.php?rest_route=%2Fwp%2Fv2%2Fproduct_tag&post=5644"}],"curies":[{"name":"wp","href":"https:\/\/api.w.org\/{rel}","templated":true}]}}