{"id":5651,"date":"2022-03-24T17:42:48","date_gmt":"2022-03-24T23:42:48","guid":{"rendered":"https:\/\/explotumarca.com\/?post_type=product&#038;p=5651"},"modified":"2022-04-11T15:44:33","modified_gmt":"2022-04-11T20:44:33","slug":"rally-bar-mini","status":"publish","type":"product","link":"https:\/\/explotumarca.com\/?product=rally-bar-mini","title":{"rendered":"RALLY BAR MINI"},"content":{"rendered":"<div class=\"product-title\">\n<h1 class=\"headline js-text-auto js-product-title pangea-inited\" data-max-lines=\"3\" data-title-size=\"auto\">RALLY BAR MINI<\/h1>\n<h1 data-max-lines=\"3\" data-title-size=\"auto\"><\/h1>\n<h2 class=\"headline js-text-auto js-product-title pangea-inited\" data-max-lines=\"3\" data-title-size=\"auto\">BARRA DE VIDEO TODO EN UNO<\/h2>\n<\/div>\n<div class=\"product-description\">\n<p>&nbsp;<\/p>\n<p>A trav\u00e9s de un sistema de dos c\u00e1maras y de la tecnolog\u00eda de encuadre autom\u00e1tico RightSight 2, <a href=\"https:\/\/www.logitech.com\/es-mx\/products\/video-conferencing\/room-solutions\/rallybarmini.960-001336.html\">Rally Bar Mini<\/a> logra que los participantes remotos se integren en la conversaci\u00f3n. Elige la Visualizaci\u00f3n del hablante para resaltar al orador activo, la Visualizaci\u00f3n del grupo para capturar a todos los que se encuentran en la sala, o combina las dos opciones para lograr una experiencia inmersiva y atractiva, es lo que la hace una barra de videollamadas todo en una de gama alta<\/p>\n<\/div>\n<ul class=\"pangea-cmp tech-specs js-pangea-tech-specs\">\n<li class=\"specs-column\">\n<div class=\"specs-group\">\n<header class=\"specs-header\">\n<h3 class=\"specs-heading\">DIMENSIONES<\/h3>\n<\/header>\n<div class=\"specs-block\">\n<div class=\"specs-description\">Altura: 91.4 mm<\/div>\n<\/div>\n<div class=\"specs-block\">\n<div class=\"specs-description\">Ancho: 719 mm<\/div>\n<\/div>\n<div class=\"specs-block\">\n<div class=\"specs-description\">Profundidad: 101 mm<\/div>\n<\/div>\n<div class=\"specs-block\">\n<div class=\"specs-description\">Profundidad de la lente: 18,5\u00a0mm<\/div>\n<\/div>\n<div class=\"specs-block\">\n<div class=\"specs-description\">Peso: 4,03 kgs<\/div>\n<\/div>\n<\/div>\n<\/li>\n<li class=\"specs-column\">\n<div class=\"specs-group\">\n<header class=\"specs-header\">\n<h3 class=\"specs-heading\">REQUISITOS DEL SISTEMA DE BARRA DE VIDEO TODO EN UNO<\/h3>\n<\/header>\n<div class=\"specs-block\">\n<div class=\"specs-description\">Conexi\u00f3n a Internet: Con cable o inal\u00e1mbrica<\/div>\n<\/div>\n<div class=\"specs-block\">\n<div class=\"specs-description\">Modo USB: Windows\u00ae 10 o posterior, las dos versiones m\u00e1s recientes de macOS<\/div>\n<\/div>\n<div class=\"specs-block\">\n<div class=\"specs-description\">Modo aut\u00f3nomo: Licencia de software de la soluci\u00f3n para salas (no incluida)<\/div>\n<\/div>\n<\/div>\n<\/li>\n<li class=\"specs-column\">\n<div class=\"specs-group\">\n<header class=\"specs-header\">\n<h3 class=\"specs-heading\">ESPECIFICACIONES T\u00c9CNICAS<\/h3>\n<\/header>\n<div class=\"specs-block\">\n<h4 class=\"specs-title\">Certificaciones y compatibilidad<\/h4>\n<ul class=\"specs-description-list\">\n<li>Certificaciones\n<ul class=\"specs-description-list\">\n<li>Microsoft Teams Rooms en Android&#x2122; <a class=\"note note-tooltip js-note-tooltip pangea-inited\"><sup aria-label=\"footnote 5\">5<\/sup><span class=\"visually-hidden js-tooltip-descriptor\" aria-hidden=\"true\">Para salas de tama\u00f1o peque\u00f1o<\/span><\/a><\/li>\n<li>Microsoft Teams Rooms en Windows\u00ae <a class=\"note note-tooltip js-note-tooltip pangea-inited\"><sup aria-label=\"footnote 6\">6<\/sup><span class=\"visually-hidden js-tooltip-descriptor\" aria-hidden=\"true\">Para salas de tama\u00f1o peque\u00f1o<\/span><\/a><\/li>\n<li>Zoom Rooms&#x2122;<\/li>\n<li>Tencent Meeting Rooms<\/li>\n<\/ul>\n<\/li>\n<li>Modo aut\u00f3nomo: Compatible con software de videoconferencia en modo aut\u00f3nomo (no se requiere PC), incluye\n<ul class=\"specs-description-list\">\n<li>Microsoft Teams Rooms en Android&#x2122;<\/li>\n<li>Zoom Rooms&#x2122;<\/li>\n<li>GoToRoom\u00ae<\/li>\n<li>Pexip Room<\/li>\n<li>RingCentral Rooms&#x2122;<\/li>\n<\/ul>\n<\/li>\n<li>Modo USB: conectividad USB Plug and Play con pr\u00e1cticamente cualquier aplicaci\u00f3n de videoconferencia.<\/li>\n<li>Para obtener la informaci\u00f3n m\u00e1s reciente sobre certificaciones y compatibilidad, consulta www.logitech.com\/support\/vc-certifications.<\/li>\n<\/ul>\n<\/div>\n<div class=\"specs-block\">\n<h4 class=\"specs-title\">ESPECIFICACIONES GENERALES<\/h4>\n<ul class=\"specs-description-list\">\n<li>Componentes integrados: 6 micr\u00f3fonos de formaci\u00f3n de haces, c\u00e1mara PTZ, 3 altavoces, visor con inteligencia artificial, sistema de distribuci\u00f3n y retenci\u00f3n de cables, soporte para mesa, plataforma Logitech CollabOS<\/li>\n<li>Carcasa: carcasa todo-en-uno con soporte para mesa y sistema de suspensi\u00f3n de altavoces patentado para eliminar el temblor de la c\u00e1mara por vibraci\u00f3n y las interferencias de audio<\/li>\n<li>Administraci\u00f3n de dispositivos: Logitech Sync<\/li>\n<li>Pantallas admitidas: 2<\/li>\n<li>Resoluci\u00f3n de pantalla: hasta 1080p<\/li>\n<li>Compatibilidad con protocolo de red: IPv4, IPv6<\/li>\n<li>Compatibilidad de proxy: Proxy basado en IP, Proxy basado en FQDN, Proxy con uso de archivo PAC<\/li>\n<\/ul>\n<\/div>\n<div class=\"specs-block\">\n<h4 class=\"specs-title\">C\u00e1mara<\/h4>\n<ul class=\"specs-description-list\">\n<li>Resoluci\u00f3n: 4K, 1440p, 1080p, 900p, 720p y SD a 30fps<\/li>\n<li>Panor\u00e1mica: Robotizada \u00b125\u00b0<\/li>\n<li>Inclinaci\u00f3n: Robotizada \u00b115\u00b0<\/li>\n<li>Zoom: Zoom digital HD 4x<\/li>\n<li>Campo visual diagonal: 120\u00b0, horizontal: 113\u00b0, vertical: 80.7\u00b0<\/li>\n<li>Cobertura total de sala (campo visual + panor\u00e1mica e inclinaci\u00f3n): 163\u00b0 horizontal x 110\u00b0 vertical<\/li>\n<\/ul>\n<\/div>\n<div class=\"specs-block\">\n<h4 class=\"specs-title\">Subwoofer (s\u00f3lo bocina)<\/h4>\n<ul class=\"specs-description-list\">\n<li>Transductor: 70 mm<\/li>\n<li>Sensibilidad: 92 dB SPL a 1 W, 99 dB SPL a 8,0 W, ambos +\/-2 dB a \u00bd metro<\/li>\n<li>Potencia nominal: 8W<\/li>\n<li>THD: 1kHz &lt;2% a 1 W<\/li>\n<li>Frecuencia de muestreo de bocina: 48\u00a0kHz<\/li>\n<li>Impedancia: 4 ohmios<\/li>\n<\/ul>\n<\/div>\n<div class=\"specs-block\">\n<h4 class=\"specs-title\">Altavoces de rango medio<\/h4>\n<ul class=\"specs-description-list\">\n<li>Transductores: 2 x 43 mm<\/li>\n<li>Sensibilidad: 84 dB SPL a 1 W\/1 M<\/li>\n<li>Potencia nominal: 4W<\/li>\n<li>THD: 1kHz &lt;2% a 1 W<\/li>\n<li>Frecuencia de muestreo de bocina: 48\u00a0kHz<\/li>\n<li>Impedancia: 4 ohmios<\/li>\n<\/ul>\n<\/div>\n<div class=\"specs-block\">\n<h4 class=\"specs-title\">Micr\u00f3fonos<\/h4>\n<ul class=\"specs-description-list\">\n<li>Respuesta de frecuencia: 90 Hz \u2013 16 kHz<\/li>\n<li>Sensibilidad: &gt;-36 dBFS +\/-1 dB a 1 Pa<\/li>\n<li>Velocidad de salida de datos de micr\u00f3fono: 48 kHz<\/li>\n<li>Radio de captaci\u00f3n: 4,5 m<\/li>\n<li>Elementos de formaci\u00f3n de haces: 6 micr\u00f3fonos omnidireccionales digitales MEMS que forman 5 haces ac\u00fasticos adaptativos de radiaci\u00f3n transversal<\/li>\n<li>Procesamiento de audio: AEC (Acoustic Echo Cancellation), VAD (Voice Activity Detector)<\/li>\n<li>Supresi\u00f3n de ruido: Algoritmo de supresi\u00f3n de ruido basado en inteligencia artificial<\/li>\n<li>Micr\u00f3fonos adicionales: Admite hasta 2 bases de micr\u00f3fono Rally adicionales<\/li>\n<\/ul>\n<\/div>\n<div class=\"specs-block\">\n<h4 class=\"specs-title\">Tecnolog\u00edas RightSense&#x2122;<\/h4>\n<ul class=\"specs-description-list\">\n<li>RightLight&#x2122;: Reproduce tonos de piel naturales para cada participante.<\/li>\n<li>RightSight: La c\u00e1mara principal hace un acercamiento del hablante activo al mismo tiempo que el visor con inteligencia artificial captura una vista de todos los presentes en la sala<\/li>\n<li>RightSound: Distingue la voz de otros sonidos para nivelar de forma autom\u00e1tica el volumen y suprimir eco y ruidos de fondo<\/li>\n<\/ul>\n<\/div>\n<div class=\"specs-block\">\n<h4 class=\"specs-title\">Interfaces<\/h4>\n<ul class=\"specs-description-list\">\n<li>Salida HDMI: 2 (hasta 1080p)<\/li>\n<li>Entrada HDMI: 1<\/li>\n<li>USB: 3 x Tipo A, 1x Tipo C<\/li>\n<li>Red: Ethernet 10\/100\/1G<\/li>\n<li>WiFi: 802.11a\/b\/g\/n\/ac<\/li>\n<li>Entrada de micr\u00f3fono externo: S\u00ed (la entrada propia admite opcionalmente base de micr\u00f3fono Rally, hub de base de micr\u00f3fono Rally y cable de extensi\u00f3n de base de micr\u00f3fono Rally)<\/li>\n<li>Control remoto: Bluetooth\u00ae de bajo consumo<\/li>\n<\/ul>\n<\/div>\n<div class=\"specs-block\">\n<h4 class=\"specs-title\">Alimentaci\u00f3n y cables<\/h4>\n<ul class=\"specs-description-list\">\n<li>Fuente de alimentaci\u00f3n: Detecci\u00f3n autom\u00e1tica<\/li>\n<li>Alimentaci\u00f3n\/Voltaje de servicio: 100-240 V, 19 V, 4,74 A<\/li>\n<li>Dimensiones de fuente de alimentaci\u00f3n: 127 mm x 51 mm x 30 mm<\/li>\n<li>Cable de CC: 1,5 m, cable CA: 1M,<\/li>\n<li>HDMI 1.4: 2 m<\/li>\n<li>USB A a USB C 3.0: 2,2 m<\/li>\n<\/ul>\n<\/div>\n<div class=\"specs-block\">\n<h4 class=\"specs-title\">Medioambiente<\/h4>\n<ul class=\"specs-description-list\">\n<li>Temperatura de funcionamiento: 0 to 40\u00b0C y de almacenamiento -0 a 70\u00b0C<\/li>\n<li>Humedad: 10 to 95%<\/li>\n<li>BTU\/h: 57 (en inactividad), 64 (durante reuniones)<\/li>\n<\/ul>\n<\/div>\n<div class=\"specs-block\">\n<h4 class=\"specs-title\">Seguridad<\/h4>\n<ul class=\"specs-description-list\">\n<li>Cifrado de disco completo: Puerto USB disponible<\/li>\n<li>Cifrado de datos: Claves sim\u00e9tricas, infraestructura de clave p\u00fablica (PKI)<\/li>\n<li>Identidad de dispositivos: Protecci\u00f3n mediante atestaci\u00f3n de estado de dispositivos<\/li>\n<li>Acceso a dispositivos: Autenticaci\u00f3n mediante API<\/li>\n<li>Protecci\u00f3n mediante clave: Arm TrustZone, RPMP<\/li>\n<\/ul>\n<\/div>\n<\/div>\n<\/li>\n<li class=\"specs-column\">\n<div class=\"specs-group\">\n<header class=\"specs-header\">\n<h3 class=\"specs-heading\">CONTENIDO DE LA CAJA BARRA DE VIDEO TODO EN UNO<\/h3>\n<\/header>\n<div class=\"specs-block\">\n<ul class=\"specs-description-list\">\n<li>Rally Bar Mini<\/li>\n<li>Fuente de alimentaci\u00f3n<\/li>\n<li>Cable de alimentaci\u00f3n de CA<\/li>\n<li>HDMI<\/li>\n<li>USB<\/li>\n<li>Remoto<\/li>\n<li>Tapas para lente principal y visor con inteligencia artificial<\/li>\n<li>Documentaci\u00f3n del usuario<\/li>\n<\/ul>\n<\/div>\n<\/div>\n<\/li>\n<li class=\"specs-column\">\n<div class=\"specs-group\">\n<header class=\"specs-header\">\n<h3 class=\"specs-heading\">INFORMACI\u00d3N DE GARANT\u00cdA<\/h3>\n<\/header>\n<div class=\"specs-block\">\n<div class=\"specs-description\">Est\u00e1ndar: incluye dos a\u00f1os de garant\u00eda de hardware limitada<br \/>\nExtendida: garant\u00edas adicionales extendidas de un a\u00f1o y de tres a\u00f1os disponibles en el momento de la compra del hardware.<br \/>\nPonte en contacto con tu distribuidor para obtener informaci\u00f3n sobre disponibilidad.<\/div>\n<\/div>\n<\/div>\n<\/li>\n<li class=\"specs-column\">\n<div class=\"specs-group\">\n<header class=\"specs-header\">\n<h3 class=\"specs-heading\">N\u00daMERO DE REFERENCIA<\/h3>\n<\/header>\n<div class=\"specs-block\">\n<ul class=\"specs-description-list\">\n<li><strong>Grafito:<\/strong> <span class=\"serial-num\">960-001336<\/span><\/li>\n<li><strong>Blanco:<\/strong> <span class=\"serial-num\">960-001348<\/span><\/li>\n<\/ul>\n<p>&nbsp;<\/p>\n<p>Ll\u00e1manos al (55) 3342 8218 o d\u00e9janos tus datos <a href=\"https:\/\/explotumarca.com\/?page_id=14\">aqu\u00ed<\/a><\/p>\n<p>&nbsp;<\/p>\n<\/div>\n<\/div>\n<\/li>\n<\/ul>\n","protected":false},"excerpt":{"rendered":"<p>RALLY BAR MINI BARRA DE VIDEO TODO EN UNO &nbsp; A trav\u00e9s de un sistema de dos c\u00e1maras y de la tecnolog\u00eda de encuadre autom\u00e1tico RightSight 2, Rally Bar Mini logra que los participantes remotos [&hellip;]<\/p>\n","protected":false},"featured_media":5653,"template":"","meta":{"content-type":""},"product_cat":[96],"product_tag":[],"class_list":{"0":"post-5651","1":"product","2":"type-product","3":"status-publish","4":"has-post-thumbnail","6":"product_cat-soluciones-para-salas","8":"first","9":"instock","10":"taxable","11":"shipping-taxable","12":"product-type-simple"},"yoast_head":"<!-- This site is optimized with the Yoast SEO Premium plugin v18.8 (Yoast SEO v26.8) - https:\/\/yoast.com\/product\/yoast-seo-premium-wordpress\/ -->\n<title>Zoom videollamada venta de equipos especiales para zoom barra de video<\/title>\n<meta name=\"description\" content=\"Venta de equipos y barras de video todo en uno, mantenimiento y capacitaci\u00f3n de Zoom Teams, GMeet, videollamadas para Empresas\" \/>\n<meta name=\"robots\" content=\"index, follow, max-snippet:-1, max-image-preview:large, max-video-preview:-1\" \/>\n<link rel=\"canonical\" href=\"https:\/\/explotumarca.com\/?product=rally-bar-mini\" \/>\n<meta property=\"og:locale\" content=\"es_MX\" \/>\n<meta property=\"og:type\" content=\"article\" \/>\n<meta property=\"og:title\" content=\"RALLY BAR MINI\" \/>\n<meta property=\"og:description\" content=\"RALLY BAR MINI BARRA DE VIDEO TODO EN UNO &nbsp; A trav\u00e9s de un sistema de dos c\u00e1maras y de la tecnolog\u00eda de encuadre autom\u00e1tico RightSight 2, Rally Bar\" \/>\n<meta property=\"og:url\" content=\"https:\/\/explotumarca.com\/?product=rally-bar-mini\" \/>\n<meta property=\"og:site_name\" content=\"Explo\" \/>\n<meta property=\"article:publisher\" content=\"https:\/\/www.facebook.com\/MexicoExplo\/\" \/>\n<meta property=\"article:modified_time\" content=\"2022-04-11T20:44:33+00:00\" \/>\n<meta property=\"og:image\" content=\"https:\/\/explotumarca.com\/wp-content\/uploads\/2022\/03\/Rally-Bar-Mini-Logitech-Videoconferencia-Explo-Explotumarca-3.jpg\" \/>\n\t<meta property=\"og:image:width\" content=\"450\" \/>\n\t<meta property=\"og:image:height\" content=\"450\" \/>\n\t<meta property=\"og:image:type\" content=\"image\/jpeg\" \/>\n<meta name=\"twitter:card\" content=\"summary_large_image\" \/>\n<meta name=\"twitter:label1\" content=\"Tiempo de lectura\" \/>\n\t<meta name=\"twitter:data1\" content=\"4 minutos\" \/>\n<script type=\"application\/ld+json\" class=\"yoast-schema-graph\">{\"@context\":\"https:\/\/schema.org\",\"@graph\":[{\"@type\":\"WebPage\",\"@id\":\"https:\/\/explotumarca.com\/?product=rally-bar-mini\",\"url\":\"https:\/\/explotumarca.com\/?product=rally-bar-mini\",\"name\":\"Zoom videollamada venta de equipos especiales para zoom barra de video\",\"isPartOf\":{\"@id\":\"https:\/\/explotumarca.com\/#website\"},\"primaryImageOfPage\":{\"@id\":\"https:\/\/explotumarca.com\/?product=rally-bar-mini#primaryimage\"},\"image\":{\"@id\":\"https:\/\/explotumarca.com\/?product=rally-bar-mini#primaryimage\"},\"thumbnailUrl\":\"https:\/\/explotumarca.com\/wp-content\/uploads\/2022\/03\/Rally-Bar-Mini-Logitech-Videoconferencia-Explo-Explotumarca-3.jpg\",\"datePublished\":\"2022-03-24T23:42:48+00:00\",\"dateModified\":\"2022-04-11T20:44:33+00:00\",\"description\":\"Venta de equipos y barras de video todo en uno, mantenimiento y capacitaci\u00f3n de Zoom Teams, GMeet, videollamadas para Empresas\",\"breadcrumb\":{\"@id\":\"https:\/\/explotumarca.com\/?product=rally-bar-mini#breadcrumb\"},\"inLanguage\":\"es\",\"potentialAction\":[{\"@type\":\"ReadAction\",\"target\":[\"https:\/\/explotumarca.com\/?product=rally-bar-mini\"]}]},{\"@type\":\"ImageObject\",\"inLanguage\":\"es\",\"@id\":\"https:\/\/explotumarca.com\/?product=rally-bar-mini#primaryimage\",\"url\":\"https:\/\/explotumarca.com\/wp-content\/uploads\/2022\/03\/Rally-Bar-Mini-Logitech-Videoconferencia-Explo-Explotumarca-3.jpg\",\"contentUrl\":\"https:\/\/explotumarca.com\/wp-content\/uploads\/2022\/03\/Rally-Bar-Mini-Logitech-Videoconferencia-Explo-Explotumarca-3.jpg\",\"width\":450,\"height\":450,\"caption\":\"Rally Bar Mini Logitech Videoconferencia Explo Explotumarca\"},{\"@type\":\"BreadcrumbList\",\"@id\":\"https:\/\/explotumarca.com\/?product=rally-bar-mini#breadcrumb\",\"itemListElement\":[{\"@type\":\"ListItem\",\"position\":1,\"name\":\"Inicio\",\"item\":\"https:\/\/explotumarca.com\/\"},{\"@type\":\"ListItem\",\"position\":2,\"name\":\"Productos\",\"item\":\"https:\/\/explotumarca.com\/?post_type=product\"},{\"@type\":\"ListItem\",\"position\":3,\"name\":\"RALLY BAR MINI\"}]},{\"@type\":\"WebSite\",\"@id\":\"https:\/\/explotumarca.com\/#website\",\"url\":\"https:\/\/explotumarca.com\/\",\"name\":\"Explo\",\"description\":\"Productos y servicios corporativos\",\"publisher\":{\"@id\":\"https:\/\/explotumarca.com\/#organization\"},\"potentialAction\":[{\"@type\":\"SearchAction\",\"target\":{\"@type\":\"EntryPoint\",\"urlTemplate\":\"https:\/\/explotumarca.com\/?s={search_term_string}\"},\"query-input\":{\"@type\":\"PropertyValueSpecification\",\"valueRequired\":true,\"valueName\":\"search_term_string\"}}],\"inLanguage\":\"es\"},{\"@type\":\"Organization\",\"@id\":\"https:\/\/explotumarca.com\/#organization\",\"name\":\"Explo\",\"url\":\"https:\/\/explotumarca.com\/\",\"logo\":{\"@type\":\"ImageObject\",\"inLanguage\":\"es\",\"@id\":\"https:\/\/explotumarca.com\/#\/schema\/logo\/image\/\",\"url\":\"http:\/\/arsnovamx.com\/explotumarca.com\/wp-content\/uploads\/2020\/10\/Nuevo-Logo-Explo-2020.jpg\",\"contentUrl\":\"http:\/\/arsnovamx.com\/explotumarca.com\/wp-content\/uploads\/2020\/10\/Nuevo-Logo-Explo-2020.jpg\",\"width\":800,\"height\":334,\"caption\":\"Explo\"},\"image\":{\"@id\":\"https:\/\/explotumarca.com\/#\/schema\/logo\/image\/\"},\"sameAs\":[\"https:\/\/www.facebook.com\/MexicoExplo\/\"]}]}<\/script>\n<!-- \/ Yoast SEO Premium plugin. -->","yoast_head_json":{"title":"Zoom videollamada venta de equipos especiales para zoom barra de video","description":"Venta de equipos y barras de video todo en uno, mantenimiento y capacitaci\u00f3n de Zoom Teams, GMeet, videollamadas para Empresas","robots":{"index":"index","follow":"follow","max-snippet":"max-snippet:-1","max-image-preview":"max-image-preview:large","max-video-preview":"max-video-preview:-1"},"canonical":"https:\/\/explotumarca.com\/?product=rally-bar-mini","og_locale":"es_MX","og_type":"article","og_title":"RALLY BAR MINI","og_description":"RALLY BAR MINI BARRA DE VIDEO TODO EN UNO &nbsp; A trav\u00e9s de un sistema de dos c\u00e1maras y de la tecnolog\u00eda de encuadre autom\u00e1tico RightSight 2, Rally Bar","og_url":"https:\/\/explotumarca.com\/?product=rally-bar-mini","og_site_name":"Explo","article_publisher":"https:\/\/www.facebook.com\/MexicoExplo\/","article_modified_time":"2022-04-11T20:44:33+00:00","og_image":[{"width":450,"height":450,"url":"https:\/\/explotumarca.com\/wp-content\/uploads\/2022\/03\/Rally-Bar-Mini-Logitech-Videoconferencia-Explo-Explotumarca-3.jpg","type":"image\/jpeg"}],"twitter_card":"summary_large_image","twitter_misc":{"Tiempo de lectura":"4 minutos"},"schema":{"@context":"https:\/\/schema.org","@graph":[{"@type":"WebPage","@id":"https:\/\/explotumarca.com\/?product=rally-bar-mini","url":"https:\/\/explotumarca.com\/?product=rally-bar-mini","name":"Zoom videollamada venta de equipos especiales para zoom barra de video","isPartOf":{"@id":"https:\/\/explotumarca.com\/#website"},"primaryImageOfPage":{"@id":"https:\/\/explotumarca.com\/?product=rally-bar-mini#primaryimage"},"image":{"@id":"https:\/\/explotumarca.com\/?product=rally-bar-mini#primaryimage"},"thumbnailUrl":"https:\/\/explotumarca.com\/wp-content\/uploads\/2022\/03\/Rally-Bar-Mini-Logitech-Videoconferencia-Explo-Explotumarca-3.jpg","datePublished":"2022-03-24T23:42:48+00:00","dateModified":"2022-04-11T20:44:33+00:00","description":"Venta de equipos y barras de video todo en uno, mantenimiento y capacitaci\u00f3n de Zoom Teams, GMeet, videollamadas para Empresas","breadcrumb":{"@id":"https:\/\/explotumarca.com\/?product=rally-bar-mini#breadcrumb"},"inLanguage":"es","potentialAction":[{"@type":"ReadAction","target":["https:\/\/explotumarca.com\/?product=rally-bar-mini"]}]},{"@type":"ImageObject","inLanguage":"es","@id":"https:\/\/explotumarca.com\/?product=rally-bar-mini#primaryimage","url":"https:\/\/explotumarca.com\/wp-content\/uploads\/2022\/03\/Rally-Bar-Mini-Logitech-Videoconferencia-Explo-Explotumarca-3.jpg","contentUrl":"https:\/\/explotumarca.com\/wp-content\/uploads\/2022\/03\/Rally-Bar-Mini-Logitech-Videoconferencia-Explo-Explotumarca-3.jpg","width":450,"height":450,"caption":"Rally Bar Mini Logitech Videoconferencia Explo Explotumarca"},{"@type":"BreadcrumbList","@id":"https:\/\/explotumarca.com\/?product=rally-bar-mini#breadcrumb","itemListElement":[{"@type":"ListItem","position":1,"name":"Inicio","item":"https:\/\/explotumarca.com\/"},{"@type":"ListItem","position":2,"name":"Productos","item":"https:\/\/explotumarca.com\/?post_type=product"},{"@type":"ListItem","position":3,"name":"RALLY BAR MINI"}]},{"@type":"WebSite","@id":"https:\/\/explotumarca.com\/#website","url":"https:\/\/explotumarca.com\/","name":"Explo","description":"Productos y servicios corporativos","publisher":{"@id":"https:\/\/explotumarca.com\/#organization"},"potentialAction":[{"@type":"SearchAction","target":{"@type":"EntryPoint","urlTemplate":"https:\/\/explotumarca.com\/?s={search_term_string}"},"query-input":{"@type":"PropertyValueSpecification","valueRequired":true,"valueName":"search_term_string"}}],"inLanguage":"es"},{"@type":"Organization","@id":"https:\/\/explotumarca.com\/#organization","name":"Explo","url":"https:\/\/explotumarca.com\/","logo":{"@type":"ImageObject","inLanguage":"es","@id":"https:\/\/explotumarca.com\/#\/schema\/logo\/image\/","url":"http:\/\/arsnovamx.com\/explotumarca.com\/wp-content\/uploads\/2020\/10\/Nuevo-Logo-Explo-2020.jpg","contentUrl":"http:\/\/arsnovamx.com\/explotumarca.com\/wp-content\/uploads\/2020\/10\/Nuevo-Logo-Explo-2020.jpg","width":800,"height":334,"caption":"Explo"},"image":{"@id":"https:\/\/explotumarca.com\/#\/schema\/logo\/image\/"},"sameAs":["https:\/\/www.facebook.com\/MexicoExplo\/"]}]}},"_links":{"self":[{"href":"https:\/\/explotumarca.com\/index.php?rest_route=\/wp\/v2\/product\/5651","targetHints":{"allow":["GET"]}}],"collection":[{"href":"https:\/\/explotumarca.com\/index.php?rest_route=\/wp\/v2\/product"}],"about":[{"href":"https:\/\/explotumarca.com\/index.php?rest_route=\/wp\/v2\/types\/product"}],"wp:featuredmedia":[{"embeddable":true,"href":"https:\/\/explotumarca.com\/index.php?rest_route=\/wp\/v2\/media\/5653"}],"wp:attachment":[{"href":"https:\/\/explotumarca.com\/index.php?rest_route=%2Fwp%2Fv2%2Fmedia&parent=5651"}],"wp:term":[{"taxonomy":"product_cat","embeddable":true,"href":"https:\/\/explotumarca.com\/index.php?rest_route=%2Fwp%2Fv2%2Fproduct_cat&post=5651"},{"taxonomy":"product_tag","embeddable":true,"href":"https:\/\/explotumarca.com\/index.php?rest_route=%2Fwp%2Fv2%2Fproduct_tag&post=5651"}],"curies":[{"name":"wp","href":"https:\/\/api.w.org\/{rel}","templated":true}]}}