{"id":5655,"date":"2022-03-24T17:52:25","date_gmt":"2022-03-24T23:52:25","guid":{"rendered":"https:\/\/explotumarca.com\/?post_type=product&#038;p=5655"},"modified":"2022-04-11T15:43:22","modified_gmt":"2022-04-11T20:43:22","slug":"logitech-tap-scheduler","status":"publish","type":"product","link":"https:\/\/explotumarca.com\/?product=logitech-tap-scheduler","title":{"rendered":"LOGITECH TAP SCHEDULER"},"content":{"rendered":"<div class=\"product-title\">\n<h2 class=\"headline js-text-auto js-product-title pangea-inited\" data-max-lines=\"3\" data-title-size=\"auto\">LOGITECH TAP SCHEDULER<\/h2>\n<\/div>\n<div class=\"product-description\">\n<div class=\"js-product-description\">Panel de programaci\u00f3n especialmente dise\u00f1ado para salas de reuni\u00f3n<\/div>\n<\/div>\n<div><\/div>\n<div>\n<ul class=\"pangea-cmp tech-specs js-pangea-tech-specs\">\n<li class=\"specs-column\">\n<div class=\"specs-group\">\n<header class=\"specs-header\">\n<h3 class=\"specs-heading\">DIMENSIONES<\/h3>\n<\/header>\n<div class=\"specs-block\">\n<h4 class=\"specs-title\">Solo dispositivo<\/h4>\n<ul class=\"specs-description-list\">\n<li>Altura: 165 mm<\/li>\n<li>Ancho: 246,2 mm<\/li>\n<li>Profundidad: 28,5 mm<\/li>\n<li>Peso: 0,7 kg<\/li>\n<\/ul>\n<\/div>\n<div class=\"specs-block\">\n<h4 class=\"specs-title\">Montada en superficie<\/h4>\n<ul class=\"specs-description-list\">\n<li>Altura: 165 mm<\/li>\n<li>Ancho: 246,2 mm<\/li>\n<li>Profundidad: 31,4 mm<\/li>\n<\/ul>\n<\/div>\n<div class=\"specs-block\">\n<h4 class=\"specs-title\">Montada en parteluz<\/h4>\n<ul class=\"specs-description-list\">\n<li>Altura: 165 mm<\/li>\n<li>Ancho: 292,6 mm<\/li>\n<li>Profundidad: 44,5 mm<\/li>\n<\/ul>\n<\/div>\n<\/div>\n<\/li>\n<li class=\"specs-column\">\n<div class=\"specs-group\">\n<header class=\"specs-header\">\n<h3 class=\"specs-heading\">ESPECIFICACIONES T\u00c9CNICAS<\/h3>\n<\/header>\n<div class=\"specs-block\">\n<h4 class=\"specs-title\">Pantalla<\/h4>\n<ul class=\"specs-description-list\">\n<li>Tama\u00f1o: 10,1\u201d en diagonal<\/li>\n<li>IPS (Conmutaci\u00f3n en el plano)<\/li>\n<li>Panel LCD con retroiluminaci\u00f3n LED<\/li>\n<li>Resoluci\u00f3n: Resoluci\u00f3n de 1280 x 800<\/li>\n<li>T\u00e1ctil: Capacitiva, multit\u00e1ctil de 10 puntos<\/li>\n<li>Brillo: 400 nits<\/li>\n<li>Contraste: 1000:1<\/li>\n<li>Antihuellas: Cubierta oleof\u00f3bica<\/li>\n<li>\u00c1ngulo de visi\u00f3n: 85 grados (Ar\/Ab\/I\/D)<\/li>\n<li>\u00c1ngulo de posici\u00f3n: 0 grados (plano sobre la superficie de montaje)<\/li>\n<\/ul>\n<\/div>\n<div class=\"specs-block\">\n<h4 class=\"specs-title\">ESPECIFICACIONES GENERALES<\/h4>\n<ul class=\"specs-description-list\">\n<li>Aceler\u00f3metro integrado<\/li>\n<li>Sensor de luz ambiental integrado<\/li>\n<li>FDMI VESA de 100 mm x 100 mm<\/li>\n<li>Salidas de cables: horizontal \/ vertical \/ central<\/li>\n<\/ul>\n<\/div>\n<div class=\"specs-block\">\n<h4 class=\"specs-title\">COMPATIBILIDAD Y CERTIFICACIONES<\/h4>\n<ul class=\"specs-description-list\">\n<li>Logitech Tap Scheduler se integra con las principales soluciones de programaci\u00f3n de salas como\n<ul class=\"specs-description-list\">\n<li>Microsoft Teams Panel<\/li>\n<li>Zoom Rooms Scheduling Display<\/li>\n<li>Panel de programaci\u00f3n basado en Robin<\/li>\n<li>Panel de programaci\u00f3n de Meetio<\/li>\n<\/ul>\n<\/li>\n<li>Consulta www.logitech.com\/support\/tap-scheduler-compatibility para obtener la informaci\u00f3n m\u00e1s reciente sobre certificaci\u00f3n y compatibilidad.<\/li>\n<li>Plataforma Logitech CollabOS<\/li>\n<li>Administraci\u00f3n remota con Logitech Sync<\/li>\n<\/ul>\n<\/div>\n<div class=\"specs-block\">\n<h4 class=\"specs-title\">Alimentaci\u00f3n y cables<\/h4>\n<ul class=\"specs-description-list\">\n<li>Power over Ethernet (PoE), IEEE 802.3af Tipo 1, Dispositivo de clase 3*<\/li>\n<li>*Requiere red habilitada para PoE o inyector PoE y cable ethernet (no incluido)<\/li>\n<\/ul>\n<\/div>\n<div class=\"specs-block\">\n<h4 class=\"specs-title\">PUERTOS E INTERFACES<\/h4>\n<ul class=\"specs-description-list\">\n<li>Ethernet: 10\/100 Mbps<\/li>\n<li>WiFi: 802.11a\/b\/g\/n\/ac<\/li>\n<li>Bluetooth 5.0 (inactivo, reservado para uso futuro)<\/li>\n<\/ul>\n<\/div>\n<div class=\"specs-block\">\n<h4 class=\"specs-title\">Medioambiente<\/h4>\n<ul class=\"specs-description-list\">\n<li>Temperatura de funcionamiento: 0 to 40\u00b0C<\/li>\n<li>Temperatura de almacenamiento: -40 a 70\u00b0C<\/li>\n<li>Humedad: 10-95%<\/li>\n<\/ul>\n<\/div>\n<div class=\"specs-block\">\n<h4 class=\"specs-title\">Seguridad<\/h4>\n<ul class=\"specs-description-list\">\n<li>Cifrado de disco completo: Puerto USB disponible<\/li>\n<li>Cifrado de datos: Claves sim\u00e9tricas, infraestructura de clave p\u00fablica (PKI)<\/li>\n<li>Identidad de dispositivos: Protecci\u00f3n mediante atestaci\u00f3n de estado de dispositivos<\/li>\n<li>Protecci\u00f3n mediante clave: Arm TrustZone<\/li>\n<\/ul>\n<\/div>\n<\/div>\n<\/li>\n<li class=\"specs-column\">\n<div class=\"specs-group\">\n<header class=\"specs-header\">\n<h3 class=\"specs-heading\">CONTENIDO DE LA CAJA<\/h3>\n<\/header>\n<div class=\"specs-block\">\n<ul class=\"specs-description-list\">\n<li>Logitech Tap Scheduler<\/li>\n<li>Montaje en m\u00faltiples superficies (vidrio\/paneles de yeso)<\/li>\n<li>Accesorio para montaje en esquinas<\/li>\n<li>Montura para parteluz<\/li>\n<li>Accesorios para montaje<\/li>\n<li>Documentaci\u00f3n<\/li>\n<\/ul>\n<\/div>\n<\/div>\n<\/li>\n<li class=\"specs-column\">\n<div class=\"specs-group\">\n<header class=\"specs-header\">\n<h3 class=\"specs-heading\">INFORMACI\u00d3N DE GARANT\u00cdA<\/h3>\n<\/header>\n<div class=\"specs-block\">\n<div class=\"specs-description\">Asegura tu tranquilidad con una garant\u00eda ampliada para Tap Scheduler, que agrega un a\u00f1o adicional a la garant\u00eda limitada est\u00e1ndar del hardware de dos a\u00f1os.<br \/>\nContacta a tu gerente de cuentas de Logitech o tu canal para m\u00e1s informaci\u00f3n.<\/div>\n<\/div>\n<\/div>\n<div><\/div>\n<\/li>\n<\/ul>\n<ul class=\"pangea-cmp tech-specs js-pangea-tech-specs\">\n<li class=\"specs-column\">\n<div class=\"specs-group\">\n<header class=\"specs-header\">\n<h3 class=\"specs-heading\">N\u00daMERO DE REFERENCIA<\/h3>\n<\/header>\n<div class=\"specs-block\">\n<ul class=\"specs-description-list\">\n<li><strong>Grafito:<\/strong> <span class=\"serial-num\">952-000091<\/span><\/li>\n<li><strong>Blanco:<\/strong> <span class=\"serial-num\">952-000094<\/span><\/li>\n<\/ul>\n<p>&nbsp;<\/p>\n<p>Ll\u00e1manos al (55) 3342 8218 o d\u00e9janos tus datos <a href=\"https:\/\/explotumarca.com\/?page_id=14\">aqu\u00ed<\/a><\/p>\n<p>&nbsp;<\/p>\n<\/div>\n<\/div>\n<\/li>\n<\/ul>\n<\/div>\n","protected":false},"excerpt":{"rendered":"<p>LOGITECH TAP SCHEDULER Panel de programaci\u00f3n especialmente dise\u00f1ado para salas de reuni\u00f3n DIMENSIONES Solo dispositivo Altura: 165 mm Ancho: 246,2 mm Profundidad: 28,5 mm Peso: 0,7 kg Montada en superficie Altura: 165 mm Ancho: 246,2 [&hellip;]<\/p>\n","protected":false},"featured_media":5658,"template":"","meta":{"content-type":""},"product_cat":[96],"product_tag":[],"class_list":{"0":"post-5655","1":"product","2":"type-product","3":"status-publish","4":"has-post-thumbnail","6":"product_cat-soluciones-para-salas","8":"first","9":"instock","10":"taxable","11":"shipping-taxable","12":"product-type-simple"},"yoast_head":"<!-- This site is optimized with the Yoast SEO Premium plugin v18.8 (Yoast SEO v26.8) - https:\/\/yoast.com\/product\/yoast-seo-premium-wordpress\/ -->\n<title>Zoom videollamadas; venta de equipos especiales para zoom<\/title>\n<meta name=\"description\" content=\"Venta de equipos, salas, mantenimiento y capacitaci\u00f3n de zoom videollamadas para Empresas en M\u00e9xico. Cotiza los mejores equipos 2020.\" \/>\n<meta name=\"robots\" content=\"index, follow, max-snippet:-1, max-image-preview:large, max-video-preview:-1\" \/>\n<link rel=\"canonical\" href=\"https:\/\/explotumarca.com\/?product=logitech-tap-scheduler\" \/>\n<meta property=\"og:locale\" content=\"es_MX\" \/>\n<meta property=\"og:type\" content=\"article\" \/>\n<meta property=\"og:title\" content=\"LOGITECH TAP SCHEDULER\" \/>\n<meta property=\"og:description\" content=\"LOGITECH TAP SCHEDULER Panel de programaci\u00f3n especialmente dise\u00f1ado para salas de reuni\u00f3n DIMENSIONES Solo dispositivo Altura: 165 mm Ancho: 246,2 mm\" \/>\n<meta property=\"og:url\" content=\"https:\/\/explotumarca.com\/?product=logitech-tap-scheduler\" \/>\n<meta property=\"og:site_name\" content=\"Explo\" \/>\n<meta property=\"article:publisher\" content=\"https:\/\/www.facebook.com\/MexicoExplo\/\" \/>\n<meta property=\"article:modified_time\" content=\"2022-04-11T20:43:22+00:00\" \/>\n<meta property=\"og:image\" content=\"https:\/\/explotumarca.com\/wp-content\/uploads\/2022\/03\/LOGITECH-TAP-SCHEDULER-VIDEOCONFERENCIA-EXPLO-EXPLOTUMARCA-4.jpg\" \/>\n\t<meta property=\"og:image:width\" content=\"450\" \/>\n\t<meta property=\"og:image:height\" content=\"450\" \/>\n\t<meta property=\"og:image:type\" content=\"image\/jpeg\" \/>\n<meta name=\"twitter:card\" content=\"summary_large_image\" \/>\n<meta name=\"twitter:label1\" content=\"Tiempo de lectura\" \/>\n\t<meta name=\"twitter:data1\" content=\"2 minutos\" \/>\n<script type=\"application\/ld+json\" class=\"yoast-schema-graph\">{\"@context\":\"https:\/\/schema.org\",\"@graph\":[{\"@type\":\"WebPage\",\"@id\":\"https:\/\/explotumarca.com\/?product=logitech-tap-scheduler\",\"url\":\"https:\/\/explotumarca.com\/?product=logitech-tap-scheduler\",\"name\":\"Zoom videollamadas; venta de equipos especiales para zoom\",\"isPartOf\":{\"@id\":\"https:\/\/explotumarca.com\/#website\"},\"primaryImageOfPage\":{\"@id\":\"https:\/\/explotumarca.com\/?product=logitech-tap-scheduler#primaryimage\"},\"image\":{\"@id\":\"https:\/\/explotumarca.com\/?product=logitech-tap-scheduler#primaryimage\"},\"thumbnailUrl\":\"https:\/\/explotumarca.com\/wp-content\/uploads\/2022\/03\/LOGITECH-TAP-SCHEDULER-VIDEOCONFERENCIA-EXPLO-EXPLOTUMARCA-4.jpg\",\"datePublished\":\"2022-03-24T23:52:25+00:00\",\"dateModified\":\"2022-04-11T20:43:22+00:00\",\"description\":\"Venta de equipos, salas, mantenimiento y capacitaci\u00f3n de zoom videollamadas para Empresas en M\u00e9xico. Cotiza los mejores equipos 2020.\",\"breadcrumb\":{\"@id\":\"https:\/\/explotumarca.com\/?product=logitech-tap-scheduler#breadcrumb\"},\"inLanguage\":\"es\",\"potentialAction\":[{\"@type\":\"ReadAction\",\"target\":[\"https:\/\/explotumarca.com\/?product=logitech-tap-scheduler\"]}]},{\"@type\":\"ImageObject\",\"inLanguage\":\"es\",\"@id\":\"https:\/\/explotumarca.com\/?product=logitech-tap-scheduler#primaryimage\",\"url\":\"https:\/\/explotumarca.com\/wp-content\/uploads\/2022\/03\/LOGITECH-TAP-SCHEDULER-VIDEOCONFERENCIA-EXPLO-EXPLOTUMARCA-4.jpg\",\"contentUrl\":\"https:\/\/explotumarca.com\/wp-content\/uploads\/2022\/03\/LOGITECH-TAP-SCHEDULER-VIDEOCONFERENCIA-EXPLO-EXPLOTUMARCA-4.jpg\",\"width\":450,\"height\":450,\"caption\":\"LOGITECH TAP SCHEDULER VIDEOCONFERENCIA EXPLO EXPLOTUMARCA\"},{\"@type\":\"BreadcrumbList\",\"@id\":\"https:\/\/explotumarca.com\/?product=logitech-tap-scheduler#breadcrumb\",\"itemListElement\":[{\"@type\":\"ListItem\",\"position\":1,\"name\":\"Inicio\",\"item\":\"https:\/\/explotumarca.com\/\"},{\"@type\":\"ListItem\",\"position\":2,\"name\":\"Productos\",\"item\":\"https:\/\/explotumarca.com\/?post_type=product\"},{\"@type\":\"ListItem\",\"position\":3,\"name\":\"LOGITECH TAP SCHEDULER\"}]},{\"@type\":\"WebSite\",\"@id\":\"https:\/\/explotumarca.com\/#website\",\"url\":\"https:\/\/explotumarca.com\/\",\"name\":\"Explo\",\"description\":\"Productos y servicios corporativos\",\"publisher\":{\"@id\":\"https:\/\/explotumarca.com\/#organization\"},\"potentialAction\":[{\"@type\":\"SearchAction\",\"target\":{\"@type\":\"EntryPoint\",\"urlTemplate\":\"https:\/\/explotumarca.com\/?s={search_term_string}\"},\"query-input\":{\"@type\":\"PropertyValueSpecification\",\"valueRequired\":true,\"valueName\":\"search_term_string\"}}],\"inLanguage\":\"es\"},{\"@type\":\"Organization\",\"@id\":\"https:\/\/explotumarca.com\/#organization\",\"name\":\"Explo\",\"url\":\"https:\/\/explotumarca.com\/\",\"logo\":{\"@type\":\"ImageObject\",\"inLanguage\":\"es\",\"@id\":\"https:\/\/explotumarca.com\/#\/schema\/logo\/image\/\",\"url\":\"http:\/\/arsnovamx.com\/explotumarca.com\/wp-content\/uploads\/2020\/10\/Nuevo-Logo-Explo-2020.jpg\",\"contentUrl\":\"http:\/\/arsnovamx.com\/explotumarca.com\/wp-content\/uploads\/2020\/10\/Nuevo-Logo-Explo-2020.jpg\",\"width\":800,\"height\":334,\"caption\":\"Explo\"},\"image\":{\"@id\":\"https:\/\/explotumarca.com\/#\/schema\/logo\/image\/\"},\"sameAs\":[\"https:\/\/www.facebook.com\/MexicoExplo\/\"]}]}<\/script>\n<!-- \/ Yoast SEO Premium plugin. -->","yoast_head_json":{"title":"Zoom videollamadas; venta de equipos especiales para zoom","description":"Venta de equipos, salas, mantenimiento y capacitaci\u00f3n de zoom videollamadas para Empresas en M\u00e9xico. Cotiza los mejores equipos 2020.","robots":{"index":"index","follow":"follow","max-snippet":"max-snippet:-1","max-image-preview":"max-image-preview:large","max-video-preview":"max-video-preview:-1"},"canonical":"https:\/\/explotumarca.com\/?product=logitech-tap-scheduler","og_locale":"es_MX","og_type":"article","og_title":"LOGITECH TAP SCHEDULER","og_description":"LOGITECH TAP SCHEDULER Panel de programaci\u00f3n especialmente dise\u00f1ado para salas de reuni\u00f3n DIMENSIONES Solo dispositivo Altura: 165 mm Ancho: 246,2 mm","og_url":"https:\/\/explotumarca.com\/?product=logitech-tap-scheduler","og_site_name":"Explo","article_publisher":"https:\/\/www.facebook.com\/MexicoExplo\/","article_modified_time":"2022-04-11T20:43:22+00:00","og_image":[{"width":450,"height":450,"url":"https:\/\/explotumarca.com\/wp-content\/uploads\/2022\/03\/LOGITECH-TAP-SCHEDULER-VIDEOCONFERENCIA-EXPLO-EXPLOTUMARCA-4.jpg","type":"image\/jpeg"}],"twitter_card":"summary_large_image","twitter_misc":{"Tiempo de lectura":"2 minutos"},"schema":{"@context":"https:\/\/schema.org","@graph":[{"@type":"WebPage","@id":"https:\/\/explotumarca.com\/?product=logitech-tap-scheduler","url":"https:\/\/explotumarca.com\/?product=logitech-tap-scheduler","name":"Zoom videollamadas; venta de equipos especiales para zoom","isPartOf":{"@id":"https:\/\/explotumarca.com\/#website"},"primaryImageOfPage":{"@id":"https:\/\/explotumarca.com\/?product=logitech-tap-scheduler#primaryimage"},"image":{"@id":"https:\/\/explotumarca.com\/?product=logitech-tap-scheduler#primaryimage"},"thumbnailUrl":"https:\/\/explotumarca.com\/wp-content\/uploads\/2022\/03\/LOGITECH-TAP-SCHEDULER-VIDEOCONFERENCIA-EXPLO-EXPLOTUMARCA-4.jpg","datePublished":"2022-03-24T23:52:25+00:00","dateModified":"2022-04-11T20:43:22+00:00","description":"Venta de equipos, salas, mantenimiento y capacitaci\u00f3n de zoom videollamadas para Empresas en M\u00e9xico. Cotiza los mejores equipos 2020.","breadcrumb":{"@id":"https:\/\/explotumarca.com\/?product=logitech-tap-scheduler#breadcrumb"},"inLanguage":"es","potentialAction":[{"@type":"ReadAction","target":["https:\/\/explotumarca.com\/?product=logitech-tap-scheduler"]}]},{"@type":"ImageObject","inLanguage":"es","@id":"https:\/\/explotumarca.com\/?product=logitech-tap-scheduler#primaryimage","url":"https:\/\/explotumarca.com\/wp-content\/uploads\/2022\/03\/LOGITECH-TAP-SCHEDULER-VIDEOCONFERENCIA-EXPLO-EXPLOTUMARCA-4.jpg","contentUrl":"https:\/\/explotumarca.com\/wp-content\/uploads\/2022\/03\/LOGITECH-TAP-SCHEDULER-VIDEOCONFERENCIA-EXPLO-EXPLOTUMARCA-4.jpg","width":450,"height":450,"caption":"LOGITECH TAP SCHEDULER VIDEOCONFERENCIA EXPLO EXPLOTUMARCA"},{"@type":"BreadcrumbList","@id":"https:\/\/explotumarca.com\/?product=logitech-tap-scheduler#breadcrumb","itemListElement":[{"@type":"ListItem","position":1,"name":"Inicio","item":"https:\/\/explotumarca.com\/"},{"@type":"ListItem","position":2,"name":"Productos","item":"https:\/\/explotumarca.com\/?post_type=product"},{"@type":"ListItem","position":3,"name":"LOGITECH TAP SCHEDULER"}]},{"@type":"WebSite","@id":"https:\/\/explotumarca.com\/#website","url":"https:\/\/explotumarca.com\/","name":"Explo","description":"Productos y servicios corporativos","publisher":{"@id":"https:\/\/explotumarca.com\/#organization"},"potentialAction":[{"@type":"SearchAction","target":{"@type":"EntryPoint","urlTemplate":"https:\/\/explotumarca.com\/?s={search_term_string}"},"query-input":{"@type":"PropertyValueSpecification","valueRequired":true,"valueName":"search_term_string"}}],"inLanguage":"es"},{"@type":"Organization","@id":"https:\/\/explotumarca.com\/#organization","name":"Explo","url":"https:\/\/explotumarca.com\/","logo":{"@type":"ImageObject","inLanguage":"es","@id":"https:\/\/explotumarca.com\/#\/schema\/logo\/image\/","url":"http:\/\/arsnovamx.com\/explotumarca.com\/wp-content\/uploads\/2020\/10\/Nuevo-Logo-Explo-2020.jpg","contentUrl":"http:\/\/arsnovamx.com\/explotumarca.com\/wp-content\/uploads\/2020\/10\/Nuevo-Logo-Explo-2020.jpg","width":800,"height":334,"caption":"Explo"},"image":{"@id":"https:\/\/explotumarca.com\/#\/schema\/logo\/image\/"},"sameAs":["https:\/\/www.facebook.com\/MexicoExplo\/"]}]}},"_links":{"self":[{"href":"https:\/\/explotumarca.com\/index.php?rest_route=\/wp\/v2\/product\/5655","targetHints":{"allow":["GET"]}}],"collection":[{"href":"https:\/\/explotumarca.com\/index.php?rest_route=\/wp\/v2\/product"}],"about":[{"href":"https:\/\/explotumarca.com\/index.php?rest_route=\/wp\/v2\/types\/product"}],"wp:featuredmedia":[{"embeddable":true,"href":"https:\/\/explotumarca.com\/index.php?rest_route=\/wp\/v2\/media\/5658"}],"wp:attachment":[{"href":"https:\/\/explotumarca.com\/index.php?rest_route=%2Fwp%2Fv2%2Fmedia&parent=5655"}],"wp:term":[{"taxonomy":"product_cat","embeddable":true,"href":"https:\/\/explotumarca.com\/index.php?rest_route=%2Fwp%2Fv2%2Fproduct_cat&post=5655"},{"taxonomy":"product_tag","embeddable":true,"href":"https:\/\/explotumarca.com\/index.php?rest_route=%2Fwp%2Fv2%2Fproduct_tag&post=5655"}],"curies":[{"name":"wp","href":"https:\/\/api.w.org\/{rel}","templated":true}]}}