{"id":5666,"date":"2022-03-24T18:46:55","date_gmt":"2022-03-25T00:46:55","guid":{"rendered":"https:\/\/explotumarca.com\/?post_type=product&#038;p=5666"},"modified":"2022-04-11T15:40:20","modified_gmt":"2022-04-11T20:40:20","slug":"kit-de-video-colaboracion-personal-de-primer-nivel","status":"publish","type":"product","link":"https:\/\/explotumarca.com\/?product=kit-de-video-colaboracion-personal-de-primer-nivel","title":{"rendered":"KIT DE VIDEO COLABORACI\u00d3N PERSONAL DE PRIMER NIVEL"},"content":{"rendered":"<h2 class=\"font-title-l js-title \">KIT DE V\u00cdDEO COLABORACI\u00d3N PERSONAL PREMIUM<\/h2>\n<div class=\"large body js-subtitle\">Aprovisiona cualquier espacio de trabajo personal con los aud\u00edfonos Zone True Wireless y una c\u00e1mara web 4K superior para videoconferencias, un gran kit de v\u00eddeo<\/div>\n<div><\/div>\n<div class=\"subtitle js-subtitle \"><a href=\"https:\/\/www.logitech.com\/es-mx\/products\/headsets\/premium-personal-video-collaboration-kit.991-000362.html\">Aud\u00edfonos Zone True Wireless + c\u00e1mara web Brio<\/a><\/div>\n<div><\/div>\n<div>\n<h2 class=\"body-copy-title font-title-l font-brown-bold dc-black tc-black mc-black \">KIT DE V\u00cdDEO PREMIUM PARA VIDEOLLAMADAS PROFESIONALES DESDE CUALQUIER ESCRITORIO<\/h2>\n<p>Con Logitech Brio y los aud\u00edfonos Zone True Wireless, cualquier espacio de trabajo personal puede convertirse en un espacio de videocolaboraci\u00f3n de calidad profesional.<\/p>\n<p>Brio es nuestra c\u00e1mara web empresarial m\u00e1s avanzada. Con tecnolog\u00edas innovadoras, Brio eleva el nivel de la experiencia de video colaboraci\u00f3n con video Ultra HD 4K, lo que lo hace un gran kit de video<\/p>\n<p>Los aud\u00edfonos Zone True Wireless con <em>Bluetooth<\/em><sup>\u00ae<\/sup> te ayudan a mantenerte enfocado y en zona con un micr\u00f3fono con cancelaci\u00f3n de ruido, ANC h\u00edbrida adaptativa y sonido envolvente.<\/p>\n<\/div>\n<p>&nbsp;<\/p>\n<ul class=\"pangea-cmp tech-specs js-pangea-tech-specs\">\n<li class=\"specs-column\">\n<div class=\"specs-group\">\n<header class=\"specs-header\">\n<h3 class=\"specs-heading\">DIMENSIONES KIT DE VIDEO<\/h3>\n<\/header>\n<div class=\"specs-block\">\n<h4 class=\"specs-title\">Auriculares<\/h4>\n<ul class=\"specs-description-list\">\n<li>Altura: 15,9 mm<\/li>\n<li>Ancho: 27,4 mm<\/li>\n<li>Profundidad: 26,3 mm<\/li>\n<li>Peso (un par de aud\u00edfonos): 13 g<\/li>\n<\/ul>\n<\/div>\n<div class=\"specs-block\">\n<h4 class=\"specs-title\">Funda de carga<\/h4>\n<ul class=\"specs-description-list\">\n<li>Altura: 25 mm<\/li>\n<li>Ancho: 39,8 mm<\/li>\n<li>Profundidad: 74,5 mm<\/li>\n<li>Peso: 46 g<\/li>\n<\/ul>\n<\/div>\n<div class=\"specs-block\">\n<h4 class=\"specs-title\">Receptor USB-A para aud\u00edfonos<\/h4>\n<ul class=\"specs-description-list\">\n<li>Altura: 21,5 mm<\/li>\n<li>Ancho: 13,6 mm<\/li>\n<li>Profundidad: 6,0 mm<\/li>\n<\/ul>\n<\/div>\n<div class=\"specs-block\">\n<h4 class=\"specs-title\">Adaptador USB-C para aud\u00edfonos<\/h4>\n<ul class=\"specs-description-list\">\n<li>Altura: 25,2 mm<\/li>\n<li>Ancho: 16,5 mm<\/li>\n<li>Profundidad: 9,5 mm<\/li>\n<\/ul>\n<\/div>\n<div class=\"specs-block\">\n<h4 class=\"specs-title\">Longitud de cable de carga USB-A:<\/h4>\n<ul class=\"specs-description-list\">\n<li>24 cm<\/li>\n<\/ul>\n<\/div>\n<div class=\"specs-block\">\n<h4 class=\"specs-title\">C\u00e1mara web<\/h4>\n<ul class=\"specs-description-list\">\n<li>Altura: 27 mm<\/li>\n<li>Ancho: 102 mm<\/li>\n<li>Profundidad: 27 mm<\/li>\n<li>Peso: 63 g<\/li>\n<\/ul>\n<\/div>\n<div class=\"specs-block\">\n<h4 class=\"specs-title\">CLIP DE MONTAJE ACOPLABLE<\/h4>\n<ul class=\"specs-description-list\">\n<li>Altura: 19 mm<\/li>\n<li>Ancho: 36 mm<\/li>\n<li>Profundidad: 63 mm<\/li>\n<li>Peso: 44 g<\/li>\n<\/ul>\n<\/div>\n<div class=\"specs-block\">\n<h4 class=\"specs-title\">Longitud de cable de c\u00e1mara Web<\/h4>\n<ul class=\"specs-description-list\">\n<li>2,2 m<\/li>\n<\/ul>\n<\/div>\n<\/div>\n<\/li>\n<li class=\"specs-column\">\n<div class=\"specs-group\">\n<header class=\"specs-header\">\n<h3 class=\"specs-heading\">REQUISITOS DEL SISTEMA KIT DE V\u00cdDEO<\/h3>\n<\/header>\n<div class=\"specs-block\">\n<h4 class=\"specs-title\">ZONE TRUE WIRELESS<\/h4>\n<ul class=\"specs-description-list\">\n<li>Funcionan con las principales aplicaciones de llamadas en casi todas las plataformas y sistemas operativos.<\/li>\n<li>Computadora con un puerto USB-A, USB-C disponible o un tel\u00e9fono inteligente habilitado para Bluetooth y \/ o habilitado para Bluetooth.<\/li>\n<\/ul>\n<\/div>\n<div class=\"specs-block\">\n<h4 class=\"specs-title\">Certificaciones<\/h4>\n<ul class=\"specs-description-list\">\n<li>Microsoft Teams<\/li>\n<li>Google Meet&#x2122; y Google Voice&#x2122;<\/li>\n<li>Zoom&#x2122;<\/li>\n<li>Compatible con Cisco Webex, BlueJeans y GoToMeeting.<\/li>\n<\/ul>\n<\/div>\n<div class=\"specs-block\">\n<h4 class=\"specs-title\">BRIO<\/h4>\n<ul class=\"specs-description-list\">\n<li>Windows\u00ae 7 o posteriores (Windows 8.1 o posteriores para resoluciones superiores a 1080p)<\/li>\n<li>macOS 10.10 o posteriores<\/li>\n<li>Chrome OS&#x2122; 29.0.1547.70 o posteriores<\/li>\n<li>2 GB de RAM o m\u00e1s<\/li>\n<li>Espacio en el disco duro para los videos grabados<\/li>\n<li>Conexi\u00f3n USB Plug and Play<\/li>\n<li>Un puerto USB 2 o USB 3 (la grabaci\u00f3n y el streaming 4K requieren un puerto USB 3.0 y software compatible)<\/li>\n<li>Reemplazo del fondo<\/li>\n<li>Windows: Compatibilidad con ChromaCam para Windows<\/li>\n<li>Streaming 4K y grabaci\u00f3n en Windows: Funciona con Camera for Windows 10, XSplit, OBS<\/li>\n<li>Macintosh: Funciona con SwiftCapture<\/li>\n<\/ul>\n<\/div>\n<div class=\"specs-block\">\n<h4 class=\"specs-title\">Certificaciones<\/h4>\n<ul class=\"specs-description-list\">\n<li>Microsoft Teams<\/li>\n<li>Certificaci\u00f3n para Zoom&#x2122; Meetings<\/li>\n<li>Con certificaci\u00f3n para Fuze<\/li>\n<li>Microsoft Cortana\u00ae<\/li>\n<li>Windows Hello<\/li>\n<li>Cisco Webex\u00ae<\/li>\n<\/ul>\n<\/div>\n<\/div>\n<p>&nbsp;<\/li>\n<\/ul>\n<ul class=\"pangea-cmp tech-specs js-pangea-tech-specs\">\n<li class=\"specs-column\">\n<div class=\"specs-group\">\n<header class=\"specs-header\">\n<h3 class=\"specs-heading\">ESPECIFICACIONES T\u00c9CNICAS KIT DE VIDEO<\/h3>\n<\/header>\n<div class=\"specs-block\">\n<h4 class=\"specs-title\">ZONE TRUE WIRELESS<\/h4>\n<ul class=\"specs-description-list\">\n<li>Micr\u00f3fono\n<ul class=\"specs-description-list\">\n<li>Tipo: Micr\u00f3fonos MEMS duales y omnidireccionales con formaci\u00f3n de haces m\u00e1s un micr\u00f3fono orientado hacia la parte interior<\/li>\n<li>Respuesta de frecuencia: 100-8KHz<\/li>\n<\/ul>\n<\/li>\n<li>Altavoces\n<ul class=\"specs-description-list\">\n<li>Respuesta de frecuencia (modo m\u00fasica): 20-20KHz<\/li>\n<li>Respuesta de frecuencia (modo de conversaci\u00f3n): 100-8KHz<\/li>\n<li>Cumplimiento de normativas de audio: Compatibilidad con EN 50332<\/li>\n<\/ul>\n<\/li>\n<li>Bater\u00eda\n<ul class=\"specs-description-list\">\n<li>Bater\u00edas: Bater\u00eda integrada (ion litio)<\/li>\n<li>Duraci\u00f3n de bater\u00eda del aud\u00edfono (tiempo en escucha): Hasta 7 horas (ANC activada), hasta 12 horas (ANC desactivada), duraci\u00f3n de bateria de la funda de carga: 2 veces<\/li>\n<\/ul>\n<\/li>\n<li>Carga\n<ul class=\"specs-description-list\">\n<li>2 hrs 45 min para recargar completamente los aud\u00edfonos<\/li>\n<li>3 horas para la carga completa de la funda<\/li>\n<li>La carga r\u00e1pida de 5 minutos proporciona 2 horas de tiempo de escucha de m\u00fasica (ANC desactivada), 1 hora y 10 minutos de tiempo de escucha de m\u00fasica (ANC activada) o 1 hora de tiempo en conversaci\u00f3n (ANC desactivada)<\/li>\n<li>Compatibles con carga inal\u00e1mbrica Qi <a class=\"note note-tooltip js-note-tooltip pangea-inited\"><sup aria-label=\"footnote 2\">2<\/sup><span class=\"visually-hidden js-tooltip-descriptor\" aria-hidden=\"true\">El cargador inal\u00e1mbrico Qi se vende por separado.<\/span><\/a><\/li>\n<li>Cable de carga USB-A a C: 24 cm<\/li>\n<\/ul>\n<\/li>\n<li>Radio de acci\u00f3n inal\u00e1mbrico\n<ul class=\"specs-description-list\">\n<li>Hasta 30 m (l\u00ednea de visi\u00f3n en campo abierto)<\/li>\n<\/ul>\n<\/li>\n<li>Grado de protecci\u00f3n IP\n<ul class=\"specs-description-list\">\n<li>Auriculares: IP68<\/li>\n<li>Funda de carga: IP54<\/li>\n<\/ul>\n<\/li>\n<\/ul>\n<\/div>\n<div class=\"specs-block\">\n<h4 class=\"specs-title\">BRIO<\/h4>\n<ul class=\"specs-description-list\">\n<li>Videoconferencias 4K Ultra HD (hasta 4096 x 2160 p\u00edxeles a 30 fps)<\/li>\n<li>Conexi\u00f3n USB Plug and Play<\/li>\n<li>Campo visual\n<ul class=\"specs-description-list\">\n<li>Diagonal: 90\u00b0<\/li>\n<li>Horizontal: 82,1\u00b0<\/li>\n<li>Vertical: 52,2\u00b0<\/li>\n<\/ul>\n<\/li>\n<li>Zoom digital 5x en Full HD<\/li>\n<li>Enfoque autom\u00e1tico<\/li>\n<li>RightLight\u00a03 con HDR para nitidez de imagen en distintas condiciones de iluminaci\u00f3n desde luz escasa a luz solar directa<\/li>\n<li>Controles de imagen con la aplicaci\u00f3n Camera Settings opcional, para funciones de panor\u00e1mica, inclinaci\u00f3n y zoom<\/li>\n<li>Dos micr\u00f3fonos omnidireccionales integrados con cancelaci\u00f3n de eco y ruido<\/li>\n<li>Sensor con tecnolog\u00eda infrarroja para Windows (SDK disponible para integraci\u00f3n de aplicaci\u00f3n)<\/li>\n<li>Tapa de obturador externa<\/li>\n<li>Varias opciones de montaje, incluidas clip y tr\u00edpode<\/li>\n<li>Admite varios tipos de conexi\u00f3n, incluidos USB 2.0 tipo A y USB 3.0 tipo A y C<\/li>\n<li>Funda protectora personalizada<\/li>\n<\/ul>\n<\/div>\n<\/div>\n<p>&nbsp;<\/li>\n<\/ul>\n<ul class=\"pangea-cmp tech-specs js-pangea-tech-specs\">\n<li class=\"specs-column\">\n<div class=\"specs-group\">\n<header class=\"specs-header\">\n<h3 class=\"specs-heading\">CONTENIDO DE LA CAJA KIT DE VIDEO<\/h3>\n<\/header>\n<div class=\"specs-block\">\n<ul class=\"specs-description-list\">\n<li>Aud\u00edfonos inal\u00e1mbricos con extremos de gel de tama\u00f1o M<\/li>\n<li>Funda de carga inal\u00e1mbrica para aud\u00edfonos<\/li>\n<li>Receptor USB-A para aud\u00edfonos<\/li>\n<li>Adaptador USB-C a USB-A para aud\u00edfonos<\/li>\n<li>Extremos de gel sustituibles (S, L) para aud\u00edfonos<\/li>\n<li>Cable de carga USB-C a USB-A para aud\u00edfonos<\/li>\n<li>Bolsa de transporte para aud\u00edfonos con micr\u00f3fono<\/li>\n<li>C\u00e1mara Web Brio Ultra HD Pro<\/li>\n<li>Cable USB 3.0 (compatible con USB 2.0) para c\u00e1mara Web<\/li>\n<li>Clip extra\u00edble para c\u00e1mara Web<\/li>\n<li>Tapa de privacidad para c\u00e1mara Web<\/li>\n<li>Bolsa protectora para c\u00e1mara Web<\/li>\n<li>Documentaci\u00f3n del usuario para aud\u00edfonos y c\u00e1mara web<\/li>\n<\/ul>\n<\/div>\n<\/div>\n<\/li>\n<li class=\"specs-column\">\n<div class=\"specs-group\">\n<header class=\"specs-header\">\n<h3 class=\"specs-heading\">INFORMACI\u00d3N DE GARANT\u00cdA<\/h3>\n<\/header>\n<div class=\"specs-block\">\n<div class=\"specs-description\"><strong>Logitech Zone True Wireless<\/strong><br \/>\nDos a\u00f1os de garant\u00eda de hardware limitada<strong>C\u00e1mara Web Brio Ultra HD Pro<\/strong><br \/>\nTres a\u00f1os de garant\u00eda limitada de hardware<\/div>\n<\/div>\n<\/div>\n<\/li>\n<li class=\"specs-column\">\n<div class=\"specs-group\">\n<header class=\"specs-header\">\n<h3 class=\"specs-heading\">N\u00daMERO DE REFERENCIA<\/h3>\n<\/header>\n<div class=\"specs-block\">\n<ul class=\"specs-description-list\">\n<li>991-000362<\/li>\n<\/ul>\n<p>&nbsp;<\/p>\n<p>Ll\u00e1manos al (55) 3342 8218 o d\u00e9janos tus datos <a href=\"https:\/\/explotumarca.com\/?page_id=14\">aqu\u00ed<\/a><\/p>\n<p>&nbsp;<\/p>\n<\/div>\n<\/div>\n<\/li>\n<\/ul>\n","protected":false},"excerpt":{"rendered":"<p>KIT DE V\u00cdDEO COLABORACI\u00d3N PERSONAL PREMIUM Aprovisiona cualquier espacio de trabajo personal con los aud\u00edfonos Zone True Wireless y una c\u00e1mara web 4K superior para videoconferencias, un gran kit de v\u00eddeo Aud\u00edfonos Zone True Wireless [&hellip;]<\/p>\n","protected":false},"featured_media":5668,"template":"","meta":{"content-type":""},"product_cat":[97],"product_tag":[],"class_list":{"0":"post-5666","1":"product","2":"type-product","3":"status-publish","4":"has-post-thumbnail","6":"product_cat-soluciones-de-espacios-de-trabajo","8":"first","9":"instock","10":"taxable","11":"shipping-taxable","12":"product-type-simple"},"yoast_head":"<!-- This site is optimized with the Yoast SEO Premium plugin v18.8 (Yoast SEO v26.8) - https:\/\/yoast.com\/product\/yoast-seo-premium-wordpress\/ -->\n<title>Zoom videollamadas; venta de equipos kit de video<\/title>\n<meta name=\"description\" content=\"Venta de equipos, salas, mantenimiento y capacitaci\u00f3n de zoom videollamadas para Empresas en M\u00e9xico. kit de video\" \/>\n<meta name=\"robots\" content=\"index, follow, max-snippet:-1, max-image-preview:large, max-video-preview:-1\" \/>\n<link rel=\"canonical\" href=\"https:\/\/explotumarca.com\/?product=kit-de-video-colaboracion-personal-de-primer-nivel\" \/>\n<meta property=\"og:locale\" content=\"es_MX\" \/>\n<meta property=\"og:type\" content=\"article\" \/>\n<meta property=\"og:title\" content=\"KIT DE VIDEO COLABORACI\u00d3N PERSONAL DE PRIMER NIVEL\" \/>\n<meta property=\"og:description\" content=\"KIT DE V\u00cdDEO COLABORACI\u00d3N PERSONAL PREMIUM Aprovisiona cualquier espacio de trabajo personal con los aud\u00edfonos Zone True Wireless y una c\u00e1mara web 4K\" \/>\n<meta property=\"og:url\" content=\"https:\/\/explotumarca.com\/?product=kit-de-video-colaboracion-personal-de-primer-nivel\" \/>\n<meta property=\"og:site_name\" content=\"Explo\" \/>\n<meta property=\"article:publisher\" content=\"https:\/\/www.facebook.com\/MexicoExplo\/\" \/>\n<meta property=\"article:modified_time\" content=\"2022-04-11T20:40:20+00:00\" \/>\n<meta property=\"og:image\" content=\"https:\/\/explotumarca.com\/wp-content\/uploads\/2022\/03\/KIT-DE-VIDEO-COLABORACION-PERSONAL-PREMIUM-LOGITECH-VIDEOCONFERENCIA-EXPLO-EXPLOTUMARCA-3.jpg\" \/>\n\t<meta property=\"og:image:width\" content=\"450\" \/>\n\t<meta property=\"og:image:height\" content=\"450\" \/>\n\t<meta property=\"og:image:type\" content=\"image\/jpeg\" \/>\n<meta name=\"twitter:card\" content=\"summary_large_image\" \/>\n<meta name=\"twitter:label1\" content=\"Tiempo de lectura\" \/>\n\t<meta name=\"twitter:data1\" content=\"4 minutos\" \/>\n<script type=\"application\/ld+json\" class=\"yoast-schema-graph\">{\"@context\":\"https:\/\/schema.org\",\"@graph\":[{\"@type\":\"WebPage\",\"@id\":\"https:\/\/explotumarca.com\/?product=kit-de-video-colaboracion-personal-de-primer-nivel\",\"url\":\"https:\/\/explotumarca.com\/?product=kit-de-video-colaboracion-personal-de-primer-nivel\",\"name\":\"Zoom videollamadas; venta de equipos kit de video\",\"isPartOf\":{\"@id\":\"https:\/\/explotumarca.com\/#website\"},\"primaryImageOfPage\":{\"@id\":\"https:\/\/explotumarca.com\/?product=kit-de-video-colaboracion-personal-de-primer-nivel#primaryimage\"},\"image\":{\"@id\":\"https:\/\/explotumarca.com\/?product=kit-de-video-colaboracion-personal-de-primer-nivel#primaryimage\"},\"thumbnailUrl\":\"https:\/\/explotumarca.com\/wp-content\/uploads\/2022\/03\/KIT-DE-VIDEO-COLABORACION-PERSONAL-PREMIUM-LOGITECH-VIDEOCONFERENCIA-EXPLO-EXPLOTUMARCA-3.jpg\",\"datePublished\":\"2022-03-25T00:46:55+00:00\",\"dateModified\":\"2022-04-11T20:40:20+00:00\",\"description\":\"Venta de equipos, salas, mantenimiento y capacitaci\u00f3n de zoom videollamadas para Empresas en M\u00e9xico. kit de video\",\"breadcrumb\":{\"@id\":\"https:\/\/explotumarca.com\/?product=kit-de-video-colaboracion-personal-de-primer-nivel#breadcrumb\"},\"inLanguage\":\"es\",\"potentialAction\":[{\"@type\":\"ReadAction\",\"target\":[\"https:\/\/explotumarca.com\/?product=kit-de-video-colaboracion-personal-de-primer-nivel\"]}]},{\"@type\":\"ImageObject\",\"inLanguage\":\"es\",\"@id\":\"https:\/\/explotumarca.com\/?product=kit-de-video-colaboracion-personal-de-primer-nivel#primaryimage\",\"url\":\"https:\/\/explotumarca.com\/wp-content\/uploads\/2022\/03\/KIT-DE-VIDEO-COLABORACION-PERSONAL-PREMIUM-LOGITECH-VIDEOCONFERENCIA-EXPLO-EXPLOTUMARCA-3.jpg\",\"contentUrl\":\"https:\/\/explotumarca.com\/wp-content\/uploads\/2022\/03\/KIT-DE-VIDEO-COLABORACION-PERSONAL-PREMIUM-LOGITECH-VIDEOCONFERENCIA-EXPLO-EXPLOTUMARCA-3.jpg\",\"width\":450,\"height\":450,\"caption\":\"KIT DE VIDEO COLABORACI\u00d3N PERSONAL PREMIUM LOGITECH VIDEOCONFERENCIA EXPLO EXPLOTUMARCA\"},{\"@type\":\"BreadcrumbList\",\"@id\":\"https:\/\/explotumarca.com\/?product=kit-de-video-colaboracion-personal-de-primer-nivel#breadcrumb\",\"itemListElement\":[{\"@type\":\"ListItem\",\"position\":1,\"name\":\"Inicio\",\"item\":\"https:\/\/explotumarca.com\/\"},{\"@type\":\"ListItem\",\"position\":2,\"name\":\"Productos\",\"item\":\"https:\/\/explotumarca.com\/?post_type=product\"},{\"@type\":\"ListItem\",\"position\":3,\"name\":\"KIT DE VIDEO COLABORACI\u00d3N PERSONAL DE PRIMER NIVEL\"}]},{\"@type\":\"WebSite\",\"@id\":\"https:\/\/explotumarca.com\/#website\",\"url\":\"https:\/\/explotumarca.com\/\",\"name\":\"Explo\",\"description\":\"Productos y servicios corporativos\",\"publisher\":{\"@id\":\"https:\/\/explotumarca.com\/#organization\"},\"potentialAction\":[{\"@type\":\"SearchAction\",\"target\":{\"@type\":\"EntryPoint\",\"urlTemplate\":\"https:\/\/explotumarca.com\/?s={search_term_string}\"},\"query-input\":{\"@type\":\"PropertyValueSpecification\",\"valueRequired\":true,\"valueName\":\"search_term_string\"}}],\"inLanguage\":\"es\"},{\"@type\":\"Organization\",\"@id\":\"https:\/\/explotumarca.com\/#organization\",\"name\":\"Explo\",\"url\":\"https:\/\/explotumarca.com\/\",\"logo\":{\"@type\":\"ImageObject\",\"inLanguage\":\"es\",\"@id\":\"https:\/\/explotumarca.com\/#\/schema\/logo\/image\/\",\"url\":\"http:\/\/arsnovamx.com\/explotumarca.com\/wp-content\/uploads\/2020\/10\/Nuevo-Logo-Explo-2020.jpg\",\"contentUrl\":\"http:\/\/arsnovamx.com\/explotumarca.com\/wp-content\/uploads\/2020\/10\/Nuevo-Logo-Explo-2020.jpg\",\"width\":800,\"height\":334,\"caption\":\"Explo\"},\"image\":{\"@id\":\"https:\/\/explotumarca.com\/#\/schema\/logo\/image\/\"},\"sameAs\":[\"https:\/\/www.facebook.com\/MexicoExplo\/\"]}]}<\/script>\n<!-- \/ Yoast SEO Premium plugin. -->","yoast_head_json":{"title":"Zoom videollamadas; venta de equipos kit de video","description":"Venta de equipos, salas, mantenimiento y capacitaci\u00f3n de zoom videollamadas para Empresas en M\u00e9xico. kit de video","robots":{"index":"index","follow":"follow","max-snippet":"max-snippet:-1","max-image-preview":"max-image-preview:large","max-video-preview":"max-video-preview:-1"},"canonical":"https:\/\/explotumarca.com\/?product=kit-de-video-colaboracion-personal-de-primer-nivel","og_locale":"es_MX","og_type":"article","og_title":"KIT DE VIDEO COLABORACI\u00d3N PERSONAL DE PRIMER NIVEL","og_description":"KIT DE V\u00cdDEO COLABORACI\u00d3N PERSONAL PREMIUM Aprovisiona cualquier espacio de trabajo personal con los aud\u00edfonos Zone True Wireless y una c\u00e1mara web 4K","og_url":"https:\/\/explotumarca.com\/?product=kit-de-video-colaboracion-personal-de-primer-nivel","og_site_name":"Explo","article_publisher":"https:\/\/www.facebook.com\/MexicoExplo\/","article_modified_time":"2022-04-11T20:40:20+00:00","og_image":[{"width":450,"height":450,"url":"https:\/\/explotumarca.com\/wp-content\/uploads\/2022\/03\/KIT-DE-VIDEO-COLABORACION-PERSONAL-PREMIUM-LOGITECH-VIDEOCONFERENCIA-EXPLO-EXPLOTUMARCA-3.jpg","type":"image\/jpeg"}],"twitter_card":"summary_large_image","twitter_misc":{"Tiempo de lectura":"4 minutos"},"schema":{"@context":"https:\/\/schema.org","@graph":[{"@type":"WebPage","@id":"https:\/\/explotumarca.com\/?product=kit-de-video-colaboracion-personal-de-primer-nivel","url":"https:\/\/explotumarca.com\/?product=kit-de-video-colaboracion-personal-de-primer-nivel","name":"Zoom videollamadas; venta de equipos kit de video","isPartOf":{"@id":"https:\/\/explotumarca.com\/#website"},"primaryImageOfPage":{"@id":"https:\/\/explotumarca.com\/?product=kit-de-video-colaboracion-personal-de-primer-nivel#primaryimage"},"image":{"@id":"https:\/\/explotumarca.com\/?product=kit-de-video-colaboracion-personal-de-primer-nivel#primaryimage"},"thumbnailUrl":"https:\/\/explotumarca.com\/wp-content\/uploads\/2022\/03\/KIT-DE-VIDEO-COLABORACION-PERSONAL-PREMIUM-LOGITECH-VIDEOCONFERENCIA-EXPLO-EXPLOTUMARCA-3.jpg","datePublished":"2022-03-25T00:46:55+00:00","dateModified":"2022-04-11T20:40:20+00:00","description":"Venta de equipos, salas, mantenimiento y capacitaci\u00f3n de zoom videollamadas para Empresas en M\u00e9xico. kit de video","breadcrumb":{"@id":"https:\/\/explotumarca.com\/?product=kit-de-video-colaboracion-personal-de-primer-nivel#breadcrumb"},"inLanguage":"es","potentialAction":[{"@type":"ReadAction","target":["https:\/\/explotumarca.com\/?product=kit-de-video-colaboracion-personal-de-primer-nivel"]}]},{"@type":"ImageObject","inLanguage":"es","@id":"https:\/\/explotumarca.com\/?product=kit-de-video-colaboracion-personal-de-primer-nivel#primaryimage","url":"https:\/\/explotumarca.com\/wp-content\/uploads\/2022\/03\/KIT-DE-VIDEO-COLABORACION-PERSONAL-PREMIUM-LOGITECH-VIDEOCONFERENCIA-EXPLO-EXPLOTUMARCA-3.jpg","contentUrl":"https:\/\/explotumarca.com\/wp-content\/uploads\/2022\/03\/KIT-DE-VIDEO-COLABORACION-PERSONAL-PREMIUM-LOGITECH-VIDEOCONFERENCIA-EXPLO-EXPLOTUMARCA-3.jpg","width":450,"height":450,"caption":"KIT DE VIDEO COLABORACI\u00d3N PERSONAL PREMIUM LOGITECH VIDEOCONFERENCIA EXPLO EXPLOTUMARCA"},{"@type":"BreadcrumbList","@id":"https:\/\/explotumarca.com\/?product=kit-de-video-colaboracion-personal-de-primer-nivel#breadcrumb","itemListElement":[{"@type":"ListItem","position":1,"name":"Inicio","item":"https:\/\/explotumarca.com\/"},{"@type":"ListItem","position":2,"name":"Productos","item":"https:\/\/explotumarca.com\/?post_type=product"},{"@type":"ListItem","position":3,"name":"KIT DE VIDEO COLABORACI\u00d3N PERSONAL DE PRIMER NIVEL"}]},{"@type":"WebSite","@id":"https:\/\/explotumarca.com\/#website","url":"https:\/\/explotumarca.com\/","name":"Explo","description":"Productos y servicios corporativos","publisher":{"@id":"https:\/\/explotumarca.com\/#organization"},"potentialAction":[{"@type":"SearchAction","target":{"@type":"EntryPoint","urlTemplate":"https:\/\/explotumarca.com\/?s={search_term_string}"},"query-input":{"@type":"PropertyValueSpecification","valueRequired":true,"valueName":"search_term_string"}}],"inLanguage":"es"},{"@type":"Organization","@id":"https:\/\/explotumarca.com\/#organization","name":"Explo","url":"https:\/\/explotumarca.com\/","logo":{"@type":"ImageObject","inLanguage":"es","@id":"https:\/\/explotumarca.com\/#\/schema\/logo\/image\/","url":"http:\/\/arsnovamx.com\/explotumarca.com\/wp-content\/uploads\/2020\/10\/Nuevo-Logo-Explo-2020.jpg","contentUrl":"http:\/\/arsnovamx.com\/explotumarca.com\/wp-content\/uploads\/2020\/10\/Nuevo-Logo-Explo-2020.jpg","width":800,"height":334,"caption":"Explo"},"image":{"@id":"https:\/\/explotumarca.com\/#\/schema\/logo\/image\/"},"sameAs":["https:\/\/www.facebook.com\/MexicoExplo\/"]}]}},"_links":{"self":[{"href":"https:\/\/explotumarca.com\/index.php?rest_route=\/wp\/v2\/product\/5666","targetHints":{"allow":["GET"]}}],"collection":[{"href":"https:\/\/explotumarca.com\/index.php?rest_route=\/wp\/v2\/product"}],"about":[{"href":"https:\/\/explotumarca.com\/index.php?rest_route=\/wp\/v2\/types\/product"}],"wp:featuredmedia":[{"embeddable":true,"href":"https:\/\/explotumarca.com\/index.php?rest_route=\/wp\/v2\/media\/5668"}],"wp:attachment":[{"href":"https:\/\/explotumarca.com\/index.php?rest_route=%2Fwp%2Fv2%2Fmedia&parent=5666"}],"wp:term":[{"taxonomy":"product_cat","embeddable":true,"href":"https:\/\/explotumarca.com\/index.php?rest_route=%2Fwp%2Fv2%2Fproduct_cat&post=5666"},{"taxonomy":"product_tag","embeddable":true,"href":"https:\/\/explotumarca.com\/index.php?rest_route=%2Fwp%2Fv2%2Fproduct_tag&post=5666"}],"curies":[{"name":"wp","href":"https:\/\/api.w.org\/{rel}","templated":true}]}}