{"id":5677,"date":"2022-03-24T19:26:48","date_gmt":"2022-03-25T01:26:48","guid":{"rendered":"https:\/\/explotumarca.com\/?post_type=product&#038;p=5677"},"modified":"2022-04-11T15:29:53","modified_gmt":"2022-04-11T20:29:53","slug":"camara-web-empresarial-brio-ultra-hd-pro","status":"publish","type":"product","link":"https:\/\/explotumarca.com\/?product=camara-web-empresarial-brio-ultra-hd-pro","title":{"rendered":"C\u00c1MARA WEB EMPRESARIAL BRIO ULTRA HD PRO"},"content":{"rendered":"<h1 class=\"title js-title\">C\u00c1MARA WEB EMPRESARIAL BRIO ULTRA HD PRO<\/h1>\n<div class=\"large body js-subtitle\"><a href=\"https:\/\/www.logitech.com\/es-mx\/products\/webcams\/brio-4k-hdr-webcam.960-001105.html\">C\u00e1mara Web<\/a> 4K con HDR y compatibilidad con Windows\u00ae\u00a0Hello<\/div>\n<div><\/div>\n<div><\/div>\n<div>\n<h2 class=\"body-copy-title font-title-m font-brown-bold \">LA C\u00c1MARA WEB IDEAL PARA LAS REUNIONES POR VIDEO<\/h2>\n<p>Logitech Brio es la mejor y m\u00e1s avanzada de nuestras c\u00e1maras web empresariales Dotada de tecnolog\u00edas innovadoras, Brio optimiza la colaboraci\u00f3n de video Ultra HD 4K.<\/p>\n<p>Mediante RightLight&#x2122; 3 y la tecnolog\u00eda de rango din\u00e1mico alto (HDR) se realizan ajustes autom\u00e1ticos para que te veas profesional en cualquier entorno luminoso, ya sea con luz escasa, luz solar directa o condiciones de alto contraste luminoso.<\/p>\n<p>Brio est\u00e1 certificada para uso empresarial y, con componentes \u00f3pticos integrados y sensores de infrarrojos, es compatible con Windows Hello.<\/p>\n<\/div>\n<p>&nbsp;<\/p>\n<ul class=\"pangea-cmp tech-specs js-pangea-tech-specs\">\n<li class=\"specs-column\">\n<div class=\"specs-group\">\n<header class=\"specs-header\">\n<h3 class=\"specs-heading\">DIMENSIONES<\/h3>\n<\/header>\n<div class=\"specs-block\">\n<h4 class=\"specs-title\">C\u00e1mara web<\/h4>\n<ul class=\"specs-description-list\">\n<li>Altura: 27 mm<\/li>\n<li>Ancho: 102 mm<\/li>\n<li>Profundidad: 27 mm<\/li>\n<li>Longitud del cable: 2,2 m<\/li>\n<li>Peso: 63 g<\/li>\n<\/ul>\n<\/div>\n<div class=\"specs-block\">\n<h4 class=\"specs-title\">CLIP DE MONTAJE ACOPLABLE<\/h4>\n<ul class=\"specs-description-list\">\n<li>Altura: 19 mm<\/li>\n<li>Ancho: 36 mm<\/li>\n<li>Profundidad: 63 mm<\/li>\n<li>Peso: 44 g<\/li>\n<\/ul>\n<\/div>\n<\/div>\n<\/li>\n<li class=\"specs-column\">\n<div class=\"specs-group\">\n<header class=\"specs-header\">\n<h3 class=\"specs-heading\">REQUISITOS DEL SISTEMA<\/h3>\n<\/header>\n<div class=\"specs-block\">\n<h4 class=\"specs-title\">Compatible con<\/h4>\n<ul class=\"specs-description-list\">\n<li>Windows 8 o posteriores (se requiere Windows 8.1 o posteriores para resoluciones superiores a 1080p)<\/li>\n<li>macOS 10.10 o posterior<\/li>\n<li>Chrome OS&#x2122;<\/li>\n<li>Se requieren 2 GB de RAM o m\u00e1s para streaming de video 1080p<\/li>\n<li>Normalmente se requiere 1GB para streaming 720p<\/li>\n<\/ul>\n<\/div>\n<div class=\"specs-block\">\n<div class=\"specs-description\">Un puerto USB 2 o USB 3 (la grabaci\u00f3n y el streaming 4K requieren un puerto USB 3.0 y software de terceros compatible)<\/div>\n<\/div>\n<div class=\"specs-block\">\n<div class=\"specs-description\">Compatible con Microsoft Directshow<\/div>\n<\/div>\n<div class=\"specs-block\">\n<div class=\"specs-description\">Funciona con plataformas de llamadas populares<\/div>\n<\/div>\n<\/div>\n<div><\/div>\n<\/li>\n<li class=\"specs-column\">\n<div class=\"specs-group\">\n<header class=\"specs-header\">\n<h3 class=\"specs-heading\">ESPECIFICACIONES T\u00c9CNICAS C\u00c1MARA WEB<\/h3>\n<\/header>\n<div class=\"specs-block\">\n<h4 class=\"specs-title\">M\u00faltiples resoluciones<\/h4>\n<ul class=\"specs-description-list\">\n<li>4K\/30 fps (hasta 4096 x 2160 p\u00edxeles)<\/li>\n<li>1080p\/30 o 60 fps (hasta 1920 o 1080 p\u00edxeles)<\/li>\n<li>720p\/30, 60 o 90 fps (hasta 1280 x 720 p\u00edxeles)<\/li>\n<\/ul>\n<\/div>\n<div class=\"specs-block\">\n<div class=\"specs-description\">C\u00e1mara mega pixel: 13<\/div>\n<\/div>\n<div class=\"specs-block\">\n<div class=\"specs-description\">Tipo de enfoque: Enfoque autom\u00e1tico<\/div>\n<\/div>\n<div class=\"specs-block\">\n<div class=\"specs-description\">Tipo de lente: Cristal<\/div>\n<\/div>\n<div class=\"specs-block\">\n<div class=\"specs-description\">Micr\u00f3fono integrado: Est\u00e9reo<\/div>\n<\/div>\n<div class=\"specs-block\">\n<div class=\"specs-description\">Radio de micr\u00f3fono: Hasta 1.22 m<\/div>\n<\/div>\n<div class=\"specs-block\">\n<div class=\"specs-description\">Campo visual diagonal (dFoV): 90\u00b0\/78\u00b0\/65\u00b0<\/div>\n<\/div>\n<div class=\"specs-block\">\n<div class=\"specs-description\">Zoom digital: 5x<\/div>\n<\/div>\n<div class=\"specs-block\">\n<div class=\"specs-description\">Conectividad USB: Plug and Play USB-A, admite USB-C con adaptador de terceros (no se incluye)<\/div>\n<\/div>\n<div class=\"specs-block\">\n<div class=\"specs-description\">Clip universal extra\u00edble para monitores, pantallas LCD o laptops<\/div>\n<\/div>\n<div class=\"specs-block\">\n<div class=\"specs-description\">RightLight\u00a03 con HDR para nitidez de imagen en distintas condiciones de iluminaci\u00f3n desde luz escasa a luz solar directa<\/div>\n<\/div>\n<div class=\"specs-block\">\n<div class=\"specs-description\">Controles de imagen con la aplicaci\u00f3n Camera Settings opcional, para funciones de panor\u00e1mica, inclinaci\u00f3n y zoom<\/div>\n<\/div>\n<div class=\"specs-block\">\n<div class=\"specs-description\">Sensor con tecnolog\u00eda infrarroja para Windows (SDK disponible para integraci\u00f3n de aplicaci\u00f3n)<\/div>\n<\/div>\n<div class=\"specs-block\">\n<div class=\"specs-description\">Tapa de privacidad acoplable<\/div>\n<\/div>\n<\/div>\n<div><\/div>\n<\/li>\n<li class=\"specs-column\">\n<div class=\"specs-group\">\n<header class=\"specs-header\">\n<h3 class=\"specs-heading\">CONTENIDO DE LA CAJA C\u00c1MARA WEB<\/h3>\n<\/header>\n<div class=\"specs-block\">\n<ul class=\"specs-description-list\">\n<li>C\u00e1mara web con clip de montaje universal extra\u00edble (en c\u00e1mara web)<\/li>\n<li>Tapa de privacidad acoplable<\/li>\n<li>Bolsa de viaje<\/li>\n<li>Cable USB-A a USB-C de 2,0 m (USB 2.0 o 3.0)<\/li>\n<li>Documentaci\u00f3n del usuario<\/li>\n<\/ul>\n<\/div>\n<\/div>\n<\/li>\n<li class=\"specs-column\">\n<div class=\"specs-group\">\n<header class=\"specs-header\">\n<h3 class=\"specs-heading\">INFORMACI\u00d3N DE GARANT\u00cdA<\/h3>\n<\/header>\n<div class=\"specs-block\">\n<div class=\"specs-description\">Tres a\u00f1os de garant\u00eda de hardware limitada<\/div>\n<\/div>\n<\/div>\n<\/li>\n<li class=\"specs-column\">\n<div class=\"specs-group\">\n<header class=\"specs-header\">\n<h3 class=\"specs-heading\">N\u00daMERO DE REFERENCIA<\/h3>\n<\/header>\n<div class=\"specs-block\">\n<ul class=\"specs-description-list\">\n<li>960-001105<\/li>\n<\/ul>\n<p>Ll\u00e1manos al (55) 3342 8218 o d\u00e9janos tus datos <a href=\"https:\/\/explotumarca.com\/?page_id=14\">aqu\u00ed<\/a><\/p>\n<\/div>\n<\/div>\n<\/li>\n<\/ul>\n<p>&nbsp;<\/p>\n","protected":false},"excerpt":{"rendered":"<p>C\u00c1MARA WEB EMPRESARIAL BRIO ULTRA HD PRO C\u00e1mara Web 4K con HDR y compatibilidad con Windows\u00ae\u00a0Hello LA C\u00c1MARA WEB IDEAL PARA LAS REUNIONES POR VIDEO Logitech Brio es la mejor y m\u00e1s avanzada de nuestras [&hellip;]<\/p>\n","protected":false},"featured_media":5684,"template":"","meta":{"content-type":""},"product_cat":[98],"product_tag":[],"class_list":{"0":"post-5677","1":"product","2":"type-product","3":"status-publish","4":"has-post-thumbnail","6":"product_cat-camaras-web","8":"first","9":"instock","10":"taxable","11":"shipping-taxable","12":"product-type-simple"},"yoast_head":"<!-- This site is optimized with the Yoast SEO Premium plugin v18.8 (Yoast SEO v26.8) - https:\/\/yoast.com\/product\/yoast-seo-premium-wordpress\/ -->\n<title>Zoom videollamadas; venta de equipos especiales c\u00e1mara web<\/title>\n<meta name=\"description\" content=\"Venta de equipos, salas, mantenimiento y capacitaci\u00f3n de zoom videollamadas para Empresas en M\u00e9xico. Cotiza los mejores equipos c\u00e1maras web\" \/>\n<meta name=\"robots\" content=\"index, follow, max-snippet:-1, max-image-preview:large, max-video-preview:-1\" \/>\n<link rel=\"canonical\" href=\"https:\/\/explotumarca.com\/?product=camara-web-empresarial-brio-ultra-hd-pro\" \/>\n<meta property=\"og:locale\" content=\"es_MX\" \/>\n<meta property=\"og:type\" content=\"article\" \/>\n<meta property=\"og:title\" content=\"C\u00c1MARA WEB EMPRESARIAL BRIO ULTRA HD PRO\" \/>\n<meta property=\"og:description\" content=\"C\u00c1MARA WEB EMPRESARIAL BRIO ULTRA HD PRO C\u00e1mara Web 4K con HDR y compatibilidad con Windows\u00ae\u00a0Hello LA C\u00c1MARA WEB IDEAL PARA LAS REUNIONES POR VIDEO\" \/>\n<meta property=\"og:url\" content=\"https:\/\/explotumarca.com\/?product=camara-web-empresarial-brio-ultra-hd-pro\" \/>\n<meta property=\"og:site_name\" content=\"Explo\" \/>\n<meta property=\"article:publisher\" content=\"https:\/\/www.facebook.com\/MexicoExplo\/\" \/>\n<meta property=\"article:modified_time\" content=\"2022-04-11T20:29:53+00:00\" \/>\n<meta property=\"og:image\" content=\"https:\/\/explotumarca.com\/wp-content\/uploads\/2022\/03\/CAMARA-WEB-EMPRESARIAL-BRIO-ULTRA-HD-PRO-LOGITECH-VIDEOCONFERENCIA-EXPLO-EXPLOTUMARCA-4.jpg\" \/>\n\t<meta property=\"og:image:width\" content=\"450\" \/>\n\t<meta property=\"og:image:height\" content=\"450\" \/>\n\t<meta property=\"og:image:type\" content=\"image\/jpeg\" \/>\n<meta name=\"twitter:card\" content=\"summary_large_image\" \/>\n<meta name=\"twitter:label1\" content=\"Tiempo de lectura\" \/>\n\t<meta name=\"twitter:data1\" content=\"2 minutos\" \/>\n<script type=\"application\/ld+json\" class=\"yoast-schema-graph\">{\"@context\":\"https:\/\/schema.org\",\"@graph\":[{\"@type\":\"WebPage\",\"@id\":\"https:\/\/explotumarca.com\/?product=camara-web-empresarial-brio-ultra-hd-pro\",\"url\":\"https:\/\/explotumarca.com\/?product=camara-web-empresarial-brio-ultra-hd-pro\",\"name\":\"Zoom videollamadas; venta de equipos especiales c\u00e1mara web\",\"isPartOf\":{\"@id\":\"https:\/\/explotumarca.com\/#website\"},\"primaryImageOfPage\":{\"@id\":\"https:\/\/explotumarca.com\/?product=camara-web-empresarial-brio-ultra-hd-pro#primaryimage\"},\"image\":{\"@id\":\"https:\/\/explotumarca.com\/?product=camara-web-empresarial-brio-ultra-hd-pro#primaryimage\"},\"thumbnailUrl\":\"https:\/\/explotumarca.com\/wp-content\/uploads\/2022\/03\/CAMARA-WEB-EMPRESARIAL-BRIO-ULTRA-HD-PRO-LOGITECH-VIDEOCONFERENCIA-EXPLO-EXPLOTUMARCA-4.jpg\",\"datePublished\":\"2022-03-25T01:26:48+00:00\",\"dateModified\":\"2022-04-11T20:29:53+00:00\",\"description\":\"Venta de equipos, salas, mantenimiento y capacitaci\u00f3n de zoom videollamadas para Empresas en M\u00e9xico. Cotiza los mejores equipos c\u00e1maras web\",\"breadcrumb\":{\"@id\":\"https:\/\/explotumarca.com\/?product=camara-web-empresarial-brio-ultra-hd-pro#breadcrumb\"},\"inLanguage\":\"es\",\"potentialAction\":[{\"@type\":\"ReadAction\",\"target\":[\"https:\/\/explotumarca.com\/?product=camara-web-empresarial-brio-ultra-hd-pro\"]}]},{\"@type\":\"ImageObject\",\"inLanguage\":\"es\",\"@id\":\"https:\/\/explotumarca.com\/?product=camara-web-empresarial-brio-ultra-hd-pro#primaryimage\",\"url\":\"https:\/\/explotumarca.com\/wp-content\/uploads\/2022\/03\/CAMARA-WEB-EMPRESARIAL-BRIO-ULTRA-HD-PRO-LOGITECH-VIDEOCONFERENCIA-EXPLO-EXPLOTUMARCA-4.jpg\",\"contentUrl\":\"https:\/\/explotumarca.com\/wp-content\/uploads\/2022\/03\/CAMARA-WEB-EMPRESARIAL-BRIO-ULTRA-HD-PRO-LOGITECH-VIDEOCONFERENCIA-EXPLO-EXPLOTUMARCA-4.jpg\",\"width\":450,\"height\":450,\"caption\":\"C\u00c1MARA WEB EMPRESARIAL BRIO ULTRA HD PRO LOGITECH VIDEOCONFERENCIA EXPLO EXPLOTUMARCA\"},{\"@type\":\"BreadcrumbList\",\"@id\":\"https:\/\/explotumarca.com\/?product=camara-web-empresarial-brio-ultra-hd-pro#breadcrumb\",\"itemListElement\":[{\"@type\":\"ListItem\",\"position\":1,\"name\":\"Inicio\",\"item\":\"https:\/\/explotumarca.com\/\"},{\"@type\":\"ListItem\",\"position\":2,\"name\":\"Productos\",\"item\":\"https:\/\/explotumarca.com\/?post_type=product\"},{\"@type\":\"ListItem\",\"position\":3,\"name\":\"C\u00c1MARA WEB EMPRESARIAL BRIO ULTRA HD PRO\"}]},{\"@type\":\"WebSite\",\"@id\":\"https:\/\/explotumarca.com\/#website\",\"url\":\"https:\/\/explotumarca.com\/\",\"name\":\"Explo\",\"description\":\"Productos y servicios corporativos\",\"publisher\":{\"@id\":\"https:\/\/explotumarca.com\/#organization\"},\"potentialAction\":[{\"@type\":\"SearchAction\",\"target\":{\"@type\":\"EntryPoint\",\"urlTemplate\":\"https:\/\/explotumarca.com\/?s={search_term_string}\"},\"query-input\":{\"@type\":\"PropertyValueSpecification\",\"valueRequired\":true,\"valueName\":\"search_term_string\"}}],\"inLanguage\":\"es\"},{\"@type\":\"Organization\",\"@id\":\"https:\/\/explotumarca.com\/#organization\",\"name\":\"Explo\",\"url\":\"https:\/\/explotumarca.com\/\",\"logo\":{\"@type\":\"ImageObject\",\"inLanguage\":\"es\",\"@id\":\"https:\/\/explotumarca.com\/#\/schema\/logo\/image\/\",\"url\":\"http:\/\/arsnovamx.com\/explotumarca.com\/wp-content\/uploads\/2020\/10\/Nuevo-Logo-Explo-2020.jpg\",\"contentUrl\":\"http:\/\/arsnovamx.com\/explotumarca.com\/wp-content\/uploads\/2020\/10\/Nuevo-Logo-Explo-2020.jpg\",\"width\":800,\"height\":334,\"caption\":\"Explo\"},\"image\":{\"@id\":\"https:\/\/explotumarca.com\/#\/schema\/logo\/image\/\"},\"sameAs\":[\"https:\/\/www.facebook.com\/MexicoExplo\/\"]}]}<\/script>\n<!-- \/ Yoast SEO Premium plugin. -->","yoast_head_json":{"title":"Zoom videollamadas; venta de equipos especiales c\u00e1mara web","description":"Venta de equipos, salas, mantenimiento y capacitaci\u00f3n de zoom videollamadas para Empresas en M\u00e9xico. Cotiza los mejores equipos c\u00e1maras web","robots":{"index":"index","follow":"follow","max-snippet":"max-snippet:-1","max-image-preview":"max-image-preview:large","max-video-preview":"max-video-preview:-1"},"canonical":"https:\/\/explotumarca.com\/?product=camara-web-empresarial-brio-ultra-hd-pro","og_locale":"es_MX","og_type":"article","og_title":"C\u00c1MARA WEB EMPRESARIAL BRIO ULTRA HD PRO","og_description":"C\u00c1MARA WEB EMPRESARIAL BRIO ULTRA HD PRO C\u00e1mara Web 4K con HDR y compatibilidad con Windows\u00ae\u00a0Hello LA C\u00c1MARA WEB IDEAL PARA LAS REUNIONES POR VIDEO","og_url":"https:\/\/explotumarca.com\/?product=camara-web-empresarial-brio-ultra-hd-pro","og_site_name":"Explo","article_publisher":"https:\/\/www.facebook.com\/MexicoExplo\/","article_modified_time":"2022-04-11T20:29:53+00:00","og_image":[{"width":450,"height":450,"url":"https:\/\/explotumarca.com\/wp-content\/uploads\/2022\/03\/CAMARA-WEB-EMPRESARIAL-BRIO-ULTRA-HD-PRO-LOGITECH-VIDEOCONFERENCIA-EXPLO-EXPLOTUMARCA-4.jpg","type":"image\/jpeg"}],"twitter_card":"summary_large_image","twitter_misc":{"Tiempo de lectura":"2 minutos"},"schema":{"@context":"https:\/\/schema.org","@graph":[{"@type":"WebPage","@id":"https:\/\/explotumarca.com\/?product=camara-web-empresarial-brio-ultra-hd-pro","url":"https:\/\/explotumarca.com\/?product=camara-web-empresarial-brio-ultra-hd-pro","name":"Zoom videollamadas; venta de equipos especiales c\u00e1mara web","isPartOf":{"@id":"https:\/\/explotumarca.com\/#website"},"primaryImageOfPage":{"@id":"https:\/\/explotumarca.com\/?product=camara-web-empresarial-brio-ultra-hd-pro#primaryimage"},"image":{"@id":"https:\/\/explotumarca.com\/?product=camara-web-empresarial-brio-ultra-hd-pro#primaryimage"},"thumbnailUrl":"https:\/\/explotumarca.com\/wp-content\/uploads\/2022\/03\/CAMARA-WEB-EMPRESARIAL-BRIO-ULTRA-HD-PRO-LOGITECH-VIDEOCONFERENCIA-EXPLO-EXPLOTUMARCA-4.jpg","datePublished":"2022-03-25T01:26:48+00:00","dateModified":"2022-04-11T20:29:53+00:00","description":"Venta de equipos, salas, mantenimiento y capacitaci\u00f3n de zoom videollamadas para Empresas en M\u00e9xico. Cotiza los mejores equipos c\u00e1maras web","breadcrumb":{"@id":"https:\/\/explotumarca.com\/?product=camara-web-empresarial-brio-ultra-hd-pro#breadcrumb"},"inLanguage":"es","potentialAction":[{"@type":"ReadAction","target":["https:\/\/explotumarca.com\/?product=camara-web-empresarial-brio-ultra-hd-pro"]}]},{"@type":"ImageObject","inLanguage":"es","@id":"https:\/\/explotumarca.com\/?product=camara-web-empresarial-brio-ultra-hd-pro#primaryimage","url":"https:\/\/explotumarca.com\/wp-content\/uploads\/2022\/03\/CAMARA-WEB-EMPRESARIAL-BRIO-ULTRA-HD-PRO-LOGITECH-VIDEOCONFERENCIA-EXPLO-EXPLOTUMARCA-4.jpg","contentUrl":"https:\/\/explotumarca.com\/wp-content\/uploads\/2022\/03\/CAMARA-WEB-EMPRESARIAL-BRIO-ULTRA-HD-PRO-LOGITECH-VIDEOCONFERENCIA-EXPLO-EXPLOTUMARCA-4.jpg","width":450,"height":450,"caption":"C\u00c1MARA WEB EMPRESARIAL BRIO ULTRA HD PRO LOGITECH VIDEOCONFERENCIA EXPLO EXPLOTUMARCA"},{"@type":"BreadcrumbList","@id":"https:\/\/explotumarca.com\/?product=camara-web-empresarial-brio-ultra-hd-pro#breadcrumb","itemListElement":[{"@type":"ListItem","position":1,"name":"Inicio","item":"https:\/\/explotumarca.com\/"},{"@type":"ListItem","position":2,"name":"Productos","item":"https:\/\/explotumarca.com\/?post_type=product"},{"@type":"ListItem","position":3,"name":"C\u00c1MARA WEB EMPRESARIAL BRIO ULTRA HD PRO"}]},{"@type":"WebSite","@id":"https:\/\/explotumarca.com\/#website","url":"https:\/\/explotumarca.com\/","name":"Explo","description":"Productos y servicios corporativos","publisher":{"@id":"https:\/\/explotumarca.com\/#organization"},"potentialAction":[{"@type":"SearchAction","target":{"@type":"EntryPoint","urlTemplate":"https:\/\/explotumarca.com\/?s={search_term_string}"},"query-input":{"@type":"PropertyValueSpecification","valueRequired":true,"valueName":"search_term_string"}}],"inLanguage":"es"},{"@type":"Organization","@id":"https:\/\/explotumarca.com\/#organization","name":"Explo","url":"https:\/\/explotumarca.com\/","logo":{"@type":"ImageObject","inLanguage":"es","@id":"https:\/\/explotumarca.com\/#\/schema\/logo\/image\/","url":"http:\/\/arsnovamx.com\/explotumarca.com\/wp-content\/uploads\/2020\/10\/Nuevo-Logo-Explo-2020.jpg","contentUrl":"http:\/\/arsnovamx.com\/explotumarca.com\/wp-content\/uploads\/2020\/10\/Nuevo-Logo-Explo-2020.jpg","width":800,"height":334,"caption":"Explo"},"image":{"@id":"https:\/\/explotumarca.com\/#\/schema\/logo\/image\/"},"sameAs":["https:\/\/www.facebook.com\/MexicoExplo\/"]}]}},"_links":{"self":[{"href":"https:\/\/explotumarca.com\/index.php?rest_route=\/wp\/v2\/product\/5677","targetHints":{"allow":["GET"]}}],"collection":[{"href":"https:\/\/explotumarca.com\/index.php?rest_route=\/wp\/v2\/product"}],"about":[{"href":"https:\/\/explotumarca.com\/index.php?rest_route=\/wp\/v2\/types\/product"}],"wp:featuredmedia":[{"embeddable":true,"href":"https:\/\/explotumarca.com\/index.php?rest_route=\/wp\/v2\/media\/5684"}],"wp:attachment":[{"href":"https:\/\/explotumarca.com\/index.php?rest_route=%2Fwp%2Fv2%2Fmedia&parent=5677"}],"wp:term":[{"taxonomy":"product_cat","embeddable":true,"href":"https:\/\/explotumarca.com\/index.php?rest_route=%2Fwp%2Fv2%2Fproduct_cat&post=5677"},{"taxonomy":"product_tag","embeddable":true,"href":"https:\/\/explotumarca.com\/index.php?rest_route=%2Fwp%2Fv2%2Fproduct_tag&post=5677"}],"curies":[{"name":"wp","href":"https:\/\/api.w.org\/{rel}","templated":true}]}}