{"id":5691,"date":"2022-03-24T20:55:18","date_gmt":"2022-03-25T02:55:18","guid":{"rendered":"https:\/\/explotumarca.com\/?post_type=product&#038;p=5691"},"modified":"2022-04-11T15:25:49","modified_gmt":"2022-04-11T20:25:49","slug":"camara-web-empresarial-c930e","status":"publish","type":"product","link":"https:\/\/explotumarca.com\/?product=camara-web-empresarial-c930e","title":{"rendered":"C\u00c1MARA WEB EMPRESARIAL C505E HD"},"content":{"rendered":"<h1 class=\"body-copy-title font-hero-s font-brown-bold \">C505<span class=\"lower\">e<\/span> HD BUSINESS WEBCAM<\/h1>\n<p>C\u00e1mara web empresarial HD con 720p y micr\u00f3fono de largo alcance<\/p>\n<p>&nbsp;<\/p>\n<h2 class=\"body-copy-title font-title-l font-brown-bold dc-black tc-black mc-black \">UNA C\u00c1MARA WEB CON ALCANCE AMPLIADO PARA WEBCAM<\/h2>\n<p>El modelo <a href=\"https:\/\/www.logitech.com\/es-mx\/products\/webcams\/c505e-business-webcam.960-001372.html\">C505e<\/a> es una c\u00e1mara web con video HD 720p y un micr\u00f3fono de gran alcance que permite mantener una conversaci\u00f3n con claridad y sin alzar la voz hasta una distancia de 3 metros. Adem\u00e1s, su cable USB-A extralargo de 2 metros ofrece opciones de montaje vers\u00e1tiles y \u00fanicas.<\/p>\n<p>&nbsp;<\/p>\n<h2 class=\"font-title-m js-title \">VIDEO HD 720 EN PANTALLA PANOR\u00c1MICA<\/h2>\n<div class=\"body-copy-ctn js-body-copy-ctn rte-field \">\n<p>Ve m\u00e1s all\u00e1 de los componentes \u00f3pticos integrados en las laptops con una c\u00e1mara web que ofrece video de calidad, colorido, fluido y n\u00edtido con formato panor\u00e1mico, resoluci\u00f3n HD 720p\/30. C505e proporciona un campo visual diagonal de 60\u00b0, foco fijo y correcci\u00f3n de iluminaci\u00f3n autom\u00e1tica que se ajusta a la iluminaci\u00f3n de cualquier espacio de reuni\u00f3n.<\/p>\n<\/div>\n<p>&nbsp;<\/p>\n<ul class=\"pangea-cmp tech-specs js-pangea-tech-specs\">\n<li class=\"specs-column\">\n<div class=\"specs-group\">\n<header class=\"specs-header\">\n<h3 class=\"specs-heading\">DIMENSIONES<\/h3>\n<\/header>\n<div class=\"specs-block\">\n<h4 class=\"specs-title\">Dimensiones con clip de montaje acoplado<\/h4>\n<ul class=\"specs-description-list\">\n<li>Altura: 31,91 mm<\/li>\n<li>Ancho: 72,91 mm<\/li>\n<li>Profundidad: 66,64 mm<\/li>\n<li>Longitud del cable: 2 m<\/li>\n<li>Peso: 75 g<\/li>\n<\/ul>\n<\/div>\n<\/div>\n<\/li>\n<li class=\"specs-column\">\n<div class=\"specs-group\">\n<header class=\"specs-header\">\n<h3 class=\"specs-heading\">REQUISITOS DEL SISTEMA DE WEBCAM<\/h3>\n<\/header>\n<div class=\"specs-block\">\n<h4 class=\"specs-title\">Compatibilidad<\/h4>\n<ul class=\"specs-description-list\">\n<li>Windows \u00ae 8 o posterior<\/li>\n<li>macOS 10.10 o posterior<\/li>\n<li>Chrome OS&#x2122;<\/li>\n<\/ul>\n<\/div>\n<div class=\"specs-block\">\n<div class=\"specs-description\">Puerto USB-A<\/div>\n<\/div>\n<div class=\"specs-block\">\n<div class=\"specs-description\">Funciona con plataformas populares para videollamadas<\/div>\n<\/div>\n<\/div>\n<div><\/div>\n<\/li>\n<\/ul>\n<p>&nbsp;<\/p>\n<ul class=\"pangea-cmp tech-specs js-pangea-tech-specs\">\n<li class=\"specs-column\">\n<div class=\"specs-group\">\n<header class=\"specs-header\">\n<h3 class=\"specs-heading\">ESPECIFICACIONES T\u00c9CNICAS DE WEBCAM<\/h3>\n<\/header>\n<div class=\"specs-block\">\n<div class=\"specs-description\">Resoluci\u00f3n m\u00e1xima: 720p\/30 fps<\/div>\n<\/div>\n<div class=\"specs-block\">\n<div class=\"specs-description\">C\u00e1mara mega pixel: 1.2<\/div>\n<\/div>\n<div class=\"specs-block\">\n<div class=\"specs-description\">Tipo de enfoque: Fijo<\/div>\n<\/div>\n<div class=\"specs-block\">\n<div class=\"specs-description\">Tipo de lente: Pl\u00e1stico<\/div>\n<\/div>\n<div class=\"specs-block\">\n<div class=\"specs-description\">Micr\u00f3fono integrado: Mono<\/div>\n<\/div>\n<div class=\"specs-block\">\n<div class=\"specs-description\">Radio de micr\u00f3fono: Hasta 2.74 m<\/div>\n<\/div>\n<div class=\"specs-block\">\n<div class=\"specs-description\">Campo visual diagonal (dFoV): 60\u00b0<\/div>\n<\/div>\n<div class=\"specs-block\">\n<div class=\"specs-description\">Clip de montaje universal listo para laptops, LCD o monitores<\/div>\n<\/div>\n<\/div>\n<\/li>\n<\/ul>\n<p>&nbsp;<\/p>\n<ul class=\"pangea-cmp tech-specs js-pangea-tech-specs\">\n<li class=\"specs-column\">\n<div class=\"specs-group\">\n<header class=\"specs-header\">\n<h3 class=\"specs-heading\">CONTENIDO DE LA CAJA<\/h3>\n<\/header>\n<div class=\"specs-block\">\n<ul class=\"specs-description-list\">\n<li>C\u00e1mara Web con cable fijo USB-A de 2 m<\/li>\n<li>Documentaci\u00f3n del usuario<\/li>\n<\/ul>\n<\/div>\n<\/div>\n<\/li>\n<li class=\"specs-column\">\n<div class=\"specs-group\">\n<header class=\"specs-header\">\n<h3 class=\"specs-heading\">INFORMACI\u00d3N DE GARANT\u00cdA<\/h3>\n<\/header>\n<div class=\"specs-block\">\n<div class=\"specs-description\">Tres a\u00f1os de garant\u00eda de hardware limitada<\/div>\n<\/div>\n<\/div>\n<\/li>\n<li class=\"specs-column\">\n<div class=\"specs-group\">\n<header class=\"specs-header\">\n<h3 class=\"specs-heading\">N\u00daMERO DE REFERENCIA<\/h3>\n<\/header>\n<div class=\"specs-block\">\n<ul class=\"specs-description-list\">\n<li>960-001372<\/li>\n<\/ul>\n<p>Ll\u00e1manos al (55) 3342 8218 o d\u00e9janos tus datos <a href=\"https:\/\/explotumarca.com\/?page_id=14\">aqu\u00ed<\/a><\/p>\n<p>&nbsp;<\/p>\n<\/div>\n<\/div>\n<\/li>\n<\/ul>\n","protected":false},"excerpt":{"rendered":"<p>C505e HD BUSINESS WEBCAM C\u00e1mara web empresarial HD con 720p y micr\u00f3fono de largo alcance &nbsp; UNA C\u00c1MARA WEB CON ALCANCE AMPLIADO PARA WEBCAM El modelo C505e es una c\u00e1mara web con video HD 720p [&hellip;]<\/p>\n","protected":false},"featured_media":5698,"template":"","meta":{"content-type":""},"product_cat":[98],"product_tag":[],"class_list":{"0":"post-5691","1":"product","2":"type-product","3":"status-publish","4":"has-post-thumbnail","6":"product_cat-camaras-web","8":"first","9":"instock","10":"taxable","11":"shipping-taxable","12":"product-type-simple"},"yoast_head":"<!-- This site is optimized with the Yoast SEO Premium plugin v18.8 (Yoast SEO v26.8) - https:\/\/yoast.com\/product\/yoast-seo-premium-wordpress\/ -->\n<title>Zoom videollamadas; venta de equipos especiales para zoom<\/title>\n<meta name=\"description\" content=\"Venta de equipos, salas, mantenimiento y capacitaci\u00f3n de zoom videollamadas para Empresas en M\u00e9xico, c\u00e1mara web empresarial.\" \/>\n<meta name=\"robots\" content=\"index, follow, max-snippet:-1, max-image-preview:large, max-video-preview:-1\" \/>\n<link rel=\"canonical\" href=\"https:\/\/explotumarca.com\/?product=camara-web-empresarial-c930e\" \/>\n<meta property=\"og:locale\" content=\"es_MX\" \/>\n<meta property=\"og:type\" content=\"article\" \/>\n<meta property=\"og:title\" content=\"C\u00c1MARA WEB EMPRESARIAL C505E HD\" \/>\n<meta property=\"og:description\" content=\"C505e HD BUSINESS WEBCAM C\u00e1mara web empresarial HD con 720p y micr\u00f3fono de largo alcance &nbsp; UNA C\u00c1MARA WEB CON ALCANCE AMPLIADO PARA WEBCAM El modelo\" \/>\n<meta property=\"og:url\" content=\"https:\/\/explotumarca.com\/?product=camara-web-empresarial-c930e\" \/>\n<meta property=\"og:site_name\" content=\"Explo\" \/>\n<meta property=\"article:publisher\" content=\"https:\/\/www.facebook.com\/MexicoExplo\/\" \/>\n<meta property=\"article:modified_time\" content=\"2022-04-11T20:25:49+00:00\" \/>\n<meta property=\"og:image\" content=\"https:\/\/explotumarca.com\/wp-content\/uploads\/2022\/03\/CAMARA-WEB-EMPRESARIAL-C505E-HD-LOGITECH-VIDEOCONFERENCIA-EXPLO-EXPLOTUMARCA-3.jpg\" \/>\n\t<meta property=\"og:image:width\" content=\"450\" \/>\n\t<meta property=\"og:image:height\" content=\"450\" \/>\n\t<meta property=\"og:image:type\" content=\"image\/jpeg\" \/>\n<meta name=\"twitter:card\" content=\"summary_large_image\" \/>\n<meta name=\"twitter:label1\" content=\"Tiempo de lectura\" \/>\n\t<meta name=\"twitter:data1\" content=\"2 minutos\" \/>\n<script type=\"application\/ld+json\" class=\"yoast-schema-graph\">{\"@context\":\"https:\/\/schema.org\",\"@graph\":[{\"@type\":\"WebPage\",\"@id\":\"https:\/\/explotumarca.com\/?product=camara-web-empresarial-c930e\",\"url\":\"https:\/\/explotumarca.com\/?product=camara-web-empresarial-c930e\",\"name\":\"Zoom videollamadas; venta de equipos especiales para zoom\",\"isPartOf\":{\"@id\":\"https:\/\/explotumarca.com\/#website\"},\"primaryImageOfPage\":{\"@id\":\"https:\/\/explotumarca.com\/?product=camara-web-empresarial-c930e#primaryimage\"},\"image\":{\"@id\":\"https:\/\/explotumarca.com\/?product=camara-web-empresarial-c930e#primaryimage\"},\"thumbnailUrl\":\"https:\/\/explotumarca.com\/wp-content\/uploads\/2022\/03\/CAMARA-WEB-EMPRESARIAL-C505E-HD-LOGITECH-VIDEOCONFERENCIA-EXPLO-EXPLOTUMARCA-3.jpg\",\"datePublished\":\"2022-03-25T02:55:18+00:00\",\"dateModified\":\"2022-04-11T20:25:49+00:00\",\"description\":\"Venta de equipos, salas, mantenimiento y capacitaci\u00f3n de zoom videollamadas para Empresas en M\u00e9xico, c\u00e1mara web empresarial.\",\"breadcrumb\":{\"@id\":\"https:\/\/explotumarca.com\/?product=camara-web-empresarial-c930e#breadcrumb\"},\"inLanguage\":\"es\",\"potentialAction\":[{\"@type\":\"ReadAction\",\"target\":[\"https:\/\/explotumarca.com\/?product=camara-web-empresarial-c930e\"]}]},{\"@type\":\"ImageObject\",\"inLanguage\":\"es\",\"@id\":\"https:\/\/explotumarca.com\/?product=camara-web-empresarial-c930e#primaryimage\",\"url\":\"https:\/\/explotumarca.com\/wp-content\/uploads\/2022\/03\/CAMARA-WEB-EMPRESARIAL-C505E-HD-LOGITECH-VIDEOCONFERENCIA-EXPLO-EXPLOTUMARCA-3.jpg\",\"contentUrl\":\"https:\/\/explotumarca.com\/wp-content\/uploads\/2022\/03\/CAMARA-WEB-EMPRESARIAL-C505E-HD-LOGITECH-VIDEOCONFERENCIA-EXPLO-EXPLOTUMARCA-3.jpg\",\"width\":450,\"height\":450,\"caption\":\"CAMARA WEB EMPRESARIAL C505E HD LOGITECH VIDEOCONFERENCIA EXPLO EXPLOTUMARCA\"},{\"@type\":\"BreadcrumbList\",\"@id\":\"https:\/\/explotumarca.com\/?product=camara-web-empresarial-c930e#breadcrumb\",\"itemListElement\":[{\"@type\":\"ListItem\",\"position\":1,\"name\":\"Inicio\",\"item\":\"https:\/\/explotumarca.com\/\"},{\"@type\":\"ListItem\",\"position\":2,\"name\":\"Productos\",\"item\":\"https:\/\/explotumarca.com\/?post_type=product\"},{\"@type\":\"ListItem\",\"position\":3,\"name\":\"C\u00c1MARA WEB EMPRESARIAL C505E HD\"}]},{\"@type\":\"WebSite\",\"@id\":\"https:\/\/explotumarca.com\/#website\",\"url\":\"https:\/\/explotumarca.com\/\",\"name\":\"Explo\",\"description\":\"Productos y servicios corporativos\",\"publisher\":{\"@id\":\"https:\/\/explotumarca.com\/#organization\"},\"potentialAction\":[{\"@type\":\"SearchAction\",\"target\":{\"@type\":\"EntryPoint\",\"urlTemplate\":\"https:\/\/explotumarca.com\/?s={search_term_string}\"},\"query-input\":{\"@type\":\"PropertyValueSpecification\",\"valueRequired\":true,\"valueName\":\"search_term_string\"}}],\"inLanguage\":\"es\"},{\"@type\":\"Organization\",\"@id\":\"https:\/\/explotumarca.com\/#organization\",\"name\":\"Explo\",\"url\":\"https:\/\/explotumarca.com\/\",\"logo\":{\"@type\":\"ImageObject\",\"inLanguage\":\"es\",\"@id\":\"https:\/\/explotumarca.com\/#\/schema\/logo\/image\/\",\"url\":\"http:\/\/arsnovamx.com\/explotumarca.com\/wp-content\/uploads\/2020\/10\/Nuevo-Logo-Explo-2020.jpg\",\"contentUrl\":\"http:\/\/arsnovamx.com\/explotumarca.com\/wp-content\/uploads\/2020\/10\/Nuevo-Logo-Explo-2020.jpg\",\"width\":800,\"height\":334,\"caption\":\"Explo\"},\"image\":{\"@id\":\"https:\/\/explotumarca.com\/#\/schema\/logo\/image\/\"},\"sameAs\":[\"https:\/\/www.facebook.com\/MexicoExplo\/\"]}]}<\/script>\n<!-- \/ Yoast SEO Premium plugin. -->","yoast_head_json":{"title":"Zoom videollamadas; venta de equipos especiales para zoom","description":"Venta de equipos, salas, mantenimiento y capacitaci\u00f3n de zoom videollamadas para Empresas en M\u00e9xico, c\u00e1mara web empresarial.","robots":{"index":"index","follow":"follow","max-snippet":"max-snippet:-1","max-image-preview":"max-image-preview:large","max-video-preview":"max-video-preview:-1"},"canonical":"https:\/\/explotumarca.com\/?product=camara-web-empresarial-c930e","og_locale":"es_MX","og_type":"article","og_title":"C\u00c1MARA WEB EMPRESARIAL C505E HD","og_description":"C505e HD BUSINESS WEBCAM C\u00e1mara web empresarial HD con 720p y micr\u00f3fono de largo alcance &nbsp; UNA C\u00c1MARA WEB CON ALCANCE AMPLIADO PARA WEBCAM El modelo","og_url":"https:\/\/explotumarca.com\/?product=camara-web-empresarial-c930e","og_site_name":"Explo","article_publisher":"https:\/\/www.facebook.com\/MexicoExplo\/","article_modified_time":"2022-04-11T20:25:49+00:00","og_image":[{"width":450,"height":450,"url":"https:\/\/explotumarca.com\/wp-content\/uploads\/2022\/03\/CAMARA-WEB-EMPRESARIAL-C505E-HD-LOGITECH-VIDEOCONFERENCIA-EXPLO-EXPLOTUMARCA-3.jpg","type":"image\/jpeg"}],"twitter_card":"summary_large_image","twitter_misc":{"Tiempo de lectura":"2 minutos"},"schema":{"@context":"https:\/\/schema.org","@graph":[{"@type":"WebPage","@id":"https:\/\/explotumarca.com\/?product=camara-web-empresarial-c930e","url":"https:\/\/explotumarca.com\/?product=camara-web-empresarial-c930e","name":"Zoom videollamadas; venta de equipos especiales para zoom","isPartOf":{"@id":"https:\/\/explotumarca.com\/#website"},"primaryImageOfPage":{"@id":"https:\/\/explotumarca.com\/?product=camara-web-empresarial-c930e#primaryimage"},"image":{"@id":"https:\/\/explotumarca.com\/?product=camara-web-empresarial-c930e#primaryimage"},"thumbnailUrl":"https:\/\/explotumarca.com\/wp-content\/uploads\/2022\/03\/CAMARA-WEB-EMPRESARIAL-C505E-HD-LOGITECH-VIDEOCONFERENCIA-EXPLO-EXPLOTUMARCA-3.jpg","datePublished":"2022-03-25T02:55:18+00:00","dateModified":"2022-04-11T20:25:49+00:00","description":"Venta de equipos, salas, mantenimiento y capacitaci\u00f3n de zoom videollamadas para Empresas en M\u00e9xico, c\u00e1mara web empresarial.","breadcrumb":{"@id":"https:\/\/explotumarca.com\/?product=camara-web-empresarial-c930e#breadcrumb"},"inLanguage":"es","potentialAction":[{"@type":"ReadAction","target":["https:\/\/explotumarca.com\/?product=camara-web-empresarial-c930e"]}]},{"@type":"ImageObject","inLanguage":"es","@id":"https:\/\/explotumarca.com\/?product=camara-web-empresarial-c930e#primaryimage","url":"https:\/\/explotumarca.com\/wp-content\/uploads\/2022\/03\/CAMARA-WEB-EMPRESARIAL-C505E-HD-LOGITECH-VIDEOCONFERENCIA-EXPLO-EXPLOTUMARCA-3.jpg","contentUrl":"https:\/\/explotumarca.com\/wp-content\/uploads\/2022\/03\/CAMARA-WEB-EMPRESARIAL-C505E-HD-LOGITECH-VIDEOCONFERENCIA-EXPLO-EXPLOTUMARCA-3.jpg","width":450,"height":450,"caption":"CAMARA WEB EMPRESARIAL C505E HD LOGITECH VIDEOCONFERENCIA EXPLO EXPLOTUMARCA"},{"@type":"BreadcrumbList","@id":"https:\/\/explotumarca.com\/?product=camara-web-empresarial-c930e#breadcrumb","itemListElement":[{"@type":"ListItem","position":1,"name":"Inicio","item":"https:\/\/explotumarca.com\/"},{"@type":"ListItem","position":2,"name":"Productos","item":"https:\/\/explotumarca.com\/?post_type=product"},{"@type":"ListItem","position":3,"name":"C\u00c1MARA WEB EMPRESARIAL C505E HD"}]},{"@type":"WebSite","@id":"https:\/\/explotumarca.com\/#website","url":"https:\/\/explotumarca.com\/","name":"Explo","description":"Productos y servicios corporativos","publisher":{"@id":"https:\/\/explotumarca.com\/#organization"},"potentialAction":[{"@type":"SearchAction","target":{"@type":"EntryPoint","urlTemplate":"https:\/\/explotumarca.com\/?s={search_term_string}"},"query-input":{"@type":"PropertyValueSpecification","valueRequired":true,"valueName":"search_term_string"}}],"inLanguage":"es"},{"@type":"Organization","@id":"https:\/\/explotumarca.com\/#organization","name":"Explo","url":"https:\/\/explotumarca.com\/","logo":{"@type":"ImageObject","inLanguage":"es","@id":"https:\/\/explotumarca.com\/#\/schema\/logo\/image\/","url":"http:\/\/arsnovamx.com\/explotumarca.com\/wp-content\/uploads\/2020\/10\/Nuevo-Logo-Explo-2020.jpg","contentUrl":"http:\/\/arsnovamx.com\/explotumarca.com\/wp-content\/uploads\/2020\/10\/Nuevo-Logo-Explo-2020.jpg","width":800,"height":334,"caption":"Explo"},"image":{"@id":"https:\/\/explotumarca.com\/#\/schema\/logo\/image\/"},"sameAs":["https:\/\/www.facebook.com\/MexicoExplo\/"]}]}},"_links":{"self":[{"href":"https:\/\/explotumarca.com\/index.php?rest_route=\/wp\/v2\/product\/5691","targetHints":{"allow":["GET"]}}],"collection":[{"href":"https:\/\/explotumarca.com\/index.php?rest_route=\/wp\/v2\/product"}],"about":[{"href":"https:\/\/explotumarca.com\/index.php?rest_route=\/wp\/v2\/types\/product"}],"wp:featuredmedia":[{"embeddable":true,"href":"https:\/\/explotumarca.com\/index.php?rest_route=\/wp\/v2\/media\/5698"}],"wp:attachment":[{"href":"https:\/\/explotumarca.com\/index.php?rest_route=%2Fwp%2Fv2%2Fmedia&parent=5691"}],"wp:term":[{"taxonomy":"product_cat","embeddable":true,"href":"https:\/\/explotumarca.com\/index.php?rest_route=%2Fwp%2Fv2%2Fproduct_cat&post=5691"},{"taxonomy":"product_tag","embeddable":true,"href":"https:\/\/explotumarca.com\/index.php?rest_route=%2Fwp%2Fv2%2Fproduct_tag&post=5691"}],"curies":[{"name":"wp","href":"https:\/\/api.w.org\/{rel}","templated":true}]}}