{"id":5700,"date":"2022-03-24T21:14:01","date_gmt":"2022-03-25T03:14:01","guid":{"rendered":"https:\/\/explotumarca.com\/?post_type=product&#038;p=5700"},"modified":"2022-04-11T14:26:21","modified_gmt":"2022-04-11T19:26:21","slug":"camara-web-empresarial-c930e-2","status":"publish","type":"product","link":"https:\/\/explotumarca.com\/?product=camara-web-empresarial-c930e-2","title":{"rendered":"C\u00c1MARA WEB EMPRESARIAL C930E"},"content":{"rendered":"<div id=\"text_editable-i3b746d7c3ef12bb0a7ca4523f13c5d5d\" class=\"pangea-cmp body-copy js-pangea-body-copy aem-margin-options font-size-normal font-brown-light dc-black tc-black mc-black\" data-align-desktop=\"left\" data-align-tablet=\"center\" data-align-mobile=\"center\">\n<div class=\"aem-content-ctn no-container\">\n<div id=\"text_editable-i3b746d7c3ef12bb0a7ca4523f13c5d5d-padding-options\" class=\"aem-padding-options \">\n<div class=\"content-ctn rte-field text-width-normal\">\n<h1 class=\"body-copy-title font-hero-s font-brown-bold \">C\u00c1MARA WEB EMPRESARIAL C930<span class=\"lower\">e<\/span><\/h1>\n<p><a href=\"https:\/\/www.logitech.com\/es-mx\/products\/webcams\/c930e-business-webcam.960-000971.html\">C\u00e1mara web<\/a> empresarial 1080p avanzada compatible con H.264<\/p>\n<\/div>\n<\/div>\n<\/div>\n<\/div>\n<div id=\"price-if790fbac611e4d11fefac34876a302d2\" class=\"pangea-cmp price-atc js-pangea-price-atc accent-color-black pangea-inited no-cta\" data-skus=\"all\" data-product-path=\"\/content\/logitech-com\/amr\/live\/es_mx\/products\/webcams\/c930e-business-webcam\" data-hide-price=\"false\" data-hide-atc=\"false\" data-show-special-message=\"false\" data-price-size=\"normal\" data-atc-size=\"small\" data-atc-style=\"button\" data-atc-new-window=\"false\" data-theme-desktop=\"theme-light\" data-theme-tablet=\"theme-light\" data-theme-mobile=\"theme-light\" data-href=\"#buy-c930e-business-webcam\" data-align-desktop=\"left\" data-align-tablet=\"center\" data-align-mobile=\"center\" data-display-desktop=\"inline\" data-display-tablet=\"inline\" data-display-mobile=\"inline\" data-in-pdp=\"true\" data-show-rts=\"false\" data-hulk-call=\"false\" data-in-buy-module=\"false\" data-in-sec-nav=\"false\" data-vertical-divider=\"false\" data-show-full-price=\"false\">\n<div class=\"aem-content-ctn content-ctn no-container\">\n<div id=\"price-if790fbac611e4d11fefac34876a302d2-padding-options\" class=\"aem-padding-options \"><\/div>\n<\/div>\n<\/div>\n<div id=\"divider_copy_copy-iab60a7eb9813cfbe43c549942c563e36\" class=\"pangea-cmp divider-wrapper aem-margin-options \" data-theme-desktop=\"theme-light\" data-theme-tablet=\"theme-light\" data-theme-mobile=\"theme-light\" data-style-desktop=\"standard\" data-style-tablet=\"standard\" data-style-mobile=\"standard\" data-direction-desktop=\"horizontal-left\" data-direction-tablet=\"horizontal-center\" data-direction-mobile=\"horizontal-center\">\n<div class=\"aem-content-ctn no-container\">\n<div id=\"divider_copy_copy-iab60a7eb9813cfbe43c549942c563e36-padding-options\" class=\"aem-padding-options tpls tprs\">\n<h2 class=\"body-copy-title font-title-m font-brown-bold \">ELEVA TUS REUNIONES DE VIDEO A UN NIVEL EMPRESARIAL<\/h2>\n<p>La C930e es una c\u00e1mara avanzada HD 1080p que proporciona video de alta resoluci\u00f3n en pr\u00e1cticamente cualquier entorno, aunque haya poca luz o retroiluminaci\u00f3n extrema. La compresi\u00f3n de video H.264 y un generoso campo visual ancho de 90\u00b0 contribuyen a hacer de la C930e la mejor alternativa a las reuniones en persona.<\/p>\n<\/div>\n<\/div>\n<\/div>\n<p>La C930e proporciona una experiencia de videoconferencia profesional y confiable. La resoluci\u00f3n HD 1080p\/30 fps con ajustes de RightLight&#x2122; 2 y una lente de alta precisi\u00f3n ofrecen video de excelente calidad y alta resoluci\u00f3n en cualquier entorno. El sensor de imagen de gama alta ofrece calidad HD constante sin crear desenfoques ni efectos dentados, incluso con valores de zoom altos.<\/p>\n<p>&nbsp;<\/p>\n<ul class=\"pangea-cmp tech-specs js-pangea-tech-specs\">\n<li class=\"specs-column\">\n<div class=\"specs-group\">\n<header class=\"specs-header\">\n<h3 class=\"specs-heading\">DIMENSIONES<\/h3>\n<\/header>\n<div class=\"specs-block\">\n<h4 class=\"specs-title\">CON CLIP DE MONTAJE ACOPLADO<\/h4>\n<ul class=\"specs-description-list\">\n<li>Altura: 43 mm<\/li>\n<li>Ancho: 94 mm<\/li>\n<li>Profundidad: 71 mm<\/li>\n<li>Longitud del cable: 1,5 m<\/li>\n<li>Peso: 162 g<\/li>\n<\/ul>\n<\/div>\n<\/div>\n<\/li>\n<li class=\"specs-column\">\n<div class=\"specs-group\">\n<header class=\"specs-header\">\n<h3 class=\"specs-heading\">REQUISITOS DEL SISTEMA DE C\u00c1MARA WEB EMPRESARIAL<\/h3>\n<\/header>\n<div class=\"specs-block\">\n<h4 class=\"specs-title\">Compatible con<\/h4>\n<ul class=\"specs-description-list\">\n<li>Windows\u00ae 8 o posterior<\/li>\n<li>macOS 10.7 o posterior<\/li>\n<li>Chrome&#x2122; OS versi\u00f3n 29.0.1547.70 y posteriores<\/li>\n<li>Se requieren 2 GB de RAM o m\u00e1s para streaming de video 1080p<\/li>\n<li>Normalmente se requiere 1GB para streaming 720p<\/li>\n<\/ul>\n<\/div>\n<div class=\"specs-block\">\n<div class=\"specs-description\">Puerto USB-A<\/div>\n<\/div>\n<div class=\"specs-block\">\n<div class=\"specs-description\">Compatible con Microsoft Directshow<\/div>\n<\/div>\n<div class=\"specs-block\">\n<div class=\"specs-description\">Funciona con plataformas de llamadas populares<\/div>\n<\/div>\n<div class=\"specs-block\">\n<h4 class=\"specs-title\">Compatibilidad<\/h4>\n<ul class=\"specs-description-list\">\n<li>Todas las aplicaciones UVC<\/li>\n<li>H.264 para Skype for Business<\/li>\n<\/ul>\n<\/div>\n<\/div>\n<p>&nbsp;<\/li>\n<li>\n<header class=\"specs-header\">\n<h3 class=\"specs-heading\">ESPECIFICACIONES T\u00c9CNICAS DE C\u00c1MARA WEB EMPRESARIAL<\/h3>\n<\/header>\n<div class=\"specs-block\">\n<h4 class=\"specs-title\">M\u00faltiples resoluciones<\/h4>\n<ul class=\"specs-description-list\">\n<li>1080p\/30 fps (hasta 1920 x 1080 p\u00edxeles)<\/li>\n<li>720p\/30 fps (hasta 1280 x 720 p\u00edxeles) compresi\u00f3n de video H.264 con clientes compatibles<\/li>\n<\/ul>\n<\/div>\n<div class=\"specs-block\">\n<div class=\"specs-description\">C\u00e1mara mega pixel: 3<\/div>\n<\/div>\n<div class=\"specs-block\">\n<div class=\"specs-description\">Tipo de enfoque: Enfoque autom\u00e1tico<\/div>\n<\/div>\n<div class=\"specs-block\">\n<div class=\"specs-description\">Tipo de lente: Cristal<\/div>\n<\/div>\n<div class=\"specs-block\">\n<div class=\"specs-description\">Micr\u00f3fono integrado: dos omnidireccionales est\u00e9reo<\/div>\n<\/div>\n<div class=\"specs-block\">\n<div class=\"specs-description\">Radio de micr\u00f3fono: Hasta 1 m<\/div>\n<\/div>\n<div class=\"specs-block\">\n<div class=\"specs-description\">Campo visual diagonal (dFoV): 90\u00b0<\/div>\n<\/div>\n<div class=\"specs-block\">\n<div class=\"specs-description\">Zoom digital: 4x<\/div>\n<\/div>\n<div class=\"specs-block\">\n<div class=\"specs-description\">Conectividad USB: Plug and Play USB-A<\/div>\n<\/div>\n<div class=\"specs-block\">\n<div class=\"specs-description\">Tecnolog\u00eda Rightlight&#x2122; 2 para nitidez de imagen en distintas condiciones de iluminaci\u00f3n, incluso con luz escasa<\/div>\n<\/div>\n<div class=\"specs-block\">\n<div class=\"specs-description\">Aplicaci\u00f3n Camera Settings opcional para controlar funciones de panor\u00e1mica, inclinaci\u00f3n y zoom<\/div>\n<\/div>\n<div class=\"specs-block\">\n<div class=\"specs-description\">Tapa de privacidad acoplable<\/div>\n<\/div>\n<div class=\"specs-block\">\n<div class=\"specs-description\">Clip universal acoplable a tr\u00edpode, para monitores, pantallas LCD o laptops <a class=\"note note-tooltip js-note-tooltip pangea-inited\"><sup aria-label=\"footnote 1\">1<\/sup><\/a><\/div>\n<\/div>\n<div><\/div>\n<\/li>\n<\/ul>\n<ul class=\"pangea-cmp tech-specs js-pangea-tech-specs\">\n<li class=\"specs-column\">\n<div class=\"specs-group\">\n<header class=\"specs-header\">\n<h3 class=\"specs-heading\">CONTENIDO DE LA CAJA<\/h3>\n<\/header>\n<div class=\"specs-block\">\n<ul class=\"specs-description-list\">\n<li>C930e Business Webcam<\/li>\n<li>Tapa de obturador externa<\/li>\n<li>Gu\u00eda de inicio r\u00e1pido<\/li>\n<\/ul>\n<\/div>\n<\/div>\n<\/li>\n<li class=\"specs-column\">\n<div class=\"specs-group\">\n<header class=\"specs-header\">\n<h3 class=\"specs-heading\">INFORMACI\u00d3N DE GARANT\u00cdA<\/h3>\n<\/header>\n<div class=\"specs-block\">\n<div class=\"specs-description\">Tres a\u00f1os de garant\u00eda de hardware limitada<\/div>\n<\/div>\n<\/div>\n<\/li>\n<li class=\"specs-column\">\n<div class=\"specs-group\">\n<header class=\"specs-header\">\n<h3 class=\"specs-heading\">N\u00daMERO DE REFERENCIA<\/h3>\n<\/header>\n<div class=\"specs-block\">\n<ul class=\"specs-description-list\">\n<li>960-000971<\/li>\n<\/ul>\n<p>Ll\u00e1manos al (55) 3342 8218 o d\u00e9janos tus datos <a href=\"https:\/\/explotumarca.com\/?page_id=14\">aqu\u00ed<\/a><\/p>\n<\/div>\n<\/div>\n<\/li>\n<\/ul>\n","protected":false},"excerpt":{"rendered":"<p>C\u00c1MARA WEB EMPRESARIAL C930e C\u00e1mara web empresarial 1080p avanzada compatible con H.264 ELEVA TUS REUNIONES DE VIDEO A UN NIVEL EMPRESARIAL La C930e es una c\u00e1mara avanzada HD 1080p que proporciona video de alta resoluci\u00f3n [&hellip;]<\/p>\n","protected":false},"featured_media":5694,"template":"","meta":{"content-type":""},"product_cat":[98],"product_tag":[],"class_list":{"0":"post-5700","1":"product","2":"type-product","3":"status-publish","4":"has-post-thumbnail","6":"product_cat-camaras-web","8":"first","9":"instock","10":"taxable","11":"shipping-taxable","12":"product-type-simple"},"yoast_head":"<!-- This site is optimized with the Yoast SEO Premium plugin v18.8 (Yoast SEO v26.8) - https:\/\/yoast.com\/product\/yoast-seo-premium-wordpress\/ -->\n<title>Zoom videollamadas; venta de equipos especiales para zoom<\/title>\n<meta name=\"description\" content=\"Venta de equipos, salas, mantenimiento y capacitaci\u00f3n de zoom videollamadas para Empresas en M\u00e9xico. c\u00e1mara web empresarial.\" \/>\n<meta name=\"robots\" content=\"index, follow, max-snippet:-1, max-image-preview:large, max-video-preview:-1\" \/>\n<link rel=\"canonical\" href=\"https:\/\/explotumarca.com\/?product=camara-web-empresarial-c930e-2\" \/>\n<meta property=\"og:locale\" content=\"es_MX\" \/>\n<meta property=\"og:type\" content=\"article\" \/>\n<meta property=\"og:title\" content=\"C\u00c1MARA WEB EMPRESARIAL C930E\" \/>\n<meta property=\"og:description\" content=\"C\u00c1MARA WEB EMPRESARIAL C930e C\u00e1mara web empresarial 1080p avanzada compatible con H.264 ELEVA TUS REUNIONES DE VIDEO A UN NIVEL EMPRESARIAL La C930e es\" \/>\n<meta property=\"og:url\" content=\"https:\/\/explotumarca.com\/?product=camara-web-empresarial-c930e-2\" \/>\n<meta property=\"og:site_name\" content=\"Explo\" \/>\n<meta property=\"article:publisher\" content=\"https:\/\/www.facebook.com\/MexicoExplo\/\" \/>\n<meta property=\"article:modified_time\" content=\"2022-04-11T19:26:21+00:00\" \/>\n<meta property=\"og:image\" content=\"https:\/\/explotumarca.com\/wp-content\/uploads\/2022\/03\/CAMARA-WEB-EMPRESARIAL-C930E-LOGITECH-VIDEOCONFERENCIA-EXPLO-EXPLOTUMARCA-4.jpg\" \/>\n\t<meta property=\"og:image:width\" content=\"450\" \/>\n\t<meta property=\"og:image:height\" content=\"450\" \/>\n\t<meta property=\"og:image:type\" content=\"image\/jpeg\" \/>\n<meta name=\"twitter:card\" content=\"summary_large_image\" \/>\n<meta name=\"twitter:label1\" content=\"Tiempo de lectura\" \/>\n\t<meta name=\"twitter:data1\" content=\"2 minutos\" \/>\n<script type=\"application\/ld+json\" class=\"yoast-schema-graph\">{\"@context\":\"https:\/\/schema.org\",\"@graph\":[{\"@type\":\"WebPage\",\"@id\":\"https:\/\/explotumarca.com\/?product=camara-web-empresarial-c930e-2\",\"url\":\"https:\/\/explotumarca.com\/?product=camara-web-empresarial-c930e-2\",\"name\":\"Zoom videollamadas; venta de equipos especiales para zoom\",\"isPartOf\":{\"@id\":\"https:\/\/explotumarca.com\/#website\"},\"primaryImageOfPage\":{\"@id\":\"https:\/\/explotumarca.com\/?product=camara-web-empresarial-c930e-2#primaryimage\"},\"image\":{\"@id\":\"https:\/\/explotumarca.com\/?product=camara-web-empresarial-c930e-2#primaryimage\"},\"thumbnailUrl\":\"https:\/\/explotumarca.com\/wp-content\/uploads\/2022\/03\/CAMARA-WEB-EMPRESARIAL-C930E-LOGITECH-VIDEOCONFERENCIA-EXPLO-EXPLOTUMARCA-4.jpg\",\"datePublished\":\"2022-03-25T03:14:01+00:00\",\"dateModified\":\"2022-04-11T19:26:21+00:00\",\"description\":\"Venta de equipos, salas, mantenimiento y capacitaci\u00f3n de zoom videollamadas para Empresas en M\u00e9xico. c\u00e1mara web empresarial.\",\"breadcrumb\":{\"@id\":\"https:\/\/explotumarca.com\/?product=camara-web-empresarial-c930e-2#breadcrumb\"},\"inLanguage\":\"es\",\"potentialAction\":[{\"@type\":\"ReadAction\",\"target\":[\"https:\/\/explotumarca.com\/?product=camara-web-empresarial-c930e-2\"]}]},{\"@type\":\"ImageObject\",\"inLanguage\":\"es\",\"@id\":\"https:\/\/explotumarca.com\/?product=camara-web-empresarial-c930e-2#primaryimage\",\"url\":\"https:\/\/explotumarca.com\/wp-content\/uploads\/2022\/03\/CAMARA-WEB-EMPRESARIAL-C930E-LOGITECH-VIDEOCONFERENCIA-EXPLO-EXPLOTUMARCA-4.jpg\",\"contentUrl\":\"https:\/\/explotumarca.com\/wp-content\/uploads\/2022\/03\/CAMARA-WEB-EMPRESARIAL-C930E-LOGITECH-VIDEOCONFERENCIA-EXPLO-EXPLOTUMARCA-4.jpg\",\"width\":450,\"height\":450,\"caption\":\"C\u00c1MARA WEB EMPRESARIAL C930E LOGITECH VIDEOCONFERENCIA EXPLO EXPLOTUMARCA\"},{\"@type\":\"BreadcrumbList\",\"@id\":\"https:\/\/explotumarca.com\/?product=camara-web-empresarial-c930e-2#breadcrumb\",\"itemListElement\":[{\"@type\":\"ListItem\",\"position\":1,\"name\":\"Inicio\",\"item\":\"https:\/\/explotumarca.com\/\"},{\"@type\":\"ListItem\",\"position\":2,\"name\":\"Productos\",\"item\":\"https:\/\/explotumarca.com\/?post_type=product\"},{\"@type\":\"ListItem\",\"position\":3,\"name\":\"C\u00c1MARA WEB EMPRESARIAL C930E\"}]},{\"@type\":\"WebSite\",\"@id\":\"https:\/\/explotumarca.com\/#website\",\"url\":\"https:\/\/explotumarca.com\/\",\"name\":\"Explo\",\"description\":\"Productos y servicios corporativos\",\"publisher\":{\"@id\":\"https:\/\/explotumarca.com\/#organization\"},\"potentialAction\":[{\"@type\":\"SearchAction\",\"target\":{\"@type\":\"EntryPoint\",\"urlTemplate\":\"https:\/\/explotumarca.com\/?s={search_term_string}\"},\"query-input\":{\"@type\":\"PropertyValueSpecification\",\"valueRequired\":true,\"valueName\":\"search_term_string\"}}],\"inLanguage\":\"es\"},{\"@type\":\"Organization\",\"@id\":\"https:\/\/explotumarca.com\/#organization\",\"name\":\"Explo\",\"url\":\"https:\/\/explotumarca.com\/\",\"logo\":{\"@type\":\"ImageObject\",\"inLanguage\":\"es\",\"@id\":\"https:\/\/explotumarca.com\/#\/schema\/logo\/image\/\",\"url\":\"http:\/\/arsnovamx.com\/explotumarca.com\/wp-content\/uploads\/2020\/10\/Nuevo-Logo-Explo-2020.jpg\",\"contentUrl\":\"http:\/\/arsnovamx.com\/explotumarca.com\/wp-content\/uploads\/2020\/10\/Nuevo-Logo-Explo-2020.jpg\",\"width\":800,\"height\":334,\"caption\":\"Explo\"},\"image\":{\"@id\":\"https:\/\/explotumarca.com\/#\/schema\/logo\/image\/\"},\"sameAs\":[\"https:\/\/www.facebook.com\/MexicoExplo\/\"]}]}<\/script>\n<!-- \/ Yoast SEO Premium plugin. -->","yoast_head_json":{"title":"Zoom videollamadas; venta de equipos especiales para zoom","description":"Venta de equipos, salas, mantenimiento y capacitaci\u00f3n de zoom videollamadas para Empresas en M\u00e9xico. c\u00e1mara web empresarial.","robots":{"index":"index","follow":"follow","max-snippet":"max-snippet:-1","max-image-preview":"max-image-preview:large","max-video-preview":"max-video-preview:-1"},"canonical":"https:\/\/explotumarca.com\/?product=camara-web-empresarial-c930e-2","og_locale":"es_MX","og_type":"article","og_title":"C\u00c1MARA WEB EMPRESARIAL C930E","og_description":"C\u00c1MARA WEB EMPRESARIAL C930e C\u00e1mara web empresarial 1080p avanzada compatible con H.264 ELEVA TUS REUNIONES DE VIDEO A UN NIVEL EMPRESARIAL La C930e es","og_url":"https:\/\/explotumarca.com\/?product=camara-web-empresarial-c930e-2","og_site_name":"Explo","article_publisher":"https:\/\/www.facebook.com\/MexicoExplo\/","article_modified_time":"2022-04-11T19:26:21+00:00","og_image":[{"width":450,"height":450,"url":"https:\/\/explotumarca.com\/wp-content\/uploads\/2022\/03\/CAMARA-WEB-EMPRESARIAL-C930E-LOGITECH-VIDEOCONFERENCIA-EXPLO-EXPLOTUMARCA-4.jpg","type":"image\/jpeg"}],"twitter_card":"summary_large_image","twitter_misc":{"Tiempo de lectura":"2 minutos"},"schema":{"@context":"https:\/\/schema.org","@graph":[{"@type":"WebPage","@id":"https:\/\/explotumarca.com\/?product=camara-web-empresarial-c930e-2","url":"https:\/\/explotumarca.com\/?product=camara-web-empresarial-c930e-2","name":"Zoom videollamadas; venta de equipos especiales para zoom","isPartOf":{"@id":"https:\/\/explotumarca.com\/#website"},"primaryImageOfPage":{"@id":"https:\/\/explotumarca.com\/?product=camara-web-empresarial-c930e-2#primaryimage"},"image":{"@id":"https:\/\/explotumarca.com\/?product=camara-web-empresarial-c930e-2#primaryimage"},"thumbnailUrl":"https:\/\/explotumarca.com\/wp-content\/uploads\/2022\/03\/CAMARA-WEB-EMPRESARIAL-C930E-LOGITECH-VIDEOCONFERENCIA-EXPLO-EXPLOTUMARCA-4.jpg","datePublished":"2022-03-25T03:14:01+00:00","dateModified":"2022-04-11T19:26:21+00:00","description":"Venta de equipos, salas, mantenimiento y capacitaci\u00f3n de zoom videollamadas para Empresas en M\u00e9xico. c\u00e1mara web empresarial.","breadcrumb":{"@id":"https:\/\/explotumarca.com\/?product=camara-web-empresarial-c930e-2#breadcrumb"},"inLanguage":"es","potentialAction":[{"@type":"ReadAction","target":["https:\/\/explotumarca.com\/?product=camara-web-empresarial-c930e-2"]}]},{"@type":"ImageObject","inLanguage":"es","@id":"https:\/\/explotumarca.com\/?product=camara-web-empresarial-c930e-2#primaryimage","url":"https:\/\/explotumarca.com\/wp-content\/uploads\/2022\/03\/CAMARA-WEB-EMPRESARIAL-C930E-LOGITECH-VIDEOCONFERENCIA-EXPLO-EXPLOTUMARCA-4.jpg","contentUrl":"https:\/\/explotumarca.com\/wp-content\/uploads\/2022\/03\/CAMARA-WEB-EMPRESARIAL-C930E-LOGITECH-VIDEOCONFERENCIA-EXPLO-EXPLOTUMARCA-4.jpg","width":450,"height":450,"caption":"C\u00c1MARA WEB EMPRESARIAL C930E LOGITECH VIDEOCONFERENCIA EXPLO EXPLOTUMARCA"},{"@type":"BreadcrumbList","@id":"https:\/\/explotumarca.com\/?product=camara-web-empresarial-c930e-2#breadcrumb","itemListElement":[{"@type":"ListItem","position":1,"name":"Inicio","item":"https:\/\/explotumarca.com\/"},{"@type":"ListItem","position":2,"name":"Productos","item":"https:\/\/explotumarca.com\/?post_type=product"},{"@type":"ListItem","position":3,"name":"C\u00c1MARA WEB EMPRESARIAL C930E"}]},{"@type":"WebSite","@id":"https:\/\/explotumarca.com\/#website","url":"https:\/\/explotumarca.com\/","name":"Explo","description":"Productos y servicios corporativos","publisher":{"@id":"https:\/\/explotumarca.com\/#organization"},"potentialAction":[{"@type":"SearchAction","target":{"@type":"EntryPoint","urlTemplate":"https:\/\/explotumarca.com\/?s={search_term_string}"},"query-input":{"@type":"PropertyValueSpecification","valueRequired":true,"valueName":"search_term_string"}}],"inLanguage":"es"},{"@type":"Organization","@id":"https:\/\/explotumarca.com\/#organization","name":"Explo","url":"https:\/\/explotumarca.com\/","logo":{"@type":"ImageObject","inLanguage":"es","@id":"https:\/\/explotumarca.com\/#\/schema\/logo\/image\/","url":"http:\/\/arsnovamx.com\/explotumarca.com\/wp-content\/uploads\/2020\/10\/Nuevo-Logo-Explo-2020.jpg","contentUrl":"http:\/\/arsnovamx.com\/explotumarca.com\/wp-content\/uploads\/2020\/10\/Nuevo-Logo-Explo-2020.jpg","width":800,"height":334,"caption":"Explo"},"image":{"@id":"https:\/\/explotumarca.com\/#\/schema\/logo\/image\/"},"sameAs":["https:\/\/www.facebook.com\/MexicoExplo\/"]}]}},"_links":{"self":[{"href":"https:\/\/explotumarca.com\/index.php?rest_route=\/wp\/v2\/product\/5700","targetHints":{"allow":["GET"]}}],"collection":[{"href":"https:\/\/explotumarca.com\/index.php?rest_route=\/wp\/v2\/product"}],"about":[{"href":"https:\/\/explotumarca.com\/index.php?rest_route=\/wp\/v2\/types\/product"}],"wp:featuredmedia":[{"embeddable":true,"href":"https:\/\/explotumarca.com\/index.php?rest_route=\/wp\/v2\/media\/5694"}],"wp:attachment":[{"href":"https:\/\/explotumarca.com\/index.php?rest_route=%2Fwp%2Fv2%2Fmedia&parent=5700"}],"wp:term":[{"taxonomy":"product_cat","embeddable":true,"href":"https:\/\/explotumarca.com\/index.php?rest_route=%2Fwp%2Fv2%2Fproduct_cat&post=5700"},{"taxonomy":"product_tag","embeddable":true,"href":"https:\/\/explotumarca.com\/index.php?rest_route=%2Fwp%2Fv2%2Fproduct_tag&post=5700"}],"curies":[{"name":"wp","href":"https:\/\/api.w.org\/{rel}","templated":true}]}}