{"id":5702,"date":"2022-03-24T21:22:45","date_gmt":"2022-03-25T03:22:45","guid":{"rendered":"https:\/\/explotumarca.com\/?post_type=product&#038;p=5702"},"modified":"2022-04-11T14:06:25","modified_gmt":"2022-04-11T19:06:25","slug":"camara-web-empresarial-c920e","status":"publish","type":"product","link":"https:\/\/explotumarca.com\/?product=camara-web-empresarial-c920e","title":{"rendered":"C\u00c1MARA WEB EMPRESARIAL C920E"},"content":{"rendered":"<div id=\"text_editable-i6ebb0a432150997c8cf7b9b4c237caaa\" class=\"pangea-cmp body-copy js-pangea-body-copy aem-margin-options font-size-normal font-brown-light dc-black tc-black mc-black\" data-align-desktop=\"left\" data-align-tablet=\"center\" data-align-mobile=\"center\">\n<div class=\"aem-content-ctn no-container\">\n<div id=\"text_editable-i6ebb0a432150997c8cf7b9b4c237caaa-padding-options\" class=\"aem-padding-options \">\n<div class=\"content-ctn rte-field text-width-normal\">\n<h1 class=\"body-copy-title font-hero-s font-brown-bold \">C\u00c1MARA WEB EMPRESARIAL C920<span class=\"lower\">e<\/span><\/h1>\n<p><a href=\"https:\/\/www.logitech.com\/es-mx\/products\/webcams\/c920e-business-webcam.960-001401.html\">C\u00e1mara web<\/a> empresarial 1080p perfecta para implementaci\u00f3n a escala.<\/p>\n<p>&nbsp;<\/p>\n<\/div>\n<h2 class=\"body-copy-title font-title-m font-brown-bold \">IMAGEN PROFESIONAL. EN TODAS PARTES. CON ESTA C\u00c1MARA WEB EMPRESARIAL<\/h2>\n<p>C920e es una c\u00e1mara web HD 1080p para trabajar desde cualquier sitio que supera la calidad de video y sonido proporcionada por la mayor\u00eda de laptops. Da el salto a la colaboraci\u00f3n con video de calidad profesional a un precio ideal para la implementaci\u00f3n en masa.<\/p>\n<p>C920e es ideal para mostrar individuos en un encuadre bien equilibrado. El campo visual fijo de 78\u00b0 captura una vista perfecta del usuario y su entorno a la vez que proporciona suficiente espacio para compartir visualmente proyectos y otros elementos de inter\u00e9s.<\/p>\n<\/div>\n<\/div>\n<\/div>\n<ul class=\"pangea-cmp tech-specs js-pangea-tech-specs\">\n<li class=\"specs-column\">\n<div class=\"specs-group\">\n<header class=\"specs-header\">\n<h3 class=\"specs-heading\">DIMENSIONES<\/h3>\n<\/header>\n<div class=\"specs-block\">\n<h4 class=\"specs-title\">Dimensiones con clip de montaje acoplado<\/h4>\n<ul class=\"specs-description-list\">\n<li>Altura: 43,3 mm<\/li>\n<li>Ancho: 94 mm<\/li>\n<li>Profundidad: 71 mm<\/li>\n<li>Longitud del cable: 1,5 m<\/li>\n<li>Peso: 162 g<\/li>\n<\/ul>\n<\/div>\n<\/div>\n<\/li>\n<li class=\"specs-column\">\n<div class=\"specs-group\">\n<header class=\"specs-header\">\n<h3 class=\"specs-heading\">REQUISITOS DEL SISTEMA DE C\u00c1MARA WEB EMPRESARIAL<\/h3>\n<\/header>\n<div class=\"specs-block\">\n<h4 class=\"specs-title\">Compatibilidad<\/h4>\n<ul class=\"specs-description-list\">\n<li>Windows\u00ae 8 o posterior<\/li>\n<\/ul>\n<\/div>\n<div class=\"specs-block\">\n<div class=\"specs-description\">macOS 10.10 o posterior<\/div>\n<\/div>\n<div class=\"specs-block\">\n<div class=\"specs-description\">Chrome OS&#x2122;<\/div>\n<\/div>\n<div class=\"specs-block\">\n<div class=\"specs-description\">Puerto USB-A<\/div>\n<\/div>\n<div class=\"specs-block\">\n<div class=\"specs-description\">Compatible con Microsoft Directshow<\/div>\n<\/div>\n<div class=\"specs-block\">\n<div class=\"specs-description\">Funciona con plataformas de llamadas populares<\/div>\n<\/div>\n<\/div>\n<div><\/div>\n<\/li>\n<li>\n<header class=\"specs-header\">\n<h3 class=\"specs-heading\">ESPECIFICACIONES T\u00c9CNICAS<\/h3>\n<\/header>\n<div class=\"specs-block\">\n<h4 class=\"specs-title\">M\u00faltiples resoluciones<\/h4>\n<ul class=\"specs-description-list\">\n<li>1080p\/30 fps (hasta 1920 x 1080 p\u00edxeles)<\/li>\n<li>720p\/30 fps (hasta 1280 x 720 p\u00edxeles) compresi\u00f3n de video H.264 con clientes compatibles<\/li>\n<\/ul>\n<\/div>\n<div class=\"specs-block\">\n<div class=\"specs-description\">C\u00e1mara mega pixel: 3<\/div>\n<\/div>\n<div class=\"specs-block\">\n<div class=\"specs-description\">Tipo de enfoque: Enfoque autom\u00e1tico<\/div>\n<\/div>\n<div class=\"specs-block\">\n<div class=\"specs-description\">Tipo de lente: Cristal<\/div>\n<\/div>\n<div class=\"specs-block\">\n<div class=\"specs-description\">Micr\u00f3fono integrado: Est\u00e9reo<\/div>\n<\/div>\n<div class=\"specs-block\">\n<div class=\"specs-description\">Radio de micr\u00f3fono: Hasta 1 m<\/div>\n<\/div>\n<div class=\"specs-block\">\n<div class=\"specs-description\">Campo visual diagonal (dFoV): 78\u00b0<\/div>\n<\/div>\n<div class=\"specs-block\">\n<div class=\"specs-description\">Zoom digital: 1 x<\/div>\n<\/div>\n<div class=\"specs-block\">\n<div class=\"specs-description\">Conectividad USB: Plug and Play USB-A<\/div>\n<\/div>\n<div class=\"specs-block\">\n<div class=\"specs-description\">Tecnolog\u00eda RightLight 2 para nitidez en distintas condiciones de iluminaci\u00f3n, incluso con luz escasa<\/div>\n<\/div>\n<div class=\"specs-block\">\n<div class=\"specs-description\">Tapa de privacidad acoplable<\/div>\n<\/div>\n<div class=\"specs-block\">\n<div class=\"specs-description\">Clip universal acoplable a tr\u00edpode, para monitores, pantallas LCD o laptops <a class=\"note note-tooltip js-note-tooltip pangea-inited\"><sup aria-label=\"footnote 2\">2<\/sup><\/a><\/div>\n<\/div>\n<div><\/div>\n<\/li>\n<\/ul>\n<ul class=\"pangea-cmp tech-specs js-pangea-tech-specs\">\n<li class=\"specs-column\">\n<div class=\"specs-group\">\n<header class=\"specs-header\">\n<h3 class=\"specs-heading\">CONTENIDO DE LA CAJA DE C\u00c1MARA WEB EMPRESARIAL<\/h3>\n<\/header>\n<div class=\"specs-block\">\n<ul class=\"specs-description-list\">\n<li>C\u00e1mara web con cable USB-A fijo de 1,5 m<\/li>\n<li>Tapa de privacidad<\/li>\n<li>Documentaci\u00f3n del usuario<\/li>\n<\/ul>\n<\/div>\n<\/div>\n<\/li>\n<li class=\"specs-column\">\n<div class=\"specs-group\">\n<header class=\"specs-header\">\n<h3 class=\"specs-heading\">INFORMACI\u00d3N DE GARANT\u00cdA<\/h3>\n<\/header>\n<div class=\"specs-block\">\n<div class=\"specs-description\">Tres a\u00f1os de garant\u00eda de hardware limitada<\/div>\n<\/div>\n<\/div>\n<\/li>\n<li class=\"specs-column\">\n<div class=\"specs-group\">\n<header class=\"specs-header\">\n<h3 class=\"specs-heading\">N\u00daMERO DE REFERENCIA<\/h3>\n<\/header>\n<div class=\"specs-block\">\n<ul class=\"specs-description-list\">\n<li>960-001401<\/li>\n<\/ul>\n<p>Ll\u00e1manos al (55) 3342 8218 o d\u00e9janos tus datos <a href=\"https:\/\/explotumarca.com\/?page_id=14\">aqu\u00ed<\/a><\/p>\n<p>&nbsp;<\/p>\n<\/div>\n<\/div>\n<\/li>\n<\/ul>\n<header class=\"specs-header\"><\/header>\n","protected":false},"excerpt":{"rendered":"<p>C\u00c1MARA WEB EMPRESARIAL C920e C\u00e1mara web empresarial 1080p perfecta para implementaci\u00f3n a escala. &nbsp; IMAGEN PROFESIONAL. EN TODAS PARTES. CON ESTA C\u00c1MARA WEB EMPRESARIAL C920e es una c\u00e1mara web HD 1080p para trabajar desde cualquier [&hellip;]<\/p>\n","protected":false},"featured_media":5706,"template":"","meta":{"content-type":""},"product_cat":[98],"product_tag":[],"class_list":{"0":"post-5702","1":"product","2":"type-product","3":"status-publish","4":"has-post-thumbnail","6":"product_cat-camaras-web","8":"first","9":"instock","10":"taxable","11":"shipping-taxable","12":"product-type-simple"},"yoast_head":"<!-- This site is optimized with the Yoast SEO Premium plugin v18.8 (Yoast SEO v26.8) - https:\/\/yoast.com\/product\/yoast-seo-premium-wordpress\/ -->\n<title>Zoom videollamadas; venta de equipos especiales para zoom<\/title>\n<meta name=\"description\" content=\"Venta de equipos, salas, mantenimiento y capacitaci\u00f3n de zoom videollamadas para Empresas. c\u00e1mara web empresarial\" \/>\n<meta name=\"robots\" content=\"index, follow, max-snippet:-1, max-image-preview:large, max-video-preview:-1\" \/>\n<link rel=\"canonical\" href=\"https:\/\/explotumarca.com\/?product=camara-web-empresarial-c920e\" \/>\n<meta property=\"og:locale\" content=\"es_MX\" \/>\n<meta property=\"og:type\" content=\"article\" \/>\n<meta property=\"og:title\" content=\"C\u00c1MARA WEB EMPRESARIAL C920E\" \/>\n<meta property=\"og:description\" content=\"C\u00c1MARA WEB EMPRESARIAL C920e C\u00e1mara web empresarial 1080p perfecta para implementaci\u00f3n a escala. &nbsp; IMAGEN PROFESIONAL. EN TODAS PARTES. CON ESTA\" \/>\n<meta property=\"og:url\" content=\"https:\/\/explotumarca.com\/?product=camara-web-empresarial-c920e\" \/>\n<meta property=\"og:site_name\" content=\"Explo\" \/>\n<meta property=\"article:publisher\" content=\"https:\/\/www.facebook.com\/MexicoExplo\/\" \/>\n<meta property=\"article:modified_time\" content=\"2022-04-11T19:06:25+00:00\" \/>\n<meta property=\"og:image\" content=\"https:\/\/explotumarca.com\/wp-content\/uploads\/2022\/03\/CAMARA-WEB-EMPRESARIAL-C920E-LOGITECH-EXPLO-EXPLOTUMARCA-5.jpg\" \/>\n\t<meta property=\"og:image:width\" content=\"450\" \/>\n\t<meta property=\"og:image:height\" content=\"450\" \/>\n\t<meta property=\"og:image:type\" content=\"image\/jpeg\" \/>\n<meta name=\"twitter:card\" content=\"summary_large_image\" \/>\n<meta name=\"twitter:label1\" content=\"Tiempo de lectura\" \/>\n\t<meta name=\"twitter:data1\" content=\"2 minutos\" \/>\n<script type=\"application\/ld+json\" class=\"yoast-schema-graph\">{\"@context\":\"https:\/\/schema.org\",\"@graph\":[{\"@type\":\"WebPage\",\"@id\":\"https:\/\/explotumarca.com\/?product=camara-web-empresarial-c920e\",\"url\":\"https:\/\/explotumarca.com\/?product=camara-web-empresarial-c920e\",\"name\":\"Zoom videollamadas; venta de equipos especiales para zoom\",\"isPartOf\":{\"@id\":\"https:\/\/explotumarca.com\/#website\"},\"primaryImageOfPage\":{\"@id\":\"https:\/\/explotumarca.com\/?product=camara-web-empresarial-c920e#primaryimage\"},\"image\":{\"@id\":\"https:\/\/explotumarca.com\/?product=camara-web-empresarial-c920e#primaryimage\"},\"thumbnailUrl\":\"https:\/\/explotumarca.com\/wp-content\/uploads\/2022\/03\/CAMARA-WEB-EMPRESARIAL-C920E-LOGITECH-EXPLO-EXPLOTUMARCA-5.jpg\",\"datePublished\":\"2022-03-25T03:22:45+00:00\",\"dateModified\":\"2022-04-11T19:06:25+00:00\",\"description\":\"Venta de equipos, salas, mantenimiento y capacitaci\u00f3n de zoom videollamadas para Empresas. c\u00e1mara web empresarial\",\"breadcrumb\":{\"@id\":\"https:\/\/explotumarca.com\/?product=camara-web-empresarial-c920e#breadcrumb\"},\"inLanguage\":\"es\",\"potentialAction\":[{\"@type\":\"ReadAction\",\"target\":[\"https:\/\/explotumarca.com\/?product=camara-web-empresarial-c920e\"]}]},{\"@type\":\"ImageObject\",\"inLanguage\":\"es\",\"@id\":\"https:\/\/explotumarca.com\/?product=camara-web-empresarial-c920e#primaryimage\",\"url\":\"https:\/\/explotumarca.com\/wp-content\/uploads\/2022\/03\/CAMARA-WEB-EMPRESARIAL-C920E-LOGITECH-EXPLO-EXPLOTUMARCA-5.jpg\",\"contentUrl\":\"https:\/\/explotumarca.com\/wp-content\/uploads\/2022\/03\/CAMARA-WEB-EMPRESARIAL-C920E-LOGITECH-EXPLO-EXPLOTUMARCA-5.jpg\",\"width\":450,\"height\":450,\"caption\":\"CAMARA WEB EMPRESARIAL C920E LOGITECH EXPLO EXPLOTUMARCA\"},{\"@type\":\"BreadcrumbList\",\"@id\":\"https:\/\/explotumarca.com\/?product=camara-web-empresarial-c920e#breadcrumb\",\"itemListElement\":[{\"@type\":\"ListItem\",\"position\":1,\"name\":\"Inicio\",\"item\":\"https:\/\/explotumarca.com\/\"},{\"@type\":\"ListItem\",\"position\":2,\"name\":\"Productos\",\"item\":\"https:\/\/explotumarca.com\/?post_type=product\"},{\"@type\":\"ListItem\",\"position\":3,\"name\":\"C\u00c1MARA WEB EMPRESARIAL C920E\"}]},{\"@type\":\"WebSite\",\"@id\":\"https:\/\/explotumarca.com\/#website\",\"url\":\"https:\/\/explotumarca.com\/\",\"name\":\"Explo\",\"description\":\"Productos y servicios corporativos\",\"publisher\":{\"@id\":\"https:\/\/explotumarca.com\/#organization\"},\"potentialAction\":[{\"@type\":\"SearchAction\",\"target\":{\"@type\":\"EntryPoint\",\"urlTemplate\":\"https:\/\/explotumarca.com\/?s={search_term_string}\"},\"query-input\":{\"@type\":\"PropertyValueSpecification\",\"valueRequired\":true,\"valueName\":\"search_term_string\"}}],\"inLanguage\":\"es\"},{\"@type\":\"Organization\",\"@id\":\"https:\/\/explotumarca.com\/#organization\",\"name\":\"Explo\",\"url\":\"https:\/\/explotumarca.com\/\",\"logo\":{\"@type\":\"ImageObject\",\"inLanguage\":\"es\",\"@id\":\"https:\/\/explotumarca.com\/#\/schema\/logo\/image\/\",\"url\":\"http:\/\/arsnovamx.com\/explotumarca.com\/wp-content\/uploads\/2020\/10\/Nuevo-Logo-Explo-2020.jpg\",\"contentUrl\":\"http:\/\/arsnovamx.com\/explotumarca.com\/wp-content\/uploads\/2020\/10\/Nuevo-Logo-Explo-2020.jpg\",\"width\":800,\"height\":334,\"caption\":\"Explo\"},\"image\":{\"@id\":\"https:\/\/explotumarca.com\/#\/schema\/logo\/image\/\"},\"sameAs\":[\"https:\/\/www.facebook.com\/MexicoExplo\/\"]}]}<\/script>\n<!-- \/ Yoast SEO Premium plugin. -->","yoast_head_json":{"title":"Zoom videollamadas; venta de equipos especiales para zoom","description":"Venta de equipos, salas, mantenimiento y capacitaci\u00f3n de zoom videollamadas para Empresas. c\u00e1mara web empresarial","robots":{"index":"index","follow":"follow","max-snippet":"max-snippet:-1","max-image-preview":"max-image-preview:large","max-video-preview":"max-video-preview:-1"},"canonical":"https:\/\/explotumarca.com\/?product=camara-web-empresarial-c920e","og_locale":"es_MX","og_type":"article","og_title":"C\u00c1MARA WEB EMPRESARIAL C920E","og_description":"C\u00c1MARA WEB EMPRESARIAL C920e C\u00e1mara web empresarial 1080p perfecta para implementaci\u00f3n a escala. &nbsp; IMAGEN PROFESIONAL. EN TODAS PARTES. CON ESTA","og_url":"https:\/\/explotumarca.com\/?product=camara-web-empresarial-c920e","og_site_name":"Explo","article_publisher":"https:\/\/www.facebook.com\/MexicoExplo\/","article_modified_time":"2022-04-11T19:06:25+00:00","og_image":[{"width":450,"height":450,"url":"https:\/\/explotumarca.com\/wp-content\/uploads\/2022\/03\/CAMARA-WEB-EMPRESARIAL-C920E-LOGITECH-EXPLO-EXPLOTUMARCA-5.jpg","type":"image\/jpeg"}],"twitter_card":"summary_large_image","twitter_misc":{"Tiempo de lectura":"2 minutos"},"schema":{"@context":"https:\/\/schema.org","@graph":[{"@type":"WebPage","@id":"https:\/\/explotumarca.com\/?product=camara-web-empresarial-c920e","url":"https:\/\/explotumarca.com\/?product=camara-web-empresarial-c920e","name":"Zoom videollamadas; venta de equipos especiales para zoom","isPartOf":{"@id":"https:\/\/explotumarca.com\/#website"},"primaryImageOfPage":{"@id":"https:\/\/explotumarca.com\/?product=camara-web-empresarial-c920e#primaryimage"},"image":{"@id":"https:\/\/explotumarca.com\/?product=camara-web-empresarial-c920e#primaryimage"},"thumbnailUrl":"https:\/\/explotumarca.com\/wp-content\/uploads\/2022\/03\/CAMARA-WEB-EMPRESARIAL-C920E-LOGITECH-EXPLO-EXPLOTUMARCA-5.jpg","datePublished":"2022-03-25T03:22:45+00:00","dateModified":"2022-04-11T19:06:25+00:00","description":"Venta de equipos, salas, mantenimiento y capacitaci\u00f3n de zoom videollamadas para Empresas. c\u00e1mara web empresarial","breadcrumb":{"@id":"https:\/\/explotumarca.com\/?product=camara-web-empresarial-c920e#breadcrumb"},"inLanguage":"es","potentialAction":[{"@type":"ReadAction","target":["https:\/\/explotumarca.com\/?product=camara-web-empresarial-c920e"]}]},{"@type":"ImageObject","inLanguage":"es","@id":"https:\/\/explotumarca.com\/?product=camara-web-empresarial-c920e#primaryimage","url":"https:\/\/explotumarca.com\/wp-content\/uploads\/2022\/03\/CAMARA-WEB-EMPRESARIAL-C920E-LOGITECH-EXPLO-EXPLOTUMARCA-5.jpg","contentUrl":"https:\/\/explotumarca.com\/wp-content\/uploads\/2022\/03\/CAMARA-WEB-EMPRESARIAL-C920E-LOGITECH-EXPLO-EXPLOTUMARCA-5.jpg","width":450,"height":450,"caption":"CAMARA WEB EMPRESARIAL C920E LOGITECH EXPLO EXPLOTUMARCA"},{"@type":"BreadcrumbList","@id":"https:\/\/explotumarca.com\/?product=camara-web-empresarial-c920e#breadcrumb","itemListElement":[{"@type":"ListItem","position":1,"name":"Inicio","item":"https:\/\/explotumarca.com\/"},{"@type":"ListItem","position":2,"name":"Productos","item":"https:\/\/explotumarca.com\/?post_type=product"},{"@type":"ListItem","position":3,"name":"C\u00c1MARA WEB EMPRESARIAL C920E"}]},{"@type":"WebSite","@id":"https:\/\/explotumarca.com\/#website","url":"https:\/\/explotumarca.com\/","name":"Explo","description":"Productos y servicios corporativos","publisher":{"@id":"https:\/\/explotumarca.com\/#organization"},"potentialAction":[{"@type":"SearchAction","target":{"@type":"EntryPoint","urlTemplate":"https:\/\/explotumarca.com\/?s={search_term_string}"},"query-input":{"@type":"PropertyValueSpecification","valueRequired":true,"valueName":"search_term_string"}}],"inLanguage":"es"},{"@type":"Organization","@id":"https:\/\/explotumarca.com\/#organization","name":"Explo","url":"https:\/\/explotumarca.com\/","logo":{"@type":"ImageObject","inLanguage":"es","@id":"https:\/\/explotumarca.com\/#\/schema\/logo\/image\/","url":"http:\/\/arsnovamx.com\/explotumarca.com\/wp-content\/uploads\/2020\/10\/Nuevo-Logo-Explo-2020.jpg","contentUrl":"http:\/\/arsnovamx.com\/explotumarca.com\/wp-content\/uploads\/2020\/10\/Nuevo-Logo-Explo-2020.jpg","width":800,"height":334,"caption":"Explo"},"image":{"@id":"https:\/\/explotumarca.com\/#\/schema\/logo\/image\/"},"sameAs":["https:\/\/www.facebook.com\/MexicoExplo\/"]}]}},"_links":{"self":[{"href":"https:\/\/explotumarca.com\/index.php?rest_route=\/wp\/v2\/product\/5702","targetHints":{"allow":["GET"]}}],"collection":[{"href":"https:\/\/explotumarca.com\/index.php?rest_route=\/wp\/v2\/product"}],"about":[{"href":"https:\/\/explotumarca.com\/index.php?rest_route=\/wp\/v2\/types\/product"}],"wp:featuredmedia":[{"embeddable":true,"href":"https:\/\/explotumarca.com\/index.php?rest_route=\/wp\/v2\/media\/5706"}],"wp:attachment":[{"href":"https:\/\/explotumarca.com\/index.php?rest_route=%2Fwp%2Fv2%2Fmedia&parent=5702"}],"wp:term":[{"taxonomy":"product_cat","embeddable":true,"href":"https:\/\/explotumarca.com\/index.php?rest_route=%2Fwp%2Fv2%2Fproduct_cat&post=5702"},{"taxonomy":"product_tag","embeddable":true,"href":"https:\/\/explotumarca.com\/index.php?rest_route=%2Fwp%2Fv2%2Fproduct_tag&post=5702"}],"curies":[{"name":"wp","href":"https:\/\/api.w.org\/{rel}","templated":true}]}}