{"id":5739,"date":"2022-03-25T18:42:21","date_gmt":"2022-03-26T00:42:21","guid":{"rendered":"https:\/\/explotumarca.com\/?post_type=product&#038;p=5739"},"modified":"2022-04-11T13:47:53","modified_gmt":"2022-04-11T18:47:53","slug":"auricular-logitech-h570e","status":"publish","type":"product","link":"https:\/\/explotumarca.com\/?product=auricular-logitech-h570e","title":{"rendered":"AURICULAR LOGITECH H570E"},"content":{"rendered":"<h1 class=\"title js-title\">AURICULAR LOGITECH H570E<\/h1>\n<div class=\"large body js-subtitle\">Comodidad, asequibilidad y duraci\u00f3n<\/div>\n<h2><\/h2>\n<h2 class=\"body-copy-title font-hero-m font-brown-bold \">CLARIDAD Y CONFORT ASEQUIBLES<\/h2>\n<p>Para quienes se ganan la vida al tel\u00e9fono, unos confortables aud\u00edfonos con micr\u00f3fono ayudan a que cada llamada resulte m\u00e1s productiva. Elegantes y duraderos, los aud\u00edfonos con micr\u00f3fono Logitech H570e ofrecen confort d\u00eda tras d\u00eda. Y adem\u00e1s son f\u00e1ciles de usar: basta con conectarlos a la PC o Mac con el cable USB. H570e incluye funciones premium de supresi\u00f3n de ruido para ofrecer sonido nitid\u00edsimo a un precio asequible.<\/p>\n<p>&nbsp;<\/p>\n<p>Ll\u00e1manos al (55) 3342 8218 o d\u00e9janos tus datos <a href=\"https:\/\/explotumarca.com\/?page_id=14\">aqu\u00ed<\/a><\/p>\n<p>&nbsp;<\/p>\n<p>&nbsp;<\/p>\n","protected":false},"excerpt":{"rendered":"<p>AURICULAR LOGITECH H570E Comodidad, asequibilidad y duraci\u00f3n CLARIDAD Y CONFORT ASEQUIBLES Para quienes se ganan la vida al tel\u00e9fono, unos confortables aud\u00edfonos con micr\u00f3fono ayudan a que cada llamada resulte m\u00e1s productiva. Elegantes y duraderos, [&hellip;]<\/p>\n","protected":false},"featured_media":5744,"template":"","meta":{"content-type":""},"product_cat":[99],"product_tag":[],"class_list":{"0":"post-5739","1":"product","2":"type-product","3":"status-publish","4":"has-post-thumbnail","6":"product_cat-auriculares","8":"first","9":"instock","10":"taxable","11":"shipping-taxable","12":"product-type-simple"},"yoast_head":"<!-- This site is optimized with the Yoast SEO Premium plugin v18.8 (Yoast SEO v26.8) - https:\/\/yoast.com\/product\/yoast-seo-premium-wordpress\/ -->\n<title>Zoom videollamadas; venta de equipos especiales para zoom<\/title>\n<meta name=\"description\" content=\"Venta de equipos, salas, mantenimiento y capacitaci\u00f3n de zoom videollamadas para Empresas en M\u00e9xico. Cotiza los mejores equipos 2020.\" \/>\n<meta name=\"robots\" content=\"index, follow, max-snippet:-1, max-image-preview:large, max-video-preview:-1\" \/>\n<link rel=\"canonical\" href=\"https:\/\/explotumarca.com\/?product=auricular-logitech-h570e\" \/>\n<meta property=\"og:locale\" content=\"es_MX\" \/>\n<meta property=\"og:type\" content=\"article\" \/>\n<meta property=\"og:title\" content=\"AURICULAR LOGITECH H570E\" \/>\n<meta property=\"og:description\" content=\"AURICULAR LOGITECH H570E Comodidad, asequibilidad y duraci\u00f3n CLARIDAD Y CONFORT ASEQUIBLES Para quienes se ganan la vida al tel\u00e9fono, unos confortables\" \/>\n<meta property=\"og:url\" content=\"https:\/\/explotumarca.com\/?product=auricular-logitech-h570e\" \/>\n<meta property=\"og:site_name\" content=\"Explo\" \/>\n<meta property=\"article:publisher\" content=\"https:\/\/www.facebook.com\/MexicoExplo\/\" \/>\n<meta property=\"article:modified_time\" content=\"2022-04-11T18:47:53+00:00\" \/>\n<meta property=\"og:image\" content=\"https:\/\/explotumarca.com\/wp-content\/uploads\/2022\/03\/AURICULAR-LOGITECH-H570E-VIDEOCONFERENCIA-EXPLO-EXPLOTUMARCA-2-1.jpg\" \/>\n\t<meta property=\"og:image:width\" content=\"450\" \/>\n\t<meta property=\"og:image:height\" content=\"450\" \/>\n\t<meta property=\"og:image:type\" content=\"image\/jpeg\" \/>\n<meta name=\"twitter:card\" content=\"summary_large_image\" \/>\n<meta name=\"twitter:label1\" content=\"Tiempo de lectura\" \/>\n\t<meta name=\"twitter:data1\" content=\"1 minuto\" \/>\n<script type=\"application\/ld+json\" class=\"yoast-schema-graph\">{\"@context\":\"https:\/\/schema.org\",\"@graph\":[{\"@type\":\"WebPage\",\"@id\":\"https:\/\/explotumarca.com\/?product=auricular-logitech-h570e\",\"url\":\"https:\/\/explotumarca.com\/?product=auricular-logitech-h570e\",\"name\":\"Zoom videollamadas; venta de equipos especiales para zoom\",\"isPartOf\":{\"@id\":\"https:\/\/explotumarca.com\/#website\"},\"primaryImageOfPage\":{\"@id\":\"https:\/\/explotumarca.com\/?product=auricular-logitech-h570e#primaryimage\"},\"image\":{\"@id\":\"https:\/\/explotumarca.com\/?product=auricular-logitech-h570e#primaryimage\"},\"thumbnailUrl\":\"https:\/\/explotumarca.com\/wp-content\/uploads\/2022\/03\/AURICULAR-LOGITECH-H570E-VIDEOCONFERENCIA-EXPLO-EXPLOTUMARCA-2-1.jpg\",\"datePublished\":\"2022-03-26T00:42:21+00:00\",\"dateModified\":\"2022-04-11T18:47:53+00:00\",\"description\":\"Venta de equipos, salas, mantenimiento y capacitaci\u00f3n de zoom videollamadas para Empresas en M\u00e9xico. Cotiza los mejores equipos 2020.\",\"breadcrumb\":{\"@id\":\"https:\/\/explotumarca.com\/?product=auricular-logitech-h570e#breadcrumb\"},\"inLanguage\":\"es\",\"potentialAction\":[{\"@type\":\"ReadAction\",\"target\":[\"https:\/\/explotumarca.com\/?product=auricular-logitech-h570e\"]}]},{\"@type\":\"ImageObject\",\"inLanguage\":\"es\",\"@id\":\"https:\/\/explotumarca.com\/?product=auricular-logitech-h570e#primaryimage\",\"url\":\"https:\/\/explotumarca.com\/wp-content\/uploads\/2022\/03\/AURICULAR-LOGITECH-H570E-VIDEOCONFERENCIA-EXPLO-EXPLOTUMARCA-2-1.jpg\",\"contentUrl\":\"https:\/\/explotumarca.com\/wp-content\/uploads\/2022\/03\/AURICULAR-LOGITECH-H570E-VIDEOCONFERENCIA-EXPLO-EXPLOTUMARCA-2-1.jpg\",\"width\":450,\"height\":450,\"caption\":\"AURICULAR LOGITECH H570E VIDEOCONFERENCIA EXPLO EXPLOTUMARCA\"},{\"@type\":\"BreadcrumbList\",\"@id\":\"https:\/\/explotumarca.com\/?product=auricular-logitech-h570e#breadcrumb\",\"itemListElement\":[{\"@type\":\"ListItem\",\"position\":1,\"name\":\"Inicio\",\"item\":\"https:\/\/explotumarca.com\/\"},{\"@type\":\"ListItem\",\"position\":2,\"name\":\"Productos\",\"item\":\"https:\/\/explotumarca.com\/?post_type=product\"},{\"@type\":\"ListItem\",\"position\":3,\"name\":\"AURICULAR LOGITECH H570E\"}]},{\"@type\":\"WebSite\",\"@id\":\"https:\/\/explotumarca.com\/#website\",\"url\":\"https:\/\/explotumarca.com\/\",\"name\":\"Explo\",\"description\":\"Productos y servicios corporativos\",\"publisher\":{\"@id\":\"https:\/\/explotumarca.com\/#organization\"},\"potentialAction\":[{\"@type\":\"SearchAction\",\"target\":{\"@type\":\"EntryPoint\",\"urlTemplate\":\"https:\/\/explotumarca.com\/?s={search_term_string}\"},\"query-input\":{\"@type\":\"PropertyValueSpecification\",\"valueRequired\":true,\"valueName\":\"search_term_string\"}}],\"inLanguage\":\"es\"},{\"@type\":\"Organization\",\"@id\":\"https:\/\/explotumarca.com\/#organization\",\"name\":\"Explo\",\"url\":\"https:\/\/explotumarca.com\/\",\"logo\":{\"@type\":\"ImageObject\",\"inLanguage\":\"es\",\"@id\":\"https:\/\/explotumarca.com\/#\/schema\/logo\/image\/\",\"url\":\"http:\/\/arsnovamx.com\/explotumarca.com\/wp-content\/uploads\/2020\/10\/Nuevo-Logo-Explo-2020.jpg\",\"contentUrl\":\"http:\/\/arsnovamx.com\/explotumarca.com\/wp-content\/uploads\/2020\/10\/Nuevo-Logo-Explo-2020.jpg\",\"width\":800,\"height\":334,\"caption\":\"Explo\"},\"image\":{\"@id\":\"https:\/\/explotumarca.com\/#\/schema\/logo\/image\/\"},\"sameAs\":[\"https:\/\/www.facebook.com\/MexicoExplo\/\"]}]}<\/script>\n<!-- \/ Yoast SEO Premium plugin. -->","yoast_head_json":{"title":"Zoom videollamadas; venta de equipos especiales para zoom","description":"Venta de equipos, salas, mantenimiento y capacitaci\u00f3n de zoom videollamadas para Empresas en M\u00e9xico. Cotiza los mejores equipos 2020.","robots":{"index":"index","follow":"follow","max-snippet":"max-snippet:-1","max-image-preview":"max-image-preview:large","max-video-preview":"max-video-preview:-1"},"canonical":"https:\/\/explotumarca.com\/?product=auricular-logitech-h570e","og_locale":"es_MX","og_type":"article","og_title":"AURICULAR LOGITECH H570E","og_description":"AURICULAR LOGITECH H570E Comodidad, asequibilidad y duraci\u00f3n CLARIDAD Y CONFORT ASEQUIBLES Para quienes se ganan la vida al tel\u00e9fono, unos confortables","og_url":"https:\/\/explotumarca.com\/?product=auricular-logitech-h570e","og_site_name":"Explo","article_publisher":"https:\/\/www.facebook.com\/MexicoExplo\/","article_modified_time":"2022-04-11T18:47:53+00:00","og_image":[{"width":450,"height":450,"url":"https:\/\/explotumarca.com\/wp-content\/uploads\/2022\/03\/AURICULAR-LOGITECH-H570E-VIDEOCONFERENCIA-EXPLO-EXPLOTUMARCA-2-1.jpg","type":"image\/jpeg"}],"twitter_card":"summary_large_image","twitter_misc":{"Tiempo de lectura":"1 minuto"},"schema":{"@context":"https:\/\/schema.org","@graph":[{"@type":"WebPage","@id":"https:\/\/explotumarca.com\/?product=auricular-logitech-h570e","url":"https:\/\/explotumarca.com\/?product=auricular-logitech-h570e","name":"Zoom videollamadas; venta de equipos especiales para zoom","isPartOf":{"@id":"https:\/\/explotumarca.com\/#website"},"primaryImageOfPage":{"@id":"https:\/\/explotumarca.com\/?product=auricular-logitech-h570e#primaryimage"},"image":{"@id":"https:\/\/explotumarca.com\/?product=auricular-logitech-h570e#primaryimage"},"thumbnailUrl":"https:\/\/explotumarca.com\/wp-content\/uploads\/2022\/03\/AURICULAR-LOGITECH-H570E-VIDEOCONFERENCIA-EXPLO-EXPLOTUMARCA-2-1.jpg","datePublished":"2022-03-26T00:42:21+00:00","dateModified":"2022-04-11T18:47:53+00:00","description":"Venta de equipos, salas, mantenimiento y capacitaci\u00f3n de zoom videollamadas para Empresas en M\u00e9xico. Cotiza los mejores equipos 2020.","breadcrumb":{"@id":"https:\/\/explotumarca.com\/?product=auricular-logitech-h570e#breadcrumb"},"inLanguage":"es","potentialAction":[{"@type":"ReadAction","target":["https:\/\/explotumarca.com\/?product=auricular-logitech-h570e"]}]},{"@type":"ImageObject","inLanguage":"es","@id":"https:\/\/explotumarca.com\/?product=auricular-logitech-h570e#primaryimage","url":"https:\/\/explotumarca.com\/wp-content\/uploads\/2022\/03\/AURICULAR-LOGITECH-H570E-VIDEOCONFERENCIA-EXPLO-EXPLOTUMARCA-2-1.jpg","contentUrl":"https:\/\/explotumarca.com\/wp-content\/uploads\/2022\/03\/AURICULAR-LOGITECH-H570E-VIDEOCONFERENCIA-EXPLO-EXPLOTUMARCA-2-1.jpg","width":450,"height":450,"caption":"AURICULAR LOGITECH H570E VIDEOCONFERENCIA EXPLO EXPLOTUMARCA"},{"@type":"BreadcrumbList","@id":"https:\/\/explotumarca.com\/?product=auricular-logitech-h570e#breadcrumb","itemListElement":[{"@type":"ListItem","position":1,"name":"Inicio","item":"https:\/\/explotumarca.com\/"},{"@type":"ListItem","position":2,"name":"Productos","item":"https:\/\/explotumarca.com\/?post_type=product"},{"@type":"ListItem","position":3,"name":"AURICULAR LOGITECH H570E"}]},{"@type":"WebSite","@id":"https:\/\/explotumarca.com\/#website","url":"https:\/\/explotumarca.com\/","name":"Explo","description":"Productos y servicios corporativos","publisher":{"@id":"https:\/\/explotumarca.com\/#organization"},"potentialAction":[{"@type":"SearchAction","target":{"@type":"EntryPoint","urlTemplate":"https:\/\/explotumarca.com\/?s={search_term_string}"},"query-input":{"@type":"PropertyValueSpecification","valueRequired":true,"valueName":"search_term_string"}}],"inLanguage":"es"},{"@type":"Organization","@id":"https:\/\/explotumarca.com\/#organization","name":"Explo","url":"https:\/\/explotumarca.com\/","logo":{"@type":"ImageObject","inLanguage":"es","@id":"https:\/\/explotumarca.com\/#\/schema\/logo\/image\/","url":"http:\/\/arsnovamx.com\/explotumarca.com\/wp-content\/uploads\/2020\/10\/Nuevo-Logo-Explo-2020.jpg","contentUrl":"http:\/\/arsnovamx.com\/explotumarca.com\/wp-content\/uploads\/2020\/10\/Nuevo-Logo-Explo-2020.jpg","width":800,"height":334,"caption":"Explo"},"image":{"@id":"https:\/\/explotumarca.com\/#\/schema\/logo\/image\/"},"sameAs":["https:\/\/www.facebook.com\/MexicoExplo\/"]}]}},"_links":{"self":[{"href":"https:\/\/explotumarca.com\/index.php?rest_route=\/wp\/v2\/product\/5739","targetHints":{"allow":["GET"]}}],"collection":[{"href":"https:\/\/explotumarca.com\/index.php?rest_route=\/wp\/v2\/product"}],"about":[{"href":"https:\/\/explotumarca.com\/index.php?rest_route=\/wp\/v2\/types\/product"}],"wp:featuredmedia":[{"embeddable":true,"href":"https:\/\/explotumarca.com\/index.php?rest_route=\/wp\/v2\/media\/5744"}],"wp:attachment":[{"href":"https:\/\/explotumarca.com\/index.php?rest_route=%2Fwp%2Fv2%2Fmedia&parent=5739"}],"wp:term":[{"taxonomy":"product_cat","embeddable":true,"href":"https:\/\/explotumarca.com\/index.php?rest_route=%2Fwp%2Fv2%2Fproduct_cat&post=5739"},{"taxonomy":"product_tag","embeddable":true,"href":"https:\/\/explotumarca.com\/index.php?rest_route=%2Fwp%2Fv2%2Fproduct_tag&post=5739"}],"curies":[{"name":"wp","href":"https:\/\/api.w.org\/{rel}","templated":true}]}}