{"id":5759,"date":"2022-03-25T19:43:28","date_gmt":"2022-03-26T01:43:28","guid":{"rendered":"https:\/\/explotumarca.com\/?post_type=product&#038;p=5759"},"modified":"2022-04-11T13:36:08","modified_gmt":"2022-04-11T18:36:08","slug":"altavoz-movil-logitech-p710e","status":"publish","type":"product","link":"https:\/\/explotumarca.com\/?product=altavoz-movil-logitech-p710e","title":{"rendered":"ALTAVOZ M\u00d3VIL LOGITECH P710E"},"content":{"rendered":"<h1 class=\"title js-title\">ALTAVOZ M\u00d3VIL LOGITECH P710E<\/h1>\n<div class=\"large body js-subtitle\">Preparado para cualquier dispositivo m\u00f3vil con <em>Bluetooth<\/em> o USB, con este altavoz movil logitech<\/div>\n<div><\/div>\n<div><\/div>\n<div>\n<h2 class=\"body-copy-title font-title-l font-brown-bold dc-black tc-black mc-black \">SISTEMA MANOS LIBRES PARA TODOS LOS DISPOSITIVOS M\u00d3VILES<\/h2>\n<p>Convierte cualquier espacio de trabajo en una sala de conferencias instant\u00e1nea.<a href=\"https:\/\/www.logitech.com\/es-mx\/products\/headsets\/p710e-speakerphone.980-000741.html\"> Logitech Mobile Speakerphone P710e<\/a> ofrece llamadas manos libres y un audio estupendo para el tel\u00e9fono o la tablet. La tecnolog\u00eda de supresi\u00f3n de ruido ayuda a garantizar que todos pueden o\u00edr y hacerse o\u00edr. Se pueden emparejar hasta ocho dispositivos\u00a0<em>Bluetooth<sup>\u00ae<\/sup><\/em> o conectar con NFC con s\u00f3lo tocar P710e con un dispositivo. Realiza tu pr\u00f3xima llamada de conferencia pr\u00e1cticamente en cualquier lugar.<\/p>\n<\/div>\n<h2 class=\"h3 \">CONFERENCIAS MANOS LIBRES FLEXIBLES CON EL ALTAVOZ MOVIL LOGITECH<\/h2>\n<p>Para el profesional que combina varias tareas, el sistema manos libres Logitech P710e le permite conectarse al instante e iniciar una videoconferencia con el dispositivo m\u00f3vil. P710e mantiene firme el dispositivo para visi\u00f3n sin molestias en el otro extremo de la llamada mientras se toman notas o se escribe en un segundo dispositivo o computadora<\/p>\n<p>&nbsp;<\/p>\n<h2 class=\"h3 \">CONEXI\u00d3N INSTANT\u00c1NEA A REUNIONES ALTAVOZ MOVIL LOGITECH<\/h2>\n<p>Cuando est\u00e9s listo para participar en una llamada, conecta el celular o la tablet al sistema manos libres P710e mediante\u00a0<em>Bluetooth<\/em> con emparejamiento opcional o con el cable USB adjunto. Es posible emparejar hasta ocho dispositivos. Facilidad de emparejamiento y desemparejamiento de dispositivos m\u00f3viles con NFC a P710e mediante simple contacto entre dispositivos.<\/p>\n<p>&nbsp;<\/p>\n<h2 class=\"h3 \">DISE\u00d1O PARA LOS NEGOCIOS<\/h2>\n<p>La videoconferencia es f\u00e1cil con P710e. Con optimizaci\u00f3n para Microsoft<sup>\u00ae<\/sup>\u00a0Lync<sup>&#x2122;<\/sup>, compatibilidad con Cisco<sup>\u00ae<\/sup>\u00a0y certificaci\u00f3n para Skype<sup>\u00ae<\/sup> y Skype for Business, P710e proporciona audio con calidad para empresas y una experiencia de conferencias integradas. El cable USB est\u00e1 conectado directamente al sistema manos libres, de modo que no se extrav\u00eda, y se acomoda sin obstrucciones debajo de la unidad cuando no se usa. Los controles t\u00e1ctiles con indicadores LED proporcionan excelente capacidad de respuesta sin que se transmita ruido audible por la ruta de audio.<\/p>\n<p>&nbsp;<\/p>\n<p>Ll\u00e1manos al (55) 3342 8218 o d\u00e9janos tus datos <a href=\"https:\/\/explotumarca.com\/?page_id=14\">aqu\u00ed<\/a><\/p>\n<div class=\"js-col\">\n<div id=\"image_editable-i6d959d7c9d91551f6c8e7ce833b00871\" class=\"pangea-cmp pangea-image aem-margin-options \">\n<div class=\"aem-content-ctn no-container\">\n<div id=\"image_editable-i6d959d7c9d91551f6c8e7ce833b00871-padding-options\" class=\"aem-padding-options dpts dpbs tpts tpbs mpts mpbs\"><picture class=\"pangea-cmp responsive-img js-pangea-responsive-img pangea-inited\" data-visible-desktop=\"true\" data-visible-tablet=\"true\" data-visible-mobile=\"true\" data-align-desktop=\"center\" data-align-tablet=\"center\" data-align-mobile=\"center\" data-full-width-desktop=\"false\" data-full-width-tablet=\"false\" data-full-width-mobile=\"false\"><source srcset=\"https:\/\/resource.logitech.com\/w_593,c_limit,q_auto,f_auto,dpr_1.0\/d_transparent.gif\/content\/dam\/logitech\/en\/products\/video-conferencing\/h820e\/h820e-intro.png?v=1 1x, https:\/\/resource.logitech.com\/w_593,c_limit,q_auto,f_auto,dpr_2.0\/d_transparent.gif\/content\/dam\/logitech\/en\/products\/video-conferencing\/h820e\/h820e-intro.png?v=1 2x\" media=\"(min-width: 1025px)\" \/><source srcset=\"https:\/\/resource.logitech.com\/w_453,c_limit,q_auto,f_auto,dpr_1.0\/d_transparent.gif\/content\/dam\/logitech\/en\/products\/video-conferencing\/h820e\/h820e-intro.png?v=1 1x, https:\/\/resource.logitech.com\/w_453,c_limit,q_auto,f_auto,dpr_2.0\/d_transparent.gif\/content\/dam\/logitech\/en\/products\/video-conferencing\/h820e\/h820e-intro.png?v=1 2x\" media=\"(min-width: 720px)\" \/><source srcset=\"https:\/\/resource.logitech.com\/w_525,c_limit,q_auto,f_auto,dpr_1.0\/d_transparent.gif\/content\/dam\/logitech\/en\/products\/video-conferencing\/h820e\/h820e-intro.png?v=1 1x, https:\/\/resource.logitech.com\/w_525,c_limit,q_auto,f_auto,dpr_2.0\/d_transparent.gif\/content\/dam\/logitech\/en\/products\/video-conferencing\/h820e\/h820e-intro.png?v=1 2x\" media=\"(max-width: 719px)\" \/><\/picture><\/div>\n<\/div>\n<\/div>\n<\/div>\n","protected":false},"excerpt":{"rendered":"<p>ALTAVOZ M\u00d3VIL LOGITECH P710E Preparado para cualquier dispositivo m\u00f3vil con Bluetooth o USB, con este altavoz movil logitech SISTEMA MANOS LIBRES PARA TODOS LOS DISPOSITIVOS M\u00d3VILES Convierte cualquier espacio de trabajo en una sala de [&hellip;]<\/p>\n","protected":false},"featured_media":5762,"template":"","meta":{"content-type":""},"product_cat":[99],"product_tag":[],"class_list":{"0":"post-5759","1":"product","2":"type-product","3":"status-publish","4":"has-post-thumbnail","6":"product_cat-auriculares","8":"first","9":"instock","10":"taxable","11":"shipping-taxable","12":"product-type-simple"},"yoast_head":"<!-- This site is optimized with the Yoast SEO Premium plugin v18.8 (Yoast SEO v26.8) - https:\/\/yoast.com\/product\/yoast-seo-premium-wordpress\/ -->\n<title>Zoom videollamadas; venta de equipos especiales altavoz movil logitech<\/title>\n<meta name=\"description\" content=\"Venta de equipos, mantenimiento y capacitaci\u00f3n de zoom videollamadas para Empresas en M\u00e9xico. altavoz movil de logitech\" \/>\n<meta name=\"robots\" content=\"index, follow, max-snippet:-1, max-image-preview:large, max-video-preview:-1\" \/>\n<link rel=\"canonical\" href=\"https:\/\/explotumarca.com\/?product=altavoz-movil-logitech-p710e\" \/>\n<meta property=\"og:locale\" content=\"es_MX\" \/>\n<meta property=\"og:type\" content=\"article\" \/>\n<meta property=\"og:title\" content=\"ALTAVOZ M\u00d3VIL LOGITECH P710E\" \/>\n<meta property=\"og:description\" content=\"ALTAVOZ M\u00d3VIL LOGITECH P710E Preparado para cualquier dispositivo m\u00f3vil con Bluetooth o USB, con este altavoz movil logitech SISTEMA MANOS LIBRES PARA\" \/>\n<meta property=\"og:url\" content=\"https:\/\/explotumarca.com\/?product=altavoz-movil-logitech-p710e\" \/>\n<meta property=\"og:site_name\" content=\"Explo\" \/>\n<meta property=\"article:publisher\" content=\"https:\/\/www.facebook.com\/MexicoExplo\/\" \/>\n<meta property=\"article:modified_time\" content=\"2022-04-11T18:36:08+00:00\" \/>\n<meta property=\"og:image\" content=\"https:\/\/explotumarca.com\/wp-content\/uploads\/2022\/03\/ALTAVOZ-MOVIL-LOGITECH-P710E-VIDEOCONFERENCIA-EXPLO-EXPLOTUMARCA-4.jpg\" \/>\n\t<meta property=\"og:image:width\" content=\"450\" \/>\n\t<meta property=\"og:image:height\" content=\"450\" \/>\n\t<meta property=\"og:image:type\" content=\"image\/jpeg\" \/>\n<meta name=\"twitter:card\" content=\"summary_large_image\" \/>\n<meta name=\"twitter:label1\" content=\"Tiempo de lectura\" \/>\n\t<meta name=\"twitter:data1\" content=\"2 minutos\" \/>\n<script type=\"application\/ld+json\" class=\"yoast-schema-graph\">{\"@context\":\"https:\/\/schema.org\",\"@graph\":[{\"@type\":\"WebPage\",\"@id\":\"https:\/\/explotumarca.com\/?product=altavoz-movil-logitech-p710e\",\"url\":\"https:\/\/explotumarca.com\/?product=altavoz-movil-logitech-p710e\",\"name\":\"Zoom videollamadas; venta de equipos especiales altavoz movil logitech\",\"isPartOf\":{\"@id\":\"https:\/\/explotumarca.com\/#website\"},\"primaryImageOfPage\":{\"@id\":\"https:\/\/explotumarca.com\/?product=altavoz-movil-logitech-p710e#primaryimage\"},\"image\":{\"@id\":\"https:\/\/explotumarca.com\/?product=altavoz-movil-logitech-p710e#primaryimage\"},\"thumbnailUrl\":\"https:\/\/explotumarca.com\/wp-content\/uploads\/2022\/03\/ALTAVOZ-MOVIL-LOGITECH-P710E-VIDEOCONFERENCIA-EXPLO-EXPLOTUMARCA-4.jpg\",\"datePublished\":\"2022-03-26T01:43:28+00:00\",\"dateModified\":\"2022-04-11T18:36:08+00:00\",\"description\":\"Venta de equipos, mantenimiento y capacitaci\u00f3n de zoom videollamadas para Empresas en M\u00e9xico. altavoz movil de logitech\",\"breadcrumb\":{\"@id\":\"https:\/\/explotumarca.com\/?product=altavoz-movil-logitech-p710e#breadcrumb\"},\"inLanguage\":\"es\",\"potentialAction\":[{\"@type\":\"ReadAction\",\"target\":[\"https:\/\/explotumarca.com\/?product=altavoz-movil-logitech-p710e\"]}]},{\"@type\":\"ImageObject\",\"inLanguage\":\"es\",\"@id\":\"https:\/\/explotumarca.com\/?product=altavoz-movil-logitech-p710e#primaryimage\",\"url\":\"https:\/\/explotumarca.com\/wp-content\/uploads\/2022\/03\/ALTAVOZ-MOVIL-LOGITECH-P710E-VIDEOCONFERENCIA-EXPLO-EXPLOTUMARCA-4.jpg\",\"contentUrl\":\"https:\/\/explotumarca.com\/wp-content\/uploads\/2022\/03\/ALTAVOZ-MOVIL-LOGITECH-P710E-VIDEOCONFERENCIA-EXPLO-EXPLOTUMARCA-4.jpg\",\"width\":450,\"height\":450,\"caption\":\"ALTAVOZ M\u00d3VIL LOGITECH P710E VIDEOCONFERENCIA EXPLO EXPLOTUMARCA\"},{\"@type\":\"BreadcrumbList\",\"@id\":\"https:\/\/explotumarca.com\/?product=altavoz-movil-logitech-p710e#breadcrumb\",\"itemListElement\":[{\"@type\":\"ListItem\",\"position\":1,\"name\":\"Inicio\",\"item\":\"https:\/\/explotumarca.com\/\"},{\"@type\":\"ListItem\",\"position\":2,\"name\":\"Productos\",\"item\":\"https:\/\/explotumarca.com\/?post_type=product\"},{\"@type\":\"ListItem\",\"position\":3,\"name\":\"ALTAVOZ M\u00d3VIL LOGITECH P710E\"}]},{\"@type\":\"WebSite\",\"@id\":\"https:\/\/explotumarca.com\/#website\",\"url\":\"https:\/\/explotumarca.com\/\",\"name\":\"Explo\",\"description\":\"Productos y servicios corporativos\",\"publisher\":{\"@id\":\"https:\/\/explotumarca.com\/#organization\"},\"potentialAction\":[{\"@type\":\"SearchAction\",\"target\":{\"@type\":\"EntryPoint\",\"urlTemplate\":\"https:\/\/explotumarca.com\/?s={search_term_string}\"},\"query-input\":{\"@type\":\"PropertyValueSpecification\",\"valueRequired\":true,\"valueName\":\"search_term_string\"}}],\"inLanguage\":\"es\"},{\"@type\":\"Organization\",\"@id\":\"https:\/\/explotumarca.com\/#organization\",\"name\":\"Explo\",\"url\":\"https:\/\/explotumarca.com\/\",\"logo\":{\"@type\":\"ImageObject\",\"inLanguage\":\"es\",\"@id\":\"https:\/\/explotumarca.com\/#\/schema\/logo\/image\/\",\"url\":\"http:\/\/arsnovamx.com\/explotumarca.com\/wp-content\/uploads\/2020\/10\/Nuevo-Logo-Explo-2020.jpg\",\"contentUrl\":\"http:\/\/arsnovamx.com\/explotumarca.com\/wp-content\/uploads\/2020\/10\/Nuevo-Logo-Explo-2020.jpg\",\"width\":800,\"height\":334,\"caption\":\"Explo\"},\"image\":{\"@id\":\"https:\/\/explotumarca.com\/#\/schema\/logo\/image\/\"},\"sameAs\":[\"https:\/\/www.facebook.com\/MexicoExplo\/\"]}]}<\/script>\n<!-- \/ Yoast SEO Premium plugin. -->","yoast_head_json":{"title":"Zoom videollamadas; venta de equipos especiales altavoz movil logitech","description":"Venta de equipos, mantenimiento y capacitaci\u00f3n de zoom videollamadas para Empresas en M\u00e9xico. altavoz movil de logitech","robots":{"index":"index","follow":"follow","max-snippet":"max-snippet:-1","max-image-preview":"max-image-preview:large","max-video-preview":"max-video-preview:-1"},"canonical":"https:\/\/explotumarca.com\/?product=altavoz-movil-logitech-p710e","og_locale":"es_MX","og_type":"article","og_title":"ALTAVOZ M\u00d3VIL LOGITECH P710E","og_description":"ALTAVOZ M\u00d3VIL LOGITECH P710E Preparado para cualquier dispositivo m\u00f3vil con Bluetooth o USB, con este altavoz movil logitech SISTEMA MANOS LIBRES PARA","og_url":"https:\/\/explotumarca.com\/?product=altavoz-movil-logitech-p710e","og_site_name":"Explo","article_publisher":"https:\/\/www.facebook.com\/MexicoExplo\/","article_modified_time":"2022-04-11T18:36:08+00:00","og_image":[{"width":450,"height":450,"url":"https:\/\/explotumarca.com\/wp-content\/uploads\/2022\/03\/ALTAVOZ-MOVIL-LOGITECH-P710E-VIDEOCONFERENCIA-EXPLO-EXPLOTUMARCA-4.jpg","type":"image\/jpeg"}],"twitter_card":"summary_large_image","twitter_misc":{"Tiempo de lectura":"2 minutos"},"schema":{"@context":"https:\/\/schema.org","@graph":[{"@type":"WebPage","@id":"https:\/\/explotumarca.com\/?product=altavoz-movil-logitech-p710e","url":"https:\/\/explotumarca.com\/?product=altavoz-movil-logitech-p710e","name":"Zoom videollamadas; venta de equipos especiales altavoz movil logitech","isPartOf":{"@id":"https:\/\/explotumarca.com\/#website"},"primaryImageOfPage":{"@id":"https:\/\/explotumarca.com\/?product=altavoz-movil-logitech-p710e#primaryimage"},"image":{"@id":"https:\/\/explotumarca.com\/?product=altavoz-movil-logitech-p710e#primaryimage"},"thumbnailUrl":"https:\/\/explotumarca.com\/wp-content\/uploads\/2022\/03\/ALTAVOZ-MOVIL-LOGITECH-P710E-VIDEOCONFERENCIA-EXPLO-EXPLOTUMARCA-4.jpg","datePublished":"2022-03-26T01:43:28+00:00","dateModified":"2022-04-11T18:36:08+00:00","description":"Venta de equipos, mantenimiento y capacitaci\u00f3n de zoom videollamadas para Empresas en M\u00e9xico. altavoz movil de logitech","breadcrumb":{"@id":"https:\/\/explotumarca.com\/?product=altavoz-movil-logitech-p710e#breadcrumb"},"inLanguage":"es","potentialAction":[{"@type":"ReadAction","target":["https:\/\/explotumarca.com\/?product=altavoz-movil-logitech-p710e"]}]},{"@type":"ImageObject","inLanguage":"es","@id":"https:\/\/explotumarca.com\/?product=altavoz-movil-logitech-p710e#primaryimage","url":"https:\/\/explotumarca.com\/wp-content\/uploads\/2022\/03\/ALTAVOZ-MOVIL-LOGITECH-P710E-VIDEOCONFERENCIA-EXPLO-EXPLOTUMARCA-4.jpg","contentUrl":"https:\/\/explotumarca.com\/wp-content\/uploads\/2022\/03\/ALTAVOZ-MOVIL-LOGITECH-P710E-VIDEOCONFERENCIA-EXPLO-EXPLOTUMARCA-4.jpg","width":450,"height":450,"caption":"ALTAVOZ M\u00d3VIL LOGITECH P710E VIDEOCONFERENCIA EXPLO EXPLOTUMARCA"},{"@type":"BreadcrumbList","@id":"https:\/\/explotumarca.com\/?product=altavoz-movil-logitech-p710e#breadcrumb","itemListElement":[{"@type":"ListItem","position":1,"name":"Inicio","item":"https:\/\/explotumarca.com\/"},{"@type":"ListItem","position":2,"name":"Productos","item":"https:\/\/explotumarca.com\/?post_type=product"},{"@type":"ListItem","position":3,"name":"ALTAVOZ M\u00d3VIL LOGITECH P710E"}]},{"@type":"WebSite","@id":"https:\/\/explotumarca.com\/#website","url":"https:\/\/explotumarca.com\/","name":"Explo","description":"Productos y servicios corporativos","publisher":{"@id":"https:\/\/explotumarca.com\/#organization"},"potentialAction":[{"@type":"SearchAction","target":{"@type":"EntryPoint","urlTemplate":"https:\/\/explotumarca.com\/?s={search_term_string}"},"query-input":{"@type":"PropertyValueSpecification","valueRequired":true,"valueName":"search_term_string"}}],"inLanguage":"es"},{"@type":"Organization","@id":"https:\/\/explotumarca.com\/#organization","name":"Explo","url":"https:\/\/explotumarca.com\/","logo":{"@type":"ImageObject","inLanguage":"es","@id":"https:\/\/explotumarca.com\/#\/schema\/logo\/image\/","url":"http:\/\/arsnovamx.com\/explotumarca.com\/wp-content\/uploads\/2020\/10\/Nuevo-Logo-Explo-2020.jpg","contentUrl":"http:\/\/arsnovamx.com\/explotumarca.com\/wp-content\/uploads\/2020\/10\/Nuevo-Logo-Explo-2020.jpg","width":800,"height":334,"caption":"Explo"},"image":{"@id":"https:\/\/explotumarca.com\/#\/schema\/logo\/image\/"},"sameAs":["https:\/\/www.facebook.com\/MexicoExplo\/"]}]}},"_links":{"self":[{"href":"https:\/\/explotumarca.com\/index.php?rest_route=\/wp\/v2\/product\/5759","targetHints":{"allow":["GET"]}}],"collection":[{"href":"https:\/\/explotumarca.com\/index.php?rest_route=\/wp\/v2\/product"}],"about":[{"href":"https:\/\/explotumarca.com\/index.php?rest_route=\/wp\/v2\/types\/product"}],"wp:featuredmedia":[{"embeddable":true,"href":"https:\/\/explotumarca.com\/index.php?rest_route=\/wp\/v2\/media\/5762"}],"wp:attachment":[{"href":"https:\/\/explotumarca.com\/index.php?rest_route=%2Fwp%2Fv2%2Fmedia&parent=5759"}],"wp:term":[{"taxonomy":"product_cat","embeddable":true,"href":"https:\/\/explotumarca.com\/index.php?rest_route=%2Fwp%2Fv2%2Fproduct_cat&post=5759"},{"taxonomy":"product_tag","embeddable":true,"href":"https:\/\/explotumarca.com\/index.php?rest_route=%2Fwp%2Fv2%2Fproduct_tag&post=5759"}],"curies":[{"name":"wp","href":"https:\/\/api.w.org\/{rel}","templated":true}]}}