{"id":5765,"date":"2022-03-25T19:54:36","date_gmt":"2022-03-26T01:54:36","guid":{"rendered":"https:\/\/explotumarca.com\/?post_type=product&#038;p=5765"},"modified":"2022-04-11T13:34:43","modified_gmt":"2022-04-11T18:34:43","slug":"logitech-zone-true-wireless","status":"publish","type":"product","link":"https:\/\/explotumarca.com\/?product=logitech-zone-true-wireless","title":{"rendered":"LOGITECH ZONE TRUE WIRELESS"},"content":{"rendered":"<div>\n<h1 class=\"title js-title\">LOGITECH ZONE TRUE WIRELESS<\/h1>\n<div class=\"large body js-subtitle\">Auriculares Bluetooth con el mejor micr\u00f3fono con cancelaci\u00f3n de ruido en su categor\u00eda, ANC y conexi\u00f3n simult\u00e1nea a la laptop y el tel\u00e9fono.<\/div>\n<div class=\"pangea-cmp price-atc js-pangea-price-atc pangea-inited\" data-skus=\"985-001081,985-001089\" data-product-path=\"\/content\/logitech-com\/amr\/live\/es_mx\/products\/headsets\/zone-true-wireless-earbuds.html\" data-hide-price=\"false\" data-hide-atc=\"true\" data-show-full-price=\"true\" data-display-desktop=\"stacked\" data-align-desktop=\"left\" data-vertical-divider=\"false\" data-in-pdp=\"false\" data-in-sec-nav=\"false\" data-in-buy-module=\"false\" data-display-tablet=\"stacked\" data-align-tablet=\"left\" data-display-mobile=\"stacked\">\n<div class=\"aem-content-ctn content-ctn\">\n<div><\/div>\n<div class=\"aem-padding-options\">Aud\u00edfonos con<span class=\"color-white\"><em>Bluetooth<\/em><sup>\u00ae<\/sup> y micr\u00f3fono con supresi\u00f3n de ruido dise\u00f1ados para empresas<\/span><\/div>\n<\/div>\n<\/div>\n<\/div>\n<p>&nbsp;<\/p>\n<h2 class=\"body-copy-title font-title-l font-brown-bold dc-black tc-black mc-black \">CLARIDAD, CONECTIVIDAD Y CONFIANZA<\/h2>\n<p>Lleva tu estilo personal a las reuniones de video con los Zone True Wireless Earbuds con <em>Bluetooth<\/em>.\u00a0 Un micr\u00f3fono certificado con supresi\u00f3n de ruido, ANC y sonido inmersivo ideal para espacios de trabajo muy ocupados. Conecta tu computadora y tu smartphone de forma simult\u00e1nea, luego personaliza y controla tus aud\u00edfonos con la aplicaci\u00f3n Logi Tune.<\/p>\n<p>&nbsp;<\/p>\n<h2 class=\"font-title-l js-title \">NITIDEZ EN TU VOZ<\/h2>\n<div class=\"body-copy-ctn js-body-copy-ctn rte-field \">\n<p>Con los Zone True Wireless Earbuds con <em>Bluetooth<\/em>, tu voz suena muy n\u00edtida, incluso en entornos ruidosos. Los tres micr\u00f3fonos de cada aud\u00edfono (6 en total) distinguen tu voz de otros sonidos a partir de una combinaci\u00f3n de formaci\u00f3n de haces avanzada, reducci\u00f3n de ruidos en cascada y procesamiento din\u00e1mico. El micr\u00f3fono m\u00e1s interno captura tu voz a trav\u00e9s de la conducci\u00f3n \u00f3sea y, combinado con un tejido que ayuda a eliminar el ruido del viento, brinda un sonido de calidad profesional sin importar d\u00f3nde te encuentres. Controla c\u00f3modamente la ganancia del micr\u00f3fono con la aplicaci\u00f3n Logi Tune.<\/p>\n<p>&nbsp;<\/p>\n<\/div>\n<h2 class=\"body-copy-title font-title-l font-brown-bold \">LA ZONA EN TU MUNDO<\/h2>\n<p>Los Zone True Wireless Earbuds con <em>Bluetooth<\/em> brindan una calidad de audio excepcional. La ANC h\u00edbrida bloquea los ruidos molestos y te ayuda a concentrarte, mientras que el modo de transparencia es \u00fatil para conversar y escuchar a la gente o al sonido del tr\u00e1fico sin quitarte los aud\u00edfonos. Utiliza la aplicaci\u00f3n Logi Tune para encender\/apagar, o simplemente toca el aud\u00edfono. Los grandes controladores de 12\u00a0mm brindan tonos graves plenos que complementan tu experiencia para que disfrutes del espectro de frecuencias completo.<\/p>\n<p>&nbsp;<\/p>\n<p>Conecta los Zone True Wireless Earbuds con <em>Bluetooth <\/em>a tu computadora y a tu smartphone de forma simult\u00e1nea. Usa <em>Bluetooth<\/em> nativo para conectarte sin problemas a tu smartphone junto con el receptor USB incluido que se enchufa a tu computadora para una conectividad inal\u00e1mbrica m\u00e1s confiable. La tecnolog\u00eda multipunto avanzada hace que sea f\u00e1cil cambiar sin problemas entre las dos fuentes de audio activas para nunca perder una llamada.<\/p>\n<p>&nbsp;<\/p>\n<p>Ll\u00e1manos al (55) 3342 8218 o d\u00e9janos tus datos <a href=\"https:\/\/explotumarca.com\/?page_id=14\">aqu\u00ed<\/a><\/p>\n<div class=\"js-col\">\n<div id=\"image_editable-i6d959d7c9d91551f6c8e7ce833b00871\" class=\"pangea-cmp pangea-image aem-margin-options \">\n<div class=\"aem-content-ctn no-container\">\n<div id=\"image_editable-i6d959d7c9d91551f6c8e7ce833b00871-padding-options\" class=\"aem-padding-options dpts dpbs tpts tpbs mpts mpbs\"><picture class=\"pangea-cmp responsive-img js-pangea-responsive-img pangea-inited\" data-visible-desktop=\"true\" data-visible-tablet=\"true\" data-visible-mobile=\"true\" data-align-desktop=\"center\" data-align-tablet=\"center\" data-align-mobile=\"center\" data-full-width-desktop=\"false\" data-full-width-tablet=\"false\" data-full-width-mobile=\"false\"><source srcset=\"https:\/\/resource.logitech.com\/w_593,c_limit,q_auto,f_auto,dpr_1.0\/d_transparent.gif\/content\/dam\/logitech\/en\/products\/video-conferencing\/h820e\/h820e-intro.png?v=1 1x, https:\/\/resource.logitech.com\/w_593,c_limit,q_auto,f_auto,dpr_2.0\/d_transparent.gif\/content\/dam\/logitech\/en\/products\/video-conferencing\/h820e\/h820e-intro.png?v=1 2x\" media=\"(min-width: 1025px)\" \/><source srcset=\"https:\/\/resource.logitech.com\/w_453,c_limit,q_auto,f_auto,dpr_1.0\/d_transparent.gif\/content\/dam\/logitech\/en\/products\/video-conferencing\/h820e\/h820e-intro.png?v=1 1x, https:\/\/resource.logitech.com\/w_453,c_limit,q_auto,f_auto,dpr_2.0\/d_transparent.gif\/content\/dam\/logitech\/en\/products\/video-conferencing\/h820e\/h820e-intro.png?v=1 2x\" media=\"(min-width: 720px)\" \/><source srcset=\"https:\/\/resource.logitech.com\/w_525,c_limit,q_auto,f_auto,dpr_1.0\/d_transparent.gif\/content\/dam\/logitech\/en\/products\/video-conferencing\/h820e\/h820e-intro.png?v=1 1x, https:\/\/resource.logitech.com\/w_525,c_limit,q_auto,f_auto,dpr_2.0\/d_transparent.gif\/content\/dam\/logitech\/en\/products\/video-conferencing\/h820e\/h820e-intro.png?v=1 2x\" media=\"(max-width: 719px)\" \/><\/picture><\/div>\n<\/div>\n<\/div>\n<\/div>\n","protected":false},"excerpt":{"rendered":"<p>LOGITECH ZONE TRUE WIRELESS Auriculares Bluetooth con el mejor micr\u00f3fono con cancelaci\u00f3n de ruido en su categor\u00eda, ANC y conexi\u00f3n simult\u00e1nea a la laptop y el tel\u00e9fono. Aud\u00edfonos conBluetooth\u00ae y micr\u00f3fono con supresi\u00f3n de ruido [&hellip;]<\/p>\n","protected":false},"featured_media":5769,"template":"","meta":{"content-type":""},"product_cat":[99],"product_tag":[],"class_list":{"0":"post-5765","1":"product","2":"type-product","3":"status-publish","4":"has-post-thumbnail","6":"product_cat-auriculares","8":"first","9":"instock","10":"taxable","11":"shipping-taxable","12":"product-type-simple"},"yoast_head":"<!-- This site is optimized with the Yoast SEO Premium plugin v18.8 (Yoast SEO v26.8) - https:\/\/yoast.com\/product\/yoast-seo-premium-wordpress\/ -->\n<title>Zoom videollamadas; venta de equipos especiales para zoom<\/title>\n<meta name=\"description\" content=\"Venta de equipos, salas, mantenimiento y capacitaci\u00f3n de zoom videollamadas para Empresas en M\u00e9xico. Cotiza los mejores equipos 2020.\" \/>\n<meta name=\"robots\" content=\"index, follow, max-snippet:-1, max-image-preview:large, max-video-preview:-1\" \/>\n<link rel=\"canonical\" href=\"https:\/\/explotumarca.com\/?product=logitech-zone-true-wireless\" \/>\n<meta property=\"og:locale\" content=\"es_MX\" \/>\n<meta property=\"og:type\" content=\"article\" \/>\n<meta property=\"og:title\" content=\"LOGITECH ZONE TRUE WIRELESS\" \/>\n<meta property=\"og:description\" content=\"LOGITECH ZONE TRUE WIRELESS Auriculares Bluetooth con el mejor micr\u00f3fono con cancelaci\u00f3n de ruido en su categor\u00eda, ANC y conexi\u00f3n simult\u00e1nea a la laptop y\" \/>\n<meta property=\"og:url\" content=\"https:\/\/explotumarca.com\/?product=logitech-zone-true-wireless\" \/>\n<meta property=\"og:site_name\" content=\"Explo\" \/>\n<meta property=\"article:publisher\" content=\"https:\/\/www.facebook.com\/MexicoExplo\/\" \/>\n<meta property=\"article:modified_time\" content=\"2022-04-11T18:34:43+00:00\" \/>\n<meta property=\"og:image\" content=\"https:\/\/explotumarca.com\/wp-content\/uploads\/2022\/03\/LOGITECH-ZONE-TRUE-WIRELESS-VIDEOCONFERENCIA-EXPLO-EXPLOTUMARCA-5.jpg\" \/>\n\t<meta property=\"og:image:width\" content=\"450\" \/>\n\t<meta property=\"og:image:height\" content=\"450\" \/>\n\t<meta property=\"og:image:type\" content=\"image\/jpeg\" \/>\n<meta name=\"twitter:card\" content=\"summary_large_image\" \/>\n<meta name=\"twitter:label1\" content=\"Tiempo de lectura\" \/>\n\t<meta name=\"twitter:data1\" content=\"2 minutos\" \/>\n<script type=\"application\/ld+json\" class=\"yoast-schema-graph\">{\"@context\":\"https:\/\/schema.org\",\"@graph\":[{\"@type\":\"WebPage\",\"@id\":\"https:\/\/explotumarca.com\/?product=logitech-zone-true-wireless\",\"url\":\"https:\/\/explotumarca.com\/?product=logitech-zone-true-wireless\",\"name\":\"Zoom videollamadas; venta de equipos especiales para zoom\",\"isPartOf\":{\"@id\":\"https:\/\/explotumarca.com\/#website\"},\"primaryImageOfPage\":{\"@id\":\"https:\/\/explotumarca.com\/?product=logitech-zone-true-wireless#primaryimage\"},\"image\":{\"@id\":\"https:\/\/explotumarca.com\/?product=logitech-zone-true-wireless#primaryimage\"},\"thumbnailUrl\":\"https:\/\/explotumarca.com\/wp-content\/uploads\/2022\/03\/LOGITECH-ZONE-TRUE-WIRELESS-VIDEOCONFERENCIA-EXPLO-EXPLOTUMARCA-5.jpg\",\"datePublished\":\"2022-03-26T01:54:36+00:00\",\"dateModified\":\"2022-04-11T18:34:43+00:00\",\"description\":\"Venta de equipos, salas, mantenimiento y capacitaci\u00f3n de zoom videollamadas para Empresas en M\u00e9xico. Cotiza los mejores equipos 2020.\",\"breadcrumb\":{\"@id\":\"https:\/\/explotumarca.com\/?product=logitech-zone-true-wireless#breadcrumb\"},\"inLanguage\":\"es\",\"potentialAction\":[{\"@type\":\"ReadAction\",\"target\":[\"https:\/\/explotumarca.com\/?product=logitech-zone-true-wireless\"]}]},{\"@type\":\"ImageObject\",\"inLanguage\":\"es\",\"@id\":\"https:\/\/explotumarca.com\/?product=logitech-zone-true-wireless#primaryimage\",\"url\":\"https:\/\/explotumarca.com\/wp-content\/uploads\/2022\/03\/LOGITECH-ZONE-TRUE-WIRELESS-VIDEOCONFERENCIA-EXPLO-EXPLOTUMARCA-5.jpg\",\"contentUrl\":\"https:\/\/explotumarca.com\/wp-content\/uploads\/2022\/03\/LOGITECH-ZONE-TRUE-WIRELESS-VIDEOCONFERENCIA-EXPLO-EXPLOTUMARCA-5.jpg\",\"width\":450,\"height\":450,\"caption\":\"LOGITECH ZONE TRUE WIRELESS VIDEOCONFERENCIA EXPLO EXPLOTUMARCA\"},{\"@type\":\"BreadcrumbList\",\"@id\":\"https:\/\/explotumarca.com\/?product=logitech-zone-true-wireless#breadcrumb\",\"itemListElement\":[{\"@type\":\"ListItem\",\"position\":1,\"name\":\"Inicio\",\"item\":\"https:\/\/explotumarca.com\/\"},{\"@type\":\"ListItem\",\"position\":2,\"name\":\"Productos\",\"item\":\"https:\/\/explotumarca.com\/?post_type=product\"},{\"@type\":\"ListItem\",\"position\":3,\"name\":\"LOGITECH ZONE TRUE WIRELESS\"}]},{\"@type\":\"WebSite\",\"@id\":\"https:\/\/explotumarca.com\/#website\",\"url\":\"https:\/\/explotumarca.com\/\",\"name\":\"Explo\",\"description\":\"Productos y servicios corporativos\",\"publisher\":{\"@id\":\"https:\/\/explotumarca.com\/#organization\"},\"potentialAction\":[{\"@type\":\"SearchAction\",\"target\":{\"@type\":\"EntryPoint\",\"urlTemplate\":\"https:\/\/explotumarca.com\/?s={search_term_string}\"},\"query-input\":{\"@type\":\"PropertyValueSpecification\",\"valueRequired\":true,\"valueName\":\"search_term_string\"}}],\"inLanguage\":\"es\"},{\"@type\":\"Organization\",\"@id\":\"https:\/\/explotumarca.com\/#organization\",\"name\":\"Explo\",\"url\":\"https:\/\/explotumarca.com\/\",\"logo\":{\"@type\":\"ImageObject\",\"inLanguage\":\"es\",\"@id\":\"https:\/\/explotumarca.com\/#\/schema\/logo\/image\/\",\"url\":\"http:\/\/arsnovamx.com\/explotumarca.com\/wp-content\/uploads\/2020\/10\/Nuevo-Logo-Explo-2020.jpg\",\"contentUrl\":\"http:\/\/arsnovamx.com\/explotumarca.com\/wp-content\/uploads\/2020\/10\/Nuevo-Logo-Explo-2020.jpg\",\"width\":800,\"height\":334,\"caption\":\"Explo\"},\"image\":{\"@id\":\"https:\/\/explotumarca.com\/#\/schema\/logo\/image\/\"},\"sameAs\":[\"https:\/\/www.facebook.com\/MexicoExplo\/\"]}]}<\/script>\n<!-- \/ Yoast SEO Premium plugin. -->","yoast_head_json":{"title":"Zoom videollamadas; venta de equipos especiales para zoom","description":"Venta de equipos, salas, mantenimiento y capacitaci\u00f3n de zoom videollamadas para Empresas en M\u00e9xico. Cotiza los mejores equipos 2020.","robots":{"index":"index","follow":"follow","max-snippet":"max-snippet:-1","max-image-preview":"max-image-preview:large","max-video-preview":"max-video-preview:-1"},"canonical":"https:\/\/explotumarca.com\/?product=logitech-zone-true-wireless","og_locale":"es_MX","og_type":"article","og_title":"LOGITECH ZONE TRUE WIRELESS","og_description":"LOGITECH ZONE TRUE WIRELESS Auriculares Bluetooth con el mejor micr\u00f3fono con cancelaci\u00f3n de ruido en su categor\u00eda, ANC y conexi\u00f3n simult\u00e1nea a la laptop y","og_url":"https:\/\/explotumarca.com\/?product=logitech-zone-true-wireless","og_site_name":"Explo","article_publisher":"https:\/\/www.facebook.com\/MexicoExplo\/","article_modified_time":"2022-04-11T18:34:43+00:00","og_image":[{"width":450,"height":450,"url":"https:\/\/explotumarca.com\/wp-content\/uploads\/2022\/03\/LOGITECH-ZONE-TRUE-WIRELESS-VIDEOCONFERENCIA-EXPLO-EXPLOTUMARCA-5.jpg","type":"image\/jpeg"}],"twitter_card":"summary_large_image","twitter_misc":{"Tiempo de lectura":"2 minutos"},"schema":{"@context":"https:\/\/schema.org","@graph":[{"@type":"WebPage","@id":"https:\/\/explotumarca.com\/?product=logitech-zone-true-wireless","url":"https:\/\/explotumarca.com\/?product=logitech-zone-true-wireless","name":"Zoom videollamadas; venta de equipos especiales para zoom","isPartOf":{"@id":"https:\/\/explotumarca.com\/#website"},"primaryImageOfPage":{"@id":"https:\/\/explotumarca.com\/?product=logitech-zone-true-wireless#primaryimage"},"image":{"@id":"https:\/\/explotumarca.com\/?product=logitech-zone-true-wireless#primaryimage"},"thumbnailUrl":"https:\/\/explotumarca.com\/wp-content\/uploads\/2022\/03\/LOGITECH-ZONE-TRUE-WIRELESS-VIDEOCONFERENCIA-EXPLO-EXPLOTUMARCA-5.jpg","datePublished":"2022-03-26T01:54:36+00:00","dateModified":"2022-04-11T18:34:43+00:00","description":"Venta de equipos, salas, mantenimiento y capacitaci\u00f3n de zoom videollamadas para Empresas en M\u00e9xico. Cotiza los mejores equipos 2020.","breadcrumb":{"@id":"https:\/\/explotumarca.com\/?product=logitech-zone-true-wireless#breadcrumb"},"inLanguage":"es","potentialAction":[{"@type":"ReadAction","target":["https:\/\/explotumarca.com\/?product=logitech-zone-true-wireless"]}]},{"@type":"ImageObject","inLanguage":"es","@id":"https:\/\/explotumarca.com\/?product=logitech-zone-true-wireless#primaryimage","url":"https:\/\/explotumarca.com\/wp-content\/uploads\/2022\/03\/LOGITECH-ZONE-TRUE-WIRELESS-VIDEOCONFERENCIA-EXPLO-EXPLOTUMARCA-5.jpg","contentUrl":"https:\/\/explotumarca.com\/wp-content\/uploads\/2022\/03\/LOGITECH-ZONE-TRUE-WIRELESS-VIDEOCONFERENCIA-EXPLO-EXPLOTUMARCA-5.jpg","width":450,"height":450,"caption":"LOGITECH ZONE TRUE WIRELESS VIDEOCONFERENCIA EXPLO EXPLOTUMARCA"},{"@type":"BreadcrumbList","@id":"https:\/\/explotumarca.com\/?product=logitech-zone-true-wireless#breadcrumb","itemListElement":[{"@type":"ListItem","position":1,"name":"Inicio","item":"https:\/\/explotumarca.com\/"},{"@type":"ListItem","position":2,"name":"Productos","item":"https:\/\/explotumarca.com\/?post_type=product"},{"@type":"ListItem","position":3,"name":"LOGITECH ZONE TRUE WIRELESS"}]},{"@type":"WebSite","@id":"https:\/\/explotumarca.com\/#website","url":"https:\/\/explotumarca.com\/","name":"Explo","description":"Productos y servicios corporativos","publisher":{"@id":"https:\/\/explotumarca.com\/#organization"},"potentialAction":[{"@type":"SearchAction","target":{"@type":"EntryPoint","urlTemplate":"https:\/\/explotumarca.com\/?s={search_term_string}"},"query-input":{"@type":"PropertyValueSpecification","valueRequired":true,"valueName":"search_term_string"}}],"inLanguage":"es"},{"@type":"Organization","@id":"https:\/\/explotumarca.com\/#organization","name":"Explo","url":"https:\/\/explotumarca.com\/","logo":{"@type":"ImageObject","inLanguage":"es","@id":"https:\/\/explotumarca.com\/#\/schema\/logo\/image\/","url":"http:\/\/arsnovamx.com\/explotumarca.com\/wp-content\/uploads\/2020\/10\/Nuevo-Logo-Explo-2020.jpg","contentUrl":"http:\/\/arsnovamx.com\/explotumarca.com\/wp-content\/uploads\/2020\/10\/Nuevo-Logo-Explo-2020.jpg","width":800,"height":334,"caption":"Explo"},"image":{"@id":"https:\/\/explotumarca.com\/#\/schema\/logo\/image\/"},"sameAs":["https:\/\/www.facebook.com\/MexicoExplo\/"]}]}},"_links":{"self":[{"href":"https:\/\/explotumarca.com\/index.php?rest_route=\/wp\/v2\/product\/5765","targetHints":{"allow":["GET"]}}],"collection":[{"href":"https:\/\/explotumarca.com\/index.php?rest_route=\/wp\/v2\/product"}],"about":[{"href":"https:\/\/explotumarca.com\/index.php?rest_route=\/wp\/v2\/types\/product"}],"wp:featuredmedia":[{"embeddable":true,"href":"https:\/\/explotumarca.com\/index.php?rest_route=\/wp\/v2\/media\/5769"}],"wp:attachment":[{"href":"https:\/\/explotumarca.com\/index.php?rest_route=%2Fwp%2Fv2%2Fmedia&parent=5765"}],"wp:term":[{"taxonomy":"product_cat","embeddable":true,"href":"https:\/\/explotumarca.com\/index.php?rest_route=%2Fwp%2Fv2%2Fproduct_cat&post=5765"},{"taxonomy":"product_tag","embeddable":true,"href":"https:\/\/explotumarca.com\/index.php?rest_route=%2Fwp%2Fv2%2Fproduct_tag&post=5765"}],"curies":[{"name":"wp","href":"https:\/\/api.w.org\/{rel}","templated":true}]}}