{"id":5772,"date":"2022-03-25T22:57:29","date_gmt":"2022-03-26T04:57:29","guid":{"rendered":"https:\/\/explotumarca.com\/?post_type=product&#038;p=5772"},"modified":"2022-04-11T13:33:13","modified_gmt":"2022-04-11T18:33:13","slug":"logitech-zone-wired-earbuds","status":"publish","type":"product","link":"https:\/\/explotumarca.com\/?product=logitech-zone-wired-earbuds","title":{"rendered":"LOGITECH ZONE WIRED EARBUDS"},"content":{"rendered":"<h1 class=\"title js-title\">LOGITECH ZONE WIRED EARBUDS<\/h1>\n<div class=\"large body js-subtitle\">Dise\u00f1ado para empresas con micr\u00f3fono con cancelaci\u00f3n de ruido incorporado y m\u00faltiples conexiones.<\/div>\n<div class=\"aem-padding-options\"><\/div>\n<div>\n<h2 class=\"body-copy-title font-title-l font-brown-bold \">CLARIDAD Y CONECTIVIDAD DONDEQUIERA QUE TRABAJES.<\/h2>\n<p>Con los Zone Wired Earbuds, te ver\u00e1n y escuchar\u00e1n de la mejor manera en tus videollamadas. Los micr\u00f3fonos con cancelaci\u00f3n de ruido avanzada ubicados en el aud\u00edfono izquierdo capturan con claridad cada una de tus palabras. El sonido interno tiene calidad de estudio. Conecta de inmediato tu tel\u00e9fono<a class=\"note note-tooltip js-note-tooltip pangea-inited\" data-id=\"1\"><sup aria-label=\"footnote 1\">1<\/sup><span class=\"visually-hidden js-tooltip-descriptor\" aria-hidden=\"true\">Consulta las especificaciones del dispositivo para comprobar la compatibilidad<\/span><\/a> con una tablet<a class=\"note note-tooltip js-note-tooltip pangea-inited\" data-id=\"1\"><sup aria-label=\"footnote 1\">1<\/sup><span class=\"visually-hidden js-tooltip-descriptor\" aria-hidden=\"true\">Consulta las especificaciones del dispositivo para comprobar la compatibilidad<\/span><\/a>o una computadora para crear una zona propia m\u00e1s all\u00e1 del lugar en el que trabajes.<\/p>\n<\/div>\n<p>La tecnolog\u00eda avanzada y certificada de cancelaci\u00f3n de ruido del micr\u00f3fono capta con claridad cada una de las palabras que dices. Con los Zone Wired Earbuds, las reuniones son mucho mejores. Con un dise\u00f1o sin varilla y exquisito, los micr\u00f3fonos duales con formaci\u00f3n de haces se encuentran ubicados en el aud\u00edfono izquierdo para enfocarse de manera exclusiva en tu voz, a la vez que cancelan ruidos no deseados propios de espacios de trabajo abiertos, cafeter\u00edas y otro tipo de ambientes ruidosos. Gracias a los aud\u00edfonos cableados dise\u00f1ados para empresas, podr\u00e1s hablar y se te oir\u00e1 con claridad independientemente del lugar en el que trabajes.<\/p>\n<p>&nbsp;<\/p>\n<p>Ll\u00e1manos al (55) 3342 8218 o d\u00e9janos tus datos <a href=\"https:\/\/explotumarca.com\/?page_id=14\">aqu\u00ed<\/a><\/p>\n","protected":false},"excerpt":{"rendered":"<p>LOGITECH ZONE WIRED EARBUDS Dise\u00f1ado para empresas con micr\u00f3fono con cancelaci\u00f3n de ruido incorporado y m\u00faltiples conexiones. CLARIDAD Y CONECTIVIDAD DONDEQUIERA QUE TRABAJES. Con los Zone Wired Earbuds, te ver\u00e1n y escuchar\u00e1n de la mejor [&hellip;]<\/p>\n","protected":false},"featured_media":5777,"template":"","meta":{"content-type":""},"product_cat":[99],"product_tag":[],"class_list":{"0":"post-5772","1":"product","2":"type-product","3":"status-publish","4":"has-post-thumbnail","6":"product_cat-auriculares","8":"first","9":"instock","10":"taxable","11":"shipping-taxable","12":"product-type-simple"},"yoast_head":"<!-- This site is optimized with the Yoast SEO Premium plugin v18.8 (Yoast SEO v26.8) - https:\/\/yoast.com\/product\/yoast-seo-premium-wordpress\/ -->\n<title>Zoom videollamadas; venta de equipos especiales para zoom<\/title>\n<meta name=\"description\" content=\"Venta de equipos, salas, mantenimiento y capacitaci\u00f3n de zoom videollamadas para Empresas en M\u00e9xico. Cotiza los mejores equipos 2020.\" \/>\n<meta name=\"robots\" content=\"index, follow, max-snippet:-1, max-image-preview:large, max-video-preview:-1\" \/>\n<link rel=\"canonical\" href=\"https:\/\/explotumarca.com\/?product=logitech-zone-wired-earbuds\" \/>\n<meta property=\"og:locale\" content=\"es_MX\" \/>\n<meta property=\"og:type\" content=\"article\" \/>\n<meta property=\"og:title\" content=\"LOGITECH ZONE WIRED EARBUDS\" \/>\n<meta property=\"og:description\" content=\"LOGITECH ZONE WIRED EARBUDS Dise\u00f1ado para empresas con micr\u00f3fono con cancelaci\u00f3n de ruido incorporado y m\u00faltiples conexiones. CLARIDAD Y CONECTIVIDAD\" \/>\n<meta property=\"og:url\" content=\"https:\/\/explotumarca.com\/?product=logitech-zone-wired-earbuds\" \/>\n<meta property=\"og:site_name\" content=\"Explo\" \/>\n<meta property=\"article:publisher\" content=\"https:\/\/www.facebook.com\/MexicoExplo\/\" \/>\n<meta property=\"article:modified_time\" content=\"2022-04-11T18:33:13+00:00\" \/>\n<meta property=\"og:image\" content=\"https:\/\/explotumarca.com\/wp-content\/uploads\/2022\/03\/LOGITECH-ZONE-WIRED-EARBUDS-VIDEOCONFERENCIA-EXPLO-EXPLOTUMARCA-6.jpg\" \/>\n\t<meta property=\"og:image:width\" content=\"450\" \/>\n\t<meta property=\"og:image:height\" content=\"450\" \/>\n\t<meta property=\"og:image:type\" content=\"image\/jpeg\" \/>\n<meta name=\"twitter:card\" content=\"summary_large_image\" \/>\n<meta name=\"twitter:label1\" content=\"Tiempo de lectura\" \/>\n\t<meta name=\"twitter:data1\" content=\"2 minutos\" \/>\n<script type=\"application\/ld+json\" class=\"yoast-schema-graph\">{\"@context\":\"https:\/\/schema.org\",\"@graph\":[{\"@type\":\"WebPage\",\"@id\":\"https:\/\/explotumarca.com\/?product=logitech-zone-wired-earbuds\",\"url\":\"https:\/\/explotumarca.com\/?product=logitech-zone-wired-earbuds\",\"name\":\"Zoom videollamadas; venta de equipos especiales para zoom\",\"isPartOf\":{\"@id\":\"https:\/\/explotumarca.com\/#website\"},\"primaryImageOfPage\":{\"@id\":\"https:\/\/explotumarca.com\/?product=logitech-zone-wired-earbuds#primaryimage\"},\"image\":{\"@id\":\"https:\/\/explotumarca.com\/?product=logitech-zone-wired-earbuds#primaryimage\"},\"thumbnailUrl\":\"https:\/\/explotumarca.com\/wp-content\/uploads\/2022\/03\/LOGITECH-ZONE-WIRED-EARBUDS-VIDEOCONFERENCIA-EXPLO-EXPLOTUMARCA-6.jpg\",\"datePublished\":\"2022-03-26T04:57:29+00:00\",\"dateModified\":\"2022-04-11T18:33:13+00:00\",\"description\":\"Venta de equipos, salas, mantenimiento y capacitaci\u00f3n de zoom videollamadas para Empresas en M\u00e9xico. Cotiza los mejores equipos 2020.\",\"breadcrumb\":{\"@id\":\"https:\/\/explotumarca.com\/?product=logitech-zone-wired-earbuds#breadcrumb\"},\"inLanguage\":\"es\",\"potentialAction\":[{\"@type\":\"ReadAction\",\"target\":[\"https:\/\/explotumarca.com\/?product=logitech-zone-wired-earbuds\"]}]},{\"@type\":\"ImageObject\",\"inLanguage\":\"es\",\"@id\":\"https:\/\/explotumarca.com\/?product=logitech-zone-wired-earbuds#primaryimage\",\"url\":\"https:\/\/explotumarca.com\/wp-content\/uploads\/2022\/03\/LOGITECH-ZONE-WIRED-EARBUDS-VIDEOCONFERENCIA-EXPLO-EXPLOTUMARCA-6.jpg\",\"contentUrl\":\"https:\/\/explotumarca.com\/wp-content\/uploads\/2022\/03\/LOGITECH-ZONE-WIRED-EARBUDS-VIDEOCONFERENCIA-EXPLO-EXPLOTUMARCA-6.jpg\",\"width\":450,\"height\":450,\"caption\":\"LOGITECH ZONE WIRED EARBUDS VIDEOCONFERENCIA EXPLO EXPLOTUMARCA\"},{\"@type\":\"BreadcrumbList\",\"@id\":\"https:\/\/explotumarca.com\/?product=logitech-zone-wired-earbuds#breadcrumb\",\"itemListElement\":[{\"@type\":\"ListItem\",\"position\":1,\"name\":\"Inicio\",\"item\":\"https:\/\/explotumarca.com\/\"},{\"@type\":\"ListItem\",\"position\":2,\"name\":\"Productos\",\"item\":\"https:\/\/explotumarca.com\/?post_type=product\"},{\"@type\":\"ListItem\",\"position\":3,\"name\":\"LOGITECH ZONE WIRED EARBUDS\"}]},{\"@type\":\"WebSite\",\"@id\":\"https:\/\/explotumarca.com\/#website\",\"url\":\"https:\/\/explotumarca.com\/\",\"name\":\"Explo\",\"description\":\"Productos y servicios corporativos\",\"publisher\":{\"@id\":\"https:\/\/explotumarca.com\/#organization\"},\"potentialAction\":[{\"@type\":\"SearchAction\",\"target\":{\"@type\":\"EntryPoint\",\"urlTemplate\":\"https:\/\/explotumarca.com\/?s={search_term_string}\"},\"query-input\":{\"@type\":\"PropertyValueSpecification\",\"valueRequired\":true,\"valueName\":\"search_term_string\"}}],\"inLanguage\":\"es\"},{\"@type\":\"Organization\",\"@id\":\"https:\/\/explotumarca.com\/#organization\",\"name\":\"Explo\",\"url\":\"https:\/\/explotumarca.com\/\",\"logo\":{\"@type\":\"ImageObject\",\"inLanguage\":\"es\",\"@id\":\"https:\/\/explotumarca.com\/#\/schema\/logo\/image\/\",\"url\":\"http:\/\/arsnovamx.com\/explotumarca.com\/wp-content\/uploads\/2020\/10\/Nuevo-Logo-Explo-2020.jpg\",\"contentUrl\":\"http:\/\/arsnovamx.com\/explotumarca.com\/wp-content\/uploads\/2020\/10\/Nuevo-Logo-Explo-2020.jpg\",\"width\":800,\"height\":334,\"caption\":\"Explo\"},\"image\":{\"@id\":\"https:\/\/explotumarca.com\/#\/schema\/logo\/image\/\"},\"sameAs\":[\"https:\/\/www.facebook.com\/MexicoExplo\/\"]}]}<\/script>\n<!-- \/ Yoast SEO Premium plugin. -->","yoast_head_json":{"title":"Zoom videollamadas; venta de equipos especiales para zoom","description":"Venta de equipos, salas, mantenimiento y capacitaci\u00f3n de zoom videollamadas para Empresas en M\u00e9xico. Cotiza los mejores equipos 2020.","robots":{"index":"index","follow":"follow","max-snippet":"max-snippet:-1","max-image-preview":"max-image-preview:large","max-video-preview":"max-video-preview:-1"},"canonical":"https:\/\/explotumarca.com\/?product=logitech-zone-wired-earbuds","og_locale":"es_MX","og_type":"article","og_title":"LOGITECH ZONE WIRED EARBUDS","og_description":"LOGITECH ZONE WIRED EARBUDS Dise\u00f1ado para empresas con micr\u00f3fono con cancelaci\u00f3n de ruido incorporado y m\u00faltiples conexiones. CLARIDAD Y CONECTIVIDAD","og_url":"https:\/\/explotumarca.com\/?product=logitech-zone-wired-earbuds","og_site_name":"Explo","article_publisher":"https:\/\/www.facebook.com\/MexicoExplo\/","article_modified_time":"2022-04-11T18:33:13+00:00","og_image":[{"width":450,"height":450,"url":"https:\/\/explotumarca.com\/wp-content\/uploads\/2022\/03\/LOGITECH-ZONE-WIRED-EARBUDS-VIDEOCONFERENCIA-EXPLO-EXPLOTUMARCA-6.jpg","type":"image\/jpeg"}],"twitter_card":"summary_large_image","twitter_misc":{"Tiempo de lectura":"2 minutos"},"schema":{"@context":"https:\/\/schema.org","@graph":[{"@type":"WebPage","@id":"https:\/\/explotumarca.com\/?product=logitech-zone-wired-earbuds","url":"https:\/\/explotumarca.com\/?product=logitech-zone-wired-earbuds","name":"Zoom videollamadas; venta de equipos especiales para zoom","isPartOf":{"@id":"https:\/\/explotumarca.com\/#website"},"primaryImageOfPage":{"@id":"https:\/\/explotumarca.com\/?product=logitech-zone-wired-earbuds#primaryimage"},"image":{"@id":"https:\/\/explotumarca.com\/?product=logitech-zone-wired-earbuds#primaryimage"},"thumbnailUrl":"https:\/\/explotumarca.com\/wp-content\/uploads\/2022\/03\/LOGITECH-ZONE-WIRED-EARBUDS-VIDEOCONFERENCIA-EXPLO-EXPLOTUMARCA-6.jpg","datePublished":"2022-03-26T04:57:29+00:00","dateModified":"2022-04-11T18:33:13+00:00","description":"Venta de equipos, salas, mantenimiento y capacitaci\u00f3n de zoom videollamadas para Empresas en M\u00e9xico. Cotiza los mejores equipos 2020.","breadcrumb":{"@id":"https:\/\/explotumarca.com\/?product=logitech-zone-wired-earbuds#breadcrumb"},"inLanguage":"es","potentialAction":[{"@type":"ReadAction","target":["https:\/\/explotumarca.com\/?product=logitech-zone-wired-earbuds"]}]},{"@type":"ImageObject","inLanguage":"es","@id":"https:\/\/explotumarca.com\/?product=logitech-zone-wired-earbuds#primaryimage","url":"https:\/\/explotumarca.com\/wp-content\/uploads\/2022\/03\/LOGITECH-ZONE-WIRED-EARBUDS-VIDEOCONFERENCIA-EXPLO-EXPLOTUMARCA-6.jpg","contentUrl":"https:\/\/explotumarca.com\/wp-content\/uploads\/2022\/03\/LOGITECH-ZONE-WIRED-EARBUDS-VIDEOCONFERENCIA-EXPLO-EXPLOTUMARCA-6.jpg","width":450,"height":450,"caption":"LOGITECH ZONE WIRED EARBUDS VIDEOCONFERENCIA EXPLO EXPLOTUMARCA"},{"@type":"BreadcrumbList","@id":"https:\/\/explotumarca.com\/?product=logitech-zone-wired-earbuds#breadcrumb","itemListElement":[{"@type":"ListItem","position":1,"name":"Inicio","item":"https:\/\/explotumarca.com\/"},{"@type":"ListItem","position":2,"name":"Productos","item":"https:\/\/explotumarca.com\/?post_type=product"},{"@type":"ListItem","position":3,"name":"LOGITECH ZONE WIRED EARBUDS"}]},{"@type":"WebSite","@id":"https:\/\/explotumarca.com\/#website","url":"https:\/\/explotumarca.com\/","name":"Explo","description":"Productos y servicios corporativos","publisher":{"@id":"https:\/\/explotumarca.com\/#organization"},"potentialAction":[{"@type":"SearchAction","target":{"@type":"EntryPoint","urlTemplate":"https:\/\/explotumarca.com\/?s={search_term_string}"},"query-input":{"@type":"PropertyValueSpecification","valueRequired":true,"valueName":"search_term_string"}}],"inLanguage":"es"},{"@type":"Organization","@id":"https:\/\/explotumarca.com\/#organization","name":"Explo","url":"https:\/\/explotumarca.com\/","logo":{"@type":"ImageObject","inLanguage":"es","@id":"https:\/\/explotumarca.com\/#\/schema\/logo\/image\/","url":"http:\/\/arsnovamx.com\/explotumarca.com\/wp-content\/uploads\/2020\/10\/Nuevo-Logo-Explo-2020.jpg","contentUrl":"http:\/\/arsnovamx.com\/explotumarca.com\/wp-content\/uploads\/2020\/10\/Nuevo-Logo-Explo-2020.jpg","width":800,"height":334,"caption":"Explo"},"image":{"@id":"https:\/\/explotumarca.com\/#\/schema\/logo\/image\/"},"sameAs":["https:\/\/www.facebook.com\/MexicoExplo\/"]}]}},"_links":{"self":[{"href":"https:\/\/explotumarca.com\/index.php?rest_route=\/wp\/v2\/product\/5772","targetHints":{"allow":["GET"]}}],"collection":[{"href":"https:\/\/explotumarca.com\/index.php?rest_route=\/wp\/v2\/product"}],"about":[{"href":"https:\/\/explotumarca.com\/index.php?rest_route=\/wp\/v2\/types\/product"}],"wp:featuredmedia":[{"embeddable":true,"href":"https:\/\/explotumarca.com\/index.php?rest_route=\/wp\/v2\/media\/5777"}],"wp:attachment":[{"href":"https:\/\/explotumarca.com\/index.php?rest_route=%2Fwp%2Fv2%2Fmedia&parent=5772"}],"wp:term":[{"taxonomy":"product_cat","embeddable":true,"href":"https:\/\/explotumarca.com\/index.php?rest_route=%2Fwp%2Fv2%2Fproduct_cat&post=5772"},{"taxonomy":"product_tag","embeddable":true,"href":"https:\/\/explotumarca.com\/index.php?rest_route=%2Fwp%2Fv2%2Fproduct_tag&post=5772"}],"curies":[{"name":"wp","href":"https:\/\/api.w.org\/{rel}","templated":true}]}}