{"id":5860,"date":"2022-04-01T10:52:06","date_gmt":"2022-04-01T16:52:06","guid":{"rendered":"https:\/\/explotumarca.com\/?post_type=product&#038;p=5860"},"modified":"2022-04-11T13:30:37","modified_gmt":"2022-04-11T18:30:37","slug":"logitech-strong-usb","status":"publish","type":"product","link":"https:\/\/explotumarca.com\/?product=logitech-strong-usb","title":{"rendered":"LOGITECH STRONG USB"},"content":{"rendered":"<h1 class=\"title js-title\">LOGITECH STRONG USB<\/h1>\n<div class=\"large body js-subtitle\">Cable SuperSpeed USB 10 Gbps de longitud ampliada.<\/div>\n<div><\/div>\n<div>Con una longitud hasta 15 veces superior a la de los cables USB 3.x normales, el cable Logitech Strong USB permite colocar perif\u00e9ricos USB a una distancia de hasta 45 metros de un PC host. Estos cables \u00f3pticos activos poseen clasificaci\u00f3n plenum y certificaci\u00f3n Eca para su instalaci\u00f3n comercial en paredes, por encima de techos, en canaletas y dentro de conductos est\u00e1ndar de 19 mm.<\/div>\n<div><\/div>\n<div>\n<h2 class=\"body-copy-title font-title-s font-brown-bold \">MAYOR ALCANCE<\/h2>\n<p>Disponible en longitudes de 10, 25 y 45 metros, el cable\u00a0Logitech Strong USB permite implementar un dispositivo USB con alimentaci\u00f3n propia o un hub a una distancia considerable del PC host. Los dispositivos tales como el\u00a0control t\u00e1ctil\u00a0<a href=\"https:\/\/www.logitech.com\/es-mx\/products\/video-conferencing\/room-solutions\/tap.html\" target=\"_self\" rel=\"noopener\">Logitech Tap<\/a>\u00a0deben ser de f\u00e1cil acceso, pero el PC host debe estar en un armario, mueble o detr\u00e1s de una pantalla.<\/p>\n<\/div>\n<p>&nbsp;<\/p>\n<h2 class=\"body-copy-title font-title-s font-brown-bold \">ROBUSTEZ CONFIABLE<\/h2>\n<p>A diferencia de los cables USB normales, que pueden romperse cuando se ven sometidos a fuerzas de tracci\u00f3n y aplastamiento, el cable\u00a0Logitech Strong USB ha sido dise\u00f1ado para durar. Con una fuerza de tracci\u00f3n de 200 newtons y una carga m\u00e1xima de 1.000 kg, el cable\u00a0Logitech Strong USB es apto para el tendido a trav\u00e9s de paredes, por encima de techos y en conductos.<\/p>\n<p>&nbsp;<\/p>\n<h2 class=\"body-copy-title font-title-s font-brown-bold \">RAPIDEZ Y COMPATIBILIDAD<\/h2>\n<p>Como cable \u00f3ptico activo, el cable\u00a0Logitech Strong USB ofrece hasta 10\u00a0Gbps para dispositivos con fuentes de alimentaci\u00f3n propias, entre ellos\u00a0<a href=\"https:\/\/www.logitech.com\/es-mx\/products\/video-conferencing\/room-solutions\/tap.html\" target=\"_self\" rel=\"noopener\">Logitech Tap<\/a>\u00a0y las c\u00e1maras\u00a0<a href=\"https:\/\/www.logitech.com\/es-mx\/products\/video-conferencing\/conference-cameras\/rally-ultra-hd-ptz-camera.html\" target=\"_self\" rel=\"noopener\">Rally<\/a>\u00a0y\u00a0<a href=\"https:\/\/www.logitech.com\/es-mx\/products\/video-conferencing\/conference-cameras\/meetup-conferencecam.html\" target=\"_self\" rel=\"noopener\">MeetUp<\/a>. La conformidad con la especificaci\u00f3n USB 3.2 de 2.\u00aa generaci\u00f3n garantiza la compatibilidad con dispositivos y computadoras con USB 2.0, 3.0, 3.1 y 3.2.<\/p>\n<p>&nbsp;<\/p>\n<p>Ll\u00e1manos al (55) 3342 8218 o d\u00e9janos tus datos <a href=\"https:\/\/explotumarca.com\/?page_id=14\">aqu\u00ed<\/a><\/p>\n","protected":false},"excerpt":{"rendered":"<p>LOGITECH STRONG USB Cable SuperSpeed USB 10 Gbps de longitud ampliada. Con una longitud hasta 15 veces superior a la de los cables USB 3.x normales, el cable Logitech Strong USB permite colocar perif\u00e9ricos USB [&hellip;]<\/p>\n","protected":false},"featured_media":5861,"template":"","meta":{"content-type":""},"product_cat":[101],"product_tag":[],"class_list":{"0":"post-5860","1":"product","2":"type-product","3":"status-publish","4":"has-post-thumbnail","6":"product_cat-accesorios","8":"first","9":"instock","10":"taxable","11":"shipping-taxable","12":"product-type-simple"},"yoast_head":"<!-- This site is optimized with the Yoast SEO Premium plugin v18.8 (Yoast SEO v26.8) - https:\/\/yoast.com\/product\/yoast-seo-premium-wordpress\/ -->\n<title>Zoom videollamadas; venta de equipos especiales para zoom<\/title>\n<meta name=\"description\" content=\"Venta de equipos, salas, mantenimiento y capacitaci\u00f3n de zoom videollamadas para Empresas en M\u00e9xico. Cotiza los mejores equipos 2020.\" \/>\n<meta name=\"robots\" content=\"index, follow, max-snippet:-1, max-image-preview:large, max-video-preview:-1\" \/>\n<link rel=\"canonical\" href=\"https:\/\/explotumarca.com\/?product=logitech-strong-usb\" \/>\n<meta property=\"og:locale\" content=\"es_MX\" \/>\n<meta property=\"og:type\" content=\"article\" \/>\n<meta property=\"og:title\" content=\"LOGITECH STRONG USB\" \/>\n<meta property=\"og:description\" content=\"LOGITECH STRONG USB Cable SuperSpeed USB 10 Gbps de longitud ampliada. Con una longitud hasta 15 veces superior a la de los cables USB 3.x normales, el\" \/>\n<meta property=\"og:url\" content=\"https:\/\/explotumarca.com\/?product=logitech-strong-usb\" \/>\n<meta property=\"og:site_name\" content=\"Explo\" \/>\n<meta property=\"article:publisher\" content=\"https:\/\/www.facebook.com\/MexicoExplo\/\" \/>\n<meta property=\"article:modified_time\" content=\"2022-04-11T18:30:37+00:00\" \/>\n<meta property=\"og:image\" content=\"https:\/\/explotumarca.com\/wp-content\/uploads\/2022\/04\/CABLE-LOGITECH-STRONG-USB-SISTEMA-DE-VIDEOCONFERENCIA-EXPLO-EXPLOTUMARCA.jpg\" \/>\n\t<meta property=\"og:image:width\" content=\"450\" \/>\n\t<meta property=\"og:image:height\" content=\"450\" \/>\n\t<meta property=\"og:image:type\" content=\"image\/jpeg\" \/>\n<meta name=\"twitter:card\" content=\"summary_large_image\" \/>\n<meta name=\"twitter:label1\" content=\"Tiempo de lectura\" \/>\n\t<meta name=\"twitter:data1\" content=\"2 minutos\" \/>\n<script type=\"application\/ld+json\" class=\"yoast-schema-graph\">{\"@context\":\"https:\/\/schema.org\",\"@graph\":[{\"@type\":\"WebPage\",\"@id\":\"https:\/\/explotumarca.com\/?product=logitech-strong-usb\",\"url\":\"https:\/\/explotumarca.com\/?product=logitech-strong-usb\",\"name\":\"Zoom videollamadas; venta de equipos especiales para zoom\",\"isPartOf\":{\"@id\":\"https:\/\/explotumarca.com\/#website\"},\"primaryImageOfPage\":{\"@id\":\"https:\/\/explotumarca.com\/?product=logitech-strong-usb#primaryimage\"},\"image\":{\"@id\":\"https:\/\/explotumarca.com\/?product=logitech-strong-usb#primaryimage\"},\"thumbnailUrl\":\"https:\/\/explotumarca.com\/wp-content\/uploads\/2022\/04\/CABLE-LOGITECH-STRONG-USB-SISTEMA-DE-VIDEOCONFERENCIA-EXPLO-EXPLOTUMARCA.jpg\",\"datePublished\":\"2022-04-01T16:52:06+00:00\",\"dateModified\":\"2022-04-11T18:30:37+00:00\",\"description\":\"Venta de equipos, salas, mantenimiento y capacitaci\u00f3n de zoom videollamadas para Empresas en M\u00e9xico. Cotiza los mejores equipos 2020.\",\"breadcrumb\":{\"@id\":\"https:\/\/explotumarca.com\/?product=logitech-strong-usb#breadcrumb\"},\"inLanguage\":\"es\",\"potentialAction\":[{\"@type\":\"ReadAction\",\"target\":[\"https:\/\/explotumarca.com\/?product=logitech-strong-usb\"]}]},{\"@type\":\"ImageObject\",\"inLanguage\":\"es\",\"@id\":\"https:\/\/explotumarca.com\/?product=logitech-strong-usb#primaryimage\",\"url\":\"https:\/\/explotumarca.com\/wp-content\/uploads\/2022\/04\/CABLE-LOGITECH-STRONG-USB-SISTEMA-DE-VIDEOCONFERENCIA-EXPLO-EXPLOTUMARCA.jpg\",\"contentUrl\":\"https:\/\/explotumarca.com\/wp-content\/uploads\/2022\/04\/CABLE-LOGITECH-STRONG-USB-SISTEMA-DE-VIDEOCONFERENCIA-EXPLO-EXPLOTUMARCA.jpg\",\"width\":450,\"height\":450,\"caption\":\"CABLE LOGITECH STRONG USB SISTEMA DE VIDEOCONFERENCIA EXPLO EXPLOTUMARCA\"},{\"@type\":\"BreadcrumbList\",\"@id\":\"https:\/\/explotumarca.com\/?product=logitech-strong-usb#breadcrumb\",\"itemListElement\":[{\"@type\":\"ListItem\",\"position\":1,\"name\":\"Inicio\",\"item\":\"https:\/\/explotumarca.com\/\"},{\"@type\":\"ListItem\",\"position\":2,\"name\":\"Productos\",\"item\":\"https:\/\/explotumarca.com\/?post_type=product\"},{\"@type\":\"ListItem\",\"position\":3,\"name\":\"LOGITECH STRONG USB\"}]},{\"@type\":\"WebSite\",\"@id\":\"https:\/\/explotumarca.com\/#website\",\"url\":\"https:\/\/explotumarca.com\/\",\"name\":\"Explo\",\"description\":\"Productos y servicios corporativos\",\"publisher\":{\"@id\":\"https:\/\/explotumarca.com\/#organization\"},\"potentialAction\":[{\"@type\":\"SearchAction\",\"target\":{\"@type\":\"EntryPoint\",\"urlTemplate\":\"https:\/\/explotumarca.com\/?s={search_term_string}\"},\"query-input\":{\"@type\":\"PropertyValueSpecification\",\"valueRequired\":true,\"valueName\":\"search_term_string\"}}],\"inLanguage\":\"es\"},{\"@type\":\"Organization\",\"@id\":\"https:\/\/explotumarca.com\/#organization\",\"name\":\"Explo\",\"url\":\"https:\/\/explotumarca.com\/\",\"logo\":{\"@type\":\"ImageObject\",\"inLanguage\":\"es\",\"@id\":\"https:\/\/explotumarca.com\/#\/schema\/logo\/image\/\",\"url\":\"http:\/\/arsnovamx.com\/explotumarca.com\/wp-content\/uploads\/2020\/10\/Nuevo-Logo-Explo-2020.jpg\",\"contentUrl\":\"http:\/\/arsnovamx.com\/explotumarca.com\/wp-content\/uploads\/2020\/10\/Nuevo-Logo-Explo-2020.jpg\",\"width\":800,\"height\":334,\"caption\":\"Explo\"},\"image\":{\"@id\":\"https:\/\/explotumarca.com\/#\/schema\/logo\/image\/\"},\"sameAs\":[\"https:\/\/www.facebook.com\/MexicoExplo\/\"]}]}<\/script>\n<!-- \/ Yoast SEO Premium plugin. -->","yoast_head_json":{"title":"Zoom videollamadas; venta de equipos especiales para zoom","description":"Venta de equipos, salas, mantenimiento y capacitaci\u00f3n de zoom videollamadas para Empresas en M\u00e9xico. Cotiza los mejores equipos 2020.","robots":{"index":"index","follow":"follow","max-snippet":"max-snippet:-1","max-image-preview":"max-image-preview:large","max-video-preview":"max-video-preview:-1"},"canonical":"https:\/\/explotumarca.com\/?product=logitech-strong-usb","og_locale":"es_MX","og_type":"article","og_title":"LOGITECH STRONG USB","og_description":"LOGITECH STRONG USB Cable SuperSpeed USB 10 Gbps de longitud ampliada. Con una longitud hasta 15 veces superior a la de los cables USB 3.x normales, el","og_url":"https:\/\/explotumarca.com\/?product=logitech-strong-usb","og_site_name":"Explo","article_publisher":"https:\/\/www.facebook.com\/MexicoExplo\/","article_modified_time":"2022-04-11T18:30:37+00:00","og_image":[{"width":450,"height":450,"url":"https:\/\/explotumarca.com\/wp-content\/uploads\/2022\/04\/CABLE-LOGITECH-STRONG-USB-SISTEMA-DE-VIDEOCONFERENCIA-EXPLO-EXPLOTUMARCA.jpg","type":"image\/jpeg"}],"twitter_card":"summary_large_image","twitter_misc":{"Tiempo de lectura":"2 minutos"},"schema":{"@context":"https:\/\/schema.org","@graph":[{"@type":"WebPage","@id":"https:\/\/explotumarca.com\/?product=logitech-strong-usb","url":"https:\/\/explotumarca.com\/?product=logitech-strong-usb","name":"Zoom videollamadas; venta de equipos especiales para zoom","isPartOf":{"@id":"https:\/\/explotumarca.com\/#website"},"primaryImageOfPage":{"@id":"https:\/\/explotumarca.com\/?product=logitech-strong-usb#primaryimage"},"image":{"@id":"https:\/\/explotumarca.com\/?product=logitech-strong-usb#primaryimage"},"thumbnailUrl":"https:\/\/explotumarca.com\/wp-content\/uploads\/2022\/04\/CABLE-LOGITECH-STRONG-USB-SISTEMA-DE-VIDEOCONFERENCIA-EXPLO-EXPLOTUMARCA.jpg","datePublished":"2022-04-01T16:52:06+00:00","dateModified":"2022-04-11T18:30:37+00:00","description":"Venta de equipos, salas, mantenimiento y capacitaci\u00f3n de zoom videollamadas para Empresas en M\u00e9xico. Cotiza los mejores equipos 2020.","breadcrumb":{"@id":"https:\/\/explotumarca.com\/?product=logitech-strong-usb#breadcrumb"},"inLanguage":"es","potentialAction":[{"@type":"ReadAction","target":["https:\/\/explotumarca.com\/?product=logitech-strong-usb"]}]},{"@type":"ImageObject","inLanguage":"es","@id":"https:\/\/explotumarca.com\/?product=logitech-strong-usb#primaryimage","url":"https:\/\/explotumarca.com\/wp-content\/uploads\/2022\/04\/CABLE-LOGITECH-STRONG-USB-SISTEMA-DE-VIDEOCONFERENCIA-EXPLO-EXPLOTUMARCA.jpg","contentUrl":"https:\/\/explotumarca.com\/wp-content\/uploads\/2022\/04\/CABLE-LOGITECH-STRONG-USB-SISTEMA-DE-VIDEOCONFERENCIA-EXPLO-EXPLOTUMARCA.jpg","width":450,"height":450,"caption":"CABLE LOGITECH STRONG USB SISTEMA DE VIDEOCONFERENCIA EXPLO EXPLOTUMARCA"},{"@type":"BreadcrumbList","@id":"https:\/\/explotumarca.com\/?product=logitech-strong-usb#breadcrumb","itemListElement":[{"@type":"ListItem","position":1,"name":"Inicio","item":"https:\/\/explotumarca.com\/"},{"@type":"ListItem","position":2,"name":"Productos","item":"https:\/\/explotumarca.com\/?post_type=product"},{"@type":"ListItem","position":3,"name":"LOGITECH STRONG USB"}]},{"@type":"WebSite","@id":"https:\/\/explotumarca.com\/#website","url":"https:\/\/explotumarca.com\/","name":"Explo","description":"Productos y servicios corporativos","publisher":{"@id":"https:\/\/explotumarca.com\/#organization"},"potentialAction":[{"@type":"SearchAction","target":{"@type":"EntryPoint","urlTemplate":"https:\/\/explotumarca.com\/?s={search_term_string}"},"query-input":{"@type":"PropertyValueSpecification","valueRequired":true,"valueName":"search_term_string"}}],"inLanguage":"es"},{"@type":"Organization","@id":"https:\/\/explotumarca.com\/#organization","name":"Explo","url":"https:\/\/explotumarca.com\/","logo":{"@type":"ImageObject","inLanguage":"es","@id":"https:\/\/explotumarca.com\/#\/schema\/logo\/image\/","url":"http:\/\/arsnovamx.com\/explotumarca.com\/wp-content\/uploads\/2020\/10\/Nuevo-Logo-Explo-2020.jpg","contentUrl":"http:\/\/arsnovamx.com\/explotumarca.com\/wp-content\/uploads\/2020\/10\/Nuevo-Logo-Explo-2020.jpg","width":800,"height":334,"caption":"Explo"},"image":{"@id":"https:\/\/explotumarca.com\/#\/schema\/logo\/image\/"},"sameAs":["https:\/\/www.facebook.com\/MexicoExplo\/"]}]}},"_links":{"self":[{"href":"https:\/\/explotumarca.com\/index.php?rest_route=\/wp\/v2\/product\/5860","targetHints":{"allow":["GET"]}}],"collection":[{"href":"https:\/\/explotumarca.com\/index.php?rest_route=\/wp\/v2\/product"}],"about":[{"href":"https:\/\/explotumarca.com\/index.php?rest_route=\/wp\/v2\/types\/product"}],"wp:featuredmedia":[{"embeddable":true,"href":"https:\/\/explotumarca.com\/index.php?rest_route=\/wp\/v2\/media\/5861"}],"wp:attachment":[{"href":"https:\/\/explotumarca.com\/index.php?rest_route=%2Fwp%2Fv2%2Fmedia&parent=5860"}],"wp:term":[{"taxonomy":"product_cat","embeddable":true,"href":"https:\/\/explotumarca.com\/index.php?rest_route=%2Fwp%2Fv2%2Fproduct_cat&post=5860"},{"taxonomy":"product_tag","embeddable":true,"href":"https:\/\/explotumarca.com\/index.php?rest_route=%2Fwp%2Fv2%2Fproduct_tag&post=5860"}],"curies":[{"name":"wp","href":"https:\/\/api.w.org\/{rel}","templated":true}]}}