{"id":5863,"date":"2022-04-01T11:48:12","date_gmt":"2022-04-01T17:48:12","guid":{"rendered":"https:\/\/explotumarca.com\/?post_type=product&#038;p=5863"},"modified":"2022-04-11T13:28:04","modified_gmt":"2022-04-11T18:28:04","slug":"microfono-rally","status":"publish","type":"product","link":"https:\/\/explotumarca.com\/?product=microfono-rally","title":{"rendered":"MICR\u00d3FONO RALLY"},"content":{"rendered":"<h1 class=\"title js-title\">MICR\u00d3FONO RALLY<\/h1>\n<div class=\"large body js-subtitle\">Micr\u00f3fonos modulares con RightSound&#x2122; para Rally Bar Mini, Rally Bar y Rally<\/div>\n<div><\/div>\n<div>\n<h2 class=\"body-copy-title font-title-l font-brown-bold \">BUENA APARIENCIA CON BUEN SONIDO<\/h2>\n<p>Con un dise\u00f1o atractivo y discreto, y materiales de primera calidad, estas bases de micr\u00f3fono ofrecen un sonido claro y natural. Las bases individuales contienen varios elementos de formaci\u00f3n de haces para capturar la voz, no el ruido causante de distracciones. En salas grandes se pueden instalar m\u00e1s bases para ampliar la matriz de formaci\u00f3n de haces en todo el entorno.<\/p>\n<\/div>\n<p>&nbsp;<\/p>\n<h2 class=\"body-copy-title font-title-m font-brown-bold \">TODAS Y CADA UNA DE LAS VOCES SE ESCUCHAN CLARAMENTE<\/h2>\n<p>Los micr\u00f3fonos corrientes captan cualquier sonido: estas bases de micr\u00f3fono s\u00f3lo captan voces. Con tecnolog\u00edas RightSound<sup>&#x2122;<\/sup>\u00a0para nivelar voces autom\u00e1ticamente, suprimir ruidos y cancelar el eco, las conversaciones suenan realmente naturales.<\/p>\n<p>&nbsp;<\/p>\n<div class=\"grid\">\n<div class=\"banner-copy-ctn-inner js-banner-copy-ctn-inner\">\n<h2 class=\"font-title-m js-title \">CABLEADO SIMPLIFICADO<\/h2>\n<\/div>\n<\/div>\n<div class=\"banner-extra-content below\">\n<div class=\"parsys-ctn\">\n<div id=\"text_editable-i03503e39586df3aa93e1e0ac5a8af1cb\" class=\"pangea-cmp body-copy js-pangea-body-copy aem-margin-options font-size-normal font-brown-light dc-kohle tc-kohle mc-kohle\" data-align-desktop=\"left\" data-align-tablet=\"center\" data-align-mobile=\"center\">\n<div class=\"aem-content-ctn no-container\">\n<div id=\"text_editable-i03503e39586df3aa93e1e0ac5a8af1cb-padding-options\" class=\"aem-padding-options dprs tpll tprl\">\n<div class=\"content-ctn rte-field text-width-normal\">\n<p>Las bases de micr\u00f3fono se pueden conectar en serie para ofrecer una cobertura total en salas con mesas largas. Para mesas dispuestas en forma de U o cableado simple a trav\u00e9s de pasacables, el\u00a0<a href=\"https:\/\/www.logitech.com\/es-mx\/product\/hub-for-rally-mic-pod\">hub de base de micr\u00f3fono Rally<\/a>\u00a0ofrece tres conexiones para optimizar la ubicaci\u00f3n y acercar el bot\u00f3n para silenciar.<\/p>\n<\/div>\n<\/div>\n<\/div>\n<\/div>\n<\/div>\n<\/div>\n<p>&nbsp;<\/p>\n<h2 class=\"font-title-m js-title \">DISE\u00d1O ELEGANTE<\/h2>\n<div class=\"body-copy-ctn js-body-copy-ctn rte-field \">\n<p>Gracias a la combinaci\u00f3n de tecnolog\u00eda avanzada y solidez de dise\u00f1o, las bases de micr\u00f3fono Rally tienen un radio de acci\u00f3n amplio y una sensibilidad extraordinaria. Los materiales son resistentes a huellas y manchas, y el color del icono LED ofrece confirmaci\u00f3n visual cuando el micr\u00f3fono est\u00e1 en silencio.<\/p>\n<\/div>\n<p>&nbsp;<\/p>\n<div class=\"grid\">\n<div class=\"banner-copy-ctn-inner js-banner-copy-ctn-inner\">\n<h2 class=\"font-title-m js-title \">SOPORTE PARA DIFERENTES ALTURAS<\/h2>\n<\/div>\n<\/div>\n<div class=\"banner-extra-content below\">\n<div class=\"parsys-ctn\">\n<div id=\"text_editable-i0bbc572cb812d4f0052c006d7705cf5a\" class=\"pangea-cmp body-copy js-pangea-body-copy aem-margin-options font-size-normal font-brown-light dc-kohle tc-kohle mc-kohle\" data-align-desktop=\"left\" data-align-tablet=\"center\" data-align-mobile=\"center\">\n<div class=\"aem-content-ctn no-container\">\n<div id=\"text_editable-i0bbc572cb812d4f0052c006d7705cf5a-padding-options\" class=\"aem-padding-options dprs tpll tprl\">\n<div class=\"content-ctn rte-field text-width-normal\">\n<p>Realza la apariencia de las salas de reuniones con el soporte de base de micr\u00f3fono disponible. Compacto y con ingeniosos detalles de dise\u00f1o, permite ubicar las bases de micr\u00f3fono sobre mesas o en el techo, y oculta el cableado para mantener el entorno m\u00e1s despejado.<\/p>\n<\/div>\n<\/div>\n<\/div>\n<p>Ll\u00e1manos al (55) 3342 8218 o d\u00e9janos tus datos <a href=\"https:\/\/explotumarca.com\/?page_id=14\">aqu\u00ed<\/a><\/p>\n<\/div>\n<\/div>\n<\/div>\n","protected":false},"excerpt":{"rendered":"<p>MICR\u00d3FONO RALLY Micr\u00f3fonos modulares con RightSound&#x2122; para Rally Bar Mini, Rally Bar y Rally BUENA APARIENCIA CON BUEN SONIDO Con un dise\u00f1o atractivo y discreto, y materiales de primera calidad, estas bases de micr\u00f3fono ofrecen [&hellip;]<\/p>\n","protected":false},"featured_media":5865,"template":"","meta":{"content-type":""},"product_cat":[101],"product_tag":[],"class_list":{"0":"post-5863","1":"product","2":"type-product","3":"status-publish","4":"has-post-thumbnail","6":"product_cat-accesorios","8":"first","9":"instock","10":"taxable","11":"shipping-taxable","12":"product-type-simple"},"yoast_head":"<!-- This site is optimized with the Yoast SEO Premium plugin v18.8 (Yoast SEO v26.8) - https:\/\/yoast.com\/product\/yoast-seo-premium-wordpress\/ -->\n<title>Zoom videollamadas; venta de equipos especiales para zoom<\/title>\n<meta name=\"description\" content=\"Venta de equipos, salas, mantenimiento y capacitaci\u00f3n de zoom videollamadas para Empresas en M\u00e9xico. Cotiza los mejores equipos 2020.\" \/>\n<meta name=\"robots\" content=\"index, follow, max-snippet:-1, max-image-preview:large, max-video-preview:-1\" \/>\n<link rel=\"canonical\" href=\"https:\/\/explotumarca.com\/?product=microfono-rally\" \/>\n<meta property=\"og:locale\" content=\"es_MX\" \/>\n<meta property=\"og:type\" content=\"article\" \/>\n<meta property=\"og:title\" content=\"MICR\u00d3FONO RALLY\" \/>\n<meta property=\"og:description\" content=\"MICR\u00d3FONO RALLY Micr\u00f3fonos modulares con RightSound&#x2122; para Rally Bar Mini, Rally Bar y Rally BUENA APARIENCIA CON BUEN SONIDO Con un dise\u00f1o\" \/>\n<meta property=\"og:url\" content=\"https:\/\/explotumarca.com\/?product=microfono-rally\" \/>\n<meta property=\"og:site_name\" content=\"Explo\" \/>\n<meta property=\"article:publisher\" content=\"https:\/\/www.facebook.com\/MexicoExplo\/\" \/>\n<meta property=\"article:modified_time\" content=\"2022-04-11T18:28:04+00:00\" \/>\n<meta property=\"og:image\" content=\"https:\/\/explotumarca.com\/wp-content\/uploads\/2022\/04\/MICROFONO-RALLY-LOGITECH-SISTEMA-DE-VIDEOCONFERENCIA-EXPLO-EXPLOTUMARCA-3.jpg\" \/>\n\t<meta property=\"og:image:width\" content=\"450\" \/>\n\t<meta property=\"og:image:height\" content=\"450\" \/>\n\t<meta property=\"og:image:type\" content=\"image\/jpeg\" \/>\n<meta name=\"twitter:card\" content=\"summary_large_image\" \/>\n<meta name=\"twitter:label1\" content=\"Tiempo de lectura\" \/>\n\t<meta name=\"twitter:data1\" content=\"2 minutos\" \/>\n<script type=\"application\/ld+json\" class=\"yoast-schema-graph\">{\"@context\":\"https:\/\/schema.org\",\"@graph\":[{\"@type\":\"WebPage\",\"@id\":\"https:\/\/explotumarca.com\/?product=microfono-rally\",\"url\":\"https:\/\/explotumarca.com\/?product=microfono-rally\",\"name\":\"Zoom videollamadas; venta de equipos especiales para zoom\",\"isPartOf\":{\"@id\":\"https:\/\/explotumarca.com\/#website\"},\"primaryImageOfPage\":{\"@id\":\"https:\/\/explotumarca.com\/?product=microfono-rally#primaryimage\"},\"image\":{\"@id\":\"https:\/\/explotumarca.com\/?product=microfono-rally#primaryimage\"},\"thumbnailUrl\":\"https:\/\/explotumarca.com\/wp-content\/uploads\/2022\/04\/MICROFONO-RALLY-LOGITECH-SISTEMA-DE-VIDEOCONFERENCIA-EXPLO-EXPLOTUMARCA-3.jpg\",\"datePublished\":\"2022-04-01T17:48:12+00:00\",\"dateModified\":\"2022-04-11T18:28:04+00:00\",\"description\":\"Venta de equipos, salas, mantenimiento y capacitaci\u00f3n de zoom videollamadas para Empresas en M\u00e9xico. Cotiza los mejores equipos 2020.\",\"breadcrumb\":{\"@id\":\"https:\/\/explotumarca.com\/?product=microfono-rally#breadcrumb\"},\"inLanguage\":\"es\",\"potentialAction\":[{\"@type\":\"ReadAction\",\"target\":[\"https:\/\/explotumarca.com\/?product=microfono-rally\"]}]},{\"@type\":\"ImageObject\",\"inLanguage\":\"es\",\"@id\":\"https:\/\/explotumarca.com\/?product=microfono-rally#primaryimage\",\"url\":\"https:\/\/explotumarca.com\/wp-content\/uploads\/2022\/04\/MICROFONO-RALLY-LOGITECH-SISTEMA-DE-VIDEOCONFERENCIA-EXPLO-EXPLOTUMARCA-3.jpg\",\"contentUrl\":\"https:\/\/explotumarca.com\/wp-content\/uploads\/2022\/04\/MICROFONO-RALLY-LOGITECH-SISTEMA-DE-VIDEOCONFERENCIA-EXPLO-EXPLOTUMARCA-3.jpg\",\"width\":450,\"height\":450,\"caption\":\"MICR\u00d3FONO RALLY LOGITECH SISTEMA DE VIDEOCONFERENCIA EXPLO EXPLOTUMARCA\"},{\"@type\":\"BreadcrumbList\",\"@id\":\"https:\/\/explotumarca.com\/?product=microfono-rally#breadcrumb\",\"itemListElement\":[{\"@type\":\"ListItem\",\"position\":1,\"name\":\"Inicio\",\"item\":\"https:\/\/explotumarca.com\/\"},{\"@type\":\"ListItem\",\"position\":2,\"name\":\"Productos\",\"item\":\"https:\/\/explotumarca.com\/?post_type=product\"},{\"@type\":\"ListItem\",\"position\":3,\"name\":\"MICR\u00d3FONO RALLY\"}]},{\"@type\":\"WebSite\",\"@id\":\"https:\/\/explotumarca.com\/#website\",\"url\":\"https:\/\/explotumarca.com\/\",\"name\":\"Explo\",\"description\":\"Productos y servicios corporativos\",\"publisher\":{\"@id\":\"https:\/\/explotumarca.com\/#organization\"},\"potentialAction\":[{\"@type\":\"SearchAction\",\"target\":{\"@type\":\"EntryPoint\",\"urlTemplate\":\"https:\/\/explotumarca.com\/?s={search_term_string}\"},\"query-input\":{\"@type\":\"PropertyValueSpecification\",\"valueRequired\":true,\"valueName\":\"search_term_string\"}}],\"inLanguage\":\"es\"},{\"@type\":\"Organization\",\"@id\":\"https:\/\/explotumarca.com\/#organization\",\"name\":\"Explo\",\"url\":\"https:\/\/explotumarca.com\/\",\"logo\":{\"@type\":\"ImageObject\",\"inLanguage\":\"es\",\"@id\":\"https:\/\/explotumarca.com\/#\/schema\/logo\/image\/\",\"url\":\"http:\/\/arsnovamx.com\/explotumarca.com\/wp-content\/uploads\/2020\/10\/Nuevo-Logo-Explo-2020.jpg\",\"contentUrl\":\"http:\/\/arsnovamx.com\/explotumarca.com\/wp-content\/uploads\/2020\/10\/Nuevo-Logo-Explo-2020.jpg\",\"width\":800,\"height\":334,\"caption\":\"Explo\"},\"image\":{\"@id\":\"https:\/\/explotumarca.com\/#\/schema\/logo\/image\/\"},\"sameAs\":[\"https:\/\/www.facebook.com\/MexicoExplo\/\"]}]}<\/script>\n<!-- \/ Yoast SEO Premium plugin. -->","yoast_head_json":{"title":"Zoom videollamadas; venta de equipos especiales para zoom","description":"Venta de equipos, salas, mantenimiento y capacitaci\u00f3n de zoom videollamadas para Empresas en M\u00e9xico. Cotiza los mejores equipos 2020.","robots":{"index":"index","follow":"follow","max-snippet":"max-snippet:-1","max-image-preview":"max-image-preview:large","max-video-preview":"max-video-preview:-1"},"canonical":"https:\/\/explotumarca.com\/?product=microfono-rally","og_locale":"es_MX","og_type":"article","og_title":"MICR\u00d3FONO RALLY","og_description":"MICR\u00d3FONO RALLY Micr\u00f3fonos modulares con RightSound&#x2122; para Rally Bar Mini, Rally Bar y Rally BUENA APARIENCIA CON BUEN SONIDO Con un dise\u00f1o","og_url":"https:\/\/explotumarca.com\/?product=microfono-rally","og_site_name":"Explo","article_publisher":"https:\/\/www.facebook.com\/MexicoExplo\/","article_modified_time":"2022-04-11T18:28:04+00:00","og_image":[{"width":450,"height":450,"url":"https:\/\/explotumarca.com\/wp-content\/uploads\/2022\/04\/MICROFONO-RALLY-LOGITECH-SISTEMA-DE-VIDEOCONFERENCIA-EXPLO-EXPLOTUMARCA-3.jpg","type":"image\/jpeg"}],"twitter_card":"summary_large_image","twitter_misc":{"Tiempo de lectura":"2 minutos"},"schema":{"@context":"https:\/\/schema.org","@graph":[{"@type":"WebPage","@id":"https:\/\/explotumarca.com\/?product=microfono-rally","url":"https:\/\/explotumarca.com\/?product=microfono-rally","name":"Zoom videollamadas; venta de equipos especiales para zoom","isPartOf":{"@id":"https:\/\/explotumarca.com\/#website"},"primaryImageOfPage":{"@id":"https:\/\/explotumarca.com\/?product=microfono-rally#primaryimage"},"image":{"@id":"https:\/\/explotumarca.com\/?product=microfono-rally#primaryimage"},"thumbnailUrl":"https:\/\/explotumarca.com\/wp-content\/uploads\/2022\/04\/MICROFONO-RALLY-LOGITECH-SISTEMA-DE-VIDEOCONFERENCIA-EXPLO-EXPLOTUMARCA-3.jpg","datePublished":"2022-04-01T17:48:12+00:00","dateModified":"2022-04-11T18:28:04+00:00","description":"Venta de equipos, salas, mantenimiento y capacitaci\u00f3n de zoom videollamadas para Empresas en M\u00e9xico. Cotiza los mejores equipos 2020.","breadcrumb":{"@id":"https:\/\/explotumarca.com\/?product=microfono-rally#breadcrumb"},"inLanguage":"es","potentialAction":[{"@type":"ReadAction","target":["https:\/\/explotumarca.com\/?product=microfono-rally"]}]},{"@type":"ImageObject","inLanguage":"es","@id":"https:\/\/explotumarca.com\/?product=microfono-rally#primaryimage","url":"https:\/\/explotumarca.com\/wp-content\/uploads\/2022\/04\/MICROFONO-RALLY-LOGITECH-SISTEMA-DE-VIDEOCONFERENCIA-EXPLO-EXPLOTUMARCA-3.jpg","contentUrl":"https:\/\/explotumarca.com\/wp-content\/uploads\/2022\/04\/MICROFONO-RALLY-LOGITECH-SISTEMA-DE-VIDEOCONFERENCIA-EXPLO-EXPLOTUMARCA-3.jpg","width":450,"height":450,"caption":"MICR\u00d3FONO RALLY LOGITECH SISTEMA DE VIDEOCONFERENCIA EXPLO EXPLOTUMARCA"},{"@type":"BreadcrumbList","@id":"https:\/\/explotumarca.com\/?product=microfono-rally#breadcrumb","itemListElement":[{"@type":"ListItem","position":1,"name":"Inicio","item":"https:\/\/explotumarca.com\/"},{"@type":"ListItem","position":2,"name":"Productos","item":"https:\/\/explotumarca.com\/?post_type=product"},{"@type":"ListItem","position":3,"name":"MICR\u00d3FONO RALLY"}]},{"@type":"WebSite","@id":"https:\/\/explotumarca.com\/#website","url":"https:\/\/explotumarca.com\/","name":"Explo","description":"Productos y servicios corporativos","publisher":{"@id":"https:\/\/explotumarca.com\/#organization"},"potentialAction":[{"@type":"SearchAction","target":{"@type":"EntryPoint","urlTemplate":"https:\/\/explotumarca.com\/?s={search_term_string}"},"query-input":{"@type":"PropertyValueSpecification","valueRequired":true,"valueName":"search_term_string"}}],"inLanguage":"es"},{"@type":"Organization","@id":"https:\/\/explotumarca.com\/#organization","name":"Explo","url":"https:\/\/explotumarca.com\/","logo":{"@type":"ImageObject","inLanguage":"es","@id":"https:\/\/explotumarca.com\/#\/schema\/logo\/image\/","url":"http:\/\/arsnovamx.com\/explotumarca.com\/wp-content\/uploads\/2020\/10\/Nuevo-Logo-Explo-2020.jpg","contentUrl":"http:\/\/arsnovamx.com\/explotumarca.com\/wp-content\/uploads\/2020\/10\/Nuevo-Logo-Explo-2020.jpg","width":800,"height":334,"caption":"Explo"},"image":{"@id":"https:\/\/explotumarca.com\/#\/schema\/logo\/image\/"},"sameAs":["https:\/\/www.facebook.com\/MexicoExplo\/"]}]}},"_links":{"self":[{"href":"https:\/\/explotumarca.com\/index.php?rest_route=\/wp\/v2\/product\/5863","targetHints":{"allow":["GET"]}}],"collection":[{"href":"https:\/\/explotumarca.com\/index.php?rest_route=\/wp\/v2\/product"}],"about":[{"href":"https:\/\/explotumarca.com\/index.php?rest_route=\/wp\/v2\/types\/product"}],"wp:featuredmedia":[{"embeddable":true,"href":"https:\/\/explotumarca.com\/index.php?rest_route=\/wp\/v2\/media\/5865"}],"wp:attachment":[{"href":"https:\/\/explotumarca.com\/index.php?rest_route=%2Fwp%2Fv2%2Fmedia&parent=5863"}],"wp:term":[{"taxonomy":"product_cat","embeddable":true,"href":"https:\/\/explotumarca.com\/index.php?rest_route=%2Fwp%2Fv2%2Fproduct_cat&post=5863"},{"taxonomy":"product_tag","embeddable":true,"href":"https:\/\/explotumarca.com\/index.php?rest_route=%2Fwp%2Fv2%2Fproduct_tag&post=5863"}],"curies":[{"name":"wp","href":"https:\/\/api.w.org\/{rel}","templated":true}]}}