{"id":5868,"date":"2022-04-01T12:22:34","date_gmt":"2022-04-01T18:22:34","guid":{"rendered":"https:\/\/explotumarca.com\/?post_type=product&#038;p=5868"},"modified":"2022-04-11T13:26:36","modified_gmt":"2022-04-11T18:26:36","slug":"pieza-de-montaje-en-mesa-para-logitech-tap","status":"publish","type":"product","link":"https:\/\/explotumarca.com\/?product=pieza-de-montaje-en-mesa-para-logitech-tap","title":{"rendered":"PIEZA DE MONTAJE EN MESA PARA LOGITECH TAP"},"content":{"rendered":"<h1 class=\"title js-title\">PIEZA DE MONTAJE EN MESA PARA LOGITECH TAP<\/h1>\n<div class=\"large body js-subtitle\">Pieza giratoria de montaje en mesa con distribuci\u00f3n de cables para los controladores Logitech Tap y Tap IP para salas de reuni\u00f3n.<\/div>\n<div>Dise\u00f1ada para mesas de salas de conferencias con pasacables, la pieza de montaje en mesa permite fijar el controlador t\u00e1ctil manteniendo su bajo perfil. La pieza de montaje en pared de Tap mantiene la superficie despejada, al dirigir los cables a trav\u00e9s del pasacables, y gira 180\u00b0 para facilitar el uso desde ambos lados de la mesa.<\/div>\n<div><\/div>\n<div><\/div>\n<div>\n<h2 class=\"h3 \">PERFIL BAJO CON PIVOTE<\/h2>\n<p>Mantiene la presencia estilizada del controlador t\u00e1ctil y el \u00e1ngulo de pantalla de 14\u00b0 mientras gira 180\u00b0 para facilitar la visualizaci\u00f3n y el uso desde diversos asientos.<\/p>\n<\/div>\n<p>&nbsp;<\/p>\n<h2 class=\"h3 \">APTO PARA LA MAYOR\u00cdA DE MESAS<\/h2>\n<p>Se puede usar en mesas con un grosor de hasta 50\u00a0mm y pasacables con un di\u00e1metro de 51-89\u00a0mm<\/p>\n<p>&nbsp;<\/p>\n<h2 class=\"h3 \">DISTRIBUCI\u00d3N DE CABLES INTEGRADA<\/h2>\n<p>Permite tender cables a trav\u00e9s del pasacables y mantener despejado el entorno.<\/p>\n<p>&nbsp;<\/p>\n<p>Ll\u00e1manos al (55) 3342 8218 o d\u00e9janos tus datos <a href=\"https:\/\/explotumarca.com\/?page_id=14\">aqu\u00ed<\/a><\/p>\n<p>&nbsp;<\/p>\n<p>&nbsp;<\/p>\n","protected":false},"excerpt":{"rendered":"<p>PIEZA DE MONTAJE EN MESA PARA LOGITECH TAP Pieza giratoria de montaje en mesa con distribuci\u00f3n de cables para los controladores Logitech Tap y Tap IP para salas de reuni\u00f3n. Dise\u00f1ada para mesas de salas [&hellip;]<\/p>\n","protected":false},"featured_media":5870,"template":"","meta":{"content-type":""},"product_cat":[101],"product_tag":[],"class_list":{"0":"post-5868","1":"product","2":"type-product","3":"status-publish","4":"has-post-thumbnail","6":"product_cat-accesorios","8":"first","9":"instock","10":"taxable","11":"shipping-taxable","12":"product-type-simple"},"yoast_head":"<!-- This site is optimized with the Yoast SEO Premium plugin v18.8 (Yoast SEO v26.8) - https:\/\/yoast.com\/product\/yoast-seo-premium-wordpress\/ -->\n<title>Zoom videollamadas; venta de equipos especiales para zoom<\/title>\n<meta name=\"description\" content=\"Venta de equipos, salas, mantenimiento y capacitaci\u00f3n de zoom videollamadas para Empresas en M\u00e9xico. Cotiza los mejores equipos 2020.\" \/>\n<meta name=\"robots\" content=\"index, follow, max-snippet:-1, max-image-preview:large, max-video-preview:-1\" \/>\n<link rel=\"canonical\" href=\"https:\/\/explotumarca.com\/?product=pieza-de-montaje-en-mesa-para-logitech-tap\" \/>\n<meta property=\"og:locale\" content=\"es_MX\" \/>\n<meta property=\"og:type\" content=\"article\" \/>\n<meta property=\"og:title\" content=\"PIEZA DE MONTAJE EN MESA PARA LOGITECH TAP\" \/>\n<meta property=\"og:description\" content=\"PIEZA DE MONTAJE EN MESA PARA LOGITECH TAP Pieza giratoria de montaje en mesa con distribuci\u00f3n de cables para los controladores Logitech Tap y Tap IP para\" \/>\n<meta property=\"og:url\" content=\"https:\/\/explotumarca.com\/?product=pieza-de-montaje-en-mesa-para-logitech-tap\" \/>\n<meta property=\"og:site_name\" content=\"Explo\" \/>\n<meta property=\"article:publisher\" content=\"https:\/\/www.facebook.com\/MexicoExplo\/\" \/>\n<meta property=\"article:modified_time\" content=\"2022-04-11T18:26:36+00:00\" \/>\n<meta property=\"og:image\" content=\"https:\/\/explotumarca.com\/wp-content\/uploads\/2022\/04\/PIEZA-DE-MONTAJE-EN-MESA-PARA-LOGITECH-TAP-SISTEMA-DE-VIDEOCONFERENCIA-EXPLO-EXPLOTUMARCA.jpg\" \/>\n\t<meta property=\"og:image:width\" content=\"450\" \/>\n\t<meta property=\"og:image:height\" content=\"450\" \/>\n\t<meta property=\"og:image:type\" content=\"image\/jpeg\" \/>\n<meta name=\"twitter:card\" content=\"summary_large_image\" \/>\n<meta name=\"twitter:label1\" content=\"Tiempo de lectura\" \/>\n\t<meta name=\"twitter:data1\" content=\"1 minuto\" \/>\n<script type=\"application\/ld+json\" class=\"yoast-schema-graph\">{\"@context\":\"https:\/\/schema.org\",\"@graph\":[{\"@type\":\"WebPage\",\"@id\":\"https:\/\/explotumarca.com\/?product=pieza-de-montaje-en-mesa-para-logitech-tap\",\"url\":\"https:\/\/explotumarca.com\/?product=pieza-de-montaje-en-mesa-para-logitech-tap\",\"name\":\"Zoom videollamadas; venta de equipos especiales para zoom\",\"isPartOf\":{\"@id\":\"https:\/\/explotumarca.com\/#website\"},\"primaryImageOfPage\":{\"@id\":\"https:\/\/explotumarca.com\/?product=pieza-de-montaje-en-mesa-para-logitech-tap#primaryimage\"},\"image\":{\"@id\":\"https:\/\/explotumarca.com\/?product=pieza-de-montaje-en-mesa-para-logitech-tap#primaryimage\"},\"thumbnailUrl\":\"https:\/\/explotumarca.com\/wp-content\/uploads\/2022\/04\/PIEZA-DE-MONTAJE-EN-MESA-PARA-LOGITECH-TAP-SISTEMA-DE-VIDEOCONFERENCIA-EXPLO-EXPLOTUMARCA.jpg\",\"datePublished\":\"2022-04-01T18:22:34+00:00\",\"dateModified\":\"2022-04-11T18:26:36+00:00\",\"description\":\"Venta de equipos, salas, mantenimiento y capacitaci\u00f3n de zoom videollamadas para Empresas en M\u00e9xico. Cotiza los mejores equipos 2020.\",\"breadcrumb\":{\"@id\":\"https:\/\/explotumarca.com\/?product=pieza-de-montaje-en-mesa-para-logitech-tap#breadcrumb\"},\"inLanguage\":\"es\",\"potentialAction\":[{\"@type\":\"ReadAction\",\"target\":[\"https:\/\/explotumarca.com\/?product=pieza-de-montaje-en-mesa-para-logitech-tap\"]}]},{\"@type\":\"ImageObject\",\"inLanguage\":\"es\",\"@id\":\"https:\/\/explotumarca.com\/?product=pieza-de-montaje-en-mesa-para-logitech-tap#primaryimage\",\"url\":\"https:\/\/explotumarca.com\/wp-content\/uploads\/2022\/04\/PIEZA-DE-MONTAJE-EN-MESA-PARA-LOGITECH-TAP-SISTEMA-DE-VIDEOCONFERENCIA-EXPLO-EXPLOTUMARCA.jpg\",\"contentUrl\":\"https:\/\/explotumarca.com\/wp-content\/uploads\/2022\/04\/PIEZA-DE-MONTAJE-EN-MESA-PARA-LOGITECH-TAP-SISTEMA-DE-VIDEOCONFERENCIA-EXPLO-EXPLOTUMARCA.jpg\",\"width\":450,\"height\":450,\"caption\":\"PIEZA DE MONTAJE EN MESA PARA LOGITECH TAP SISTEMA DE VIDEOCONFERENCIA EXPLO EXPLOTUMARCA\"},{\"@type\":\"BreadcrumbList\",\"@id\":\"https:\/\/explotumarca.com\/?product=pieza-de-montaje-en-mesa-para-logitech-tap#breadcrumb\",\"itemListElement\":[{\"@type\":\"ListItem\",\"position\":1,\"name\":\"Inicio\",\"item\":\"https:\/\/explotumarca.com\/\"},{\"@type\":\"ListItem\",\"position\":2,\"name\":\"Productos\",\"item\":\"https:\/\/explotumarca.com\/?post_type=product\"},{\"@type\":\"ListItem\",\"position\":3,\"name\":\"PIEZA DE MONTAJE EN MESA PARA LOGITECH TAP\"}]},{\"@type\":\"WebSite\",\"@id\":\"https:\/\/explotumarca.com\/#website\",\"url\":\"https:\/\/explotumarca.com\/\",\"name\":\"Explo\",\"description\":\"Productos y servicios corporativos\",\"publisher\":{\"@id\":\"https:\/\/explotumarca.com\/#organization\"},\"potentialAction\":[{\"@type\":\"SearchAction\",\"target\":{\"@type\":\"EntryPoint\",\"urlTemplate\":\"https:\/\/explotumarca.com\/?s={search_term_string}\"},\"query-input\":{\"@type\":\"PropertyValueSpecification\",\"valueRequired\":true,\"valueName\":\"search_term_string\"}}],\"inLanguage\":\"es\"},{\"@type\":\"Organization\",\"@id\":\"https:\/\/explotumarca.com\/#organization\",\"name\":\"Explo\",\"url\":\"https:\/\/explotumarca.com\/\",\"logo\":{\"@type\":\"ImageObject\",\"inLanguage\":\"es\",\"@id\":\"https:\/\/explotumarca.com\/#\/schema\/logo\/image\/\",\"url\":\"http:\/\/arsnovamx.com\/explotumarca.com\/wp-content\/uploads\/2020\/10\/Nuevo-Logo-Explo-2020.jpg\",\"contentUrl\":\"http:\/\/arsnovamx.com\/explotumarca.com\/wp-content\/uploads\/2020\/10\/Nuevo-Logo-Explo-2020.jpg\",\"width\":800,\"height\":334,\"caption\":\"Explo\"},\"image\":{\"@id\":\"https:\/\/explotumarca.com\/#\/schema\/logo\/image\/\"},\"sameAs\":[\"https:\/\/www.facebook.com\/MexicoExplo\/\"]}]}<\/script>\n<!-- \/ Yoast SEO Premium plugin. -->","yoast_head_json":{"title":"Zoom videollamadas; venta de equipos especiales para zoom","description":"Venta de equipos, salas, mantenimiento y capacitaci\u00f3n de zoom videollamadas para Empresas en M\u00e9xico. Cotiza los mejores equipos 2020.","robots":{"index":"index","follow":"follow","max-snippet":"max-snippet:-1","max-image-preview":"max-image-preview:large","max-video-preview":"max-video-preview:-1"},"canonical":"https:\/\/explotumarca.com\/?product=pieza-de-montaje-en-mesa-para-logitech-tap","og_locale":"es_MX","og_type":"article","og_title":"PIEZA DE MONTAJE EN MESA PARA LOGITECH TAP","og_description":"PIEZA DE MONTAJE EN MESA PARA LOGITECH TAP Pieza giratoria de montaje en mesa con distribuci\u00f3n de cables para los controladores Logitech Tap y Tap IP para","og_url":"https:\/\/explotumarca.com\/?product=pieza-de-montaje-en-mesa-para-logitech-tap","og_site_name":"Explo","article_publisher":"https:\/\/www.facebook.com\/MexicoExplo\/","article_modified_time":"2022-04-11T18:26:36+00:00","og_image":[{"width":450,"height":450,"url":"https:\/\/explotumarca.com\/wp-content\/uploads\/2022\/04\/PIEZA-DE-MONTAJE-EN-MESA-PARA-LOGITECH-TAP-SISTEMA-DE-VIDEOCONFERENCIA-EXPLO-EXPLOTUMARCA.jpg","type":"image\/jpeg"}],"twitter_card":"summary_large_image","twitter_misc":{"Tiempo de lectura":"1 minuto"},"schema":{"@context":"https:\/\/schema.org","@graph":[{"@type":"WebPage","@id":"https:\/\/explotumarca.com\/?product=pieza-de-montaje-en-mesa-para-logitech-tap","url":"https:\/\/explotumarca.com\/?product=pieza-de-montaje-en-mesa-para-logitech-tap","name":"Zoom videollamadas; venta de equipos especiales para zoom","isPartOf":{"@id":"https:\/\/explotumarca.com\/#website"},"primaryImageOfPage":{"@id":"https:\/\/explotumarca.com\/?product=pieza-de-montaje-en-mesa-para-logitech-tap#primaryimage"},"image":{"@id":"https:\/\/explotumarca.com\/?product=pieza-de-montaje-en-mesa-para-logitech-tap#primaryimage"},"thumbnailUrl":"https:\/\/explotumarca.com\/wp-content\/uploads\/2022\/04\/PIEZA-DE-MONTAJE-EN-MESA-PARA-LOGITECH-TAP-SISTEMA-DE-VIDEOCONFERENCIA-EXPLO-EXPLOTUMARCA.jpg","datePublished":"2022-04-01T18:22:34+00:00","dateModified":"2022-04-11T18:26:36+00:00","description":"Venta de equipos, salas, mantenimiento y capacitaci\u00f3n de zoom videollamadas para Empresas en M\u00e9xico. Cotiza los mejores equipos 2020.","breadcrumb":{"@id":"https:\/\/explotumarca.com\/?product=pieza-de-montaje-en-mesa-para-logitech-tap#breadcrumb"},"inLanguage":"es","potentialAction":[{"@type":"ReadAction","target":["https:\/\/explotumarca.com\/?product=pieza-de-montaje-en-mesa-para-logitech-tap"]}]},{"@type":"ImageObject","inLanguage":"es","@id":"https:\/\/explotumarca.com\/?product=pieza-de-montaje-en-mesa-para-logitech-tap#primaryimage","url":"https:\/\/explotumarca.com\/wp-content\/uploads\/2022\/04\/PIEZA-DE-MONTAJE-EN-MESA-PARA-LOGITECH-TAP-SISTEMA-DE-VIDEOCONFERENCIA-EXPLO-EXPLOTUMARCA.jpg","contentUrl":"https:\/\/explotumarca.com\/wp-content\/uploads\/2022\/04\/PIEZA-DE-MONTAJE-EN-MESA-PARA-LOGITECH-TAP-SISTEMA-DE-VIDEOCONFERENCIA-EXPLO-EXPLOTUMARCA.jpg","width":450,"height":450,"caption":"PIEZA DE MONTAJE EN MESA PARA LOGITECH TAP SISTEMA DE VIDEOCONFERENCIA EXPLO EXPLOTUMARCA"},{"@type":"BreadcrumbList","@id":"https:\/\/explotumarca.com\/?product=pieza-de-montaje-en-mesa-para-logitech-tap#breadcrumb","itemListElement":[{"@type":"ListItem","position":1,"name":"Inicio","item":"https:\/\/explotumarca.com\/"},{"@type":"ListItem","position":2,"name":"Productos","item":"https:\/\/explotumarca.com\/?post_type=product"},{"@type":"ListItem","position":3,"name":"PIEZA DE MONTAJE EN MESA PARA LOGITECH TAP"}]},{"@type":"WebSite","@id":"https:\/\/explotumarca.com\/#website","url":"https:\/\/explotumarca.com\/","name":"Explo","description":"Productos y servicios corporativos","publisher":{"@id":"https:\/\/explotumarca.com\/#organization"},"potentialAction":[{"@type":"SearchAction","target":{"@type":"EntryPoint","urlTemplate":"https:\/\/explotumarca.com\/?s={search_term_string}"},"query-input":{"@type":"PropertyValueSpecification","valueRequired":true,"valueName":"search_term_string"}}],"inLanguage":"es"},{"@type":"Organization","@id":"https:\/\/explotumarca.com\/#organization","name":"Explo","url":"https:\/\/explotumarca.com\/","logo":{"@type":"ImageObject","inLanguage":"es","@id":"https:\/\/explotumarca.com\/#\/schema\/logo\/image\/","url":"http:\/\/arsnovamx.com\/explotumarca.com\/wp-content\/uploads\/2020\/10\/Nuevo-Logo-Explo-2020.jpg","contentUrl":"http:\/\/arsnovamx.com\/explotumarca.com\/wp-content\/uploads\/2020\/10\/Nuevo-Logo-Explo-2020.jpg","width":800,"height":334,"caption":"Explo"},"image":{"@id":"https:\/\/explotumarca.com\/#\/schema\/logo\/image\/"},"sameAs":["https:\/\/www.facebook.com\/MexicoExplo\/"]}]}},"_links":{"self":[{"href":"https:\/\/explotumarca.com\/index.php?rest_route=\/wp\/v2\/product\/5868","targetHints":{"allow":["GET"]}}],"collection":[{"href":"https:\/\/explotumarca.com\/index.php?rest_route=\/wp\/v2\/product"}],"about":[{"href":"https:\/\/explotumarca.com\/index.php?rest_route=\/wp\/v2\/types\/product"}],"wp:featuredmedia":[{"embeddable":true,"href":"https:\/\/explotumarca.com\/index.php?rest_route=\/wp\/v2\/media\/5870"}],"wp:attachment":[{"href":"https:\/\/explotumarca.com\/index.php?rest_route=%2Fwp%2Fv2%2Fmedia&parent=5868"}],"wp:term":[{"taxonomy":"product_cat","embeddable":true,"href":"https:\/\/explotumarca.com\/index.php?rest_route=%2Fwp%2Fv2%2Fproduct_cat&post=5868"},{"taxonomy":"product_tag","embeddable":true,"href":"https:\/\/explotumarca.com\/index.php?rest_route=%2Fwp%2Fv2%2Fproduct_tag&post=5868"}],"curies":[{"name":"wp","href":"https:\/\/api.w.org\/{rel}","templated":true}]}}