{"id":5871,"date":"2022-04-01T12:42:08","date_gmt":"2022-04-01T18:42:08","guid":{"rendered":"https:\/\/explotumarca.com\/?post_type=product&#038;p=5871"},"modified":"2022-04-11T13:25:42","modified_gmt":"2022-04-11T18:25:42","slug":"rally-speaker","status":"publish","type":"product","link":"https:\/\/explotumarca.com\/?product=rally-speaker","title":{"rendered":"RALLY SPEAKER"},"content":{"rendered":"<h1 class=\"title js-title\">RALLY SPEAKER BOCINA PARA VIDEOLLAMADAS<\/h1>\n<div class=\"large body js-subtitle\">La segunda bocina se conecta a <a href=\"https:\/\/www.logitech.com\/es-mx\/products\/video-conferencing\/conference-cameras\/rally-ultra-hd-ptz-camera.960-001226.html\">Logitech Rally<\/a> para proporcionar un sonido claro y pleno, la bocina para videollamadas, clara y que se escucha en toda la sala<\/div>\n<div><\/div>\n<div>\n<h2 class=\"body-copy-title font-title-l font-brown-bold dc-black tc-black mc-black \">ALTO Y CLARO<\/h2>\n<p>Con tecnolog\u00edas RightSound&#x2122; que pr\u00e1cticamente eliminan la distorsi\u00f3n, el clipping y la vibraci\u00f3n, el altavoz Rally facilita la comunicaci\u00f3n verbal con un nivel de volumen adecuado en todo el \u00e1mbito de la sala, algo que es muy importante, para las bocinas para videollamadas y esta lo hace muy bien<\/p>\n<\/div>\n<p>&nbsp;<\/p>\n<h2 class=\"h3 \">AUDIO EN LA PARTE FRONTAL DE LA SALA BOCINA PARA VIDEOLLAMADAS<\/h2>\n<p>Con los altavoces Rally en la parte frontal de la sala, las voces y el v\u00eddeo proceden siempre de la misma direcci\u00f3n (pero nunca de detr\u00e1s del usuario, un problema de los sistemas manos libres de mesa). Con los micr\u00f3fonos sobre la mesa y los altavoces Rally junto a la pantalla, las conversaciones suenan naturales.<\/p>\n<p>&nbsp;<\/p>\n<h2 class=\"h3 \">CAJA ANTIVIBRACI\u00d3N CON ESTA BOCINA PARA VIDEOLLAMADAS<\/h2>\n<p>Este dise\u00f1o pendiente de patente permite una cancelaci\u00f3n de eco superior, a la vez que garantiza la claridad y estabilidad de las im\u00e1genes de video.<\/p>\n<p>&nbsp;<\/p>\n<p>&nbsp;<\/p>\n<h2 class=\"h3 \">VOLUMEN ADECUADO EN SALAS GRANDES<\/h2>\n<p>No hace falta subir el volumen para tener un sonido claro para todos los presentes en la sala. Con sonido procedente de dos altavoces en lugar de uno, las voces se escuchan en toda la sala a un nivel de volumen moderado.<\/p>\n<p>&nbsp;<\/p>\n<p>Ll\u00e1manos al (55) 3342 8218 o d\u00e9janos tus datos <a href=\"https:\/\/explotumarca.com\/?page_id=14\">aqu\u00ed<\/a><\/p>\n","protected":false},"excerpt":{"rendered":"<p>RALLY SPEAKER BOCINA PARA VIDEOLLAMADAS La segunda bocina se conecta a Logitech Rally para proporcionar un sonido claro y pleno, la bocina para videollamadas, clara y que se escucha en toda la sala ALTO Y [&hellip;]<\/p>\n","protected":false},"featured_media":5875,"template":"","meta":{"content-type":""},"product_cat":[101],"product_tag":[],"class_list":{"0":"post-5871","1":"product","2":"type-product","3":"status-publish","4":"has-post-thumbnail","6":"product_cat-accesorios","8":"first","9":"instock","10":"taxable","11":"shipping-taxable","12":"product-type-simple"},"yoast_head":"<!-- This site is optimized with the Yoast SEO Premium plugin v18.8 (Yoast SEO v26.8) - https:\/\/yoast.com\/product\/yoast-seo-premium-wordpress\/ -->\n<title>videollamadas: venta de equipos especiales, bocina para videollamadas<\/title>\n<meta name=\"description\" content=\"Venta de equipo, mantenimiento y capacitaci\u00f3n de zoom videollamadas para Empresas en M\u00e9xico. Cotiza los mejores equipos bocinas, camaras, etc.\" \/>\n<meta name=\"robots\" content=\"index, follow, max-snippet:-1, max-image-preview:large, max-video-preview:-1\" \/>\n<link rel=\"canonical\" href=\"https:\/\/explotumarca.com\/?product=rally-speaker\" \/>\n<meta property=\"og:locale\" content=\"es_MX\" \/>\n<meta property=\"og:type\" content=\"article\" \/>\n<meta property=\"og:title\" content=\"RALLY SPEAKER\" \/>\n<meta property=\"og:description\" content=\"RALLY SPEAKER BOCINA PARA VIDEOLLAMADAS La segunda bocina se conecta a Logitech Rally para proporcionar un sonido claro y pleno, la bocina para\" \/>\n<meta property=\"og:url\" content=\"https:\/\/explotumarca.com\/?product=rally-speaker\" \/>\n<meta property=\"og:site_name\" content=\"Explo\" \/>\n<meta property=\"article:publisher\" content=\"https:\/\/www.facebook.com\/MexicoExplo\/\" \/>\n<meta property=\"article:modified_time\" content=\"2022-04-11T18:25:42+00:00\" \/>\n<meta property=\"og:image\" content=\"https:\/\/explotumarca.com\/wp-content\/uploads\/2022\/04\/RALLY-SPEAKER-LOGITECH-SISTEMA-DE-VIDEOCONFERENCIA-EXPLO-EXPLOTUMARCA.jpg\" \/>\n\t<meta property=\"og:image:width\" content=\"450\" \/>\n\t<meta property=\"og:image:height\" content=\"450\" \/>\n\t<meta property=\"og:image:type\" content=\"image\/jpeg\" \/>\n<meta name=\"twitter:card\" content=\"summary_large_image\" \/>\n<meta name=\"twitter:label1\" content=\"Tiempo de lectura\" \/>\n\t<meta name=\"twitter:data1\" content=\"2 minutos\" \/>\n<script type=\"application\/ld+json\" class=\"yoast-schema-graph\">{\"@context\":\"https:\/\/schema.org\",\"@graph\":[{\"@type\":\"WebPage\",\"@id\":\"https:\/\/explotumarca.com\/?product=rally-speaker\",\"url\":\"https:\/\/explotumarca.com\/?product=rally-speaker\",\"name\":\"videollamadas: venta de equipos especiales, bocina para videollamadas\",\"isPartOf\":{\"@id\":\"https:\/\/explotumarca.com\/#website\"},\"primaryImageOfPage\":{\"@id\":\"https:\/\/explotumarca.com\/?product=rally-speaker#primaryimage\"},\"image\":{\"@id\":\"https:\/\/explotumarca.com\/?product=rally-speaker#primaryimage\"},\"thumbnailUrl\":\"https:\/\/explotumarca.com\/wp-content\/uploads\/2022\/04\/RALLY-SPEAKER-LOGITECH-SISTEMA-DE-VIDEOCONFERENCIA-EXPLO-EXPLOTUMARCA.jpg\",\"datePublished\":\"2022-04-01T18:42:08+00:00\",\"dateModified\":\"2022-04-11T18:25:42+00:00\",\"description\":\"Venta de equipo, mantenimiento y capacitaci\u00f3n de zoom videollamadas para Empresas en M\u00e9xico. Cotiza los mejores equipos bocinas, camaras, etc.\",\"breadcrumb\":{\"@id\":\"https:\/\/explotumarca.com\/?product=rally-speaker#breadcrumb\"},\"inLanguage\":\"es\",\"potentialAction\":[{\"@type\":\"ReadAction\",\"target\":[\"https:\/\/explotumarca.com\/?product=rally-speaker\"]}]},{\"@type\":\"ImageObject\",\"inLanguage\":\"es\",\"@id\":\"https:\/\/explotumarca.com\/?product=rally-speaker#primaryimage\",\"url\":\"https:\/\/explotumarca.com\/wp-content\/uploads\/2022\/04\/RALLY-SPEAKER-LOGITECH-SISTEMA-DE-VIDEOCONFERENCIA-EXPLO-EXPLOTUMARCA.jpg\",\"contentUrl\":\"https:\/\/explotumarca.com\/wp-content\/uploads\/2022\/04\/RALLY-SPEAKER-LOGITECH-SISTEMA-DE-VIDEOCONFERENCIA-EXPLO-EXPLOTUMARCA.jpg\",\"width\":450,\"height\":450,\"caption\":\"RALLY SPEAKER LOGITECH SISTEMA DE VIDEOCONFERENCIA EXPLO EXPLOTUMARCA\"},{\"@type\":\"BreadcrumbList\",\"@id\":\"https:\/\/explotumarca.com\/?product=rally-speaker#breadcrumb\",\"itemListElement\":[{\"@type\":\"ListItem\",\"position\":1,\"name\":\"Inicio\",\"item\":\"https:\/\/explotumarca.com\/\"},{\"@type\":\"ListItem\",\"position\":2,\"name\":\"Productos\",\"item\":\"https:\/\/explotumarca.com\/?post_type=product\"},{\"@type\":\"ListItem\",\"position\":3,\"name\":\"RALLY SPEAKER\"}]},{\"@type\":\"WebSite\",\"@id\":\"https:\/\/explotumarca.com\/#website\",\"url\":\"https:\/\/explotumarca.com\/\",\"name\":\"Explo\",\"description\":\"Productos y servicios corporativos\",\"publisher\":{\"@id\":\"https:\/\/explotumarca.com\/#organization\"},\"potentialAction\":[{\"@type\":\"SearchAction\",\"target\":{\"@type\":\"EntryPoint\",\"urlTemplate\":\"https:\/\/explotumarca.com\/?s={search_term_string}\"},\"query-input\":{\"@type\":\"PropertyValueSpecification\",\"valueRequired\":true,\"valueName\":\"search_term_string\"}}],\"inLanguage\":\"es\"},{\"@type\":\"Organization\",\"@id\":\"https:\/\/explotumarca.com\/#organization\",\"name\":\"Explo\",\"url\":\"https:\/\/explotumarca.com\/\",\"logo\":{\"@type\":\"ImageObject\",\"inLanguage\":\"es\",\"@id\":\"https:\/\/explotumarca.com\/#\/schema\/logo\/image\/\",\"url\":\"http:\/\/arsnovamx.com\/explotumarca.com\/wp-content\/uploads\/2020\/10\/Nuevo-Logo-Explo-2020.jpg\",\"contentUrl\":\"http:\/\/arsnovamx.com\/explotumarca.com\/wp-content\/uploads\/2020\/10\/Nuevo-Logo-Explo-2020.jpg\",\"width\":800,\"height\":334,\"caption\":\"Explo\"},\"image\":{\"@id\":\"https:\/\/explotumarca.com\/#\/schema\/logo\/image\/\"},\"sameAs\":[\"https:\/\/www.facebook.com\/MexicoExplo\/\"]}]}<\/script>\n<!-- \/ Yoast SEO Premium plugin. -->","yoast_head_json":{"title":"videollamadas: venta de equipos especiales, bocina para videollamadas","description":"Venta de equipo, mantenimiento y capacitaci\u00f3n de zoom videollamadas para Empresas en M\u00e9xico. Cotiza los mejores equipos bocinas, camaras, etc.","robots":{"index":"index","follow":"follow","max-snippet":"max-snippet:-1","max-image-preview":"max-image-preview:large","max-video-preview":"max-video-preview:-1"},"canonical":"https:\/\/explotumarca.com\/?product=rally-speaker","og_locale":"es_MX","og_type":"article","og_title":"RALLY SPEAKER","og_description":"RALLY SPEAKER BOCINA PARA VIDEOLLAMADAS La segunda bocina se conecta a Logitech Rally para proporcionar un sonido claro y pleno, la bocina para","og_url":"https:\/\/explotumarca.com\/?product=rally-speaker","og_site_name":"Explo","article_publisher":"https:\/\/www.facebook.com\/MexicoExplo\/","article_modified_time":"2022-04-11T18:25:42+00:00","og_image":[{"width":450,"height":450,"url":"https:\/\/explotumarca.com\/wp-content\/uploads\/2022\/04\/RALLY-SPEAKER-LOGITECH-SISTEMA-DE-VIDEOCONFERENCIA-EXPLO-EXPLOTUMARCA.jpg","type":"image\/jpeg"}],"twitter_card":"summary_large_image","twitter_misc":{"Tiempo de lectura":"2 minutos"},"schema":{"@context":"https:\/\/schema.org","@graph":[{"@type":"WebPage","@id":"https:\/\/explotumarca.com\/?product=rally-speaker","url":"https:\/\/explotumarca.com\/?product=rally-speaker","name":"videollamadas: venta de equipos especiales, bocina para videollamadas","isPartOf":{"@id":"https:\/\/explotumarca.com\/#website"},"primaryImageOfPage":{"@id":"https:\/\/explotumarca.com\/?product=rally-speaker#primaryimage"},"image":{"@id":"https:\/\/explotumarca.com\/?product=rally-speaker#primaryimage"},"thumbnailUrl":"https:\/\/explotumarca.com\/wp-content\/uploads\/2022\/04\/RALLY-SPEAKER-LOGITECH-SISTEMA-DE-VIDEOCONFERENCIA-EXPLO-EXPLOTUMARCA.jpg","datePublished":"2022-04-01T18:42:08+00:00","dateModified":"2022-04-11T18:25:42+00:00","description":"Venta de equipo, mantenimiento y capacitaci\u00f3n de zoom videollamadas para Empresas en M\u00e9xico. Cotiza los mejores equipos bocinas, camaras, etc.","breadcrumb":{"@id":"https:\/\/explotumarca.com\/?product=rally-speaker#breadcrumb"},"inLanguage":"es","potentialAction":[{"@type":"ReadAction","target":["https:\/\/explotumarca.com\/?product=rally-speaker"]}]},{"@type":"ImageObject","inLanguage":"es","@id":"https:\/\/explotumarca.com\/?product=rally-speaker#primaryimage","url":"https:\/\/explotumarca.com\/wp-content\/uploads\/2022\/04\/RALLY-SPEAKER-LOGITECH-SISTEMA-DE-VIDEOCONFERENCIA-EXPLO-EXPLOTUMARCA.jpg","contentUrl":"https:\/\/explotumarca.com\/wp-content\/uploads\/2022\/04\/RALLY-SPEAKER-LOGITECH-SISTEMA-DE-VIDEOCONFERENCIA-EXPLO-EXPLOTUMARCA.jpg","width":450,"height":450,"caption":"RALLY SPEAKER LOGITECH SISTEMA DE VIDEOCONFERENCIA EXPLO EXPLOTUMARCA"},{"@type":"BreadcrumbList","@id":"https:\/\/explotumarca.com\/?product=rally-speaker#breadcrumb","itemListElement":[{"@type":"ListItem","position":1,"name":"Inicio","item":"https:\/\/explotumarca.com\/"},{"@type":"ListItem","position":2,"name":"Productos","item":"https:\/\/explotumarca.com\/?post_type=product"},{"@type":"ListItem","position":3,"name":"RALLY SPEAKER"}]},{"@type":"WebSite","@id":"https:\/\/explotumarca.com\/#website","url":"https:\/\/explotumarca.com\/","name":"Explo","description":"Productos y servicios corporativos","publisher":{"@id":"https:\/\/explotumarca.com\/#organization"},"potentialAction":[{"@type":"SearchAction","target":{"@type":"EntryPoint","urlTemplate":"https:\/\/explotumarca.com\/?s={search_term_string}"},"query-input":{"@type":"PropertyValueSpecification","valueRequired":true,"valueName":"search_term_string"}}],"inLanguage":"es"},{"@type":"Organization","@id":"https:\/\/explotumarca.com\/#organization","name":"Explo","url":"https:\/\/explotumarca.com\/","logo":{"@type":"ImageObject","inLanguage":"es","@id":"https:\/\/explotumarca.com\/#\/schema\/logo\/image\/","url":"http:\/\/arsnovamx.com\/explotumarca.com\/wp-content\/uploads\/2020\/10\/Nuevo-Logo-Explo-2020.jpg","contentUrl":"http:\/\/arsnovamx.com\/explotumarca.com\/wp-content\/uploads\/2020\/10\/Nuevo-Logo-Explo-2020.jpg","width":800,"height":334,"caption":"Explo"},"image":{"@id":"https:\/\/explotumarca.com\/#\/schema\/logo\/image\/"},"sameAs":["https:\/\/www.facebook.com\/MexicoExplo\/"]}]}},"_links":{"self":[{"href":"https:\/\/explotumarca.com\/index.php?rest_route=\/wp\/v2\/product\/5871","targetHints":{"allow":["GET"]}}],"collection":[{"href":"https:\/\/explotumarca.com\/index.php?rest_route=\/wp\/v2\/product"}],"about":[{"href":"https:\/\/explotumarca.com\/index.php?rest_route=\/wp\/v2\/types\/product"}],"wp:featuredmedia":[{"embeddable":true,"href":"https:\/\/explotumarca.com\/index.php?rest_route=\/wp\/v2\/media\/5875"}],"wp:attachment":[{"href":"https:\/\/explotumarca.com\/index.php?rest_route=%2Fwp%2Fv2%2Fmedia&parent=5871"}],"wp:term":[{"taxonomy":"product_cat","embeddable":true,"href":"https:\/\/explotumarca.com\/index.php?rest_route=%2Fwp%2Fv2%2Fproduct_cat&post=5871"},{"taxonomy":"product_tag","embeddable":true,"href":"https:\/\/explotumarca.com\/index.php?rest_route=%2Fwp%2Fv2%2Fproduct_tag&post=5871"}],"curies":[{"name":"wp","href":"https:\/\/api.w.org\/{rel}","templated":true}]}}