{"id":5878,"date":"2022-04-01T12:57:14","date_gmt":"2022-04-01T18:57:14","guid":{"rendered":"https:\/\/explotumarca.com\/?post_type=product&#038;p=5878"},"modified":"2022-04-11T13:24:01","modified_gmt":"2022-04-11T18:24:01","slug":"pieza-de-montaje-en-pared-para-logitech-tap","status":"publish","type":"product","link":"https:\/\/explotumarca.com\/?product=pieza-de-montaje-en-pared-para-logitech-tap","title":{"rendered":"PIEZA DE MONTAJE EN PARED PARA LOGITECH TAP"},"content":{"rendered":"<h1 class=\"title js-title\">PIEZA DE MONTAJE EN PARED PARA LOGITECH TAP<\/h1>\n<div class=\"large body js-subtitle\">Pieza de montaje en pared compacta con distribuci\u00f3n de cables para los controladores t\u00e1ctiles Logitech Tap y Tap IP para salas de reuni\u00f3n.<\/div>\n<div>Dise\u00f1ada para economizar espacio sobre la mesa de espacios de reuni\u00f3n reducidos y para uso en pasillos y \u00e1reas abiertas, la pieza de montaje en pared de Logitech Tap ofrece pr\u00e1ctico acceso a los controles t\u00e1ctiles. Una base magn\u00e9tica sujeta con precisi\u00f3n un cable HDMI para compartir contenido por cable.<\/div>\n<div><\/div>\n<div><\/div>\n<div>\n<h2 class=\"h3 \">SE MONTA AL RAS Y QUEDA FIJA<\/h2>\n<p>La placa y la pieza de retenci\u00f3n robustas mantienen el controlador en su sitio, sin restar atractivo al aspecto estilizado.<\/p>\n<\/div>\n<p>&nbsp;<\/p>\n<h2 class=\"h3 \">DISTRIBUCI\u00d3N DE CABLES DESPEJADA<\/h2>\n<p>Al usar Tap con aplicaciones compatibles con uso compartido de contenido por cable, un clip y una base magn\u00e9tica mantienen accesible, y a la vez apartado, un cable HDMI.<\/p>\n<p>&nbsp;<\/p>\n<h2 class=\"body-copy-title font-title-m font-brown-bold \">COMPATIBLE CON CABLEADO EMPOTRADO EN LA PARED<\/h2>\n<p>Compatible con las salidas de cables posterior e inferior de los controladores t\u00e1ctiles para permitir el tendido de cables a trav\u00e9s de la pared o hacia abajo.<\/p>\n<p>&nbsp;<\/p>\n<p>Ll\u00e1manos al (55) 3342 8218 o d\u00e9janos tus datos <a href=\"https:\/\/explotumarca.com\/?page_id=14\">aqu\u00ed<\/a><\/p>\n","protected":false},"excerpt":{"rendered":"<p>PIEZA DE MONTAJE EN PARED PARA LOGITECH TAP Pieza de montaje en pared compacta con distribuci\u00f3n de cables para los controladores t\u00e1ctiles Logitech Tap y Tap IP para salas de reuni\u00f3n. Dise\u00f1ada para economizar espacio [&hellip;]<\/p>\n","protected":false},"featured_media":5884,"template":"","meta":{"content-type":""},"product_cat":[101],"product_tag":[],"class_list":{"0":"post-5878","1":"product","2":"type-product","3":"status-publish","4":"has-post-thumbnail","6":"product_cat-accesorios","8":"first","9":"instock","10":"taxable","11":"shipping-taxable","12":"product-type-simple"},"yoast_head":"<!-- This site is optimized with the Yoast SEO Premium plugin v18.8 (Yoast SEO v26.8) - https:\/\/yoast.com\/product\/yoast-seo-premium-wordpress\/ -->\n<title>Zoom videollamadas; venta de equipos especiales para zoom<\/title>\n<meta name=\"description\" content=\"Venta de equipos, salas, mantenimiento y capacitaci\u00f3n de zoom videollamadas para Empresas en M\u00e9xico. Cotiza los mejores equipos 2020.\" \/>\n<meta name=\"robots\" content=\"index, follow, max-snippet:-1, max-image-preview:large, max-video-preview:-1\" \/>\n<link rel=\"canonical\" href=\"https:\/\/explotumarca.com\/?product=pieza-de-montaje-en-pared-para-logitech-tap\" \/>\n<meta property=\"og:locale\" content=\"es_MX\" \/>\n<meta property=\"og:type\" content=\"article\" \/>\n<meta property=\"og:title\" content=\"PIEZA DE MONTAJE EN PARED PARA LOGITECH TAP\" \/>\n<meta property=\"og:description\" content=\"PIEZA DE MONTAJE EN PARED PARA LOGITECH TAP Pieza de montaje en pared compacta con distribuci\u00f3n de cables para los controladores t\u00e1ctiles Logitech Tap y\" \/>\n<meta property=\"og:url\" content=\"https:\/\/explotumarca.com\/?product=pieza-de-montaje-en-pared-para-logitech-tap\" \/>\n<meta property=\"og:site_name\" content=\"Explo\" \/>\n<meta property=\"article:publisher\" content=\"https:\/\/www.facebook.com\/MexicoExplo\/\" \/>\n<meta property=\"article:modified_time\" content=\"2022-04-11T18:24:01+00:00\" \/>\n<meta property=\"og:image\" content=\"https:\/\/explotumarca.com\/wp-content\/uploads\/2022\/04\/PIEZA-DE-MONTAJE-EN-PARED-PARA-LOGITECH-TAP-SISTEMA-DE-VIDEOCONFERENCIA-EXPLO-EXPLOTUMARCA.jpg\" \/>\n\t<meta property=\"og:image:width\" content=\"450\" \/>\n\t<meta property=\"og:image:height\" content=\"450\" \/>\n\t<meta property=\"og:image:type\" content=\"image\/jpeg\" \/>\n<meta name=\"twitter:card\" content=\"summary_large_image\" \/>\n<meta name=\"twitter:label1\" content=\"Tiempo de lectura\" \/>\n\t<meta name=\"twitter:data1\" content=\"1 minuto\" \/>\n<script type=\"application\/ld+json\" class=\"yoast-schema-graph\">{\"@context\":\"https:\/\/schema.org\",\"@graph\":[{\"@type\":\"WebPage\",\"@id\":\"https:\/\/explotumarca.com\/?product=pieza-de-montaje-en-pared-para-logitech-tap\",\"url\":\"https:\/\/explotumarca.com\/?product=pieza-de-montaje-en-pared-para-logitech-tap\",\"name\":\"Zoom videollamadas; venta de equipos especiales para zoom\",\"isPartOf\":{\"@id\":\"https:\/\/explotumarca.com\/#website\"},\"primaryImageOfPage\":{\"@id\":\"https:\/\/explotumarca.com\/?product=pieza-de-montaje-en-pared-para-logitech-tap#primaryimage\"},\"image\":{\"@id\":\"https:\/\/explotumarca.com\/?product=pieza-de-montaje-en-pared-para-logitech-tap#primaryimage\"},\"thumbnailUrl\":\"https:\/\/explotumarca.com\/wp-content\/uploads\/2022\/04\/PIEZA-DE-MONTAJE-EN-PARED-PARA-LOGITECH-TAP-SISTEMA-DE-VIDEOCONFERENCIA-EXPLO-EXPLOTUMARCA.jpg\",\"datePublished\":\"2022-04-01T18:57:14+00:00\",\"dateModified\":\"2022-04-11T18:24:01+00:00\",\"description\":\"Venta de equipos, salas, mantenimiento y capacitaci\u00f3n de zoom videollamadas para Empresas en M\u00e9xico. Cotiza los mejores equipos 2020.\",\"breadcrumb\":{\"@id\":\"https:\/\/explotumarca.com\/?product=pieza-de-montaje-en-pared-para-logitech-tap#breadcrumb\"},\"inLanguage\":\"es\",\"potentialAction\":[{\"@type\":\"ReadAction\",\"target\":[\"https:\/\/explotumarca.com\/?product=pieza-de-montaje-en-pared-para-logitech-tap\"]}]},{\"@type\":\"ImageObject\",\"inLanguage\":\"es\",\"@id\":\"https:\/\/explotumarca.com\/?product=pieza-de-montaje-en-pared-para-logitech-tap#primaryimage\",\"url\":\"https:\/\/explotumarca.com\/wp-content\/uploads\/2022\/04\/PIEZA-DE-MONTAJE-EN-PARED-PARA-LOGITECH-TAP-SISTEMA-DE-VIDEOCONFERENCIA-EXPLO-EXPLOTUMARCA.jpg\",\"contentUrl\":\"https:\/\/explotumarca.com\/wp-content\/uploads\/2022\/04\/PIEZA-DE-MONTAJE-EN-PARED-PARA-LOGITECH-TAP-SISTEMA-DE-VIDEOCONFERENCIA-EXPLO-EXPLOTUMARCA.jpg\",\"width\":450,\"height\":450,\"caption\":\"PIEZA DE MONTAJE EN PARED PARA LOGITECH TAP SISTEMA DE VIDEOCONFERENCIA EXPLO EXPLOTUMARCA\"},{\"@type\":\"BreadcrumbList\",\"@id\":\"https:\/\/explotumarca.com\/?product=pieza-de-montaje-en-pared-para-logitech-tap#breadcrumb\",\"itemListElement\":[{\"@type\":\"ListItem\",\"position\":1,\"name\":\"Inicio\",\"item\":\"https:\/\/explotumarca.com\/\"},{\"@type\":\"ListItem\",\"position\":2,\"name\":\"Productos\",\"item\":\"https:\/\/explotumarca.com\/?post_type=product\"},{\"@type\":\"ListItem\",\"position\":3,\"name\":\"PIEZA DE MONTAJE EN PARED PARA LOGITECH TAP\"}]},{\"@type\":\"WebSite\",\"@id\":\"https:\/\/explotumarca.com\/#website\",\"url\":\"https:\/\/explotumarca.com\/\",\"name\":\"Explo\",\"description\":\"Productos y servicios corporativos\",\"publisher\":{\"@id\":\"https:\/\/explotumarca.com\/#organization\"},\"potentialAction\":[{\"@type\":\"SearchAction\",\"target\":{\"@type\":\"EntryPoint\",\"urlTemplate\":\"https:\/\/explotumarca.com\/?s={search_term_string}\"},\"query-input\":{\"@type\":\"PropertyValueSpecification\",\"valueRequired\":true,\"valueName\":\"search_term_string\"}}],\"inLanguage\":\"es\"},{\"@type\":\"Organization\",\"@id\":\"https:\/\/explotumarca.com\/#organization\",\"name\":\"Explo\",\"url\":\"https:\/\/explotumarca.com\/\",\"logo\":{\"@type\":\"ImageObject\",\"inLanguage\":\"es\",\"@id\":\"https:\/\/explotumarca.com\/#\/schema\/logo\/image\/\",\"url\":\"http:\/\/arsnovamx.com\/explotumarca.com\/wp-content\/uploads\/2020\/10\/Nuevo-Logo-Explo-2020.jpg\",\"contentUrl\":\"http:\/\/arsnovamx.com\/explotumarca.com\/wp-content\/uploads\/2020\/10\/Nuevo-Logo-Explo-2020.jpg\",\"width\":800,\"height\":334,\"caption\":\"Explo\"},\"image\":{\"@id\":\"https:\/\/explotumarca.com\/#\/schema\/logo\/image\/\"},\"sameAs\":[\"https:\/\/www.facebook.com\/MexicoExplo\/\"]}]}<\/script>\n<!-- \/ Yoast SEO Premium plugin. -->","yoast_head_json":{"title":"Zoom videollamadas; venta de equipos especiales para zoom","description":"Venta de equipos, salas, mantenimiento y capacitaci\u00f3n de zoom videollamadas para Empresas en M\u00e9xico. Cotiza los mejores equipos 2020.","robots":{"index":"index","follow":"follow","max-snippet":"max-snippet:-1","max-image-preview":"max-image-preview:large","max-video-preview":"max-video-preview:-1"},"canonical":"https:\/\/explotumarca.com\/?product=pieza-de-montaje-en-pared-para-logitech-tap","og_locale":"es_MX","og_type":"article","og_title":"PIEZA DE MONTAJE EN PARED PARA LOGITECH TAP","og_description":"PIEZA DE MONTAJE EN PARED PARA LOGITECH TAP Pieza de montaje en pared compacta con distribuci\u00f3n de cables para los controladores t\u00e1ctiles Logitech Tap y","og_url":"https:\/\/explotumarca.com\/?product=pieza-de-montaje-en-pared-para-logitech-tap","og_site_name":"Explo","article_publisher":"https:\/\/www.facebook.com\/MexicoExplo\/","article_modified_time":"2022-04-11T18:24:01+00:00","og_image":[{"width":450,"height":450,"url":"https:\/\/explotumarca.com\/wp-content\/uploads\/2022\/04\/PIEZA-DE-MONTAJE-EN-PARED-PARA-LOGITECH-TAP-SISTEMA-DE-VIDEOCONFERENCIA-EXPLO-EXPLOTUMARCA.jpg","type":"image\/jpeg"}],"twitter_card":"summary_large_image","twitter_misc":{"Tiempo de lectura":"1 minuto"},"schema":{"@context":"https:\/\/schema.org","@graph":[{"@type":"WebPage","@id":"https:\/\/explotumarca.com\/?product=pieza-de-montaje-en-pared-para-logitech-tap","url":"https:\/\/explotumarca.com\/?product=pieza-de-montaje-en-pared-para-logitech-tap","name":"Zoom videollamadas; venta de equipos especiales para zoom","isPartOf":{"@id":"https:\/\/explotumarca.com\/#website"},"primaryImageOfPage":{"@id":"https:\/\/explotumarca.com\/?product=pieza-de-montaje-en-pared-para-logitech-tap#primaryimage"},"image":{"@id":"https:\/\/explotumarca.com\/?product=pieza-de-montaje-en-pared-para-logitech-tap#primaryimage"},"thumbnailUrl":"https:\/\/explotumarca.com\/wp-content\/uploads\/2022\/04\/PIEZA-DE-MONTAJE-EN-PARED-PARA-LOGITECH-TAP-SISTEMA-DE-VIDEOCONFERENCIA-EXPLO-EXPLOTUMARCA.jpg","datePublished":"2022-04-01T18:57:14+00:00","dateModified":"2022-04-11T18:24:01+00:00","description":"Venta de equipos, salas, mantenimiento y capacitaci\u00f3n de zoom videollamadas para Empresas en M\u00e9xico. Cotiza los mejores equipos 2020.","breadcrumb":{"@id":"https:\/\/explotumarca.com\/?product=pieza-de-montaje-en-pared-para-logitech-tap#breadcrumb"},"inLanguage":"es","potentialAction":[{"@type":"ReadAction","target":["https:\/\/explotumarca.com\/?product=pieza-de-montaje-en-pared-para-logitech-tap"]}]},{"@type":"ImageObject","inLanguage":"es","@id":"https:\/\/explotumarca.com\/?product=pieza-de-montaje-en-pared-para-logitech-tap#primaryimage","url":"https:\/\/explotumarca.com\/wp-content\/uploads\/2022\/04\/PIEZA-DE-MONTAJE-EN-PARED-PARA-LOGITECH-TAP-SISTEMA-DE-VIDEOCONFERENCIA-EXPLO-EXPLOTUMARCA.jpg","contentUrl":"https:\/\/explotumarca.com\/wp-content\/uploads\/2022\/04\/PIEZA-DE-MONTAJE-EN-PARED-PARA-LOGITECH-TAP-SISTEMA-DE-VIDEOCONFERENCIA-EXPLO-EXPLOTUMARCA.jpg","width":450,"height":450,"caption":"PIEZA DE MONTAJE EN PARED PARA LOGITECH TAP SISTEMA DE VIDEOCONFERENCIA EXPLO EXPLOTUMARCA"},{"@type":"BreadcrumbList","@id":"https:\/\/explotumarca.com\/?product=pieza-de-montaje-en-pared-para-logitech-tap#breadcrumb","itemListElement":[{"@type":"ListItem","position":1,"name":"Inicio","item":"https:\/\/explotumarca.com\/"},{"@type":"ListItem","position":2,"name":"Productos","item":"https:\/\/explotumarca.com\/?post_type=product"},{"@type":"ListItem","position":3,"name":"PIEZA DE MONTAJE EN PARED PARA LOGITECH TAP"}]},{"@type":"WebSite","@id":"https:\/\/explotumarca.com\/#website","url":"https:\/\/explotumarca.com\/","name":"Explo","description":"Productos y servicios corporativos","publisher":{"@id":"https:\/\/explotumarca.com\/#organization"},"potentialAction":[{"@type":"SearchAction","target":{"@type":"EntryPoint","urlTemplate":"https:\/\/explotumarca.com\/?s={search_term_string}"},"query-input":{"@type":"PropertyValueSpecification","valueRequired":true,"valueName":"search_term_string"}}],"inLanguage":"es"},{"@type":"Organization","@id":"https:\/\/explotumarca.com\/#organization","name":"Explo","url":"https:\/\/explotumarca.com\/","logo":{"@type":"ImageObject","inLanguage":"es","@id":"https:\/\/explotumarca.com\/#\/schema\/logo\/image\/","url":"http:\/\/arsnovamx.com\/explotumarca.com\/wp-content\/uploads\/2020\/10\/Nuevo-Logo-Explo-2020.jpg","contentUrl":"http:\/\/arsnovamx.com\/explotumarca.com\/wp-content\/uploads\/2020\/10\/Nuevo-Logo-Explo-2020.jpg","width":800,"height":334,"caption":"Explo"},"image":{"@id":"https:\/\/explotumarca.com\/#\/schema\/logo\/image\/"},"sameAs":["https:\/\/www.facebook.com\/MexicoExplo\/"]}]}},"_links":{"self":[{"href":"https:\/\/explotumarca.com\/index.php?rest_route=\/wp\/v2\/product\/5878","targetHints":{"allow":["GET"]}}],"collection":[{"href":"https:\/\/explotumarca.com\/index.php?rest_route=\/wp\/v2\/product"}],"about":[{"href":"https:\/\/explotumarca.com\/index.php?rest_route=\/wp\/v2\/types\/product"}],"wp:featuredmedia":[{"embeddable":true,"href":"https:\/\/explotumarca.com\/index.php?rest_route=\/wp\/v2\/media\/5884"}],"wp:attachment":[{"href":"https:\/\/explotumarca.com\/index.php?rest_route=%2Fwp%2Fv2%2Fmedia&parent=5878"}],"wp:term":[{"taxonomy":"product_cat","embeddable":true,"href":"https:\/\/explotumarca.com\/index.php?rest_route=%2Fwp%2Fv2%2Fproduct_cat&post=5878"},{"taxonomy":"product_tag","embeddable":true,"href":"https:\/\/explotumarca.com\/index.php?rest_route=%2Fwp%2Fv2%2Fproduct_tag&post=5878"}],"curies":[{"name":"wp","href":"https:\/\/api.w.org\/{rel}","templated":true}]}}