{"id":5889,"date":"2022-04-01T13:33:33","date_gmt":"2022-04-01T19:33:33","guid":{"rendered":"https:\/\/explotumarca.com\/?post_type=product&#038;p=5889"},"modified":"2022-04-11T13:21:54","modified_gmt":"2022-04-11T18:21:54","slug":"pieza-de-montaje-para-pc","status":"publish","type":"product","link":"https:\/\/explotumarca.com\/?product=pieza-de-montaje-para-pc","title":{"rendered":"PIEZA DE MONTAJE PARA PC"},"content":{"rendered":"<div class=\"product js-plp-product isotope-visible pangea-inited\" data-product-id=\"1042\" data-is-new=\"false\" data-announce-date=\"0\" data-has-3d=\"false\" data-has-ar=\"false\" data-is-award-winner=\"false\" data-is-featured=\"false\" data-bestsellers-rank=\"1678\" data-msrp-price=\"0.0\" data-categories=\"video-conferencing:accessories\" data-product-category=\"vc-accessories\" data-product-name=\"tap-riser-mount\" data-filter-val=\" tap for-rooms mounts grey vc-accessories\" data-compare=\"false\">\n<div class=\"copy-wrapper \">\n<h1 class=\"title js-title\">PIEZA DE MONTAJE PARA PC<\/h1>\n<div class=\"large body js-subtitle\">Pieza de montaje con retenci\u00f3n de cables para mini PC y Chromebox. Instala de forma segura la mini PC o Chromebox fuera de la vista y fuera de peligro. Dise\u00f1ada para una instalaci\u00f3n discreta detr\u00e1s de monitores, dentro de armarios o bajo mesas, la pieza de montaje de PC es ideal para salas de reuniones, tiendas y exhibiciones de ferias comerciales.<\/div>\n<\/div>\n<\/div>\n<div><\/div>\n<div><\/div>\n<div>\n<h2 class=\"body-copy-title font-title-s font-brown-bold dc-black tc-black mc-black \">SE ADAPTA A LA MAYOR\u00cdA DE PC SFF<\/h2>\n<p>La robusta pieza de montaje de acero es apta para computadoras peque\u00f1as (SFF, Small Form Factor) y Chromebox, y placas de montaje con patr\u00f3n VESA de 100 mm.<\/p>\n<\/div>\n<p>&nbsp;<\/p>\n<h2 class=\"body-copy-title font-title-s font-brown-bold dc-black tc-black mc-black \">RETENCI\u00d3N DE CABLES INTEGRADA<\/h2>\n<p>Una abrazadera de retenci\u00f3n de cables de dos piezas alivia la tensi\u00f3n y asegura firmemente los cables USB, HDMI, de alimentaci\u00f3n y de red.<\/p>\n<p>&nbsp;<\/p>\n<h2 class=\"body-copy-title font-title-s font-brown-bold dc-black tc-black mc-black \">DISE\u00d1O OCULTO<\/h2>\n<p>Incluye material de instalaci\u00f3n para montar una PC detr\u00e1s de una pantalla en la pared, o debajo de una mesa.<\/p>\n<p>&nbsp;<\/p>\n<p>Ll\u00e1manos al (55) 3342 8218 o d\u00e9janos tus datos <a href=\"https:\/\/explotumarca.com\/?page_id=14\">aqu\u00ed<\/a><\/p>\n","protected":false},"excerpt":{"rendered":"<p>PIEZA DE MONTAJE PARA PC Pieza de montaje con retenci\u00f3n de cables para mini PC y Chromebox. Instala de forma segura la mini PC o Chromebox fuera de la vista y fuera de peligro. Dise\u00f1ada [&hellip;]<\/p>\n","protected":false},"featured_media":5892,"template":"","meta":{"content-type":""},"product_cat":[101],"product_tag":[],"class_list":{"0":"post-5889","1":"product","2":"type-product","3":"status-publish","4":"has-post-thumbnail","6":"product_cat-accesorios","8":"first","9":"instock","10":"taxable","11":"shipping-taxable","12":"product-type-simple"},"yoast_head":"<!-- This site is optimized with the Yoast SEO Premium plugin v18.8 (Yoast SEO v26.8) - https:\/\/yoast.com\/product\/yoast-seo-premium-wordpress\/ -->\n<title>Zoom videollamadas; venta de equipos especiales para zoom<\/title>\n<meta name=\"description\" content=\"Venta de equipos, salas, mantenimiento y capacitaci\u00f3n de zoom videollamadas para Empresas en M\u00e9xico. Cotiza los mejores equipos 2020.\" \/>\n<meta name=\"robots\" content=\"index, follow, max-snippet:-1, max-image-preview:large, max-video-preview:-1\" \/>\n<link rel=\"canonical\" href=\"https:\/\/explotumarca.com\/?product=pieza-de-montaje-para-pc\" \/>\n<meta property=\"og:locale\" content=\"es_MX\" \/>\n<meta property=\"og:type\" content=\"article\" \/>\n<meta property=\"og:title\" content=\"PIEZA DE MONTAJE PARA PC\" \/>\n<meta property=\"og:description\" content=\"PIEZA DE MONTAJE PARA PC Pieza de montaje con retenci\u00f3n de cables para mini PC y Chromebox. Instala de forma segura la mini PC o Chromebox fuera de la\" \/>\n<meta property=\"og:url\" content=\"https:\/\/explotumarca.com\/?product=pieza-de-montaje-para-pc\" \/>\n<meta property=\"og:site_name\" content=\"Explo\" \/>\n<meta property=\"article:publisher\" content=\"https:\/\/www.facebook.com\/MexicoExplo\/\" \/>\n<meta property=\"article:modified_time\" content=\"2022-04-11T18:21:54+00:00\" \/>\n<meta property=\"og:image\" content=\"https:\/\/explotumarca.com\/wp-content\/uploads\/2022\/04\/PIEZA-DE-MONTAJE-PARA-PC-LOGITECH-SISTEMA-DE-VIDEOCONFERENCIA-EXPLO-EXPLOTUMARCA-2.jpg\" \/>\n\t<meta property=\"og:image:width\" content=\"450\" \/>\n\t<meta property=\"og:image:height\" content=\"450\" \/>\n\t<meta property=\"og:image:type\" content=\"image\/jpeg\" \/>\n<meta name=\"twitter:card\" content=\"summary_large_image\" \/>\n<meta name=\"twitter:label1\" content=\"Tiempo de lectura\" \/>\n\t<meta name=\"twitter:data1\" content=\"1 minuto\" \/>\n<script type=\"application\/ld+json\" class=\"yoast-schema-graph\">{\"@context\":\"https:\/\/schema.org\",\"@graph\":[{\"@type\":\"WebPage\",\"@id\":\"https:\/\/explotumarca.com\/?product=pieza-de-montaje-para-pc\",\"url\":\"https:\/\/explotumarca.com\/?product=pieza-de-montaje-para-pc\",\"name\":\"Zoom videollamadas; venta de equipos especiales para zoom\",\"isPartOf\":{\"@id\":\"https:\/\/explotumarca.com\/#website\"},\"primaryImageOfPage\":{\"@id\":\"https:\/\/explotumarca.com\/?product=pieza-de-montaje-para-pc#primaryimage\"},\"image\":{\"@id\":\"https:\/\/explotumarca.com\/?product=pieza-de-montaje-para-pc#primaryimage\"},\"thumbnailUrl\":\"https:\/\/explotumarca.com\/wp-content\/uploads\/2022\/04\/PIEZA-DE-MONTAJE-PARA-PC-LOGITECH-SISTEMA-DE-VIDEOCONFERENCIA-EXPLO-EXPLOTUMARCA-2.jpg\",\"datePublished\":\"2022-04-01T19:33:33+00:00\",\"dateModified\":\"2022-04-11T18:21:54+00:00\",\"description\":\"Venta de equipos, salas, mantenimiento y capacitaci\u00f3n de zoom videollamadas para Empresas en M\u00e9xico. Cotiza los mejores equipos 2020.\",\"breadcrumb\":{\"@id\":\"https:\/\/explotumarca.com\/?product=pieza-de-montaje-para-pc#breadcrumb\"},\"inLanguage\":\"es\",\"potentialAction\":[{\"@type\":\"ReadAction\",\"target\":[\"https:\/\/explotumarca.com\/?product=pieza-de-montaje-para-pc\"]}]},{\"@type\":\"ImageObject\",\"inLanguage\":\"es\",\"@id\":\"https:\/\/explotumarca.com\/?product=pieza-de-montaje-para-pc#primaryimage\",\"url\":\"https:\/\/explotumarca.com\/wp-content\/uploads\/2022\/04\/PIEZA-DE-MONTAJE-PARA-PC-LOGITECH-SISTEMA-DE-VIDEOCONFERENCIA-EXPLO-EXPLOTUMARCA-2.jpg\",\"contentUrl\":\"https:\/\/explotumarca.com\/wp-content\/uploads\/2022\/04\/PIEZA-DE-MONTAJE-PARA-PC-LOGITECH-SISTEMA-DE-VIDEOCONFERENCIA-EXPLO-EXPLOTUMARCA-2.jpg\",\"width\":450,\"height\":450,\"caption\":\"PIEZA DE MONTAJE PARA PC LOGITECH SISTEMA DE VIDEOCONFERENCIA EXPLO EXPLOTUMARCA 2\"},{\"@type\":\"BreadcrumbList\",\"@id\":\"https:\/\/explotumarca.com\/?product=pieza-de-montaje-para-pc#breadcrumb\",\"itemListElement\":[{\"@type\":\"ListItem\",\"position\":1,\"name\":\"Inicio\",\"item\":\"https:\/\/explotumarca.com\/\"},{\"@type\":\"ListItem\",\"position\":2,\"name\":\"Productos\",\"item\":\"https:\/\/explotumarca.com\/?post_type=product\"},{\"@type\":\"ListItem\",\"position\":3,\"name\":\"PIEZA DE MONTAJE PARA PC\"}]},{\"@type\":\"WebSite\",\"@id\":\"https:\/\/explotumarca.com\/#website\",\"url\":\"https:\/\/explotumarca.com\/\",\"name\":\"Explo\",\"description\":\"Productos y servicios corporativos\",\"publisher\":{\"@id\":\"https:\/\/explotumarca.com\/#organization\"},\"potentialAction\":[{\"@type\":\"SearchAction\",\"target\":{\"@type\":\"EntryPoint\",\"urlTemplate\":\"https:\/\/explotumarca.com\/?s={search_term_string}\"},\"query-input\":{\"@type\":\"PropertyValueSpecification\",\"valueRequired\":true,\"valueName\":\"search_term_string\"}}],\"inLanguage\":\"es\"},{\"@type\":\"Organization\",\"@id\":\"https:\/\/explotumarca.com\/#organization\",\"name\":\"Explo\",\"url\":\"https:\/\/explotumarca.com\/\",\"logo\":{\"@type\":\"ImageObject\",\"inLanguage\":\"es\",\"@id\":\"https:\/\/explotumarca.com\/#\/schema\/logo\/image\/\",\"url\":\"http:\/\/arsnovamx.com\/explotumarca.com\/wp-content\/uploads\/2020\/10\/Nuevo-Logo-Explo-2020.jpg\",\"contentUrl\":\"http:\/\/arsnovamx.com\/explotumarca.com\/wp-content\/uploads\/2020\/10\/Nuevo-Logo-Explo-2020.jpg\",\"width\":800,\"height\":334,\"caption\":\"Explo\"},\"image\":{\"@id\":\"https:\/\/explotumarca.com\/#\/schema\/logo\/image\/\"},\"sameAs\":[\"https:\/\/www.facebook.com\/MexicoExplo\/\"]}]}<\/script>\n<!-- \/ Yoast SEO Premium plugin. -->","yoast_head_json":{"title":"Zoom videollamadas; venta de equipos especiales para zoom","description":"Venta de equipos, salas, mantenimiento y capacitaci\u00f3n de zoom videollamadas para Empresas en M\u00e9xico. Cotiza los mejores equipos 2020.","robots":{"index":"index","follow":"follow","max-snippet":"max-snippet:-1","max-image-preview":"max-image-preview:large","max-video-preview":"max-video-preview:-1"},"canonical":"https:\/\/explotumarca.com\/?product=pieza-de-montaje-para-pc","og_locale":"es_MX","og_type":"article","og_title":"PIEZA DE MONTAJE PARA PC","og_description":"PIEZA DE MONTAJE PARA PC Pieza de montaje con retenci\u00f3n de cables para mini PC y Chromebox. Instala de forma segura la mini PC o Chromebox fuera de la","og_url":"https:\/\/explotumarca.com\/?product=pieza-de-montaje-para-pc","og_site_name":"Explo","article_publisher":"https:\/\/www.facebook.com\/MexicoExplo\/","article_modified_time":"2022-04-11T18:21:54+00:00","og_image":[{"width":450,"height":450,"url":"https:\/\/explotumarca.com\/wp-content\/uploads\/2022\/04\/PIEZA-DE-MONTAJE-PARA-PC-LOGITECH-SISTEMA-DE-VIDEOCONFERENCIA-EXPLO-EXPLOTUMARCA-2.jpg","type":"image\/jpeg"}],"twitter_card":"summary_large_image","twitter_misc":{"Tiempo de lectura":"1 minuto"},"schema":{"@context":"https:\/\/schema.org","@graph":[{"@type":"WebPage","@id":"https:\/\/explotumarca.com\/?product=pieza-de-montaje-para-pc","url":"https:\/\/explotumarca.com\/?product=pieza-de-montaje-para-pc","name":"Zoom videollamadas; venta de equipos especiales para zoom","isPartOf":{"@id":"https:\/\/explotumarca.com\/#website"},"primaryImageOfPage":{"@id":"https:\/\/explotumarca.com\/?product=pieza-de-montaje-para-pc#primaryimage"},"image":{"@id":"https:\/\/explotumarca.com\/?product=pieza-de-montaje-para-pc#primaryimage"},"thumbnailUrl":"https:\/\/explotumarca.com\/wp-content\/uploads\/2022\/04\/PIEZA-DE-MONTAJE-PARA-PC-LOGITECH-SISTEMA-DE-VIDEOCONFERENCIA-EXPLO-EXPLOTUMARCA-2.jpg","datePublished":"2022-04-01T19:33:33+00:00","dateModified":"2022-04-11T18:21:54+00:00","description":"Venta de equipos, salas, mantenimiento y capacitaci\u00f3n de zoom videollamadas para Empresas en M\u00e9xico. Cotiza los mejores equipos 2020.","breadcrumb":{"@id":"https:\/\/explotumarca.com\/?product=pieza-de-montaje-para-pc#breadcrumb"},"inLanguage":"es","potentialAction":[{"@type":"ReadAction","target":["https:\/\/explotumarca.com\/?product=pieza-de-montaje-para-pc"]}]},{"@type":"ImageObject","inLanguage":"es","@id":"https:\/\/explotumarca.com\/?product=pieza-de-montaje-para-pc#primaryimage","url":"https:\/\/explotumarca.com\/wp-content\/uploads\/2022\/04\/PIEZA-DE-MONTAJE-PARA-PC-LOGITECH-SISTEMA-DE-VIDEOCONFERENCIA-EXPLO-EXPLOTUMARCA-2.jpg","contentUrl":"https:\/\/explotumarca.com\/wp-content\/uploads\/2022\/04\/PIEZA-DE-MONTAJE-PARA-PC-LOGITECH-SISTEMA-DE-VIDEOCONFERENCIA-EXPLO-EXPLOTUMARCA-2.jpg","width":450,"height":450,"caption":"PIEZA DE MONTAJE PARA PC LOGITECH SISTEMA DE VIDEOCONFERENCIA EXPLO EXPLOTUMARCA 2"},{"@type":"BreadcrumbList","@id":"https:\/\/explotumarca.com\/?product=pieza-de-montaje-para-pc#breadcrumb","itemListElement":[{"@type":"ListItem","position":1,"name":"Inicio","item":"https:\/\/explotumarca.com\/"},{"@type":"ListItem","position":2,"name":"Productos","item":"https:\/\/explotumarca.com\/?post_type=product"},{"@type":"ListItem","position":3,"name":"PIEZA DE MONTAJE PARA PC"}]},{"@type":"WebSite","@id":"https:\/\/explotumarca.com\/#website","url":"https:\/\/explotumarca.com\/","name":"Explo","description":"Productos y servicios corporativos","publisher":{"@id":"https:\/\/explotumarca.com\/#organization"},"potentialAction":[{"@type":"SearchAction","target":{"@type":"EntryPoint","urlTemplate":"https:\/\/explotumarca.com\/?s={search_term_string}"},"query-input":{"@type":"PropertyValueSpecification","valueRequired":true,"valueName":"search_term_string"}}],"inLanguage":"es"},{"@type":"Organization","@id":"https:\/\/explotumarca.com\/#organization","name":"Explo","url":"https:\/\/explotumarca.com\/","logo":{"@type":"ImageObject","inLanguage":"es","@id":"https:\/\/explotumarca.com\/#\/schema\/logo\/image\/","url":"http:\/\/arsnovamx.com\/explotumarca.com\/wp-content\/uploads\/2020\/10\/Nuevo-Logo-Explo-2020.jpg","contentUrl":"http:\/\/arsnovamx.com\/explotumarca.com\/wp-content\/uploads\/2020\/10\/Nuevo-Logo-Explo-2020.jpg","width":800,"height":334,"caption":"Explo"},"image":{"@id":"https:\/\/explotumarca.com\/#\/schema\/logo\/image\/"},"sameAs":["https:\/\/www.facebook.com\/MexicoExplo\/"]}]}},"_links":{"self":[{"href":"https:\/\/explotumarca.com\/index.php?rest_route=\/wp\/v2\/product\/5889","targetHints":{"allow":["GET"]}}],"collection":[{"href":"https:\/\/explotumarca.com\/index.php?rest_route=\/wp\/v2\/product"}],"about":[{"href":"https:\/\/explotumarca.com\/index.php?rest_route=\/wp\/v2\/types\/product"}],"wp:featuredmedia":[{"embeddable":true,"href":"https:\/\/explotumarca.com\/index.php?rest_route=\/wp\/v2\/media\/5892"}],"wp:attachment":[{"href":"https:\/\/explotumarca.com\/index.php?rest_route=%2Fwp%2Fv2%2Fmedia&parent=5889"}],"wp:term":[{"taxonomy":"product_cat","embeddable":true,"href":"https:\/\/explotumarca.com\/index.php?rest_route=%2Fwp%2Fv2%2Fproduct_cat&post=5889"},{"taxonomy":"product_tag","embeddable":true,"href":"https:\/\/explotumarca.com\/index.php?rest_route=%2Fwp%2Fv2%2Fproduct_tag&post=5889"}],"curies":[{"name":"wp","href":"https:\/\/api.w.org\/{rel}","templated":true}]}}