{"id":5914,"date":"2022-04-01T15:06:52","date_gmt":"2022-04-01T21:06:52","guid":{"rendered":"https:\/\/explotumarca.com\/?post_type=product&#038;p=5914"},"modified":"2022-04-11T13:19:41","modified_gmt":"2022-04-11T18:19:41","slug":"pieza-de-montaje-para-computadora-de-sala","status":"publish","type":"product","link":"https:\/\/explotumarca.com\/?product=pieza-de-montaje-para-computadora-de-sala","title":{"rendered":"PIEZA DE MONTAJE PARA COMPUTADORA DE SALA"},"content":{"rendered":"<h1 class=\"title js-title\">PIEZA DE MONTAJE PARA COMPUTADORA DE SALA<\/h1>\n<div class=\"large body js-subtitle\">Soporte de montaje con retenci\u00f3n de cables para Logitech RoomMate y otros dispositivos inform\u00e1ticos de videoconferencia.<\/div>\n<div><\/div>\n<div><\/div>\n<div>\n<div id=\"text_editable_copy-ie8c74306d084db4ee353d3bd091212d9\" class=\"pangea-cmp body-copy js-pangea-body-copy aem-margin-options font-size-normal font-brown-light dc-kohle tc-kohle mc-kohle\" data-align-desktop=\"center\" data-align-tablet=\"center\" data-align-mobile=\"center\">\n<div class=\"aem-content-ctn no-container\">\n<div id=\"text_editable_copy-ie8c74306d084db4ee353d3bd091212d9-padding-options\" class=\"aem-padding-options dpll dprl tplxl tprxl\">\n<div class=\"content-ctn rte-field text-width-normal\">\n<h2 class=\"body-copy-title font-title-l font-brown-bold \">UNA OPCI\u00d3N DE MONTAJE ORDENADA Y SEGURA<\/h2>\n<\/div>\n<\/div>\n<\/div>\n<\/div>\n<div id=\"text_editable-ib9f8056fb960b589e9463f0efa18582b\" class=\"pangea-cmp body-copy js-pangea-body-copy aem-margin-options font-size-normal font-brown-light dc-kohle tc-kohle mc-kohle\" data-align-desktop=\"center\" data-align-tablet=\"center\" data-align-mobile=\"center\">\n<div class=\"aem-content-ctn no-container\">\n<div id=\"text_editable-ib9f8056fb960b589e9463f0efa18582b-padding-options\" class=\"aem-padding-options \">\n<div class=\"content-ctn rte-field text-width-normal\">\n<p>Monta de forma segura tu dispositivo inform\u00e1tico fuera de la vista y fuera de peligro. Dise\u00f1ado para garantizar una instalaci\u00f3n discreta detr\u00e1s de pantallas, dentro de gabinetes o en carros, la pieza de montaje en computadora es ideal para cualquier espacio de videoconferencia y es perfecta para Logitech RoomMate, el sistema inform\u00e1tico Google Meet, Intel NUC y otros dispositivos inform\u00e1ticos de videoconferencia.<\/p>\n<\/div>\n<\/div>\n<\/div>\n<\/div>\n<\/div>\n<p>&nbsp;<\/p>\n<div id=\"text_editable_copy-ia07fe0a2f243ed5bc86fbc5eebbe90c7\" class=\"pangea-cmp body-copy js-pangea-body-copy aem-margin-options font-size-normal font-brown-light dc-kohle tc-kohle mc-kohle\" data-align-desktop=\"center\" data-align-tablet=\"center\" data-align-mobile=\"center\">\n<div class=\"aem-content-ctn no-container\">\n<div id=\"text_editable_copy-ia07fe0a2f243ed5bc86fbc5eebbe90c7-padding-options\" class=\"aem-padding-options dpll dprl tplxl tprxl\">\n<div class=\"content-ctn rte-field text-width-normal\">\n<h2 class=\"body-copy-title font-title-l font-brown-bold \">SE ADAPTA A ROOMMATE Y A OTRAS COMPUTADORAS DE SSF<\/h2>\n<\/div>\n<\/div>\n<\/div>\n<\/div>\n<div id=\"text_editable-ie96d99dc96ebbf79e448b77c6dc634cb\" class=\"pangea-cmp body-copy js-pangea-body-copy aem-margin-options font-size-normal font-brown-light dc-kohle tc-kohle mc-kohle\" data-align-desktop=\"center\" data-align-tablet=\"center\" data-align-mobile=\"center\">\n<div class=\"aem-content-ctn no-container\">\n<div id=\"text_editable-ie96d99dc96ebbf79e448b77c6dc634cb-padding-options\" class=\"aem-padding-options \">\n<div class=\"content-ctn rte-field text-width-normal\">\n<p>La robusta pieza de montaje de acero se adapta a Logitech RoomMate y otros dispositivos inform\u00e1ticos peque\u00f1os compatibles mediante los patrones de montaje VESA est\u00e1ndar de 75 mm o 100 mm.<\/p>\n<\/div>\n<\/div>\n<\/div>\n<\/div>\n<p>&nbsp;<\/p>\n<h2 class=\"font-title-l js-title \">RETENCI\u00d3N DE CABLES INTEGRADA<\/h2>\n<div class=\"body-copy-ctn js-body-copy-ctn rte-field \">\n<p>La abrazadera de retenci\u00f3n de cables alivia la tensi\u00f3n del cable y mantiene las conexiones ajustadas y seguras, incluidos los cables USB, HDMI, de alimentaci\u00f3n y de red\u00a0<a class=\"note note-tooltip js-note-tooltip pangea-inited\"><sup aria-label=\"footnote 1\">1<\/sup><span class=\"visually-hidden js-tooltip-descriptor\" aria-hidden=\"true\">Compatible con un patr\u00f3n VESA de 100&#215;100 o 75&#215;75.<\/span><\/a>\u00a0La abrazadera de dos piezas est\u00e1 elevada para lograr mayor flexibilidad y menos tensi\u00f3n.<\/p>\n<\/div>\n<p>&nbsp;<\/p>\n<div id=\"text_editable_copy-i58b3ab348de384c6f72d09acbce0f0e3\" class=\"pangea-cmp body-copy js-pangea-body-copy aem-margin-options font-size-normal font-brown-light dc-kohle tc-kohle mc-kohle\" data-align-desktop=\"center\" data-align-tablet=\"center\" data-align-mobile=\"center\">\n<div class=\"aem-content-ctn no-container\">\n<div id=\"text_editable_copy-i58b3ab348de384c6f72d09acbce0f0e3-padding-options\" class=\"aem-padding-options dpll dprl tpll tprl mprl mpll\">\n<div class=\"content-ctn rte-field text-width-normal\">\n<h2 class=\"body-copy-title font-title-l font-brown-bold \">DISE\u00d1O OCULTO<\/h2>\n<\/div>\n<\/div>\n<\/div>\n<\/div>\n<div id=\"text_editable-icf0bb305154e52c5f53816e55c668fc5\" class=\"pangea-cmp body-copy js-pangea-body-copy aem-margin-options font-size-normal font-brown-light dc-kohle tc-kohle mc-kohle\" data-align-desktop=\"center\" data-align-tablet=\"center\" data-align-mobile=\"center\">\n<div class=\"aem-content-ctn no-container\">\n<div id=\"text_editable-icf0bb305154e52c5f53816e55c668fc5-padding-options\" class=\"aem-padding-options \">\n<div class=\"content-ctn rte-field text-width-normal\">\n<p>La pieza de montaje en computadora incluye hardware para poder lograr que el montaje de RoomMate u otros dispositivos inform\u00e1ticos compatibles sea discreto y est\u00e9 fuera de la vista y fuera de peligro.<\/p>\n<p>Ll\u00e1manos al (55) 3342 8218 o d\u00e9janos tus datos <a href=\"https:\/\/explotumarca.com\/?page_id=14\">aqu\u00ed<\/a><\/p>\n<\/div>\n<\/div>\n<\/div>\n<\/div>\n","protected":false},"excerpt":{"rendered":"<p>PIEZA DE MONTAJE PARA COMPUTADORA DE SALA Soporte de montaje con retenci\u00f3n de cables para Logitech RoomMate y otros dispositivos inform\u00e1ticos de videoconferencia. UNA OPCI\u00d3N DE MONTAJE ORDENADA Y SEGURA Monta de forma segura tu [&hellip;]<\/p>\n","protected":false},"featured_media":5922,"template":"","meta":{"content-type":""},"product_cat":[101],"product_tag":[],"class_list":{"0":"post-5914","1":"product","2":"type-product","3":"status-publish","4":"has-post-thumbnail","6":"product_cat-accesorios","8":"first","9":"instock","10":"taxable","11":"shipping-taxable","12":"product-type-simple"},"yoast_head":"<!-- This site is optimized with the Yoast SEO Premium plugin v18.8 (Yoast SEO v26.8) - https:\/\/yoast.com\/product\/yoast-seo-premium-wordpress\/ -->\n<title>Zoom videollamadas; venta de equipos especiales para zoom<\/title>\n<meta name=\"description\" content=\"Venta de equipos, salas, mantenimiento y capacitaci\u00f3n de zoom videollamadas para Empresas en M\u00e9xico. Cotiza los mejores equipos 2020.\" \/>\n<meta name=\"robots\" content=\"index, follow, max-snippet:-1, max-image-preview:large, max-video-preview:-1\" \/>\n<link rel=\"canonical\" href=\"https:\/\/explotumarca.com\/?product=pieza-de-montaje-para-computadora-de-sala\" \/>\n<meta property=\"og:locale\" content=\"es_MX\" \/>\n<meta property=\"og:type\" content=\"article\" \/>\n<meta property=\"og:title\" content=\"PIEZA DE MONTAJE PARA COMPUTADORA DE SALA\" \/>\n<meta property=\"og:description\" content=\"PIEZA DE MONTAJE PARA COMPUTADORA DE SALA Soporte de montaje con retenci\u00f3n de cables para Logitech RoomMate y otros dispositivos inform\u00e1ticos de\" \/>\n<meta property=\"og:url\" content=\"https:\/\/explotumarca.com\/?product=pieza-de-montaje-para-computadora-de-sala\" \/>\n<meta property=\"og:site_name\" content=\"Explo\" \/>\n<meta property=\"article:publisher\" content=\"https:\/\/www.facebook.com\/MexicoExplo\/\" \/>\n<meta property=\"article:modified_time\" content=\"2022-04-11T18:19:41+00:00\" \/>\n<meta property=\"og:image\" content=\"https:\/\/explotumarca.com\/wp-content\/uploads\/2022\/04\/PIEZA-DE-MONTAJE-PARA-COMPUTADORA-DE-SALA-SISTEMA-DE-VIDEOCONFERENCIA-EXPLO-EXPLOTUMARCA.jpg\" \/>\n\t<meta property=\"og:image:width\" content=\"450\" \/>\n\t<meta property=\"og:image:height\" content=\"450\" \/>\n\t<meta property=\"og:image:type\" content=\"image\/jpeg\" \/>\n<meta name=\"twitter:card\" content=\"summary_large_image\" \/>\n<meta name=\"twitter:label1\" content=\"Tiempo de lectura\" \/>\n\t<meta name=\"twitter:data1\" content=\"2 minutos\" \/>\n<script type=\"application\/ld+json\" class=\"yoast-schema-graph\">{\"@context\":\"https:\/\/schema.org\",\"@graph\":[{\"@type\":\"WebPage\",\"@id\":\"https:\/\/explotumarca.com\/?product=pieza-de-montaje-para-computadora-de-sala\",\"url\":\"https:\/\/explotumarca.com\/?product=pieza-de-montaje-para-computadora-de-sala\",\"name\":\"Zoom videollamadas; venta de equipos especiales para zoom\",\"isPartOf\":{\"@id\":\"https:\/\/explotumarca.com\/#website\"},\"primaryImageOfPage\":{\"@id\":\"https:\/\/explotumarca.com\/?product=pieza-de-montaje-para-computadora-de-sala#primaryimage\"},\"image\":{\"@id\":\"https:\/\/explotumarca.com\/?product=pieza-de-montaje-para-computadora-de-sala#primaryimage\"},\"thumbnailUrl\":\"https:\/\/explotumarca.com\/wp-content\/uploads\/2022\/04\/PIEZA-DE-MONTAJE-PARA-COMPUTADORA-DE-SALA-SISTEMA-DE-VIDEOCONFERENCIA-EXPLO-EXPLOTUMARCA.jpg\",\"datePublished\":\"2022-04-01T21:06:52+00:00\",\"dateModified\":\"2022-04-11T18:19:41+00:00\",\"description\":\"Venta de equipos, salas, mantenimiento y capacitaci\u00f3n de zoom videollamadas para Empresas en M\u00e9xico. Cotiza los mejores equipos 2020.\",\"breadcrumb\":{\"@id\":\"https:\/\/explotumarca.com\/?product=pieza-de-montaje-para-computadora-de-sala#breadcrumb\"},\"inLanguage\":\"es\",\"potentialAction\":[{\"@type\":\"ReadAction\",\"target\":[\"https:\/\/explotumarca.com\/?product=pieza-de-montaje-para-computadora-de-sala\"]}]},{\"@type\":\"ImageObject\",\"inLanguage\":\"es\",\"@id\":\"https:\/\/explotumarca.com\/?product=pieza-de-montaje-para-computadora-de-sala#primaryimage\",\"url\":\"https:\/\/explotumarca.com\/wp-content\/uploads\/2022\/04\/PIEZA-DE-MONTAJE-PARA-COMPUTADORA-DE-SALA-SISTEMA-DE-VIDEOCONFERENCIA-EXPLO-EXPLOTUMARCA.jpg\",\"contentUrl\":\"https:\/\/explotumarca.com\/wp-content\/uploads\/2022\/04\/PIEZA-DE-MONTAJE-PARA-COMPUTADORA-DE-SALA-SISTEMA-DE-VIDEOCONFERENCIA-EXPLO-EXPLOTUMARCA.jpg\",\"width\":450,\"height\":450,\"caption\":\"PIEZA DE MONTAJE PARA COMPUTADORA DE SALA SISTEMA DE VIDEOCONFERENCIA EXPLO EXPLOTUMARCA\"},{\"@type\":\"BreadcrumbList\",\"@id\":\"https:\/\/explotumarca.com\/?product=pieza-de-montaje-para-computadora-de-sala#breadcrumb\",\"itemListElement\":[{\"@type\":\"ListItem\",\"position\":1,\"name\":\"Inicio\",\"item\":\"https:\/\/explotumarca.com\/\"},{\"@type\":\"ListItem\",\"position\":2,\"name\":\"Productos\",\"item\":\"https:\/\/explotumarca.com\/?post_type=product\"},{\"@type\":\"ListItem\",\"position\":3,\"name\":\"PIEZA DE MONTAJE PARA COMPUTADORA DE SALA\"}]},{\"@type\":\"WebSite\",\"@id\":\"https:\/\/explotumarca.com\/#website\",\"url\":\"https:\/\/explotumarca.com\/\",\"name\":\"Explo\",\"description\":\"Productos y servicios corporativos\",\"publisher\":{\"@id\":\"https:\/\/explotumarca.com\/#organization\"},\"potentialAction\":[{\"@type\":\"SearchAction\",\"target\":{\"@type\":\"EntryPoint\",\"urlTemplate\":\"https:\/\/explotumarca.com\/?s={search_term_string}\"},\"query-input\":{\"@type\":\"PropertyValueSpecification\",\"valueRequired\":true,\"valueName\":\"search_term_string\"}}],\"inLanguage\":\"es\"},{\"@type\":\"Organization\",\"@id\":\"https:\/\/explotumarca.com\/#organization\",\"name\":\"Explo\",\"url\":\"https:\/\/explotumarca.com\/\",\"logo\":{\"@type\":\"ImageObject\",\"inLanguage\":\"es\",\"@id\":\"https:\/\/explotumarca.com\/#\/schema\/logo\/image\/\",\"url\":\"http:\/\/arsnovamx.com\/explotumarca.com\/wp-content\/uploads\/2020\/10\/Nuevo-Logo-Explo-2020.jpg\",\"contentUrl\":\"http:\/\/arsnovamx.com\/explotumarca.com\/wp-content\/uploads\/2020\/10\/Nuevo-Logo-Explo-2020.jpg\",\"width\":800,\"height\":334,\"caption\":\"Explo\"},\"image\":{\"@id\":\"https:\/\/explotumarca.com\/#\/schema\/logo\/image\/\"},\"sameAs\":[\"https:\/\/www.facebook.com\/MexicoExplo\/\"]}]}<\/script>\n<!-- \/ Yoast SEO Premium plugin. -->","yoast_head_json":{"title":"Zoom videollamadas; venta de equipos especiales para zoom","description":"Venta de equipos, salas, mantenimiento y capacitaci\u00f3n de zoom videollamadas para Empresas en M\u00e9xico. Cotiza los mejores equipos 2020.","robots":{"index":"index","follow":"follow","max-snippet":"max-snippet:-1","max-image-preview":"max-image-preview:large","max-video-preview":"max-video-preview:-1"},"canonical":"https:\/\/explotumarca.com\/?product=pieza-de-montaje-para-computadora-de-sala","og_locale":"es_MX","og_type":"article","og_title":"PIEZA DE MONTAJE PARA COMPUTADORA DE SALA","og_description":"PIEZA DE MONTAJE PARA COMPUTADORA DE SALA Soporte de montaje con retenci\u00f3n de cables para Logitech RoomMate y otros dispositivos inform\u00e1ticos de","og_url":"https:\/\/explotumarca.com\/?product=pieza-de-montaje-para-computadora-de-sala","og_site_name":"Explo","article_publisher":"https:\/\/www.facebook.com\/MexicoExplo\/","article_modified_time":"2022-04-11T18:19:41+00:00","og_image":[{"width":450,"height":450,"url":"https:\/\/explotumarca.com\/wp-content\/uploads\/2022\/04\/PIEZA-DE-MONTAJE-PARA-COMPUTADORA-DE-SALA-SISTEMA-DE-VIDEOCONFERENCIA-EXPLO-EXPLOTUMARCA.jpg","type":"image\/jpeg"}],"twitter_card":"summary_large_image","twitter_misc":{"Tiempo de lectura":"2 minutos"},"schema":{"@context":"https:\/\/schema.org","@graph":[{"@type":"WebPage","@id":"https:\/\/explotumarca.com\/?product=pieza-de-montaje-para-computadora-de-sala","url":"https:\/\/explotumarca.com\/?product=pieza-de-montaje-para-computadora-de-sala","name":"Zoom videollamadas; venta de equipos especiales para zoom","isPartOf":{"@id":"https:\/\/explotumarca.com\/#website"},"primaryImageOfPage":{"@id":"https:\/\/explotumarca.com\/?product=pieza-de-montaje-para-computadora-de-sala#primaryimage"},"image":{"@id":"https:\/\/explotumarca.com\/?product=pieza-de-montaje-para-computadora-de-sala#primaryimage"},"thumbnailUrl":"https:\/\/explotumarca.com\/wp-content\/uploads\/2022\/04\/PIEZA-DE-MONTAJE-PARA-COMPUTADORA-DE-SALA-SISTEMA-DE-VIDEOCONFERENCIA-EXPLO-EXPLOTUMARCA.jpg","datePublished":"2022-04-01T21:06:52+00:00","dateModified":"2022-04-11T18:19:41+00:00","description":"Venta de equipos, salas, mantenimiento y capacitaci\u00f3n de zoom videollamadas para Empresas en M\u00e9xico. Cotiza los mejores equipos 2020.","breadcrumb":{"@id":"https:\/\/explotumarca.com\/?product=pieza-de-montaje-para-computadora-de-sala#breadcrumb"},"inLanguage":"es","potentialAction":[{"@type":"ReadAction","target":["https:\/\/explotumarca.com\/?product=pieza-de-montaje-para-computadora-de-sala"]}]},{"@type":"ImageObject","inLanguage":"es","@id":"https:\/\/explotumarca.com\/?product=pieza-de-montaje-para-computadora-de-sala#primaryimage","url":"https:\/\/explotumarca.com\/wp-content\/uploads\/2022\/04\/PIEZA-DE-MONTAJE-PARA-COMPUTADORA-DE-SALA-SISTEMA-DE-VIDEOCONFERENCIA-EXPLO-EXPLOTUMARCA.jpg","contentUrl":"https:\/\/explotumarca.com\/wp-content\/uploads\/2022\/04\/PIEZA-DE-MONTAJE-PARA-COMPUTADORA-DE-SALA-SISTEMA-DE-VIDEOCONFERENCIA-EXPLO-EXPLOTUMARCA.jpg","width":450,"height":450,"caption":"PIEZA DE MONTAJE PARA COMPUTADORA DE SALA SISTEMA DE VIDEOCONFERENCIA EXPLO EXPLOTUMARCA"},{"@type":"BreadcrumbList","@id":"https:\/\/explotumarca.com\/?product=pieza-de-montaje-para-computadora-de-sala#breadcrumb","itemListElement":[{"@type":"ListItem","position":1,"name":"Inicio","item":"https:\/\/explotumarca.com\/"},{"@type":"ListItem","position":2,"name":"Productos","item":"https:\/\/explotumarca.com\/?post_type=product"},{"@type":"ListItem","position":3,"name":"PIEZA DE MONTAJE PARA COMPUTADORA DE SALA"}]},{"@type":"WebSite","@id":"https:\/\/explotumarca.com\/#website","url":"https:\/\/explotumarca.com\/","name":"Explo","description":"Productos y servicios corporativos","publisher":{"@id":"https:\/\/explotumarca.com\/#organization"},"potentialAction":[{"@type":"SearchAction","target":{"@type":"EntryPoint","urlTemplate":"https:\/\/explotumarca.com\/?s={search_term_string}"},"query-input":{"@type":"PropertyValueSpecification","valueRequired":true,"valueName":"search_term_string"}}],"inLanguage":"es"},{"@type":"Organization","@id":"https:\/\/explotumarca.com\/#organization","name":"Explo","url":"https:\/\/explotumarca.com\/","logo":{"@type":"ImageObject","inLanguage":"es","@id":"https:\/\/explotumarca.com\/#\/schema\/logo\/image\/","url":"http:\/\/arsnovamx.com\/explotumarca.com\/wp-content\/uploads\/2020\/10\/Nuevo-Logo-Explo-2020.jpg","contentUrl":"http:\/\/arsnovamx.com\/explotumarca.com\/wp-content\/uploads\/2020\/10\/Nuevo-Logo-Explo-2020.jpg","width":800,"height":334,"caption":"Explo"},"image":{"@id":"https:\/\/explotumarca.com\/#\/schema\/logo\/image\/"},"sameAs":["https:\/\/www.facebook.com\/MexicoExplo\/"]}]}},"_links":{"self":[{"href":"https:\/\/explotumarca.com\/index.php?rest_route=\/wp\/v2\/product\/5914","targetHints":{"allow":["GET"]}}],"collection":[{"href":"https:\/\/explotumarca.com\/index.php?rest_route=\/wp\/v2\/product"}],"about":[{"href":"https:\/\/explotumarca.com\/index.php?rest_route=\/wp\/v2\/types\/product"}],"wp:featuredmedia":[{"embeddable":true,"href":"https:\/\/explotumarca.com\/index.php?rest_route=\/wp\/v2\/media\/5922"}],"wp:attachment":[{"href":"https:\/\/explotumarca.com\/index.php?rest_route=%2Fwp%2Fv2%2Fmedia&parent=5914"}],"wp:term":[{"taxonomy":"product_cat","embeddable":true,"href":"https:\/\/explotumarca.com\/index.php?rest_route=%2Fwp%2Fv2%2Fproduct_cat&post=5914"},{"taxonomy":"product_tag","embeddable":true,"href":"https:\/\/explotumarca.com\/index.php?rest_route=%2Fwp%2Fv2%2Fproduct_tag&post=5914"}],"curies":[{"name":"wp","href":"https:\/\/api.w.org\/{rel}","templated":true}]}}