{"id":5924,"date":"2022-04-01T15:27:22","date_gmt":"2022-04-01T21:27:22","guid":{"rendered":"https:\/\/explotumarca.com\/?post_type=product&#038;p=5924"},"modified":"2022-04-11T13:17:09","modified_gmt":"2022-04-11T18:17:09","slug":"boton-blanco-para-compartir-contenido-de-logitech-scribe","status":"publish","type":"product","link":"https:\/\/explotumarca.com\/?product=boton-blanco-para-compartir-contenido-de-logitech-scribe","title":{"rendered":"BOT\u00d3N BLANCO PARA COMPARTIR CONTENIDO DE LOGITECH SCRIBE"},"content":{"rendered":"<div class=\"product-title\">\n<h1 class=\"headline js-text-auto js-product-title pangea-inited\" data-max-lines=\"3\" data-title-size=\"auto\">BOT\u00d3N BLANCO PARA COMPARTIR CONTENIDO DE LOGITECH<\/h1>\n<h1 class=\"headline js-text-auto js-product-title pangea-inited\" data-max-lines=\"3\" data-title-size=\"auto\">SCRIBE<\/h1>\n<\/div>\n<div class=\"product-description\">\n<div class=\"js-product-description\">Bot\u00f3n inal\u00e1mbrico opcional para emparejar con Scribe y compartir la pizarra con facilidad, disponible en blanco.<\/div>\n<\/div>\n<div><\/div>\n<div><\/div>\n<div>\n<h2 class=\"body-copy-title font-title-l font-brown-bold dc-black tc-black mc-black \">COMPARTIR LA PIZARRA CON SOLO PRESIONAR UN BOT\u00d3N<\/h2>\n<p>El bot\u00f3n inal\u00e1mbrico de Logitech Scribe para compartir contenido facilita notablemente la incorporaci\u00f3n de las pizarras en reuniones de video. Con los dedos, el codo o incluso un marcador, los presentadores pueden presionar cualquier parte del bot\u00f3n para empezar a compartir contenido o dejar de hacerlo. El bot\u00f3n para compartir se encuentra disponible en blanco, como alternativa al p\u00farpura, para estar a tono con tu sala.<\/p>\n<\/div>\n<p>&nbsp;<\/p>\n<p>&nbsp;<\/p>\n<p>Ll\u00e1manos al (55) 3342 8218 o d\u00e9janos tus datos <a href=\"https:\/\/explotumarca.com\/?page_id=14\">aqu\u00ed<\/a><\/p>\n","protected":false},"excerpt":{"rendered":"<p>BOT\u00d3N BLANCO PARA COMPARTIR CONTENIDO DE LOGITECH SCRIBE Bot\u00f3n inal\u00e1mbrico opcional para emparejar con Scribe y compartir la pizarra con facilidad, disponible en blanco. COMPARTIR LA PIZARRA CON SOLO PRESIONAR UN BOT\u00d3N El bot\u00f3n inal\u00e1mbrico [&hellip;]<\/p>\n","protected":false},"featured_media":5936,"template":"","meta":{"content-type":""},"product_cat":[101],"product_tag":[],"class_list":{"0":"post-5924","1":"product","2":"type-product","3":"status-publish","4":"has-post-thumbnail","6":"product_cat-accesorios","8":"first","9":"instock","10":"taxable","11":"shipping-taxable","12":"product-type-simple"},"yoast_head":"<!-- This site is optimized with the Yoast SEO Premium plugin v18.8 (Yoast SEO v26.8) - https:\/\/yoast.com\/product\/yoast-seo-premium-wordpress\/ -->\n<title>Zoom videollamadas; venta de equipos especiales para zoom<\/title>\n<meta name=\"description\" content=\"Venta de equipos, salas, mantenimiento y capacitaci\u00f3n de zoom videollamadas para Empresas en M\u00e9xico. Cotiza los mejores equipos 2020.\" \/>\n<meta name=\"robots\" content=\"index, follow, max-snippet:-1, max-image-preview:large, max-video-preview:-1\" \/>\n<link rel=\"canonical\" href=\"https:\/\/explotumarca.com\/?product=boton-blanco-para-compartir-contenido-de-logitech-scribe\" \/>\n<meta property=\"og:locale\" content=\"es_MX\" \/>\n<meta property=\"og:type\" content=\"article\" \/>\n<meta property=\"og:title\" content=\"BOT\u00d3N BLANCO PARA COMPARTIR CONTENIDO DE LOGITECH SCRIBE\" \/>\n<meta property=\"og:description\" content=\"BOT\u00d3N BLANCO PARA COMPARTIR CONTENIDO DE LOGITECH SCRIBE Bot\u00f3n inal\u00e1mbrico opcional para emparejar con Scribe y compartir la pizarra con facilidad,\" \/>\n<meta property=\"og:url\" content=\"https:\/\/explotumarca.com\/?product=boton-blanco-para-compartir-contenido-de-logitech-scribe\" \/>\n<meta property=\"og:site_name\" content=\"Explo\" \/>\n<meta property=\"article:publisher\" content=\"https:\/\/www.facebook.com\/MexicoExplo\/\" \/>\n<meta property=\"article:modified_time\" content=\"2022-04-11T18:17:09+00:00\" \/>\n<meta property=\"og:image\" content=\"https:\/\/explotumarca.com\/wp-content\/uploads\/2022\/04\/BOTON-BLANCO-PARA-COMPARTIR-CONTENIDO-DE-LOGITECH-SCRIBE-SISTEMA-DE-VIDEOCONFERENCIA-EXPLO-EXPLOTUMARCA.jpg\" \/>\n\t<meta property=\"og:image:width\" content=\"450\" \/>\n\t<meta property=\"og:image:height\" content=\"450\" \/>\n\t<meta property=\"og:image:type\" content=\"image\/jpeg\" \/>\n<meta name=\"twitter:card\" content=\"summary_large_image\" \/>\n<meta name=\"twitter:label1\" content=\"Tiempo de lectura\" \/>\n\t<meta name=\"twitter:data1\" content=\"1 minuto\" \/>\n<script type=\"application\/ld+json\" class=\"yoast-schema-graph\">{\"@context\":\"https:\/\/schema.org\",\"@graph\":[{\"@type\":\"WebPage\",\"@id\":\"https:\/\/explotumarca.com\/?product=boton-blanco-para-compartir-contenido-de-logitech-scribe\",\"url\":\"https:\/\/explotumarca.com\/?product=boton-blanco-para-compartir-contenido-de-logitech-scribe\",\"name\":\"Zoom videollamadas; venta de equipos especiales para zoom\",\"isPartOf\":{\"@id\":\"https:\/\/explotumarca.com\/#website\"},\"primaryImageOfPage\":{\"@id\":\"https:\/\/explotumarca.com\/?product=boton-blanco-para-compartir-contenido-de-logitech-scribe#primaryimage\"},\"image\":{\"@id\":\"https:\/\/explotumarca.com\/?product=boton-blanco-para-compartir-contenido-de-logitech-scribe#primaryimage\"},\"thumbnailUrl\":\"https:\/\/explotumarca.com\/wp-content\/uploads\/2022\/04\/BOTON-BLANCO-PARA-COMPARTIR-CONTENIDO-DE-LOGITECH-SCRIBE-SISTEMA-DE-VIDEOCONFERENCIA-EXPLO-EXPLOTUMARCA.jpg\",\"datePublished\":\"2022-04-01T21:27:22+00:00\",\"dateModified\":\"2022-04-11T18:17:09+00:00\",\"description\":\"Venta de equipos, salas, mantenimiento y capacitaci\u00f3n de zoom videollamadas para Empresas en M\u00e9xico. Cotiza los mejores equipos 2020.\",\"breadcrumb\":{\"@id\":\"https:\/\/explotumarca.com\/?product=boton-blanco-para-compartir-contenido-de-logitech-scribe#breadcrumb\"},\"inLanguage\":\"es\",\"potentialAction\":[{\"@type\":\"ReadAction\",\"target\":[\"https:\/\/explotumarca.com\/?product=boton-blanco-para-compartir-contenido-de-logitech-scribe\"]}]},{\"@type\":\"ImageObject\",\"inLanguage\":\"es\",\"@id\":\"https:\/\/explotumarca.com\/?product=boton-blanco-para-compartir-contenido-de-logitech-scribe#primaryimage\",\"url\":\"https:\/\/explotumarca.com\/wp-content\/uploads\/2022\/04\/BOTON-BLANCO-PARA-COMPARTIR-CONTENIDO-DE-LOGITECH-SCRIBE-SISTEMA-DE-VIDEOCONFERENCIA-EXPLO-EXPLOTUMARCA.jpg\",\"contentUrl\":\"https:\/\/explotumarca.com\/wp-content\/uploads\/2022\/04\/BOTON-BLANCO-PARA-COMPARTIR-CONTENIDO-DE-LOGITECH-SCRIBE-SISTEMA-DE-VIDEOCONFERENCIA-EXPLO-EXPLOTUMARCA.jpg\",\"width\":450,\"height\":450,\"caption\":\"BOT\u00d3N BLANCO PARA COMPARTIR CONTENIDO DE LOGITECH SCRIBE SISTEMA DE VIDEOCONFERENCIA EXPLO EXPLOTUMARCA\"},{\"@type\":\"BreadcrumbList\",\"@id\":\"https:\/\/explotumarca.com\/?product=boton-blanco-para-compartir-contenido-de-logitech-scribe#breadcrumb\",\"itemListElement\":[{\"@type\":\"ListItem\",\"position\":1,\"name\":\"Inicio\",\"item\":\"https:\/\/explotumarca.com\/\"},{\"@type\":\"ListItem\",\"position\":2,\"name\":\"Productos\",\"item\":\"https:\/\/explotumarca.com\/?post_type=product\"},{\"@type\":\"ListItem\",\"position\":3,\"name\":\"BOT\u00d3N BLANCO PARA COMPARTIR CONTENIDO DE LOGITECH SCRIBE\"}]},{\"@type\":\"WebSite\",\"@id\":\"https:\/\/explotumarca.com\/#website\",\"url\":\"https:\/\/explotumarca.com\/\",\"name\":\"Explo\",\"description\":\"Productos y servicios corporativos\",\"publisher\":{\"@id\":\"https:\/\/explotumarca.com\/#organization\"},\"potentialAction\":[{\"@type\":\"SearchAction\",\"target\":{\"@type\":\"EntryPoint\",\"urlTemplate\":\"https:\/\/explotumarca.com\/?s={search_term_string}\"},\"query-input\":{\"@type\":\"PropertyValueSpecification\",\"valueRequired\":true,\"valueName\":\"search_term_string\"}}],\"inLanguage\":\"es\"},{\"@type\":\"Organization\",\"@id\":\"https:\/\/explotumarca.com\/#organization\",\"name\":\"Explo\",\"url\":\"https:\/\/explotumarca.com\/\",\"logo\":{\"@type\":\"ImageObject\",\"inLanguage\":\"es\",\"@id\":\"https:\/\/explotumarca.com\/#\/schema\/logo\/image\/\",\"url\":\"http:\/\/arsnovamx.com\/explotumarca.com\/wp-content\/uploads\/2020\/10\/Nuevo-Logo-Explo-2020.jpg\",\"contentUrl\":\"http:\/\/arsnovamx.com\/explotumarca.com\/wp-content\/uploads\/2020\/10\/Nuevo-Logo-Explo-2020.jpg\",\"width\":800,\"height\":334,\"caption\":\"Explo\"},\"image\":{\"@id\":\"https:\/\/explotumarca.com\/#\/schema\/logo\/image\/\"},\"sameAs\":[\"https:\/\/www.facebook.com\/MexicoExplo\/\"]}]}<\/script>\n<!-- \/ Yoast SEO Premium plugin. -->","yoast_head_json":{"title":"Zoom videollamadas; venta de equipos especiales para zoom","description":"Venta de equipos, salas, mantenimiento y capacitaci\u00f3n de zoom videollamadas para Empresas en M\u00e9xico. Cotiza los mejores equipos 2020.","robots":{"index":"index","follow":"follow","max-snippet":"max-snippet:-1","max-image-preview":"max-image-preview:large","max-video-preview":"max-video-preview:-1"},"canonical":"https:\/\/explotumarca.com\/?product=boton-blanco-para-compartir-contenido-de-logitech-scribe","og_locale":"es_MX","og_type":"article","og_title":"BOT\u00d3N BLANCO PARA COMPARTIR CONTENIDO DE LOGITECH SCRIBE","og_description":"BOT\u00d3N BLANCO PARA COMPARTIR CONTENIDO DE LOGITECH SCRIBE Bot\u00f3n inal\u00e1mbrico opcional para emparejar con Scribe y compartir la pizarra con facilidad,","og_url":"https:\/\/explotumarca.com\/?product=boton-blanco-para-compartir-contenido-de-logitech-scribe","og_site_name":"Explo","article_publisher":"https:\/\/www.facebook.com\/MexicoExplo\/","article_modified_time":"2022-04-11T18:17:09+00:00","og_image":[{"width":450,"height":450,"url":"https:\/\/explotumarca.com\/wp-content\/uploads\/2022\/04\/BOTON-BLANCO-PARA-COMPARTIR-CONTENIDO-DE-LOGITECH-SCRIBE-SISTEMA-DE-VIDEOCONFERENCIA-EXPLO-EXPLOTUMARCA.jpg","type":"image\/jpeg"}],"twitter_card":"summary_large_image","twitter_misc":{"Tiempo de lectura":"1 minuto"},"schema":{"@context":"https:\/\/schema.org","@graph":[{"@type":"WebPage","@id":"https:\/\/explotumarca.com\/?product=boton-blanco-para-compartir-contenido-de-logitech-scribe","url":"https:\/\/explotumarca.com\/?product=boton-blanco-para-compartir-contenido-de-logitech-scribe","name":"Zoom videollamadas; venta de equipos especiales para zoom","isPartOf":{"@id":"https:\/\/explotumarca.com\/#website"},"primaryImageOfPage":{"@id":"https:\/\/explotumarca.com\/?product=boton-blanco-para-compartir-contenido-de-logitech-scribe#primaryimage"},"image":{"@id":"https:\/\/explotumarca.com\/?product=boton-blanco-para-compartir-contenido-de-logitech-scribe#primaryimage"},"thumbnailUrl":"https:\/\/explotumarca.com\/wp-content\/uploads\/2022\/04\/BOTON-BLANCO-PARA-COMPARTIR-CONTENIDO-DE-LOGITECH-SCRIBE-SISTEMA-DE-VIDEOCONFERENCIA-EXPLO-EXPLOTUMARCA.jpg","datePublished":"2022-04-01T21:27:22+00:00","dateModified":"2022-04-11T18:17:09+00:00","description":"Venta de equipos, salas, mantenimiento y capacitaci\u00f3n de zoom videollamadas para Empresas en M\u00e9xico. Cotiza los mejores equipos 2020.","breadcrumb":{"@id":"https:\/\/explotumarca.com\/?product=boton-blanco-para-compartir-contenido-de-logitech-scribe#breadcrumb"},"inLanguage":"es","potentialAction":[{"@type":"ReadAction","target":["https:\/\/explotumarca.com\/?product=boton-blanco-para-compartir-contenido-de-logitech-scribe"]}]},{"@type":"ImageObject","inLanguage":"es","@id":"https:\/\/explotumarca.com\/?product=boton-blanco-para-compartir-contenido-de-logitech-scribe#primaryimage","url":"https:\/\/explotumarca.com\/wp-content\/uploads\/2022\/04\/BOTON-BLANCO-PARA-COMPARTIR-CONTENIDO-DE-LOGITECH-SCRIBE-SISTEMA-DE-VIDEOCONFERENCIA-EXPLO-EXPLOTUMARCA.jpg","contentUrl":"https:\/\/explotumarca.com\/wp-content\/uploads\/2022\/04\/BOTON-BLANCO-PARA-COMPARTIR-CONTENIDO-DE-LOGITECH-SCRIBE-SISTEMA-DE-VIDEOCONFERENCIA-EXPLO-EXPLOTUMARCA.jpg","width":450,"height":450,"caption":"BOT\u00d3N BLANCO PARA COMPARTIR CONTENIDO DE LOGITECH SCRIBE SISTEMA DE VIDEOCONFERENCIA EXPLO EXPLOTUMARCA"},{"@type":"BreadcrumbList","@id":"https:\/\/explotumarca.com\/?product=boton-blanco-para-compartir-contenido-de-logitech-scribe#breadcrumb","itemListElement":[{"@type":"ListItem","position":1,"name":"Inicio","item":"https:\/\/explotumarca.com\/"},{"@type":"ListItem","position":2,"name":"Productos","item":"https:\/\/explotumarca.com\/?post_type=product"},{"@type":"ListItem","position":3,"name":"BOT\u00d3N BLANCO PARA COMPARTIR CONTENIDO DE LOGITECH SCRIBE"}]},{"@type":"WebSite","@id":"https:\/\/explotumarca.com\/#website","url":"https:\/\/explotumarca.com\/","name":"Explo","description":"Productos y servicios corporativos","publisher":{"@id":"https:\/\/explotumarca.com\/#organization"},"potentialAction":[{"@type":"SearchAction","target":{"@type":"EntryPoint","urlTemplate":"https:\/\/explotumarca.com\/?s={search_term_string}"},"query-input":{"@type":"PropertyValueSpecification","valueRequired":true,"valueName":"search_term_string"}}],"inLanguage":"es"},{"@type":"Organization","@id":"https:\/\/explotumarca.com\/#organization","name":"Explo","url":"https:\/\/explotumarca.com\/","logo":{"@type":"ImageObject","inLanguage":"es","@id":"https:\/\/explotumarca.com\/#\/schema\/logo\/image\/","url":"http:\/\/arsnovamx.com\/explotumarca.com\/wp-content\/uploads\/2020\/10\/Nuevo-Logo-Explo-2020.jpg","contentUrl":"http:\/\/arsnovamx.com\/explotumarca.com\/wp-content\/uploads\/2020\/10\/Nuevo-Logo-Explo-2020.jpg","width":800,"height":334,"caption":"Explo"},"image":{"@id":"https:\/\/explotumarca.com\/#\/schema\/logo\/image\/"},"sameAs":["https:\/\/www.facebook.com\/MexicoExplo\/"]}]}},"_links":{"self":[{"href":"https:\/\/explotumarca.com\/index.php?rest_route=\/wp\/v2\/product\/5924","targetHints":{"allow":["GET"]}}],"collection":[{"href":"https:\/\/explotumarca.com\/index.php?rest_route=\/wp\/v2\/product"}],"about":[{"href":"https:\/\/explotumarca.com\/index.php?rest_route=\/wp\/v2\/types\/product"}],"wp:featuredmedia":[{"embeddable":true,"href":"https:\/\/explotumarca.com\/index.php?rest_route=\/wp\/v2\/media\/5936"}],"wp:attachment":[{"href":"https:\/\/explotumarca.com\/index.php?rest_route=%2Fwp%2Fv2%2Fmedia&parent=5924"}],"wp:term":[{"taxonomy":"product_cat","embeddable":true,"href":"https:\/\/explotumarca.com\/index.php?rest_route=%2Fwp%2Fv2%2Fproduct_cat&post=5924"},{"taxonomy":"product_tag","embeddable":true,"href":"https:\/\/explotumarca.com\/index.php?rest_route=%2Fwp%2Fv2%2Fproduct_tag&post=5924"}],"curies":[{"name":"wp","href":"https:\/\/api.w.org\/{rel}","templated":true}]}}