{"id":5942,"date":"2022-04-01T16:15:43","date_gmt":"2022-04-01T22:15:43","guid":{"rendered":"https:\/\/explotumarca.com\/?post_type=product&#038;p=5942"},"modified":"2022-04-11T13:12:26","modified_gmt":"2022-04-11T18:12:26","slug":"kit-de-instalacion-de-rally","status":"publish","type":"product","link":"https:\/\/explotumarca.com\/?product=kit-de-instalacion-de-rally","title":{"rendered":"KIT DE INSTALACI\u00d3N DE RALLY"},"content":{"rendered":"<h1 class=\"title js-title\">KIT DE INSTALACI\u00d3N DE RALLY<\/h1>\n<div class=\"large body js-subtitle\">Piezas de montaje personalizadas para una instalaci\u00f3n presentable y cableado seguro<\/div>\n<div><\/div>\n<div><\/div>\n<div>\n<h2 class=\"body-copy-title font-title-l font-brown-bold dc-black tc-black mc-black \">UN SISTEMA DE MONTAJE ATRACTIVO, SEGURO Y FLEXIBLE<\/h2>\n<p>Los soportes y las herramientas de montaje incluidos permiten una instalaci\u00f3n optimizada de cada componente del sistema Rally. El soporte de la c\u00e1mara permite instalarla de forma segura en la pared, encima o debajo de la pantalla, o invertir la posici\u00f3n para instalaciones cerca del techo. Instala los altavoces directamente en la pared con soportes discretos. Coloca los hubs en una pared o bajo una mesa con hardware ventilado y fija las conexiones mediante abrazaderas de cables, para tener una instalaci\u00f3n de aspecto profesional.<\/p>\n<\/div>\n<p>&nbsp;<\/p>\n<h2 class=\"h3 \">SOPORTE DE C\u00c1MARA INVERTIBLE<\/h2>\n<p>El soporte de la c\u00e1mara ofrece flexibilidad para instalarla en una pared directamente encima o debajo de la pantalla, para ofrecer una l\u00ednea de visi\u00f3n natural y contacto visual con participantes remotos. Para espacios de reuni\u00f3n grandes, el soporte puede invertirse para colocar la c\u00e1mara cerca del techo y obtener una visi\u00f3n m\u00e1s amplia de la sala. Un sistema de atornillado de tr\u00edpode y tres patillas proporciona estabilidad para la c\u00e1mara cuando la lente est\u00e1 en movimiento.<\/p>\n<p>&nbsp;<\/p>\n<h2 class=\"h3 \">SOPORTES PARA ALTAVOCES DE DISE\u00d1O DISCRETO<\/h2>\n<p>Cada accesorio del kit de montaje de Rally est\u00e1 adaptado al componente correspondiente del sistema. Los dos soportes para colocar los altavoces Rally a ambos lados de la pantalla crean una sensaci\u00f3n &#8220;flotante&#8221; y favorecen el potencial ac\u00fastico de los altavoces. El resultado: conversaciones con un sonido genuino que acerca a los participantes mediante una tecnolog\u00eda discreta.<\/p>\n<p>&nbsp;<\/p>\n<h2 class=\"h3 \">SOPORTES CON VENTILACI\u00d3N PARA HUB DE PANTALLA Y HUB DE MESA<\/h2>\n<p>Dos soportes de hub con ventilaci\u00f3n proporcionan vers\u00e1tiles opciones de montaje de hub en la pared o bajo la mesa. El dise\u00f1o de los soportes incorpora realces para garantizar la circulaci\u00f3n de aire requerida para una correcta refrigeraci\u00f3n.<\/p>\n<p>&nbsp;<\/p>\n<h2 class=\"h3 \">ABRAZADERAS DE CABLES<\/h2>\n<p>Evita desconexiones imprevistas y mant\u00e9n los cables perfectamente organizados. Cada abrazadera de dos piezas se coloca junto al hub de pantalla o de mesa para mantener firmemente en su sitio los cables de alimentaci\u00f3n, A\/V y datos.<\/p>\n<p>&nbsp;<\/p>\n<p>&nbsp;<\/p>\n<p>Ll\u00e1manos al (55) 3342 8218 o d\u00e9janos tus datos <a href=\"https:\/\/explotumarca.com\/?page_id=14\">aqu\u00ed<\/a><\/p>\n","protected":false},"excerpt":{"rendered":"<p>KIT DE INSTALACI\u00d3N DE RALLY Piezas de montaje personalizadas para una instalaci\u00f3n presentable y cableado seguro UN SISTEMA DE MONTAJE ATRACTIVO, SEGURO Y FLEXIBLE Los soportes y las herramientas de montaje incluidos permiten una instalaci\u00f3n [&hellip;]<\/p>\n","protected":false},"featured_media":5947,"template":"","meta":{"content-type":""},"product_cat":[101],"product_tag":[],"class_list":{"0":"post-5942","1":"product","2":"type-product","3":"status-publish","4":"has-post-thumbnail","6":"product_cat-accesorios","8":"first","9":"instock","10":"taxable","11":"shipping-taxable","12":"product-type-simple"},"yoast_head":"<!-- This site is optimized with the Yoast SEO Premium plugin v18.8 (Yoast SEO v26.8) - https:\/\/yoast.com\/product\/yoast-seo-premium-wordpress\/ -->\n<title>Zoom videollamadas; venta de equipos especiales para zoom<\/title>\n<meta name=\"description\" content=\"Venta de equipos, salas, mantenimiento y capacitaci\u00f3n de zoom videollamadas para Empresas en M\u00e9xico. Cotiza los mejores equipos 2020.\" \/>\n<meta name=\"robots\" content=\"index, follow, max-snippet:-1, max-image-preview:large, max-video-preview:-1\" \/>\n<link rel=\"canonical\" href=\"https:\/\/explotumarca.com\/?product=kit-de-instalacion-de-rally\" \/>\n<meta property=\"og:locale\" content=\"es_MX\" \/>\n<meta property=\"og:type\" content=\"article\" \/>\n<meta property=\"og:title\" content=\"KIT DE INSTALACI\u00d3N DE RALLY\" \/>\n<meta property=\"og:description\" content=\"KIT DE INSTALACI\u00d3N DE RALLY Piezas de montaje personalizadas para una instalaci\u00f3n presentable y cableado seguro UN SISTEMA DE MONTAJE ATRACTIVO, SEGURO Y\" \/>\n<meta property=\"og:url\" content=\"https:\/\/explotumarca.com\/?product=kit-de-instalacion-de-rally\" \/>\n<meta property=\"og:site_name\" content=\"Explo\" \/>\n<meta property=\"article:publisher\" content=\"https:\/\/www.facebook.com\/MexicoExplo\/\" \/>\n<meta property=\"article:modified_time\" content=\"2022-04-11T18:12:26+00:00\" \/>\n<meta property=\"og:image\" content=\"https:\/\/explotumarca.com\/wp-content\/uploads\/2022\/04\/KIT-DE-MONTAJE-RALLY-SISTEMA-DE-VIDEOCONFERENCIA-EXPLO-EXPLOTUMARCA.jpg\" \/>\n\t<meta property=\"og:image:width\" content=\"450\" \/>\n\t<meta property=\"og:image:height\" content=\"450\" \/>\n\t<meta property=\"og:image:type\" content=\"image\/jpeg\" \/>\n<meta name=\"twitter:card\" content=\"summary_large_image\" \/>\n<meta name=\"twitter:label1\" content=\"Tiempo de lectura\" \/>\n\t<meta name=\"twitter:data1\" content=\"2 minutos\" \/>\n<script type=\"application\/ld+json\" class=\"yoast-schema-graph\">{\"@context\":\"https:\/\/schema.org\",\"@graph\":[{\"@type\":\"WebPage\",\"@id\":\"https:\/\/explotumarca.com\/?product=kit-de-instalacion-de-rally\",\"url\":\"https:\/\/explotumarca.com\/?product=kit-de-instalacion-de-rally\",\"name\":\"Zoom videollamadas; venta de equipos especiales para zoom\",\"isPartOf\":{\"@id\":\"https:\/\/explotumarca.com\/#website\"},\"primaryImageOfPage\":{\"@id\":\"https:\/\/explotumarca.com\/?product=kit-de-instalacion-de-rally#primaryimage\"},\"image\":{\"@id\":\"https:\/\/explotumarca.com\/?product=kit-de-instalacion-de-rally#primaryimage\"},\"thumbnailUrl\":\"https:\/\/explotumarca.com\/wp-content\/uploads\/2022\/04\/KIT-DE-MONTAJE-RALLY-SISTEMA-DE-VIDEOCONFERENCIA-EXPLO-EXPLOTUMARCA.jpg\",\"datePublished\":\"2022-04-01T22:15:43+00:00\",\"dateModified\":\"2022-04-11T18:12:26+00:00\",\"description\":\"Venta de equipos, salas, mantenimiento y capacitaci\u00f3n de zoom videollamadas para Empresas en M\u00e9xico. Cotiza los mejores equipos 2020.\",\"breadcrumb\":{\"@id\":\"https:\/\/explotumarca.com\/?product=kit-de-instalacion-de-rally#breadcrumb\"},\"inLanguage\":\"es\",\"potentialAction\":[{\"@type\":\"ReadAction\",\"target\":[\"https:\/\/explotumarca.com\/?product=kit-de-instalacion-de-rally\"]}]},{\"@type\":\"ImageObject\",\"inLanguage\":\"es\",\"@id\":\"https:\/\/explotumarca.com\/?product=kit-de-instalacion-de-rally#primaryimage\",\"url\":\"https:\/\/explotumarca.com\/wp-content\/uploads\/2022\/04\/KIT-DE-MONTAJE-RALLY-SISTEMA-DE-VIDEOCONFERENCIA-EXPLO-EXPLOTUMARCA.jpg\",\"contentUrl\":\"https:\/\/explotumarca.com\/wp-content\/uploads\/2022\/04\/KIT-DE-MONTAJE-RALLY-SISTEMA-DE-VIDEOCONFERENCIA-EXPLO-EXPLOTUMARCA.jpg\",\"width\":450,\"height\":450,\"caption\":\"KIT DE MONTAJE RALLY SISTEMA DE VIDEOCONFERENCIA EXPLO EXPLOTUMARCA\"},{\"@type\":\"BreadcrumbList\",\"@id\":\"https:\/\/explotumarca.com\/?product=kit-de-instalacion-de-rally#breadcrumb\",\"itemListElement\":[{\"@type\":\"ListItem\",\"position\":1,\"name\":\"Inicio\",\"item\":\"https:\/\/explotumarca.com\/\"},{\"@type\":\"ListItem\",\"position\":2,\"name\":\"Productos\",\"item\":\"https:\/\/explotumarca.com\/?post_type=product\"},{\"@type\":\"ListItem\",\"position\":3,\"name\":\"KIT DE INSTALACI\u00d3N DE RALLY\"}]},{\"@type\":\"WebSite\",\"@id\":\"https:\/\/explotumarca.com\/#website\",\"url\":\"https:\/\/explotumarca.com\/\",\"name\":\"Explo\",\"description\":\"Productos y servicios corporativos\",\"publisher\":{\"@id\":\"https:\/\/explotumarca.com\/#organization\"},\"potentialAction\":[{\"@type\":\"SearchAction\",\"target\":{\"@type\":\"EntryPoint\",\"urlTemplate\":\"https:\/\/explotumarca.com\/?s={search_term_string}\"},\"query-input\":{\"@type\":\"PropertyValueSpecification\",\"valueRequired\":true,\"valueName\":\"search_term_string\"}}],\"inLanguage\":\"es\"},{\"@type\":\"Organization\",\"@id\":\"https:\/\/explotumarca.com\/#organization\",\"name\":\"Explo\",\"url\":\"https:\/\/explotumarca.com\/\",\"logo\":{\"@type\":\"ImageObject\",\"inLanguage\":\"es\",\"@id\":\"https:\/\/explotumarca.com\/#\/schema\/logo\/image\/\",\"url\":\"http:\/\/arsnovamx.com\/explotumarca.com\/wp-content\/uploads\/2020\/10\/Nuevo-Logo-Explo-2020.jpg\",\"contentUrl\":\"http:\/\/arsnovamx.com\/explotumarca.com\/wp-content\/uploads\/2020\/10\/Nuevo-Logo-Explo-2020.jpg\",\"width\":800,\"height\":334,\"caption\":\"Explo\"},\"image\":{\"@id\":\"https:\/\/explotumarca.com\/#\/schema\/logo\/image\/\"},\"sameAs\":[\"https:\/\/www.facebook.com\/MexicoExplo\/\"]}]}<\/script>\n<!-- \/ Yoast SEO Premium plugin. -->","yoast_head_json":{"title":"Zoom videollamadas; venta de equipos especiales para zoom","description":"Venta de equipos, salas, mantenimiento y capacitaci\u00f3n de zoom videollamadas para Empresas en M\u00e9xico. Cotiza los mejores equipos 2020.","robots":{"index":"index","follow":"follow","max-snippet":"max-snippet:-1","max-image-preview":"max-image-preview:large","max-video-preview":"max-video-preview:-1"},"canonical":"https:\/\/explotumarca.com\/?product=kit-de-instalacion-de-rally","og_locale":"es_MX","og_type":"article","og_title":"KIT DE INSTALACI\u00d3N DE RALLY","og_description":"KIT DE INSTALACI\u00d3N DE RALLY Piezas de montaje personalizadas para una instalaci\u00f3n presentable y cableado seguro UN SISTEMA DE MONTAJE ATRACTIVO, SEGURO Y","og_url":"https:\/\/explotumarca.com\/?product=kit-de-instalacion-de-rally","og_site_name":"Explo","article_publisher":"https:\/\/www.facebook.com\/MexicoExplo\/","article_modified_time":"2022-04-11T18:12:26+00:00","og_image":[{"width":450,"height":450,"url":"https:\/\/explotumarca.com\/wp-content\/uploads\/2022\/04\/KIT-DE-MONTAJE-RALLY-SISTEMA-DE-VIDEOCONFERENCIA-EXPLO-EXPLOTUMARCA.jpg","type":"image\/jpeg"}],"twitter_card":"summary_large_image","twitter_misc":{"Tiempo de lectura":"2 minutos"},"schema":{"@context":"https:\/\/schema.org","@graph":[{"@type":"WebPage","@id":"https:\/\/explotumarca.com\/?product=kit-de-instalacion-de-rally","url":"https:\/\/explotumarca.com\/?product=kit-de-instalacion-de-rally","name":"Zoom videollamadas; venta de equipos especiales para zoom","isPartOf":{"@id":"https:\/\/explotumarca.com\/#website"},"primaryImageOfPage":{"@id":"https:\/\/explotumarca.com\/?product=kit-de-instalacion-de-rally#primaryimage"},"image":{"@id":"https:\/\/explotumarca.com\/?product=kit-de-instalacion-de-rally#primaryimage"},"thumbnailUrl":"https:\/\/explotumarca.com\/wp-content\/uploads\/2022\/04\/KIT-DE-MONTAJE-RALLY-SISTEMA-DE-VIDEOCONFERENCIA-EXPLO-EXPLOTUMARCA.jpg","datePublished":"2022-04-01T22:15:43+00:00","dateModified":"2022-04-11T18:12:26+00:00","description":"Venta de equipos, salas, mantenimiento y capacitaci\u00f3n de zoom videollamadas para Empresas en M\u00e9xico. Cotiza los mejores equipos 2020.","breadcrumb":{"@id":"https:\/\/explotumarca.com\/?product=kit-de-instalacion-de-rally#breadcrumb"},"inLanguage":"es","potentialAction":[{"@type":"ReadAction","target":["https:\/\/explotumarca.com\/?product=kit-de-instalacion-de-rally"]}]},{"@type":"ImageObject","inLanguage":"es","@id":"https:\/\/explotumarca.com\/?product=kit-de-instalacion-de-rally#primaryimage","url":"https:\/\/explotumarca.com\/wp-content\/uploads\/2022\/04\/KIT-DE-MONTAJE-RALLY-SISTEMA-DE-VIDEOCONFERENCIA-EXPLO-EXPLOTUMARCA.jpg","contentUrl":"https:\/\/explotumarca.com\/wp-content\/uploads\/2022\/04\/KIT-DE-MONTAJE-RALLY-SISTEMA-DE-VIDEOCONFERENCIA-EXPLO-EXPLOTUMARCA.jpg","width":450,"height":450,"caption":"KIT DE MONTAJE RALLY SISTEMA DE VIDEOCONFERENCIA EXPLO EXPLOTUMARCA"},{"@type":"BreadcrumbList","@id":"https:\/\/explotumarca.com\/?product=kit-de-instalacion-de-rally#breadcrumb","itemListElement":[{"@type":"ListItem","position":1,"name":"Inicio","item":"https:\/\/explotumarca.com\/"},{"@type":"ListItem","position":2,"name":"Productos","item":"https:\/\/explotumarca.com\/?post_type=product"},{"@type":"ListItem","position":3,"name":"KIT DE INSTALACI\u00d3N DE RALLY"}]},{"@type":"WebSite","@id":"https:\/\/explotumarca.com\/#website","url":"https:\/\/explotumarca.com\/","name":"Explo","description":"Productos y servicios corporativos","publisher":{"@id":"https:\/\/explotumarca.com\/#organization"},"potentialAction":[{"@type":"SearchAction","target":{"@type":"EntryPoint","urlTemplate":"https:\/\/explotumarca.com\/?s={search_term_string}"},"query-input":{"@type":"PropertyValueSpecification","valueRequired":true,"valueName":"search_term_string"}}],"inLanguage":"es"},{"@type":"Organization","@id":"https:\/\/explotumarca.com\/#organization","name":"Explo","url":"https:\/\/explotumarca.com\/","logo":{"@type":"ImageObject","inLanguage":"es","@id":"https:\/\/explotumarca.com\/#\/schema\/logo\/image\/","url":"http:\/\/arsnovamx.com\/explotumarca.com\/wp-content\/uploads\/2020\/10\/Nuevo-Logo-Explo-2020.jpg","contentUrl":"http:\/\/arsnovamx.com\/explotumarca.com\/wp-content\/uploads\/2020\/10\/Nuevo-Logo-Explo-2020.jpg","width":800,"height":334,"caption":"Explo"},"image":{"@id":"https:\/\/explotumarca.com\/#\/schema\/logo\/image\/"},"sameAs":["https:\/\/www.facebook.com\/MexicoExplo\/"]}]}},"_links":{"self":[{"href":"https:\/\/explotumarca.com\/index.php?rest_route=\/wp\/v2\/product\/5942","targetHints":{"allow":["GET"]}}],"collection":[{"href":"https:\/\/explotumarca.com\/index.php?rest_route=\/wp\/v2\/product"}],"about":[{"href":"https:\/\/explotumarca.com\/index.php?rest_route=\/wp\/v2\/types\/product"}],"wp:featuredmedia":[{"embeddable":true,"href":"https:\/\/explotumarca.com\/index.php?rest_route=\/wp\/v2\/media\/5947"}],"wp:attachment":[{"href":"https:\/\/explotumarca.com\/index.php?rest_route=%2Fwp%2Fv2%2Fmedia&parent=5942"}],"wp:term":[{"taxonomy":"product_cat","embeddable":true,"href":"https:\/\/explotumarca.com\/index.php?rest_route=%2Fwp%2Fv2%2Fproduct_cat&post=5942"},{"taxonomy":"product_tag","embeddable":true,"href":"https:\/\/explotumarca.com\/index.php?rest_route=%2Fwp%2Fv2%2Fproduct_tag&post=5942"}],"curies":[{"name":"wp","href":"https:\/\/api.w.org\/{rel}","templated":true}]}}