{"id":5953,"date":"2022-04-01T16:42:05","date_gmt":"2022-04-01T22:42:05","guid":{"rendered":"https:\/\/explotumarca.com\/?post_type=product&#038;p=5953"},"modified":"2022-04-11T13:09:30","modified_gmt":"2022-04-11T18:09:30","slug":"cable-de-extension-de-15-metros-para-group","status":"publish","type":"product","link":"https:\/\/explotumarca.com\/?product=cable-de-extension-de-15-metros-para-group","title":{"rendered":"CABLE DE EXTENSI\u00d3N DE 15 METROS PARA GROUP"},"content":{"rendered":"<div class=\"product-title\">\n<h1 class=\"headline js-text-auto js-product-title pangea-inited\" data-max-lines=\"3\" data-title-size=\"lg\">CABLE DE EXTENSI\u00d3N DE 15 METROS PARA GROUP<\/h1>\n<\/div>\n<div class=\"product-description\">\n<div class=\"js-product-description\">Cable de 15 metros para videoconferencias en salas de gran tama\u00f1o<\/div>\n<\/div>\n<div><\/div>\n<div><\/div>\n<div>\n<h2 class=\"body-copy-title font-title-l font-brown-bold dc-black tc-black mc-black \">CABLE M\u00c1S LARGO PARA SALAS MUY GRANDES<\/h2>\n<p>Facilita el uso de salas de conferencias grandes con el cable de extensi\u00f3n de 15\u00a0m de Logitech GROUP. Comparado con el cable est\u00e1ndar incluido con GROUP, este cable triplica la distancia (hasta 15 metros) entre el hub y la c\u00e1mara o el altavoz. Dise\u00f1ado y creado por Logitech espec\u00edficamente para\u00a0<a href=\"https:\/\/www.logitech.com\/es-mx\/products\/video-conferencing\/conference-cameras\/group-conferencecam.html\" target=\"_self\" rel=\"noopener\">Logitech GROUP<\/a>, este cable con certificaci\u00f3n plenum se puede tender a lo largo de una canaleta, para mantener las instalaciones despejadas.<\/p>\n<\/div>\n<p>&nbsp;<\/p>\n<p>&nbsp;<\/p>\n<p>Ll\u00e1manos al (55) 3342 8218 o d\u00e9janos tus datos <a href=\"https:\/\/explotumarca.com\/?page_id=14\">aqu\u00ed<\/a><\/p>\n","protected":false},"excerpt":{"rendered":"<p>CABLE DE EXTENSI\u00d3N DE 15 METROS PARA GROUP Cable de 15 metros para videoconferencias en salas de gran tama\u00f1o CABLE M\u00c1S LARGO PARA SALAS MUY GRANDES Facilita el uso de salas de conferencias grandes con [&hellip;]<\/p>\n","protected":false},"featured_media":5957,"template":"","meta":{"content-type":""},"product_cat":[101],"product_tag":[],"class_list":{"0":"post-5953","1":"product","2":"type-product","3":"status-publish","4":"has-post-thumbnail","6":"product_cat-accesorios","8":"first","9":"instock","10":"taxable","11":"shipping-taxable","12":"product-type-simple"},"yoast_head":"<!-- This site is optimized with the Yoast SEO Premium plugin v18.8 (Yoast SEO v26.8) - https:\/\/yoast.com\/product\/yoast-seo-premium-wordpress\/ -->\n<title>Zoom videollamadas; venta de equipos especiales para zoom<\/title>\n<meta name=\"description\" content=\"Venta de equipos, salas, mantenimiento y capacitaci\u00f3n de zoom videollamadas para Empresas en M\u00e9xico. Cotiza los mejores equipos 2020.\" \/>\n<meta name=\"robots\" content=\"index, follow, max-snippet:-1, max-image-preview:large, max-video-preview:-1\" \/>\n<link rel=\"canonical\" href=\"https:\/\/explotumarca.com\/?product=cable-de-extension-de-15-metros-para-group\" \/>\n<meta property=\"og:locale\" content=\"es_MX\" \/>\n<meta property=\"og:type\" content=\"article\" \/>\n<meta property=\"og:title\" content=\"CABLE DE EXTENSI\u00d3N DE 15 METROS PARA GROUP\" \/>\n<meta property=\"og:description\" content=\"CABLE DE EXTENSI\u00d3N DE 15 METROS PARA GROUP Cable de 15 metros para videoconferencias en salas de gran tama\u00f1o CABLE M\u00c1S LARGO PARA SALAS MUY GRANDES\" \/>\n<meta property=\"og:url\" content=\"https:\/\/explotumarca.com\/?product=cable-de-extension-de-15-metros-para-group\" \/>\n<meta property=\"og:site_name\" content=\"Explo\" \/>\n<meta property=\"article:publisher\" content=\"https:\/\/www.facebook.com\/MexicoExplo\/\" \/>\n<meta property=\"article:modified_time\" content=\"2022-04-11T18:09:30+00:00\" \/>\n<meta property=\"og:image\" content=\"https:\/\/explotumarca.com\/wp-content\/uploads\/2022\/04\/CABLE-DE-EXTENSION-DE-15-METROS-PARA-GROUP-SISTEMA-DE-VIDEOCONFERENCIA-EXPLO-EXPLOTUMARCA.jpg\" \/>\n\t<meta property=\"og:image:width\" content=\"450\" \/>\n\t<meta property=\"og:image:height\" content=\"450\" \/>\n\t<meta property=\"og:image:type\" content=\"image\/jpeg\" \/>\n<meta name=\"twitter:card\" content=\"summary_large_image\" \/>\n<meta name=\"twitter:label1\" content=\"Tiempo de lectura\" \/>\n\t<meta name=\"twitter:data1\" content=\"1 minuto\" \/>\n<script type=\"application\/ld+json\" class=\"yoast-schema-graph\">{\"@context\":\"https:\/\/schema.org\",\"@graph\":[{\"@type\":\"WebPage\",\"@id\":\"https:\/\/explotumarca.com\/?product=cable-de-extension-de-15-metros-para-group\",\"url\":\"https:\/\/explotumarca.com\/?product=cable-de-extension-de-15-metros-para-group\",\"name\":\"Zoom videollamadas; venta de equipos especiales para zoom\",\"isPartOf\":{\"@id\":\"https:\/\/explotumarca.com\/#website\"},\"primaryImageOfPage\":{\"@id\":\"https:\/\/explotumarca.com\/?product=cable-de-extension-de-15-metros-para-group#primaryimage\"},\"image\":{\"@id\":\"https:\/\/explotumarca.com\/?product=cable-de-extension-de-15-metros-para-group#primaryimage\"},\"thumbnailUrl\":\"https:\/\/explotumarca.com\/wp-content\/uploads\/2022\/04\/CABLE-DE-EXTENSION-DE-15-METROS-PARA-GROUP-SISTEMA-DE-VIDEOCONFERENCIA-EXPLO-EXPLOTUMARCA.jpg\",\"datePublished\":\"2022-04-01T22:42:05+00:00\",\"dateModified\":\"2022-04-11T18:09:30+00:00\",\"description\":\"Venta de equipos, salas, mantenimiento y capacitaci\u00f3n de zoom videollamadas para Empresas en M\u00e9xico. Cotiza los mejores equipos 2020.\",\"breadcrumb\":{\"@id\":\"https:\/\/explotumarca.com\/?product=cable-de-extension-de-15-metros-para-group#breadcrumb\"},\"inLanguage\":\"es\",\"potentialAction\":[{\"@type\":\"ReadAction\",\"target\":[\"https:\/\/explotumarca.com\/?product=cable-de-extension-de-15-metros-para-group\"]}]},{\"@type\":\"ImageObject\",\"inLanguage\":\"es\",\"@id\":\"https:\/\/explotumarca.com\/?product=cable-de-extension-de-15-metros-para-group#primaryimage\",\"url\":\"https:\/\/explotumarca.com\/wp-content\/uploads\/2022\/04\/CABLE-DE-EXTENSION-DE-15-METROS-PARA-GROUP-SISTEMA-DE-VIDEOCONFERENCIA-EXPLO-EXPLOTUMARCA.jpg\",\"contentUrl\":\"https:\/\/explotumarca.com\/wp-content\/uploads\/2022\/04\/CABLE-DE-EXTENSION-DE-15-METROS-PARA-GROUP-SISTEMA-DE-VIDEOCONFERENCIA-EXPLO-EXPLOTUMARCA.jpg\",\"width\":450,\"height\":450,\"caption\":\"CABLE DE EXTENSI\u00d3N DE 15 METROS PARA GROUP SISTEMA DE VIDEOCONFERENCIA EXPLO EXPLOTUMARCA\"},{\"@type\":\"BreadcrumbList\",\"@id\":\"https:\/\/explotumarca.com\/?product=cable-de-extension-de-15-metros-para-group#breadcrumb\",\"itemListElement\":[{\"@type\":\"ListItem\",\"position\":1,\"name\":\"Inicio\",\"item\":\"https:\/\/explotumarca.com\/\"},{\"@type\":\"ListItem\",\"position\":2,\"name\":\"Productos\",\"item\":\"https:\/\/explotumarca.com\/?post_type=product\"},{\"@type\":\"ListItem\",\"position\":3,\"name\":\"CABLE DE EXTENSI\u00d3N DE 15 METROS PARA GROUP\"}]},{\"@type\":\"WebSite\",\"@id\":\"https:\/\/explotumarca.com\/#website\",\"url\":\"https:\/\/explotumarca.com\/\",\"name\":\"Explo\",\"description\":\"Productos y servicios corporativos\",\"publisher\":{\"@id\":\"https:\/\/explotumarca.com\/#organization\"},\"potentialAction\":[{\"@type\":\"SearchAction\",\"target\":{\"@type\":\"EntryPoint\",\"urlTemplate\":\"https:\/\/explotumarca.com\/?s={search_term_string}\"},\"query-input\":{\"@type\":\"PropertyValueSpecification\",\"valueRequired\":true,\"valueName\":\"search_term_string\"}}],\"inLanguage\":\"es\"},{\"@type\":\"Organization\",\"@id\":\"https:\/\/explotumarca.com\/#organization\",\"name\":\"Explo\",\"url\":\"https:\/\/explotumarca.com\/\",\"logo\":{\"@type\":\"ImageObject\",\"inLanguage\":\"es\",\"@id\":\"https:\/\/explotumarca.com\/#\/schema\/logo\/image\/\",\"url\":\"http:\/\/arsnovamx.com\/explotumarca.com\/wp-content\/uploads\/2020\/10\/Nuevo-Logo-Explo-2020.jpg\",\"contentUrl\":\"http:\/\/arsnovamx.com\/explotumarca.com\/wp-content\/uploads\/2020\/10\/Nuevo-Logo-Explo-2020.jpg\",\"width\":800,\"height\":334,\"caption\":\"Explo\"},\"image\":{\"@id\":\"https:\/\/explotumarca.com\/#\/schema\/logo\/image\/\"},\"sameAs\":[\"https:\/\/www.facebook.com\/MexicoExplo\/\"]}]}<\/script>\n<!-- \/ Yoast SEO Premium plugin. -->","yoast_head_json":{"title":"Zoom videollamadas; venta de equipos especiales para zoom","description":"Venta de equipos, salas, mantenimiento y capacitaci\u00f3n de zoom videollamadas para Empresas en M\u00e9xico. Cotiza los mejores equipos 2020.","robots":{"index":"index","follow":"follow","max-snippet":"max-snippet:-1","max-image-preview":"max-image-preview:large","max-video-preview":"max-video-preview:-1"},"canonical":"https:\/\/explotumarca.com\/?product=cable-de-extension-de-15-metros-para-group","og_locale":"es_MX","og_type":"article","og_title":"CABLE DE EXTENSI\u00d3N DE 15 METROS PARA GROUP","og_description":"CABLE DE EXTENSI\u00d3N DE 15 METROS PARA GROUP Cable de 15 metros para videoconferencias en salas de gran tama\u00f1o CABLE M\u00c1S LARGO PARA SALAS MUY GRANDES","og_url":"https:\/\/explotumarca.com\/?product=cable-de-extension-de-15-metros-para-group","og_site_name":"Explo","article_publisher":"https:\/\/www.facebook.com\/MexicoExplo\/","article_modified_time":"2022-04-11T18:09:30+00:00","og_image":[{"width":450,"height":450,"url":"https:\/\/explotumarca.com\/wp-content\/uploads\/2022\/04\/CABLE-DE-EXTENSION-DE-15-METROS-PARA-GROUP-SISTEMA-DE-VIDEOCONFERENCIA-EXPLO-EXPLOTUMARCA.jpg","type":"image\/jpeg"}],"twitter_card":"summary_large_image","twitter_misc":{"Tiempo de lectura":"1 minuto"},"schema":{"@context":"https:\/\/schema.org","@graph":[{"@type":"WebPage","@id":"https:\/\/explotumarca.com\/?product=cable-de-extension-de-15-metros-para-group","url":"https:\/\/explotumarca.com\/?product=cable-de-extension-de-15-metros-para-group","name":"Zoom videollamadas; venta de equipos especiales para zoom","isPartOf":{"@id":"https:\/\/explotumarca.com\/#website"},"primaryImageOfPage":{"@id":"https:\/\/explotumarca.com\/?product=cable-de-extension-de-15-metros-para-group#primaryimage"},"image":{"@id":"https:\/\/explotumarca.com\/?product=cable-de-extension-de-15-metros-para-group#primaryimage"},"thumbnailUrl":"https:\/\/explotumarca.com\/wp-content\/uploads\/2022\/04\/CABLE-DE-EXTENSION-DE-15-METROS-PARA-GROUP-SISTEMA-DE-VIDEOCONFERENCIA-EXPLO-EXPLOTUMARCA.jpg","datePublished":"2022-04-01T22:42:05+00:00","dateModified":"2022-04-11T18:09:30+00:00","description":"Venta de equipos, salas, mantenimiento y capacitaci\u00f3n de zoom videollamadas para Empresas en M\u00e9xico. Cotiza los mejores equipos 2020.","breadcrumb":{"@id":"https:\/\/explotumarca.com\/?product=cable-de-extension-de-15-metros-para-group#breadcrumb"},"inLanguage":"es","potentialAction":[{"@type":"ReadAction","target":["https:\/\/explotumarca.com\/?product=cable-de-extension-de-15-metros-para-group"]}]},{"@type":"ImageObject","inLanguage":"es","@id":"https:\/\/explotumarca.com\/?product=cable-de-extension-de-15-metros-para-group#primaryimage","url":"https:\/\/explotumarca.com\/wp-content\/uploads\/2022\/04\/CABLE-DE-EXTENSION-DE-15-METROS-PARA-GROUP-SISTEMA-DE-VIDEOCONFERENCIA-EXPLO-EXPLOTUMARCA.jpg","contentUrl":"https:\/\/explotumarca.com\/wp-content\/uploads\/2022\/04\/CABLE-DE-EXTENSION-DE-15-METROS-PARA-GROUP-SISTEMA-DE-VIDEOCONFERENCIA-EXPLO-EXPLOTUMARCA.jpg","width":450,"height":450,"caption":"CABLE DE EXTENSI\u00d3N DE 15 METROS PARA GROUP SISTEMA DE VIDEOCONFERENCIA EXPLO EXPLOTUMARCA"},{"@type":"BreadcrumbList","@id":"https:\/\/explotumarca.com\/?product=cable-de-extension-de-15-metros-para-group#breadcrumb","itemListElement":[{"@type":"ListItem","position":1,"name":"Inicio","item":"https:\/\/explotumarca.com\/"},{"@type":"ListItem","position":2,"name":"Productos","item":"https:\/\/explotumarca.com\/?post_type=product"},{"@type":"ListItem","position":3,"name":"CABLE DE EXTENSI\u00d3N DE 15 METROS PARA GROUP"}]},{"@type":"WebSite","@id":"https:\/\/explotumarca.com\/#website","url":"https:\/\/explotumarca.com\/","name":"Explo","description":"Productos y servicios corporativos","publisher":{"@id":"https:\/\/explotumarca.com\/#organization"},"potentialAction":[{"@type":"SearchAction","target":{"@type":"EntryPoint","urlTemplate":"https:\/\/explotumarca.com\/?s={search_term_string}"},"query-input":{"@type":"PropertyValueSpecification","valueRequired":true,"valueName":"search_term_string"}}],"inLanguage":"es"},{"@type":"Organization","@id":"https:\/\/explotumarca.com\/#organization","name":"Explo","url":"https:\/\/explotumarca.com\/","logo":{"@type":"ImageObject","inLanguage":"es","@id":"https:\/\/explotumarca.com\/#\/schema\/logo\/image\/","url":"http:\/\/arsnovamx.com\/explotumarca.com\/wp-content\/uploads\/2020\/10\/Nuevo-Logo-Explo-2020.jpg","contentUrl":"http:\/\/arsnovamx.com\/explotumarca.com\/wp-content\/uploads\/2020\/10\/Nuevo-Logo-Explo-2020.jpg","width":800,"height":334,"caption":"Explo"},"image":{"@id":"https:\/\/explotumarca.com\/#\/schema\/logo\/image\/"},"sameAs":["https:\/\/www.facebook.com\/MexicoExplo\/"]}]}},"_links":{"self":[{"href":"https:\/\/explotumarca.com\/index.php?rest_route=\/wp\/v2\/product\/5953","targetHints":{"allow":["GET"]}}],"collection":[{"href":"https:\/\/explotumarca.com\/index.php?rest_route=\/wp\/v2\/product"}],"about":[{"href":"https:\/\/explotumarca.com\/index.php?rest_route=\/wp\/v2\/types\/product"}],"wp:featuredmedia":[{"embeddable":true,"href":"https:\/\/explotumarca.com\/index.php?rest_route=\/wp\/v2\/media\/5957"}],"wp:attachment":[{"href":"https:\/\/explotumarca.com\/index.php?rest_route=%2Fwp%2Fv2%2Fmedia&parent=5953"}],"wp:term":[{"taxonomy":"product_cat","embeddable":true,"href":"https:\/\/explotumarca.com\/index.php?rest_route=%2Fwp%2Fv2%2Fproduct_cat&post=5953"},{"taxonomy":"product_tag","embeddable":true,"href":"https:\/\/explotumarca.com\/index.php?rest_route=%2Fwp%2Fv2%2Fproduct_tag&post=5953"}],"curies":[{"name":"wp","href":"https:\/\/api.w.org\/{rel}","templated":true}]}}