{"id":5959,"date":"2022-04-01T16:51:34","date_gmt":"2022-04-01T22:51:34","guid":{"rendered":"https:\/\/explotumarca.com\/?post_type=product&#038;p=5959"},"modified":"2022-04-01T17:08:54","modified_gmt":"2022-04-01T23:08:54","slug":"pieza-de-montaje-en-tv-para-meetup","status":"publish","type":"product","link":"https:\/\/explotumarca.com\/?product=pieza-de-montaje-en-tv-para-meetup","title":{"rendered":"PIEZA DE MONTAJE EN TV PARA MEETUP"},"content":{"rendered":"<div class=\"product-title\">\n<h1 class=\"title js-title\">PIEZA DE MONTAJE EN TV PARA MEETUP<\/h1>\n<div class=\"large body js-subtitle\">Opci\u00f3n de montaje para c\u00e1mara de conferencias MeetUp<\/div>\n<\/div>\n<div><\/div>\n<div><\/div>\n<div>\n<h2 class=\"body-copy-title font-title-l font-brown-bold dc-black tc-black mc-black \">MONTAJE SEGURO DE LOGITECH MEETUP EN UN TELEVISOR O MONITOR<\/h2>\n<p>La pieza de montaje en TV Logitech para MeetUp mantiene segura la c\u00e1mara\u00a0<a href=\"https:\/\/www.logitech.com\/es-mx\/products\/video-conferencing\/conference-cameras\/meetup-conferencecam.html\">de conferencias MeetUp<\/a>\u00a0colocada en la parte superior o inferior de un monitor plano, y es acoplable a los puntos de montaje VESA est\u00e1ndar, disponibles en la mayor\u00eda de televisores y monitores.<\/p>\n<\/div>\n<p>&nbsp;<\/p>\n<h2 class=\"body-copy-title font-title-s font-brown-bold  \">ACOPLAMIENTO ENCIMA O DEBAJO DE UN MONITOR<\/h2>\n<p>El dise\u00f1o exclusivo de la pieza de montaje en TV permite acoplar MeetUp a la parte superior o inferior de un monitor. Con el acoplamiento de MeetUp debajo del televisor se suele obtener la experiencia de video m\u00e1s natural, pero esta pieza de montaje ofrece ambas opciones.<\/p>\n<p>&nbsp;<\/p>\n<h2 class=\"body-copy-title font-title-s font-brown-bold  \">FUNCIONA CON LA MAYOR\u00cdA DE TELEVISORES DE PANTALLA PLANA<\/h2>\n<p>La mayor\u00eda de televisores siguen el est\u00e1ndar VESA de localizaci\u00f3n de puntos de montaje en la parte posterior. La pieza de montaje en TV para MeetUp tiene un brazo oscilante y varios orificios para el acoplamiento en casi todos los monitores planos.<\/p>\n<p>&nbsp;<\/p>\n<h2 class=\"body-copy-title font-title-s font-brown-bold  \">UN TAMA\u00d1O PARA CADA PANTALLA<\/h2>\n<p>Consigue el ajuste perfecto para pantallas grandes y peque\u00f1as. Elige la pieza de montaje en TV para pantallas de hasta 1397 mm (medidas en diagonal), o la pieza de montaje en TV XL para pantallas de hasta 2286 mm de tama\u00f1o.<\/p>\n","protected":false},"excerpt":{"rendered":"<p>PIEZA DE MONTAJE EN TV PARA MEETUP Opci\u00f3n de montaje para c\u00e1mara de conferencias MeetUp MONTAJE SEGURO DE LOGITECH MEETUP EN UN TELEVISOR O MONITOR La pieza de montaje en TV Logitech para MeetUp mantiene [&hellip;]<\/p>\n","protected":false},"featured_media":5966,"template":"","meta":{"content-type":""},"product_cat":[101],"product_tag":[],"class_list":{"0":"post-5959","1":"product","2":"type-product","3":"status-publish","4":"has-post-thumbnail","6":"product_cat-accesorios","8":"first","9":"instock","10":"taxable","11":"shipping-taxable","12":"product-type-simple"},"yoast_head":"<!-- This site is optimized with the Yoast SEO Premium plugin v18.8 (Yoast SEO v26.8) - https:\/\/yoast.com\/product\/yoast-seo-premium-wordpress\/ -->\n<title>Zoom videollamadas; venta de equipos especiales para zoom<\/title>\n<meta name=\"description\" content=\"Venta de equipos, salas, mantenimiento y capacitaci\u00f3n de zoom videollamadas para Empresas en M\u00e9xico. Cotiza los mejores equipos 2020.\" \/>\n<meta name=\"robots\" content=\"index, follow, max-snippet:-1, max-image-preview:large, max-video-preview:-1\" \/>\n<link rel=\"canonical\" href=\"https:\/\/explotumarca.com\/?product=pieza-de-montaje-en-tv-para-meetup\" \/>\n<meta property=\"og:locale\" content=\"es_MX\" \/>\n<meta property=\"og:type\" content=\"article\" \/>\n<meta property=\"og:title\" content=\"PIEZA DE MONTAJE EN TV PARA MEETUP\" \/>\n<meta property=\"og:description\" content=\"PIEZA DE MONTAJE EN TV PARA MEETUP Opci\u00f3n de montaje para c\u00e1mara de conferencias MeetUp MONTAJE SEGURO DE LOGITECH MEETUP EN UN TELEVISOR O MONITOR La\" \/>\n<meta property=\"og:url\" content=\"https:\/\/explotumarca.com\/?product=pieza-de-montaje-en-tv-para-meetup\" \/>\n<meta property=\"og:site_name\" content=\"Explo\" \/>\n<meta property=\"article:publisher\" content=\"https:\/\/www.facebook.com\/MexicoExplo\/\" \/>\n<meta property=\"article:modified_time\" content=\"2022-04-01T23:08:54+00:00\" \/>\n<meta property=\"og:image\" content=\"https:\/\/explotumarca.com\/wp-content\/uploads\/2022\/04\/PIEZA-DE-MONTAJE-EN-TV-PARA-MEETUP-SISTEMA-DE-VIDEOCONFERENCIA-EXPLO-EXPLOTUMARCA.jpg\" \/>\n\t<meta property=\"og:image:width\" content=\"450\" \/>\n\t<meta property=\"og:image:height\" content=\"450\" \/>\n\t<meta property=\"og:image:type\" content=\"image\/jpeg\" \/>\n<meta name=\"twitter:card\" content=\"summary_large_image\" \/>\n<meta name=\"twitter:label1\" content=\"Tiempo de lectura\" \/>\n\t<meta name=\"twitter:data1\" content=\"2 minutos\" \/>\n<script type=\"application\/ld+json\" class=\"yoast-schema-graph\">{\"@context\":\"https:\/\/schema.org\",\"@graph\":[{\"@type\":\"WebPage\",\"@id\":\"https:\/\/explotumarca.com\/?product=pieza-de-montaje-en-tv-para-meetup\",\"url\":\"https:\/\/explotumarca.com\/?product=pieza-de-montaje-en-tv-para-meetup\",\"name\":\"Zoom videollamadas; venta de equipos especiales para zoom\",\"isPartOf\":{\"@id\":\"https:\/\/explotumarca.com\/#website\"},\"primaryImageOfPage\":{\"@id\":\"https:\/\/explotumarca.com\/?product=pieza-de-montaje-en-tv-para-meetup#primaryimage\"},\"image\":{\"@id\":\"https:\/\/explotumarca.com\/?product=pieza-de-montaje-en-tv-para-meetup#primaryimage\"},\"thumbnailUrl\":\"https:\/\/explotumarca.com\/wp-content\/uploads\/2022\/04\/PIEZA-DE-MONTAJE-EN-TV-PARA-MEETUP-SISTEMA-DE-VIDEOCONFERENCIA-EXPLO-EXPLOTUMARCA.jpg\",\"datePublished\":\"2022-04-01T22:51:34+00:00\",\"dateModified\":\"2022-04-01T23:08:54+00:00\",\"description\":\"Venta de equipos, salas, mantenimiento y capacitaci\u00f3n de zoom videollamadas para Empresas en M\u00e9xico. Cotiza los mejores equipos 2020.\",\"breadcrumb\":{\"@id\":\"https:\/\/explotumarca.com\/?product=pieza-de-montaje-en-tv-para-meetup#breadcrumb\"},\"inLanguage\":\"es\",\"potentialAction\":[{\"@type\":\"ReadAction\",\"target\":[\"https:\/\/explotumarca.com\/?product=pieza-de-montaje-en-tv-para-meetup\"]}]},{\"@type\":\"ImageObject\",\"inLanguage\":\"es\",\"@id\":\"https:\/\/explotumarca.com\/?product=pieza-de-montaje-en-tv-para-meetup#primaryimage\",\"url\":\"https:\/\/explotumarca.com\/wp-content\/uploads\/2022\/04\/PIEZA-DE-MONTAJE-EN-TV-PARA-MEETUP-SISTEMA-DE-VIDEOCONFERENCIA-EXPLO-EXPLOTUMARCA.jpg\",\"contentUrl\":\"https:\/\/explotumarca.com\/wp-content\/uploads\/2022\/04\/PIEZA-DE-MONTAJE-EN-TV-PARA-MEETUP-SISTEMA-DE-VIDEOCONFERENCIA-EXPLO-EXPLOTUMARCA.jpg\",\"width\":450,\"height\":450,\"caption\":\"PIEZA DE MONTAJE EN TV PARA MEETUP SISTEMA DE VIDEOCONFERENCIA EXPLO EXPLOTUMARCA\"},{\"@type\":\"BreadcrumbList\",\"@id\":\"https:\/\/explotumarca.com\/?product=pieza-de-montaje-en-tv-para-meetup#breadcrumb\",\"itemListElement\":[{\"@type\":\"ListItem\",\"position\":1,\"name\":\"Inicio\",\"item\":\"https:\/\/explotumarca.com\/\"},{\"@type\":\"ListItem\",\"position\":2,\"name\":\"Productos\",\"item\":\"https:\/\/explotumarca.com\/?post_type=product\"},{\"@type\":\"ListItem\",\"position\":3,\"name\":\"PIEZA DE MONTAJE EN TV PARA MEETUP\"}]},{\"@type\":\"WebSite\",\"@id\":\"https:\/\/explotumarca.com\/#website\",\"url\":\"https:\/\/explotumarca.com\/\",\"name\":\"Explo\",\"description\":\"Productos y servicios corporativos\",\"publisher\":{\"@id\":\"https:\/\/explotumarca.com\/#organization\"},\"potentialAction\":[{\"@type\":\"SearchAction\",\"target\":{\"@type\":\"EntryPoint\",\"urlTemplate\":\"https:\/\/explotumarca.com\/?s={search_term_string}\"},\"query-input\":{\"@type\":\"PropertyValueSpecification\",\"valueRequired\":true,\"valueName\":\"search_term_string\"}}],\"inLanguage\":\"es\"},{\"@type\":\"Organization\",\"@id\":\"https:\/\/explotumarca.com\/#organization\",\"name\":\"Explo\",\"url\":\"https:\/\/explotumarca.com\/\",\"logo\":{\"@type\":\"ImageObject\",\"inLanguage\":\"es\",\"@id\":\"https:\/\/explotumarca.com\/#\/schema\/logo\/image\/\",\"url\":\"http:\/\/arsnovamx.com\/explotumarca.com\/wp-content\/uploads\/2020\/10\/Nuevo-Logo-Explo-2020.jpg\",\"contentUrl\":\"http:\/\/arsnovamx.com\/explotumarca.com\/wp-content\/uploads\/2020\/10\/Nuevo-Logo-Explo-2020.jpg\",\"width\":800,\"height\":334,\"caption\":\"Explo\"},\"image\":{\"@id\":\"https:\/\/explotumarca.com\/#\/schema\/logo\/image\/\"},\"sameAs\":[\"https:\/\/www.facebook.com\/MexicoExplo\/\"]}]}<\/script>\n<!-- \/ Yoast SEO Premium plugin. -->","yoast_head_json":{"title":"Zoom videollamadas; venta de equipos especiales para zoom","description":"Venta de equipos, salas, mantenimiento y capacitaci\u00f3n de zoom videollamadas para Empresas en M\u00e9xico. Cotiza los mejores equipos 2020.","robots":{"index":"index","follow":"follow","max-snippet":"max-snippet:-1","max-image-preview":"max-image-preview:large","max-video-preview":"max-video-preview:-1"},"canonical":"https:\/\/explotumarca.com\/?product=pieza-de-montaje-en-tv-para-meetup","og_locale":"es_MX","og_type":"article","og_title":"PIEZA DE MONTAJE EN TV PARA MEETUP","og_description":"PIEZA DE MONTAJE EN TV PARA MEETUP Opci\u00f3n de montaje para c\u00e1mara de conferencias MeetUp MONTAJE SEGURO DE LOGITECH MEETUP EN UN TELEVISOR O MONITOR La","og_url":"https:\/\/explotumarca.com\/?product=pieza-de-montaje-en-tv-para-meetup","og_site_name":"Explo","article_publisher":"https:\/\/www.facebook.com\/MexicoExplo\/","article_modified_time":"2022-04-01T23:08:54+00:00","og_image":[{"width":450,"height":450,"url":"https:\/\/explotumarca.com\/wp-content\/uploads\/2022\/04\/PIEZA-DE-MONTAJE-EN-TV-PARA-MEETUP-SISTEMA-DE-VIDEOCONFERENCIA-EXPLO-EXPLOTUMARCA.jpg","type":"image\/jpeg"}],"twitter_card":"summary_large_image","twitter_misc":{"Tiempo de lectura":"2 minutos"},"schema":{"@context":"https:\/\/schema.org","@graph":[{"@type":"WebPage","@id":"https:\/\/explotumarca.com\/?product=pieza-de-montaje-en-tv-para-meetup","url":"https:\/\/explotumarca.com\/?product=pieza-de-montaje-en-tv-para-meetup","name":"Zoom videollamadas; venta de equipos especiales para zoom","isPartOf":{"@id":"https:\/\/explotumarca.com\/#website"},"primaryImageOfPage":{"@id":"https:\/\/explotumarca.com\/?product=pieza-de-montaje-en-tv-para-meetup#primaryimage"},"image":{"@id":"https:\/\/explotumarca.com\/?product=pieza-de-montaje-en-tv-para-meetup#primaryimage"},"thumbnailUrl":"https:\/\/explotumarca.com\/wp-content\/uploads\/2022\/04\/PIEZA-DE-MONTAJE-EN-TV-PARA-MEETUP-SISTEMA-DE-VIDEOCONFERENCIA-EXPLO-EXPLOTUMARCA.jpg","datePublished":"2022-04-01T22:51:34+00:00","dateModified":"2022-04-01T23:08:54+00:00","description":"Venta de equipos, salas, mantenimiento y capacitaci\u00f3n de zoom videollamadas para Empresas en M\u00e9xico. Cotiza los mejores equipos 2020.","breadcrumb":{"@id":"https:\/\/explotumarca.com\/?product=pieza-de-montaje-en-tv-para-meetup#breadcrumb"},"inLanguage":"es","potentialAction":[{"@type":"ReadAction","target":["https:\/\/explotumarca.com\/?product=pieza-de-montaje-en-tv-para-meetup"]}]},{"@type":"ImageObject","inLanguage":"es","@id":"https:\/\/explotumarca.com\/?product=pieza-de-montaje-en-tv-para-meetup#primaryimage","url":"https:\/\/explotumarca.com\/wp-content\/uploads\/2022\/04\/PIEZA-DE-MONTAJE-EN-TV-PARA-MEETUP-SISTEMA-DE-VIDEOCONFERENCIA-EXPLO-EXPLOTUMARCA.jpg","contentUrl":"https:\/\/explotumarca.com\/wp-content\/uploads\/2022\/04\/PIEZA-DE-MONTAJE-EN-TV-PARA-MEETUP-SISTEMA-DE-VIDEOCONFERENCIA-EXPLO-EXPLOTUMARCA.jpg","width":450,"height":450,"caption":"PIEZA DE MONTAJE EN TV PARA MEETUP SISTEMA DE VIDEOCONFERENCIA EXPLO EXPLOTUMARCA"},{"@type":"BreadcrumbList","@id":"https:\/\/explotumarca.com\/?product=pieza-de-montaje-en-tv-para-meetup#breadcrumb","itemListElement":[{"@type":"ListItem","position":1,"name":"Inicio","item":"https:\/\/explotumarca.com\/"},{"@type":"ListItem","position":2,"name":"Productos","item":"https:\/\/explotumarca.com\/?post_type=product"},{"@type":"ListItem","position":3,"name":"PIEZA DE MONTAJE EN TV PARA MEETUP"}]},{"@type":"WebSite","@id":"https:\/\/explotumarca.com\/#website","url":"https:\/\/explotumarca.com\/","name":"Explo","description":"Productos y servicios corporativos","publisher":{"@id":"https:\/\/explotumarca.com\/#organization"},"potentialAction":[{"@type":"SearchAction","target":{"@type":"EntryPoint","urlTemplate":"https:\/\/explotumarca.com\/?s={search_term_string}"},"query-input":{"@type":"PropertyValueSpecification","valueRequired":true,"valueName":"search_term_string"}}],"inLanguage":"es"},{"@type":"Organization","@id":"https:\/\/explotumarca.com\/#organization","name":"Explo","url":"https:\/\/explotumarca.com\/","logo":{"@type":"ImageObject","inLanguage":"es","@id":"https:\/\/explotumarca.com\/#\/schema\/logo\/image\/","url":"http:\/\/arsnovamx.com\/explotumarca.com\/wp-content\/uploads\/2020\/10\/Nuevo-Logo-Explo-2020.jpg","contentUrl":"http:\/\/arsnovamx.com\/explotumarca.com\/wp-content\/uploads\/2020\/10\/Nuevo-Logo-Explo-2020.jpg","width":800,"height":334,"caption":"Explo"},"image":{"@id":"https:\/\/explotumarca.com\/#\/schema\/logo\/image\/"},"sameAs":["https:\/\/www.facebook.com\/MexicoExplo\/"]}]}},"_links":{"self":[{"href":"https:\/\/explotumarca.com\/index.php?rest_route=\/wp\/v2\/product\/5959","targetHints":{"allow":["GET"]}}],"collection":[{"href":"https:\/\/explotumarca.com\/index.php?rest_route=\/wp\/v2\/product"}],"about":[{"href":"https:\/\/explotumarca.com\/index.php?rest_route=\/wp\/v2\/types\/product"}],"wp:featuredmedia":[{"embeddable":true,"href":"https:\/\/explotumarca.com\/index.php?rest_route=\/wp\/v2\/media\/5966"}],"wp:attachment":[{"href":"https:\/\/explotumarca.com\/index.php?rest_route=%2Fwp%2Fv2%2Fmedia&parent=5959"}],"wp:term":[{"taxonomy":"product_cat","embeddable":true,"href":"https:\/\/explotumarca.com\/index.php?rest_route=%2Fwp%2Fv2%2Fproduct_cat&post=5959"},{"taxonomy":"product_tag","embeddable":true,"href":"https:\/\/explotumarca.com\/index.php?rest_route=%2Fwp%2Fv2%2Fproduct_tag&post=5959"}],"curies":[{"name":"wp","href":"https:\/\/api.w.org\/{rel}","templated":true}]}}